{"id":38686,"date":"2021-02-18T16:06:43","date_gmt":"2021-02-18T15:06:43","guid":{"rendered":"https:\/\/www.champmarket.com\/champagne\/laurent-perrier-la-cuvee-set-in-scatola-1-bottiglia-e-2-bicchieri\/"},"modified":"2023-04-04T17:33:33","modified_gmt":"2023-04-04T15:33:33","slug":"laurent-perrier-la-cuvee-box-1-bottiglia-e-2-bicchieri","status":"publish","type":"product","link":"https:\/\/www.champmarket.com\/it\/champagne\/laurent-perrier-la-cuvee-box-1-bottiglia-e-2-bicchieri\/","title":{"rendered":"Laurent-Perrier La Cuv\u00e9e Set in scatola 1 bottiglia e 2 bicchieri"},"content":{"rendered":"<p>Questo vino \u00e8 ottenuto dal succo d&#8217;uva pi\u00f9 puro, che da solo permette a Laurent-Perrier di produrre &#8220;La Cuv\u00e9e&#8221;, uno champagne di grande finezza e freschezza ottenuto dopo un lungo invecchiamento nelle cantine della Maison Laurent-Perrier.<\/p>\n<p>Questa box contenente 1 bottiglia e due bicchieri da champagne \u00e8 ideale per tutte le occasioni di regalo. Un dono che invita alla complicit\u00e0 di un momento condiviso. Il box Laurent-Perrier La Cuv\u00e9e accompagner\u00e0 i momenti pi\u00f9 audaci ed eleganti con una degustazione raffinata.<\/p>\n","protected":false},"excerpt":{"rendered":"<p>Lo Champagne Laurent-Perrier La Cuv\u00e9e \u00e8 un vino di grande finezza e freschezza.<\/p>\n","protected":false},"featured_media":32185,"template":"","meta":{"_acf_changed":false},"product_brand":[],"product_cat":[2398,2238,2368,2775,2372,2223,2224],"product_tag":[2256,2228,2255,2229],"class_list":{"0":"post-38686","1":"product","2":"type-product","3":"status-publish","4":"has-post-thumbnail","6":"maisons-selection-champagne-laurent-perrier-it","7":"product_cat-categorie-laurent-perrier-it","8":"product_cat-bouteilles-it","9":"product_cat-regali-professionali-it","10":"product_cat-tutti-gli-champagne","11":"product_cat-champagne-brut-it","12":"product_cat-aperitif-it","13":"product_cat-repas-it","14":"product_tag-tete-a-tete-it","15":"product_tag-aperitif-it","16":"product_tag-pour-offrir-it","17":"product_tag-per-un-pasto-con-champagne","19":"first","20":"onbackorder","21":"taxable","22":"shipping-taxable","23":"purchasable","24":"product-type-simple"},"acf":[],"yoast_head":"<!-- This site is optimized with the Yoast SEO plugin v26.4 - https:\/\/yoast.com\/wordpress\/plugins\/seo\/ -->\n<title>Laurent-Perrier La Cuv\u00e9e Set in scatola 1 bottiglia e 2 bicchieri - Champmarket<\/title>\n<meta name=\"description\" content=\"La Cuv\u00e9e Laurent-Perrier \u00e8 un vino di Champagne di grande finezza e freschezza. Scopritelo con questa scatola ideale per le vostre occasioni di regalo.\" \/>\n<meta name=\"robots\" content=\"index, follow, max-snippet:-1, max-image-preview:large, max-video-preview:-1\" \/>\n<link rel=\"canonical\" href=\"https:\/\/www.champmarket.com\/it\/champagne\/laurent-perrier-la-cuvee-box-1-bottiglia-e-2-bicchieri\/\" \/>\n<meta property=\"og:locale\" content=\"it_IT\" \/>\n<meta property=\"og:type\" content=\"article\" \/>\n<meta property=\"og:title\" content=\"Laurent-Perrier La Cuv\u00e9e Set in scatola 1 bottiglia e 2 bicchieri - Champmarket\" \/>\n<meta property=\"og:description\" content=\"La Cuv\u00e9e Laurent-Perrier \u00e8 un vino di Champagne di grande finezza e freschezza. Scopritelo con questa scatola ideale per le vostre occasioni di regalo.\" \/>\n<meta property=\"og:url\" content=\"https:\/\/www.champmarket.com\/it\/champagne\/laurent-perrier-la-cuvee-box-1-bottiglia-e-2-bicchieri\/\" \/>\n<meta property=\"og:site_name\" content=\"Champmarket\" \/>\n<meta property=\"article:publisher\" content=\"https:\/\/www.facebook.com\/ChampMarket\/\" \/>\n<meta property=\"article:modified_time\" content=\"2023-04-04T15:33:33+00:00\" \/>\n<meta property=\"og:image\" content=\"https:\/\/www.champmarket.com\/wp-content\/uploads\/2021\/02\/laurent-perrier-la-cuvee-coffret-1-bouteille-2-verres.webp\" \/>\n\t<meta property=\"og:image:width\" content=\"2000\" \/>\n\t<meta property=\"og:image:height\" content=\"2000\" \/>\n\t<meta property=\"og:image:type\" content=\"image\/jpeg\" \/>\n<meta name=\"twitter:card\" content=\"summary_large_image\" \/>\n<meta name=\"twitter:site\" content=\"@champmarket\" \/>\n<script type=\"application\/ld+json\" class=\"yoast-schema-graph\">{\"@context\":\"https:\/\/schema.org\",\"@graph\":[{\"@type\":\"WebPage\",\"@id\":\"https:\/\/www.champmarket.com\/it\/champagne\/laurent-perrier-la-cuvee-box-1-bottiglia-e-2-bicchieri\/\",\"url\":\"https:\/\/www.champmarket.com\/it\/champagne\/laurent-perrier-la-cuvee-box-1-bottiglia-e-2-bicchieri\/\",\"name\":\"Laurent-Perrier La Cuv\u00e9e Set in scatola 1 bottiglia e 2 bicchieri - Champmarket\",\"isPartOf\":{\"@id\":\"https:\/\/www.champmarket.com\/#website\"},\"primaryImageOfPage\":{\"@id\":\"https:\/\/www.champmarket.com\/it\/champagne\/laurent-perrier-la-cuvee-box-1-bottiglia-e-2-bicchieri\/#primaryimage\"},\"image\":{\"@id\":\"https:\/\/www.champmarket.com\/it\/champagne\/laurent-perrier-la-cuvee-box-1-bottiglia-e-2-bicchieri\/#primaryimage\"},\"thumbnailUrl\":\"https:\/\/www.champmarket.com\/wp-content\/uploads\/2021\/02\/laurent-perrier-la-cuvee-coffret-1-bouteille-2-verres.webp\",\"datePublished\":\"2021-02-18T15:06:43+00:00\",\"dateModified\":\"2023-04-04T15:33:33+00:00\",\"description\":\"La Cuv\u00e9e Laurent-Perrier \u00e8 un vino di Champagne di grande finezza e freschezza. Scopritelo con questa scatola ideale per le vostre occasioni di regalo.\",\"breadcrumb\":{\"@id\":\"https:\/\/www.champmarket.com\/it\/champagne\/laurent-perrier-la-cuvee-box-1-bottiglia-e-2-bicchieri\/#breadcrumb\"},\"inLanguage\":\"it-IT\",\"potentialAction\":[{\"@type\":\"ReadAction\",\"target\":[\"https:\/\/www.champmarket.com\/it\/champagne\/laurent-perrier-la-cuvee-box-1-bottiglia-e-2-bicchieri\/\"]}]},{\"@type\":\"ImageObject\",\"inLanguage\":\"it-IT\",\"@id\":\"https:\/\/www.champmarket.com\/it\/champagne\/laurent-perrier-la-cuvee-box-1-bottiglia-e-2-bicchieri\/#primaryimage\",\"url\":\"https:\/\/www.champmarket.com\/wp-content\/uploads\/2021\/02\/laurent-perrier-la-cuvee-coffret-1-bouteille-2-verres.webp\",\"contentUrl\":\"https:\/\/www.champmarket.com\/wp-content\/uploads\/2021\/02\/laurent-perrier-la-cuvee-coffret-1-bouteille-2-verres.webp\",\"width\":2000,\"height\":2000,\"caption\":\"Champagne Laurent-Perrier La Cuv\u00e9e Box 1 bottiglia e 2 bicchieri - Champmarket\"},{\"@type\":\"BreadcrumbList\",\"@id\":\"https:\/\/www.champmarket.com\/it\/champagne\/laurent-perrier-la-cuvee-box-1-bottiglia-e-2-bicchieri\/#breadcrumb\",\"itemListElement\":[{\"@type\":\"ListItem\",\"position\":1,\"name\":\"Home\",\"item\":\"https:\/\/www.champmarket.com\/it\/acquista-champagne-online-champmarket\/\"},{\"@type\":\"ListItem\",\"position\":2,\"name\":\"Shop\",\"item\":\"https:\/\/www.champmarket.com\/it\/shop\/\"},{\"@type\":\"ListItem\",\"position\":3,\"name\":\"Laurent-Perrier\",\"item\":\"https:\/\/www.champmarket.com\/it\/maisons\/selection-champagne-laurent-perrier-it\/\"},{\"@type\":\"ListItem\",\"position\":4,\"name\":\"Laurent-Perrier La Cuv\u00e9e Set in scatola 1 bottiglia e 2 bicchieri\"}]},{\"@type\":\"WebSite\",\"@id\":\"https:\/\/www.champmarket.com\/#website\",\"url\":\"https:\/\/www.champmarket.com\/\",\"name\":\"Champmarket\",\"description\":\"Champmarket, Champagnes, Cadeaux et Art de Vivre\",\"publisher\":{\"@id\":\"https:\/\/www.champmarket.com\/#organization\"},\"potentialAction\":[{\"@type\":\"SearchAction\",\"target\":{\"@type\":\"EntryPoint\",\"urlTemplate\":\"https:\/\/www.champmarket.com\/?s={search_term_string}\"},\"query-input\":{\"@type\":\"PropertyValueSpecification\",\"valueRequired\":true,\"valueName\":\"search_term_string\"}}],\"inLanguage\":\"it-IT\"},{\"@type\":\"Organization\",\"@id\":\"https:\/\/www.champmarket.com\/#organization\",\"name\":\"Champmarket\",\"url\":\"https:\/\/www.champmarket.com\/\",\"logo\":{\"@type\":\"ImageObject\",\"inLanguage\":\"it-IT\",\"@id\":\"https:\/\/www.champmarket.com\/#\/schema\/logo\/image\/\",\"url\":\"https:\/\/www.champmarket.com\/wp-content\/uploads\/2024\/08\/logo2024-1.svg\",\"contentUrl\":\"https:\/\/www.champmarket.com\/wp-content\/uploads\/2024\/08\/logo2024-1.svg\",\"width\":579.8,\"height\":80,\"caption\":\"Champmarket\"},\"image\":{\"@id\":\"https:\/\/www.champmarket.com\/#\/schema\/logo\/image\/\"},\"sameAs\":[\"https:\/\/www.facebook.com\/ChampMarket\/\",\"https:\/\/x.com\/champmarket\",\"https:\/\/www.instagram.com\/champmarket.paris\/\",\"https:\/\/www.pinterest.fr\/champmarketparis\/\",\"https:\/\/www.linkedin.com\/company\/champmarket\/\"]}]}<\/script>\n<!-- \/ Yoast SEO plugin. -->","yoast_head_json":{"title":"Laurent-Perrier La Cuv\u00e9e Set in scatola 1 bottiglia e 2 bicchieri - Champmarket","description":"La Cuv\u00e9e Laurent-Perrier \u00e8 un vino di Champagne di grande finezza e freschezza. Scopritelo con questa scatola ideale per le vostre occasioni di regalo.","robots":{"index":"index","follow":"follow","max-snippet":"max-snippet:-1","max-image-preview":"max-image-preview:large","max-video-preview":"max-video-preview:-1"},"canonical":"https:\/\/www.champmarket.com\/it\/champagne\/laurent-perrier-la-cuvee-box-1-bottiglia-e-2-bicchieri\/","og_locale":"it_IT","og_type":"article","og_title":"Laurent-Perrier La Cuv\u00e9e Set in scatola 1 bottiglia e 2 bicchieri - Champmarket","og_description":"La Cuv\u00e9e Laurent-Perrier \u00e8 un vino di Champagne di grande finezza e freschezza. Scopritelo con questa scatola ideale per le vostre occasioni di regalo.","og_url":"https:\/\/www.champmarket.com\/it\/champagne\/laurent-perrier-la-cuvee-box-1-bottiglia-e-2-bicchieri\/","og_site_name":"Champmarket","article_publisher":"https:\/\/www.facebook.com\/ChampMarket\/","article_modified_time":"2023-04-04T15:33:33+00:00","og_image":[{"width":2000,"height":2000,"url":"https:\/\/www.champmarket.com\/wp-content\/uploads\/2021\/02\/laurent-perrier-la-cuvee-coffret-1-bouteille-2-verres.webp","type":"image\/jpeg"}],"twitter_card":"summary_large_image","twitter_site":"@champmarket","schema":{"@context":"https:\/\/schema.org","@graph":[{"@type":"WebPage","@id":"https:\/\/www.champmarket.com\/it\/champagne\/laurent-perrier-la-cuvee-box-1-bottiglia-e-2-bicchieri\/","url":"https:\/\/www.champmarket.com\/it\/champagne\/laurent-perrier-la-cuvee-box-1-bottiglia-e-2-bicchieri\/","name":"Laurent-Perrier La Cuv\u00e9e Set in scatola 1 bottiglia e 2 bicchieri - Champmarket","isPartOf":{"@id":"https:\/\/www.champmarket.com\/#website"},"primaryImageOfPage":{"@id":"https:\/\/www.champmarket.com\/it\/champagne\/laurent-perrier-la-cuvee-box-1-bottiglia-e-2-bicchieri\/#primaryimage"},"image":{"@id":"https:\/\/www.champmarket.com\/it\/champagne\/laurent-perrier-la-cuvee-box-1-bottiglia-e-2-bicchieri\/#primaryimage"},"thumbnailUrl":"https:\/\/www.champmarket.com\/wp-content\/uploads\/2021\/02\/laurent-perrier-la-cuvee-coffret-1-bouteille-2-verres.webp","datePublished":"2021-02-18T15:06:43+00:00","dateModified":"2023-04-04T15:33:33+00:00","description":"La Cuv\u00e9e Laurent-Perrier \u00e8 un vino di Champagne di grande finezza e freschezza. Scopritelo con questa scatola ideale per le vostre occasioni di regalo.","breadcrumb":{"@id":"https:\/\/www.champmarket.com\/it\/champagne\/laurent-perrier-la-cuvee-box-1-bottiglia-e-2-bicchieri\/#breadcrumb"},"inLanguage":"it-IT","potentialAction":[{"@type":"ReadAction","target":["https:\/\/www.champmarket.com\/it\/champagne\/laurent-perrier-la-cuvee-box-1-bottiglia-e-2-bicchieri\/"]}]},{"@type":"ImageObject","inLanguage":"it-IT","@id":"https:\/\/www.champmarket.com\/it\/champagne\/laurent-perrier-la-cuvee-box-1-bottiglia-e-2-bicchieri\/#primaryimage","url":"https:\/\/www.champmarket.com\/wp-content\/uploads\/2021\/02\/laurent-perrier-la-cuvee-coffret-1-bouteille-2-verres.webp","contentUrl":"https:\/\/www.champmarket.com\/wp-content\/uploads\/2021\/02\/laurent-perrier-la-cuvee-coffret-1-bouteille-2-verres.webp","width":2000,"height":2000,"caption":"Champagne Laurent-Perrier La Cuv\u00e9e Box 1 bottiglia e 2 bicchieri - Champmarket"},{"@type":"BreadcrumbList","@id":"https:\/\/www.champmarket.com\/it\/champagne\/laurent-perrier-la-cuvee-box-1-bottiglia-e-2-bicchieri\/#breadcrumb","itemListElement":[{"@type":"ListItem","position":1,"name":"Home","item":"https:\/\/www.champmarket.com\/it\/acquista-champagne-online-champmarket\/"},{"@type":"ListItem","position":2,"name":"Shop","item":"https:\/\/www.champmarket.com\/it\/shop\/"},{"@type":"ListItem","position":3,"name":"Laurent-Perrier","item":"https:\/\/www.champmarket.com\/it\/maisons\/selection-champagne-laurent-perrier-it\/"},{"@type":"ListItem","position":4,"name":"Laurent-Perrier La Cuv\u00e9e Set in scatola 1 bottiglia e 2 bicchieri"}]},{"@type":"WebSite","@id":"https:\/\/www.champmarket.com\/#website","url":"https:\/\/www.champmarket.com\/","name":"Champmarket","description":"Champmarket, Champagnes, Cadeaux et Art de Vivre","publisher":{"@id":"https:\/\/www.champmarket.com\/#organization"},"potentialAction":[{"@type":"SearchAction","target":{"@type":"EntryPoint","urlTemplate":"https:\/\/www.champmarket.com\/?s={search_term_string}"},"query-input":{"@type":"PropertyValueSpecification","valueRequired":true,"valueName":"search_term_string"}}],"inLanguage":"it-IT"},{"@type":"Organization","@id":"https:\/\/www.champmarket.com\/#organization","name":"Champmarket","url":"https:\/\/www.champmarket.com\/","logo":{"@type":"ImageObject","inLanguage":"it-IT","@id":"https:\/\/www.champmarket.com\/#\/schema\/logo\/image\/","url":"https:\/\/www.champmarket.com\/wp-content\/uploads\/2024\/08\/logo2024-1.svg","contentUrl":"https:\/\/www.champmarket.com\/wp-content\/uploads\/2024\/08\/logo2024-1.svg","width":579.8,"height":80,"caption":"Champmarket"},"image":{"@id":"https:\/\/www.champmarket.com\/#\/schema\/logo\/image\/"},"sameAs":["https:\/\/www.facebook.com\/ChampMarket\/","https:\/\/x.com\/champmarket","https:\/\/www.instagram.com\/champmarket.paris\/","https:\/\/www.pinterest.fr\/champmarketparis\/","https:\/\/www.linkedin.com\/company\/champmarket\/"]}]}},"_links":{"self":[{"href":"https:\/\/www.champmarket.com\/it\/wp-json\/wp\/v2\/product\/38686","targetHints":{"allow":["GET"]}}],"collection":[{"href":"https:\/\/www.champmarket.com\/it\/wp-json\/wp\/v2\/product"}],"about":[{"href":"https:\/\/www.champmarket.com\/it\/wp-json\/wp\/v2\/types\/product"}],"version-history":[{"count":0,"href":"https:\/\/www.champmarket.com\/it\/wp-json\/wp\/v2\/product\/38686\/revisions"}],"wp:featuredmedia":[{"embeddable":true,"href":"https:\/\/www.champmarket.com\/it\/wp-json\/wp\/v2\/media\/32185"}],"wp:attachment":[{"href":"https:\/\/www.champmarket.com\/it\/wp-json\/wp\/v2\/media?parent=38686"}],"wp:term":[{"taxonomy":"product_brand","embeddable":true,"href":"https:\/\/www.champmarket.com\/it\/wp-json\/wp\/v2\/product_brand?post=38686"},{"taxonomy":"product_cat","embeddable":true,"href":"https:\/\/www.champmarket.com\/it\/wp-json\/wp\/v2\/product_cat?post=38686"},{"taxonomy":"product_tag","embeddable":true,"href":"https:\/\/www.champmarket.com\/it\/wp-json\/wp\/v2\/product_tag?post=38686"}],"curies":[{"name":"wp","href":"https:\/\/api.w.org\/{rel}","templated":true}]}}