{"id":38689,"date":"2021-02-18T16:06:37","date_gmt":"2022-07-04T08:16:19","guid":{"rendered":"https:\/\/www.champmarket.com\/champagne\/laurent-perrier-la-cuvee-jeroboam-con-box-di-legno\/"},"modified":"2023-04-04T17:33:50","modified_gmt":"2023-04-04T15:33:50","slug":"laurent-perrier-la-cuvee-jeroboam-box-di-legno","status":"publish","type":"product","link":"https:\/\/www.champmarket.com\/it\/champagne\/laurent-perrier-la-cuvee-jeroboam-box-di-legno\/","title":{"rendered":"Laurent-Perrier La Cuv\u00e9e Jeroboam con box di legno"},"content":{"rendered":"<p>Questo vino \u00e8 ottenuto dal succo d&#8217;uva pi\u00f9 puro, che da solo permette a Laurent-Perrier di produrre &#8220;La Cuv\u00e9e&#8221;, uno champagne di grande finezza e freschezza ottenuto dopo un lungo invecchiamento nelle cantine della Maison.<\/p>\n<p>Il formato Jeroboam \u00e8 una grande bottiglia con una capacit\u00e0 di 3 litri, pari a 4 bottiglie di champagne o 24 bicchieri. Questo grande formato, consegnato in una box di legno, \u00e8 ideale per i vostri ricevimenti, occasioni speciali e regali.<\/p>\n","protected":false},"excerpt":{"rendered":"<p>La Cuv\u00e9e Laurent-Perrier \u00e8 un vino di Champagne di grande finezza e freschezza.<\/p>\n","protected":false},"featured_media":32189,"template":"","meta":{"_acf_changed":false},"product_brand":[],"product_cat":[3307,2398,2226,2381,2775,2372,2223,2222],"product_tag":[2228,2255,2231],"class_list":{"0":"post-38689","1":"product","2":"type-product","3":"status-publish","4":"has-post-thumbnail","6":"maisons-selection-champagne-laurent-perrier-it","7":"product_cat-tutti-gli-champagne-e-i-set-regalo-esclusivi","8":"product_cat-categorie-laurent-perrier-it","9":"product_cat-bottiglie-grande-it","10":"product_cat-jeroboam-it","11":"product_cat-tutti-gli-champagne","12":"product_cat-champagne-brut-it","13":"product_cat-aperitif-it","14":"product_cat-evenement-cocktail-it","15":"product_tag-aperitif-it","16":"product_tag-pour-offrir-it","17":"product_tag-cocktail-event-it","19":"first","20":"instock","21":"taxable","22":"shipping-taxable","23":"purchasable","24":"product-type-simple"},"acf":[],"yoast_head":"<!-- This site is optimized with the Yoast SEO plugin v26.4 - https:\/\/yoast.com\/wordpress\/plugins\/seo\/ -->\n<title>Laurent-Perrier La Cuv\u00e9e Jeroboam con box di legno - Champmarket<\/title>\n<meta name=\"description\" content=\"Lo Champagne Laurent-Perrier La Cuv\u00e9e \u00e8 un vino di grande finezza e freschezza. Scopritelo in formato Jeroboam.\" \/>\n<meta name=\"robots\" content=\"index, follow, max-snippet:-1, max-image-preview:large, max-video-preview:-1\" \/>\n<link rel=\"canonical\" href=\"https:\/\/www.champmarket.com\/it\/champagne\/laurent-perrier-la-cuvee-jeroboam-box-di-legno\/\" \/>\n<meta property=\"og:locale\" content=\"it_IT\" \/>\n<meta property=\"og:type\" content=\"article\" \/>\n<meta property=\"og:title\" content=\"Laurent-Perrier La Cuv\u00e9e Jeroboam con box di legno - Champmarket\" \/>\n<meta property=\"og:description\" content=\"Lo Champagne Laurent-Perrier La Cuv\u00e9e \u00e8 un vino di grande finezza e freschezza. Scopritelo in formato Jeroboam.\" \/>\n<meta property=\"og:url\" content=\"https:\/\/www.champmarket.com\/it\/champagne\/laurent-perrier-la-cuvee-jeroboam-box-di-legno\/\" \/>\n<meta property=\"og:site_name\" content=\"Champmarket\" \/>\n<meta property=\"article:publisher\" content=\"https:\/\/www.facebook.com\/ChampMarket\/\" \/>\n<meta property=\"article:modified_time\" content=\"2023-04-04T15:33:50+00:00\" \/>\n<meta property=\"og:image\" content=\"https:\/\/www.champmarket.com\/wp-content\/uploads\/2021\/02\/laurent-perrier-la-cuvee-jeroboam-caisse-bois.webp\" \/>\n\t<meta property=\"og:image:width\" content=\"2000\" \/>\n\t<meta property=\"og:image:height\" content=\"2000\" \/>\n\t<meta property=\"og:image:type\" content=\"image\/jpeg\" \/>\n<meta name=\"twitter:card\" content=\"summary_large_image\" \/>\n<meta name=\"twitter:site\" content=\"@champmarket\" \/>\n<script type=\"application\/ld+json\" class=\"yoast-schema-graph\">{\"@context\":\"https:\/\/schema.org\",\"@graph\":[{\"@type\":\"WebPage\",\"@id\":\"https:\/\/www.champmarket.com\/it\/champagne\/laurent-perrier-la-cuvee-jeroboam-box-di-legno\/\",\"url\":\"https:\/\/www.champmarket.com\/it\/champagne\/laurent-perrier-la-cuvee-jeroboam-box-di-legno\/\",\"name\":\"Laurent-Perrier La Cuv\u00e9e Jeroboam con box di legno - Champmarket\",\"isPartOf\":{\"@id\":\"https:\/\/www.champmarket.com\/#website\"},\"primaryImageOfPage\":{\"@id\":\"https:\/\/www.champmarket.com\/it\/champagne\/laurent-perrier-la-cuvee-jeroboam-box-di-legno\/#primaryimage\"},\"image\":{\"@id\":\"https:\/\/www.champmarket.com\/it\/champagne\/laurent-perrier-la-cuvee-jeroboam-box-di-legno\/#primaryimage\"},\"thumbnailUrl\":\"https:\/\/www.champmarket.com\/wp-content\/uploads\/2021\/02\/laurent-perrier-la-cuvee-jeroboam-caisse-bois.webp\",\"datePublished\":\"2022-07-04T08:16:19+00:00\",\"dateModified\":\"2023-04-04T15:33:50+00:00\",\"description\":\"Lo Champagne Laurent-Perrier La Cuv\u00e9e \u00e8 un vino di grande finezza e freschezza. Scopritelo in formato Jeroboam.\",\"breadcrumb\":{\"@id\":\"https:\/\/www.champmarket.com\/it\/champagne\/laurent-perrier-la-cuvee-jeroboam-box-di-legno\/#breadcrumb\"},\"inLanguage\":\"it-IT\",\"potentialAction\":[{\"@type\":\"ReadAction\",\"target\":[\"https:\/\/www.champmarket.com\/it\/champagne\/laurent-perrier-la-cuvee-jeroboam-box-di-legno\/\"]}]},{\"@type\":\"ImageObject\",\"inLanguage\":\"it-IT\",\"@id\":\"https:\/\/www.champmarket.com\/it\/champagne\/laurent-perrier-la-cuvee-jeroboam-box-di-legno\/#primaryimage\",\"url\":\"https:\/\/www.champmarket.com\/wp-content\/uploads\/2021\/02\/laurent-perrier-la-cuvee-jeroboam-caisse-bois.webp\",\"contentUrl\":\"https:\/\/www.champmarket.com\/wp-content\/uploads\/2021\/02\/laurent-perrier-la-cuvee-jeroboam-caisse-bois.webp\",\"width\":2000,\"height\":2000,\"caption\":\"Champagne Laurent-Perrier La Cuv\u00e9e Jeroboam con box di legno - Champmarket\"},{\"@type\":\"BreadcrumbList\",\"@id\":\"https:\/\/www.champmarket.com\/it\/champagne\/laurent-perrier-la-cuvee-jeroboam-box-di-legno\/#breadcrumb\",\"itemListElement\":[{\"@type\":\"ListItem\",\"position\":1,\"name\":\"Home\",\"item\":\"https:\/\/www.champmarket.com\/it\/acquista-champagne-online-champmarket\/\"},{\"@type\":\"ListItem\",\"position\":2,\"name\":\"Shop\",\"item\":\"https:\/\/www.champmarket.com\/it\/shop\/\"},{\"@type\":\"ListItem\",\"position\":3,\"name\":\"Laurent-Perrier\",\"item\":\"https:\/\/www.champmarket.com\/it\/maisons\/selection-champagne-laurent-perrier-it\/\"},{\"@type\":\"ListItem\",\"position\":4,\"name\":\"Laurent-Perrier La Cuv\u00e9e Jeroboam con box di legno\"}]},{\"@type\":\"WebSite\",\"@id\":\"https:\/\/www.champmarket.com\/#website\",\"url\":\"https:\/\/www.champmarket.com\/\",\"name\":\"Champmarket\",\"description\":\"Champmarket, Champagnes, Cadeaux et Art de Vivre\",\"publisher\":{\"@id\":\"https:\/\/www.champmarket.com\/#organization\"},\"potentialAction\":[{\"@type\":\"SearchAction\",\"target\":{\"@type\":\"EntryPoint\",\"urlTemplate\":\"https:\/\/www.champmarket.com\/?s={search_term_string}\"},\"query-input\":{\"@type\":\"PropertyValueSpecification\",\"valueRequired\":true,\"valueName\":\"search_term_string\"}}],\"inLanguage\":\"it-IT\"},{\"@type\":\"Organization\",\"@id\":\"https:\/\/www.champmarket.com\/#organization\",\"name\":\"Champmarket\",\"url\":\"https:\/\/www.champmarket.com\/\",\"logo\":{\"@type\":\"ImageObject\",\"inLanguage\":\"it-IT\",\"@id\":\"https:\/\/www.champmarket.com\/#\/schema\/logo\/image\/\",\"url\":\"https:\/\/www.champmarket.com\/wp-content\/uploads\/2024\/08\/logo2024-1.svg\",\"contentUrl\":\"https:\/\/www.champmarket.com\/wp-content\/uploads\/2024\/08\/logo2024-1.svg\",\"width\":579.8,\"height\":80,\"caption\":\"Champmarket\"},\"image\":{\"@id\":\"https:\/\/www.champmarket.com\/#\/schema\/logo\/image\/\"},\"sameAs\":[\"https:\/\/www.facebook.com\/ChampMarket\/\",\"https:\/\/x.com\/champmarket\",\"https:\/\/www.instagram.com\/champmarket.paris\/\",\"https:\/\/www.pinterest.fr\/champmarketparis\/\",\"https:\/\/www.linkedin.com\/company\/champmarket\/\"]}]}<\/script>\n<!-- \/ Yoast SEO plugin. -->","yoast_head_json":{"title":"Laurent-Perrier La Cuv\u00e9e Jeroboam con box di legno - Champmarket","description":"Lo Champagne Laurent-Perrier La Cuv\u00e9e \u00e8 un vino di grande finezza e freschezza. Scopritelo in formato Jeroboam.","robots":{"index":"index","follow":"follow","max-snippet":"max-snippet:-1","max-image-preview":"max-image-preview:large","max-video-preview":"max-video-preview:-1"},"canonical":"https:\/\/www.champmarket.com\/it\/champagne\/laurent-perrier-la-cuvee-jeroboam-box-di-legno\/","og_locale":"it_IT","og_type":"article","og_title":"Laurent-Perrier La Cuv\u00e9e Jeroboam con box di legno - Champmarket","og_description":"Lo Champagne Laurent-Perrier La Cuv\u00e9e \u00e8 un vino di grande finezza e freschezza. Scopritelo in formato Jeroboam.","og_url":"https:\/\/www.champmarket.com\/it\/champagne\/laurent-perrier-la-cuvee-jeroboam-box-di-legno\/","og_site_name":"Champmarket","article_publisher":"https:\/\/www.facebook.com\/ChampMarket\/","article_modified_time":"2023-04-04T15:33:50+00:00","og_image":[{"width":2000,"height":2000,"url":"https:\/\/www.champmarket.com\/wp-content\/uploads\/2021\/02\/laurent-perrier-la-cuvee-jeroboam-caisse-bois.webp","type":"image\/jpeg"}],"twitter_card":"summary_large_image","twitter_site":"@champmarket","schema":{"@context":"https:\/\/schema.org","@graph":[{"@type":"WebPage","@id":"https:\/\/www.champmarket.com\/it\/champagne\/laurent-perrier-la-cuvee-jeroboam-box-di-legno\/","url":"https:\/\/www.champmarket.com\/it\/champagne\/laurent-perrier-la-cuvee-jeroboam-box-di-legno\/","name":"Laurent-Perrier La Cuv\u00e9e Jeroboam con box di legno - Champmarket","isPartOf":{"@id":"https:\/\/www.champmarket.com\/#website"},"primaryImageOfPage":{"@id":"https:\/\/www.champmarket.com\/it\/champagne\/laurent-perrier-la-cuvee-jeroboam-box-di-legno\/#primaryimage"},"image":{"@id":"https:\/\/www.champmarket.com\/it\/champagne\/laurent-perrier-la-cuvee-jeroboam-box-di-legno\/#primaryimage"},"thumbnailUrl":"https:\/\/www.champmarket.com\/wp-content\/uploads\/2021\/02\/laurent-perrier-la-cuvee-jeroboam-caisse-bois.webp","datePublished":"2022-07-04T08:16:19+00:00","dateModified":"2023-04-04T15:33:50+00:00","description":"Lo Champagne Laurent-Perrier La Cuv\u00e9e \u00e8 un vino di grande finezza e freschezza. Scopritelo in formato Jeroboam.","breadcrumb":{"@id":"https:\/\/www.champmarket.com\/it\/champagne\/laurent-perrier-la-cuvee-jeroboam-box-di-legno\/#breadcrumb"},"inLanguage":"it-IT","potentialAction":[{"@type":"ReadAction","target":["https:\/\/www.champmarket.com\/it\/champagne\/laurent-perrier-la-cuvee-jeroboam-box-di-legno\/"]}]},{"@type":"ImageObject","inLanguage":"it-IT","@id":"https:\/\/www.champmarket.com\/it\/champagne\/laurent-perrier-la-cuvee-jeroboam-box-di-legno\/#primaryimage","url":"https:\/\/www.champmarket.com\/wp-content\/uploads\/2021\/02\/laurent-perrier-la-cuvee-jeroboam-caisse-bois.webp","contentUrl":"https:\/\/www.champmarket.com\/wp-content\/uploads\/2021\/02\/laurent-perrier-la-cuvee-jeroboam-caisse-bois.webp","width":2000,"height":2000,"caption":"Champagne Laurent-Perrier La Cuv\u00e9e Jeroboam con box di legno - Champmarket"},{"@type":"BreadcrumbList","@id":"https:\/\/www.champmarket.com\/it\/champagne\/laurent-perrier-la-cuvee-jeroboam-box-di-legno\/#breadcrumb","itemListElement":[{"@type":"ListItem","position":1,"name":"Home","item":"https:\/\/www.champmarket.com\/it\/acquista-champagne-online-champmarket\/"},{"@type":"ListItem","position":2,"name":"Shop","item":"https:\/\/www.champmarket.com\/it\/shop\/"},{"@type":"ListItem","position":3,"name":"Laurent-Perrier","item":"https:\/\/www.champmarket.com\/it\/maisons\/selection-champagne-laurent-perrier-it\/"},{"@type":"ListItem","position":4,"name":"Laurent-Perrier La Cuv\u00e9e Jeroboam con box di legno"}]},{"@type":"WebSite","@id":"https:\/\/www.champmarket.com\/#website","url":"https:\/\/www.champmarket.com\/","name":"Champmarket","description":"Champmarket, Champagnes, Cadeaux et Art de Vivre","publisher":{"@id":"https:\/\/www.champmarket.com\/#organization"},"potentialAction":[{"@type":"SearchAction","target":{"@type":"EntryPoint","urlTemplate":"https:\/\/www.champmarket.com\/?s={search_term_string}"},"query-input":{"@type":"PropertyValueSpecification","valueRequired":true,"valueName":"search_term_string"}}],"inLanguage":"it-IT"},{"@type":"Organization","@id":"https:\/\/www.champmarket.com\/#organization","name":"Champmarket","url":"https:\/\/www.champmarket.com\/","logo":{"@type":"ImageObject","inLanguage":"it-IT","@id":"https:\/\/www.champmarket.com\/#\/schema\/logo\/image\/","url":"https:\/\/www.champmarket.com\/wp-content\/uploads\/2024\/08\/logo2024-1.svg","contentUrl":"https:\/\/www.champmarket.com\/wp-content\/uploads\/2024\/08\/logo2024-1.svg","width":579.8,"height":80,"caption":"Champmarket"},"image":{"@id":"https:\/\/www.champmarket.com\/#\/schema\/logo\/image\/"},"sameAs":["https:\/\/www.facebook.com\/ChampMarket\/","https:\/\/x.com\/champmarket","https:\/\/www.instagram.com\/champmarket.paris\/","https:\/\/www.pinterest.fr\/champmarketparis\/","https:\/\/www.linkedin.com\/company\/champmarket\/"]}]}},"_links":{"self":[{"href":"https:\/\/www.champmarket.com\/it\/wp-json\/wp\/v2\/product\/38689","targetHints":{"allow":["GET"]}}],"collection":[{"href":"https:\/\/www.champmarket.com\/it\/wp-json\/wp\/v2\/product"}],"about":[{"href":"https:\/\/www.champmarket.com\/it\/wp-json\/wp\/v2\/types\/product"}],"version-history":[{"count":0,"href":"https:\/\/www.champmarket.com\/it\/wp-json\/wp\/v2\/product\/38689\/revisions"}],"wp:featuredmedia":[{"embeddable":true,"href":"https:\/\/www.champmarket.com\/it\/wp-json\/wp\/v2\/media\/32189"}],"wp:attachment":[{"href":"https:\/\/www.champmarket.com\/it\/wp-json\/wp\/v2\/media?parent=38689"}],"wp:term":[{"taxonomy":"product_brand","embeddable":true,"href":"https:\/\/www.champmarket.com\/it\/wp-json\/wp\/v2\/product_brand?post=38689"},{"taxonomy":"product_cat","embeddable":true,"href":"https:\/\/www.champmarket.com\/it\/wp-json\/wp\/v2\/product_cat?post=38689"},{"taxonomy":"product_tag","embeddable":true,"href":"https:\/\/www.champmarket.com\/it\/wp-json\/wp\/v2\/product_tag?post=38689"}],"curies":[{"name":"wp","href":"https:\/\/api.w.org\/{rel}","templated":true}]}}