{"id":38698,"date":"2021-02-18T16:06:26","date_gmt":"2022-07-04T09:18:04","guid":{"rendered":"https:\/\/www.champmarket.com\/champagne\/laurent-perrier-cuvee-alexandra-rose-2004-magnum-con-box-di-legno\/"},"modified":"2023-04-04T17:34:39","modified_gmt":"2023-04-04T15:34:39","slug":"laurent-perrier-cuvee-alexandra-rose-2004-magnum-con-box-di-legno","status":"publish","type":"product","link":"https:\/\/www.champmarket.com\/it\/champagne\/laurent-perrier-cuvee-alexandra-rose-2004-magnum-con-box-di-legno\/","title":{"rendered":"Laurent-Perrier Cuv\u00e9e Alexandra Ros\u00e9 2004 Magnum con Box di legno"},"content":{"rendered":"<p>Unica nella sua produzione ed eccezionale nel suo carattere nobile, la Grande Cuv\u00e9e Alexandra Ros\u00e9 ha una personalit\u00e0 multipla, traendo la sua incomparabile espressione dalla vinosit\u00e0 dei grandi Pinots Noirs della Champagne e dalla nitida mineralit\u00e0 dei migliori Chardonnay.<\/p>\n<p>La Grande Cuv\u00e9e Alexandra Ros\u00e9 Vintage 2004 di Laurent-Perrier rivela un carattere generoso e opulento.<\/p>\n<p>La forma della bottiglia \u00e8 unica e degna dei maestri vetrai del XVII secolo. Unica per la curva delle sue spalle e l&#8217;eleganza del suo sottile collo di cigno, questa bottiglia reinventa le bottiglie soffiate a bocca che contenevano i primi vini di champagne alla corte del re di Francia. L&#8217;etichetta, ispirata alla prima annata lanciata nel 1982, \u00e8 impreziosita da polvere d&#8217;oro.<\/p>\n<p>La sua bottiglia, dall&#8217;eleganza unica, \u00e8 contenuta in una lussuosa box di legno, una vera e propria vetrina per questo grande vino, ideale per occasioni speciali e regali.<\/p>\n<p>Il formato Magnum \u00e8 una bottiglia grande con una capacit\u00e0 di 1,5 litri, che rappresenta 2 bottiglie di champagne o 12 bicchieri.<\/p>\n","protected":false},"excerpt":{"rendered":"<p>Laurent-Perrier Cuv\u00e9e Alexandra Ros\u00e9 2004 Magnum con Box di legno rivela generosit\u00e0 e opulenza. Creata nel 1987 da Bernard de Nonancourt per il matrimonio della figlia maggiore Alexandra, la Grande Cuv\u00e9e Alexandra Ros\u00e9 incarna con magnificenza e lirismo lo spirito di Laurent-Perrier, il suo brio e la sua eccellenza.<\/p>\n","protected":false},"featured_media":36701,"template":"","meta":{"_acf_changed":false},"product_brand":[],"product_cat":[3307,2398,2226,2227,2775,2376,2225,2375,2224],"product_tag":[2248,2230,2250,2255,2229,2232],"class_list":{"0":"post-38698","1":"product","2":"type-product","3":"status-publish","4":"has-post-thumbnail","6":"maisons-selection-champagne-laurent-perrier-it","7":"product_cat-tutti-gli-champagne-e-i-set-regalo-esclusivi","8":"product_cat-categorie-laurent-perrier-it","9":"product_cat-bottiglie-grande-it","10":"product_cat-magnum-it","11":"product_cat-tutti-gli-champagne","12":"product_cat-champagne-rose-it","13":"product_cat-champagne-millesime-it","14":"product_cat-champagne-prestige-it","15":"product_cat-repas-it","16":"product_tag-haute-couture-it","17":"product_tag-grande-fiaschetta","18":"product_tag-la-vie-en-rose-it","19":"product_tag-pour-offrir-it","20":"product_tag-per-un-pasto-con-champagne","21":"product_tag-vintage-it","23":"first","24":"instock","25":"taxable","26":"shipping-taxable","27":"purchasable","28":"product-type-simple"},"acf":[],"yoast_head":"<!-- This site is optimized with the Yoast SEO plugin v26.4 - https:\/\/yoast.com\/wordpress\/plugins\/seo\/ -->\n<title>Laurent-Perrier Cuv\u00e9e Alexandra Ros\u00e9 2004 Magnum con Box di legno - Champmarket<\/title>\n<meta name=\"description\" content=\"Laurent-Perrier Cuv\u00e9e Alexandra Ros\u00e9 2004 Magnum con Box di legno rivela generosit\u00e0 e opulenza.\" \/>\n<meta name=\"robots\" content=\"index, follow, max-snippet:-1, max-image-preview:large, max-video-preview:-1\" \/>\n<link rel=\"canonical\" href=\"https:\/\/www.champmarket.com\/it\/champagne\/laurent-perrier-cuvee-alexandra-rose-2004-magnum-con-box-di-legno\/\" \/>\n<meta property=\"og:locale\" content=\"it_IT\" \/>\n<meta property=\"og:type\" content=\"article\" \/>\n<meta property=\"og:title\" content=\"Laurent-Perrier Cuv\u00e9e Alexandra Ros\u00e9 2004 Magnum con Box di legno - Champmarket\" \/>\n<meta property=\"og:description\" content=\"Laurent-Perrier Cuv\u00e9e Alexandra Ros\u00e9 2004 Magnum con Box di legno rivela generosit\u00e0 e opulenza.\" \/>\n<meta property=\"og:url\" content=\"https:\/\/www.champmarket.com\/it\/champagne\/laurent-perrier-cuvee-alexandra-rose-2004-magnum-con-box-di-legno\/\" \/>\n<meta property=\"og:site_name\" content=\"Champmarket\" \/>\n<meta property=\"article:publisher\" content=\"https:\/\/www.facebook.com\/ChampMarket\/\" \/>\n<meta property=\"article:modified_time\" content=\"2023-04-04T15:34:39+00:00\" \/>\n<meta property=\"og:image\" content=\"https:\/\/www.champmarket.com\/wp-content\/uploads\/2021\/02\/laurent-perrier-cuvee-alexandra-2004-magnum-coffret-1024x1024.jpg\" \/>\n\t<meta property=\"og:image:width\" content=\"1024\" \/>\n\t<meta property=\"og:image:height\" content=\"1024\" \/>\n\t<meta property=\"og:image:type\" content=\"image\/jpeg\" \/>\n<meta name=\"twitter:card\" content=\"summary_large_image\" \/>\n<meta name=\"twitter:site\" content=\"@champmarket\" \/>\n<meta name=\"twitter:label1\" content=\"Tempo di lettura stimato\" \/>\n\t<meta name=\"twitter:data1\" content=\"1 minuto\" \/>\n<script type=\"application\/ld+json\" class=\"yoast-schema-graph\">{\"@context\":\"https:\/\/schema.org\",\"@graph\":[{\"@type\":\"WebPage\",\"@id\":\"https:\/\/www.champmarket.com\/it\/champagne\/laurent-perrier-cuvee-alexandra-rose-2004-magnum-con-box-di-legno\/\",\"url\":\"https:\/\/www.champmarket.com\/it\/champagne\/laurent-perrier-cuvee-alexandra-rose-2004-magnum-con-box-di-legno\/\",\"name\":\"Laurent-Perrier Cuv\u00e9e Alexandra Ros\u00e9 2004 Magnum con Box di legno - Champmarket\",\"isPartOf\":{\"@id\":\"https:\/\/www.champmarket.com\/#website\"},\"primaryImageOfPage\":{\"@id\":\"https:\/\/www.champmarket.com\/it\/champagne\/laurent-perrier-cuvee-alexandra-rose-2004-magnum-con-box-di-legno\/#primaryimage\"},\"image\":{\"@id\":\"https:\/\/www.champmarket.com\/it\/champagne\/laurent-perrier-cuvee-alexandra-rose-2004-magnum-con-box-di-legno\/#primaryimage\"},\"thumbnailUrl\":\"https:\/\/www.champmarket.com\/wp-content\/uploads\/2021\/02\/laurent-perrier-cuvee-alexandra-2004-magnum-coffret.webp\",\"datePublished\":\"2022-07-04T09:18:04+00:00\",\"dateModified\":\"2023-04-04T15:34:39+00:00\",\"description\":\"Laurent-Perrier Cuv\u00e9e Alexandra Ros\u00e9 2004 Magnum con Box di legno rivela generosit\u00e0 e opulenza.\",\"breadcrumb\":{\"@id\":\"https:\/\/www.champmarket.com\/it\/champagne\/laurent-perrier-cuvee-alexandra-rose-2004-magnum-con-box-di-legno\/#breadcrumb\"},\"inLanguage\":\"it-IT\",\"potentialAction\":[{\"@type\":\"ReadAction\",\"target\":[\"https:\/\/www.champmarket.com\/it\/champagne\/laurent-perrier-cuvee-alexandra-rose-2004-magnum-con-box-di-legno\/\"]}]},{\"@type\":\"ImageObject\",\"inLanguage\":\"it-IT\",\"@id\":\"https:\/\/www.champmarket.com\/it\/champagne\/laurent-perrier-cuvee-alexandra-rose-2004-magnum-con-box-di-legno\/#primaryimage\",\"url\":\"https:\/\/www.champmarket.com\/wp-content\/uploads\/2021\/02\/laurent-perrier-cuvee-alexandra-2004-magnum-coffret.webp\",\"contentUrl\":\"https:\/\/www.champmarket.com\/wp-content\/uploads\/2021\/02\/laurent-perrier-cuvee-alexandra-2004-magnum-coffret.webp\",\"width\":2000,\"height\":2000,\"caption\":\"Champagne Laurent-Perrier Cuv\u00e9e Alexandra Ros\u00e9 2004 Magnum con Box di legno - Champmarket\"},{\"@type\":\"BreadcrumbList\",\"@id\":\"https:\/\/www.champmarket.com\/it\/champagne\/laurent-perrier-cuvee-alexandra-rose-2004-magnum-con-box-di-legno\/#breadcrumb\",\"itemListElement\":[{\"@type\":\"ListItem\",\"position\":1,\"name\":\"Home\",\"item\":\"https:\/\/www.champmarket.com\/it\/acquista-champagne-online-champmarket\/\"},{\"@type\":\"ListItem\",\"position\":2,\"name\":\"Shop\",\"item\":\"https:\/\/www.champmarket.com\/it\/shop\/\"},{\"@type\":\"ListItem\",\"position\":3,\"name\":\"Laurent-Perrier\",\"item\":\"https:\/\/www.champmarket.com\/it\/maisons\/selection-champagne-laurent-perrier-it\/\"},{\"@type\":\"ListItem\",\"position\":4,\"name\":\"Laurent-Perrier Cuv\u00e9e Alexandra Ros\u00e9 2004 Magnum con Box di legno\"}]},{\"@type\":\"WebSite\",\"@id\":\"https:\/\/www.champmarket.com\/#website\",\"url\":\"https:\/\/www.champmarket.com\/\",\"name\":\"Champmarket\",\"description\":\"Champmarket, Champagnes, Cadeaux et Art de Vivre\",\"publisher\":{\"@id\":\"https:\/\/www.champmarket.com\/#organization\"},\"potentialAction\":[{\"@type\":\"SearchAction\",\"target\":{\"@type\":\"EntryPoint\",\"urlTemplate\":\"https:\/\/www.champmarket.com\/?s={search_term_string}\"},\"query-input\":{\"@type\":\"PropertyValueSpecification\",\"valueRequired\":true,\"valueName\":\"search_term_string\"}}],\"inLanguage\":\"it-IT\"},{\"@type\":\"Organization\",\"@id\":\"https:\/\/www.champmarket.com\/#organization\",\"name\":\"Champmarket\",\"url\":\"https:\/\/www.champmarket.com\/\",\"logo\":{\"@type\":\"ImageObject\",\"inLanguage\":\"it-IT\",\"@id\":\"https:\/\/www.champmarket.com\/#\/schema\/logo\/image\/\",\"url\":\"https:\/\/www.champmarket.com\/wp-content\/uploads\/2024\/08\/logo2024-1.svg\",\"contentUrl\":\"https:\/\/www.champmarket.com\/wp-content\/uploads\/2024\/08\/logo2024-1.svg\",\"width\":579.8,\"height\":80,\"caption\":\"Champmarket\"},\"image\":{\"@id\":\"https:\/\/www.champmarket.com\/#\/schema\/logo\/image\/\"},\"sameAs\":[\"https:\/\/www.facebook.com\/ChampMarket\/\",\"https:\/\/x.com\/champmarket\",\"https:\/\/www.instagram.com\/champmarket.paris\/\",\"https:\/\/www.pinterest.fr\/champmarketparis\/\",\"https:\/\/www.linkedin.com\/company\/champmarket\/\"]}]}<\/script>\n<!-- \/ Yoast SEO plugin. -->","yoast_head_json":{"title":"Laurent-Perrier Cuv\u00e9e Alexandra Ros\u00e9 2004 Magnum con Box di legno - Champmarket","description":"Laurent-Perrier Cuv\u00e9e Alexandra Ros\u00e9 2004 Magnum con Box di legno rivela generosit\u00e0 e opulenza.","robots":{"index":"index","follow":"follow","max-snippet":"max-snippet:-1","max-image-preview":"max-image-preview:large","max-video-preview":"max-video-preview:-1"},"canonical":"https:\/\/www.champmarket.com\/it\/champagne\/laurent-perrier-cuvee-alexandra-rose-2004-magnum-con-box-di-legno\/","og_locale":"it_IT","og_type":"article","og_title":"Laurent-Perrier Cuv\u00e9e Alexandra Ros\u00e9 2004 Magnum con Box di legno - Champmarket","og_description":"Laurent-Perrier Cuv\u00e9e Alexandra Ros\u00e9 2004 Magnum con Box di legno rivela generosit\u00e0 e opulenza.","og_url":"https:\/\/www.champmarket.com\/it\/champagne\/laurent-perrier-cuvee-alexandra-rose-2004-magnum-con-box-di-legno\/","og_site_name":"Champmarket","article_publisher":"https:\/\/www.facebook.com\/ChampMarket\/","article_modified_time":"2023-04-04T15:34:39+00:00","og_image":[{"width":1024,"height":1024,"url":"https:\/\/www.champmarket.com\/wp-content\/uploads\/2021\/02\/laurent-perrier-cuvee-alexandra-2004-magnum-coffret-1024x1024.jpg","type":"image\/jpeg"}],"twitter_card":"summary_large_image","twitter_site":"@champmarket","twitter_misc":{"Tempo di lettura stimato":"1 minuto"},"schema":{"@context":"https:\/\/schema.org","@graph":[{"@type":"WebPage","@id":"https:\/\/www.champmarket.com\/it\/champagne\/laurent-perrier-cuvee-alexandra-rose-2004-magnum-con-box-di-legno\/","url":"https:\/\/www.champmarket.com\/it\/champagne\/laurent-perrier-cuvee-alexandra-rose-2004-magnum-con-box-di-legno\/","name":"Laurent-Perrier Cuv\u00e9e Alexandra Ros\u00e9 2004 Magnum con Box di legno - Champmarket","isPartOf":{"@id":"https:\/\/www.champmarket.com\/#website"},"primaryImageOfPage":{"@id":"https:\/\/www.champmarket.com\/it\/champagne\/laurent-perrier-cuvee-alexandra-rose-2004-magnum-con-box-di-legno\/#primaryimage"},"image":{"@id":"https:\/\/www.champmarket.com\/it\/champagne\/laurent-perrier-cuvee-alexandra-rose-2004-magnum-con-box-di-legno\/#primaryimage"},"thumbnailUrl":"https:\/\/www.champmarket.com\/wp-content\/uploads\/2021\/02\/laurent-perrier-cuvee-alexandra-2004-magnum-coffret.webp","datePublished":"2022-07-04T09:18:04+00:00","dateModified":"2023-04-04T15:34:39+00:00","description":"Laurent-Perrier Cuv\u00e9e Alexandra Ros\u00e9 2004 Magnum con Box di legno rivela generosit\u00e0 e opulenza.","breadcrumb":{"@id":"https:\/\/www.champmarket.com\/it\/champagne\/laurent-perrier-cuvee-alexandra-rose-2004-magnum-con-box-di-legno\/#breadcrumb"},"inLanguage":"it-IT","potentialAction":[{"@type":"ReadAction","target":["https:\/\/www.champmarket.com\/it\/champagne\/laurent-perrier-cuvee-alexandra-rose-2004-magnum-con-box-di-legno\/"]}]},{"@type":"ImageObject","inLanguage":"it-IT","@id":"https:\/\/www.champmarket.com\/it\/champagne\/laurent-perrier-cuvee-alexandra-rose-2004-magnum-con-box-di-legno\/#primaryimage","url":"https:\/\/www.champmarket.com\/wp-content\/uploads\/2021\/02\/laurent-perrier-cuvee-alexandra-2004-magnum-coffret.webp","contentUrl":"https:\/\/www.champmarket.com\/wp-content\/uploads\/2021\/02\/laurent-perrier-cuvee-alexandra-2004-magnum-coffret.webp","width":2000,"height":2000,"caption":"Champagne Laurent-Perrier Cuv\u00e9e Alexandra Ros\u00e9 2004 Magnum con Box di legno - Champmarket"},{"@type":"BreadcrumbList","@id":"https:\/\/www.champmarket.com\/it\/champagne\/laurent-perrier-cuvee-alexandra-rose-2004-magnum-con-box-di-legno\/#breadcrumb","itemListElement":[{"@type":"ListItem","position":1,"name":"Home","item":"https:\/\/www.champmarket.com\/it\/acquista-champagne-online-champmarket\/"},{"@type":"ListItem","position":2,"name":"Shop","item":"https:\/\/www.champmarket.com\/it\/shop\/"},{"@type":"ListItem","position":3,"name":"Laurent-Perrier","item":"https:\/\/www.champmarket.com\/it\/maisons\/selection-champagne-laurent-perrier-it\/"},{"@type":"ListItem","position":4,"name":"Laurent-Perrier Cuv\u00e9e Alexandra Ros\u00e9 2004 Magnum con Box di legno"}]},{"@type":"WebSite","@id":"https:\/\/www.champmarket.com\/#website","url":"https:\/\/www.champmarket.com\/","name":"Champmarket","description":"Champmarket, Champagnes, Cadeaux et Art de Vivre","publisher":{"@id":"https:\/\/www.champmarket.com\/#organization"},"potentialAction":[{"@type":"SearchAction","target":{"@type":"EntryPoint","urlTemplate":"https:\/\/www.champmarket.com\/?s={search_term_string}"},"query-input":{"@type":"PropertyValueSpecification","valueRequired":true,"valueName":"search_term_string"}}],"inLanguage":"it-IT"},{"@type":"Organization","@id":"https:\/\/www.champmarket.com\/#organization","name":"Champmarket","url":"https:\/\/www.champmarket.com\/","logo":{"@type":"ImageObject","inLanguage":"it-IT","@id":"https:\/\/www.champmarket.com\/#\/schema\/logo\/image\/","url":"https:\/\/www.champmarket.com\/wp-content\/uploads\/2024\/08\/logo2024-1.svg","contentUrl":"https:\/\/www.champmarket.com\/wp-content\/uploads\/2024\/08\/logo2024-1.svg","width":579.8,"height":80,"caption":"Champmarket"},"image":{"@id":"https:\/\/www.champmarket.com\/#\/schema\/logo\/image\/"},"sameAs":["https:\/\/www.facebook.com\/ChampMarket\/","https:\/\/x.com\/champmarket","https:\/\/www.instagram.com\/champmarket.paris\/","https:\/\/www.pinterest.fr\/champmarketparis\/","https:\/\/www.linkedin.com\/company\/champmarket\/"]}]}},"_links":{"self":[{"href":"https:\/\/www.champmarket.com\/it\/wp-json\/wp\/v2\/product\/38698","targetHints":{"allow":["GET"]}}],"collection":[{"href":"https:\/\/www.champmarket.com\/it\/wp-json\/wp\/v2\/product"}],"about":[{"href":"https:\/\/www.champmarket.com\/it\/wp-json\/wp\/v2\/types\/product"}],"version-history":[{"count":0,"href":"https:\/\/www.champmarket.com\/it\/wp-json\/wp\/v2\/product\/38698\/revisions"}],"wp:featuredmedia":[{"embeddable":true,"href":"https:\/\/www.champmarket.com\/it\/wp-json\/wp\/v2\/media\/36701"}],"wp:attachment":[{"href":"https:\/\/www.champmarket.com\/it\/wp-json\/wp\/v2\/media?parent=38698"}],"wp:term":[{"taxonomy":"product_brand","embeddable":true,"href":"https:\/\/www.champmarket.com\/it\/wp-json\/wp\/v2\/product_brand?post=38698"},{"taxonomy":"product_cat","embeddable":true,"href":"https:\/\/www.champmarket.com\/it\/wp-json\/wp\/v2\/product_cat?post=38698"},{"taxonomy":"product_tag","embeddable":true,"href":"https:\/\/www.champmarket.com\/it\/wp-json\/wp\/v2\/product_tag?post=38698"}],"curies":[{"name":"wp","href":"https:\/\/api.w.org\/{rel}","templated":true}]}}