{"id":38703,"date":"2021-02-18T16:01:54","date_gmt":"2021-02-18T15:01:54","guid":{"rendered":"https:\/\/www.champmarket.com\/champagne\/laurent-perrier-cuvee-rose-bottiglia-con-box\/"},"modified":"2023-04-04T17:35:03","modified_gmt":"2023-04-04T15:35:03","slug":"laurent-perrier-cuvee-rose-bottiglia-con-box","status":"publish","type":"product","link":"https:\/\/www.champmarket.com\/it\/champagne\/laurent-perrier-cuvee-rose-bottiglia-con-box\/","title":{"rendered":"Laurent-Perrier Cuv\u00e9e Ros\u00e9 Bottiglia con box"},"content":{"rendered":"<p>La Cuv\u00e9e Ros\u00e9 Laurent-Perrier \u00e8 unica per la sua storia, la sua produzione e la sua generosit\u00e0. Prima del 1968, lo champagne ros\u00e9 non millesimato era quasi inconcepibile. Nel bel mezzo di una rivoluzione sociale e culturale, Bernard de Nonancourt le diede radici e lettere. Meglio ancora, \u00e8 riuscito a farne un vino nobile, legando indissolubilmente lo champagne ros\u00e9 a Laurent-Perrier.<\/p>\n<p>Grazie a questo know-how unico e innovativo, la Cuv\u00e9e Laurent-Perrier Ros\u00e9 unisce vinosit\u00e0 e grande freschezza, una combinazione rara in uno champagne. La Cuv\u00e9e Ros\u00e9 sorprende con i suoi aromi di frutti rossi appena colti: fragola, marasca, ribes, lampone&#8230; L&#8217;attacco \u00e8 franco e acido, il finale \u00e8 morbido e tenero, il naso \u00e8 sottile e l&#8217;effervescenza fine.<\/p>\n","protected":false},"excerpt":{"rendered":"<p>La Cuv\u00e9e Ros\u00e9 Laurent-Perrier con box unisce vinosit\u00e0 e grande freschezza, una combinazione rara in uno champagne. Si \u00e8 affermato in tutto il mondo come punto di riferimento per gli champagne ros\u00e9.<\/p>\n","protected":false},"featured_media":32169,"template":"","meta":{"_acf_changed":false},"product_brand":[],"product_cat":[2398,2238,2386,2775,2376,2420,2223,2224],"product_tag":[2241,2228,2250,2255,2254,2229],"class_list":{"0":"post-38703","1":"product","2":"type-product","3":"status-publish","4":"has-post-thumbnail","6":"maisons-selection-champagne-laurent-perrier-it","7":"product_cat-categorie-laurent-perrier-it","8":"product_cat-bouteilles-it","9":"product_cat-essenziali-it","10":"product_cat-tutti-gli-champagne","11":"product_cat-champagne-rose-it","12":"product_cat-dessert-it","13":"product_cat-aperitif-it","14":"product_cat-repas-it","15":"product_tag-100-pinot-noir-it","16":"product_tag-aperitif-it","17":"product_tag-la-vie-en-rose-it","18":"product_tag-pour-offrir-it","19":"product_tag-dessert-gouter-it","20":"product_tag-per-un-pasto-con-champagne","22":"first","23":"instock","24":"taxable","25":"shipping-taxable","26":"purchasable","27":"product-type-simple"},"acf":[],"yoast_head":"<!-- This site is optimized with the Yoast SEO plugin v26.4 - https:\/\/yoast.com\/wordpress\/plugins\/seo\/ -->\n<title>Laurent-Perrier Cuv\u00e9e Ros\u00e9 Bottiglia con box - Champmarket<\/title>\n<meta name=\"description\" content=\"La Cuv\u00e9e Ros\u00e9 Laurent-Perrier con box unisce vinosit\u00e0 e grande freschezza, una combinazione rara in uno champagne.\" \/>\n<meta name=\"robots\" content=\"index, follow, max-snippet:-1, max-image-preview:large, max-video-preview:-1\" \/>\n<link rel=\"canonical\" href=\"https:\/\/www.champmarket.com\/it\/champagne\/laurent-perrier-cuvee-rose-bottiglia-con-box\/\" \/>\n<meta property=\"og:locale\" content=\"it_IT\" \/>\n<meta property=\"og:type\" content=\"article\" \/>\n<meta property=\"og:title\" content=\"Laurent-Perrier Cuv\u00e9e Ros\u00e9 Bottiglia con box - Champmarket\" \/>\n<meta property=\"og:description\" content=\"La Cuv\u00e9e Ros\u00e9 Laurent-Perrier con box unisce vinosit\u00e0 e grande freschezza, una combinazione rara in uno champagne.\" \/>\n<meta property=\"og:url\" content=\"https:\/\/www.champmarket.com\/it\/champagne\/laurent-perrier-cuvee-rose-bottiglia-con-box\/\" \/>\n<meta property=\"og:site_name\" content=\"Champmarket\" \/>\n<meta property=\"article:publisher\" content=\"https:\/\/www.facebook.com\/ChampMarket\/\" \/>\n<meta property=\"article:modified_time\" content=\"2023-04-04T15:35:03+00:00\" \/>\n<meta property=\"og:image\" content=\"https:\/\/www.champmarket.com\/wp-content\/uploads\/2021\/02\/laurent-perrier-cuvee-rose-bouteille-etui.webp\" \/>\n\t<meta property=\"og:image:width\" content=\"2000\" \/>\n\t<meta property=\"og:image:height\" content=\"2000\" \/>\n\t<meta property=\"og:image:type\" content=\"image\/jpeg\" \/>\n<meta name=\"twitter:card\" content=\"summary_large_image\" \/>\n<meta name=\"twitter:site\" content=\"@champmarket\" \/>\n<meta name=\"twitter:label1\" content=\"Tempo di lettura stimato\" \/>\n\t<meta name=\"twitter:data1\" content=\"1 minuto\" \/>\n<script type=\"application\/ld+json\" class=\"yoast-schema-graph\">{\"@context\":\"https:\/\/schema.org\",\"@graph\":[{\"@type\":\"WebPage\",\"@id\":\"https:\/\/www.champmarket.com\/it\/champagne\/laurent-perrier-cuvee-rose-bottiglia-con-box\/\",\"url\":\"https:\/\/www.champmarket.com\/it\/champagne\/laurent-perrier-cuvee-rose-bottiglia-con-box\/\",\"name\":\"Laurent-Perrier Cuv\u00e9e Ros\u00e9 Bottiglia con box - Champmarket\",\"isPartOf\":{\"@id\":\"https:\/\/www.champmarket.com\/#website\"},\"primaryImageOfPage\":{\"@id\":\"https:\/\/www.champmarket.com\/it\/champagne\/laurent-perrier-cuvee-rose-bottiglia-con-box\/#primaryimage\"},\"image\":{\"@id\":\"https:\/\/www.champmarket.com\/it\/champagne\/laurent-perrier-cuvee-rose-bottiglia-con-box\/#primaryimage\"},\"thumbnailUrl\":\"https:\/\/www.champmarket.com\/wp-content\/uploads\/2021\/02\/laurent-perrier-cuvee-rose-bouteille-etui.webp\",\"datePublished\":\"2021-02-18T15:01:54+00:00\",\"dateModified\":\"2023-04-04T15:35:03+00:00\",\"description\":\"La Cuv\u00e9e Ros\u00e9 Laurent-Perrier con box unisce vinosit\u00e0 e grande freschezza, una combinazione rara in uno champagne.\",\"breadcrumb\":{\"@id\":\"https:\/\/www.champmarket.com\/it\/champagne\/laurent-perrier-cuvee-rose-bottiglia-con-box\/#breadcrumb\"},\"inLanguage\":\"it-IT\",\"potentialAction\":[{\"@type\":\"ReadAction\",\"target\":[\"https:\/\/www.champmarket.com\/it\/champagne\/laurent-perrier-cuvee-rose-bottiglia-con-box\/\"]}]},{\"@type\":\"ImageObject\",\"inLanguage\":\"it-IT\",\"@id\":\"https:\/\/www.champmarket.com\/it\/champagne\/laurent-perrier-cuvee-rose-bottiglia-con-box\/#primaryimage\",\"url\":\"https:\/\/www.champmarket.com\/wp-content\/uploads\/2021\/02\/laurent-perrier-cuvee-rose-bouteille-etui.webp\",\"contentUrl\":\"https:\/\/www.champmarket.com\/wp-content\/uploads\/2021\/02\/laurent-perrier-cuvee-rose-bouteille-etui.webp\",\"width\":2000,\"height\":2000,\"caption\":\"Champagne Laurent-Perrier Cuv\u00e9e Ros\u00e9 Bottiglia con box - Champmarket\"},{\"@type\":\"BreadcrumbList\",\"@id\":\"https:\/\/www.champmarket.com\/it\/champagne\/laurent-perrier-cuvee-rose-bottiglia-con-box\/#breadcrumb\",\"itemListElement\":[{\"@type\":\"ListItem\",\"position\":1,\"name\":\"Home\",\"item\":\"https:\/\/www.champmarket.com\/it\/acquista-champagne-online-champmarket\/\"},{\"@type\":\"ListItem\",\"position\":2,\"name\":\"Shop\",\"item\":\"https:\/\/www.champmarket.com\/it\/shop\/\"},{\"@type\":\"ListItem\",\"position\":3,\"name\":\"Laurent-Perrier\",\"item\":\"https:\/\/www.champmarket.com\/it\/maisons\/selection-champagne-laurent-perrier-it\/\"},{\"@type\":\"ListItem\",\"position\":4,\"name\":\"Laurent-Perrier Cuv\u00e9e Ros\u00e9 Bottiglia con box\"}]},{\"@type\":\"WebSite\",\"@id\":\"https:\/\/www.champmarket.com\/#website\",\"url\":\"https:\/\/www.champmarket.com\/\",\"name\":\"Champmarket\",\"description\":\"Champmarket, Champagnes, Cadeaux et Art de Vivre\",\"publisher\":{\"@id\":\"https:\/\/www.champmarket.com\/#organization\"},\"potentialAction\":[{\"@type\":\"SearchAction\",\"target\":{\"@type\":\"EntryPoint\",\"urlTemplate\":\"https:\/\/www.champmarket.com\/?s={search_term_string}\"},\"query-input\":{\"@type\":\"PropertyValueSpecification\",\"valueRequired\":true,\"valueName\":\"search_term_string\"}}],\"inLanguage\":\"it-IT\"},{\"@type\":\"Organization\",\"@id\":\"https:\/\/www.champmarket.com\/#organization\",\"name\":\"Champmarket\",\"url\":\"https:\/\/www.champmarket.com\/\",\"logo\":{\"@type\":\"ImageObject\",\"inLanguage\":\"it-IT\",\"@id\":\"https:\/\/www.champmarket.com\/#\/schema\/logo\/image\/\",\"url\":\"https:\/\/www.champmarket.com\/wp-content\/uploads\/2024\/08\/logo2024-1.svg\",\"contentUrl\":\"https:\/\/www.champmarket.com\/wp-content\/uploads\/2024\/08\/logo2024-1.svg\",\"width\":579.8,\"height\":80,\"caption\":\"Champmarket\"},\"image\":{\"@id\":\"https:\/\/www.champmarket.com\/#\/schema\/logo\/image\/\"},\"sameAs\":[\"https:\/\/www.facebook.com\/ChampMarket\/\",\"https:\/\/x.com\/champmarket\",\"https:\/\/www.instagram.com\/champmarket.paris\/\",\"https:\/\/www.pinterest.fr\/champmarketparis\/\",\"https:\/\/www.linkedin.com\/company\/champmarket\/\"]}]}<\/script>\n<!-- \/ Yoast SEO plugin. -->","yoast_head_json":{"title":"Laurent-Perrier Cuv\u00e9e Ros\u00e9 Bottiglia con box - Champmarket","description":"La Cuv\u00e9e Ros\u00e9 Laurent-Perrier con box unisce vinosit\u00e0 e grande freschezza, una combinazione rara in uno champagne.","robots":{"index":"index","follow":"follow","max-snippet":"max-snippet:-1","max-image-preview":"max-image-preview:large","max-video-preview":"max-video-preview:-1"},"canonical":"https:\/\/www.champmarket.com\/it\/champagne\/laurent-perrier-cuvee-rose-bottiglia-con-box\/","og_locale":"it_IT","og_type":"article","og_title":"Laurent-Perrier Cuv\u00e9e Ros\u00e9 Bottiglia con box - Champmarket","og_description":"La Cuv\u00e9e Ros\u00e9 Laurent-Perrier con box unisce vinosit\u00e0 e grande freschezza, una combinazione rara in uno champagne.","og_url":"https:\/\/www.champmarket.com\/it\/champagne\/laurent-perrier-cuvee-rose-bottiglia-con-box\/","og_site_name":"Champmarket","article_publisher":"https:\/\/www.facebook.com\/ChampMarket\/","article_modified_time":"2023-04-04T15:35:03+00:00","og_image":[{"width":2000,"height":2000,"url":"https:\/\/www.champmarket.com\/wp-content\/uploads\/2021\/02\/laurent-perrier-cuvee-rose-bouteille-etui.webp","type":"image\/jpeg"}],"twitter_card":"summary_large_image","twitter_site":"@champmarket","twitter_misc":{"Tempo di lettura stimato":"1 minuto"},"schema":{"@context":"https:\/\/schema.org","@graph":[{"@type":"WebPage","@id":"https:\/\/www.champmarket.com\/it\/champagne\/laurent-perrier-cuvee-rose-bottiglia-con-box\/","url":"https:\/\/www.champmarket.com\/it\/champagne\/laurent-perrier-cuvee-rose-bottiglia-con-box\/","name":"Laurent-Perrier Cuv\u00e9e Ros\u00e9 Bottiglia con box - Champmarket","isPartOf":{"@id":"https:\/\/www.champmarket.com\/#website"},"primaryImageOfPage":{"@id":"https:\/\/www.champmarket.com\/it\/champagne\/laurent-perrier-cuvee-rose-bottiglia-con-box\/#primaryimage"},"image":{"@id":"https:\/\/www.champmarket.com\/it\/champagne\/laurent-perrier-cuvee-rose-bottiglia-con-box\/#primaryimage"},"thumbnailUrl":"https:\/\/www.champmarket.com\/wp-content\/uploads\/2021\/02\/laurent-perrier-cuvee-rose-bouteille-etui.webp","datePublished":"2021-02-18T15:01:54+00:00","dateModified":"2023-04-04T15:35:03+00:00","description":"La Cuv\u00e9e Ros\u00e9 Laurent-Perrier con box unisce vinosit\u00e0 e grande freschezza, una combinazione rara in uno champagne.","breadcrumb":{"@id":"https:\/\/www.champmarket.com\/it\/champagne\/laurent-perrier-cuvee-rose-bottiglia-con-box\/#breadcrumb"},"inLanguage":"it-IT","potentialAction":[{"@type":"ReadAction","target":["https:\/\/www.champmarket.com\/it\/champagne\/laurent-perrier-cuvee-rose-bottiglia-con-box\/"]}]},{"@type":"ImageObject","inLanguage":"it-IT","@id":"https:\/\/www.champmarket.com\/it\/champagne\/laurent-perrier-cuvee-rose-bottiglia-con-box\/#primaryimage","url":"https:\/\/www.champmarket.com\/wp-content\/uploads\/2021\/02\/laurent-perrier-cuvee-rose-bouteille-etui.webp","contentUrl":"https:\/\/www.champmarket.com\/wp-content\/uploads\/2021\/02\/laurent-perrier-cuvee-rose-bouteille-etui.webp","width":2000,"height":2000,"caption":"Champagne Laurent-Perrier Cuv\u00e9e Ros\u00e9 Bottiglia con box - Champmarket"},{"@type":"BreadcrumbList","@id":"https:\/\/www.champmarket.com\/it\/champagne\/laurent-perrier-cuvee-rose-bottiglia-con-box\/#breadcrumb","itemListElement":[{"@type":"ListItem","position":1,"name":"Home","item":"https:\/\/www.champmarket.com\/it\/acquista-champagne-online-champmarket\/"},{"@type":"ListItem","position":2,"name":"Shop","item":"https:\/\/www.champmarket.com\/it\/shop\/"},{"@type":"ListItem","position":3,"name":"Laurent-Perrier","item":"https:\/\/www.champmarket.com\/it\/maisons\/selection-champagne-laurent-perrier-it\/"},{"@type":"ListItem","position":4,"name":"Laurent-Perrier Cuv\u00e9e Ros\u00e9 Bottiglia con box"}]},{"@type":"WebSite","@id":"https:\/\/www.champmarket.com\/#website","url":"https:\/\/www.champmarket.com\/","name":"Champmarket","description":"Champmarket, Champagnes, Cadeaux et Art de Vivre","publisher":{"@id":"https:\/\/www.champmarket.com\/#organization"},"potentialAction":[{"@type":"SearchAction","target":{"@type":"EntryPoint","urlTemplate":"https:\/\/www.champmarket.com\/?s={search_term_string}"},"query-input":{"@type":"PropertyValueSpecification","valueRequired":true,"valueName":"search_term_string"}}],"inLanguage":"it-IT"},{"@type":"Organization","@id":"https:\/\/www.champmarket.com\/#organization","name":"Champmarket","url":"https:\/\/www.champmarket.com\/","logo":{"@type":"ImageObject","inLanguage":"it-IT","@id":"https:\/\/www.champmarket.com\/#\/schema\/logo\/image\/","url":"https:\/\/www.champmarket.com\/wp-content\/uploads\/2024\/08\/logo2024-1.svg","contentUrl":"https:\/\/www.champmarket.com\/wp-content\/uploads\/2024\/08\/logo2024-1.svg","width":579.8,"height":80,"caption":"Champmarket"},"image":{"@id":"https:\/\/www.champmarket.com\/#\/schema\/logo\/image\/"},"sameAs":["https:\/\/www.facebook.com\/ChampMarket\/","https:\/\/x.com\/champmarket","https:\/\/www.instagram.com\/champmarket.paris\/","https:\/\/www.pinterest.fr\/champmarketparis\/","https:\/\/www.linkedin.com\/company\/champmarket\/"]}]}},"_links":{"self":[{"href":"https:\/\/www.champmarket.com\/it\/wp-json\/wp\/v2\/product\/38703","targetHints":{"allow":["GET"]}}],"collection":[{"href":"https:\/\/www.champmarket.com\/it\/wp-json\/wp\/v2\/product"}],"about":[{"href":"https:\/\/www.champmarket.com\/it\/wp-json\/wp\/v2\/types\/product"}],"version-history":[{"count":0,"href":"https:\/\/www.champmarket.com\/it\/wp-json\/wp\/v2\/product\/38703\/revisions"}],"wp:featuredmedia":[{"embeddable":true,"href":"https:\/\/www.champmarket.com\/it\/wp-json\/wp\/v2\/media\/32169"}],"wp:attachment":[{"href":"https:\/\/www.champmarket.com\/it\/wp-json\/wp\/v2\/media?parent=38703"}],"wp:term":[{"taxonomy":"product_brand","embeddable":true,"href":"https:\/\/www.champmarket.com\/it\/wp-json\/wp\/v2\/product_brand?post=38703"},{"taxonomy":"product_cat","embeddable":true,"href":"https:\/\/www.champmarket.com\/it\/wp-json\/wp\/v2\/product_cat?post=38703"},{"taxonomy":"product_tag","embeddable":true,"href":"https:\/\/www.champmarket.com\/it\/wp-json\/wp\/v2\/product_tag?post=38703"}],"curies":[{"name":"wp","href":"https:\/\/api.w.org\/{rel}","templated":true}]}}