{"id":38706,"date":"2022-01-20T16:42:51","date_gmt":"2022-07-04T10:11:06","guid":{"rendered":"https:\/\/www.champmarket.com\/champagne\/louis-roederer-collection-242-jeroboam-con-box\/"},"modified":"2023-04-03T16:06:16","modified_gmt":"2023-04-03T14:06:16","slug":"louis-roederer-collection-242-jeroboam-con-box","status":"publish","type":"product","link":"https:\/\/www.champmarket.com\/it\/champagne\/louis-roederer-collection-242-jeroboam-con-box\/","title":{"rendered":"Louis Roederer Collection 242 Jeroboam con box"},"content":{"rendered":"<p>Collection apre un nuovo capitolo per Louis Roederer, continuando la storia del Brut Premier e reinventandolo.<\/p>\n<div class=\"page\" title=\"Pagina 2\">\n<div class=\"layoutArea\">\n<div class=\"column\">\n<p>Collection risponde a un desiderio di libert\u00e0, di spingere ancora pi\u00f9 in l\u00e0 la qualit\u00e0 delle miscele multi-vintage, di plasmare diversamente il know-how, di ripensare i gesti per ancorare la Maison Louis Roederer a un nuovo ritmo con la Natura.<\/p>\n<div class=\"page\" title=\"Pagina 14\">\n<div class=\"section\">\n<div class=\"layoutArea\">\n<div class=\"column\">\n<p>Ogni miscela della Collection ha quindi una propria identit\u00e0 che si manifester\u00e0 in modo pi\u00f9 evidente con il tempo. L&#8217;emissione Collection permetter\u00e0 a tutti gli amanti del vino, come ai collezionisti, di scegliere il proprio vino in base al grado di giovinezza o maturit\u00e0 che desiderano e apprezzano.<\/p>\n<p>Il formato Jeroboam \u00e8 una grande bottiglia con una capacit\u00e0 di 3 litri, pari a 4 bottiglie di champagne o 24 bicchieri. Questo grande formato \u00e8 ideale per ricevimenti, cene e occasioni speciali.<\/p>\n<\/div>\n<\/div>\n<\/div>\n<\/div>\n<\/div>\n<\/div>\n<\/div>\n","protected":false},"excerpt":{"rendered":"<p>Con Collection, la Maison Louis Roederer unisce la ricerca dell&#8217;eccellenza, che da sempre la caratterizza, a una nuova ventata di libert\u00e0, con un obiettivo unico e costantemente rinnovato: creare il miglior vino possibile con ogni assemblaggio. Questo champagne multi-vintage rivela la potenza dell&#8217;assemblaggio che si esprime, anno dopo anno, in tutta la pienezza del suo genio. Collection \u00e8 uno champagne epicureo: il grande vino multi-vintage della Maison Louis Roederer, il suo standard pi\u00f9 fedele!<\/p>\n","protected":false},"featured_media":37327,"template":"","meta":{"_acf_changed":false},"product_brand":[],"product_cat":[3307,2401,2226,2381,2775,2372,2223,2222,2224],"product_tag":[2249,2230,2228,2255,2231,2229],"class_list":{"0":"post-38706","1":"product","2":"type-product","3":"status-publish","4":"has-post-thumbnail","6":"maisons-selection-champagne-louis-roederer-it","7":"product_cat-tutti-gli-champagne-e-i-set-regalo-esclusivi","8":"product_cat-categorie-louis-roederer-it","9":"product_cat-bottiglie-grande-it","10":"product_cat-jeroboam-it","11":"product_cat-tutti-gli-champagne","12":"product_cat-champagne-brut-it","13":"product_cat-aperitif-it","14":"product_cat-evenement-cocktail-it","15":"product_cat-repas-it","16":"product_tag-incontournable-it","17":"product_tag-grande-fiaschetta","18":"product_tag-aperitif-it","19":"product_tag-pour-offrir-it","20":"product_tag-cocktail-event-it","21":"product_tag-per-un-pasto-con-champagne","23":"first","24":"instock","25":"taxable","26":"shipping-taxable","27":"purchasable","28":"product-type-simple"},"acf":[],"yoast_head":"<!-- This site is optimized with the Yoast SEO plugin v26.4 - https:\/\/yoast.com\/wordpress\/plugins\/seo\/ -->\n<title>Louis Roederer Collection 242 Jeroboam con box - Champmarket<\/title>\n<meta name=\"description\" content=\"La Collection 242 \u00e8 uno champagne epico: il grande vino multi-vintage della Maison Louis Roederer! Scopritelo in formato Jeroboam\" \/>\n<meta name=\"robots\" content=\"index, follow, max-snippet:-1, max-image-preview:large, max-video-preview:-1\" \/>\n<link rel=\"canonical\" href=\"https:\/\/www.champmarket.com\/it\/champagne\/louis-roederer-collection-242-jeroboam-con-box\/\" \/>\n<meta property=\"og:locale\" content=\"it_IT\" \/>\n<meta property=\"og:type\" content=\"article\" \/>\n<meta property=\"og:title\" content=\"Louis Roederer Collection 242 Jeroboam con box - Champmarket\" \/>\n<meta property=\"og:description\" content=\"La Collection 242 \u00e8 uno champagne epico: il grande vino multi-vintage della Maison Louis Roederer! Scopritelo in formato Jeroboam\" \/>\n<meta property=\"og:url\" content=\"https:\/\/www.champmarket.com\/it\/champagne\/louis-roederer-collection-242-jeroboam-con-box\/\" \/>\n<meta property=\"og:site_name\" content=\"Champmarket\" \/>\n<meta property=\"article:publisher\" content=\"https:\/\/www.facebook.com\/ChampMarket\/\" \/>\n<meta property=\"article:modified_time\" content=\"2023-04-03T14:06:16+00:00\" \/>\n<meta property=\"og:image\" content=\"https:\/\/www.champmarket.com\/wp-content\/uploads\/2022\/01\/louis-roederer-collection-242-jeroboam.jpg\" \/>\n\t<meta property=\"og:image:width\" content=\"2000\" \/>\n\t<meta property=\"og:image:height\" content=\"2000\" \/>\n\t<meta property=\"og:image:type\" content=\"image\/jpeg\" \/>\n<meta name=\"twitter:card\" content=\"summary_large_image\" \/>\n<meta name=\"twitter:site\" content=\"@champmarket\" \/>\n<meta name=\"twitter:label1\" content=\"Tempo di lettura stimato\" \/>\n\t<meta name=\"twitter:data1\" content=\"1 minuto\" \/>\n<script type=\"application\/ld+json\" class=\"yoast-schema-graph\">{\"@context\":\"https:\/\/schema.org\",\"@graph\":[{\"@type\":\"WebPage\",\"@id\":\"https:\/\/www.champmarket.com\/it\/champagne\/louis-roederer-collection-242-jeroboam-con-box\/\",\"url\":\"https:\/\/www.champmarket.com\/it\/champagne\/louis-roederer-collection-242-jeroboam-con-box\/\",\"name\":\"Louis Roederer Collection 242 Jeroboam con box - Champmarket\",\"isPartOf\":{\"@id\":\"https:\/\/www.champmarket.com\/#website\"},\"primaryImageOfPage\":{\"@id\":\"https:\/\/www.champmarket.com\/it\/champagne\/louis-roederer-collection-242-jeroboam-con-box\/#primaryimage\"},\"image\":{\"@id\":\"https:\/\/www.champmarket.com\/it\/champagne\/louis-roederer-collection-242-jeroboam-con-box\/#primaryimage\"},\"thumbnailUrl\":\"https:\/\/www.champmarket.com\/wp-content\/uploads\/2022\/01\/louis-roederer-collection-242-jeroboam.jpg\",\"datePublished\":\"2022-07-04T10:11:06+00:00\",\"dateModified\":\"2023-04-03T14:06:16+00:00\",\"description\":\"La Collection 242 \u00e8 uno champagne epico: il grande vino multi-vintage della Maison Louis Roederer! Scopritelo in formato Jeroboam\",\"breadcrumb\":{\"@id\":\"https:\/\/www.champmarket.com\/it\/champagne\/louis-roederer-collection-242-jeroboam-con-box\/#breadcrumb\"},\"inLanguage\":\"it-IT\",\"potentialAction\":[{\"@type\":\"ReadAction\",\"target\":[\"https:\/\/www.champmarket.com\/it\/champagne\/louis-roederer-collection-242-jeroboam-con-box\/\"]}]},{\"@type\":\"ImageObject\",\"inLanguage\":\"it-IT\",\"@id\":\"https:\/\/www.champmarket.com\/it\/champagne\/louis-roederer-collection-242-jeroboam-con-box\/#primaryimage\",\"url\":\"https:\/\/www.champmarket.com\/wp-content\/uploads\/2022\/01\/louis-roederer-collection-242-jeroboam.jpg\",\"contentUrl\":\"https:\/\/www.champmarket.com\/wp-content\/uploads\/2022\/01\/louis-roederer-collection-242-jeroboam.jpg\",\"width\":2000,\"height\":2000,\"caption\":\"Champagne Louis Roederer Collection 242 Jeroboam - Champmarket\"},{\"@type\":\"BreadcrumbList\",\"@id\":\"https:\/\/www.champmarket.com\/it\/champagne\/louis-roederer-collection-242-jeroboam-con-box\/#breadcrumb\",\"itemListElement\":[{\"@type\":\"ListItem\",\"position\":1,\"name\":\"Home\",\"item\":\"https:\/\/www.champmarket.com\/it\/acquista-champagne-online-champmarket\/\"},{\"@type\":\"ListItem\",\"position\":2,\"name\":\"Shop\",\"item\":\"https:\/\/www.champmarket.com\/it\/shop\/\"},{\"@type\":\"ListItem\",\"position\":3,\"name\":\"Louis Roederer\",\"item\":\"https:\/\/www.champmarket.com\/it\/maisons\/selection-champagne-louis-roederer-it\/\"},{\"@type\":\"ListItem\",\"position\":4,\"name\":\"Louis Roederer Collection 242 Jeroboam con box\"}]},{\"@type\":\"WebSite\",\"@id\":\"https:\/\/www.champmarket.com\/#website\",\"url\":\"https:\/\/www.champmarket.com\/\",\"name\":\"Champmarket\",\"description\":\"Champmarket, Champagnes, Cadeaux et Art de Vivre\",\"publisher\":{\"@id\":\"https:\/\/www.champmarket.com\/#organization\"},\"potentialAction\":[{\"@type\":\"SearchAction\",\"target\":{\"@type\":\"EntryPoint\",\"urlTemplate\":\"https:\/\/www.champmarket.com\/?s={search_term_string}\"},\"query-input\":{\"@type\":\"PropertyValueSpecification\",\"valueRequired\":true,\"valueName\":\"search_term_string\"}}],\"inLanguage\":\"it-IT\"},{\"@type\":\"Organization\",\"@id\":\"https:\/\/www.champmarket.com\/#organization\",\"name\":\"Champmarket\",\"url\":\"https:\/\/www.champmarket.com\/\",\"logo\":{\"@type\":\"ImageObject\",\"inLanguage\":\"it-IT\",\"@id\":\"https:\/\/www.champmarket.com\/#\/schema\/logo\/image\/\",\"url\":\"https:\/\/www.champmarket.com\/wp-content\/uploads\/2024\/08\/logo2024-1.svg\",\"contentUrl\":\"https:\/\/www.champmarket.com\/wp-content\/uploads\/2024\/08\/logo2024-1.svg\",\"width\":579.8,\"height\":80,\"caption\":\"Champmarket\"},\"image\":{\"@id\":\"https:\/\/www.champmarket.com\/#\/schema\/logo\/image\/\"},\"sameAs\":[\"https:\/\/www.facebook.com\/ChampMarket\/\",\"https:\/\/x.com\/champmarket\",\"https:\/\/www.instagram.com\/champmarket.paris\/\",\"https:\/\/www.pinterest.fr\/champmarketparis\/\",\"https:\/\/www.linkedin.com\/company\/champmarket\/\"]}]}<\/script>\n<!-- \/ Yoast SEO plugin. -->","yoast_head_json":{"title":"Louis Roederer Collection 242 Jeroboam con box - Champmarket","description":"La Collection 242 \u00e8 uno champagne epico: il grande vino multi-vintage della Maison Louis Roederer! Scopritelo in formato Jeroboam","robots":{"index":"index","follow":"follow","max-snippet":"max-snippet:-1","max-image-preview":"max-image-preview:large","max-video-preview":"max-video-preview:-1"},"canonical":"https:\/\/www.champmarket.com\/it\/champagne\/louis-roederer-collection-242-jeroboam-con-box\/","og_locale":"it_IT","og_type":"article","og_title":"Louis Roederer Collection 242 Jeroboam con box - Champmarket","og_description":"La Collection 242 \u00e8 uno champagne epico: il grande vino multi-vintage della Maison Louis Roederer! Scopritelo in formato Jeroboam","og_url":"https:\/\/www.champmarket.com\/it\/champagne\/louis-roederer-collection-242-jeroboam-con-box\/","og_site_name":"Champmarket","article_publisher":"https:\/\/www.facebook.com\/ChampMarket\/","article_modified_time":"2023-04-03T14:06:16+00:00","og_image":[{"width":2000,"height":2000,"url":"https:\/\/www.champmarket.com\/wp-content\/uploads\/2022\/01\/louis-roederer-collection-242-jeroboam.jpg","type":"image\/jpeg"}],"twitter_card":"summary_large_image","twitter_site":"@champmarket","twitter_misc":{"Tempo di lettura stimato":"1 minuto"},"schema":{"@context":"https:\/\/schema.org","@graph":[{"@type":"WebPage","@id":"https:\/\/www.champmarket.com\/it\/champagne\/louis-roederer-collection-242-jeroboam-con-box\/","url":"https:\/\/www.champmarket.com\/it\/champagne\/louis-roederer-collection-242-jeroboam-con-box\/","name":"Louis Roederer Collection 242 Jeroboam con box - Champmarket","isPartOf":{"@id":"https:\/\/www.champmarket.com\/#website"},"primaryImageOfPage":{"@id":"https:\/\/www.champmarket.com\/it\/champagne\/louis-roederer-collection-242-jeroboam-con-box\/#primaryimage"},"image":{"@id":"https:\/\/www.champmarket.com\/it\/champagne\/louis-roederer-collection-242-jeroboam-con-box\/#primaryimage"},"thumbnailUrl":"https:\/\/www.champmarket.com\/wp-content\/uploads\/2022\/01\/louis-roederer-collection-242-jeroboam.jpg","datePublished":"2022-07-04T10:11:06+00:00","dateModified":"2023-04-03T14:06:16+00:00","description":"La Collection 242 \u00e8 uno champagne epico: il grande vino multi-vintage della Maison Louis Roederer! Scopritelo in formato Jeroboam","breadcrumb":{"@id":"https:\/\/www.champmarket.com\/it\/champagne\/louis-roederer-collection-242-jeroboam-con-box\/#breadcrumb"},"inLanguage":"it-IT","potentialAction":[{"@type":"ReadAction","target":["https:\/\/www.champmarket.com\/it\/champagne\/louis-roederer-collection-242-jeroboam-con-box\/"]}]},{"@type":"ImageObject","inLanguage":"it-IT","@id":"https:\/\/www.champmarket.com\/it\/champagne\/louis-roederer-collection-242-jeroboam-con-box\/#primaryimage","url":"https:\/\/www.champmarket.com\/wp-content\/uploads\/2022\/01\/louis-roederer-collection-242-jeroboam.jpg","contentUrl":"https:\/\/www.champmarket.com\/wp-content\/uploads\/2022\/01\/louis-roederer-collection-242-jeroboam.jpg","width":2000,"height":2000,"caption":"Champagne Louis Roederer Collection 242 Jeroboam - Champmarket"},{"@type":"BreadcrumbList","@id":"https:\/\/www.champmarket.com\/it\/champagne\/louis-roederer-collection-242-jeroboam-con-box\/#breadcrumb","itemListElement":[{"@type":"ListItem","position":1,"name":"Home","item":"https:\/\/www.champmarket.com\/it\/acquista-champagne-online-champmarket\/"},{"@type":"ListItem","position":2,"name":"Shop","item":"https:\/\/www.champmarket.com\/it\/shop\/"},{"@type":"ListItem","position":3,"name":"Louis Roederer","item":"https:\/\/www.champmarket.com\/it\/maisons\/selection-champagne-louis-roederer-it\/"},{"@type":"ListItem","position":4,"name":"Louis Roederer Collection 242 Jeroboam con box"}]},{"@type":"WebSite","@id":"https:\/\/www.champmarket.com\/#website","url":"https:\/\/www.champmarket.com\/","name":"Champmarket","description":"Champmarket, Champagnes, Cadeaux et Art de Vivre","publisher":{"@id":"https:\/\/www.champmarket.com\/#organization"},"potentialAction":[{"@type":"SearchAction","target":{"@type":"EntryPoint","urlTemplate":"https:\/\/www.champmarket.com\/?s={search_term_string}"},"query-input":{"@type":"PropertyValueSpecification","valueRequired":true,"valueName":"search_term_string"}}],"inLanguage":"it-IT"},{"@type":"Organization","@id":"https:\/\/www.champmarket.com\/#organization","name":"Champmarket","url":"https:\/\/www.champmarket.com\/","logo":{"@type":"ImageObject","inLanguage":"it-IT","@id":"https:\/\/www.champmarket.com\/#\/schema\/logo\/image\/","url":"https:\/\/www.champmarket.com\/wp-content\/uploads\/2024\/08\/logo2024-1.svg","contentUrl":"https:\/\/www.champmarket.com\/wp-content\/uploads\/2024\/08\/logo2024-1.svg","width":579.8,"height":80,"caption":"Champmarket"},"image":{"@id":"https:\/\/www.champmarket.com\/#\/schema\/logo\/image\/"},"sameAs":["https:\/\/www.facebook.com\/ChampMarket\/","https:\/\/x.com\/champmarket","https:\/\/www.instagram.com\/champmarket.paris\/","https:\/\/www.pinterest.fr\/champmarketparis\/","https:\/\/www.linkedin.com\/company\/champmarket\/"]}]}},"_links":{"self":[{"href":"https:\/\/www.champmarket.com\/it\/wp-json\/wp\/v2\/product\/38706","targetHints":{"allow":["GET"]}}],"collection":[{"href":"https:\/\/www.champmarket.com\/it\/wp-json\/wp\/v2\/product"}],"about":[{"href":"https:\/\/www.champmarket.com\/it\/wp-json\/wp\/v2\/types\/product"}],"version-history":[{"count":0,"href":"https:\/\/www.champmarket.com\/it\/wp-json\/wp\/v2\/product\/38706\/revisions"}],"wp:featuredmedia":[{"embeddable":true,"href":"https:\/\/www.champmarket.com\/it\/wp-json\/wp\/v2\/media\/37327"}],"wp:attachment":[{"href":"https:\/\/www.champmarket.com\/it\/wp-json\/wp\/v2\/media?parent=38706"}],"wp:term":[{"taxonomy":"product_brand","embeddable":true,"href":"https:\/\/www.champmarket.com\/it\/wp-json\/wp\/v2\/product_brand?post=38706"},{"taxonomy":"product_cat","embeddable":true,"href":"https:\/\/www.champmarket.com\/it\/wp-json\/wp\/v2\/product_cat?post=38706"},{"taxonomy":"product_tag","embeddable":true,"href":"https:\/\/www.champmarket.com\/it\/wp-json\/wp\/v2\/product_tag?post=38706"}],"curies":[{"name":"wp","href":"https:\/\/api.w.org\/{rel}","templated":true}]}}