{"id":38734,"date":"2021-02-18T16:08:11","date_gmt":"2021-02-18T15:08:11","guid":{"rendered":"https:\/\/www.champmarket.com\/champagne\/moet-chandon-rose-imperial-magnum\/"},"modified":"2023-03-17T10:43:10","modified_gmt":"2023-03-17T09:43:10","slug":"moet-chandon-rose-imperial-magnum-2","status":"publish","type":"product","link":"https:\/\/www.champmarket.com\/it\/champagne\/moet-chandon-rose-imperial-magnum-2\/","title":{"rendered":"Mo\u00ebt &amp; Chandon Ros\u00e9 Imperial Magnum"},"content":{"rendered":"<p>Mo\u00ebt &amp; Chandon Ros\u00e9 Imp\u00e9rial \u00e8 caratterizzato da un aroma fruttato e floreale, leggermente speziato con menta e pepe, e si accompagna a piatti semplici dai sapori intensi.<\/p>\n<p>Il formato Magnum \u00e8 una bottiglia grande con una capacit\u00e0 di 1,5 litri, che rappresenta 2 bottiglie di champagne o 12 bicchieri. Questo grande formato \u00e8 ideale per ricevimenti e occasioni speciali.<\/p>\n","protected":false},"excerpt":{"rendered":"<p>Espressione pi\u00f9 spontanea dello stile Mo\u00ebt &amp; Chandon, il Ros\u00e9 Imp\u00e9rial si distingue per il suo radioso colore rosa, l&#8217;intenso fruttato dell&#8217;uva Pinot Meunier e la finezza dei vini di riserva che completano l&#8217;assemblaggio.<\/p>\n","protected":false},"featured_media":37226,"template":"","meta":{"_acf_changed":false},"product_brand":[],"product_cat":[3469,3307,2402,2226,2227,2775,2376,2420,2223,2222,2224],"product_tag":[2230,2250,2254,2229],"class_list":{"0":"post-38734","1":"product","2":"type-product","3":"status-publish","4":"has-post-thumbnail","6":"maisons-selection-champagne-moet-chandon-it","7":"product_cat-selezione-grands-flacons","8":"product_cat-tutti-gli-champagne-e-i-set-regalo-esclusivi","9":"product_cat-categorie-moet-et-chandon-it","10":"product_cat-bottiglie-grande-it","11":"product_cat-magnum-it","12":"product_cat-tutti-gli-champagne","13":"product_cat-champagne-rose-it","14":"product_cat-dessert-it","15":"product_cat-aperitif-it","16":"product_cat-evenement-cocktail-it","17":"product_cat-repas-it","18":"product_tag-grande-fiaschetta","19":"product_tag-la-vie-en-rose-it","20":"product_tag-dessert-gouter-it","21":"product_tag-per-un-pasto-con-champagne","23":"first","24":"instock","25":"taxable","26":"shipping-taxable","27":"purchasable","28":"product-type-simple"},"acf":[],"yoast_head":"<!-- This site is optimized with the Yoast SEO plugin v26.4 - https:\/\/yoast.com\/wordpress\/plugins\/seo\/ -->\n<title>Mo\u00ebt &amp; Chandon Ros\u00e9 Imperial Magnum - Champmarket<\/title>\n<meta name=\"description\" content=\"Espressione pi\u00f9 spontanea dello stile Mo\u00ebt &amp; Chandon, il Ros\u00e9 Imp\u00e9rial Magnum \u00e8 uno champagne dal fruttato intenso e dal colore rosa brillante.\" \/>\n<meta name=\"robots\" content=\"index, follow, max-snippet:-1, max-image-preview:large, max-video-preview:-1\" \/>\n<link rel=\"canonical\" href=\"https:\/\/www.champmarket.com\/it\/champagne\/moet-chandon-rose-imperial-magnum-2\/\" \/>\n<meta property=\"og:locale\" content=\"it_IT\" \/>\n<meta property=\"og:type\" content=\"article\" \/>\n<meta property=\"og:title\" content=\"Mo\u00ebt &amp; Chandon Ros\u00e9 Imperial Magnum - Champmarket\" \/>\n<meta property=\"og:description\" content=\"Espressione pi\u00f9 spontanea dello stile Mo\u00ebt &amp; Chandon, il Ros\u00e9 Imp\u00e9rial Magnum \u00e8 uno champagne dal fruttato intenso e dal colore rosa brillante.\" \/>\n<meta property=\"og:url\" content=\"https:\/\/www.champmarket.com\/it\/champagne\/moet-chandon-rose-imperial-magnum-2\/\" \/>\n<meta property=\"og:site_name\" content=\"Champmarket\" \/>\n<meta property=\"article:publisher\" content=\"https:\/\/www.facebook.com\/ChampMarket\/\" \/>\n<meta property=\"article:modified_time\" content=\"2023-03-17T09:43:10+00:00\" \/>\n<meta property=\"og:image\" content=\"https:\/\/www.champmarket.com\/wp-content\/uploads\/2021\/02\/moet-et-chandon-rose-magnum.webp\" \/>\n\t<meta property=\"og:image:width\" content=\"2000\" \/>\n\t<meta property=\"og:image:height\" content=\"2000\" \/>\n\t<meta property=\"og:image:type\" content=\"image\/jpeg\" \/>\n<meta name=\"twitter:card\" content=\"summary_large_image\" \/>\n<meta name=\"twitter:site\" content=\"@champmarket\" \/>\n<script type=\"application\/ld+json\" class=\"yoast-schema-graph\">{\"@context\":\"https:\/\/schema.org\",\"@graph\":[{\"@type\":\"WebPage\",\"@id\":\"https:\/\/www.champmarket.com\/it\/champagne\/moet-chandon-rose-imperial-magnum-2\/\",\"url\":\"https:\/\/www.champmarket.com\/it\/champagne\/moet-chandon-rose-imperial-magnum-2\/\",\"name\":\"Mo\u00ebt &amp; Chandon Ros\u00e9 Imperial Magnum - Champmarket\",\"isPartOf\":{\"@id\":\"https:\/\/www.champmarket.com\/#website\"},\"primaryImageOfPage\":{\"@id\":\"https:\/\/www.champmarket.com\/it\/champagne\/moet-chandon-rose-imperial-magnum-2\/#primaryimage\"},\"image\":{\"@id\":\"https:\/\/www.champmarket.com\/it\/champagne\/moet-chandon-rose-imperial-magnum-2\/#primaryimage\"},\"thumbnailUrl\":\"https:\/\/www.champmarket.com\/wp-content\/uploads\/2021\/02\/moet-et-chandon-rose-magnum.webp\",\"datePublished\":\"2021-02-18T15:08:11+00:00\",\"dateModified\":\"2023-03-17T09:43:10+00:00\",\"description\":\"Espressione pi\u00f9 spontanea dello stile Mo\u00ebt & Chandon, il Ros\u00e9 Imp\u00e9rial Magnum \u00e8 uno champagne dal fruttato intenso e dal colore rosa brillante.\",\"breadcrumb\":{\"@id\":\"https:\/\/www.champmarket.com\/it\/champagne\/moet-chandon-rose-imperial-magnum-2\/#breadcrumb\"},\"inLanguage\":\"it-IT\",\"potentialAction\":[{\"@type\":\"ReadAction\",\"target\":[\"https:\/\/www.champmarket.com\/it\/champagne\/moet-chandon-rose-imperial-magnum-2\/\"]}]},{\"@type\":\"ImageObject\",\"inLanguage\":\"it-IT\",\"@id\":\"https:\/\/www.champmarket.com\/it\/champagne\/moet-chandon-rose-imperial-magnum-2\/#primaryimage\",\"url\":\"https:\/\/www.champmarket.com\/wp-content\/uploads\/2021\/02\/moet-et-chandon-rose-magnum.webp\",\"contentUrl\":\"https:\/\/www.champmarket.com\/wp-content\/uploads\/2021\/02\/moet-et-chandon-rose-magnum.webp\",\"width\":2000,\"height\":2000,\"caption\":\"Champagne Mo\u00ebt &amp; Chandon Ros\u00e9 Imperial Magnum - Champmarket\"},{\"@type\":\"BreadcrumbList\",\"@id\":\"https:\/\/www.champmarket.com\/it\/champagne\/moet-chandon-rose-imperial-magnum-2\/#breadcrumb\",\"itemListElement\":[{\"@type\":\"ListItem\",\"position\":1,\"name\":\"Home\",\"item\":\"https:\/\/www.champmarket.com\/it\/acquista-champagne-online-champmarket\/\"},{\"@type\":\"ListItem\",\"position\":2,\"name\":\"Shop\",\"item\":\"https:\/\/www.champmarket.com\/it\/shop\/\"},{\"@type\":\"ListItem\",\"position\":3,\"name\":\"Mo\u00ebt &amp; Chandon\",\"item\":\"https:\/\/www.champmarket.com\/it\/maisons\/selection-champagne-moet-chandon-it\/\"},{\"@type\":\"ListItem\",\"position\":4,\"name\":\"Mo\u00ebt &amp; Chandon Ros\u00e9 Imperial Magnum\"}]},{\"@type\":\"WebSite\",\"@id\":\"https:\/\/www.champmarket.com\/#website\",\"url\":\"https:\/\/www.champmarket.com\/\",\"name\":\"Champmarket\",\"description\":\"Champmarket, Champagnes, Cadeaux et Art de Vivre\",\"publisher\":{\"@id\":\"https:\/\/www.champmarket.com\/#organization\"},\"potentialAction\":[{\"@type\":\"SearchAction\",\"target\":{\"@type\":\"EntryPoint\",\"urlTemplate\":\"https:\/\/www.champmarket.com\/?s={search_term_string}\"},\"query-input\":{\"@type\":\"PropertyValueSpecification\",\"valueRequired\":true,\"valueName\":\"search_term_string\"}}],\"inLanguage\":\"it-IT\"},{\"@type\":\"Organization\",\"@id\":\"https:\/\/www.champmarket.com\/#organization\",\"name\":\"Champmarket\",\"url\":\"https:\/\/www.champmarket.com\/\",\"logo\":{\"@type\":\"ImageObject\",\"inLanguage\":\"it-IT\",\"@id\":\"https:\/\/www.champmarket.com\/#\/schema\/logo\/image\/\",\"url\":\"https:\/\/www.champmarket.com\/wp-content\/uploads\/2024\/08\/logo2024-1.svg\",\"contentUrl\":\"https:\/\/www.champmarket.com\/wp-content\/uploads\/2024\/08\/logo2024-1.svg\",\"width\":579.8,\"height\":80,\"caption\":\"Champmarket\"},\"image\":{\"@id\":\"https:\/\/www.champmarket.com\/#\/schema\/logo\/image\/\"},\"sameAs\":[\"https:\/\/www.facebook.com\/ChampMarket\/\",\"https:\/\/x.com\/champmarket\",\"https:\/\/www.instagram.com\/champmarket.paris\/\",\"https:\/\/www.pinterest.fr\/champmarketparis\/\",\"https:\/\/www.linkedin.com\/company\/champmarket\/\"]}]}<\/script>\n<!-- \/ Yoast SEO plugin. -->","yoast_head_json":{"title":"Mo\u00ebt &amp; Chandon Ros\u00e9 Imperial Magnum - Champmarket","description":"Espressione pi\u00f9 spontanea dello stile Mo\u00ebt & Chandon, il Ros\u00e9 Imp\u00e9rial Magnum \u00e8 uno champagne dal fruttato intenso e dal colore rosa brillante.","robots":{"index":"index","follow":"follow","max-snippet":"max-snippet:-1","max-image-preview":"max-image-preview:large","max-video-preview":"max-video-preview:-1"},"canonical":"https:\/\/www.champmarket.com\/it\/champagne\/moet-chandon-rose-imperial-magnum-2\/","og_locale":"it_IT","og_type":"article","og_title":"Mo\u00ebt &amp; Chandon Ros\u00e9 Imperial Magnum - Champmarket","og_description":"Espressione pi\u00f9 spontanea dello stile Mo\u00ebt & Chandon, il Ros\u00e9 Imp\u00e9rial Magnum \u00e8 uno champagne dal fruttato intenso e dal colore rosa brillante.","og_url":"https:\/\/www.champmarket.com\/it\/champagne\/moet-chandon-rose-imperial-magnum-2\/","og_site_name":"Champmarket","article_publisher":"https:\/\/www.facebook.com\/ChampMarket\/","article_modified_time":"2023-03-17T09:43:10+00:00","og_image":[{"width":2000,"height":2000,"url":"https:\/\/www.champmarket.com\/wp-content\/uploads\/2021\/02\/moet-et-chandon-rose-magnum.webp","type":"image\/jpeg"}],"twitter_card":"summary_large_image","twitter_site":"@champmarket","schema":{"@context":"https:\/\/schema.org","@graph":[{"@type":"WebPage","@id":"https:\/\/www.champmarket.com\/it\/champagne\/moet-chandon-rose-imperial-magnum-2\/","url":"https:\/\/www.champmarket.com\/it\/champagne\/moet-chandon-rose-imperial-magnum-2\/","name":"Mo\u00ebt &amp; Chandon Ros\u00e9 Imperial Magnum - Champmarket","isPartOf":{"@id":"https:\/\/www.champmarket.com\/#website"},"primaryImageOfPage":{"@id":"https:\/\/www.champmarket.com\/it\/champagne\/moet-chandon-rose-imperial-magnum-2\/#primaryimage"},"image":{"@id":"https:\/\/www.champmarket.com\/it\/champagne\/moet-chandon-rose-imperial-magnum-2\/#primaryimage"},"thumbnailUrl":"https:\/\/www.champmarket.com\/wp-content\/uploads\/2021\/02\/moet-et-chandon-rose-magnum.webp","datePublished":"2021-02-18T15:08:11+00:00","dateModified":"2023-03-17T09:43:10+00:00","description":"Espressione pi\u00f9 spontanea dello stile Mo\u00ebt & Chandon, il Ros\u00e9 Imp\u00e9rial Magnum \u00e8 uno champagne dal fruttato intenso e dal colore rosa brillante.","breadcrumb":{"@id":"https:\/\/www.champmarket.com\/it\/champagne\/moet-chandon-rose-imperial-magnum-2\/#breadcrumb"},"inLanguage":"it-IT","potentialAction":[{"@type":"ReadAction","target":["https:\/\/www.champmarket.com\/it\/champagne\/moet-chandon-rose-imperial-magnum-2\/"]}]},{"@type":"ImageObject","inLanguage":"it-IT","@id":"https:\/\/www.champmarket.com\/it\/champagne\/moet-chandon-rose-imperial-magnum-2\/#primaryimage","url":"https:\/\/www.champmarket.com\/wp-content\/uploads\/2021\/02\/moet-et-chandon-rose-magnum.webp","contentUrl":"https:\/\/www.champmarket.com\/wp-content\/uploads\/2021\/02\/moet-et-chandon-rose-magnum.webp","width":2000,"height":2000,"caption":"Champagne Mo\u00ebt &amp; Chandon Ros\u00e9 Imperial Magnum - Champmarket"},{"@type":"BreadcrumbList","@id":"https:\/\/www.champmarket.com\/it\/champagne\/moet-chandon-rose-imperial-magnum-2\/#breadcrumb","itemListElement":[{"@type":"ListItem","position":1,"name":"Home","item":"https:\/\/www.champmarket.com\/it\/acquista-champagne-online-champmarket\/"},{"@type":"ListItem","position":2,"name":"Shop","item":"https:\/\/www.champmarket.com\/it\/shop\/"},{"@type":"ListItem","position":3,"name":"Mo\u00ebt &amp; Chandon","item":"https:\/\/www.champmarket.com\/it\/maisons\/selection-champagne-moet-chandon-it\/"},{"@type":"ListItem","position":4,"name":"Mo\u00ebt &amp; Chandon Ros\u00e9 Imperial Magnum"}]},{"@type":"WebSite","@id":"https:\/\/www.champmarket.com\/#website","url":"https:\/\/www.champmarket.com\/","name":"Champmarket","description":"Champmarket, Champagnes, Cadeaux et Art de Vivre","publisher":{"@id":"https:\/\/www.champmarket.com\/#organization"},"potentialAction":[{"@type":"SearchAction","target":{"@type":"EntryPoint","urlTemplate":"https:\/\/www.champmarket.com\/?s={search_term_string}"},"query-input":{"@type":"PropertyValueSpecification","valueRequired":true,"valueName":"search_term_string"}}],"inLanguage":"it-IT"},{"@type":"Organization","@id":"https:\/\/www.champmarket.com\/#organization","name":"Champmarket","url":"https:\/\/www.champmarket.com\/","logo":{"@type":"ImageObject","inLanguage":"it-IT","@id":"https:\/\/www.champmarket.com\/#\/schema\/logo\/image\/","url":"https:\/\/www.champmarket.com\/wp-content\/uploads\/2024\/08\/logo2024-1.svg","contentUrl":"https:\/\/www.champmarket.com\/wp-content\/uploads\/2024\/08\/logo2024-1.svg","width":579.8,"height":80,"caption":"Champmarket"},"image":{"@id":"https:\/\/www.champmarket.com\/#\/schema\/logo\/image\/"},"sameAs":["https:\/\/www.facebook.com\/ChampMarket\/","https:\/\/x.com\/champmarket","https:\/\/www.instagram.com\/champmarket.paris\/","https:\/\/www.pinterest.fr\/champmarketparis\/","https:\/\/www.linkedin.com\/company\/champmarket\/"]}]}},"_links":{"self":[{"href":"https:\/\/www.champmarket.com\/it\/wp-json\/wp\/v2\/product\/38734","targetHints":{"allow":["GET"]}}],"collection":[{"href":"https:\/\/www.champmarket.com\/it\/wp-json\/wp\/v2\/product"}],"about":[{"href":"https:\/\/www.champmarket.com\/it\/wp-json\/wp\/v2\/types\/product"}],"version-history":[{"count":0,"href":"https:\/\/www.champmarket.com\/it\/wp-json\/wp\/v2\/product\/38734\/revisions"}],"wp:featuredmedia":[{"embeddable":true,"href":"https:\/\/www.champmarket.com\/it\/wp-json\/wp\/v2\/media\/37226"}],"wp:attachment":[{"href":"https:\/\/www.champmarket.com\/it\/wp-json\/wp\/v2\/media?parent=38734"}],"wp:term":[{"taxonomy":"product_brand","embeddable":true,"href":"https:\/\/www.champmarket.com\/it\/wp-json\/wp\/v2\/product_brand?post=38734"},{"taxonomy":"product_cat","embeddable":true,"href":"https:\/\/www.champmarket.com\/it\/wp-json\/wp\/v2\/product_cat?post=38734"},{"taxonomy":"product_tag","embeddable":true,"href":"https:\/\/www.champmarket.com\/it\/wp-json\/wp\/v2\/product_tag?post=38734"}],"curies":[{"name":"wp","href":"https:\/\/api.w.org\/{rel}","templated":true}]}}