{"id":38851,"date":"2021-02-18T16:10:15","date_gmt":"2022-07-07T17:30:08","guid":{"rendered":"https:\/\/www.champmarket.com\/champagne\/piper-heidsieck-cuvee-brut-duopack-box-2-bottiglie\/"},"modified":"2022-07-19T16:14:43","modified_gmt":"2022-07-19T14:14:43","slug":"piper-heidsieck-cuvee-brut-coffret-duopack-2-bottiglie","status":"publish","type":"product","link":"https:\/\/www.champmarket.com\/it\/champagne\/piper-heidsieck-cuvee-brut-coffret-duopack-2-bottiglie\/","title":{"rendered":"Piper-Heidsieck Cuv\u00e9e Brut Duopack Box 2 bottiglie"},"content":{"rendered":"<p>Firma della Maison Piper-Heidsieck, la Cuv\u00e9e Brut \u00e8 uno champagne armonioso e vivace, che ricorda la grande ricchezza del suo assemblaggio di 100 cru.<\/p>\n<p>Con il Duopack, la Cuv\u00e9e Brut Piper-Heidsieck si beve semplicemente come aperitivo, per il piacere del momento.<\/p>\n<p>&nbsp;<\/p>\n","protected":false},"excerpt":{"rendered":"<p>Con le sue 2 bottiglie (2 x 0,75L), la Cuv\u00e9e Brut box di Piper-Heidsieck \u00e8 il regalo perfetto, il compagno ideale per aperitivi e ricevimenti improvvisati.<\/p>\n","protected":false},"featured_media":37398,"template":"","meta":{"_acf_changed":false},"product_brand":[],"product_cat":[3307,2407,2238,2775,2372,2223,2222],"product_tag":[2228,2255,2231],"class_list":{"0":"post-38851","1":"product","2":"type-product","3":"status-publish","4":"has-post-thumbnail","6":"maisons-selection-champagne-piper-heidsieck-it","7":"product_cat-tutti-gli-champagne-e-i-set-regalo-esclusivi","8":"product_cat-categorie-piper-heidsieck-it","9":"product_cat-bouteilles-it","10":"product_cat-tutti-gli-champagne","11":"product_cat-champagne-brut-it","12":"product_cat-aperitif-it","13":"product_cat-evenement-cocktail-it","14":"product_tag-aperitif-it","15":"product_tag-pour-offrir-it","16":"product_tag-cocktail-event-it","18":"first","19":"instock","20":"taxable","21":"shipping-taxable","22":"purchasable","23":"product-type-simple"},"acf":[],"yoast_head":"<!-- This site is optimized with the Yoast SEO plugin v26.4 - https:\/\/yoast.com\/wordpress\/plugins\/seo\/ -->\n<title>Piper-Heidsieck Cuv\u00e9e Brut Duopack Box 2 bottiglie - Champmarket<\/title>\n<meta name=\"description\" content=\"Con le sue 2 bottiglie, il Piper-Heidsieck Cuv\u00e9e Brut Duopack box \u00e8 il regalo perfetto, il compagno ideale per aperitivi e ricevimenti improvvisati.\" \/>\n<meta name=\"robots\" content=\"index, follow, max-snippet:-1, max-image-preview:large, max-video-preview:-1\" \/>\n<link rel=\"canonical\" href=\"https:\/\/www.champmarket.com\/it\/champagne\/piper-heidsieck-cuvee-brut-coffret-duopack-2-bottiglie\/\" \/>\n<meta property=\"og:locale\" content=\"it_IT\" \/>\n<meta property=\"og:type\" content=\"article\" \/>\n<meta property=\"og:title\" content=\"Piper-Heidsieck Cuv\u00e9e Brut Duopack Box 2 bottiglie - Champmarket\" \/>\n<meta property=\"og:description\" content=\"Con le sue 2 bottiglie, il Piper-Heidsieck Cuv\u00e9e Brut Duopack box \u00e8 il regalo perfetto, il compagno ideale per aperitivi e ricevimenti improvvisati.\" \/>\n<meta property=\"og:url\" content=\"https:\/\/www.champmarket.com\/it\/champagne\/piper-heidsieck-cuvee-brut-coffret-duopack-2-bottiglie\/\" \/>\n<meta property=\"og:site_name\" content=\"Champmarket\" \/>\n<meta property=\"article:publisher\" content=\"https:\/\/www.facebook.com\/ChampMarket\/\" \/>\n<meta property=\"article:modified_time\" content=\"2022-07-19T14:14:43+00:00\" \/>\n<meta property=\"og:image\" content=\"https:\/\/www.champmarket.com\/wp-content\/uploads\/2021\/02\/piper-heidsieck-cuvee-brut-duopack.jpg\" \/>\n\t<meta property=\"og:image:width\" content=\"2000\" \/>\n\t<meta property=\"og:image:height\" content=\"2000\" \/>\n\t<meta property=\"og:image:type\" content=\"image\/jpeg\" \/>\n<meta name=\"twitter:card\" content=\"summary_large_image\" \/>\n<meta name=\"twitter:site\" content=\"@champmarket\" \/>\n<script type=\"application\/ld+json\" class=\"yoast-schema-graph\">{\"@context\":\"https:\/\/schema.org\",\"@graph\":[{\"@type\":\"WebPage\",\"@id\":\"https:\/\/www.champmarket.com\/it\/champagne\/piper-heidsieck-cuvee-brut-coffret-duopack-2-bottiglie\/\",\"url\":\"https:\/\/www.champmarket.com\/it\/champagne\/piper-heidsieck-cuvee-brut-coffret-duopack-2-bottiglie\/\",\"name\":\"Piper-Heidsieck Cuv\u00e9e Brut Duopack Box 2 bottiglie - Champmarket\",\"isPartOf\":{\"@id\":\"https:\/\/www.champmarket.com\/#website\"},\"primaryImageOfPage\":{\"@id\":\"https:\/\/www.champmarket.com\/it\/champagne\/piper-heidsieck-cuvee-brut-coffret-duopack-2-bottiglie\/#primaryimage\"},\"image\":{\"@id\":\"https:\/\/www.champmarket.com\/it\/champagne\/piper-heidsieck-cuvee-brut-coffret-duopack-2-bottiglie\/#primaryimage\"},\"thumbnailUrl\":\"https:\/\/www.champmarket.com\/wp-content\/uploads\/2021\/02\/piper-heidsieck-cuvee-brut-duopack.webp\",\"datePublished\":\"2022-07-07T17:30:08+00:00\",\"dateModified\":\"2022-07-19T14:14:43+00:00\",\"description\":\"Con le sue 2 bottiglie, il Piper-Heidsieck Cuv\u00e9e Brut Duopack box \u00e8 il regalo perfetto, il compagno ideale per aperitivi e ricevimenti improvvisati.\",\"breadcrumb\":{\"@id\":\"https:\/\/www.champmarket.com\/it\/champagne\/piper-heidsieck-cuvee-brut-coffret-duopack-2-bottiglie\/#breadcrumb\"},\"inLanguage\":\"it-IT\",\"potentialAction\":[{\"@type\":\"ReadAction\",\"target\":[\"https:\/\/www.champmarket.com\/it\/champagne\/piper-heidsieck-cuvee-brut-coffret-duopack-2-bottiglie\/\"]}]},{\"@type\":\"ImageObject\",\"inLanguage\":\"it-IT\",\"@id\":\"https:\/\/www.champmarket.com\/it\/champagne\/piper-heidsieck-cuvee-brut-coffret-duopack-2-bottiglie\/#primaryimage\",\"url\":\"https:\/\/www.champmarket.com\/wp-content\/uploads\/2021\/02\/piper-heidsieck-cuvee-brut-duopack.webp\",\"contentUrl\":\"https:\/\/www.champmarket.com\/wp-content\/uploads\/2021\/02\/piper-heidsieck-cuvee-brut-duopack.webp\",\"width\":2000,\"height\":2000,\"caption\":\"Champagne Piper-Heidsieck Cuv\u00e9e Brut Duopack 2 bottiglie - Champmarket\"},{\"@type\":\"BreadcrumbList\",\"@id\":\"https:\/\/www.champmarket.com\/it\/champagne\/piper-heidsieck-cuvee-brut-coffret-duopack-2-bottiglie\/#breadcrumb\",\"itemListElement\":[{\"@type\":\"ListItem\",\"position\":1,\"name\":\"Home\",\"item\":\"https:\/\/www.champmarket.com\/it\/acquista-champagne-online-champmarket\/\"},{\"@type\":\"ListItem\",\"position\":2,\"name\":\"Shop\",\"item\":\"https:\/\/www.champmarket.com\/it\/shop\/\"},{\"@type\":\"ListItem\",\"position\":3,\"name\":\"Piper-Heidsieck\",\"item\":\"https:\/\/www.champmarket.com\/it\/maisons\/selection-champagne-piper-heidsieck-it\/\"},{\"@type\":\"ListItem\",\"position\":4,\"name\":\"Piper-Heidsieck Cuv\u00e9e Brut Duopack Box 2 bottiglie\"}]},{\"@type\":\"WebSite\",\"@id\":\"https:\/\/www.champmarket.com\/#website\",\"url\":\"https:\/\/www.champmarket.com\/\",\"name\":\"Champmarket\",\"description\":\"Champmarket, Champagnes, Cadeaux et Art de Vivre\",\"publisher\":{\"@id\":\"https:\/\/www.champmarket.com\/#organization\"},\"potentialAction\":[{\"@type\":\"SearchAction\",\"target\":{\"@type\":\"EntryPoint\",\"urlTemplate\":\"https:\/\/www.champmarket.com\/?s={search_term_string}\"},\"query-input\":{\"@type\":\"PropertyValueSpecification\",\"valueRequired\":true,\"valueName\":\"search_term_string\"}}],\"inLanguage\":\"it-IT\"},{\"@type\":\"Organization\",\"@id\":\"https:\/\/www.champmarket.com\/#organization\",\"name\":\"Champmarket\",\"url\":\"https:\/\/www.champmarket.com\/\",\"logo\":{\"@type\":\"ImageObject\",\"inLanguage\":\"it-IT\",\"@id\":\"https:\/\/www.champmarket.com\/#\/schema\/logo\/image\/\",\"url\":\"https:\/\/www.champmarket.com\/wp-content\/uploads\/2024\/08\/logo2024-1.svg\",\"contentUrl\":\"https:\/\/www.champmarket.com\/wp-content\/uploads\/2024\/08\/logo2024-1.svg\",\"width\":579.8,\"height\":80,\"caption\":\"Champmarket\"},\"image\":{\"@id\":\"https:\/\/www.champmarket.com\/#\/schema\/logo\/image\/\"},\"sameAs\":[\"https:\/\/www.facebook.com\/ChampMarket\/\",\"https:\/\/x.com\/champmarket\",\"https:\/\/www.instagram.com\/champmarket.paris\/\",\"https:\/\/www.pinterest.fr\/champmarketparis\/\",\"https:\/\/www.linkedin.com\/company\/champmarket\/\"]}]}<\/script>\n<!-- \/ Yoast SEO plugin. -->","yoast_head_json":{"title":"Piper-Heidsieck Cuv\u00e9e Brut Duopack Box 2 bottiglie - Champmarket","description":"Con le sue 2 bottiglie, il Piper-Heidsieck Cuv\u00e9e Brut Duopack box \u00e8 il regalo perfetto, il compagno ideale per aperitivi e ricevimenti improvvisati.","robots":{"index":"index","follow":"follow","max-snippet":"max-snippet:-1","max-image-preview":"max-image-preview:large","max-video-preview":"max-video-preview:-1"},"canonical":"https:\/\/www.champmarket.com\/it\/champagne\/piper-heidsieck-cuvee-brut-coffret-duopack-2-bottiglie\/","og_locale":"it_IT","og_type":"article","og_title":"Piper-Heidsieck Cuv\u00e9e Brut Duopack Box 2 bottiglie - Champmarket","og_description":"Con le sue 2 bottiglie, il Piper-Heidsieck Cuv\u00e9e Brut Duopack box \u00e8 il regalo perfetto, il compagno ideale per aperitivi e ricevimenti improvvisati.","og_url":"https:\/\/www.champmarket.com\/it\/champagne\/piper-heidsieck-cuvee-brut-coffret-duopack-2-bottiglie\/","og_site_name":"Champmarket","article_publisher":"https:\/\/www.facebook.com\/ChampMarket\/","article_modified_time":"2022-07-19T14:14:43+00:00","og_image":[{"width":2000,"height":2000,"url":"https:\/\/www.champmarket.com\/wp-content\/uploads\/2021\/02\/piper-heidsieck-cuvee-brut-duopack.jpg","type":"image\/jpeg"}],"twitter_card":"summary_large_image","twitter_site":"@champmarket","schema":{"@context":"https:\/\/schema.org","@graph":[{"@type":"WebPage","@id":"https:\/\/www.champmarket.com\/it\/champagne\/piper-heidsieck-cuvee-brut-coffret-duopack-2-bottiglie\/","url":"https:\/\/www.champmarket.com\/it\/champagne\/piper-heidsieck-cuvee-brut-coffret-duopack-2-bottiglie\/","name":"Piper-Heidsieck Cuv\u00e9e Brut Duopack Box 2 bottiglie - Champmarket","isPartOf":{"@id":"https:\/\/www.champmarket.com\/#website"},"primaryImageOfPage":{"@id":"https:\/\/www.champmarket.com\/it\/champagne\/piper-heidsieck-cuvee-brut-coffret-duopack-2-bottiglie\/#primaryimage"},"image":{"@id":"https:\/\/www.champmarket.com\/it\/champagne\/piper-heidsieck-cuvee-brut-coffret-duopack-2-bottiglie\/#primaryimage"},"thumbnailUrl":"https:\/\/www.champmarket.com\/wp-content\/uploads\/2021\/02\/piper-heidsieck-cuvee-brut-duopack.webp","datePublished":"2022-07-07T17:30:08+00:00","dateModified":"2022-07-19T14:14:43+00:00","description":"Con le sue 2 bottiglie, il Piper-Heidsieck Cuv\u00e9e Brut Duopack box \u00e8 il regalo perfetto, il compagno ideale per aperitivi e ricevimenti improvvisati.","breadcrumb":{"@id":"https:\/\/www.champmarket.com\/it\/champagne\/piper-heidsieck-cuvee-brut-coffret-duopack-2-bottiglie\/#breadcrumb"},"inLanguage":"it-IT","potentialAction":[{"@type":"ReadAction","target":["https:\/\/www.champmarket.com\/it\/champagne\/piper-heidsieck-cuvee-brut-coffret-duopack-2-bottiglie\/"]}]},{"@type":"ImageObject","inLanguage":"it-IT","@id":"https:\/\/www.champmarket.com\/it\/champagne\/piper-heidsieck-cuvee-brut-coffret-duopack-2-bottiglie\/#primaryimage","url":"https:\/\/www.champmarket.com\/wp-content\/uploads\/2021\/02\/piper-heidsieck-cuvee-brut-duopack.webp","contentUrl":"https:\/\/www.champmarket.com\/wp-content\/uploads\/2021\/02\/piper-heidsieck-cuvee-brut-duopack.webp","width":2000,"height":2000,"caption":"Champagne Piper-Heidsieck Cuv\u00e9e Brut Duopack 2 bottiglie - Champmarket"},{"@type":"BreadcrumbList","@id":"https:\/\/www.champmarket.com\/it\/champagne\/piper-heidsieck-cuvee-brut-coffret-duopack-2-bottiglie\/#breadcrumb","itemListElement":[{"@type":"ListItem","position":1,"name":"Home","item":"https:\/\/www.champmarket.com\/it\/acquista-champagne-online-champmarket\/"},{"@type":"ListItem","position":2,"name":"Shop","item":"https:\/\/www.champmarket.com\/it\/shop\/"},{"@type":"ListItem","position":3,"name":"Piper-Heidsieck","item":"https:\/\/www.champmarket.com\/it\/maisons\/selection-champagne-piper-heidsieck-it\/"},{"@type":"ListItem","position":4,"name":"Piper-Heidsieck Cuv\u00e9e Brut Duopack Box 2 bottiglie"}]},{"@type":"WebSite","@id":"https:\/\/www.champmarket.com\/#website","url":"https:\/\/www.champmarket.com\/","name":"Champmarket","description":"Champmarket, Champagnes, Cadeaux et Art de Vivre","publisher":{"@id":"https:\/\/www.champmarket.com\/#organization"},"potentialAction":[{"@type":"SearchAction","target":{"@type":"EntryPoint","urlTemplate":"https:\/\/www.champmarket.com\/?s={search_term_string}"},"query-input":{"@type":"PropertyValueSpecification","valueRequired":true,"valueName":"search_term_string"}}],"inLanguage":"it-IT"},{"@type":"Organization","@id":"https:\/\/www.champmarket.com\/#organization","name":"Champmarket","url":"https:\/\/www.champmarket.com\/","logo":{"@type":"ImageObject","inLanguage":"it-IT","@id":"https:\/\/www.champmarket.com\/#\/schema\/logo\/image\/","url":"https:\/\/www.champmarket.com\/wp-content\/uploads\/2024\/08\/logo2024-1.svg","contentUrl":"https:\/\/www.champmarket.com\/wp-content\/uploads\/2024\/08\/logo2024-1.svg","width":579.8,"height":80,"caption":"Champmarket"},"image":{"@id":"https:\/\/www.champmarket.com\/#\/schema\/logo\/image\/"},"sameAs":["https:\/\/www.facebook.com\/ChampMarket\/","https:\/\/x.com\/champmarket","https:\/\/www.instagram.com\/champmarket.paris\/","https:\/\/www.pinterest.fr\/champmarketparis\/","https:\/\/www.linkedin.com\/company\/champmarket\/"]}]}},"_links":{"self":[{"href":"https:\/\/www.champmarket.com\/it\/wp-json\/wp\/v2\/product\/38851","targetHints":{"allow":["GET"]}}],"collection":[{"href":"https:\/\/www.champmarket.com\/it\/wp-json\/wp\/v2\/product"}],"about":[{"href":"https:\/\/www.champmarket.com\/it\/wp-json\/wp\/v2\/types\/product"}],"version-history":[{"count":0,"href":"https:\/\/www.champmarket.com\/it\/wp-json\/wp\/v2\/product\/38851\/revisions"}],"wp:featuredmedia":[{"embeddable":true,"href":"https:\/\/www.champmarket.com\/it\/wp-json\/wp\/v2\/media\/37398"}],"wp:attachment":[{"href":"https:\/\/www.champmarket.com\/it\/wp-json\/wp\/v2\/media?parent=38851"}],"wp:term":[{"taxonomy":"product_brand","embeddable":true,"href":"https:\/\/www.champmarket.com\/it\/wp-json\/wp\/v2\/product_brand?post=38851"},{"taxonomy":"product_cat","embeddable":true,"href":"https:\/\/www.champmarket.com\/it\/wp-json\/wp\/v2\/product_cat?post=38851"},{"taxonomy":"product_tag","embeddable":true,"href":"https:\/\/www.champmarket.com\/it\/wp-json\/wp\/v2\/product_tag?post=38851"}],"curies":[{"name":"wp","href":"https:\/\/api.w.org\/{rel}","templated":true}]}}