{"id":38854,"date":"2021-02-18T16:10:11","date_gmt":"2021-02-18T15:10:11","guid":{"rendered":"https:\/\/www.champmarket.com\/champagne\/piper-heidsieck-cuvee-brut-magnum-con-astuccio\/"},"modified":"2022-07-19T16:14:48","modified_gmt":"2022-07-19T14:14:48","slug":"piper-heidsieck-cuvee-brut-magnum-con-astuccio","status":"publish","type":"product","link":"https:\/\/www.champmarket.com\/it\/champagne\/piper-heidsieck-cuvee-brut-magnum-con-astuccio\/","title":{"rendered":"Piper-Heidsieck Cuv\u00e9e Brut Magnum con astuccio"},"content":{"rendered":"<p>La Cuv\u00e9e Brut si beve semplicemente come aperitivo, per il piacere del momento.<\/p>\n<p>Per s\u00e9 o come regalo, la sua elegante astuccio \u00e8 adatta a tutte le occasioni.<\/p>\n<p>Il formato Magnum da 1,5 litri \u00e8 ideale per ricevimenti e cene.<\/p>\n","protected":false},"excerpt":{"rendered":"<p>Firma della Maison Piper-Heidsieck, la Cuv\u00e9e Brut \u00e8 uno champagne armonioso e vivace, che ricorda la grande ricchezza del suo assemblaggio di 100 cru.<\/p>\n","protected":false},"featured_media":37030,"template":"","meta":{"_acf_changed":false},"product_brand":[],"product_cat":[3307,2407,2226,2227,2368,2775,2372,2223,2222],"product_tag":[2228,2255,2231],"class_list":{"0":"post-38854","1":"product","2":"type-product","3":"status-publish","4":"has-post-thumbnail","6":"maisons-selection-champagne-piper-heidsieck-it","7":"product_cat-tutti-gli-champagne-e-i-set-regalo-esclusivi","8":"product_cat-categorie-piper-heidsieck-it","9":"product_cat-bottiglie-grande-it","10":"product_cat-magnum-it","11":"product_cat-regali-professionali-it","12":"product_cat-tutti-gli-champagne","13":"product_cat-champagne-brut-it","14":"product_cat-aperitif-it","15":"product_cat-evenement-cocktail-it","16":"product_tag-aperitif-it","17":"product_tag-pour-offrir-it","18":"product_tag-cocktail-event-it","20":"first","21":"instock","22":"taxable","23":"shipping-taxable","24":"purchasable","25":"product-type-simple"},"acf":[],"yoast_head":"<!-- This site is optimized with the Yoast SEO plugin v26.4 - https:\/\/yoast.com\/wordpress\/plugins\/seo\/ -->\n<title>Piper-Heidsieck Cuv\u00e9e Brut Magnum con astuccio - Champmarket<\/title>\n<meta name=\"description\" content=\"La Cuv\u00e9e Brut Magnum Piper-Heidsieck \u00e8 uno champagne armonioso e vivace, il cui formato \u00e8 ideale per i vostri ricevimenti, le vostre cene o le vostre degustazioni.\" \/>\n<meta name=\"robots\" content=\"index, follow, max-snippet:-1, max-image-preview:large, max-video-preview:-1\" \/>\n<link rel=\"canonical\" href=\"https:\/\/www.champmarket.com\/it\/champagne\/piper-heidsieck-cuvee-brut-magnum-con-astuccio\/\" \/>\n<meta property=\"og:locale\" content=\"it_IT\" \/>\n<meta property=\"og:type\" content=\"article\" \/>\n<meta property=\"og:title\" content=\"Piper-Heidsieck Cuv\u00e9e Brut Magnum con astuccio - Champmarket\" \/>\n<meta property=\"og:description\" content=\"La Cuv\u00e9e Brut Magnum Piper-Heidsieck \u00e8 uno champagne armonioso e vivace, il cui formato \u00e8 ideale per i vostri ricevimenti, le vostre cene o le vostre degustazioni.\" \/>\n<meta property=\"og:url\" content=\"https:\/\/www.champmarket.com\/it\/champagne\/piper-heidsieck-cuvee-brut-magnum-con-astuccio\/\" \/>\n<meta property=\"og:site_name\" content=\"Champmarket\" \/>\n<meta property=\"article:publisher\" content=\"https:\/\/www.facebook.com\/ChampMarket\/\" \/>\n<meta property=\"article:modified_time\" content=\"2022-07-19T14:14:48+00:00\" \/>\n<meta property=\"og:image\" content=\"https:\/\/www.champmarket.com\/wp-content\/uploads\/2021\/02\/piper-heidsieck-cuvee-brut-magnum-etui-1.webp\" \/>\n\t<meta property=\"og:image:width\" content=\"2000\" \/>\n\t<meta property=\"og:image:height\" content=\"2000\" \/>\n\t<meta property=\"og:image:type\" content=\"image\/jpeg\" \/>\n<meta name=\"twitter:card\" content=\"summary_large_image\" \/>\n<meta name=\"twitter:site\" content=\"@champmarket\" \/>\n<script type=\"application\/ld+json\" class=\"yoast-schema-graph\">{\"@context\":\"https:\/\/schema.org\",\"@graph\":[{\"@type\":\"WebPage\",\"@id\":\"https:\/\/www.champmarket.com\/it\/champagne\/piper-heidsieck-cuvee-brut-magnum-con-astuccio\/\",\"url\":\"https:\/\/www.champmarket.com\/it\/champagne\/piper-heidsieck-cuvee-brut-magnum-con-astuccio\/\",\"name\":\"Piper-Heidsieck Cuv\u00e9e Brut Magnum con astuccio - Champmarket\",\"isPartOf\":{\"@id\":\"https:\/\/www.champmarket.com\/#website\"},\"primaryImageOfPage\":{\"@id\":\"https:\/\/www.champmarket.com\/it\/champagne\/piper-heidsieck-cuvee-brut-magnum-con-astuccio\/#primaryimage\"},\"image\":{\"@id\":\"https:\/\/www.champmarket.com\/it\/champagne\/piper-heidsieck-cuvee-brut-magnum-con-astuccio\/#primaryimage\"},\"thumbnailUrl\":\"https:\/\/www.champmarket.com\/wp-content\/uploads\/2021\/02\/piper-heidsieck-cuvee-brut-magnum-etui-1.webp\",\"datePublished\":\"2021-02-18T15:10:11+00:00\",\"dateModified\":\"2022-07-19T14:14:48+00:00\",\"description\":\"La Cuv\u00e9e Brut Magnum Piper-Heidsieck \u00e8 uno champagne armonioso e vivace, il cui formato \u00e8 ideale per i vostri ricevimenti, le vostre cene o le vostre degustazioni.\",\"breadcrumb\":{\"@id\":\"https:\/\/www.champmarket.com\/it\/champagne\/piper-heidsieck-cuvee-brut-magnum-con-astuccio\/#breadcrumb\"},\"inLanguage\":\"it-IT\",\"potentialAction\":[{\"@type\":\"ReadAction\",\"target\":[\"https:\/\/www.champmarket.com\/it\/champagne\/piper-heidsieck-cuvee-brut-magnum-con-astuccio\/\"]}]},{\"@type\":\"ImageObject\",\"inLanguage\":\"it-IT\",\"@id\":\"https:\/\/www.champmarket.com\/it\/champagne\/piper-heidsieck-cuvee-brut-magnum-con-astuccio\/#primaryimage\",\"url\":\"https:\/\/www.champmarket.com\/wp-content\/uploads\/2021\/02\/piper-heidsieck-cuvee-brut-magnum-etui-1.webp\",\"contentUrl\":\"https:\/\/www.champmarket.com\/wp-content\/uploads\/2021\/02\/piper-heidsieck-cuvee-brut-magnum-etui-1.webp\",\"width\":2000,\"height\":2000,\"caption\":\"Champagne Piper-Heidsieck Cuv\u00e9e Brut Magnum con astuccio - Champmarket\"},{\"@type\":\"BreadcrumbList\",\"@id\":\"https:\/\/www.champmarket.com\/it\/champagne\/piper-heidsieck-cuvee-brut-magnum-con-astuccio\/#breadcrumb\",\"itemListElement\":[{\"@type\":\"ListItem\",\"position\":1,\"name\":\"Home\",\"item\":\"https:\/\/www.champmarket.com\/it\/acquista-champagne-online-champmarket\/\"},{\"@type\":\"ListItem\",\"position\":2,\"name\":\"Shop\",\"item\":\"https:\/\/www.champmarket.com\/it\/shop\/\"},{\"@type\":\"ListItem\",\"position\":3,\"name\":\"Piper-Heidsieck\",\"item\":\"https:\/\/www.champmarket.com\/it\/maisons\/selection-champagne-piper-heidsieck-it\/\"},{\"@type\":\"ListItem\",\"position\":4,\"name\":\"Piper-Heidsieck Cuv\u00e9e Brut Magnum con astuccio\"}]},{\"@type\":\"WebSite\",\"@id\":\"https:\/\/www.champmarket.com\/#website\",\"url\":\"https:\/\/www.champmarket.com\/\",\"name\":\"Champmarket\",\"description\":\"Champmarket, Champagnes, Cadeaux et Art de Vivre\",\"publisher\":{\"@id\":\"https:\/\/www.champmarket.com\/#organization\"},\"potentialAction\":[{\"@type\":\"SearchAction\",\"target\":{\"@type\":\"EntryPoint\",\"urlTemplate\":\"https:\/\/www.champmarket.com\/?s={search_term_string}\"},\"query-input\":{\"@type\":\"PropertyValueSpecification\",\"valueRequired\":true,\"valueName\":\"search_term_string\"}}],\"inLanguage\":\"it-IT\"},{\"@type\":\"Organization\",\"@id\":\"https:\/\/www.champmarket.com\/#organization\",\"name\":\"Champmarket\",\"url\":\"https:\/\/www.champmarket.com\/\",\"logo\":{\"@type\":\"ImageObject\",\"inLanguage\":\"it-IT\",\"@id\":\"https:\/\/www.champmarket.com\/#\/schema\/logo\/image\/\",\"url\":\"https:\/\/www.champmarket.com\/wp-content\/uploads\/2024\/08\/logo2024-1.svg\",\"contentUrl\":\"https:\/\/www.champmarket.com\/wp-content\/uploads\/2024\/08\/logo2024-1.svg\",\"width\":579.8,\"height\":80,\"caption\":\"Champmarket\"},\"image\":{\"@id\":\"https:\/\/www.champmarket.com\/#\/schema\/logo\/image\/\"},\"sameAs\":[\"https:\/\/www.facebook.com\/ChampMarket\/\",\"https:\/\/x.com\/champmarket\",\"https:\/\/www.instagram.com\/champmarket.paris\/\",\"https:\/\/www.pinterest.fr\/champmarketparis\/\",\"https:\/\/www.linkedin.com\/company\/champmarket\/\"]}]}<\/script>\n<!-- \/ Yoast SEO plugin. -->","yoast_head_json":{"title":"Piper-Heidsieck Cuv\u00e9e Brut Magnum con astuccio - Champmarket","description":"La Cuv\u00e9e Brut Magnum Piper-Heidsieck \u00e8 uno champagne armonioso e vivace, il cui formato \u00e8 ideale per i vostri ricevimenti, le vostre cene o le vostre degustazioni.","robots":{"index":"index","follow":"follow","max-snippet":"max-snippet:-1","max-image-preview":"max-image-preview:large","max-video-preview":"max-video-preview:-1"},"canonical":"https:\/\/www.champmarket.com\/it\/champagne\/piper-heidsieck-cuvee-brut-magnum-con-astuccio\/","og_locale":"it_IT","og_type":"article","og_title":"Piper-Heidsieck Cuv\u00e9e Brut Magnum con astuccio - Champmarket","og_description":"La Cuv\u00e9e Brut Magnum Piper-Heidsieck \u00e8 uno champagne armonioso e vivace, il cui formato \u00e8 ideale per i vostri ricevimenti, le vostre cene o le vostre degustazioni.","og_url":"https:\/\/www.champmarket.com\/it\/champagne\/piper-heidsieck-cuvee-brut-magnum-con-astuccio\/","og_site_name":"Champmarket","article_publisher":"https:\/\/www.facebook.com\/ChampMarket\/","article_modified_time":"2022-07-19T14:14:48+00:00","og_image":[{"width":2000,"height":2000,"url":"https:\/\/www.champmarket.com\/wp-content\/uploads\/2021\/02\/piper-heidsieck-cuvee-brut-magnum-etui-1.webp","type":"image\/jpeg"}],"twitter_card":"summary_large_image","twitter_site":"@champmarket","schema":{"@context":"https:\/\/schema.org","@graph":[{"@type":"WebPage","@id":"https:\/\/www.champmarket.com\/it\/champagne\/piper-heidsieck-cuvee-brut-magnum-con-astuccio\/","url":"https:\/\/www.champmarket.com\/it\/champagne\/piper-heidsieck-cuvee-brut-magnum-con-astuccio\/","name":"Piper-Heidsieck Cuv\u00e9e Brut Magnum con astuccio - Champmarket","isPartOf":{"@id":"https:\/\/www.champmarket.com\/#website"},"primaryImageOfPage":{"@id":"https:\/\/www.champmarket.com\/it\/champagne\/piper-heidsieck-cuvee-brut-magnum-con-astuccio\/#primaryimage"},"image":{"@id":"https:\/\/www.champmarket.com\/it\/champagne\/piper-heidsieck-cuvee-brut-magnum-con-astuccio\/#primaryimage"},"thumbnailUrl":"https:\/\/www.champmarket.com\/wp-content\/uploads\/2021\/02\/piper-heidsieck-cuvee-brut-magnum-etui-1.webp","datePublished":"2021-02-18T15:10:11+00:00","dateModified":"2022-07-19T14:14:48+00:00","description":"La Cuv\u00e9e Brut Magnum Piper-Heidsieck \u00e8 uno champagne armonioso e vivace, il cui formato \u00e8 ideale per i vostri ricevimenti, le vostre cene o le vostre degustazioni.","breadcrumb":{"@id":"https:\/\/www.champmarket.com\/it\/champagne\/piper-heidsieck-cuvee-brut-magnum-con-astuccio\/#breadcrumb"},"inLanguage":"it-IT","potentialAction":[{"@type":"ReadAction","target":["https:\/\/www.champmarket.com\/it\/champagne\/piper-heidsieck-cuvee-brut-magnum-con-astuccio\/"]}]},{"@type":"ImageObject","inLanguage":"it-IT","@id":"https:\/\/www.champmarket.com\/it\/champagne\/piper-heidsieck-cuvee-brut-magnum-con-astuccio\/#primaryimage","url":"https:\/\/www.champmarket.com\/wp-content\/uploads\/2021\/02\/piper-heidsieck-cuvee-brut-magnum-etui-1.webp","contentUrl":"https:\/\/www.champmarket.com\/wp-content\/uploads\/2021\/02\/piper-heidsieck-cuvee-brut-magnum-etui-1.webp","width":2000,"height":2000,"caption":"Champagne Piper-Heidsieck Cuv\u00e9e Brut Magnum con astuccio - Champmarket"},{"@type":"BreadcrumbList","@id":"https:\/\/www.champmarket.com\/it\/champagne\/piper-heidsieck-cuvee-brut-magnum-con-astuccio\/#breadcrumb","itemListElement":[{"@type":"ListItem","position":1,"name":"Home","item":"https:\/\/www.champmarket.com\/it\/acquista-champagne-online-champmarket\/"},{"@type":"ListItem","position":2,"name":"Shop","item":"https:\/\/www.champmarket.com\/it\/shop\/"},{"@type":"ListItem","position":3,"name":"Piper-Heidsieck","item":"https:\/\/www.champmarket.com\/it\/maisons\/selection-champagne-piper-heidsieck-it\/"},{"@type":"ListItem","position":4,"name":"Piper-Heidsieck Cuv\u00e9e Brut Magnum con astuccio"}]},{"@type":"WebSite","@id":"https:\/\/www.champmarket.com\/#website","url":"https:\/\/www.champmarket.com\/","name":"Champmarket","description":"Champmarket, Champagnes, Cadeaux et Art de Vivre","publisher":{"@id":"https:\/\/www.champmarket.com\/#organization"},"potentialAction":[{"@type":"SearchAction","target":{"@type":"EntryPoint","urlTemplate":"https:\/\/www.champmarket.com\/?s={search_term_string}"},"query-input":{"@type":"PropertyValueSpecification","valueRequired":true,"valueName":"search_term_string"}}],"inLanguage":"it-IT"},{"@type":"Organization","@id":"https:\/\/www.champmarket.com\/#organization","name":"Champmarket","url":"https:\/\/www.champmarket.com\/","logo":{"@type":"ImageObject","inLanguage":"it-IT","@id":"https:\/\/www.champmarket.com\/#\/schema\/logo\/image\/","url":"https:\/\/www.champmarket.com\/wp-content\/uploads\/2024\/08\/logo2024-1.svg","contentUrl":"https:\/\/www.champmarket.com\/wp-content\/uploads\/2024\/08\/logo2024-1.svg","width":579.8,"height":80,"caption":"Champmarket"},"image":{"@id":"https:\/\/www.champmarket.com\/#\/schema\/logo\/image\/"},"sameAs":["https:\/\/www.facebook.com\/ChampMarket\/","https:\/\/x.com\/champmarket","https:\/\/www.instagram.com\/champmarket.paris\/","https:\/\/www.pinterest.fr\/champmarketparis\/","https:\/\/www.linkedin.com\/company\/champmarket\/"]}]}},"_links":{"self":[{"href":"https:\/\/www.champmarket.com\/it\/wp-json\/wp\/v2\/product\/38854","targetHints":{"allow":["GET"]}}],"collection":[{"href":"https:\/\/www.champmarket.com\/it\/wp-json\/wp\/v2\/product"}],"about":[{"href":"https:\/\/www.champmarket.com\/it\/wp-json\/wp\/v2\/types\/product"}],"version-history":[{"count":0,"href":"https:\/\/www.champmarket.com\/it\/wp-json\/wp\/v2\/product\/38854\/revisions"}],"wp:featuredmedia":[{"embeddable":true,"href":"https:\/\/www.champmarket.com\/it\/wp-json\/wp\/v2\/media\/37030"}],"wp:attachment":[{"href":"https:\/\/www.champmarket.com\/it\/wp-json\/wp\/v2\/media?parent=38854"}],"wp:term":[{"taxonomy":"product_brand","embeddable":true,"href":"https:\/\/www.champmarket.com\/it\/wp-json\/wp\/v2\/product_brand?post=38854"},{"taxonomy":"product_cat","embeddable":true,"href":"https:\/\/www.champmarket.com\/it\/wp-json\/wp\/v2\/product_cat?post=38854"},{"taxonomy":"product_tag","embeddable":true,"href":"https:\/\/www.champmarket.com\/it\/wp-json\/wp\/v2\/product_tag?post=38854"}],"curies":[{"name":"wp","href":"https:\/\/api.w.org\/{rel}","templated":true}]}}