{"id":38894,"date":"2022-04-01T14:31:32","date_gmt":"2022-04-01T12:31:32","guid":{"rendered":"https:\/\/www.champmarket.com\/champagne\/veuve-clicquot-vintage-rose-2012-bottiglia-con-box\/"},"modified":"2022-07-19T16:16:16","modified_gmt":"2022-07-19T14:16:16","slug":"veuve-clicquot-vintage-rose-2012-bottiglia-con-box","status":"publish","type":"product","link":"https:\/\/www.champmarket.com\/it\/champagne\/veuve-clicquot-vintage-rose-2012-bottiglia-con-box\/","title":{"rendered":"Veuve Clicquot Vintage Ros\u00e9 2012 Bottiglia con box"},"content":{"rendered":"<p>Madame Clicquot ruppe con la tradizione e nel 1810 cre\u00f2 il primo ros\u00e9 assemblato in Champagne, un&#8217;invenzione importante che fu gradualmente ripresa da molte case. Per farlo, ha sostituito il metodo tradizionale noto come &#8220;teinte&#8221;, che utilizzava un liquore di sambuco per colorare il vino, con l&#8217;assemblaggio di vini bianchi chiari con vini rossi provenienti dal suo vigneto di Bouzy, producendo cos\u00ec il primo cosiddetto &#8220;assemblage&#8221; ros\u00e9. Ancora una volta, Madame Clicquot \u00e8 stata pioniera nel cambiare le regole. L&#8217;eccezionale qualit\u00e0 dei suoi vini rossi, provenienti dai vigneti pi\u00f9 ricercati, potrebbe permettergli di realizzare questa rivoluzione, il cui segreto sta nell&#8217;assemblaggio.<\/p>\n<p>Per s\u00e9 o come regalo, la sua elegante box \u00e8 adatta a tutte le occasioni.<\/p>\n","protected":false},"excerpt":{"rendered":"<p>Veuve Clicquot Vintage Ros\u00e9 2012 \u00e8 l&#8217;espressione di una vendemmia prodigiosa, ignorando le delicate condizioni climatiche della Champagne. Anche se la quantit\u00e0 \u00e8 stata inferiore a causa dei danni, la qualit\u00e0 \u00e8 stata ottimale e promette un buon periodo di invecchiamento per i vini. Veuve Clicquot Vintage Ros\u00e9 2012 con box \u00e8 uno champagne persistente e vivace, potente e voluttuoso, con aromi di frutti rossi. In bocca termina con freschezza e lunghezza, con un tocco finale di frutta rossa e ciliegia.<\/p>\n","protected":false},"featured_media":37434,"template":"","meta":{"_acf_changed":false},"product_brand":[],"product_cat":[3307,2411,2238,2368,2775,2376,2225,2223,2224],"product_tag":[2228,2250,2255,2229,2232],"class_list":{"0":"post-38894","1":"product","2":"type-product","3":"status-publish","4":"has-post-thumbnail","6":"maisons-selection-champagne-veuve-clicquot-it","7":"product_cat-tutti-gli-champagne-e-i-set-regalo-esclusivi","8":"product_cat-categorie-veuve-clicquot-it","9":"product_cat-bouteilles-it","10":"product_cat-regali-professionali-it","11":"product_cat-tutti-gli-champagne","12":"product_cat-champagne-rose-it","13":"product_cat-champagne-millesime-it","14":"product_cat-aperitif-it","15":"product_cat-repas-it","16":"product_tag-aperitif-it","17":"product_tag-la-vie-en-rose-it","18":"product_tag-pour-offrir-it","19":"product_tag-per-un-pasto-con-champagne","20":"product_tag-vintage-it","22":"first","23":"outofstock","24":"taxable","25":"shipping-taxable","26":"purchasable","27":"product-type-simple"},"acf":[],"yoast_head":"<!-- This site is optimized with the Yoast SEO plugin v26.4 - https:\/\/yoast.com\/wordpress\/plugins\/seo\/ -->\n<title>Veuve Clicquot Vintage Ros\u00e9 2012 Bottiglia con box - Champmarket<\/title>\n<meta name=\"description\" content=\"Veuve Clicquot Vintage Ros\u00e9 2012 con box \u00e8 l&#039;espressione di un raccolto prodigioso. Anche se la quantit\u00e0 \u00e8 stata inferiore a causa dei danni, la qualit\u00e0 \u00e8 stata ottimale e promette un buon periodo di invecchiamento per i vini.\" \/>\n<meta name=\"robots\" content=\"index, follow, max-snippet:-1, max-image-preview:large, max-video-preview:-1\" \/>\n<link rel=\"canonical\" href=\"https:\/\/www.champmarket.com\/it\/champagne\/veuve-clicquot-vintage-rose-2012-bottiglia-con-box\/\" \/>\n<meta property=\"og:locale\" content=\"it_IT\" \/>\n<meta property=\"og:type\" content=\"article\" \/>\n<meta property=\"og:title\" content=\"Veuve Clicquot Vintage Ros\u00e9 2012 Bottiglia con box - Champmarket\" \/>\n<meta property=\"og:description\" content=\"Veuve Clicquot Vintage Ros\u00e9 2012 con box \u00e8 l&#039;espressione di un raccolto prodigioso. Anche se la quantit\u00e0 \u00e8 stata inferiore a causa dei danni, la qualit\u00e0 \u00e8 stata ottimale e promette un buon periodo di invecchiamento per i vini.\" \/>\n<meta property=\"og:url\" content=\"https:\/\/www.champmarket.com\/it\/champagne\/veuve-clicquot-vintage-rose-2012-bottiglia-con-box\/\" \/>\n<meta property=\"og:site_name\" content=\"Champmarket\" \/>\n<meta property=\"article:publisher\" content=\"https:\/\/www.facebook.com\/ChampMarket\/\" \/>\n<meta property=\"article:modified_time\" content=\"2022-07-19T14:16:16+00:00\" \/>\n<meta property=\"og:image\" content=\"https:\/\/www.champmarket.com\/wp-content\/uploads\/2022\/04\/moet-et-chandon-grand-vintage-rose-2012-bouteille-coffret.webp\" \/>\n\t<meta property=\"og:image:width\" content=\"2000\" \/>\n\t<meta property=\"og:image:height\" content=\"2000\" \/>\n\t<meta property=\"og:image:type\" content=\"image\/jpeg\" \/>\n<meta name=\"twitter:card\" content=\"summary_large_image\" \/>\n<meta name=\"twitter:site\" content=\"@champmarket\" \/>\n<meta name=\"twitter:label1\" content=\"Tempo di lettura stimato\" \/>\n\t<meta name=\"twitter:data1\" content=\"1 minuto\" \/>\n<script type=\"application\/ld+json\" class=\"yoast-schema-graph\">{\"@context\":\"https:\/\/schema.org\",\"@graph\":[{\"@type\":\"WebPage\",\"@id\":\"https:\/\/www.champmarket.com\/it\/champagne\/veuve-clicquot-vintage-rose-2012-bottiglia-con-box\/\",\"url\":\"https:\/\/www.champmarket.com\/it\/champagne\/veuve-clicquot-vintage-rose-2012-bottiglia-con-box\/\",\"name\":\"Veuve Clicquot Vintage Ros\u00e9 2012 Bottiglia con box - Champmarket\",\"isPartOf\":{\"@id\":\"https:\/\/www.champmarket.com\/#website\"},\"primaryImageOfPage\":{\"@id\":\"https:\/\/www.champmarket.com\/it\/champagne\/veuve-clicquot-vintage-rose-2012-bottiglia-con-box\/#primaryimage\"},\"image\":{\"@id\":\"https:\/\/www.champmarket.com\/it\/champagne\/veuve-clicquot-vintage-rose-2012-bottiglia-con-box\/#primaryimage\"},\"thumbnailUrl\":\"https:\/\/www.champmarket.com\/wp-content\/uploads\/2022\/04\/moet-et-chandon-grand-vintage-rose-2012-bouteille-coffret.webp\",\"datePublished\":\"2022-04-01T12:31:32+00:00\",\"dateModified\":\"2022-07-19T14:16:16+00:00\",\"description\":\"Veuve Clicquot Vintage Ros\u00e9 2012 con box \u00e8 l'espressione di un raccolto prodigioso. Anche se la quantit\u00e0 \u00e8 stata inferiore a causa dei danni, la qualit\u00e0 \u00e8 stata ottimale e promette un buon periodo di invecchiamento per i vini.\",\"breadcrumb\":{\"@id\":\"https:\/\/www.champmarket.com\/it\/champagne\/veuve-clicquot-vintage-rose-2012-bottiglia-con-box\/#breadcrumb\"},\"inLanguage\":\"it-IT\",\"potentialAction\":[{\"@type\":\"ReadAction\",\"target\":[\"https:\/\/www.champmarket.com\/it\/champagne\/veuve-clicquot-vintage-rose-2012-bottiglia-con-box\/\"]}]},{\"@type\":\"ImageObject\",\"inLanguage\":\"it-IT\",\"@id\":\"https:\/\/www.champmarket.com\/it\/champagne\/veuve-clicquot-vintage-rose-2012-bottiglia-con-box\/#primaryimage\",\"url\":\"https:\/\/www.champmarket.com\/wp-content\/uploads\/2022\/04\/moet-et-chandon-grand-vintage-rose-2012-bouteille-coffret.webp\",\"contentUrl\":\"https:\/\/www.champmarket.com\/wp-content\/uploads\/2022\/04\/moet-et-chandon-grand-vintage-rose-2012-bouteille-coffret.webp\",\"width\":2000,\"height\":2000,\"caption\":\"Champagne Veuve Clicquot Vintage Ros\u00e9 2012 Bottiglia con box - Champmarket\"},{\"@type\":\"BreadcrumbList\",\"@id\":\"https:\/\/www.champmarket.com\/it\/champagne\/veuve-clicquot-vintage-rose-2012-bottiglia-con-box\/#breadcrumb\",\"itemListElement\":[{\"@type\":\"ListItem\",\"position\":1,\"name\":\"Home\",\"item\":\"https:\/\/www.champmarket.com\/it\/acquista-champagne-online-champmarket\/\"},{\"@type\":\"ListItem\",\"position\":2,\"name\":\"Shop\",\"item\":\"https:\/\/www.champmarket.com\/it\/shop\/\"},{\"@type\":\"ListItem\",\"position\":3,\"name\":\"Veuve Clicquot\",\"item\":\"https:\/\/www.champmarket.com\/it\/maisons\/selection-champagne-veuve-clicquot-it\/\"},{\"@type\":\"ListItem\",\"position\":4,\"name\":\"Veuve Clicquot Vintage Ros\u00e9 2012 Bottiglia con box\"}]},{\"@type\":\"WebSite\",\"@id\":\"https:\/\/www.champmarket.com\/#website\",\"url\":\"https:\/\/www.champmarket.com\/\",\"name\":\"Champmarket\",\"description\":\"Champmarket, Champagnes, Cadeaux et Art de Vivre\",\"publisher\":{\"@id\":\"https:\/\/www.champmarket.com\/#organization\"},\"potentialAction\":[{\"@type\":\"SearchAction\",\"target\":{\"@type\":\"EntryPoint\",\"urlTemplate\":\"https:\/\/www.champmarket.com\/?s={search_term_string}\"},\"query-input\":{\"@type\":\"PropertyValueSpecification\",\"valueRequired\":true,\"valueName\":\"search_term_string\"}}],\"inLanguage\":\"it-IT\"},{\"@type\":\"Organization\",\"@id\":\"https:\/\/www.champmarket.com\/#organization\",\"name\":\"Champmarket\",\"url\":\"https:\/\/www.champmarket.com\/\",\"logo\":{\"@type\":\"ImageObject\",\"inLanguage\":\"it-IT\",\"@id\":\"https:\/\/www.champmarket.com\/#\/schema\/logo\/image\/\",\"url\":\"https:\/\/www.champmarket.com\/wp-content\/uploads\/2024\/08\/logo2024-1.svg\",\"contentUrl\":\"https:\/\/www.champmarket.com\/wp-content\/uploads\/2024\/08\/logo2024-1.svg\",\"width\":579.8,\"height\":80,\"caption\":\"Champmarket\"},\"image\":{\"@id\":\"https:\/\/www.champmarket.com\/#\/schema\/logo\/image\/\"},\"sameAs\":[\"https:\/\/www.facebook.com\/ChampMarket\/\",\"https:\/\/x.com\/champmarket\",\"https:\/\/www.instagram.com\/champmarket.paris\/\",\"https:\/\/www.pinterest.fr\/champmarketparis\/\",\"https:\/\/www.linkedin.com\/company\/champmarket\/\"]}]}<\/script>\n<!-- \/ Yoast SEO plugin. -->","yoast_head_json":{"title":"Veuve Clicquot Vintage Ros\u00e9 2012 Bottiglia con box - Champmarket","description":"Veuve Clicquot Vintage Ros\u00e9 2012 con box \u00e8 l'espressione di un raccolto prodigioso. Anche se la quantit\u00e0 \u00e8 stata inferiore a causa dei danni, la qualit\u00e0 \u00e8 stata ottimale e promette un buon periodo di invecchiamento per i vini.","robots":{"index":"index","follow":"follow","max-snippet":"max-snippet:-1","max-image-preview":"max-image-preview:large","max-video-preview":"max-video-preview:-1"},"canonical":"https:\/\/www.champmarket.com\/it\/champagne\/veuve-clicquot-vintage-rose-2012-bottiglia-con-box\/","og_locale":"it_IT","og_type":"article","og_title":"Veuve Clicquot Vintage Ros\u00e9 2012 Bottiglia con box - Champmarket","og_description":"Veuve Clicquot Vintage Ros\u00e9 2012 con box \u00e8 l'espressione di un raccolto prodigioso. Anche se la quantit\u00e0 \u00e8 stata inferiore a causa dei danni, la qualit\u00e0 \u00e8 stata ottimale e promette un buon periodo di invecchiamento per i vini.","og_url":"https:\/\/www.champmarket.com\/it\/champagne\/veuve-clicquot-vintage-rose-2012-bottiglia-con-box\/","og_site_name":"Champmarket","article_publisher":"https:\/\/www.facebook.com\/ChampMarket\/","article_modified_time":"2022-07-19T14:16:16+00:00","og_image":[{"width":2000,"height":2000,"url":"https:\/\/www.champmarket.com\/wp-content\/uploads\/2022\/04\/moet-et-chandon-grand-vintage-rose-2012-bouteille-coffret.webp","type":"image\/jpeg"}],"twitter_card":"summary_large_image","twitter_site":"@champmarket","twitter_misc":{"Tempo di lettura stimato":"1 minuto"},"schema":{"@context":"https:\/\/schema.org","@graph":[{"@type":"WebPage","@id":"https:\/\/www.champmarket.com\/it\/champagne\/veuve-clicquot-vintage-rose-2012-bottiglia-con-box\/","url":"https:\/\/www.champmarket.com\/it\/champagne\/veuve-clicquot-vintage-rose-2012-bottiglia-con-box\/","name":"Veuve Clicquot Vintage Ros\u00e9 2012 Bottiglia con box - Champmarket","isPartOf":{"@id":"https:\/\/www.champmarket.com\/#website"},"primaryImageOfPage":{"@id":"https:\/\/www.champmarket.com\/it\/champagne\/veuve-clicquot-vintage-rose-2012-bottiglia-con-box\/#primaryimage"},"image":{"@id":"https:\/\/www.champmarket.com\/it\/champagne\/veuve-clicquot-vintage-rose-2012-bottiglia-con-box\/#primaryimage"},"thumbnailUrl":"https:\/\/www.champmarket.com\/wp-content\/uploads\/2022\/04\/moet-et-chandon-grand-vintage-rose-2012-bouteille-coffret.webp","datePublished":"2022-04-01T12:31:32+00:00","dateModified":"2022-07-19T14:16:16+00:00","description":"Veuve Clicquot Vintage Ros\u00e9 2012 con box \u00e8 l'espressione di un raccolto prodigioso. Anche se la quantit\u00e0 \u00e8 stata inferiore a causa dei danni, la qualit\u00e0 \u00e8 stata ottimale e promette un buon periodo di invecchiamento per i vini.","breadcrumb":{"@id":"https:\/\/www.champmarket.com\/it\/champagne\/veuve-clicquot-vintage-rose-2012-bottiglia-con-box\/#breadcrumb"},"inLanguage":"it-IT","potentialAction":[{"@type":"ReadAction","target":["https:\/\/www.champmarket.com\/it\/champagne\/veuve-clicquot-vintage-rose-2012-bottiglia-con-box\/"]}]},{"@type":"ImageObject","inLanguage":"it-IT","@id":"https:\/\/www.champmarket.com\/it\/champagne\/veuve-clicquot-vintage-rose-2012-bottiglia-con-box\/#primaryimage","url":"https:\/\/www.champmarket.com\/wp-content\/uploads\/2022\/04\/moet-et-chandon-grand-vintage-rose-2012-bouteille-coffret.webp","contentUrl":"https:\/\/www.champmarket.com\/wp-content\/uploads\/2022\/04\/moet-et-chandon-grand-vintage-rose-2012-bouteille-coffret.webp","width":2000,"height":2000,"caption":"Champagne Veuve Clicquot Vintage Ros\u00e9 2012 Bottiglia con box - Champmarket"},{"@type":"BreadcrumbList","@id":"https:\/\/www.champmarket.com\/it\/champagne\/veuve-clicquot-vintage-rose-2012-bottiglia-con-box\/#breadcrumb","itemListElement":[{"@type":"ListItem","position":1,"name":"Home","item":"https:\/\/www.champmarket.com\/it\/acquista-champagne-online-champmarket\/"},{"@type":"ListItem","position":2,"name":"Shop","item":"https:\/\/www.champmarket.com\/it\/shop\/"},{"@type":"ListItem","position":3,"name":"Veuve Clicquot","item":"https:\/\/www.champmarket.com\/it\/maisons\/selection-champagne-veuve-clicquot-it\/"},{"@type":"ListItem","position":4,"name":"Veuve Clicquot Vintage Ros\u00e9 2012 Bottiglia con box"}]},{"@type":"WebSite","@id":"https:\/\/www.champmarket.com\/#website","url":"https:\/\/www.champmarket.com\/","name":"Champmarket","description":"Champmarket, Champagnes, Cadeaux et Art de Vivre","publisher":{"@id":"https:\/\/www.champmarket.com\/#organization"},"potentialAction":[{"@type":"SearchAction","target":{"@type":"EntryPoint","urlTemplate":"https:\/\/www.champmarket.com\/?s={search_term_string}"},"query-input":{"@type":"PropertyValueSpecification","valueRequired":true,"valueName":"search_term_string"}}],"inLanguage":"it-IT"},{"@type":"Organization","@id":"https:\/\/www.champmarket.com\/#organization","name":"Champmarket","url":"https:\/\/www.champmarket.com\/","logo":{"@type":"ImageObject","inLanguage":"it-IT","@id":"https:\/\/www.champmarket.com\/#\/schema\/logo\/image\/","url":"https:\/\/www.champmarket.com\/wp-content\/uploads\/2024\/08\/logo2024-1.svg","contentUrl":"https:\/\/www.champmarket.com\/wp-content\/uploads\/2024\/08\/logo2024-1.svg","width":579.8,"height":80,"caption":"Champmarket"},"image":{"@id":"https:\/\/www.champmarket.com\/#\/schema\/logo\/image\/"},"sameAs":["https:\/\/www.facebook.com\/ChampMarket\/","https:\/\/x.com\/champmarket","https:\/\/www.instagram.com\/champmarket.paris\/","https:\/\/www.pinterest.fr\/champmarketparis\/","https:\/\/www.linkedin.com\/company\/champmarket\/"]}]}},"_links":{"self":[{"href":"https:\/\/www.champmarket.com\/it\/wp-json\/wp\/v2\/product\/38894","targetHints":{"allow":["GET"]}}],"collection":[{"href":"https:\/\/www.champmarket.com\/it\/wp-json\/wp\/v2\/product"}],"about":[{"href":"https:\/\/www.champmarket.com\/it\/wp-json\/wp\/v2\/types\/product"}],"version-history":[{"count":0,"href":"https:\/\/www.champmarket.com\/it\/wp-json\/wp\/v2\/product\/38894\/revisions"}],"wp:featuredmedia":[{"embeddable":true,"href":"https:\/\/www.champmarket.com\/it\/wp-json\/wp\/v2\/media\/37434"}],"wp:attachment":[{"href":"https:\/\/www.champmarket.com\/it\/wp-json\/wp\/v2\/media?parent=38894"}],"wp:term":[{"taxonomy":"product_brand","embeddable":true,"href":"https:\/\/www.champmarket.com\/it\/wp-json\/wp\/v2\/product_brand?post=38894"},{"taxonomy":"product_cat","embeddable":true,"href":"https:\/\/www.champmarket.com\/it\/wp-json\/wp\/v2\/product_cat?post=38894"},{"taxonomy":"product_tag","embeddable":true,"href":"https:\/\/www.champmarket.com\/it\/wp-json\/wp\/v2\/product_tag?post=38894"}],"curies":[{"name":"wp","href":"https:\/\/api.w.org\/{rel}","templated":true}]}}