{"id":38913,"date":"2021-02-18T16:14:04","date_gmt":"2022-07-11T09:20:47","guid":{"rendered":"https:\/\/www.champmarket.com\/champagne\/veuve-clicquot-extra-brut-extra-old-bottiglia-con-box\/"},"modified":"2022-07-19T16:16:51","modified_gmt":"2022-07-19T14:16:51","slug":"veuve-clicquot-extra-brut-extra-old-bottiglia-con-box","status":"publish","type":"product","link":"https:\/\/www.champmarket.com\/it\/champagne\/veuve-clicquot-extra-brut-extra-old-bottiglia-con-box\/","title":{"rendered":"Veuve Clicquot Extra Brut Extra Old Bottiglia con box"},"content":{"rendered":"<p>Nell&#8217;arte dell&#8217;assemblaggio degli Champagne di Veuve Clicquot, i vini di riserva svolgono uno dei ruoli pi\u00f9 nobili, conferendo profondit\u00e0, raffinatezza e mistero ai loro vini. In omaggio ai valori fondanti della Maison, i suoi vini di riserva sono tra i pi\u00f9 preziosi nella tavolozza del Capo di Casa.<\/p>\n<p>Lo Champagne Extra Brut Extra Old \u00e8 creato solo da questi pregiatissimi vini di riserva, che assorbono l&#8217;essenza della Carte Jaune di Veuve Clicquot per rivelarla sotto una nuova luce, con un dosaggio di zucchero eccezionalmente basso, dove raffinatezza e purezza, opulenza e freschezza sono esaltate al massimo.<\/p>\n<p>Presentato in una lussuosa box regalo, l&#8217;Extra Brut Extra Old \u00e8 uno champagne ideale da regalare o per tutte le occasioni di degustazione.<\/p>\n","protected":false},"excerpt":{"rendered":"<p>Uno champagne assolutamente innovativo che unisce il meglio del patrimonio Veuve Clicquot.<\/p>\n","protected":false},"featured_media":32085,"template":"","meta":{"_acf_changed":false},"product_brand":[],"product_cat":[2411,2238,2775,2374,2224],"product_tag":[2244,2245,2228,2255,2229],"class_list":{"0":"post-38913","1":"product","2":"type-product","3":"status-publish","4":"has-post-thumbnail","6":"maisons-selection-champagne-veuve-clicquot-it","7":"product_cat-categorie-veuve-clicquot-it","8":"product_cat-bouteilles-it","9":"product_cat-tutti-gli-champagne","10":"product_cat-champagne-extra-brut-non-dose-zero-dosage","11":"product_cat-repas-it","12":"product_tag-sushis-it","13":"product_tag-fruits-de-mer-it","14":"product_tag-aperitif-it","15":"product_tag-pour-offrir-it","16":"product_tag-per-un-pasto-con-champagne","18":"first","19":"outofstock","20":"taxable","21":"shipping-taxable","22":"purchasable","23":"product-type-simple"},"acf":[],"yoast_head":"<!-- This site is optimized with the Yoast SEO plugin v26.4 - https:\/\/yoast.com\/wordpress\/plugins\/seo\/ -->\n<title>Veuve Clicquot Extra Brut Extra Old Bottiglia con box - Champmarket<\/title>\n<meta name=\"description\" content=\"Con un basso contenuto di zucchero, l&#039;Extra Brut Extra Old \u00e8 uno champagne assolutamente innovativo che combina il meglio del patrimonio Veuve Clicquot.\" \/>\n<meta name=\"robots\" content=\"index, follow, max-snippet:-1, max-image-preview:large, max-video-preview:-1\" \/>\n<link rel=\"canonical\" href=\"https:\/\/www.champmarket.com\/it\/champagne\/veuve-clicquot-extra-brut-extra-old-bottiglia-con-box\/\" \/>\n<meta property=\"og:locale\" content=\"it_IT\" \/>\n<meta property=\"og:type\" content=\"article\" \/>\n<meta property=\"og:title\" content=\"Veuve Clicquot Extra Brut Extra Old Bottiglia con box - Champmarket\" \/>\n<meta property=\"og:description\" content=\"Con un basso contenuto di zucchero, l&#039;Extra Brut Extra Old \u00e8 uno champagne assolutamente innovativo che combina il meglio del patrimonio Veuve Clicquot.\" \/>\n<meta property=\"og:url\" content=\"https:\/\/www.champmarket.com\/it\/champagne\/veuve-clicquot-extra-brut-extra-old-bottiglia-con-box\/\" \/>\n<meta property=\"og:site_name\" content=\"Champmarket\" \/>\n<meta property=\"article:publisher\" content=\"https:\/\/www.facebook.com\/ChampMarket\/\" \/>\n<meta property=\"article:modified_time\" content=\"2022-07-19T14:16:51+00:00\" \/>\n<meta property=\"og:image\" content=\"https:\/\/www.champmarket.com\/wp-content\/uploads\/2021\/01\/veuve-clicquot-extra-brut-extra-old-bouteille-coffret.jpg\" \/>\n\t<meta property=\"og:image:width\" content=\"2000\" \/>\n\t<meta property=\"og:image:height\" content=\"2000\" \/>\n\t<meta property=\"og:image:type\" content=\"image\/jpeg\" \/>\n<meta name=\"twitter:card\" content=\"summary_large_image\" \/>\n<meta name=\"twitter:site\" content=\"@champmarket\" \/>\n<meta name=\"twitter:label1\" content=\"Tempo di lettura stimato\" \/>\n\t<meta name=\"twitter:data1\" content=\"1 minuto\" \/>\n<script type=\"application\/ld+json\" class=\"yoast-schema-graph\">{\"@context\":\"https:\/\/schema.org\",\"@graph\":[{\"@type\":\"WebPage\",\"@id\":\"https:\/\/www.champmarket.com\/it\/champagne\/veuve-clicquot-extra-brut-extra-old-bottiglia-con-box\/\",\"url\":\"https:\/\/www.champmarket.com\/it\/champagne\/veuve-clicquot-extra-brut-extra-old-bottiglia-con-box\/\",\"name\":\"Veuve Clicquot Extra Brut Extra Old Bottiglia con box - Champmarket\",\"isPartOf\":{\"@id\":\"https:\/\/www.champmarket.com\/#website\"},\"primaryImageOfPage\":{\"@id\":\"https:\/\/www.champmarket.com\/it\/champagne\/veuve-clicquot-extra-brut-extra-old-bottiglia-con-box\/#primaryimage\"},\"image\":{\"@id\":\"https:\/\/www.champmarket.com\/it\/champagne\/veuve-clicquot-extra-brut-extra-old-bottiglia-con-box\/#primaryimage\"},\"thumbnailUrl\":\"https:\/\/www.champmarket.com\/wp-content\/uploads\/2021\/01\/veuve-clicquot-extra-brut-extra-old-bouteille-coffret.webp\",\"datePublished\":\"2022-07-11T09:20:47+00:00\",\"dateModified\":\"2022-07-19T14:16:51+00:00\",\"description\":\"Con un basso contenuto di zucchero, l'Extra Brut Extra Old \u00e8 uno champagne assolutamente innovativo che combina il meglio del patrimonio Veuve Clicquot.\",\"breadcrumb\":{\"@id\":\"https:\/\/www.champmarket.com\/it\/champagne\/veuve-clicquot-extra-brut-extra-old-bottiglia-con-box\/#breadcrumb\"},\"inLanguage\":\"it-IT\",\"potentialAction\":[{\"@type\":\"ReadAction\",\"target\":[\"https:\/\/www.champmarket.com\/it\/champagne\/veuve-clicquot-extra-brut-extra-old-bottiglia-con-box\/\"]}]},{\"@type\":\"ImageObject\",\"inLanguage\":\"it-IT\",\"@id\":\"https:\/\/www.champmarket.com\/it\/champagne\/veuve-clicquot-extra-brut-extra-old-bottiglia-con-box\/#primaryimage\",\"url\":\"https:\/\/www.champmarket.com\/wp-content\/uploads\/2021\/01\/veuve-clicquot-extra-brut-extra-old-bouteille-coffret.webp\",\"contentUrl\":\"https:\/\/www.champmarket.com\/wp-content\/uploads\/2021\/01\/veuve-clicquot-extra-brut-extra-old-bouteille-coffret.webp\",\"width\":2000,\"height\":2000,\"caption\":\"Champagne Veuve Clicquot Extra Brut Extra Old Bottiglia con box - Champmarket\"},{\"@type\":\"BreadcrumbList\",\"@id\":\"https:\/\/www.champmarket.com\/it\/champagne\/veuve-clicquot-extra-brut-extra-old-bottiglia-con-box\/#breadcrumb\",\"itemListElement\":[{\"@type\":\"ListItem\",\"position\":1,\"name\":\"Home\",\"item\":\"https:\/\/www.champmarket.com\/it\/acquista-champagne-online-champmarket\/\"},{\"@type\":\"ListItem\",\"position\":2,\"name\":\"Shop\",\"item\":\"https:\/\/www.champmarket.com\/it\/shop\/\"},{\"@type\":\"ListItem\",\"position\":3,\"name\":\"Veuve Clicquot\",\"item\":\"https:\/\/www.champmarket.com\/it\/maisons\/selection-champagne-veuve-clicquot-it\/\"},{\"@type\":\"ListItem\",\"position\":4,\"name\":\"Veuve Clicquot Extra Brut Extra Old Bottiglia con box\"}]},{\"@type\":\"WebSite\",\"@id\":\"https:\/\/www.champmarket.com\/#website\",\"url\":\"https:\/\/www.champmarket.com\/\",\"name\":\"Champmarket\",\"description\":\"Champmarket, Champagnes, Cadeaux et Art de Vivre\",\"publisher\":{\"@id\":\"https:\/\/www.champmarket.com\/#organization\"},\"potentialAction\":[{\"@type\":\"SearchAction\",\"target\":{\"@type\":\"EntryPoint\",\"urlTemplate\":\"https:\/\/www.champmarket.com\/?s={search_term_string}\"},\"query-input\":{\"@type\":\"PropertyValueSpecification\",\"valueRequired\":true,\"valueName\":\"search_term_string\"}}],\"inLanguage\":\"it-IT\"},{\"@type\":\"Organization\",\"@id\":\"https:\/\/www.champmarket.com\/#organization\",\"name\":\"Champmarket\",\"url\":\"https:\/\/www.champmarket.com\/\",\"logo\":{\"@type\":\"ImageObject\",\"inLanguage\":\"it-IT\",\"@id\":\"https:\/\/www.champmarket.com\/#\/schema\/logo\/image\/\",\"url\":\"https:\/\/www.champmarket.com\/wp-content\/uploads\/2024\/08\/logo2024-1.svg\",\"contentUrl\":\"https:\/\/www.champmarket.com\/wp-content\/uploads\/2024\/08\/logo2024-1.svg\",\"width\":579.8,\"height\":80,\"caption\":\"Champmarket\"},\"image\":{\"@id\":\"https:\/\/www.champmarket.com\/#\/schema\/logo\/image\/\"},\"sameAs\":[\"https:\/\/www.facebook.com\/ChampMarket\/\",\"https:\/\/x.com\/champmarket\",\"https:\/\/www.instagram.com\/champmarket.paris\/\",\"https:\/\/www.pinterest.fr\/champmarketparis\/\",\"https:\/\/www.linkedin.com\/company\/champmarket\/\"]}]}<\/script>\n<!-- \/ Yoast SEO plugin. -->","yoast_head_json":{"title":"Veuve Clicquot Extra Brut Extra Old Bottiglia con box - Champmarket","description":"Con un basso contenuto di zucchero, l'Extra Brut Extra Old \u00e8 uno champagne assolutamente innovativo che combina il meglio del patrimonio Veuve Clicquot.","robots":{"index":"index","follow":"follow","max-snippet":"max-snippet:-1","max-image-preview":"max-image-preview:large","max-video-preview":"max-video-preview:-1"},"canonical":"https:\/\/www.champmarket.com\/it\/champagne\/veuve-clicquot-extra-brut-extra-old-bottiglia-con-box\/","og_locale":"it_IT","og_type":"article","og_title":"Veuve Clicquot Extra Brut Extra Old Bottiglia con box - Champmarket","og_description":"Con un basso contenuto di zucchero, l'Extra Brut Extra Old \u00e8 uno champagne assolutamente innovativo che combina il meglio del patrimonio Veuve Clicquot.","og_url":"https:\/\/www.champmarket.com\/it\/champagne\/veuve-clicquot-extra-brut-extra-old-bottiglia-con-box\/","og_site_name":"Champmarket","article_publisher":"https:\/\/www.facebook.com\/ChampMarket\/","article_modified_time":"2022-07-19T14:16:51+00:00","og_image":[{"width":2000,"height":2000,"url":"https:\/\/www.champmarket.com\/wp-content\/uploads\/2021\/01\/veuve-clicquot-extra-brut-extra-old-bouteille-coffret.jpg","type":"image\/jpeg"}],"twitter_card":"summary_large_image","twitter_site":"@champmarket","twitter_misc":{"Tempo di lettura stimato":"1 minuto"},"schema":{"@context":"https:\/\/schema.org","@graph":[{"@type":"WebPage","@id":"https:\/\/www.champmarket.com\/it\/champagne\/veuve-clicquot-extra-brut-extra-old-bottiglia-con-box\/","url":"https:\/\/www.champmarket.com\/it\/champagne\/veuve-clicquot-extra-brut-extra-old-bottiglia-con-box\/","name":"Veuve Clicquot Extra Brut Extra Old Bottiglia con box - Champmarket","isPartOf":{"@id":"https:\/\/www.champmarket.com\/#website"},"primaryImageOfPage":{"@id":"https:\/\/www.champmarket.com\/it\/champagne\/veuve-clicquot-extra-brut-extra-old-bottiglia-con-box\/#primaryimage"},"image":{"@id":"https:\/\/www.champmarket.com\/it\/champagne\/veuve-clicquot-extra-brut-extra-old-bottiglia-con-box\/#primaryimage"},"thumbnailUrl":"https:\/\/www.champmarket.com\/wp-content\/uploads\/2021\/01\/veuve-clicquot-extra-brut-extra-old-bouteille-coffret.webp","datePublished":"2022-07-11T09:20:47+00:00","dateModified":"2022-07-19T14:16:51+00:00","description":"Con un basso contenuto di zucchero, l'Extra Brut Extra Old \u00e8 uno champagne assolutamente innovativo che combina il meglio del patrimonio Veuve Clicquot.","breadcrumb":{"@id":"https:\/\/www.champmarket.com\/it\/champagne\/veuve-clicquot-extra-brut-extra-old-bottiglia-con-box\/#breadcrumb"},"inLanguage":"it-IT","potentialAction":[{"@type":"ReadAction","target":["https:\/\/www.champmarket.com\/it\/champagne\/veuve-clicquot-extra-brut-extra-old-bottiglia-con-box\/"]}]},{"@type":"ImageObject","inLanguage":"it-IT","@id":"https:\/\/www.champmarket.com\/it\/champagne\/veuve-clicquot-extra-brut-extra-old-bottiglia-con-box\/#primaryimage","url":"https:\/\/www.champmarket.com\/wp-content\/uploads\/2021\/01\/veuve-clicquot-extra-brut-extra-old-bouteille-coffret.webp","contentUrl":"https:\/\/www.champmarket.com\/wp-content\/uploads\/2021\/01\/veuve-clicquot-extra-brut-extra-old-bouteille-coffret.webp","width":2000,"height":2000,"caption":"Champagne Veuve Clicquot Extra Brut Extra Old Bottiglia con box - Champmarket"},{"@type":"BreadcrumbList","@id":"https:\/\/www.champmarket.com\/it\/champagne\/veuve-clicquot-extra-brut-extra-old-bottiglia-con-box\/#breadcrumb","itemListElement":[{"@type":"ListItem","position":1,"name":"Home","item":"https:\/\/www.champmarket.com\/it\/acquista-champagne-online-champmarket\/"},{"@type":"ListItem","position":2,"name":"Shop","item":"https:\/\/www.champmarket.com\/it\/shop\/"},{"@type":"ListItem","position":3,"name":"Veuve Clicquot","item":"https:\/\/www.champmarket.com\/it\/maisons\/selection-champagne-veuve-clicquot-it\/"},{"@type":"ListItem","position":4,"name":"Veuve Clicquot Extra Brut Extra Old Bottiglia con box"}]},{"@type":"WebSite","@id":"https:\/\/www.champmarket.com\/#website","url":"https:\/\/www.champmarket.com\/","name":"Champmarket","description":"Champmarket, Champagnes, Cadeaux et Art de Vivre","publisher":{"@id":"https:\/\/www.champmarket.com\/#organization"},"potentialAction":[{"@type":"SearchAction","target":{"@type":"EntryPoint","urlTemplate":"https:\/\/www.champmarket.com\/?s={search_term_string}"},"query-input":{"@type":"PropertyValueSpecification","valueRequired":true,"valueName":"search_term_string"}}],"inLanguage":"it-IT"},{"@type":"Organization","@id":"https:\/\/www.champmarket.com\/#organization","name":"Champmarket","url":"https:\/\/www.champmarket.com\/","logo":{"@type":"ImageObject","inLanguage":"it-IT","@id":"https:\/\/www.champmarket.com\/#\/schema\/logo\/image\/","url":"https:\/\/www.champmarket.com\/wp-content\/uploads\/2024\/08\/logo2024-1.svg","contentUrl":"https:\/\/www.champmarket.com\/wp-content\/uploads\/2024\/08\/logo2024-1.svg","width":579.8,"height":80,"caption":"Champmarket"},"image":{"@id":"https:\/\/www.champmarket.com\/#\/schema\/logo\/image\/"},"sameAs":["https:\/\/www.facebook.com\/ChampMarket\/","https:\/\/x.com\/champmarket","https:\/\/www.instagram.com\/champmarket.paris\/","https:\/\/www.pinterest.fr\/champmarketparis\/","https:\/\/www.linkedin.com\/company\/champmarket\/"]}]}},"_links":{"self":[{"href":"https:\/\/www.champmarket.com\/it\/wp-json\/wp\/v2\/product\/38913","targetHints":{"allow":["GET"]}}],"collection":[{"href":"https:\/\/www.champmarket.com\/it\/wp-json\/wp\/v2\/product"}],"about":[{"href":"https:\/\/www.champmarket.com\/it\/wp-json\/wp\/v2\/types\/product"}],"version-history":[{"count":0,"href":"https:\/\/www.champmarket.com\/it\/wp-json\/wp\/v2\/product\/38913\/revisions"}],"wp:featuredmedia":[{"embeddable":true,"href":"https:\/\/www.champmarket.com\/it\/wp-json\/wp\/v2\/media\/32085"}],"wp:attachment":[{"href":"https:\/\/www.champmarket.com\/it\/wp-json\/wp\/v2\/media?parent=38913"}],"wp:term":[{"taxonomy":"product_brand","embeddable":true,"href":"https:\/\/www.champmarket.com\/it\/wp-json\/wp\/v2\/product_brand?post=38913"},{"taxonomy":"product_cat","embeddable":true,"href":"https:\/\/www.champmarket.com\/it\/wp-json\/wp\/v2\/product_cat?post=38913"},{"taxonomy":"product_tag","embeddable":true,"href":"https:\/\/www.champmarket.com\/it\/wp-json\/wp\/v2\/product_tag?post=38913"}],"curies":[{"name":"wp","href":"https:\/\/api.w.org\/{rel}","templated":true}]}}