{"id":39831,"date":"2022-09-23T11:02:40","date_gmt":"2022-09-23T09:02:44","guid":{"rendered":"https:\/\/www.champmarket.com\/?post_type=product&#038;p=39831"},"modified":"2023-04-05T10:16:45","modified_gmt":"2023-04-05T08:16:45","slug":"louis-roederer-cristal-vinotheque-rose-2000-bottiglia","status":"publish","type":"product","link":"https:\/\/www.champmarket.com\/it\/champagne\/louis-roederer-cristal-vinotheque-rose-2000-bottiglia\/","title":{"rendered":"Louis Roederer Cristal Ros\u00e9 Vinoth\u00e8que 2000 Bottiglia"},"content":{"rendered":"<p><em>&#8220;Questo Cristal Ros\u00e9 Vinoth\u00e8que, pur conservando una purezza e un&#8217;energia incomparabili, incarna perfettamente la ricerca di intensit\u00e0 e complessit\u00e0 rivelata nel Vinoth\u00e8que&#8221;.<\/em> &#8211; Jean-Baptiste L\u00e9caillon, Capo di Casa<\/p>\n<p>Ricavato dalle pi\u00f9 grandi annate di Cristal e frutto di vent&#8217;anni di attenzioni e gesti unici, Cristal Vinoth\u00e8que Ros\u00e9 2000 rappresenta l&#8217;apogeo del know-how della Champagne. Dopo il 1995, il 1996 e il 1999, il Vinoth\u00e8que 2000 continua la ricerca di raffinatezza che caratterizza questa cuvee, rivelando un&#8217;intensit\u00e0 e una complessit\u00e0 eccezionali.<\/p>\n<p>Forgiate da 20 anni di maturazione su misura in tre fasi successive (su listelli, su punta e poi su tappo), le bottiglie di Cristal Vinoth\u00e8que hanno una nuova identit\u00e0. Il laboratorio del tempo offre loro un nuovo scenario e, sprigionando tutto il fulgore del vino, una fusione di materia, know-how umano e aspettative, disegna i contorni di una realizzazione totale.<\/p>\n<p>Spingendo indietro i confini del tempo, nasce un nuovo cristallo. Una volta raggiunta la massima espressione, l&#8217;annata scelta raggiunge una maggiore complessit\u00e0, consistenza e grana.<\/p>\n<p>Il Louis Roederer Cristal Ros\u00e9 Vinoth\u00e8que 2000 \u00e8 ideale per le occasioni speciali.<\/p>\n","protected":false},"excerpt":{"rendered":"<p>Louis Roederer Cristal Vinoth\u00e8que 2000 celebra la sorprendente avventura di alcune bottiglie conservate per 20 anni nelle cantine della Maison, alla ricerca dell&#8217;equilibrio perfetto. La cuv\u00e9e \u00e8 stata invecchiata per 11 anni su listelli, poi per 5 anni su punti e ha riposato per 4 anni dopo la sboccatura.<\/p>\n<p>Nato in un&#8217;annata difficile, il Cristal Ros\u00e9 Vinoth\u00e8que 2000 si \u00e8 rivelato un vino molto delicato, che lo rende la pi\u00f9 sfuggente delle vintage e la migliore incarnazione della bellezza dello Champagne.<\/p>\n","protected":false},"featured_media":39834,"template":"","meta":{"_acf_changed":false},"product_brand":[],"product_cat":[3307,2401,2238,2775,2376,2225,2375,2223,2224],"product_tag":[2248,2721,2228,2250,2255,2229,2232],"class_list":{"0":"post-39831","1":"product","2":"type-product","3":"status-publish","4":"has-post-thumbnail","6":"maisons-selection-champagne-louis-roederer-it","7":"product_cat-tutti-gli-champagne-e-i-set-regalo-esclusivi","8":"product_cat-categorie-louis-roederer-it","9":"product_cat-bouteilles-it","10":"product_cat-tutti-gli-champagne","11":"product_cat-champagne-rose-it","12":"product_cat-champagne-millesime-it","13":"product_cat-champagne-prestige-it","14":"product_cat-aperitif-it","15":"product_cat-repas-it","16":"product_tag-haute-couture-it","17":"product_tag-enoteca","18":"product_tag-aperitif-it","19":"product_tag-la-vie-en-rose-it","20":"product_tag-pour-offrir-it","21":"product_tag-per-un-pasto-con-champagne","22":"product_tag-vintage-it","24":"first","25":"instock","26":"taxable","27":"shipping-taxable","28":"purchasable","29":"product-type-simple"},"acf":[],"yoast_head":"<!-- This site is optimized with the Yoast SEO plugin v26.4 - https:\/\/yoast.com\/wordpress\/plugins\/seo\/ -->\n<title>Louis Roederer Cristal Ros\u00e9 Vinoth\u00e8que 2000 Bottiglia - Champmarket<\/title>\n<meta name=\"description\" content=\"Louis Roederer Cristal Ros\u00e9 Vinoth\u00e8que 2000 celebra la sorprendente avventura di alcune bottiglie conservate per 20 anni nelle cantine Louis Roederer, alla ricerca dell&#039;equilibrio perfetto. La cuv\u00e9e \u00e8 stata invecchiata per 11 anni su listelli, poi per 5 anni su punti e ha riposato per 4 anni dopo la sboccatura.\" \/>\n<meta name=\"robots\" content=\"index, follow, max-snippet:-1, max-image-preview:large, max-video-preview:-1\" \/>\n<link rel=\"canonical\" href=\"https:\/\/www.champmarket.com\/it\/champagne\/louis-roederer-cristal-vinotheque-rose-2000-bottiglia\/\" \/>\n<meta property=\"og:locale\" content=\"it_IT\" \/>\n<meta property=\"og:type\" content=\"article\" \/>\n<meta property=\"og:title\" content=\"Louis Roederer Cristal Ros\u00e9 Vinoth\u00e8que 2000 Bottiglia - Champmarket\" \/>\n<meta property=\"og:description\" content=\"Louis Roederer Cristal Ros\u00e9 Vinoth\u00e8que 2000 celebra la sorprendente avventura di alcune bottiglie conservate per 20 anni nelle cantine Louis Roederer, alla ricerca dell&#039;equilibrio perfetto. La cuv\u00e9e \u00e8 stata invecchiata per 11 anni su listelli, poi per 5 anni su punti e ha riposato per 4 anni dopo la sboccatura.\" \/>\n<meta property=\"og:url\" content=\"https:\/\/www.champmarket.com\/it\/champagne\/louis-roederer-cristal-vinotheque-rose-2000-bottiglia\/\" \/>\n<meta property=\"og:site_name\" content=\"Champmarket\" \/>\n<meta property=\"article:publisher\" content=\"https:\/\/www.facebook.com\/ChampMarket\/\" \/>\n<meta property=\"article:modified_time\" content=\"2023-04-05T08:16:45+00:00\" \/>\n<meta property=\"og:image\" content=\"https:\/\/www.champmarket.com\/wp-content\/uploads\/2022\/09\/louis-roederer-cristal-rose-vinotheque-2000-bouteille.webp\" \/>\n\t<meta property=\"og:image:width\" content=\"2000\" \/>\n\t<meta property=\"og:image:height\" content=\"2000\" \/>\n\t<meta property=\"og:image:type\" content=\"image\/jpeg\" \/>\n<meta name=\"twitter:card\" content=\"summary_large_image\" \/>\n<meta name=\"twitter:site\" content=\"@champmarket\" \/>\n<meta name=\"twitter:label1\" content=\"Tempo di lettura stimato\" \/>\n\t<meta name=\"twitter:data1\" content=\"1 minuto\" \/>\n<script type=\"application\/ld+json\" class=\"yoast-schema-graph\">{\"@context\":\"https:\/\/schema.org\",\"@graph\":[{\"@type\":\"WebPage\",\"@id\":\"https:\/\/www.champmarket.com\/it\/champagne\/louis-roederer-cristal-vinotheque-rose-2000-bottiglia\/\",\"url\":\"https:\/\/www.champmarket.com\/it\/champagne\/louis-roederer-cristal-vinotheque-rose-2000-bottiglia\/\",\"name\":\"Louis Roederer Cristal Ros\u00e9 Vinoth\u00e8que 2000 Bottiglia - Champmarket\",\"isPartOf\":{\"@id\":\"https:\/\/www.champmarket.com\/#website\"},\"primaryImageOfPage\":{\"@id\":\"https:\/\/www.champmarket.com\/it\/champagne\/louis-roederer-cristal-vinotheque-rose-2000-bottiglia\/#primaryimage\"},\"image\":{\"@id\":\"https:\/\/www.champmarket.com\/it\/champagne\/louis-roederer-cristal-vinotheque-rose-2000-bottiglia\/#primaryimage\"},\"thumbnailUrl\":\"https:\/\/www.champmarket.com\/wp-content\/uploads\/2022\/09\/louis-roederer-cristal-rose-vinotheque-2000-bouteille.webp\",\"datePublished\":\"2022-09-23T09:02:44+00:00\",\"dateModified\":\"2023-04-05T08:16:45+00:00\",\"description\":\"Louis Roederer Cristal Ros\u00e9 Vinoth\u00e8que 2000 celebra la sorprendente avventura di alcune bottiglie conservate per 20 anni nelle cantine Louis Roederer, alla ricerca dell'equilibrio perfetto. La cuv\u00e9e \u00e8 stata invecchiata per 11 anni su listelli, poi per 5 anni su punti e ha riposato per 4 anni dopo la sboccatura.\",\"breadcrumb\":{\"@id\":\"https:\/\/www.champmarket.com\/it\/champagne\/louis-roederer-cristal-vinotheque-rose-2000-bottiglia\/#breadcrumb\"},\"inLanguage\":\"it-IT\",\"potentialAction\":[{\"@type\":\"ReadAction\",\"target\":[\"https:\/\/www.champmarket.com\/it\/champagne\/louis-roederer-cristal-vinotheque-rose-2000-bottiglia\/\"]}]},{\"@type\":\"ImageObject\",\"inLanguage\":\"it-IT\",\"@id\":\"https:\/\/www.champmarket.com\/it\/champagne\/louis-roederer-cristal-vinotheque-rose-2000-bottiglia\/#primaryimage\",\"url\":\"https:\/\/www.champmarket.com\/wp-content\/uploads\/2022\/09\/louis-roederer-cristal-rose-vinotheque-2000-bouteille.webp\",\"contentUrl\":\"https:\/\/www.champmarket.com\/wp-content\/uploads\/2022\/09\/louis-roederer-cristal-rose-vinotheque-2000-bouteille.webp\",\"width\":2000,\"height\":2000,\"caption\":\"Champagne Louis Roederer Cristal Ros\u00e9 Vinoth\u00e8que 2000 Bottiglia - Champmarket\"},{\"@type\":\"BreadcrumbList\",\"@id\":\"https:\/\/www.champmarket.com\/it\/champagne\/louis-roederer-cristal-vinotheque-rose-2000-bottiglia\/#breadcrumb\",\"itemListElement\":[{\"@type\":\"ListItem\",\"position\":1,\"name\":\"Home\",\"item\":\"https:\/\/www.champmarket.com\/it\/acquista-champagne-online-champmarket\/\"},{\"@type\":\"ListItem\",\"position\":2,\"name\":\"Shop\",\"item\":\"https:\/\/www.champmarket.com\/it\/shop\/\"},{\"@type\":\"ListItem\",\"position\":3,\"name\":\"Louis Roederer\",\"item\":\"https:\/\/www.champmarket.com\/it\/maisons\/selection-champagne-louis-roederer-it\/\"},{\"@type\":\"ListItem\",\"position\":4,\"name\":\"Louis Roederer Cristal Ros\u00e9 Vinoth\u00e8que 2000 Bottiglia\"}]},{\"@type\":\"WebSite\",\"@id\":\"https:\/\/www.champmarket.com\/#website\",\"url\":\"https:\/\/www.champmarket.com\/\",\"name\":\"Champmarket\",\"description\":\"Champmarket, Champagnes, Cadeaux et Art de Vivre\",\"publisher\":{\"@id\":\"https:\/\/www.champmarket.com\/#organization\"},\"potentialAction\":[{\"@type\":\"SearchAction\",\"target\":{\"@type\":\"EntryPoint\",\"urlTemplate\":\"https:\/\/www.champmarket.com\/?s={search_term_string}\"},\"query-input\":{\"@type\":\"PropertyValueSpecification\",\"valueRequired\":true,\"valueName\":\"search_term_string\"}}],\"inLanguage\":\"it-IT\"},{\"@type\":\"Organization\",\"@id\":\"https:\/\/www.champmarket.com\/#organization\",\"name\":\"Champmarket\",\"url\":\"https:\/\/www.champmarket.com\/\",\"logo\":{\"@type\":\"ImageObject\",\"inLanguage\":\"it-IT\",\"@id\":\"https:\/\/www.champmarket.com\/#\/schema\/logo\/image\/\",\"url\":\"https:\/\/www.champmarket.com\/wp-content\/uploads\/2024\/08\/logo2024-1.svg\",\"contentUrl\":\"https:\/\/www.champmarket.com\/wp-content\/uploads\/2024\/08\/logo2024-1.svg\",\"width\":579.8,\"height\":80,\"caption\":\"Champmarket\"},\"image\":{\"@id\":\"https:\/\/www.champmarket.com\/#\/schema\/logo\/image\/\"},\"sameAs\":[\"https:\/\/www.facebook.com\/ChampMarket\/\",\"https:\/\/x.com\/champmarket\",\"https:\/\/www.instagram.com\/champmarket.paris\/\",\"https:\/\/www.pinterest.fr\/champmarketparis\/\",\"https:\/\/www.linkedin.com\/company\/champmarket\/\"]}]}<\/script>\n<!-- \/ Yoast SEO plugin. -->","yoast_head_json":{"title":"Louis Roederer Cristal Ros\u00e9 Vinoth\u00e8que 2000 Bottiglia - Champmarket","description":"Louis Roederer Cristal Ros\u00e9 Vinoth\u00e8que 2000 celebra la sorprendente avventura di alcune bottiglie conservate per 20 anni nelle cantine Louis Roederer, alla ricerca dell'equilibrio perfetto. La cuv\u00e9e \u00e8 stata invecchiata per 11 anni su listelli, poi per 5 anni su punti e ha riposato per 4 anni dopo la sboccatura.","robots":{"index":"index","follow":"follow","max-snippet":"max-snippet:-1","max-image-preview":"max-image-preview:large","max-video-preview":"max-video-preview:-1"},"canonical":"https:\/\/www.champmarket.com\/it\/champagne\/louis-roederer-cristal-vinotheque-rose-2000-bottiglia\/","og_locale":"it_IT","og_type":"article","og_title":"Louis Roederer Cristal Ros\u00e9 Vinoth\u00e8que 2000 Bottiglia - Champmarket","og_description":"Louis Roederer Cristal Ros\u00e9 Vinoth\u00e8que 2000 celebra la sorprendente avventura di alcune bottiglie conservate per 20 anni nelle cantine Louis Roederer, alla ricerca dell'equilibrio perfetto. La cuv\u00e9e \u00e8 stata invecchiata per 11 anni su listelli, poi per 5 anni su punti e ha riposato per 4 anni dopo la sboccatura.","og_url":"https:\/\/www.champmarket.com\/it\/champagne\/louis-roederer-cristal-vinotheque-rose-2000-bottiglia\/","og_site_name":"Champmarket","article_publisher":"https:\/\/www.facebook.com\/ChampMarket\/","article_modified_time":"2023-04-05T08:16:45+00:00","og_image":[{"width":2000,"height":2000,"url":"https:\/\/www.champmarket.com\/wp-content\/uploads\/2022\/09\/louis-roederer-cristal-rose-vinotheque-2000-bouteille.webp","type":"image\/jpeg"}],"twitter_card":"summary_large_image","twitter_site":"@champmarket","twitter_misc":{"Tempo di lettura stimato":"1 minuto"},"schema":{"@context":"https:\/\/schema.org","@graph":[{"@type":"WebPage","@id":"https:\/\/www.champmarket.com\/it\/champagne\/louis-roederer-cristal-vinotheque-rose-2000-bottiglia\/","url":"https:\/\/www.champmarket.com\/it\/champagne\/louis-roederer-cristal-vinotheque-rose-2000-bottiglia\/","name":"Louis Roederer Cristal Ros\u00e9 Vinoth\u00e8que 2000 Bottiglia - Champmarket","isPartOf":{"@id":"https:\/\/www.champmarket.com\/#website"},"primaryImageOfPage":{"@id":"https:\/\/www.champmarket.com\/it\/champagne\/louis-roederer-cristal-vinotheque-rose-2000-bottiglia\/#primaryimage"},"image":{"@id":"https:\/\/www.champmarket.com\/it\/champagne\/louis-roederer-cristal-vinotheque-rose-2000-bottiglia\/#primaryimage"},"thumbnailUrl":"https:\/\/www.champmarket.com\/wp-content\/uploads\/2022\/09\/louis-roederer-cristal-rose-vinotheque-2000-bouteille.webp","datePublished":"2022-09-23T09:02:44+00:00","dateModified":"2023-04-05T08:16:45+00:00","description":"Louis Roederer Cristal Ros\u00e9 Vinoth\u00e8que 2000 celebra la sorprendente avventura di alcune bottiglie conservate per 20 anni nelle cantine Louis Roederer, alla ricerca dell'equilibrio perfetto. La cuv\u00e9e \u00e8 stata invecchiata per 11 anni su listelli, poi per 5 anni su punti e ha riposato per 4 anni dopo la sboccatura.","breadcrumb":{"@id":"https:\/\/www.champmarket.com\/it\/champagne\/louis-roederer-cristal-vinotheque-rose-2000-bottiglia\/#breadcrumb"},"inLanguage":"it-IT","potentialAction":[{"@type":"ReadAction","target":["https:\/\/www.champmarket.com\/it\/champagne\/louis-roederer-cristal-vinotheque-rose-2000-bottiglia\/"]}]},{"@type":"ImageObject","inLanguage":"it-IT","@id":"https:\/\/www.champmarket.com\/it\/champagne\/louis-roederer-cristal-vinotheque-rose-2000-bottiglia\/#primaryimage","url":"https:\/\/www.champmarket.com\/wp-content\/uploads\/2022\/09\/louis-roederer-cristal-rose-vinotheque-2000-bouteille.webp","contentUrl":"https:\/\/www.champmarket.com\/wp-content\/uploads\/2022\/09\/louis-roederer-cristal-rose-vinotheque-2000-bouteille.webp","width":2000,"height":2000,"caption":"Champagne Louis Roederer Cristal Ros\u00e9 Vinoth\u00e8que 2000 Bottiglia - Champmarket"},{"@type":"BreadcrumbList","@id":"https:\/\/www.champmarket.com\/it\/champagne\/louis-roederer-cristal-vinotheque-rose-2000-bottiglia\/#breadcrumb","itemListElement":[{"@type":"ListItem","position":1,"name":"Home","item":"https:\/\/www.champmarket.com\/it\/acquista-champagne-online-champmarket\/"},{"@type":"ListItem","position":2,"name":"Shop","item":"https:\/\/www.champmarket.com\/it\/shop\/"},{"@type":"ListItem","position":3,"name":"Louis Roederer","item":"https:\/\/www.champmarket.com\/it\/maisons\/selection-champagne-louis-roederer-it\/"},{"@type":"ListItem","position":4,"name":"Louis Roederer Cristal Ros\u00e9 Vinoth\u00e8que 2000 Bottiglia"}]},{"@type":"WebSite","@id":"https:\/\/www.champmarket.com\/#website","url":"https:\/\/www.champmarket.com\/","name":"Champmarket","description":"Champmarket, Champagnes, Cadeaux et Art de Vivre","publisher":{"@id":"https:\/\/www.champmarket.com\/#organization"},"potentialAction":[{"@type":"SearchAction","target":{"@type":"EntryPoint","urlTemplate":"https:\/\/www.champmarket.com\/?s={search_term_string}"},"query-input":{"@type":"PropertyValueSpecification","valueRequired":true,"valueName":"search_term_string"}}],"inLanguage":"it-IT"},{"@type":"Organization","@id":"https:\/\/www.champmarket.com\/#organization","name":"Champmarket","url":"https:\/\/www.champmarket.com\/","logo":{"@type":"ImageObject","inLanguage":"it-IT","@id":"https:\/\/www.champmarket.com\/#\/schema\/logo\/image\/","url":"https:\/\/www.champmarket.com\/wp-content\/uploads\/2024\/08\/logo2024-1.svg","contentUrl":"https:\/\/www.champmarket.com\/wp-content\/uploads\/2024\/08\/logo2024-1.svg","width":579.8,"height":80,"caption":"Champmarket"},"image":{"@id":"https:\/\/www.champmarket.com\/#\/schema\/logo\/image\/"},"sameAs":["https:\/\/www.facebook.com\/ChampMarket\/","https:\/\/x.com\/champmarket","https:\/\/www.instagram.com\/champmarket.paris\/","https:\/\/www.pinterest.fr\/champmarketparis\/","https:\/\/www.linkedin.com\/company\/champmarket\/"]}]}},"_links":{"self":[{"href":"https:\/\/www.champmarket.com\/it\/wp-json\/wp\/v2\/product\/39831","targetHints":{"allow":["GET"]}}],"collection":[{"href":"https:\/\/www.champmarket.com\/it\/wp-json\/wp\/v2\/product"}],"about":[{"href":"https:\/\/www.champmarket.com\/it\/wp-json\/wp\/v2\/types\/product"}],"version-history":[{"count":0,"href":"https:\/\/www.champmarket.com\/it\/wp-json\/wp\/v2\/product\/39831\/revisions"}],"wp:featuredmedia":[{"embeddable":true,"href":"https:\/\/www.champmarket.com\/it\/wp-json\/wp\/v2\/media\/39834"}],"wp:attachment":[{"href":"https:\/\/www.champmarket.com\/it\/wp-json\/wp\/v2\/media?parent=39831"}],"wp:term":[{"taxonomy":"product_brand","embeddable":true,"href":"https:\/\/www.champmarket.com\/it\/wp-json\/wp\/v2\/product_brand?post=39831"},{"taxonomy":"product_cat","embeddable":true,"href":"https:\/\/www.champmarket.com\/it\/wp-json\/wp\/v2\/product_cat?post=39831"},{"taxonomy":"product_tag","embeddable":true,"href":"https:\/\/www.champmarket.com\/it\/wp-json\/wp\/v2\/product_tag?post=39831"}],"curies":[{"name":"wp","href":"https:\/\/api.w.org\/{rel}","templated":true}]}}