{"id":40526,"date":"2022-10-24T15:42:15","date_gmt":"2022-10-24T13:42:15","guid":{"rendered":"https:\/\/www.champmarket.com\/?post_type=product&#038;p=40526"},"modified":"2023-07-01T00:00:11","modified_gmt":"2023-06-30T22:00:11","slug":"ruinart-dom-ruinart-rose-2009-bottiglia","status":"publish","type":"product","link":"https:\/\/www.champmarket.com\/it\/champagne\/ruinart-dom-ruinart-rose-2009-bottiglia\/","title":{"rendered":"Bottiglia di Ruinart Dom Ruinart Ros\u00e9 2009"},"content":{"rendered":"<p>Un millesimato Dom Ruinart \u00e8 l&#8217;espressione pi\u00f9 compiuta di uno champagne firmato Ruinart.  cuv\u00e9es rare, il cui numero \u00e8 imposto da un elevato standard qualitativo. Dalla scelta dei terroir all&#8217;imbottigliamento, dall&#8217;invecchiamento alla sboccatura, ogni fase della produzione di una cuv\u00e9e Dom Ruinart contribuisce alla nascita di un vino nato dall&#8217;intuizione di un&#8217;annata promettente. La Maison \u00e8 lieta di presentare il Dom Ruinart Ros\u00e9 2009, la 20a annata della cuv\u00e9e che porta il nome di Dom Thierry Ruinart, l&#8217;uomo illuminato che ha ispirato la sua famiglia e i suoi discendenti dal XVII secolo.<\/p>\n<p>Il Dom Ruinart Ros\u00e9 2009 \u00e8 stato invecchiato su listelli per 11 anni nel cuore di Les Cray\u00e8res, il tempo necessario per sviluppare i suoi aromi tostati e modellare la sua rotondit\u00e0 in bocca.<\/p>\n<p>&nbsp;<\/p>\n","protected":false},"excerpt":{"rendered":"<p>Dom Ruinart Ros\u00e9 2009 \u00e8 un vino ottenuto dalle pi\u00f9 belle parcelle della regione di Champagne. Fedele all&#8217;esperienza della Maison Ruinart, questa cuv\u00e9e deve la sua finezza ed eleganza all&#8217;alta percentuale di Chardonnay Grand Cru della C\u00f4te des Blancs.<\/p>\n<p>&#8220;2009: un anno di estremi per vini dall&#8217;equilibrio sapido e dinamico&#8221;. Grazie al suo sapiente assemblaggio, il Dom Ruinart ros\u00e9 2009 ha tutta l&#8217;eleganza e la finezza dello Chardonnay, firma della Maison Ruinart, con l&#8217;aggiunta della dimensione del Pinot Noir.<\/p>\n<p>Questo champagne di carattere si abbina ai piatti pi\u00f9 raffinati.<\/p>\n","protected":false},"featured_media":41031,"template":"","meta":{"_acf_changed":false},"product_brand":[],"product_cat":[3317,3307,2409,2238,2775,2376,2225,2375,2224],"product_tag":[2248,2250,2229,2232],"class_list":{"0":"post-40526","1":"product","2":"type-product","3":"status-publish","4":"has-post-thumbnail","6":"maisons-selection-champagne-ruinart-it","7":"product_cat-i-migliori-champagne","8":"product_cat-tutti-gli-champagne-e-i-set-regalo-esclusivi","9":"product_cat-categorie-ruinart-it","10":"product_cat-bouteilles-it","11":"product_cat-tutti-gli-champagne","12":"product_cat-champagne-rose-it","13":"product_cat-champagne-millesime-it","14":"product_cat-champagne-prestige-it","15":"product_cat-repas-it","16":"product_tag-haute-couture-it","17":"product_tag-la-vie-en-rose-it","18":"product_tag-per-un-pasto-con-champagne","19":"product_tag-vintage-it","21":"first","22":"instock","23":"taxable","24":"shipping-taxable","25":"purchasable","26":"product-type-simple"},"acf":[],"yoast_head":"<!-- This site is optimized with the Yoast SEO plugin v26.4 - https:\/\/yoast.com\/wordpress\/plugins\/seo\/ -->\n<title>Champagne Bottiglia di Ruinart Dom Ruinart Ros\u00e9 2009 - Champmarket<\/title>\n<meta name=\"description\" content=\"Dom Ruinart Ros\u00e9 2009 \u00e8 un vino ottenuto dalle pi\u00f9 belle parcelle della regione di Champagne. Fedele all&#039;esperienza della Maison Ruinart, questa cuv\u00e9e deve la sua finezza ed eleganza all&#039;alta percentuale di Chardonnay Grand Cru della C\u00f4te des Blancs. &quot;2009: un anno di estremi per vini dall&#039;equilibrio sapido e dinamico&quot;. Grazie al suo sapiente assemblaggio, il Dom Ruinart ros\u00e9 2009 ha tutta l&#039;eleganza e la finezza dello Chardonnay, firma della Maison Ruinart, con l&#039;aggiunta della dimensione del Pinot Noir. Questo champagne di carattere si abbina ai piatti pi\u00f9 raffinati.\" \/>\n<meta name=\"robots\" content=\"index, follow, max-snippet:-1, max-image-preview:large, max-video-preview:-1\" \/>\n<link rel=\"canonical\" href=\"https:\/\/www.champmarket.com\/it\/champagne\/ruinart-dom-ruinart-rose-2009-bottiglia\/\" \/>\n<meta property=\"og:locale\" content=\"it_IT\" \/>\n<meta property=\"og:type\" content=\"article\" \/>\n<meta property=\"og:title\" content=\"Champagne Bottiglia di Ruinart Dom Ruinart Ros\u00e9 2009 - Champmarket\" \/>\n<meta property=\"og:description\" content=\"Dom Ruinart Ros\u00e9 2009 \u00e8 un vino ottenuto dalle pi\u00f9 belle parcelle della regione di Champagne. Fedele all&#039;esperienza della Maison Ruinart, questa cuv\u00e9e deve la sua finezza ed eleganza all&#039;alta percentuale di Chardonnay Grand Cru della C\u00f4te des Blancs. &quot;2009: un anno di estremi per vini dall&#039;equilibrio sapido e dinamico&quot;. Grazie al suo sapiente assemblaggio, il Dom Ruinart ros\u00e9 2009 ha tutta l&#039;eleganza e la finezza dello Chardonnay, firma della Maison Ruinart, con l&#039;aggiunta della dimensione del Pinot Noir. Questo champagne di carattere si abbina ai piatti pi\u00f9 raffinati.\" \/>\n<meta property=\"og:url\" content=\"https:\/\/www.champmarket.com\/it\/champagne\/ruinart-dom-ruinart-rose-2009-bottiglia\/\" \/>\n<meta property=\"og:site_name\" content=\"Champmarket\" \/>\n<meta property=\"article:publisher\" content=\"https:\/\/www.facebook.com\/ChampMarket\/\" \/>\n<meta property=\"article:modified_time\" content=\"2023-06-30T22:00:11+00:00\" \/>\n<meta property=\"og:image\" content=\"https:\/\/www.champmarket.com\/wp-content\/uploads\/2022\/10\/fiche-produit-dom-ruinart-rose-2009-bouteille.webp\" \/>\n\t<meta property=\"og:image:width\" content=\"1200\" \/>\n\t<meta property=\"og:image:height\" content=\"1200\" \/>\n\t<meta property=\"og:image:type\" content=\"image\/jpeg\" \/>\n<meta name=\"twitter:card\" content=\"summary_large_image\" \/>\n<meta name=\"twitter:site\" content=\"@champmarket\" \/>\n<meta name=\"twitter:label1\" content=\"Tempo di lettura stimato\" \/>\n\t<meta name=\"twitter:data1\" content=\"1 minuto\" \/>\n<script type=\"application\/ld+json\" class=\"yoast-schema-graph\">{\"@context\":\"https:\/\/schema.org\",\"@graph\":[{\"@type\":\"WebPage\",\"@id\":\"https:\/\/www.champmarket.com\/it\/champagne\/ruinart-dom-ruinart-rose-2009-bottiglia\/\",\"url\":\"https:\/\/www.champmarket.com\/it\/champagne\/ruinart-dom-ruinart-rose-2009-bottiglia\/\",\"name\":\"Champagne Bottiglia di Ruinart Dom Ruinart Ros\u00e9 2009 - Champmarket\",\"isPartOf\":{\"@id\":\"https:\/\/www.champmarket.com\/#website\"},\"primaryImageOfPage\":{\"@id\":\"https:\/\/www.champmarket.com\/it\/champagne\/ruinart-dom-ruinart-rose-2009-bottiglia\/#primaryimage\"},\"image\":{\"@id\":\"https:\/\/www.champmarket.com\/it\/champagne\/ruinart-dom-ruinart-rose-2009-bottiglia\/#primaryimage\"},\"thumbnailUrl\":\"https:\/\/www.champmarket.com\/wp-content\/uploads\/2022\/10\/fiche-produit-dom-ruinart-rose-2009-bouteille.webp\",\"datePublished\":\"2022-10-24T13:42:15+00:00\",\"dateModified\":\"2023-06-30T22:00:11+00:00\",\"description\":\"Dom Ruinart Ros\u00e9 2009 \u00e8 un vino ottenuto dalle pi\u00f9 belle parcelle della regione di Champagne. Fedele all'esperienza della Maison Ruinart, questa cuv\u00e9e deve la sua finezza ed eleganza all'alta percentuale di Chardonnay Grand Cru della C\u00f4te des Blancs. \\\"2009: un anno di estremi per vini dall'equilibrio sapido e dinamico\\\". Grazie al suo sapiente assemblaggio, il Dom Ruinart ros\u00e9 2009 ha tutta l'eleganza e la finezza dello Chardonnay, firma della Maison Ruinart, con l'aggiunta della dimensione del Pinot Noir. Questo champagne di carattere si abbina ai piatti pi\u00f9 raffinati.\",\"breadcrumb\":{\"@id\":\"https:\/\/www.champmarket.com\/it\/champagne\/ruinart-dom-ruinart-rose-2009-bottiglia\/#breadcrumb\"},\"inLanguage\":\"it-IT\",\"potentialAction\":[{\"@type\":\"ReadAction\",\"target\":[\"https:\/\/www.champmarket.com\/it\/champagne\/ruinart-dom-ruinart-rose-2009-bottiglia\/\"]}]},{\"@type\":\"ImageObject\",\"inLanguage\":\"it-IT\",\"@id\":\"https:\/\/www.champmarket.com\/it\/champagne\/ruinart-dom-ruinart-rose-2009-bottiglia\/#primaryimage\",\"url\":\"https:\/\/www.champmarket.com\/wp-content\/uploads\/2022\/10\/fiche-produit-dom-ruinart-rose-2009-bouteille.webp\",\"contentUrl\":\"https:\/\/www.champmarket.com\/wp-content\/uploads\/2022\/10\/fiche-produit-dom-ruinart-rose-2009-bouteille.webp\",\"width\":1200,\"height\":1200,\"caption\":\"Champagne Ruinart Dom Ruinart Ros\u00e9 2009 Bouteille - Champmarket\"},{\"@type\":\"BreadcrumbList\",\"@id\":\"https:\/\/www.champmarket.com\/it\/champagne\/ruinart-dom-ruinart-rose-2009-bottiglia\/#breadcrumb\",\"itemListElement\":[{\"@type\":\"ListItem\",\"position\":1,\"name\":\"Home\",\"item\":\"https:\/\/www.champmarket.com\/it\/acquista-champagne-online-champmarket\/\"},{\"@type\":\"ListItem\",\"position\":2,\"name\":\"Shop\",\"item\":\"https:\/\/www.champmarket.com\/it\/shop\/\"},{\"@type\":\"ListItem\",\"position\":3,\"name\":\"Ruinart\",\"item\":\"https:\/\/www.champmarket.com\/it\/maisons\/selection-champagne-ruinart-it\/\"},{\"@type\":\"ListItem\",\"position\":4,\"name\":\"Bottiglia di Ruinart Dom Ruinart Ros\u00e9 2009\"}]},{\"@type\":\"WebSite\",\"@id\":\"https:\/\/www.champmarket.com\/#website\",\"url\":\"https:\/\/www.champmarket.com\/\",\"name\":\"Champmarket\",\"description\":\"Champmarket, Champagnes, Cadeaux et Art de Vivre\",\"publisher\":{\"@id\":\"https:\/\/www.champmarket.com\/#organization\"},\"potentialAction\":[{\"@type\":\"SearchAction\",\"target\":{\"@type\":\"EntryPoint\",\"urlTemplate\":\"https:\/\/www.champmarket.com\/?s={search_term_string}\"},\"query-input\":{\"@type\":\"PropertyValueSpecification\",\"valueRequired\":true,\"valueName\":\"search_term_string\"}}],\"inLanguage\":\"it-IT\"},{\"@type\":\"Organization\",\"@id\":\"https:\/\/www.champmarket.com\/#organization\",\"name\":\"Champmarket\",\"url\":\"https:\/\/www.champmarket.com\/\",\"logo\":{\"@type\":\"ImageObject\",\"inLanguage\":\"it-IT\",\"@id\":\"https:\/\/www.champmarket.com\/#\/schema\/logo\/image\/\",\"url\":\"https:\/\/www.champmarket.com\/wp-content\/uploads\/2024\/08\/logo2024-1.svg\",\"contentUrl\":\"https:\/\/www.champmarket.com\/wp-content\/uploads\/2024\/08\/logo2024-1.svg\",\"width\":579.8,\"height\":80,\"caption\":\"Champmarket\"},\"image\":{\"@id\":\"https:\/\/www.champmarket.com\/#\/schema\/logo\/image\/\"},\"sameAs\":[\"https:\/\/www.facebook.com\/ChampMarket\/\",\"https:\/\/x.com\/champmarket\",\"https:\/\/www.instagram.com\/champmarket.paris\/\",\"https:\/\/www.pinterest.fr\/champmarketparis\/\",\"https:\/\/www.linkedin.com\/company\/champmarket\/\"]}]}<\/script>\n<!-- \/ Yoast SEO plugin. -->","yoast_head_json":{"title":"Champagne Bottiglia di Ruinart Dom Ruinart Ros\u00e9 2009 - Champmarket","description":"Dom Ruinart Ros\u00e9 2009 \u00e8 un vino ottenuto dalle pi\u00f9 belle parcelle della regione di Champagne. Fedele all'esperienza della Maison Ruinart, questa cuv\u00e9e deve la sua finezza ed eleganza all'alta percentuale di Chardonnay Grand Cru della C\u00f4te des Blancs. \"2009: un anno di estremi per vini dall'equilibrio sapido e dinamico\". Grazie al suo sapiente assemblaggio, il Dom Ruinart ros\u00e9 2009 ha tutta l'eleganza e la finezza dello Chardonnay, firma della Maison Ruinart, con l'aggiunta della dimensione del Pinot Noir. Questo champagne di carattere si abbina ai piatti pi\u00f9 raffinati.","robots":{"index":"index","follow":"follow","max-snippet":"max-snippet:-1","max-image-preview":"max-image-preview:large","max-video-preview":"max-video-preview:-1"},"canonical":"https:\/\/www.champmarket.com\/it\/champagne\/ruinart-dom-ruinart-rose-2009-bottiglia\/","og_locale":"it_IT","og_type":"article","og_title":"Champagne Bottiglia di Ruinart Dom Ruinart Ros\u00e9 2009 - Champmarket","og_description":"Dom Ruinart Ros\u00e9 2009 \u00e8 un vino ottenuto dalle pi\u00f9 belle parcelle della regione di Champagne. Fedele all'esperienza della Maison Ruinart, questa cuv\u00e9e deve la sua finezza ed eleganza all'alta percentuale di Chardonnay Grand Cru della C\u00f4te des Blancs. \"2009: un anno di estremi per vini dall'equilibrio sapido e dinamico\". Grazie al suo sapiente assemblaggio, il Dom Ruinart ros\u00e9 2009 ha tutta l'eleganza e la finezza dello Chardonnay, firma della Maison Ruinart, con l'aggiunta della dimensione del Pinot Noir. Questo champagne di carattere si abbina ai piatti pi\u00f9 raffinati.","og_url":"https:\/\/www.champmarket.com\/it\/champagne\/ruinart-dom-ruinart-rose-2009-bottiglia\/","og_site_name":"Champmarket","article_publisher":"https:\/\/www.facebook.com\/ChampMarket\/","article_modified_time":"2023-06-30T22:00:11+00:00","og_image":[{"width":1200,"height":1200,"url":"https:\/\/www.champmarket.com\/wp-content\/uploads\/2022\/10\/fiche-produit-dom-ruinart-rose-2009-bouteille.webp","type":"image\/jpeg"}],"twitter_card":"summary_large_image","twitter_site":"@champmarket","twitter_misc":{"Tempo di lettura stimato":"1 minuto"},"schema":{"@context":"https:\/\/schema.org","@graph":[{"@type":"WebPage","@id":"https:\/\/www.champmarket.com\/it\/champagne\/ruinart-dom-ruinart-rose-2009-bottiglia\/","url":"https:\/\/www.champmarket.com\/it\/champagne\/ruinart-dom-ruinart-rose-2009-bottiglia\/","name":"Champagne Bottiglia di Ruinart Dom Ruinart Ros\u00e9 2009 - Champmarket","isPartOf":{"@id":"https:\/\/www.champmarket.com\/#website"},"primaryImageOfPage":{"@id":"https:\/\/www.champmarket.com\/it\/champagne\/ruinart-dom-ruinart-rose-2009-bottiglia\/#primaryimage"},"image":{"@id":"https:\/\/www.champmarket.com\/it\/champagne\/ruinart-dom-ruinart-rose-2009-bottiglia\/#primaryimage"},"thumbnailUrl":"https:\/\/www.champmarket.com\/wp-content\/uploads\/2022\/10\/fiche-produit-dom-ruinart-rose-2009-bouteille.webp","datePublished":"2022-10-24T13:42:15+00:00","dateModified":"2023-06-30T22:00:11+00:00","description":"Dom Ruinart Ros\u00e9 2009 \u00e8 un vino ottenuto dalle pi\u00f9 belle parcelle della regione di Champagne. Fedele all'esperienza della Maison Ruinart, questa cuv\u00e9e deve la sua finezza ed eleganza all'alta percentuale di Chardonnay Grand Cru della C\u00f4te des Blancs. \"2009: un anno di estremi per vini dall'equilibrio sapido e dinamico\". Grazie al suo sapiente assemblaggio, il Dom Ruinart ros\u00e9 2009 ha tutta l'eleganza e la finezza dello Chardonnay, firma della Maison Ruinart, con l'aggiunta della dimensione del Pinot Noir. Questo champagne di carattere si abbina ai piatti pi\u00f9 raffinati.","breadcrumb":{"@id":"https:\/\/www.champmarket.com\/it\/champagne\/ruinart-dom-ruinart-rose-2009-bottiglia\/#breadcrumb"},"inLanguage":"it-IT","potentialAction":[{"@type":"ReadAction","target":["https:\/\/www.champmarket.com\/it\/champagne\/ruinart-dom-ruinart-rose-2009-bottiglia\/"]}]},{"@type":"ImageObject","inLanguage":"it-IT","@id":"https:\/\/www.champmarket.com\/it\/champagne\/ruinart-dom-ruinart-rose-2009-bottiglia\/#primaryimage","url":"https:\/\/www.champmarket.com\/wp-content\/uploads\/2022\/10\/fiche-produit-dom-ruinart-rose-2009-bouteille.webp","contentUrl":"https:\/\/www.champmarket.com\/wp-content\/uploads\/2022\/10\/fiche-produit-dom-ruinart-rose-2009-bouteille.webp","width":1200,"height":1200,"caption":"Champagne Ruinart Dom Ruinart Ros\u00e9 2009 Bouteille - Champmarket"},{"@type":"BreadcrumbList","@id":"https:\/\/www.champmarket.com\/it\/champagne\/ruinart-dom-ruinart-rose-2009-bottiglia\/#breadcrumb","itemListElement":[{"@type":"ListItem","position":1,"name":"Home","item":"https:\/\/www.champmarket.com\/it\/acquista-champagne-online-champmarket\/"},{"@type":"ListItem","position":2,"name":"Shop","item":"https:\/\/www.champmarket.com\/it\/shop\/"},{"@type":"ListItem","position":3,"name":"Ruinart","item":"https:\/\/www.champmarket.com\/it\/maisons\/selection-champagne-ruinart-it\/"},{"@type":"ListItem","position":4,"name":"Bottiglia di Ruinart Dom Ruinart Ros\u00e9 2009"}]},{"@type":"WebSite","@id":"https:\/\/www.champmarket.com\/#website","url":"https:\/\/www.champmarket.com\/","name":"Champmarket","description":"Champmarket, Champagnes, Cadeaux et Art de Vivre","publisher":{"@id":"https:\/\/www.champmarket.com\/#organization"},"potentialAction":[{"@type":"SearchAction","target":{"@type":"EntryPoint","urlTemplate":"https:\/\/www.champmarket.com\/?s={search_term_string}"},"query-input":{"@type":"PropertyValueSpecification","valueRequired":true,"valueName":"search_term_string"}}],"inLanguage":"it-IT"},{"@type":"Organization","@id":"https:\/\/www.champmarket.com\/#organization","name":"Champmarket","url":"https:\/\/www.champmarket.com\/","logo":{"@type":"ImageObject","inLanguage":"it-IT","@id":"https:\/\/www.champmarket.com\/#\/schema\/logo\/image\/","url":"https:\/\/www.champmarket.com\/wp-content\/uploads\/2024\/08\/logo2024-1.svg","contentUrl":"https:\/\/www.champmarket.com\/wp-content\/uploads\/2024\/08\/logo2024-1.svg","width":579.8,"height":80,"caption":"Champmarket"},"image":{"@id":"https:\/\/www.champmarket.com\/#\/schema\/logo\/image\/"},"sameAs":["https:\/\/www.facebook.com\/ChampMarket\/","https:\/\/x.com\/champmarket","https:\/\/www.instagram.com\/champmarket.paris\/","https:\/\/www.pinterest.fr\/champmarketparis\/","https:\/\/www.linkedin.com\/company\/champmarket\/"]}]}},"_links":{"self":[{"href":"https:\/\/www.champmarket.com\/it\/wp-json\/wp\/v2\/product\/40526","targetHints":{"allow":["GET"]}}],"collection":[{"href":"https:\/\/www.champmarket.com\/it\/wp-json\/wp\/v2\/product"}],"about":[{"href":"https:\/\/www.champmarket.com\/it\/wp-json\/wp\/v2\/types\/product"}],"version-history":[{"count":0,"href":"https:\/\/www.champmarket.com\/it\/wp-json\/wp\/v2\/product\/40526\/revisions"}],"wp:featuredmedia":[{"embeddable":true,"href":"https:\/\/www.champmarket.com\/it\/wp-json\/wp\/v2\/media\/41031"}],"wp:attachment":[{"href":"https:\/\/www.champmarket.com\/it\/wp-json\/wp\/v2\/media?parent=40526"}],"wp:term":[{"taxonomy":"product_brand","embeddable":true,"href":"https:\/\/www.champmarket.com\/it\/wp-json\/wp\/v2\/product_brand?post=40526"},{"taxonomy":"product_cat","embeddable":true,"href":"https:\/\/www.champmarket.com\/it\/wp-json\/wp\/v2\/product_cat?post=40526"},{"taxonomy":"product_tag","embeddable":true,"href":"https:\/\/www.champmarket.com\/it\/wp-json\/wp\/v2\/product_tag?post=40526"}],"curies":[{"name":"wp","href":"https:\/\/api.w.org\/{rel}","templated":true}]}}