{"id":41055,"date":"2022-11-14T11:34:50","date_gmt":"2022-11-14T10:34:53","guid":{"rendered":"https:\/\/www.champmarket.com\/?post_type=product&#038;p=41055"},"modified":"2025-05-13T14:32:37","modified_gmt":"2025-05-13T12:32:37","slug":"langlet-grande-cuvee-bottiglia","status":"publish","type":"product","link":"https:\/\/www.champmarket.com\/it\/champagne\/langlet-grande-cuvee-bottiglia\/","title":{"rendered":"Langlet Grande Cuv\u00e9e Bottiglia"},"content":{"rendered":"<p>Fin dalla sua fondazione nel 1923, la Maison Laurenti ha coltivato l&#8217;arte e la tradizione dello Champagne con passione e impegno. Nel cuore del prestigioso villaggio di Les Riceys, una viticoltura ragionata applicata ai c\u00e9pagenobili della Champagne da 25 anni ci permette di ottenere uve di grande qualit\u00e0. Frutto di un know-how unico, unito al rispetto del complesso terroir-varietale naturale, le rare e autentiche cuv\u00e9e Laurenti sono l&#8217;espressione di uno stile unico.<\/p>\n","protected":false},"excerpt":{"rendered":"<p>Lo champagne Langlet Brut Grande R\u00e9serve riflette tutta la filosofia della Maison Langlet. Il colore \u00e8 oro pallido, la bolla \u00e8 fine e regolare. Al naso, si distinguono note floreali ed esotiche. La bocca offre una grande finezza aromatica e un finale sui zest di agrumi. Il Brut Grande R\u00e9serve \u00e8 uno champagne perfetto per l&#8217;aperitivo.<\/p>\n","protected":false},"featured_media":63107,"template":"","meta":{"_acf_changed":false},"product_brand":[],"product_cat":[3448,2238,2775,2372,2223,2222],"product_tag":[2228,2231],"class_list":{"0":"post-41055","1":"product","2":"type-product","3":"status-publish","4":"has-post-thumbnail","6":"product_cat-per-i-tuoi-eventi-aziendali-cocktail-party-e-funzioni-private","7":"product_cat-bouteilles-it","8":"product_cat-tutti-gli-champagne","9":"product_cat-champagne-brut-it","10":"product_cat-aperitif-it","11":"product_cat-evenement-cocktail-it","12":"product_tag-aperitif-it","13":"product_tag-cocktail-event-it","15":"first","16":"onbackorder","17":"taxable","18":"shipping-taxable","19":"purchasable","20":"product-type-simple"},"acf":[],"yoast_head":"<!-- This site is optimized with the Yoast SEO plugin v26.4 - https:\/\/yoast.com\/wordpress\/plugins\/seo\/ -->\n<title>Langlet Grande Cuv\u00e9e Bottiglia - Champmarket<\/title>\n<meta name=\"description\" content=\"Lo champagne Langlet Brut Grande R\u00e9serve \u00e8 la cuv\u00e9e ideale per l&#039;aperitivo.\" \/>\n<meta name=\"robots\" content=\"index, follow, max-snippet:-1, max-image-preview:large, max-video-preview:-1\" \/>\n<link rel=\"canonical\" href=\"https:\/\/www.champmarket.com\/it\/champagne\/langlet-grande-cuvee-bottiglia\/\" \/>\n<meta property=\"og:locale\" content=\"it_IT\" \/>\n<meta property=\"og:type\" content=\"article\" \/>\n<meta property=\"og:title\" content=\"Langlet Grande Cuv\u00e9e Bottiglia - Champmarket\" \/>\n<meta property=\"og:description\" content=\"Lo champagne Langlet Brut Grande R\u00e9serve \u00e8 la cuv\u00e9e ideale per l&#039;aperitivo.\" \/>\n<meta property=\"og:url\" content=\"https:\/\/www.champmarket.com\/it\/champagne\/langlet-grande-cuvee-bottiglia\/\" \/>\n<meta property=\"og:site_name\" content=\"Champmarket\" \/>\n<meta property=\"article:publisher\" content=\"https:\/\/www.facebook.com\/ChampMarket\/\" \/>\n<meta property=\"article:modified_time\" content=\"2025-05-13T12:32:37+00:00\" \/>\n<meta property=\"og:image\" content=\"https:\/\/www.champmarket.com\/wp-content\/uploads\/2022\/11\/fiche-produit-langlet-grande-reserve-brut-bouteille.webp\" \/>\n\t<meta property=\"og:image:width\" content=\"1200\" \/>\n\t<meta property=\"og:image:height\" content=\"1200\" \/>\n\t<meta property=\"og:image:type\" content=\"image\/webp\" \/>\n<meta name=\"twitter:card\" content=\"summary_large_image\" \/>\n<meta name=\"twitter:site\" content=\"@champmarket\" \/>\n<meta name=\"twitter:label1\" content=\"Tempo di lettura stimato\" \/>\n\t<meta name=\"twitter:data1\" content=\"1 minuto\" \/>\n<script type=\"application\/ld+json\" class=\"yoast-schema-graph\">{\"@context\":\"https:\/\/schema.org\",\"@graph\":[{\"@type\":\"WebPage\",\"@id\":\"https:\/\/www.champmarket.com\/it\/champagne\/langlet-grande-cuvee-bottiglia\/\",\"url\":\"https:\/\/www.champmarket.com\/it\/champagne\/langlet-grande-cuvee-bottiglia\/\",\"name\":\"Langlet Grande Cuv\u00e9e Bottiglia - Champmarket\",\"isPartOf\":{\"@id\":\"https:\/\/www.champmarket.com\/#website\"},\"primaryImageOfPage\":{\"@id\":\"https:\/\/www.champmarket.com\/it\/champagne\/langlet-grande-cuvee-bottiglia\/#primaryimage\"},\"image\":{\"@id\":\"https:\/\/www.champmarket.com\/it\/champagne\/langlet-grande-cuvee-bottiglia\/#primaryimage\"},\"thumbnailUrl\":\"https:\/\/www.champmarket.com\/wp-content\/uploads\/2022\/11\/fiche-produit-langlet-grande-reserve-brut-bouteille.webp\",\"datePublished\":\"2022-11-14T10:34:53+00:00\",\"dateModified\":\"2025-05-13T12:32:37+00:00\",\"description\":\"Lo champagne Langlet Brut Grande R\u00e9serve \u00e8 la cuv\u00e9e ideale per l'aperitivo.\",\"breadcrumb\":{\"@id\":\"https:\/\/www.champmarket.com\/it\/champagne\/langlet-grande-cuvee-bottiglia\/#breadcrumb\"},\"inLanguage\":\"it-IT\",\"potentialAction\":[{\"@type\":\"ReadAction\",\"target\":[\"https:\/\/www.champmarket.com\/it\/champagne\/langlet-grande-cuvee-bottiglia\/\"]}]},{\"@type\":\"ImageObject\",\"inLanguage\":\"it-IT\",\"@id\":\"https:\/\/www.champmarket.com\/it\/champagne\/langlet-grande-cuvee-bottiglia\/#primaryimage\",\"url\":\"https:\/\/www.champmarket.com\/wp-content\/uploads\/2022\/11\/fiche-produit-langlet-grande-reserve-brut-bouteille.webp\",\"contentUrl\":\"https:\/\/www.champmarket.com\/wp-content\/uploads\/2022\/11\/fiche-produit-langlet-grande-reserve-brut-bouteille.webp\",\"width\":1200,\"height\":1200,\"caption\":\"Champagne Langlet Grande R\u00e9serve Brut - Champmarket\"},{\"@type\":\"BreadcrumbList\",\"@id\":\"https:\/\/www.champmarket.com\/it\/champagne\/langlet-grande-cuvee-bottiglia\/#breadcrumb\",\"itemListElement\":[{\"@type\":\"ListItem\",\"position\":1,\"name\":\"Home\",\"item\":\"https:\/\/www.champmarket.com\/it\/acquista-champagne-online-champmarket\/\"},{\"@type\":\"ListItem\",\"position\":2,\"name\":\"Shop\",\"item\":\"https:\/\/www.champmarket.com\/it\/shop\/\"},{\"@type\":\"ListItem\",\"position\":3,\"name\":\"Langlet Grande Cuv\u00e9e Bottiglia\"}]},{\"@type\":\"WebSite\",\"@id\":\"https:\/\/www.champmarket.com\/#website\",\"url\":\"https:\/\/www.champmarket.com\/\",\"name\":\"Champmarket\",\"description\":\"Champmarket, Champagnes, Cadeaux et Art de Vivre\",\"publisher\":{\"@id\":\"https:\/\/www.champmarket.com\/#organization\"},\"potentialAction\":[{\"@type\":\"SearchAction\",\"target\":{\"@type\":\"EntryPoint\",\"urlTemplate\":\"https:\/\/www.champmarket.com\/?s={search_term_string}\"},\"query-input\":{\"@type\":\"PropertyValueSpecification\",\"valueRequired\":true,\"valueName\":\"search_term_string\"}}],\"inLanguage\":\"it-IT\"},{\"@type\":\"Organization\",\"@id\":\"https:\/\/www.champmarket.com\/#organization\",\"name\":\"Champmarket\",\"url\":\"https:\/\/www.champmarket.com\/\",\"logo\":{\"@type\":\"ImageObject\",\"inLanguage\":\"it-IT\",\"@id\":\"https:\/\/www.champmarket.com\/#\/schema\/logo\/image\/\",\"url\":\"https:\/\/www.champmarket.com\/wp-content\/uploads\/2024\/08\/logo2024-1.svg\",\"contentUrl\":\"https:\/\/www.champmarket.com\/wp-content\/uploads\/2024\/08\/logo2024-1.svg\",\"width\":579.8,\"height\":80,\"caption\":\"Champmarket\"},\"image\":{\"@id\":\"https:\/\/www.champmarket.com\/#\/schema\/logo\/image\/\"},\"sameAs\":[\"https:\/\/www.facebook.com\/ChampMarket\/\",\"https:\/\/x.com\/champmarket\",\"https:\/\/www.instagram.com\/champmarket.paris\/\",\"https:\/\/www.pinterest.fr\/champmarketparis\/\",\"https:\/\/www.linkedin.com\/company\/champmarket\/\"]}]}<\/script>\n<!-- \/ Yoast SEO plugin. -->","yoast_head_json":{"title":"Langlet Grande Cuv\u00e9e Bottiglia - Champmarket","description":"Lo champagne Langlet Brut Grande R\u00e9serve \u00e8 la cuv\u00e9e ideale per l'aperitivo.","robots":{"index":"index","follow":"follow","max-snippet":"max-snippet:-1","max-image-preview":"max-image-preview:large","max-video-preview":"max-video-preview:-1"},"canonical":"https:\/\/www.champmarket.com\/it\/champagne\/langlet-grande-cuvee-bottiglia\/","og_locale":"it_IT","og_type":"article","og_title":"Langlet Grande Cuv\u00e9e Bottiglia - Champmarket","og_description":"Lo champagne Langlet Brut Grande R\u00e9serve \u00e8 la cuv\u00e9e ideale per l'aperitivo.","og_url":"https:\/\/www.champmarket.com\/it\/champagne\/langlet-grande-cuvee-bottiglia\/","og_site_name":"Champmarket","article_publisher":"https:\/\/www.facebook.com\/ChampMarket\/","article_modified_time":"2025-05-13T12:32:37+00:00","og_image":[{"width":1200,"height":1200,"url":"https:\/\/www.champmarket.com\/wp-content\/uploads\/2022\/11\/fiche-produit-langlet-grande-reserve-brut-bouteille.webp","type":"image\/webp"}],"twitter_card":"summary_large_image","twitter_site":"@champmarket","twitter_misc":{"Tempo di lettura stimato":"1 minuto"},"schema":{"@context":"https:\/\/schema.org","@graph":[{"@type":"WebPage","@id":"https:\/\/www.champmarket.com\/it\/champagne\/langlet-grande-cuvee-bottiglia\/","url":"https:\/\/www.champmarket.com\/it\/champagne\/langlet-grande-cuvee-bottiglia\/","name":"Langlet Grande Cuv\u00e9e Bottiglia - Champmarket","isPartOf":{"@id":"https:\/\/www.champmarket.com\/#website"},"primaryImageOfPage":{"@id":"https:\/\/www.champmarket.com\/it\/champagne\/langlet-grande-cuvee-bottiglia\/#primaryimage"},"image":{"@id":"https:\/\/www.champmarket.com\/it\/champagne\/langlet-grande-cuvee-bottiglia\/#primaryimage"},"thumbnailUrl":"https:\/\/www.champmarket.com\/wp-content\/uploads\/2022\/11\/fiche-produit-langlet-grande-reserve-brut-bouteille.webp","datePublished":"2022-11-14T10:34:53+00:00","dateModified":"2025-05-13T12:32:37+00:00","description":"Lo champagne Langlet Brut Grande R\u00e9serve \u00e8 la cuv\u00e9e ideale per l'aperitivo.","breadcrumb":{"@id":"https:\/\/www.champmarket.com\/it\/champagne\/langlet-grande-cuvee-bottiglia\/#breadcrumb"},"inLanguage":"it-IT","potentialAction":[{"@type":"ReadAction","target":["https:\/\/www.champmarket.com\/it\/champagne\/langlet-grande-cuvee-bottiglia\/"]}]},{"@type":"ImageObject","inLanguage":"it-IT","@id":"https:\/\/www.champmarket.com\/it\/champagne\/langlet-grande-cuvee-bottiglia\/#primaryimage","url":"https:\/\/www.champmarket.com\/wp-content\/uploads\/2022\/11\/fiche-produit-langlet-grande-reserve-brut-bouteille.webp","contentUrl":"https:\/\/www.champmarket.com\/wp-content\/uploads\/2022\/11\/fiche-produit-langlet-grande-reserve-brut-bouteille.webp","width":1200,"height":1200,"caption":"Champagne Langlet Grande R\u00e9serve Brut - Champmarket"},{"@type":"BreadcrumbList","@id":"https:\/\/www.champmarket.com\/it\/champagne\/langlet-grande-cuvee-bottiglia\/#breadcrumb","itemListElement":[{"@type":"ListItem","position":1,"name":"Home","item":"https:\/\/www.champmarket.com\/it\/acquista-champagne-online-champmarket\/"},{"@type":"ListItem","position":2,"name":"Shop","item":"https:\/\/www.champmarket.com\/it\/shop\/"},{"@type":"ListItem","position":3,"name":"Langlet Grande Cuv\u00e9e Bottiglia"}]},{"@type":"WebSite","@id":"https:\/\/www.champmarket.com\/#website","url":"https:\/\/www.champmarket.com\/","name":"Champmarket","description":"Champmarket, Champagnes, Cadeaux et Art de Vivre","publisher":{"@id":"https:\/\/www.champmarket.com\/#organization"},"potentialAction":[{"@type":"SearchAction","target":{"@type":"EntryPoint","urlTemplate":"https:\/\/www.champmarket.com\/?s={search_term_string}"},"query-input":{"@type":"PropertyValueSpecification","valueRequired":true,"valueName":"search_term_string"}}],"inLanguage":"it-IT"},{"@type":"Organization","@id":"https:\/\/www.champmarket.com\/#organization","name":"Champmarket","url":"https:\/\/www.champmarket.com\/","logo":{"@type":"ImageObject","inLanguage":"it-IT","@id":"https:\/\/www.champmarket.com\/#\/schema\/logo\/image\/","url":"https:\/\/www.champmarket.com\/wp-content\/uploads\/2024\/08\/logo2024-1.svg","contentUrl":"https:\/\/www.champmarket.com\/wp-content\/uploads\/2024\/08\/logo2024-1.svg","width":579.8,"height":80,"caption":"Champmarket"},"image":{"@id":"https:\/\/www.champmarket.com\/#\/schema\/logo\/image\/"},"sameAs":["https:\/\/www.facebook.com\/ChampMarket\/","https:\/\/x.com\/champmarket","https:\/\/www.instagram.com\/champmarket.paris\/","https:\/\/www.pinterest.fr\/champmarketparis\/","https:\/\/www.linkedin.com\/company\/champmarket\/"]}]}},"_links":{"self":[{"href":"https:\/\/www.champmarket.com\/it\/wp-json\/wp\/v2\/product\/41055","targetHints":{"allow":["GET"]}}],"collection":[{"href":"https:\/\/www.champmarket.com\/it\/wp-json\/wp\/v2\/product"}],"about":[{"href":"https:\/\/www.champmarket.com\/it\/wp-json\/wp\/v2\/types\/product"}],"version-history":[{"count":2,"href":"https:\/\/www.champmarket.com\/it\/wp-json\/wp\/v2\/product\/41055\/revisions"}],"predecessor-version":[{"id":78949,"href":"https:\/\/www.champmarket.com\/it\/wp-json\/wp\/v2\/product\/41055\/revisions\/78949"}],"wp:featuredmedia":[{"embeddable":true,"href":"https:\/\/www.champmarket.com\/it\/wp-json\/wp\/v2\/media\/63107"}],"wp:attachment":[{"href":"https:\/\/www.champmarket.com\/it\/wp-json\/wp\/v2\/media?parent=41055"}],"wp:term":[{"taxonomy":"product_brand","embeddable":true,"href":"https:\/\/www.champmarket.com\/it\/wp-json\/wp\/v2\/product_brand?post=41055"},{"taxonomy":"product_cat","embeddable":true,"href":"https:\/\/www.champmarket.com\/it\/wp-json\/wp\/v2\/product_cat?post=41055"},{"taxonomy":"product_tag","embeddable":true,"href":"https:\/\/www.champmarket.com\/it\/wp-json\/wp\/v2\/product_tag?post=41055"}],"curies":[{"name":"wp","href":"https:\/\/api.w.org\/{rel}","templated":true}]}}