{"id":44625,"date":"2023-01-23T16:26:00","date_gmt":"2023-01-23T15:26:01","guid":{"rendered":"https:\/\/www.champmarket.com\/?post_type=product&#038;p=44625"},"modified":"2025-05-13T12:01:26","modified_gmt":"2025-05-13T10:01:26","slug":"piper-heidsieck-coffret-diptyque-1982-2-bottiglie","status":"publish","type":"product","link":"https:\/\/www.champmarket.com\/it\/champagne\/piper-heidsieck-coffret-diptyque-1982-2-bottiglie\/","title":{"rendered":"Piper-Heidsieck Diptyque 1982 Box 2 bottiglie"},"content":{"rendered":"<p class=\"p2\"><em>Le due sfaccettature della stessa annata, della stessa miscela, della stessa filosofia, interagiscono e riflettono il passare del tempo, ognuna a modo suo. Esistono due modi per far invecchiare uno champagne: l&#8217;invecchiamento sui lieviti e la maturazione sul tappo dopo la sboccatura. Sboccato nel 1992, il Brut Sauvage 1982 \u00e8 stato invecchiato per dieci anni sui lieviti e per ventinove anni sul sughero. L&#8217;Hors-S\u00e9rie 1982 ha trascorso trentanove anni sui lieviti prima di essere sboccato nel 2022.<\/em><\/p>\n<p class=\"p2\"><em>&#8220;L&#8217;annata 1982 \u00e8 stata una delle prime che ho scoperto quando ho assunto il ruolo di Chef de Caves nel 2018. L&#8217;ho scelto per la collezione Hors-S\u00e9rie dopo averlo assaggiato contemporaneamente al suo dosaggio d&#8217;epoca e al suo punto. In entrambi i casi \u00e8 stato superbo, esprimendo magnificamente lo stile Piper-Heidsieck.<\/em><\/p>\n<p class=\"p2\"><em>Per questa seconda edizione della collezione Hors-S\u00e9rie, ho voluto rivelare come i diversi tipi di invecchiamento arricchiscano la personalit\u00e0 dell&#8217;annata, cosa il passare del tempo porti al vino, associando Hors-S\u00e9rie 1982 al Brut Sauvage 1982.<\/em> &#8211;<span class=\"Apple-converted-space\"> \u00c9milien <\/span>Boutillat<span class=\"Apple-converted-space\"> Maestro di cantina Champagne Piper-Heidsieck.<\/span><\/p>\n<p class=\"p2\"><span class=\"Apple-converted-space\"><strong>Know-how extra Brut:<\/strong> a<\/span><span class=\"Apple-converted-space\"> All&#8217;epoca, e contrariamente alla consuetudine, Piper-Heidsieck afferm\u00f2 la sua maestria enologica dando al Brut Sauvage 1982 un dosaggio Extra Brut di 4 grammi di zucchero per litro. Precursore di qualche decennio fa, il dosaggio Extra Brut \u00e8 oggi sempre pi\u00f9 diffuso per preservare l&#8217;eleganza e la purezza dello champagne. Nelle cantine della Maison, oltre alle bottiglie di Brut Sauvage 1982, conservate su tappi di sughero, alcune bottiglie non sboccate sono state preziosamente conservate e hanno potuto invecchiare tranquillamente sui lieviti. Hanno dato vita a Hors-S\u00e9rie 1982. <\/span><span class=\"Apple-converted-space\">Il Brut Sauvage 1982 \u00e8 una testimonianza dell&#8217;esperienza Extra Brut di Piper-Heidsieck.<\/span><\/p>\n<p>&nbsp;<\/p>\n","protected":false},"excerpt":{"rendered":"<p>Il Box &#8220;Diptyque 1982&#8221; di Piper-Heidsieck rivela due espressioni uniche dell&#8217;annata 1982. Al di l\u00e0 di un flashback, il maestro di cantina \u00c9milien Boutillat ci invita a una degustazione dittico davvero originale e ci offre una vera e propria riflessione sul tempo riunendo nella stessa box le cuv\u00e9es Hors-S\u00e9rie e Brut Sauvage, entrambe del 1982.<\/p>\n<p>Il box Piper-Heidsieck &#8220;Diptyque 1982&#8221; \u00e8 pubblicato in un&#8217;edizione ultra limitata di soli 500 esemplari.<\/p>\n","protected":false},"featured_media":44629,"template":"","meta":{"_acf_changed":false},"product_brand":[],"product_cat":[3526,3307,2407,2238,2423,2775,2225,2375,2224],"product_tag":[2248,2259,2255,2231,2229,2232],"class_list":{"0":"post-44625","1":"product","2":"type-product","3":"status-publish","4":"has-post-thumbnail","6":"maisons-selection-champagne-piper-heidsieck-it","7":"product_cat-champagne-extra-brut-it","8":"product_cat-tutti-gli-champagne-e-i-set-regalo-esclusivi","9":"product_cat-categorie-piper-heidsieck-it","10":"product_cat-bouteilles-it","11":"product_cat-editions-limitees-it","12":"product_cat-tutti-gli-champagne","13":"product_cat-champagne-millesime-it","14":"product_cat-champagne-prestige-it","15":"product_cat-repas-it","16":"product_tag-haute-couture-it","17":"product_tag-edition-limitee-it","18":"product_tag-pour-offrir-it","19":"product_tag-cocktail-event-it","20":"product_tag-per-un-pasto-con-champagne","21":"product_tag-vintage-it","23":"first","24":"instock","25":"taxable","26":"shipping-taxable","27":"purchasable","28":"product-type-simple"},"acf":[],"yoast_head":"<!-- This site is optimized with the Yoast SEO plugin v26.4 - https:\/\/yoast.com\/wordpress\/plugins\/seo\/ -->\n<title>Piper-Heidsieck Diptyque 1982 Box 2 bottiglie - Champmarket<\/title>\n<meta name=\"description\" content=\"Il Box &quot;Diptyque 1982&quot; di Piper-Heidsieck rivela due espressioni uniche dell&#039;annata 1982. \u00c8 pubblicato in un&#039;edizione ultra-limitata di sole 500 copie.\" \/>\n<meta name=\"robots\" content=\"index, follow, max-snippet:-1, max-image-preview:large, max-video-preview:-1\" \/>\n<link rel=\"canonical\" href=\"https:\/\/www.champmarket.com\/it\/champagne\/piper-heidsieck-coffret-diptyque-1982-2-bottiglie\/\" \/>\n<meta property=\"og:locale\" content=\"it_IT\" \/>\n<meta property=\"og:type\" content=\"article\" \/>\n<meta property=\"og:title\" content=\"Piper-Heidsieck Diptyque 1982 Box 2 bottiglie - Champmarket\" \/>\n<meta property=\"og:description\" content=\"Il Box &quot;Diptyque 1982&quot; di Piper-Heidsieck rivela due espressioni uniche dell&#039;annata 1982. \u00c8 pubblicato in un&#039;edizione ultra-limitata di sole 500 copie.\" \/>\n<meta property=\"og:url\" content=\"https:\/\/www.champmarket.com\/it\/champagne\/piper-heidsieck-coffret-diptyque-1982-2-bottiglie\/\" \/>\n<meta property=\"og:site_name\" content=\"Champmarket\" \/>\n<meta property=\"article:publisher\" content=\"https:\/\/www.facebook.com\/ChampMarket\/\" \/>\n<meta property=\"article:modified_time\" content=\"2025-05-13T10:01:26+00:00\" \/>\n<meta property=\"og:image\" content=\"https:\/\/www.champmarket.com\/wp-content\/uploads\/2023\/01\/piper-heidsieck-Piper-Heidsieck-coffret-diptyque-1982-2-bouteilles.webp\" \/>\n\t<meta property=\"og:image:width\" content=\"1200\" \/>\n\t<meta property=\"og:image:height\" content=\"1200\" \/>\n\t<meta property=\"og:image:type\" content=\"image\/jpeg\" \/>\n<meta name=\"twitter:card\" content=\"summary_large_image\" \/>\n<meta name=\"twitter:site\" content=\"@champmarket\" \/>\n<meta name=\"twitter:label1\" content=\"Tempo di lettura stimato\" \/>\n\t<meta name=\"twitter:data1\" content=\"2 minuti\" \/>\n<script type=\"application\/ld+json\" class=\"yoast-schema-graph\">{\"@context\":\"https:\/\/schema.org\",\"@graph\":[{\"@type\":\"WebPage\",\"@id\":\"https:\/\/www.champmarket.com\/it\/champagne\/piper-heidsieck-coffret-diptyque-1982-2-bottiglie\/\",\"url\":\"https:\/\/www.champmarket.com\/it\/champagne\/piper-heidsieck-coffret-diptyque-1982-2-bottiglie\/\",\"name\":\"Piper-Heidsieck Diptyque 1982 Box 2 bottiglie - Champmarket\",\"isPartOf\":{\"@id\":\"https:\/\/www.champmarket.com\/#website\"},\"primaryImageOfPage\":{\"@id\":\"https:\/\/www.champmarket.com\/it\/champagne\/piper-heidsieck-coffret-diptyque-1982-2-bottiglie\/#primaryimage\"},\"image\":{\"@id\":\"https:\/\/www.champmarket.com\/it\/champagne\/piper-heidsieck-coffret-diptyque-1982-2-bottiglie\/#primaryimage\"},\"thumbnailUrl\":\"https:\/\/www.champmarket.com\/wp-content\/uploads\/2023\/01\/piper-heidsieck-Piper-Heidsieck-coffret-diptyque-1982-2-bouteilles.webp\",\"datePublished\":\"2023-01-23T15:26:01+00:00\",\"dateModified\":\"2025-05-13T10:01:26+00:00\",\"description\":\"Il Box \\\"Diptyque 1982\\\" di Piper-Heidsieck rivela due espressioni uniche dell'annata 1982. \u00c8 pubblicato in un'edizione ultra-limitata di sole 500 copie.\",\"breadcrumb\":{\"@id\":\"https:\/\/www.champmarket.com\/it\/champagne\/piper-heidsieck-coffret-diptyque-1982-2-bottiglie\/#breadcrumb\"},\"inLanguage\":\"it-IT\",\"potentialAction\":[{\"@type\":\"ReadAction\",\"target\":[\"https:\/\/www.champmarket.com\/it\/champagne\/piper-heidsieck-coffret-diptyque-1982-2-bottiglie\/\"]}]},{\"@type\":\"ImageObject\",\"inLanguage\":\"it-IT\",\"@id\":\"https:\/\/www.champmarket.com\/it\/champagne\/piper-heidsieck-coffret-diptyque-1982-2-bottiglie\/#primaryimage\",\"url\":\"https:\/\/www.champmarket.com\/wp-content\/uploads\/2023\/01\/piper-heidsieck-Piper-Heidsieck-coffret-diptyque-1982-2-bouteilles.webp\",\"contentUrl\":\"https:\/\/www.champmarket.com\/wp-content\/uploads\/2023\/01\/piper-heidsieck-Piper-Heidsieck-coffret-diptyque-1982-2-bouteilles.webp\",\"width\":1200,\"height\":1200,\"caption\":\"Champagnhe Piper-Heidsieck Coffret Diptyque 1982 2 Bouteilles - Champmarket\"},{\"@type\":\"BreadcrumbList\",\"@id\":\"https:\/\/www.champmarket.com\/it\/champagne\/piper-heidsieck-coffret-diptyque-1982-2-bottiglie\/#breadcrumb\",\"itemListElement\":[{\"@type\":\"ListItem\",\"position\":1,\"name\":\"Home\",\"item\":\"https:\/\/www.champmarket.com\/it\/acquista-champagne-online-champmarket\/\"},{\"@type\":\"ListItem\",\"position\":2,\"name\":\"Shop\",\"item\":\"https:\/\/www.champmarket.com\/it\/shop\/\"},{\"@type\":\"ListItem\",\"position\":3,\"name\":\"Piper-Heidsieck\",\"item\":\"https:\/\/www.champmarket.com\/it\/maisons\/selection-champagne-piper-heidsieck-it\/\"},{\"@type\":\"ListItem\",\"position\":4,\"name\":\"Piper-Heidsieck Diptyque 1982 Box 2 bottiglie\"}]},{\"@type\":\"WebSite\",\"@id\":\"https:\/\/www.champmarket.com\/#website\",\"url\":\"https:\/\/www.champmarket.com\/\",\"name\":\"Champmarket\",\"description\":\"Champmarket, Champagnes, Cadeaux et Art de Vivre\",\"publisher\":{\"@id\":\"https:\/\/www.champmarket.com\/#organization\"},\"potentialAction\":[{\"@type\":\"SearchAction\",\"target\":{\"@type\":\"EntryPoint\",\"urlTemplate\":\"https:\/\/www.champmarket.com\/?s={search_term_string}\"},\"query-input\":{\"@type\":\"PropertyValueSpecification\",\"valueRequired\":true,\"valueName\":\"search_term_string\"}}],\"inLanguage\":\"it-IT\"},{\"@type\":\"Organization\",\"@id\":\"https:\/\/www.champmarket.com\/#organization\",\"name\":\"Champmarket\",\"url\":\"https:\/\/www.champmarket.com\/\",\"logo\":{\"@type\":\"ImageObject\",\"inLanguage\":\"it-IT\",\"@id\":\"https:\/\/www.champmarket.com\/#\/schema\/logo\/image\/\",\"url\":\"https:\/\/www.champmarket.com\/wp-content\/uploads\/2024\/08\/logo2024-1.svg\",\"contentUrl\":\"https:\/\/www.champmarket.com\/wp-content\/uploads\/2024\/08\/logo2024-1.svg\",\"width\":579.8,\"height\":80,\"caption\":\"Champmarket\"},\"image\":{\"@id\":\"https:\/\/www.champmarket.com\/#\/schema\/logo\/image\/\"},\"sameAs\":[\"https:\/\/www.facebook.com\/ChampMarket\/\",\"https:\/\/x.com\/champmarket\",\"https:\/\/www.instagram.com\/champmarket.paris\/\",\"https:\/\/www.pinterest.fr\/champmarketparis\/\",\"https:\/\/www.linkedin.com\/company\/champmarket\/\"]}]}<\/script>\n<!-- \/ Yoast SEO plugin. -->","yoast_head_json":{"title":"Piper-Heidsieck Diptyque 1982 Box 2 bottiglie - Champmarket","description":"Il Box \"Diptyque 1982\" di Piper-Heidsieck rivela due espressioni uniche dell'annata 1982. \u00c8 pubblicato in un'edizione ultra-limitata di sole 500 copie.","robots":{"index":"index","follow":"follow","max-snippet":"max-snippet:-1","max-image-preview":"max-image-preview:large","max-video-preview":"max-video-preview:-1"},"canonical":"https:\/\/www.champmarket.com\/it\/champagne\/piper-heidsieck-coffret-diptyque-1982-2-bottiglie\/","og_locale":"it_IT","og_type":"article","og_title":"Piper-Heidsieck Diptyque 1982 Box 2 bottiglie - Champmarket","og_description":"Il Box \"Diptyque 1982\" di Piper-Heidsieck rivela due espressioni uniche dell'annata 1982. \u00c8 pubblicato in un'edizione ultra-limitata di sole 500 copie.","og_url":"https:\/\/www.champmarket.com\/it\/champagne\/piper-heidsieck-coffret-diptyque-1982-2-bottiglie\/","og_site_name":"Champmarket","article_publisher":"https:\/\/www.facebook.com\/ChampMarket\/","article_modified_time":"2025-05-13T10:01:26+00:00","og_image":[{"width":1200,"height":1200,"url":"https:\/\/www.champmarket.com\/wp-content\/uploads\/2023\/01\/piper-heidsieck-Piper-Heidsieck-coffret-diptyque-1982-2-bouteilles.webp","type":"image\/jpeg"}],"twitter_card":"summary_large_image","twitter_site":"@champmarket","twitter_misc":{"Tempo di lettura stimato":"2 minuti"},"schema":{"@context":"https:\/\/schema.org","@graph":[{"@type":"WebPage","@id":"https:\/\/www.champmarket.com\/it\/champagne\/piper-heidsieck-coffret-diptyque-1982-2-bottiglie\/","url":"https:\/\/www.champmarket.com\/it\/champagne\/piper-heidsieck-coffret-diptyque-1982-2-bottiglie\/","name":"Piper-Heidsieck Diptyque 1982 Box 2 bottiglie - Champmarket","isPartOf":{"@id":"https:\/\/www.champmarket.com\/#website"},"primaryImageOfPage":{"@id":"https:\/\/www.champmarket.com\/it\/champagne\/piper-heidsieck-coffret-diptyque-1982-2-bottiglie\/#primaryimage"},"image":{"@id":"https:\/\/www.champmarket.com\/it\/champagne\/piper-heidsieck-coffret-diptyque-1982-2-bottiglie\/#primaryimage"},"thumbnailUrl":"https:\/\/www.champmarket.com\/wp-content\/uploads\/2023\/01\/piper-heidsieck-Piper-Heidsieck-coffret-diptyque-1982-2-bouteilles.webp","datePublished":"2023-01-23T15:26:01+00:00","dateModified":"2025-05-13T10:01:26+00:00","description":"Il Box \"Diptyque 1982\" di Piper-Heidsieck rivela due espressioni uniche dell'annata 1982. \u00c8 pubblicato in un'edizione ultra-limitata di sole 500 copie.","breadcrumb":{"@id":"https:\/\/www.champmarket.com\/it\/champagne\/piper-heidsieck-coffret-diptyque-1982-2-bottiglie\/#breadcrumb"},"inLanguage":"it-IT","potentialAction":[{"@type":"ReadAction","target":["https:\/\/www.champmarket.com\/it\/champagne\/piper-heidsieck-coffret-diptyque-1982-2-bottiglie\/"]}]},{"@type":"ImageObject","inLanguage":"it-IT","@id":"https:\/\/www.champmarket.com\/it\/champagne\/piper-heidsieck-coffret-diptyque-1982-2-bottiglie\/#primaryimage","url":"https:\/\/www.champmarket.com\/wp-content\/uploads\/2023\/01\/piper-heidsieck-Piper-Heidsieck-coffret-diptyque-1982-2-bouteilles.webp","contentUrl":"https:\/\/www.champmarket.com\/wp-content\/uploads\/2023\/01\/piper-heidsieck-Piper-Heidsieck-coffret-diptyque-1982-2-bouteilles.webp","width":1200,"height":1200,"caption":"Champagnhe Piper-Heidsieck Coffret Diptyque 1982 2 Bouteilles - Champmarket"},{"@type":"BreadcrumbList","@id":"https:\/\/www.champmarket.com\/it\/champagne\/piper-heidsieck-coffret-diptyque-1982-2-bottiglie\/#breadcrumb","itemListElement":[{"@type":"ListItem","position":1,"name":"Home","item":"https:\/\/www.champmarket.com\/it\/acquista-champagne-online-champmarket\/"},{"@type":"ListItem","position":2,"name":"Shop","item":"https:\/\/www.champmarket.com\/it\/shop\/"},{"@type":"ListItem","position":3,"name":"Piper-Heidsieck","item":"https:\/\/www.champmarket.com\/it\/maisons\/selection-champagne-piper-heidsieck-it\/"},{"@type":"ListItem","position":4,"name":"Piper-Heidsieck Diptyque 1982 Box 2 bottiglie"}]},{"@type":"WebSite","@id":"https:\/\/www.champmarket.com\/#website","url":"https:\/\/www.champmarket.com\/","name":"Champmarket","description":"Champmarket, Champagnes, Cadeaux et Art de Vivre","publisher":{"@id":"https:\/\/www.champmarket.com\/#organization"},"potentialAction":[{"@type":"SearchAction","target":{"@type":"EntryPoint","urlTemplate":"https:\/\/www.champmarket.com\/?s={search_term_string}"},"query-input":{"@type":"PropertyValueSpecification","valueRequired":true,"valueName":"search_term_string"}}],"inLanguage":"it-IT"},{"@type":"Organization","@id":"https:\/\/www.champmarket.com\/#organization","name":"Champmarket","url":"https:\/\/www.champmarket.com\/","logo":{"@type":"ImageObject","inLanguage":"it-IT","@id":"https:\/\/www.champmarket.com\/#\/schema\/logo\/image\/","url":"https:\/\/www.champmarket.com\/wp-content\/uploads\/2024\/08\/logo2024-1.svg","contentUrl":"https:\/\/www.champmarket.com\/wp-content\/uploads\/2024\/08\/logo2024-1.svg","width":579.8,"height":80,"caption":"Champmarket"},"image":{"@id":"https:\/\/www.champmarket.com\/#\/schema\/logo\/image\/"},"sameAs":["https:\/\/www.facebook.com\/ChampMarket\/","https:\/\/x.com\/champmarket","https:\/\/www.instagram.com\/champmarket.paris\/","https:\/\/www.pinterest.fr\/champmarketparis\/","https:\/\/www.linkedin.com\/company\/champmarket\/"]}]}},"_links":{"self":[{"href":"https:\/\/www.champmarket.com\/it\/wp-json\/wp\/v2\/product\/44625","targetHints":{"allow":["GET"]}}],"collection":[{"href":"https:\/\/www.champmarket.com\/it\/wp-json\/wp\/v2\/product"}],"about":[{"href":"https:\/\/www.champmarket.com\/it\/wp-json\/wp\/v2\/types\/product"}],"version-history":[{"count":1,"href":"https:\/\/www.champmarket.com\/it\/wp-json\/wp\/v2\/product\/44625\/revisions"}],"predecessor-version":[{"id":78937,"href":"https:\/\/www.champmarket.com\/it\/wp-json\/wp\/v2\/product\/44625\/revisions\/78937"}],"wp:featuredmedia":[{"embeddable":true,"href":"https:\/\/www.champmarket.com\/it\/wp-json\/wp\/v2\/media\/44629"}],"wp:attachment":[{"href":"https:\/\/www.champmarket.com\/it\/wp-json\/wp\/v2\/media?parent=44625"}],"wp:term":[{"taxonomy":"product_brand","embeddable":true,"href":"https:\/\/www.champmarket.com\/it\/wp-json\/wp\/v2\/product_brand?post=44625"},{"taxonomy":"product_cat","embeddable":true,"href":"https:\/\/www.champmarket.com\/it\/wp-json\/wp\/v2\/product_cat?post=44625"},{"taxonomy":"product_tag","embeddable":true,"href":"https:\/\/www.champmarket.com\/it\/wp-json\/wp\/v2\/product_tag?post=44625"}],"curies":[{"name":"wp","href":"https:\/\/api.w.org\/{rel}","templated":true}]}}