{"id":44884,"date":"2023-02-06T14:19:04","date_gmt":"2023-02-06T13:19:04","guid":{"rendered":"https:\/\/www.champmarket.com\/?post_type=product&#038;p=44884"},"modified":"2023-03-17T10:42:46","modified_gmt":"2023-03-17T09:42:46","slug":"louis-roederer-brut-vintage-2015-bouteille-etui","status":"publish","type":"product","link":"https:\/\/www.champmarket.com\/it\/champagne\/louis-roederer-brut-vintage-2015-bouteille-etui\/","title":{"rendered":"Louis Roederer Brut Vintage 2015 Bottiglia con astuccio"},"content":{"rendered":"<p>Affascinato dalla diversit\u00e0 dell&#8217;espressione aromatica del Pinot Nero in Champagne, Louis Roederer elabora la sua cuv\u00e9e Vintage sulla struttura e la potenza dei Pinot Nero della Montagne de Reims, dove le viti, esposte a nord-est, maturano pi\u00f9 lentamente. La personalit\u00e0 di questo grande vino \u00e8 notevolmente raffinata e si intensifica con l&#8217;invecchiamento in legno e con il tempo.<\/p>\n","protected":false},"excerpt":{"rendered":"<p>Louis Roederer Vintage 2015 con astuccio incarna l&#8217;emanazione del terroir Louis Roederer. Questa cuv\u00e9e esprime l&#8217;intensit\u00e0 e la grande concentrazione &#8220;al naturale&#8221; dei Pinot Nero di Verzy in un&#8217;annata spettacolarmente continentale.<\/p>\n<p>Per s\u00e9 o come regalo, la sua elegante astuccio \u00e8 adatta a tutte le occasioni.<\/p>\n","protected":false},"featured_media":44878,"template":"","meta":{"_acf_changed":false},"product_brand":[],"product_cat":[3307,2401,2238,2775,2224],"product_tag":[2255,2229,2232],"class_list":{"0":"post-44884","1":"product","2":"type-product","3":"status-publish","4":"has-post-thumbnail","6":"maisons-selection-champagne-louis-roederer-it","7":"product_cat-tutti-gli-champagne-e-i-set-regalo-esclusivi","8":"product_cat-categorie-louis-roederer-it","9":"product_cat-bouteilles-it","10":"product_cat-tutti-gli-champagne","11":"product_cat-repas-it","12":"product_tag-pour-offrir-it","13":"product_tag-per-un-pasto-con-champagne","14":"product_tag-vintage-it","16":"first","17":"instock","18":"taxable","19":"shipping-taxable","20":"purchasable","21":"product-type-simple"},"acf":[],"yoast_head":"<!-- This site is optimized with the Yoast SEO plugin v26.4 - https:\/\/yoast.com\/wordpress\/plugins\/seo\/ -->\n<title>Louis Roederer Brut Vintage 2015 Bottiglia con astuccio - Champmarket<\/title>\n<meta name=\"description\" content=\"Louis Roederer Vintage 2015 con astuccio incarna l&#039;emanazione del terroir Louis Roederer. Questa cuv\u00e9e esprime l&#039;intensit\u00e0 e la grande concentrazione &quot;al naturale&quot; dei Pinot Nero di Verzy in un&#039;annata spettacolarmente continentale.\" \/>\n<meta name=\"robots\" content=\"index, follow, max-snippet:-1, max-image-preview:large, max-video-preview:-1\" \/>\n<link rel=\"canonical\" href=\"https:\/\/www.champmarket.com\/it\/champagne\/louis-roederer-brut-vintage-2015-bouteille-etui\/\" \/>\n<meta property=\"og:locale\" content=\"it_IT\" \/>\n<meta property=\"og:type\" content=\"article\" \/>\n<meta property=\"og:title\" content=\"Louis Roederer Brut Vintage 2015 Bottiglia con astuccio - Champmarket\" \/>\n<meta property=\"og:description\" content=\"Louis Roederer Vintage 2015 con astuccio incarna l&#039;emanazione del terroir Louis Roederer. Questa cuv\u00e9e esprime l&#039;intensit\u00e0 e la grande concentrazione &quot;al naturale&quot; dei Pinot Nero di Verzy in un&#039;annata spettacolarmente continentale.\" \/>\n<meta property=\"og:url\" content=\"https:\/\/www.champmarket.com\/it\/champagne\/louis-roederer-brut-vintage-2015-bouteille-etui\/\" \/>\n<meta property=\"og:site_name\" content=\"Champmarket\" \/>\n<meta property=\"article:publisher\" content=\"https:\/\/www.facebook.com\/ChampMarket\/\" \/>\n<meta property=\"article:modified_time\" content=\"2023-03-17T09:42:46+00:00\" \/>\n<meta property=\"og:image\" content=\"https:\/\/www.champmarket.com\/wp-content\/uploads\/2023\/02\/louis-roederer-vintage-2015-bouteille-etui.webp\" \/>\n\t<meta property=\"og:image:width\" content=\"2000\" \/>\n\t<meta property=\"og:image:height\" content=\"2000\" \/>\n\t<meta property=\"og:image:type\" content=\"image\/jpeg\" \/>\n<meta name=\"twitter:card\" content=\"summary_large_image\" \/>\n<meta name=\"twitter:site\" content=\"@champmarket\" \/>\n<meta name=\"twitter:label1\" content=\"Tempo di lettura stimato\" \/>\n\t<meta name=\"twitter:data1\" content=\"1 minuto\" \/>\n<script type=\"application\/ld+json\" class=\"yoast-schema-graph\">{\"@context\":\"https:\/\/schema.org\",\"@graph\":[{\"@type\":\"WebPage\",\"@id\":\"https:\/\/www.champmarket.com\/it\/champagne\/louis-roederer-brut-vintage-2015-bouteille-etui\/\",\"url\":\"https:\/\/www.champmarket.com\/it\/champagne\/louis-roederer-brut-vintage-2015-bouteille-etui\/\",\"name\":\"Louis Roederer Brut Vintage 2015 Bottiglia con astuccio - Champmarket\",\"isPartOf\":{\"@id\":\"https:\/\/www.champmarket.com\/#website\"},\"primaryImageOfPage\":{\"@id\":\"https:\/\/www.champmarket.com\/it\/champagne\/louis-roederer-brut-vintage-2015-bouteille-etui\/#primaryimage\"},\"image\":{\"@id\":\"https:\/\/www.champmarket.com\/it\/champagne\/louis-roederer-brut-vintage-2015-bouteille-etui\/#primaryimage\"},\"thumbnailUrl\":\"https:\/\/www.champmarket.com\/wp-content\/uploads\/2023\/02\/louis-roederer-vintage-2015-bouteille-etui.webp\",\"datePublished\":\"2023-02-06T13:19:04+00:00\",\"dateModified\":\"2023-03-17T09:42:46+00:00\",\"description\":\"Louis Roederer Vintage 2015 con astuccio incarna l'emanazione del terroir Louis Roederer. Questa cuv\u00e9e esprime l'intensit\u00e0 e la grande concentrazione \\\"al naturale\\\" dei Pinot Nero di Verzy in un'annata spettacolarmente continentale.\",\"breadcrumb\":{\"@id\":\"https:\/\/www.champmarket.com\/it\/champagne\/louis-roederer-brut-vintage-2015-bouteille-etui\/#breadcrumb\"},\"inLanguage\":\"it-IT\",\"potentialAction\":[{\"@type\":\"ReadAction\",\"target\":[\"https:\/\/www.champmarket.com\/it\/champagne\/louis-roederer-brut-vintage-2015-bouteille-etui\/\"]}]},{\"@type\":\"ImageObject\",\"inLanguage\":\"it-IT\",\"@id\":\"https:\/\/www.champmarket.com\/it\/champagne\/louis-roederer-brut-vintage-2015-bouteille-etui\/#primaryimage\",\"url\":\"https:\/\/www.champmarket.com\/wp-content\/uploads\/2023\/02\/louis-roederer-vintage-2015-bouteille-etui.webp\",\"contentUrl\":\"https:\/\/www.champmarket.com\/wp-content\/uploads\/2023\/02\/louis-roederer-vintage-2015-bouteille-etui.webp\",\"width\":2000,\"height\":2000,\"caption\":\"Champagne Louis Roederer Brut Vintage 2015 Bouteille avec \u00e9tui - Champmarket\"},{\"@type\":\"BreadcrumbList\",\"@id\":\"https:\/\/www.champmarket.com\/it\/champagne\/louis-roederer-brut-vintage-2015-bouteille-etui\/#breadcrumb\",\"itemListElement\":[{\"@type\":\"ListItem\",\"position\":1,\"name\":\"Home\",\"item\":\"https:\/\/www.champmarket.com\/it\/acquista-champagne-online-champmarket\/\"},{\"@type\":\"ListItem\",\"position\":2,\"name\":\"Shop\",\"item\":\"https:\/\/www.champmarket.com\/it\/shop\/\"},{\"@type\":\"ListItem\",\"position\":3,\"name\":\"Louis Roederer\",\"item\":\"https:\/\/www.champmarket.com\/it\/maisons\/selection-champagne-louis-roederer-it\/\"},{\"@type\":\"ListItem\",\"position\":4,\"name\":\"Louis Roederer Brut Vintage 2015 Bottiglia con astuccio\"}]},{\"@type\":\"WebSite\",\"@id\":\"https:\/\/www.champmarket.com\/#website\",\"url\":\"https:\/\/www.champmarket.com\/\",\"name\":\"Champmarket\",\"description\":\"Champmarket, Champagnes, Cadeaux et Art de Vivre\",\"publisher\":{\"@id\":\"https:\/\/www.champmarket.com\/#organization\"},\"potentialAction\":[{\"@type\":\"SearchAction\",\"target\":{\"@type\":\"EntryPoint\",\"urlTemplate\":\"https:\/\/www.champmarket.com\/?s={search_term_string}\"},\"query-input\":{\"@type\":\"PropertyValueSpecification\",\"valueRequired\":true,\"valueName\":\"search_term_string\"}}],\"inLanguage\":\"it-IT\"},{\"@type\":\"Organization\",\"@id\":\"https:\/\/www.champmarket.com\/#organization\",\"name\":\"Champmarket\",\"url\":\"https:\/\/www.champmarket.com\/\",\"logo\":{\"@type\":\"ImageObject\",\"inLanguage\":\"it-IT\",\"@id\":\"https:\/\/www.champmarket.com\/#\/schema\/logo\/image\/\",\"url\":\"https:\/\/www.champmarket.com\/wp-content\/uploads\/2024\/08\/logo2024-1.svg\",\"contentUrl\":\"https:\/\/www.champmarket.com\/wp-content\/uploads\/2024\/08\/logo2024-1.svg\",\"width\":579.8,\"height\":80,\"caption\":\"Champmarket\"},\"image\":{\"@id\":\"https:\/\/www.champmarket.com\/#\/schema\/logo\/image\/\"},\"sameAs\":[\"https:\/\/www.facebook.com\/ChampMarket\/\",\"https:\/\/x.com\/champmarket\",\"https:\/\/www.instagram.com\/champmarket.paris\/\",\"https:\/\/www.pinterest.fr\/champmarketparis\/\",\"https:\/\/www.linkedin.com\/company\/champmarket\/\"]}]}<\/script>\n<!-- \/ Yoast SEO plugin. -->","yoast_head_json":{"title":"Louis Roederer Brut Vintage 2015 Bottiglia con astuccio - Champmarket","description":"Louis Roederer Vintage 2015 con astuccio incarna l'emanazione del terroir Louis Roederer. Questa cuv\u00e9e esprime l'intensit\u00e0 e la grande concentrazione \"al naturale\" dei Pinot Nero di Verzy in un'annata spettacolarmente continentale.","robots":{"index":"index","follow":"follow","max-snippet":"max-snippet:-1","max-image-preview":"max-image-preview:large","max-video-preview":"max-video-preview:-1"},"canonical":"https:\/\/www.champmarket.com\/it\/champagne\/louis-roederer-brut-vintage-2015-bouteille-etui\/","og_locale":"it_IT","og_type":"article","og_title":"Louis Roederer Brut Vintage 2015 Bottiglia con astuccio - Champmarket","og_description":"Louis Roederer Vintage 2015 con astuccio incarna l'emanazione del terroir Louis Roederer. Questa cuv\u00e9e esprime l'intensit\u00e0 e la grande concentrazione \"al naturale\" dei Pinot Nero di Verzy in un'annata spettacolarmente continentale.","og_url":"https:\/\/www.champmarket.com\/it\/champagne\/louis-roederer-brut-vintage-2015-bouteille-etui\/","og_site_name":"Champmarket","article_publisher":"https:\/\/www.facebook.com\/ChampMarket\/","article_modified_time":"2023-03-17T09:42:46+00:00","og_image":[{"width":2000,"height":2000,"url":"https:\/\/www.champmarket.com\/wp-content\/uploads\/2023\/02\/louis-roederer-vintage-2015-bouteille-etui.webp","type":"image\/jpeg"}],"twitter_card":"summary_large_image","twitter_site":"@champmarket","twitter_misc":{"Tempo di lettura stimato":"1 minuto"},"schema":{"@context":"https:\/\/schema.org","@graph":[{"@type":"WebPage","@id":"https:\/\/www.champmarket.com\/it\/champagne\/louis-roederer-brut-vintage-2015-bouteille-etui\/","url":"https:\/\/www.champmarket.com\/it\/champagne\/louis-roederer-brut-vintage-2015-bouteille-etui\/","name":"Louis Roederer Brut Vintage 2015 Bottiglia con astuccio - Champmarket","isPartOf":{"@id":"https:\/\/www.champmarket.com\/#website"},"primaryImageOfPage":{"@id":"https:\/\/www.champmarket.com\/it\/champagne\/louis-roederer-brut-vintage-2015-bouteille-etui\/#primaryimage"},"image":{"@id":"https:\/\/www.champmarket.com\/it\/champagne\/louis-roederer-brut-vintage-2015-bouteille-etui\/#primaryimage"},"thumbnailUrl":"https:\/\/www.champmarket.com\/wp-content\/uploads\/2023\/02\/louis-roederer-vintage-2015-bouteille-etui.webp","datePublished":"2023-02-06T13:19:04+00:00","dateModified":"2023-03-17T09:42:46+00:00","description":"Louis Roederer Vintage 2015 con astuccio incarna l'emanazione del terroir Louis Roederer. Questa cuv\u00e9e esprime l'intensit\u00e0 e la grande concentrazione \"al naturale\" dei Pinot Nero di Verzy in un'annata spettacolarmente continentale.","breadcrumb":{"@id":"https:\/\/www.champmarket.com\/it\/champagne\/louis-roederer-brut-vintage-2015-bouteille-etui\/#breadcrumb"},"inLanguage":"it-IT","potentialAction":[{"@type":"ReadAction","target":["https:\/\/www.champmarket.com\/it\/champagne\/louis-roederer-brut-vintage-2015-bouteille-etui\/"]}]},{"@type":"ImageObject","inLanguage":"it-IT","@id":"https:\/\/www.champmarket.com\/it\/champagne\/louis-roederer-brut-vintage-2015-bouteille-etui\/#primaryimage","url":"https:\/\/www.champmarket.com\/wp-content\/uploads\/2023\/02\/louis-roederer-vintage-2015-bouteille-etui.webp","contentUrl":"https:\/\/www.champmarket.com\/wp-content\/uploads\/2023\/02\/louis-roederer-vintage-2015-bouteille-etui.webp","width":2000,"height":2000,"caption":"Champagne Louis Roederer Brut Vintage 2015 Bouteille avec \u00e9tui - Champmarket"},{"@type":"BreadcrumbList","@id":"https:\/\/www.champmarket.com\/it\/champagne\/louis-roederer-brut-vintage-2015-bouteille-etui\/#breadcrumb","itemListElement":[{"@type":"ListItem","position":1,"name":"Home","item":"https:\/\/www.champmarket.com\/it\/acquista-champagne-online-champmarket\/"},{"@type":"ListItem","position":2,"name":"Shop","item":"https:\/\/www.champmarket.com\/it\/shop\/"},{"@type":"ListItem","position":3,"name":"Louis Roederer","item":"https:\/\/www.champmarket.com\/it\/maisons\/selection-champagne-louis-roederer-it\/"},{"@type":"ListItem","position":4,"name":"Louis Roederer Brut Vintage 2015 Bottiglia con astuccio"}]},{"@type":"WebSite","@id":"https:\/\/www.champmarket.com\/#website","url":"https:\/\/www.champmarket.com\/","name":"Champmarket","description":"Champmarket, Champagnes, Cadeaux et Art de Vivre","publisher":{"@id":"https:\/\/www.champmarket.com\/#organization"},"potentialAction":[{"@type":"SearchAction","target":{"@type":"EntryPoint","urlTemplate":"https:\/\/www.champmarket.com\/?s={search_term_string}"},"query-input":{"@type":"PropertyValueSpecification","valueRequired":true,"valueName":"search_term_string"}}],"inLanguage":"it-IT"},{"@type":"Organization","@id":"https:\/\/www.champmarket.com\/#organization","name":"Champmarket","url":"https:\/\/www.champmarket.com\/","logo":{"@type":"ImageObject","inLanguage":"it-IT","@id":"https:\/\/www.champmarket.com\/#\/schema\/logo\/image\/","url":"https:\/\/www.champmarket.com\/wp-content\/uploads\/2024\/08\/logo2024-1.svg","contentUrl":"https:\/\/www.champmarket.com\/wp-content\/uploads\/2024\/08\/logo2024-1.svg","width":579.8,"height":80,"caption":"Champmarket"},"image":{"@id":"https:\/\/www.champmarket.com\/#\/schema\/logo\/image\/"},"sameAs":["https:\/\/www.facebook.com\/ChampMarket\/","https:\/\/x.com\/champmarket","https:\/\/www.instagram.com\/champmarket.paris\/","https:\/\/www.pinterest.fr\/champmarketparis\/","https:\/\/www.linkedin.com\/company\/champmarket\/"]}]}},"_links":{"self":[{"href":"https:\/\/www.champmarket.com\/it\/wp-json\/wp\/v2\/product\/44884","targetHints":{"allow":["GET"]}}],"collection":[{"href":"https:\/\/www.champmarket.com\/it\/wp-json\/wp\/v2\/product"}],"about":[{"href":"https:\/\/www.champmarket.com\/it\/wp-json\/wp\/v2\/types\/product"}],"version-history":[{"count":0,"href":"https:\/\/www.champmarket.com\/it\/wp-json\/wp\/v2\/product\/44884\/revisions"}],"wp:featuredmedia":[{"embeddable":true,"href":"https:\/\/www.champmarket.com\/it\/wp-json\/wp\/v2\/media\/44878"}],"wp:attachment":[{"href":"https:\/\/www.champmarket.com\/it\/wp-json\/wp\/v2\/media?parent=44884"}],"wp:term":[{"taxonomy":"product_brand","embeddable":true,"href":"https:\/\/www.champmarket.com\/it\/wp-json\/wp\/v2\/product_brand?post=44884"},{"taxonomy":"product_cat","embeddable":true,"href":"https:\/\/www.champmarket.com\/it\/wp-json\/wp\/v2\/product_cat?post=44884"},{"taxonomy":"product_tag","embeddable":true,"href":"https:\/\/www.champmarket.com\/it\/wp-json\/wp\/v2\/product_tag?post=44884"}],"curies":[{"name":"wp","href":"https:\/\/api.w.org\/{rel}","templated":true}]}}