{"id":44940,"date":"2023-04-29T07:00:14","date_gmt":"2023-04-29T05:00:14","guid":{"rendered":"https:\/\/www.champmarket.com\/?post_type=product&#038;p=44940"},"modified":"2023-04-29T10:29:37","modified_gmt":"2023-04-29T08:29:37","slug":"roger-desivry-cuvee-demi-sec-bottiglia-astuccio","status":"publish","type":"product","link":"https:\/\/www.champmarket.com\/it\/champagne\/roger-desivry-cuvee-demi-sec-bottiglia-astuccio\/","title":{"rendered":"Roger Desivry Cuv\u00e9e Demi-Sec Bottiglia con astuccio"},"content":{"rendered":"<p>Prodotto con gli stessi vitigni della Cuv\u00e9e Brut e in proporzioni simili, le note morbide e tostate dello champagne Roger Desivry Cuv\u00e9e Demi-Sec si rivelano con eleganza sui dessert, in particolare su una torta meringata al limone o con un foie gras in padella su un letto di fichi.<br \/>\nPer s\u00e9 o come offrire, la sua elegante astuccio \u00e8 adatta a tutte le occasioni.<\/p>\n","protected":false},"excerpt":{"rendered":"<p>Lo champagne Roger Desivry Cuv\u00e9e Demi-Sec con astuccio ci fa immergere nelle ricette dello Champagne di un tempo. Prodotta con le tre variet\u00e0 di uve dello Champagne, in un ritorno ai piaceri del gusto del XVIII secolo, la cuv\u00e9e Demi-Sec si rivolge agli amanti degli champagne gourmet e opulenti.<\/p>\n","protected":false},"featured_media":44984,"template":"","meta":{"_acf_changed":false},"product_brand":[],"product_cat":[3307,3359,2238,2775,2373,2420,2224],"product_tag":[2255,2254,2229],"class_list":{"0":"post-44940","1":"product","2":"type-product","3":"status-publish","4":"has-post-thumbnail","6":"maisons-roger-desivry-it","7":"product_cat-tutti-gli-champagne-e-i-set-regalo-esclusivi","8":"product_cat-roger-desivry-it","9":"product_cat-bouteilles-it","10":"product_cat-tutti-gli-champagne","11":"product_cat-champagne-demi-sec-doux","12":"product_cat-dessert-it","13":"product_cat-repas-it","14":"product_tag-pour-offrir-it","15":"product_tag-dessert-gouter-it","16":"product_tag-per-un-pasto-con-champagne","18":"first","19":"outofstock","20":"taxable","21":"shipping-taxable","22":"purchasable","23":"product-type-simple"},"acf":[],"yoast_head":"<!-- This site is optimized with the Yoast SEO plugin v26.4 - https:\/\/yoast.com\/wordpress\/plugins\/seo\/ -->\n<title>Roger Desivry Cuv\u00e9e Demi-Sec Bottiglia con astuccio - Champmarket<\/title>\n<meta name=\"description\" content=\"Lo champagne Roger Desivry Cuv\u00e9e Demi-Sec con astuccio ci fa immergere nelle ricette dello Champagne di un tempo. Prodotta con le tre variet\u00e0 di uve dello Champagne, in un ritorno ai piaceri del gusto del XVIII secolo, La cuv\u00e9e Demi-Sec si rivolge agli appassionati di champagne gourmet e opulenti.\" \/>\n<meta name=\"robots\" content=\"index, follow, max-snippet:-1, max-image-preview:large, max-video-preview:-1\" \/>\n<link rel=\"canonical\" href=\"https:\/\/www.champmarket.com\/it\/champagne\/roger-desivry-cuvee-demi-sec-bottiglia-astuccio\/\" \/>\n<meta property=\"og:locale\" content=\"it_IT\" \/>\n<meta property=\"og:type\" content=\"article\" \/>\n<meta property=\"og:title\" content=\"Roger Desivry Cuv\u00e9e Demi-Sec Bottiglia con astuccio - Champmarket\" \/>\n<meta property=\"og:description\" content=\"Lo champagne Roger Desivry Cuv\u00e9e Demi-Sec con astuccio ci fa immergere nelle ricette dello Champagne di un tempo. Prodotta con le tre variet\u00e0 di uve dello Champagne, in un ritorno ai piaceri del gusto del XVIII secolo, La cuv\u00e9e Demi-Sec si rivolge agli appassionati di champagne gourmet e opulenti.\" \/>\n<meta property=\"og:url\" content=\"https:\/\/www.champmarket.com\/it\/champagne\/roger-desivry-cuvee-demi-sec-bottiglia-astuccio\/\" \/>\n<meta property=\"og:site_name\" content=\"Champmarket\" \/>\n<meta property=\"article:publisher\" content=\"https:\/\/www.facebook.com\/ChampMarket\/\" \/>\n<meta property=\"article:modified_time\" content=\"2023-04-29T08:29:37+00:00\" \/>\n<meta property=\"og:image\" content=\"https:\/\/www.champmarket.com\/wp-content\/uploads\/2023\/02\/fiche-produit-roger-desivry-cuvee-demi-sec-bouteille-etui.webp\" \/>\n\t<meta property=\"og:image:width\" content=\"1200\" \/>\n\t<meta property=\"og:image:height\" content=\"1200\" \/>\n\t<meta property=\"og:image:type\" content=\"image\/jpeg\" \/>\n<meta name=\"twitter:card\" content=\"summary_large_image\" \/>\n<meta name=\"twitter:site\" content=\"@champmarket\" \/>\n<meta name=\"twitter:label1\" content=\"Tempo di lettura stimato\" \/>\n\t<meta name=\"twitter:data1\" content=\"1 minuto\" \/>\n<script type=\"application\/ld+json\" class=\"yoast-schema-graph\">{\"@context\":\"https:\/\/schema.org\",\"@graph\":[{\"@type\":\"WebPage\",\"@id\":\"https:\/\/www.champmarket.com\/it\/champagne\/roger-desivry-cuvee-demi-sec-bottiglia-astuccio\/\",\"url\":\"https:\/\/www.champmarket.com\/it\/champagne\/roger-desivry-cuvee-demi-sec-bottiglia-astuccio\/\",\"name\":\"Roger Desivry Cuv\u00e9e Demi-Sec Bottiglia con astuccio - Champmarket\",\"isPartOf\":{\"@id\":\"https:\/\/www.champmarket.com\/#website\"},\"primaryImageOfPage\":{\"@id\":\"https:\/\/www.champmarket.com\/it\/champagne\/roger-desivry-cuvee-demi-sec-bottiglia-astuccio\/#primaryimage\"},\"image\":{\"@id\":\"https:\/\/www.champmarket.com\/it\/champagne\/roger-desivry-cuvee-demi-sec-bottiglia-astuccio\/#primaryimage\"},\"thumbnailUrl\":\"https:\/\/www.champmarket.com\/wp-content\/uploads\/2023\/02\/fiche-produit-roger-desivry-cuvee-demi-sec-bouteille-etui.webp\",\"datePublished\":\"2023-04-29T05:00:14+00:00\",\"dateModified\":\"2023-04-29T08:29:37+00:00\",\"description\":\"Lo champagne Roger Desivry Cuv\u00e9e Demi-Sec con astuccio ci fa immergere nelle ricette dello Champagne di un tempo. Prodotta con le tre variet\u00e0 di uve dello Champagne, in un ritorno ai piaceri del gusto del XVIII secolo, La cuv\u00e9e Demi-Sec si rivolge agli appassionati di champagne gourmet e opulenti.\",\"breadcrumb\":{\"@id\":\"https:\/\/www.champmarket.com\/it\/champagne\/roger-desivry-cuvee-demi-sec-bottiglia-astuccio\/#breadcrumb\"},\"inLanguage\":\"it-IT\",\"potentialAction\":[{\"@type\":\"ReadAction\",\"target\":[\"https:\/\/www.champmarket.com\/it\/champagne\/roger-desivry-cuvee-demi-sec-bottiglia-astuccio\/\"]}]},{\"@type\":\"ImageObject\",\"inLanguage\":\"it-IT\",\"@id\":\"https:\/\/www.champmarket.com\/it\/champagne\/roger-desivry-cuvee-demi-sec-bottiglia-astuccio\/#primaryimage\",\"url\":\"https:\/\/www.champmarket.com\/wp-content\/uploads\/2023\/02\/fiche-produit-roger-desivry-cuvee-demi-sec-bouteille-etui.webp\",\"contentUrl\":\"https:\/\/www.champmarket.com\/wp-content\/uploads\/2023\/02\/fiche-produit-roger-desivry-cuvee-demi-sec-bouteille-etui.webp\",\"width\":1200,\"height\":1200,\"caption\":\"Champagne Roger Desivry Cuv\u00e9e Demi-Sec Bouteille avec \u00e9tui - Champmarket\"},{\"@type\":\"BreadcrumbList\",\"@id\":\"https:\/\/www.champmarket.com\/it\/champagne\/roger-desivry-cuvee-demi-sec-bottiglia-astuccio\/#breadcrumb\",\"itemListElement\":[{\"@type\":\"ListItem\",\"position\":1,\"name\":\"Home\",\"item\":\"https:\/\/www.champmarket.com\/it\/acquista-champagne-online-champmarket\/\"},{\"@type\":\"ListItem\",\"position\":2,\"name\":\"Shop\",\"item\":\"https:\/\/www.champmarket.com\/it\/shop\/\"},{\"@type\":\"ListItem\",\"position\":3,\"name\":\"Roger Desivry\",\"item\":\"https:\/\/www.champmarket.com\/it\/maisons\/roger-desivry-it\/\"},{\"@type\":\"ListItem\",\"position\":4,\"name\":\"Roger Desivry Cuv\u00e9e Demi-Sec Bottiglia con astuccio\"}]},{\"@type\":\"WebSite\",\"@id\":\"https:\/\/www.champmarket.com\/#website\",\"url\":\"https:\/\/www.champmarket.com\/\",\"name\":\"Champmarket\",\"description\":\"Champmarket, Champagnes, Cadeaux et Art de Vivre\",\"publisher\":{\"@id\":\"https:\/\/www.champmarket.com\/#organization\"},\"potentialAction\":[{\"@type\":\"SearchAction\",\"target\":{\"@type\":\"EntryPoint\",\"urlTemplate\":\"https:\/\/www.champmarket.com\/?s={search_term_string}\"},\"query-input\":{\"@type\":\"PropertyValueSpecification\",\"valueRequired\":true,\"valueName\":\"search_term_string\"}}],\"inLanguage\":\"it-IT\"},{\"@type\":\"Organization\",\"@id\":\"https:\/\/www.champmarket.com\/#organization\",\"name\":\"Champmarket\",\"url\":\"https:\/\/www.champmarket.com\/\",\"logo\":{\"@type\":\"ImageObject\",\"inLanguage\":\"it-IT\",\"@id\":\"https:\/\/www.champmarket.com\/#\/schema\/logo\/image\/\",\"url\":\"https:\/\/www.champmarket.com\/wp-content\/uploads\/2024\/08\/logo2024-1.svg\",\"contentUrl\":\"https:\/\/www.champmarket.com\/wp-content\/uploads\/2024\/08\/logo2024-1.svg\",\"width\":579.8,\"height\":80,\"caption\":\"Champmarket\"},\"image\":{\"@id\":\"https:\/\/www.champmarket.com\/#\/schema\/logo\/image\/\"},\"sameAs\":[\"https:\/\/www.facebook.com\/ChampMarket\/\",\"https:\/\/x.com\/champmarket\",\"https:\/\/www.instagram.com\/champmarket.paris\/\",\"https:\/\/www.pinterest.fr\/champmarketparis\/\",\"https:\/\/www.linkedin.com\/company\/champmarket\/\"]}]}<\/script>\n<!-- \/ Yoast SEO plugin. -->","yoast_head_json":{"title":"Roger Desivry Cuv\u00e9e Demi-Sec Bottiglia con astuccio - Champmarket","description":"Lo champagne Roger Desivry Cuv\u00e9e Demi-Sec con astuccio ci fa immergere nelle ricette dello Champagne di un tempo. Prodotta con le tre variet\u00e0 di uve dello Champagne, in un ritorno ai piaceri del gusto del XVIII secolo, La cuv\u00e9e Demi-Sec si rivolge agli appassionati di champagne gourmet e opulenti.","robots":{"index":"index","follow":"follow","max-snippet":"max-snippet:-1","max-image-preview":"max-image-preview:large","max-video-preview":"max-video-preview:-1"},"canonical":"https:\/\/www.champmarket.com\/it\/champagne\/roger-desivry-cuvee-demi-sec-bottiglia-astuccio\/","og_locale":"it_IT","og_type":"article","og_title":"Roger Desivry Cuv\u00e9e Demi-Sec Bottiglia con astuccio - Champmarket","og_description":"Lo champagne Roger Desivry Cuv\u00e9e Demi-Sec con astuccio ci fa immergere nelle ricette dello Champagne di un tempo. Prodotta con le tre variet\u00e0 di uve dello Champagne, in un ritorno ai piaceri del gusto del XVIII secolo, La cuv\u00e9e Demi-Sec si rivolge agli appassionati di champagne gourmet e opulenti.","og_url":"https:\/\/www.champmarket.com\/it\/champagne\/roger-desivry-cuvee-demi-sec-bottiglia-astuccio\/","og_site_name":"Champmarket","article_publisher":"https:\/\/www.facebook.com\/ChampMarket\/","article_modified_time":"2023-04-29T08:29:37+00:00","og_image":[{"width":1200,"height":1200,"url":"https:\/\/www.champmarket.com\/wp-content\/uploads\/2023\/02\/fiche-produit-roger-desivry-cuvee-demi-sec-bouteille-etui.webp","type":"image\/jpeg"}],"twitter_card":"summary_large_image","twitter_site":"@champmarket","twitter_misc":{"Tempo di lettura stimato":"1 minuto"},"schema":{"@context":"https:\/\/schema.org","@graph":[{"@type":"WebPage","@id":"https:\/\/www.champmarket.com\/it\/champagne\/roger-desivry-cuvee-demi-sec-bottiglia-astuccio\/","url":"https:\/\/www.champmarket.com\/it\/champagne\/roger-desivry-cuvee-demi-sec-bottiglia-astuccio\/","name":"Roger Desivry Cuv\u00e9e Demi-Sec Bottiglia con astuccio - Champmarket","isPartOf":{"@id":"https:\/\/www.champmarket.com\/#website"},"primaryImageOfPage":{"@id":"https:\/\/www.champmarket.com\/it\/champagne\/roger-desivry-cuvee-demi-sec-bottiglia-astuccio\/#primaryimage"},"image":{"@id":"https:\/\/www.champmarket.com\/it\/champagne\/roger-desivry-cuvee-demi-sec-bottiglia-astuccio\/#primaryimage"},"thumbnailUrl":"https:\/\/www.champmarket.com\/wp-content\/uploads\/2023\/02\/fiche-produit-roger-desivry-cuvee-demi-sec-bouteille-etui.webp","datePublished":"2023-04-29T05:00:14+00:00","dateModified":"2023-04-29T08:29:37+00:00","description":"Lo champagne Roger Desivry Cuv\u00e9e Demi-Sec con astuccio ci fa immergere nelle ricette dello Champagne di un tempo. Prodotta con le tre variet\u00e0 di uve dello Champagne, in un ritorno ai piaceri del gusto del XVIII secolo, La cuv\u00e9e Demi-Sec si rivolge agli appassionati di champagne gourmet e opulenti.","breadcrumb":{"@id":"https:\/\/www.champmarket.com\/it\/champagne\/roger-desivry-cuvee-demi-sec-bottiglia-astuccio\/#breadcrumb"},"inLanguage":"it-IT","potentialAction":[{"@type":"ReadAction","target":["https:\/\/www.champmarket.com\/it\/champagne\/roger-desivry-cuvee-demi-sec-bottiglia-astuccio\/"]}]},{"@type":"ImageObject","inLanguage":"it-IT","@id":"https:\/\/www.champmarket.com\/it\/champagne\/roger-desivry-cuvee-demi-sec-bottiglia-astuccio\/#primaryimage","url":"https:\/\/www.champmarket.com\/wp-content\/uploads\/2023\/02\/fiche-produit-roger-desivry-cuvee-demi-sec-bouteille-etui.webp","contentUrl":"https:\/\/www.champmarket.com\/wp-content\/uploads\/2023\/02\/fiche-produit-roger-desivry-cuvee-demi-sec-bouteille-etui.webp","width":1200,"height":1200,"caption":"Champagne Roger Desivry Cuv\u00e9e Demi-Sec Bouteille avec \u00e9tui - Champmarket"},{"@type":"BreadcrumbList","@id":"https:\/\/www.champmarket.com\/it\/champagne\/roger-desivry-cuvee-demi-sec-bottiglia-astuccio\/#breadcrumb","itemListElement":[{"@type":"ListItem","position":1,"name":"Home","item":"https:\/\/www.champmarket.com\/it\/acquista-champagne-online-champmarket\/"},{"@type":"ListItem","position":2,"name":"Shop","item":"https:\/\/www.champmarket.com\/it\/shop\/"},{"@type":"ListItem","position":3,"name":"Roger Desivry","item":"https:\/\/www.champmarket.com\/it\/maisons\/roger-desivry-it\/"},{"@type":"ListItem","position":4,"name":"Roger Desivry Cuv\u00e9e Demi-Sec Bottiglia con astuccio"}]},{"@type":"WebSite","@id":"https:\/\/www.champmarket.com\/#website","url":"https:\/\/www.champmarket.com\/","name":"Champmarket","description":"Champmarket, Champagnes, Cadeaux et Art de Vivre","publisher":{"@id":"https:\/\/www.champmarket.com\/#organization"},"potentialAction":[{"@type":"SearchAction","target":{"@type":"EntryPoint","urlTemplate":"https:\/\/www.champmarket.com\/?s={search_term_string}"},"query-input":{"@type":"PropertyValueSpecification","valueRequired":true,"valueName":"search_term_string"}}],"inLanguage":"it-IT"},{"@type":"Organization","@id":"https:\/\/www.champmarket.com\/#organization","name":"Champmarket","url":"https:\/\/www.champmarket.com\/","logo":{"@type":"ImageObject","inLanguage":"it-IT","@id":"https:\/\/www.champmarket.com\/#\/schema\/logo\/image\/","url":"https:\/\/www.champmarket.com\/wp-content\/uploads\/2024\/08\/logo2024-1.svg","contentUrl":"https:\/\/www.champmarket.com\/wp-content\/uploads\/2024\/08\/logo2024-1.svg","width":579.8,"height":80,"caption":"Champmarket"},"image":{"@id":"https:\/\/www.champmarket.com\/#\/schema\/logo\/image\/"},"sameAs":["https:\/\/www.facebook.com\/ChampMarket\/","https:\/\/x.com\/champmarket","https:\/\/www.instagram.com\/champmarket.paris\/","https:\/\/www.pinterest.fr\/champmarketparis\/","https:\/\/www.linkedin.com\/company\/champmarket\/"]}]}},"_links":{"self":[{"href":"https:\/\/www.champmarket.com\/it\/wp-json\/wp\/v2\/product\/44940","targetHints":{"allow":["GET"]}}],"collection":[{"href":"https:\/\/www.champmarket.com\/it\/wp-json\/wp\/v2\/product"}],"about":[{"href":"https:\/\/www.champmarket.com\/it\/wp-json\/wp\/v2\/types\/product"}],"version-history":[{"count":0,"href":"https:\/\/www.champmarket.com\/it\/wp-json\/wp\/v2\/product\/44940\/revisions"}],"wp:featuredmedia":[{"embeddable":true,"href":"https:\/\/www.champmarket.com\/it\/wp-json\/wp\/v2\/media\/44984"}],"wp:attachment":[{"href":"https:\/\/www.champmarket.com\/it\/wp-json\/wp\/v2\/media?parent=44940"}],"wp:term":[{"taxonomy":"product_brand","embeddable":true,"href":"https:\/\/www.champmarket.com\/it\/wp-json\/wp\/v2\/product_brand?post=44940"},{"taxonomy":"product_cat","embeddable":true,"href":"https:\/\/www.champmarket.com\/it\/wp-json\/wp\/v2\/product_cat?post=44940"},{"taxonomy":"product_tag","embeddable":true,"href":"https:\/\/www.champmarket.com\/it\/wp-json\/wp\/v2\/product_tag?post=44940"}],"curies":[{"name":"wp","href":"https:\/\/api.w.org\/{rel}","templated":true}]}}