{"id":44943,"date":"2023-04-29T07:00:53","date_gmt":"2023-04-29T05:00:53","guid":{"rendered":"https:\/\/www.champmarket.com\/?post_type=product&#038;p=44943"},"modified":"2023-04-29T10:31:49","modified_gmt":"2023-04-29T08:31:49","slug":"roger-desivry-cuvee-rose-bottiglia","status":"publish","type":"product","link":"https:\/\/www.champmarket.com\/it\/champagne\/roger-desivry-cuvee-rose-bottiglia\/","title":{"rendered":"Bottiglia di Roger Desivry Cuv\u00e9e Ros\u00e9"},"content":{"rendered":"<p>I Pinots Noirs, accuratamente selezionati per la produzione dei vini rossi, provengono da vecchie vigne (55 anni in media). Sono quelli che, raccolti a fine vendemmia, rivelano un aroma di frutti rossi e ciliegie candite nella Cuv\u00e9e Ros\u00e9 Roger Desivry.<\/p>\n","protected":false},"excerpt":{"rendered":"<p>Realizzata come nel 1923, la Cuv\u00e9e Ros\u00e9 Roger Desivry \u00e8 un assemblaggio dei grandi rossi e dei grandi bianchi della Champagne. Vino complesso e strutturato, questo champagne \u00e8 fatto per i momenti gastronomici e gli abbinamenti enogastronomici.<\/p>\n","protected":false},"featured_media":44993,"template":"","meta":{"_acf_changed":false},"product_brand":[],"product_cat":[3307,3359,2238,2775,2376,2224],"product_tag":[2250,2229],"class_list":{"0":"post-44943","1":"product","2":"type-product","3":"status-publish","4":"has-post-thumbnail","6":"maisons-roger-desivry-it","7":"product_cat-tutti-gli-champagne-e-i-set-regalo-esclusivi","8":"product_cat-roger-desivry-it","9":"product_cat-bouteilles-it","10":"product_cat-tutti-gli-champagne","11":"product_cat-champagne-rose-it","12":"product_cat-repas-it","13":"product_tag-la-vie-en-rose-it","14":"product_tag-per-un-pasto-con-champagne","16":"first","17":"outofstock","18":"taxable","19":"shipping-taxable","20":"purchasable","21":"product-type-simple"},"acf":[],"yoast_head":"<!-- This site is optimized with the Yoast SEO plugin v26.4 - https:\/\/yoast.com\/wordpress\/plugins\/seo\/ -->\n<title>Bottiglia di Roger Desivry Cuv\u00e9e Ros\u00e9 - Champmarket<\/title>\n<meta name=\"description\" content=\"Realizzata come nel 1923, la Cuv\u00e9e Ros\u00e9 Roger Desivry \u00e8 un assemblaggio dei grandi rossi e dei grandi bianchi della Champagne. Vino complesso e strutturato, questo champagne \u00e8 fatto per i momenti gastronomici e gli abbinamenti enogastronomici.\" \/>\n<meta name=\"robots\" content=\"index, follow, max-snippet:-1, max-image-preview:large, max-video-preview:-1\" \/>\n<link rel=\"canonical\" href=\"https:\/\/www.champmarket.com\/it\/champagne\/roger-desivry-cuvee-rose-bottiglia\/\" \/>\n<meta property=\"og:locale\" content=\"it_IT\" \/>\n<meta property=\"og:type\" content=\"article\" \/>\n<meta property=\"og:title\" content=\"Bottiglia di Roger Desivry Cuv\u00e9e Ros\u00e9 - Champmarket\" \/>\n<meta property=\"og:description\" content=\"Realizzata come nel 1923, la Cuv\u00e9e Ros\u00e9 Roger Desivry \u00e8 un assemblaggio dei grandi rossi e dei grandi bianchi della Champagne. Vino complesso e strutturato, questo champagne \u00e8 fatto per i momenti gastronomici e gli abbinamenti enogastronomici.\" \/>\n<meta property=\"og:url\" content=\"https:\/\/www.champmarket.com\/it\/champagne\/roger-desivry-cuvee-rose-bottiglia\/\" \/>\n<meta property=\"og:site_name\" content=\"Champmarket\" \/>\n<meta property=\"article:publisher\" content=\"https:\/\/www.facebook.com\/ChampMarket\/\" \/>\n<meta property=\"article:modified_time\" content=\"2023-04-29T08:31:49+00:00\" \/>\n<meta property=\"og:image\" content=\"https:\/\/www.champmarket.com\/wp-content\/uploads\/2023\/02\/fiche-produit-roger-desivry-cuvee-rose-bouteille.webp\" \/>\n\t<meta property=\"og:image:width\" content=\"1200\" \/>\n\t<meta property=\"og:image:height\" content=\"1200\" \/>\n\t<meta property=\"og:image:type\" content=\"image\/jpeg\" \/>\n<meta name=\"twitter:card\" content=\"summary_large_image\" \/>\n<meta name=\"twitter:site\" content=\"@champmarket\" \/>\n<meta name=\"twitter:label1\" content=\"Tempo di lettura stimato\" \/>\n\t<meta name=\"twitter:data1\" content=\"1 minuto\" \/>\n<script type=\"application\/ld+json\" class=\"yoast-schema-graph\">{\"@context\":\"https:\/\/schema.org\",\"@graph\":[{\"@type\":\"WebPage\",\"@id\":\"https:\/\/www.champmarket.com\/it\/champagne\/roger-desivry-cuvee-rose-bottiglia\/\",\"url\":\"https:\/\/www.champmarket.com\/it\/champagne\/roger-desivry-cuvee-rose-bottiglia\/\",\"name\":\"Bottiglia di Roger Desivry Cuv\u00e9e Ros\u00e9 - Champmarket\",\"isPartOf\":{\"@id\":\"https:\/\/www.champmarket.com\/#website\"},\"primaryImageOfPage\":{\"@id\":\"https:\/\/www.champmarket.com\/it\/champagne\/roger-desivry-cuvee-rose-bottiglia\/#primaryimage\"},\"image\":{\"@id\":\"https:\/\/www.champmarket.com\/it\/champagne\/roger-desivry-cuvee-rose-bottiglia\/#primaryimage\"},\"thumbnailUrl\":\"https:\/\/www.champmarket.com\/wp-content\/uploads\/2023\/02\/fiche-produit-roger-desivry-cuvee-rose-bouteille.webp\",\"datePublished\":\"2023-04-29T05:00:53+00:00\",\"dateModified\":\"2023-04-29T08:31:49+00:00\",\"description\":\"Realizzata come nel 1923, la Cuv\u00e9e Ros\u00e9 Roger Desivry \u00e8 un assemblaggio dei grandi rossi e dei grandi bianchi della Champagne. Vino complesso e strutturato, questo champagne \u00e8 fatto per i momenti gastronomici e gli abbinamenti enogastronomici.\",\"breadcrumb\":{\"@id\":\"https:\/\/www.champmarket.com\/it\/champagne\/roger-desivry-cuvee-rose-bottiglia\/#breadcrumb\"},\"inLanguage\":\"it-IT\",\"potentialAction\":[{\"@type\":\"ReadAction\",\"target\":[\"https:\/\/www.champmarket.com\/it\/champagne\/roger-desivry-cuvee-rose-bottiglia\/\"]}]},{\"@type\":\"ImageObject\",\"inLanguage\":\"it-IT\",\"@id\":\"https:\/\/www.champmarket.com\/it\/champagne\/roger-desivry-cuvee-rose-bottiglia\/#primaryimage\",\"url\":\"https:\/\/www.champmarket.com\/wp-content\/uploads\/2023\/02\/fiche-produit-roger-desivry-cuvee-rose-bouteille.webp\",\"contentUrl\":\"https:\/\/www.champmarket.com\/wp-content\/uploads\/2023\/02\/fiche-produit-roger-desivry-cuvee-rose-bouteille.webp\",\"width\":1200,\"height\":1200,\"caption\":\"Champagne Roger Desivry Cuv\u00e9e Ros\u00e9 Bouteille - Champmarket\"},{\"@type\":\"BreadcrumbList\",\"@id\":\"https:\/\/www.champmarket.com\/it\/champagne\/roger-desivry-cuvee-rose-bottiglia\/#breadcrumb\",\"itemListElement\":[{\"@type\":\"ListItem\",\"position\":1,\"name\":\"Home\",\"item\":\"https:\/\/www.champmarket.com\/it\/acquista-champagne-online-champmarket\/\"},{\"@type\":\"ListItem\",\"position\":2,\"name\":\"Shop\",\"item\":\"https:\/\/www.champmarket.com\/it\/shop\/\"},{\"@type\":\"ListItem\",\"position\":3,\"name\":\"Roger Desivry\",\"item\":\"https:\/\/www.champmarket.com\/it\/maisons\/roger-desivry-it\/\"},{\"@type\":\"ListItem\",\"position\":4,\"name\":\"Bottiglia di Roger Desivry Cuv\u00e9e Ros\u00e9\"}]},{\"@type\":\"WebSite\",\"@id\":\"https:\/\/www.champmarket.com\/#website\",\"url\":\"https:\/\/www.champmarket.com\/\",\"name\":\"Champmarket\",\"description\":\"Champmarket, Champagnes, Cadeaux et Art de Vivre\",\"publisher\":{\"@id\":\"https:\/\/www.champmarket.com\/#organization\"},\"potentialAction\":[{\"@type\":\"SearchAction\",\"target\":{\"@type\":\"EntryPoint\",\"urlTemplate\":\"https:\/\/www.champmarket.com\/?s={search_term_string}\"},\"query-input\":{\"@type\":\"PropertyValueSpecification\",\"valueRequired\":true,\"valueName\":\"search_term_string\"}}],\"inLanguage\":\"it-IT\"},{\"@type\":\"Organization\",\"@id\":\"https:\/\/www.champmarket.com\/#organization\",\"name\":\"Champmarket\",\"url\":\"https:\/\/www.champmarket.com\/\",\"logo\":{\"@type\":\"ImageObject\",\"inLanguage\":\"it-IT\",\"@id\":\"https:\/\/www.champmarket.com\/#\/schema\/logo\/image\/\",\"url\":\"https:\/\/www.champmarket.com\/wp-content\/uploads\/2024\/08\/logo2024-1.svg\",\"contentUrl\":\"https:\/\/www.champmarket.com\/wp-content\/uploads\/2024\/08\/logo2024-1.svg\",\"width\":579.8,\"height\":80,\"caption\":\"Champmarket\"},\"image\":{\"@id\":\"https:\/\/www.champmarket.com\/#\/schema\/logo\/image\/\"},\"sameAs\":[\"https:\/\/www.facebook.com\/ChampMarket\/\",\"https:\/\/x.com\/champmarket\",\"https:\/\/www.instagram.com\/champmarket.paris\/\",\"https:\/\/www.pinterest.fr\/champmarketparis\/\",\"https:\/\/www.linkedin.com\/company\/champmarket\/\"]}]}<\/script>\n<!-- \/ Yoast SEO plugin. -->","yoast_head_json":{"title":"Bottiglia di Roger Desivry Cuv\u00e9e Ros\u00e9 - Champmarket","description":"Realizzata come nel 1923, la Cuv\u00e9e Ros\u00e9 Roger Desivry \u00e8 un assemblaggio dei grandi rossi e dei grandi bianchi della Champagne. Vino complesso e strutturato, questo champagne \u00e8 fatto per i momenti gastronomici e gli abbinamenti enogastronomici.","robots":{"index":"index","follow":"follow","max-snippet":"max-snippet:-1","max-image-preview":"max-image-preview:large","max-video-preview":"max-video-preview:-1"},"canonical":"https:\/\/www.champmarket.com\/it\/champagne\/roger-desivry-cuvee-rose-bottiglia\/","og_locale":"it_IT","og_type":"article","og_title":"Bottiglia di Roger Desivry Cuv\u00e9e Ros\u00e9 - Champmarket","og_description":"Realizzata come nel 1923, la Cuv\u00e9e Ros\u00e9 Roger Desivry \u00e8 un assemblaggio dei grandi rossi e dei grandi bianchi della Champagne. Vino complesso e strutturato, questo champagne \u00e8 fatto per i momenti gastronomici e gli abbinamenti enogastronomici.","og_url":"https:\/\/www.champmarket.com\/it\/champagne\/roger-desivry-cuvee-rose-bottiglia\/","og_site_name":"Champmarket","article_publisher":"https:\/\/www.facebook.com\/ChampMarket\/","article_modified_time":"2023-04-29T08:31:49+00:00","og_image":[{"width":1200,"height":1200,"url":"https:\/\/www.champmarket.com\/wp-content\/uploads\/2023\/02\/fiche-produit-roger-desivry-cuvee-rose-bouteille.webp","type":"image\/jpeg"}],"twitter_card":"summary_large_image","twitter_site":"@champmarket","twitter_misc":{"Tempo di lettura stimato":"1 minuto"},"schema":{"@context":"https:\/\/schema.org","@graph":[{"@type":"WebPage","@id":"https:\/\/www.champmarket.com\/it\/champagne\/roger-desivry-cuvee-rose-bottiglia\/","url":"https:\/\/www.champmarket.com\/it\/champagne\/roger-desivry-cuvee-rose-bottiglia\/","name":"Bottiglia di Roger Desivry Cuv\u00e9e Ros\u00e9 - Champmarket","isPartOf":{"@id":"https:\/\/www.champmarket.com\/#website"},"primaryImageOfPage":{"@id":"https:\/\/www.champmarket.com\/it\/champagne\/roger-desivry-cuvee-rose-bottiglia\/#primaryimage"},"image":{"@id":"https:\/\/www.champmarket.com\/it\/champagne\/roger-desivry-cuvee-rose-bottiglia\/#primaryimage"},"thumbnailUrl":"https:\/\/www.champmarket.com\/wp-content\/uploads\/2023\/02\/fiche-produit-roger-desivry-cuvee-rose-bouteille.webp","datePublished":"2023-04-29T05:00:53+00:00","dateModified":"2023-04-29T08:31:49+00:00","description":"Realizzata come nel 1923, la Cuv\u00e9e Ros\u00e9 Roger Desivry \u00e8 un assemblaggio dei grandi rossi e dei grandi bianchi della Champagne. Vino complesso e strutturato, questo champagne \u00e8 fatto per i momenti gastronomici e gli abbinamenti enogastronomici.","breadcrumb":{"@id":"https:\/\/www.champmarket.com\/it\/champagne\/roger-desivry-cuvee-rose-bottiglia\/#breadcrumb"},"inLanguage":"it-IT","potentialAction":[{"@type":"ReadAction","target":["https:\/\/www.champmarket.com\/it\/champagne\/roger-desivry-cuvee-rose-bottiglia\/"]}]},{"@type":"ImageObject","inLanguage":"it-IT","@id":"https:\/\/www.champmarket.com\/it\/champagne\/roger-desivry-cuvee-rose-bottiglia\/#primaryimage","url":"https:\/\/www.champmarket.com\/wp-content\/uploads\/2023\/02\/fiche-produit-roger-desivry-cuvee-rose-bouteille.webp","contentUrl":"https:\/\/www.champmarket.com\/wp-content\/uploads\/2023\/02\/fiche-produit-roger-desivry-cuvee-rose-bouteille.webp","width":1200,"height":1200,"caption":"Champagne Roger Desivry Cuv\u00e9e Ros\u00e9 Bouteille - Champmarket"},{"@type":"BreadcrumbList","@id":"https:\/\/www.champmarket.com\/it\/champagne\/roger-desivry-cuvee-rose-bottiglia\/#breadcrumb","itemListElement":[{"@type":"ListItem","position":1,"name":"Home","item":"https:\/\/www.champmarket.com\/it\/acquista-champagne-online-champmarket\/"},{"@type":"ListItem","position":2,"name":"Shop","item":"https:\/\/www.champmarket.com\/it\/shop\/"},{"@type":"ListItem","position":3,"name":"Roger Desivry","item":"https:\/\/www.champmarket.com\/it\/maisons\/roger-desivry-it\/"},{"@type":"ListItem","position":4,"name":"Bottiglia di Roger Desivry Cuv\u00e9e Ros\u00e9"}]},{"@type":"WebSite","@id":"https:\/\/www.champmarket.com\/#website","url":"https:\/\/www.champmarket.com\/","name":"Champmarket","description":"Champmarket, Champagnes, Cadeaux et Art de Vivre","publisher":{"@id":"https:\/\/www.champmarket.com\/#organization"},"potentialAction":[{"@type":"SearchAction","target":{"@type":"EntryPoint","urlTemplate":"https:\/\/www.champmarket.com\/?s={search_term_string}"},"query-input":{"@type":"PropertyValueSpecification","valueRequired":true,"valueName":"search_term_string"}}],"inLanguage":"it-IT"},{"@type":"Organization","@id":"https:\/\/www.champmarket.com\/#organization","name":"Champmarket","url":"https:\/\/www.champmarket.com\/","logo":{"@type":"ImageObject","inLanguage":"it-IT","@id":"https:\/\/www.champmarket.com\/#\/schema\/logo\/image\/","url":"https:\/\/www.champmarket.com\/wp-content\/uploads\/2024\/08\/logo2024-1.svg","contentUrl":"https:\/\/www.champmarket.com\/wp-content\/uploads\/2024\/08\/logo2024-1.svg","width":579.8,"height":80,"caption":"Champmarket"},"image":{"@id":"https:\/\/www.champmarket.com\/#\/schema\/logo\/image\/"},"sameAs":["https:\/\/www.facebook.com\/ChampMarket\/","https:\/\/x.com\/champmarket","https:\/\/www.instagram.com\/champmarket.paris\/","https:\/\/www.pinterest.fr\/champmarketparis\/","https:\/\/www.linkedin.com\/company\/champmarket\/"]}]}},"_links":{"self":[{"href":"https:\/\/www.champmarket.com\/it\/wp-json\/wp\/v2\/product\/44943","targetHints":{"allow":["GET"]}}],"collection":[{"href":"https:\/\/www.champmarket.com\/it\/wp-json\/wp\/v2\/product"}],"about":[{"href":"https:\/\/www.champmarket.com\/it\/wp-json\/wp\/v2\/types\/product"}],"version-history":[{"count":0,"href":"https:\/\/www.champmarket.com\/it\/wp-json\/wp\/v2\/product\/44943\/revisions"}],"wp:featuredmedia":[{"embeddable":true,"href":"https:\/\/www.champmarket.com\/it\/wp-json\/wp\/v2\/media\/44993"}],"wp:attachment":[{"href":"https:\/\/www.champmarket.com\/it\/wp-json\/wp\/v2\/media?parent=44943"}],"wp:term":[{"taxonomy":"product_brand","embeddable":true,"href":"https:\/\/www.champmarket.com\/it\/wp-json\/wp\/v2\/product_brand?post=44943"},{"taxonomy":"product_cat","embeddable":true,"href":"https:\/\/www.champmarket.com\/it\/wp-json\/wp\/v2\/product_cat?post=44943"},{"taxonomy":"product_tag","embeddable":true,"href":"https:\/\/www.champmarket.com\/it\/wp-json\/wp\/v2\/product_tag?post=44943"}],"curies":[{"name":"wp","href":"https:\/\/api.w.org\/{rel}","templated":true}]}}