{"id":45089,"date":"2022-06-08T10:39:38","date_gmt":"2023-02-20T09:42:04","guid":{"rendered":"https:\/\/www.champmarket.com\/champagne\/charles-heidsieck-brut-reserve-jeroboam\/"},"modified":"2023-07-01T00:00:22","modified_gmt":"2023-06-30T22:00:22","slug":"charles-heidsieck-brut-reserve-jeroboam","status":"publish","type":"product","link":"https:\/\/www.champmarket.com\/it\/champagne\/charles-heidsieck-brut-reserve-jeroboam\/","title":{"rendered":"Charles Heidsieck Brut R\u00e9serve J\u00e9roboam"},"content":{"rendered":"<p>Il tocco di Charles Heidsieck:<br \/>\nParticolarmente riconoscibile, il Charles Heidsieck Brut R\u00e9serve \u00e8 il risultato di un assemblaggio esigente e preciso di circa 60 cru (cio\u00e8 meno del 20% dei villaggi della regione di Champagne), di cui il 40% di Pinot Noir, il 40% di Chardonnay e il 20% di Meunier, arricchito da un&#8217;alta percentuale di vini di riserva al 50%, alcuni dei quali hanno pi\u00f9 di 20 anni, che garantiscono una consistenza carnosa senza pari. I vini dell&#8217;anno, nella proporzione di un terzo per ogni variet\u00e0 (Meunier, Chardonnay e Pinot Noir), vengono vinificati annata per annata, variet\u00e0 per variet\u00e0, in vasche di acciaio inox.<\/p>\n<p>L&#8217;ora del &#8220;4\u00b0 vitigno&#8221; da Charles Heidsieck:<br \/>\nL&#8217;assemblaggio pu\u00f2 superare il 50% di vini di riserva, alcuni dei quali hanno pi\u00f9 di 20 anni. Maturazione prolungata di 3 o 4 anni in cray\u00e8res millenarie, ben oltre i 15 mesi previsti dalla denominazione.<\/p>\n<p>Il formato Jeroboam \u00e8 una grande bottiglia con una capacit\u00e0 di 3 litri, pari a 4 bottiglie di champagne o 24 bicchieri. Questo grande formato \u00e8 ideale per ricevimenti, occasioni speciali e regali.<\/p>\n<p>&nbsp;<\/p>\n","protected":false},"excerpt":{"rendered":"<p>Un vino multi-vintage, con la precisione di un orologiaio. \u00c8 con il suo Brut R\u00e9serve che la Maison ha scelto di esprimere la quintessenza del suo stile. Particolarmente riconoscibile, il Charles Heidsieck Brut R\u00e9serve J\u00e9roboam si rivela complesso, preciso, generoso e profondo.<\/p>\n","protected":false},"featured_media":45064,"template":"","meta":{"_acf_changed":false},"product_brand":[],"product_cat":[3307,2392,2226,2381,2775,2372,2223,2222,2224],"product_tag":[2230,2228,2231,2229],"class_list":{"0":"post-45089","1":"product","2":"type-product","3":"status-publish","4":"has-post-thumbnail","6":"maisons-selection-champagne-charles-heidsieck-it","7":"product_cat-tutti-gli-champagne-e-i-set-regalo-esclusivi","8":"product_cat-categorie-charles-heidsieck-it","9":"product_cat-bottiglie-grande-it","10":"product_cat-jeroboam-it","11":"product_cat-tutti-gli-champagne","12":"product_cat-champagne-brut-it","13":"product_cat-aperitif-it","14":"product_cat-evenement-cocktail-it","15":"product_cat-repas-it","16":"product_tag-grande-fiaschetta","17":"product_tag-aperitif-it","18":"product_tag-cocktail-event-it","19":"product_tag-per-un-pasto-con-champagne","21":"first","22":"instock","23":"taxable","24":"shipping-taxable","25":"purchasable","26":"product-type-simple"},"acf":[],"yoast_head":"<!-- This site is optimized with the Yoast SEO plugin v26.4 - https:\/\/yoast.com\/wordpress\/plugins\/seo\/ -->\n<title>Charles Heidsieck Brut R\u00e9serve J\u00e9roboam - Champmarket<\/title>\n<meta name=\"description\" content=\"Un vino multi-vintage, con la precisione di un orologiaio. Particolarmente riconoscibile, Charles Heidsieck Brut R\u00e9serve J\u00e9roboam esprime la quintessenza dello stile Charles Heidsieck.\" \/>\n<meta name=\"robots\" content=\"index, follow, max-snippet:-1, max-image-preview:large, max-video-preview:-1\" \/>\n<link rel=\"canonical\" href=\"https:\/\/www.champmarket.com\/it\/champagne\/charles-heidsieck-brut-reserve-jeroboam\/\" \/>\n<meta property=\"og:locale\" content=\"it_IT\" \/>\n<meta property=\"og:type\" content=\"article\" \/>\n<meta property=\"og:title\" content=\"Charles Heidsieck Brut R\u00e9serve J\u00e9roboam - Champmarket\" \/>\n<meta property=\"og:description\" content=\"Un vino multi-vintage, con la precisione di un orologiaio. Particolarmente riconoscibile, Charles Heidsieck Brut R\u00e9serve J\u00e9roboam esprime la quintessenza dello stile Charles Heidsieck.\" \/>\n<meta property=\"og:url\" content=\"https:\/\/www.champmarket.com\/it\/champagne\/charles-heidsieck-brut-reserve-jeroboam\/\" \/>\n<meta property=\"og:site_name\" content=\"Champmarket\" \/>\n<meta property=\"article:publisher\" content=\"https:\/\/www.facebook.com\/ChampMarket\/\" \/>\n<meta property=\"article:modified_time\" content=\"2023-06-30T22:00:22+00:00\" \/>\n<meta property=\"og:image\" content=\"https:\/\/www.champmarket.com\/wp-content\/uploads\/2022\/06\/fiche-produit-charles-heidsieck-brut-reserve-jeroboam.jpg\" \/>\n\t<meta property=\"og:image:width\" content=\"2000\" \/>\n\t<meta property=\"og:image:height\" content=\"2000\" \/>\n\t<meta property=\"og:image:type\" content=\"image\/jpeg\" \/>\n<meta name=\"twitter:card\" content=\"summary_large_image\" \/>\n<meta name=\"twitter:site\" content=\"@champmarket\" \/>\n<meta name=\"twitter:label1\" content=\"Tempo di lettura stimato\" \/>\n\t<meta name=\"twitter:data1\" content=\"1 minuto\" \/>\n<script type=\"application\/ld+json\" class=\"yoast-schema-graph\">{\"@context\":\"https:\/\/schema.org\",\"@graph\":[{\"@type\":\"WebPage\",\"@id\":\"https:\/\/www.champmarket.com\/it\/champagne\/charles-heidsieck-brut-reserve-jeroboam\/\",\"url\":\"https:\/\/www.champmarket.com\/it\/champagne\/charles-heidsieck-brut-reserve-jeroboam\/\",\"name\":\"Charles Heidsieck Brut R\u00e9serve J\u00e9roboam - Champmarket\",\"isPartOf\":{\"@id\":\"https:\/\/www.champmarket.com\/#website\"},\"primaryImageOfPage\":{\"@id\":\"https:\/\/www.champmarket.com\/it\/champagne\/charles-heidsieck-brut-reserve-jeroboam\/#primaryimage\"},\"image\":{\"@id\":\"https:\/\/www.champmarket.com\/it\/champagne\/charles-heidsieck-brut-reserve-jeroboam\/#primaryimage\"},\"thumbnailUrl\":\"https:\/\/www.champmarket.com\/wp-content\/uploads\/2022\/06\/fiche-produit-charles-heidsieck-brut-reserve-jeroboam.webp\",\"datePublished\":\"2023-02-20T09:42:04+00:00\",\"dateModified\":\"2023-06-30T22:00:22+00:00\",\"description\":\"Un vino multi-vintage, con la precisione di un orologiaio. Particolarmente riconoscibile, Charles Heidsieck Brut R\u00e9serve J\u00e9roboam esprime la quintessenza dello stile Charles Heidsieck.\",\"breadcrumb\":{\"@id\":\"https:\/\/www.champmarket.com\/it\/champagne\/charles-heidsieck-brut-reserve-jeroboam\/#breadcrumb\"},\"inLanguage\":\"it-IT\",\"potentialAction\":[{\"@type\":\"ReadAction\",\"target\":[\"https:\/\/www.champmarket.com\/it\/champagne\/charles-heidsieck-brut-reserve-jeroboam\/\"]}]},{\"@type\":\"ImageObject\",\"inLanguage\":\"it-IT\",\"@id\":\"https:\/\/www.champmarket.com\/it\/champagne\/charles-heidsieck-brut-reserve-jeroboam\/#primaryimage\",\"url\":\"https:\/\/www.champmarket.com\/wp-content\/uploads\/2022\/06\/fiche-produit-charles-heidsieck-brut-reserve-jeroboam.webp\",\"contentUrl\":\"https:\/\/www.champmarket.com\/wp-content\/uploads\/2022\/06\/fiche-produit-charles-heidsieck-brut-reserve-jeroboam.webp\",\"width\":2000,\"height\":2000,\"caption\":\"Champagne Charles Heidsieck Brut R\u00e9serve J\u00e9roboam - Champmarket\"},{\"@type\":\"BreadcrumbList\",\"@id\":\"https:\/\/www.champmarket.com\/it\/champagne\/charles-heidsieck-brut-reserve-jeroboam\/#breadcrumb\",\"itemListElement\":[{\"@type\":\"ListItem\",\"position\":1,\"name\":\"Home\",\"item\":\"https:\/\/www.champmarket.com\/it\/acquista-champagne-online-champmarket\/\"},{\"@type\":\"ListItem\",\"position\":2,\"name\":\"Shop\",\"item\":\"https:\/\/www.champmarket.com\/it\/shop\/\"},{\"@type\":\"ListItem\",\"position\":3,\"name\":\"Charles Heidsieck\",\"item\":\"https:\/\/www.champmarket.com\/it\/maisons\/selection-champagne-charles-heidsieck-it\/\"},{\"@type\":\"ListItem\",\"position\":4,\"name\":\"Charles Heidsieck Brut R\u00e9serve J\u00e9roboam\"}]},{\"@type\":\"WebSite\",\"@id\":\"https:\/\/www.champmarket.com\/#website\",\"url\":\"https:\/\/www.champmarket.com\/\",\"name\":\"Champmarket\",\"description\":\"Champmarket, Champagnes, Cadeaux et Art de Vivre\",\"publisher\":{\"@id\":\"https:\/\/www.champmarket.com\/#organization\"},\"potentialAction\":[{\"@type\":\"SearchAction\",\"target\":{\"@type\":\"EntryPoint\",\"urlTemplate\":\"https:\/\/www.champmarket.com\/?s={search_term_string}\"},\"query-input\":{\"@type\":\"PropertyValueSpecification\",\"valueRequired\":true,\"valueName\":\"search_term_string\"}}],\"inLanguage\":\"it-IT\"},{\"@type\":\"Organization\",\"@id\":\"https:\/\/www.champmarket.com\/#organization\",\"name\":\"Champmarket\",\"url\":\"https:\/\/www.champmarket.com\/\",\"logo\":{\"@type\":\"ImageObject\",\"inLanguage\":\"it-IT\",\"@id\":\"https:\/\/www.champmarket.com\/#\/schema\/logo\/image\/\",\"url\":\"https:\/\/www.champmarket.com\/wp-content\/uploads\/2024\/08\/logo2024-1.svg\",\"contentUrl\":\"https:\/\/www.champmarket.com\/wp-content\/uploads\/2024\/08\/logo2024-1.svg\",\"width\":579.8,\"height\":80,\"caption\":\"Champmarket\"},\"image\":{\"@id\":\"https:\/\/www.champmarket.com\/#\/schema\/logo\/image\/\"},\"sameAs\":[\"https:\/\/www.facebook.com\/ChampMarket\/\",\"https:\/\/x.com\/champmarket\",\"https:\/\/www.instagram.com\/champmarket.paris\/\",\"https:\/\/www.pinterest.fr\/champmarketparis\/\",\"https:\/\/www.linkedin.com\/company\/champmarket\/\"]}]}<\/script>\n<!-- \/ Yoast SEO plugin. -->","yoast_head_json":{"title":"Charles Heidsieck Brut R\u00e9serve J\u00e9roboam - Champmarket","description":"Un vino multi-vintage, con la precisione di un orologiaio. Particolarmente riconoscibile, Charles Heidsieck Brut R\u00e9serve J\u00e9roboam esprime la quintessenza dello stile Charles Heidsieck.","robots":{"index":"index","follow":"follow","max-snippet":"max-snippet:-1","max-image-preview":"max-image-preview:large","max-video-preview":"max-video-preview:-1"},"canonical":"https:\/\/www.champmarket.com\/it\/champagne\/charles-heidsieck-brut-reserve-jeroboam\/","og_locale":"it_IT","og_type":"article","og_title":"Charles Heidsieck Brut R\u00e9serve J\u00e9roboam - Champmarket","og_description":"Un vino multi-vintage, con la precisione di un orologiaio. Particolarmente riconoscibile, Charles Heidsieck Brut R\u00e9serve J\u00e9roboam esprime la quintessenza dello stile Charles Heidsieck.","og_url":"https:\/\/www.champmarket.com\/it\/champagne\/charles-heidsieck-brut-reserve-jeroboam\/","og_site_name":"Champmarket","article_publisher":"https:\/\/www.facebook.com\/ChampMarket\/","article_modified_time":"2023-06-30T22:00:22+00:00","og_image":[{"width":2000,"height":2000,"url":"https:\/\/www.champmarket.com\/wp-content\/uploads\/2022\/06\/fiche-produit-charles-heidsieck-brut-reserve-jeroboam.jpg","type":"image\/jpeg"}],"twitter_card":"summary_large_image","twitter_site":"@champmarket","twitter_misc":{"Tempo di lettura stimato":"1 minuto"},"schema":{"@context":"https:\/\/schema.org","@graph":[{"@type":"WebPage","@id":"https:\/\/www.champmarket.com\/it\/champagne\/charles-heidsieck-brut-reserve-jeroboam\/","url":"https:\/\/www.champmarket.com\/it\/champagne\/charles-heidsieck-brut-reserve-jeroboam\/","name":"Charles Heidsieck Brut R\u00e9serve J\u00e9roboam - Champmarket","isPartOf":{"@id":"https:\/\/www.champmarket.com\/#website"},"primaryImageOfPage":{"@id":"https:\/\/www.champmarket.com\/it\/champagne\/charles-heidsieck-brut-reserve-jeroboam\/#primaryimage"},"image":{"@id":"https:\/\/www.champmarket.com\/it\/champagne\/charles-heidsieck-brut-reserve-jeroboam\/#primaryimage"},"thumbnailUrl":"https:\/\/www.champmarket.com\/wp-content\/uploads\/2022\/06\/fiche-produit-charles-heidsieck-brut-reserve-jeroboam.webp","datePublished":"2023-02-20T09:42:04+00:00","dateModified":"2023-06-30T22:00:22+00:00","description":"Un vino multi-vintage, con la precisione di un orologiaio. Particolarmente riconoscibile, Charles Heidsieck Brut R\u00e9serve J\u00e9roboam esprime la quintessenza dello stile Charles Heidsieck.","breadcrumb":{"@id":"https:\/\/www.champmarket.com\/it\/champagne\/charles-heidsieck-brut-reserve-jeroboam\/#breadcrumb"},"inLanguage":"it-IT","potentialAction":[{"@type":"ReadAction","target":["https:\/\/www.champmarket.com\/it\/champagne\/charles-heidsieck-brut-reserve-jeroboam\/"]}]},{"@type":"ImageObject","inLanguage":"it-IT","@id":"https:\/\/www.champmarket.com\/it\/champagne\/charles-heidsieck-brut-reserve-jeroboam\/#primaryimage","url":"https:\/\/www.champmarket.com\/wp-content\/uploads\/2022\/06\/fiche-produit-charles-heidsieck-brut-reserve-jeroboam.webp","contentUrl":"https:\/\/www.champmarket.com\/wp-content\/uploads\/2022\/06\/fiche-produit-charles-heidsieck-brut-reserve-jeroboam.webp","width":2000,"height":2000,"caption":"Champagne Charles Heidsieck Brut R\u00e9serve J\u00e9roboam - Champmarket"},{"@type":"BreadcrumbList","@id":"https:\/\/www.champmarket.com\/it\/champagne\/charles-heidsieck-brut-reserve-jeroboam\/#breadcrumb","itemListElement":[{"@type":"ListItem","position":1,"name":"Home","item":"https:\/\/www.champmarket.com\/it\/acquista-champagne-online-champmarket\/"},{"@type":"ListItem","position":2,"name":"Shop","item":"https:\/\/www.champmarket.com\/it\/shop\/"},{"@type":"ListItem","position":3,"name":"Charles Heidsieck","item":"https:\/\/www.champmarket.com\/it\/maisons\/selection-champagne-charles-heidsieck-it\/"},{"@type":"ListItem","position":4,"name":"Charles Heidsieck Brut R\u00e9serve J\u00e9roboam"}]},{"@type":"WebSite","@id":"https:\/\/www.champmarket.com\/#website","url":"https:\/\/www.champmarket.com\/","name":"Champmarket","description":"Champmarket, Champagnes, Cadeaux et Art de Vivre","publisher":{"@id":"https:\/\/www.champmarket.com\/#organization"},"potentialAction":[{"@type":"SearchAction","target":{"@type":"EntryPoint","urlTemplate":"https:\/\/www.champmarket.com\/?s={search_term_string}"},"query-input":{"@type":"PropertyValueSpecification","valueRequired":true,"valueName":"search_term_string"}}],"inLanguage":"it-IT"},{"@type":"Organization","@id":"https:\/\/www.champmarket.com\/#organization","name":"Champmarket","url":"https:\/\/www.champmarket.com\/","logo":{"@type":"ImageObject","inLanguage":"it-IT","@id":"https:\/\/www.champmarket.com\/#\/schema\/logo\/image\/","url":"https:\/\/www.champmarket.com\/wp-content\/uploads\/2024\/08\/logo2024-1.svg","contentUrl":"https:\/\/www.champmarket.com\/wp-content\/uploads\/2024\/08\/logo2024-1.svg","width":579.8,"height":80,"caption":"Champmarket"},"image":{"@id":"https:\/\/www.champmarket.com\/#\/schema\/logo\/image\/"},"sameAs":["https:\/\/www.facebook.com\/ChampMarket\/","https:\/\/x.com\/champmarket","https:\/\/www.instagram.com\/champmarket.paris\/","https:\/\/www.pinterest.fr\/champmarketparis\/","https:\/\/www.linkedin.com\/company\/champmarket\/"]}]}},"_links":{"self":[{"href":"https:\/\/www.champmarket.com\/it\/wp-json\/wp\/v2\/product\/45089","targetHints":{"allow":["GET"]}}],"collection":[{"href":"https:\/\/www.champmarket.com\/it\/wp-json\/wp\/v2\/product"}],"about":[{"href":"https:\/\/www.champmarket.com\/it\/wp-json\/wp\/v2\/types\/product"}],"version-history":[{"count":0,"href":"https:\/\/www.champmarket.com\/it\/wp-json\/wp\/v2\/product\/45089\/revisions"}],"wp:featuredmedia":[{"embeddable":true,"href":"https:\/\/www.champmarket.com\/it\/wp-json\/wp\/v2\/media\/45064"}],"wp:attachment":[{"href":"https:\/\/www.champmarket.com\/it\/wp-json\/wp\/v2\/media?parent=45089"}],"wp:term":[{"taxonomy":"product_brand","embeddable":true,"href":"https:\/\/www.champmarket.com\/it\/wp-json\/wp\/v2\/product_brand?post=45089"},{"taxonomy":"product_cat","embeddable":true,"href":"https:\/\/www.champmarket.com\/it\/wp-json\/wp\/v2\/product_cat?post=45089"},{"taxonomy":"product_tag","embeddable":true,"href":"https:\/\/www.champmarket.com\/it\/wp-json\/wp\/v2\/product_tag?post=45089"}],"curies":[{"name":"wp","href":"https:\/\/api.w.org\/{rel}","templated":true}]}}