{"id":50530,"date":"2023-03-29T12:26:57","date_gmt":"2023-03-29T10:26:58","guid":{"rendered":"https:\/\/www.champmarket.com\/?post_type=product&#038;p=50530"},"modified":"2023-04-03T15:57:51","modified_gmt":"2023-04-03T13:57:51","slug":"pommery-royal-blue-sky-magnum","status":"publish","type":"product","link":"https:\/\/www.champmarket.com\/it\/champagne\/pommery-royal-blue-sky-magnum\/","title":{"rendered":"Pommery Royal Blue Sky Magnum"},"content":{"rendered":"<p>Pommery Royal Blue Sky \u00e8 composta da Pinot Noir, Pinot Meunier e Chardonnay; questa cuv\u00e9e si distingue per un dosaggio pi\u00f9 elevato, ideale per essere bevuta con ghiaccio, in ampi bicchieri.<\/p>\n<p>Il formato Magnum \u00e8 una bottiglia grande con una capacit\u00e0 di 1,5 litri, che rappresenta 2 bottiglie di champagne o 12 bicchieri. Questo grande formato \u00e8 ideale per ricevimenti, cene, occasioni speciali e regali.<\/p>\n","protected":false},"excerpt":{"rendered":"<p>Lo champagne magnum Pommery Royal Blue Sky coniuga know-how tradizionale e innovazione. <strong>L&#8217;esperienza Blue Sky:<\/strong> Royal Blue Sky si beve con ghiaccio, in ampi bicchieri rotondi che ne rivelano l&#8217;intensa freschezza, ne sublimano le note fruttate e nei quali si scontra una farandola di cubetti di ghiaccio, secondo i vostri desideri.<\/p>\n","protected":false},"featured_media":50539,"template":"","meta":{"_acf_changed":false},"product_brand":[],"product_cat":[3307,2749,2226,2227,2775,2373,2377,2223,2222],"product_tag":[2246,2230,2228,2231],"class_list":{"0":"post-50530","1":"product","2":"type-product","3":"status-publish","4":"has-post-thumbnail","6":"maisons-selection-champagne-pommery-it","7":"product_cat-tutti-gli-champagne-e-i-set-regalo-esclusivi","8":"product_cat-pommery-it","9":"product_cat-bottiglie-grande-it","10":"product_cat-magnum-it","11":"product_cat-tutti-gli-champagne","12":"product_cat-champagne-demi-sec-doux","13":"product_cat-champagne-ete-it","14":"product_cat-aperitif-it","15":"product_cat-evenement-cocktail-it","16":"product_tag-cocktail-champagne-it","17":"product_tag-grande-fiaschetta","18":"product_tag-aperitif-it","19":"product_tag-cocktail-event-it","21":"first","22":"instock","23":"taxable","24":"shipping-taxable","25":"purchasable","26":"product-type-simple"},"acf":[],"yoast_head":"<!-- This site is optimized with the Yoast SEO plugin v26.4 - https:\/\/yoast.com\/wordpress\/plugins\/seo\/ -->\n<title>Champagne Pommery Royal Blue Sky Magnum - Champmarket<\/title>\n<meta name=\"description\" content=\"Lo champagne Pommery Royal Blue Sky magnum unisce know-how tradizionale e innovazione. L&#039;esperienza Blue Sky: questo champagne si beve con ghiaccio, in grandi bicchieri rotondi.\" \/>\n<meta name=\"robots\" content=\"index, follow, max-snippet:-1, max-image-preview:large, max-video-preview:-1\" \/>\n<link rel=\"canonical\" href=\"https:\/\/www.champmarket.com\/it\/champagne\/pommery-royal-blue-sky-magnum\/\" \/>\n<meta property=\"og:locale\" content=\"it_IT\" \/>\n<meta property=\"og:type\" content=\"article\" \/>\n<meta property=\"og:title\" content=\"Champagne Pommery Royal Blue Sky Magnum - Champmarket\" \/>\n<meta property=\"og:description\" content=\"Lo champagne Pommery Royal Blue Sky magnum unisce know-how tradizionale e innovazione. L&#039;esperienza Blue Sky: questo champagne si beve con ghiaccio, in grandi bicchieri rotondi.\" \/>\n<meta property=\"og:url\" content=\"https:\/\/www.champmarket.com\/it\/champagne\/pommery-royal-blue-sky-magnum\/\" \/>\n<meta property=\"og:site_name\" content=\"Champmarket\" \/>\n<meta property=\"article:publisher\" content=\"https:\/\/www.facebook.com\/ChampMarket\/\" \/>\n<meta property=\"article:modified_time\" content=\"2023-04-03T13:57:51+00:00\" \/>\n<meta property=\"og:image\" content=\"https:\/\/www.champmarket.com\/wp-content\/uploads\/2023\/03\/fiche-produit-pommery-royal-blue-sky-magnum.jpg\" \/>\n\t<meta property=\"og:image:width\" content=\"2000\" \/>\n\t<meta property=\"og:image:height\" content=\"2000\" \/>\n\t<meta property=\"og:image:type\" content=\"image\/jpeg\" \/>\n<meta name=\"twitter:card\" content=\"summary_large_image\" \/>\n<meta name=\"twitter:site\" content=\"@champmarket\" \/>\n<meta name=\"twitter:label1\" content=\"Tempo di lettura stimato\" \/>\n\t<meta name=\"twitter:data1\" content=\"1 minuto\" \/>\n<script type=\"application\/ld+json\" class=\"yoast-schema-graph\">{\"@context\":\"https:\/\/schema.org\",\"@graph\":[{\"@type\":\"WebPage\",\"@id\":\"https:\/\/www.champmarket.com\/it\/champagne\/pommery-royal-blue-sky-magnum\/\",\"url\":\"https:\/\/www.champmarket.com\/it\/champagne\/pommery-royal-blue-sky-magnum\/\",\"name\":\"Champagne Pommery Royal Blue Sky Magnum - Champmarket\",\"isPartOf\":{\"@id\":\"https:\/\/www.champmarket.com\/#website\"},\"primaryImageOfPage\":{\"@id\":\"https:\/\/www.champmarket.com\/it\/champagne\/pommery-royal-blue-sky-magnum\/#primaryimage\"},\"image\":{\"@id\":\"https:\/\/www.champmarket.com\/it\/champagne\/pommery-royal-blue-sky-magnum\/#primaryimage\"},\"thumbnailUrl\":\"https:\/\/www.champmarket.com\/wp-content\/uploads\/2023\/03\/fiche-produit-pommery-royal-blue-sky-magnum.jpg\",\"datePublished\":\"2023-03-29T10:26:58+00:00\",\"dateModified\":\"2023-04-03T13:57:51+00:00\",\"description\":\"Lo champagne Pommery Royal Blue Sky magnum unisce know-how tradizionale e innovazione. L'esperienza Blue Sky: questo champagne si beve con ghiaccio, in grandi bicchieri rotondi.\",\"breadcrumb\":{\"@id\":\"https:\/\/www.champmarket.com\/it\/champagne\/pommery-royal-blue-sky-magnum\/#breadcrumb\"},\"inLanguage\":\"it-IT\",\"potentialAction\":[{\"@type\":\"ReadAction\",\"target\":[\"https:\/\/www.champmarket.com\/it\/champagne\/pommery-royal-blue-sky-magnum\/\"]}]},{\"@type\":\"ImageObject\",\"inLanguage\":\"it-IT\",\"@id\":\"https:\/\/www.champmarket.com\/it\/champagne\/pommery-royal-blue-sky-magnum\/#primaryimage\",\"url\":\"https:\/\/www.champmarket.com\/wp-content\/uploads\/2023\/03\/fiche-produit-pommery-royal-blue-sky-magnum.jpg\",\"contentUrl\":\"https:\/\/www.champmarket.com\/wp-content\/uploads\/2023\/03\/fiche-produit-pommery-royal-blue-sky-magnum.jpg\",\"width\":2000,\"height\":2000,\"caption\":\"Champagne Pommery Royal Blue Sky Magnum - Champmarket\"},{\"@type\":\"BreadcrumbList\",\"@id\":\"https:\/\/www.champmarket.com\/it\/champagne\/pommery-royal-blue-sky-magnum\/#breadcrumb\",\"itemListElement\":[{\"@type\":\"ListItem\",\"position\":1,\"name\":\"Home\",\"item\":\"https:\/\/www.champmarket.com\/it\/acquista-champagne-online-champmarket\/\"},{\"@type\":\"ListItem\",\"position\":2,\"name\":\"Shop\",\"item\":\"https:\/\/www.champmarket.com\/it\/shop\/\"},{\"@type\":\"ListItem\",\"position\":3,\"name\":\"Pommery\",\"item\":\"https:\/\/www.champmarket.com\/it\/maisons\/selection-champagne-pommery-it\/\"},{\"@type\":\"ListItem\",\"position\":4,\"name\":\"Pommery Royal Blue Sky Magnum\"}]},{\"@type\":\"WebSite\",\"@id\":\"https:\/\/www.champmarket.com\/#website\",\"url\":\"https:\/\/www.champmarket.com\/\",\"name\":\"Champmarket\",\"description\":\"Champmarket, Champagnes, Cadeaux et Art de Vivre\",\"publisher\":{\"@id\":\"https:\/\/www.champmarket.com\/#organization\"},\"potentialAction\":[{\"@type\":\"SearchAction\",\"target\":{\"@type\":\"EntryPoint\",\"urlTemplate\":\"https:\/\/www.champmarket.com\/?s={search_term_string}\"},\"query-input\":{\"@type\":\"PropertyValueSpecification\",\"valueRequired\":true,\"valueName\":\"search_term_string\"}}],\"inLanguage\":\"it-IT\"},{\"@type\":\"Organization\",\"@id\":\"https:\/\/www.champmarket.com\/#organization\",\"name\":\"Champmarket\",\"url\":\"https:\/\/www.champmarket.com\/\",\"logo\":{\"@type\":\"ImageObject\",\"inLanguage\":\"it-IT\",\"@id\":\"https:\/\/www.champmarket.com\/#\/schema\/logo\/image\/\",\"url\":\"https:\/\/www.champmarket.com\/wp-content\/uploads\/2024\/08\/logo2024-1.svg\",\"contentUrl\":\"https:\/\/www.champmarket.com\/wp-content\/uploads\/2024\/08\/logo2024-1.svg\",\"width\":579.8,\"height\":80,\"caption\":\"Champmarket\"},\"image\":{\"@id\":\"https:\/\/www.champmarket.com\/#\/schema\/logo\/image\/\"},\"sameAs\":[\"https:\/\/www.facebook.com\/ChampMarket\/\",\"https:\/\/x.com\/champmarket\",\"https:\/\/www.instagram.com\/champmarket.paris\/\",\"https:\/\/www.pinterest.fr\/champmarketparis\/\",\"https:\/\/www.linkedin.com\/company\/champmarket\/\"]}]}<\/script>\n<!-- \/ Yoast SEO plugin. -->","yoast_head_json":{"title":"Champagne Pommery Royal Blue Sky Magnum - Champmarket","description":"Lo champagne Pommery Royal Blue Sky magnum unisce know-how tradizionale e innovazione. L'esperienza Blue Sky: questo champagne si beve con ghiaccio, in grandi bicchieri rotondi.","robots":{"index":"index","follow":"follow","max-snippet":"max-snippet:-1","max-image-preview":"max-image-preview:large","max-video-preview":"max-video-preview:-1"},"canonical":"https:\/\/www.champmarket.com\/it\/champagne\/pommery-royal-blue-sky-magnum\/","og_locale":"it_IT","og_type":"article","og_title":"Champagne Pommery Royal Blue Sky Magnum - Champmarket","og_description":"Lo champagne Pommery Royal Blue Sky magnum unisce know-how tradizionale e innovazione. L'esperienza Blue Sky: questo champagne si beve con ghiaccio, in grandi bicchieri rotondi.","og_url":"https:\/\/www.champmarket.com\/it\/champagne\/pommery-royal-blue-sky-magnum\/","og_site_name":"Champmarket","article_publisher":"https:\/\/www.facebook.com\/ChampMarket\/","article_modified_time":"2023-04-03T13:57:51+00:00","og_image":[{"width":2000,"height":2000,"url":"https:\/\/www.champmarket.com\/wp-content\/uploads\/2023\/03\/fiche-produit-pommery-royal-blue-sky-magnum.jpg","type":"image\/jpeg"}],"twitter_card":"summary_large_image","twitter_site":"@champmarket","twitter_misc":{"Tempo di lettura stimato":"1 minuto"},"schema":{"@context":"https:\/\/schema.org","@graph":[{"@type":"WebPage","@id":"https:\/\/www.champmarket.com\/it\/champagne\/pommery-royal-blue-sky-magnum\/","url":"https:\/\/www.champmarket.com\/it\/champagne\/pommery-royal-blue-sky-magnum\/","name":"Champagne Pommery Royal Blue Sky Magnum - Champmarket","isPartOf":{"@id":"https:\/\/www.champmarket.com\/#website"},"primaryImageOfPage":{"@id":"https:\/\/www.champmarket.com\/it\/champagne\/pommery-royal-blue-sky-magnum\/#primaryimage"},"image":{"@id":"https:\/\/www.champmarket.com\/it\/champagne\/pommery-royal-blue-sky-magnum\/#primaryimage"},"thumbnailUrl":"https:\/\/www.champmarket.com\/wp-content\/uploads\/2023\/03\/fiche-produit-pommery-royal-blue-sky-magnum.jpg","datePublished":"2023-03-29T10:26:58+00:00","dateModified":"2023-04-03T13:57:51+00:00","description":"Lo champagne Pommery Royal Blue Sky magnum unisce know-how tradizionale e innovazione. L'esperienza Blue Sky: questo champagne si beve con ghiaccio, in grandi bicchieri rotondi.","breadcrumb":{"@id":"https:\/\/www.champmarket.com\/it\/champagne\/pommery-royal-blue-sky-magnum\/#breadcrumb"},"inLanguage":"it-IT","potentialAction":[{"@type":"ReadAction","target":["https:\/\/www.champmarket.com\/it\/champagne\/pommery-royal-blue-sky-magnum\/"]}]},{"@type":"ImageObject","inLanguage":"it-IT","@id":"https:\/\/www.champmarket.com\/it\/champagne\/pommery-royal-blue-sky-magnum\/#primaryimage","url":"https:\/\/www.champmarket.com\/wp-content\/uploads\/2023\/03\/fiche-produit-pommery-royal-blue-sky-magnum.jpg","contentUrl":"https:\/\/www.champmarket.com\/wp-content\/uploads\/2023\/03\/fiche-produit-pommery-royal-blue-sky-magnum.jpg","width":2000,"height":2000,"caption":"Champagne Pommery Royal Blue Sky Magnum - Champmarket"},{"@type":"BreadcrumbList","@id":"https:\/\/www.champmarket.com\/it\/champagne\/pommery-royal-blue-sky-magnum\/#breadcrumb","itemListElement":[{"@type":"ListItem","position":1,"name":"Home","item":"https:\/\/www.champmarket.com\/it\/acquista-champagne-online-champmarket\/"},{"@type":"ListItem","position":2,"name":"Shop","item":"https:\/\/www.champmarket.com\/it\/shop\/"},{"@type":"ListItem","position":3,"name":"Pommery","item":"https:\/\/www.champmarket.com\/it\/maisons\/selection-champagne-pommery-it\/"},{"@type":"ListItem","position":4,"name":"Pommery Royal Blue Sky Magnum"}]},{"@type":"WebSite","@id":"https:\/\/www.champmarket.com\/#website","url":"https:\/\/www.champmarket.com\/","name":"Champmarket","description":"Champmarket, Champagnes, Cadeaux et Art de Vivre","publisher":{"@id":"https:\/\/www.champmarket.com\/#organization"},"potentialAction":[{"@type":"SearchAction","target":{"@type":"EntryPoint","urlTemplate":"https:\/\/www.champmarket.com\/?s={search_term_string}"},"query-input":{"@type":"PropertyValueSpecification","valueRequired":true,"valueName":"search_term_string"}}],"inLanguage":"it-IT"},{"@type":"Organization","@id":"https:\/\/www.champmarket.com\/#organization","name":"Champmarket","url":"https:\/\/www.champmarket.com\/","logo":{"@type":"ImageObject","inLanguage":"it-IT","@id":"https:\/\/www.champmarket.com\/#\/schema\/logo\/image\/","url":"https:\/\/www.champmarket.com\/wp-content\/uploads\/2024\/08\/logo2024-1.svg","contentUrl":"https:\/\/www.champmarket.com\/wp-content\/uploads\/2024\/08\/logo2024-1.svg","width":579.8,"height":80,"caption":"Champmarket"},"image":{"@id":"https:\/\/www.champmarket.com\/#\/schema\/logo\/image\/"},"sameAs":["https:\/\/www.facebook.com\/ChampMarket\/","https:\/\/x.com\/champmarket","https:\/\/www.instagram.com\/champmarket.paris\/","https:\/\/www.pinterest.fr\/champmarketparis\/","https:\/\/www.linkedin.com\/company\/champmarket\/"]}]}},"_links":{"self":[{"href":"https:\/\/www.champmarket.com\/it\/wp-json\/wp\/v2\/product\/50530","targetHints":{"allow":["GET"]}}],"collection":[{"href":"https:\/\/www.champmarket.com\/it\/wp-json\/wp\/v2\/product"}],"about":[{"href":"https:\/\/www.champmarket.com\/it\/wp-json\/wp\/v2\/types\/product"}],"version-history":[{"count":0,"href":"https:\/\/www.champmarket.com\/it\/wp-json\/wp\/v2\/product\/50530\/revisions"}],"wp:featuredmedia":[{"embeddable":true,"href":"https:\/\/www.champmarket.com\/it\/wp-json\/wp\/v2\/media\/50539"}],"wp:attachment":[{"href":"https:\/\/www.champmarket.com\/it\/wp-json\/wp\/v2\/media?parent=50530"}],"wp:term":[{"taxonomy":"product_brand","embeddable":true,"href":"https:\/\/www.champmarket.com\/it\/wp-json\/wp\/v2\/product_brand?post=50530"},{"taxonomy":"product_cat","embeddable":true,"href":"https:\/\/www.champmarket.com\/it\/wp-json\/wp\/v2\/product_cat?post=50530"},{"taxonomy":"product_tag","embeddable":true,"href":"https:\/\/www.champmarket.com\/it\/wp-json\/wp\/v2\/product_tag?post=50530"}],"curies":[{"name":"wp","href":"https:\/\/api.w.org\/{rel}","templated":true}]}}