{"id":50958,"date":"2023-03-30T13:19:06","date_gmt":"2023-03-31T13:20:59","guid":{"rendered":"https:\/\/www.champmarket.com\/champagne\/pommery-rose-apanage-bottiglia\/"},"modified":"2023-03-31T15:20:59","modified_gmt":"2023-03-31T13:20:59","slug":"pommery-rose-apanage-bouteille","status":"publish","type":"product","link":"https:\/\/www.champmarket.com\/it\/champagne\/pommery-rose-apanage-bouteille\/","title":{"rendered":"Pommery Ros\u00e9 Apanage Bottiglia"},"content":{"rendered":"<p>Con la sua complessit\u00e0 e morbidezza, Pommery Ros\u00e9 Apanage si gusta al meglio come aperitivo e si abbina a tutti i piatti delicati.<\/p>\n","protected":false},"excerpt":{"rendered":"<p>Pommery Ros\u00e9 Apanage \u00e8 una selezione delle migliori annate. La bonifica nelle cantine di gesso della Casa fa emergere lentamente la sottigliezza e la finezza che caratterizzano lo stile &#8220;Apanage&#8221;.<\/p>\n","protected":false},"featured_media":50850,"template":"","meta":{"_acf_changed":false},"product_brand":[],"product_cat":[3410,3307,2749,2238,2775,2376,2420,2223,2224],"product_tag":[2228,2250,2254,2229],"class_list":{"0":"post-50958","1":"product","2":"type-product","3":"status-publish","4":"has-post-thumbnail","6":"maisons-selection-champagne-pommery-it","7":"product_cat-champagne-di-primavera","8":"product_cat-tutti-gli-champagne-e-i-set-regalo-esclusivi","9":"product_cat-pommery-it","10":"product_cat-bouteilles-it","11":"product_cat-tutti-gli-champagne","12":"product_cat-champagne-rose-it","13":"product_cat-dessert-it","14":"product_cat-aperitif-it","15":"product_cat-repas-it","16":"product_tag-aperitif-it","17":"product_tag-la-vie-en-rose-it","18":"product_tag-dessert-gouter-it","19":"product_tag-per-un-pasto-con-champagne","21":"first","22":"instock","23":"taxable","24":"shipping-taxable","25":"purchasable","26":"product-type-simple"},"acf":[],"yoast_head":"<!-- This site is optimized with the Yoast SEO plugin v26.4 - https:\/\/yoast.com\/wordpress\/plugins\/seo\/ -->\n<title>Pommery Ros\u00e9 Apanage Bottiglia - Champmarket<\/title>\n<meta name=\"description\" content=\"Pommery Ros\u00e9 Apanage \u00e8 una selezione delle migliori annate. La bonifica nelle cantine di gesso della Casa fa emergere lentamente la sottigliezza e la finezza che caratterizzano lo stile &quot;Apanage&quot;.\" \/>\n<meta name=\"robots\" content=\"index, follow, max-snippet:-1, max-image-preview:large, max-video-preview:-1\" \/>\n<link rel=\"canonical\" href=\"https:\/\/www.champmarket.com\/it\/champagne\/pommery-rose-apanage-bouteille\/\" \/>\n<meta property=\"og:locale\" content=\"it_IT\" \/>\n<meta property=\"og:type\" content=\"article\" \/>\n<meta property=\"og:title\" content=\"Pommery Ros\u00e9 Apanage Bottiglia - Champmarket\" \/>\n<meta property=\"og:description\" content=\"Pommery Ros\u00e9 Apanage \u00e8 una selezione delle migliori annate. La bonifica nelle cantine di gesso della Casa fa emergere lentamente la sottigliezza e la finezza che caratterizzano lo stile &quot;Apanage&quot;.\" \/>\n<meta property=\"og:url\" content=\"https:\/\/www.champmarket.com\/it\/champagne\/pommery-rose-apanage-bouteille\/\" \/>\n<meta property=\"og:site_name\" content=\"Champmarket\" \/>\n<meta property=\"article:publisher\" content=\"https:\/\/www.facebook.com\/ChampMarket\/\" \/>\n<meta property=\"og:image\" content=\"https:\/\/www.champmarket.com\/wp-content\/uploads\/2023\/03\/fiche-produit-pommery-rose-apanage-bouteille.webp\" \/>\n\t<meta property=\"og:image:width\" content=\"2000\" \/>\n\t<meta property=\"og:image:height\" content=\"2000\" \/>\n\t<meta property=\"og:image:type\" content=\"image\/jpeg\" \/>\n<meta name=\"twitter:card\" content=\"summary_large_image\" \/>\n<meta name=\"twitter:site\" content=\"@champmarket\" \/>\n<script type=\"application\/ld+json\" class=\"yoast-schema-graph\">{\"@context\":\"https:\/\/schema.org\",\"@graph\":[{\"@type\":\"WebPage\",\"@id\":\"https:\/\/www.champmarket.com\/it\/champagne\/pommery-rose-apanage-bouteille\/\",\"url\":\"https:\/\/www.champmarket.com\/it\/champagne\/pommery-rose-apanage-bouteille\/\",\"name\":\"Pommery Ros\u00e9 Apanage Bottiglia - Champmarket\",\"isPartOf\":{\"@id\":\"https:\/\/www.champmarket.com\/#website\"},\"primaryImageOfPage\":{\"@id\":\"https:\/\/www.champmarket.com\/it\/champagne\/pommery-rose-apanage-bouteille\/#primaryimage\"},\"image\":{\"@id\":\"https:\/\/www.champmarket.com\/it\/champagne\/pommery-rose-apanage-bouteille\/#primaryimage\"},\"thumbnailUrl\":\"https:\/\/www.champmarket.com\/wp-content\/uploads\/2023\/03\/fiche-produit-pommery-rose-apanage-bouteille.webp\",\"datePublished\":\"2023-03-31T13:20:59+00:00\",\"description\":\"Pommery Ros\u00e9 Apanage \u00e8 una selezione delle migliori annate. La bonifica nelle cantine di gesso della Casa fa emergere lentamente la sottigliezza e la finezza che caratterizzano lo stile \\\"Apanage\\\".\",\"breadcrumb\":{\"@id\":\"https:\/\/www.champmarket.com\/it\/champagne\/pommery-rose-apanage-bouteille\/#breadcrumb\"},\"inLanguage\":\"it-IT\",\"potentialAction\":[{\"@type\":\"ReadAction\",\"target\":[\"https:\/\/www.champmarket.com\/it\/champagne\/pommery-rose-apanage-bouteille\/\"]}]},{\"@type\":\"ImageObject\",\"inLanguage\":\"it-IT\",\"@id\":\"https:\/\/www.champmarket.com\/it\/champagne\/pommery-rose-apanage-bouteille\/#primaryimage\",\"url\":\"https:\/\/www.champmarket.com\/wp-content\/uploads\/2023\/03\/fiche-produit-pommery-rose-apanage-bouteille.webp\",\"contentUrl\":\"https:\/\/www.champmarket.com\/wp-content\/uploads\/2023\/03\/fiche-produit-pommery-rose-apanage-bouteille.webp\",\"width\":2000,\"height\":2000,\"caption\":\"Champagne Pommery Ros\u00e9 Apanage Bouteille - Champmarket\"},{\"@type\":\"BreadcrumbList\",\"@id\":\"https:\/\/www.champmarket.com\/it\/champagne\/pommery-rose-apanage-bouteille\/#breadcrumb\",\"itemListElement\":[{\"@type\":\"ListItem\",\"position\":1,\"name\":\"Home\",\"item\":\"https:\/\/www.champmarket.com\/it\/acquista-champagne-online-champmarket\/\"},{\"@type\":\"ListItem\",\"position\":2,\"name\":\"Shop\",\"item\":\"https:\/\/www.champmarket.com\/it\/shop\/\"},{\"@type\":\"ListItem\",\"position\":3,\"name\":\"Pommery\",\"item\":\"https:\/\/www.champmarket.com\/it\/maisons\/selection-champagne-pommery-it\/\"},{\"@type\":\"ListItem\",\"position\":4,\"name\":\"Pommery Ros\u00e9 Apanage Bottiglia\"}]},{\"@type\":\"WebSite\",\"@id\":\"https:\/\/www.champmarket.com\/#website\",\"url\":\"https:\/\/www.champmarket.com\/\",\"name\":\"Champmarket\",\"description\":\"Champmarket, Champagnes, Cadeaux et Art de Vivre\",\"publisher\":{\"@id\":\"https:\/\/www.champmarket.com\/#organization\"},\"potentialAction\":[{\"@type\":\"SearchAction\",\"target\":{\"@type\":\"EntryPoint\",\"urlTemplate\":\"https:\/\/www.champmarket.com\/?s={search_term_string}\"},\"query-input\":{\"@type\":\"PropertyValueSpecification\",\"valueRequired\":true,\"valueName\":\"search_term_string\"}}],\"inLanguage\":\"it-IT\"},{\"@type\":\"Organization\",\"@id\":\"https:\/\/www.champmarket.com\/#organization\",\"name\":\"Champmarket\",\"url\":\"https:\/\/www.champmarket.com\/\",\"logo\":{\"@type\":\"ImageObject\",\"inLanguage\":\"it-IT\",\"@id\":\"https:\/\/www.champmarket.com\/#\/schema\/logo\/image\/\",\"url\":\"https:\/\/www.champmarket.com\/wp-content\/uploads\/2024\/08\/logo2024-1.svg\",\"contentUrl\":\"https:\/\/www.champmarket.com\/wp-content\/uploads\/2024\/08\/logo2024-1.svg\",\"width\":579.8,\"height\":80,\"caption\":\"Champmarket\"},\"image\":{\"@id\":\"https:\/\/www.champmarket.com\/#\/schema\/logo\/image\/\"},\"sameAs\":[\"https:\/\/www.facebook.com\/ChampMarket\/\",\"https:\/\/x.com\/champmarket\",\"https:\/\/www.instagram.com\/champmarket.paris\/\",\"https:\/\/www.pinterest.fr\/champmarketparis\/\",\"https:\/\/www.linkedin.com\/company\/champmarket\/\"]}]}<\/script>\n<!-- \/ Yoast SEO plugin. -->","yoast_head_json":{"title":"Pommery Ros\u00e9 Apanage Bottiglia - Champmarket","description":"Pommery Ros\u00e9 Apanage \u00e8 una selezione delle migliori annate. La bonifica nelle cantine di gesso della Casa fa emergere lentamente la sottigliezza e la finezza che caratterizzano lo stile \"Apanage\".","robots":{"index":"index","follow":"follow","max-snippet":"max-snippet:-1","max-image-preview":"max-image-preview:large","max-video-preview":"max-video-preview:-1"},"canonical":"https:\/\/www.champmarket.com\/it\/champagne\/pommery-rose-apanage-bouteille\/","og_locale":"it_IT","og_type":"article","og_title":"Pommery Ros\u00e9 Apanage Bottiglia - Champmarket","og_description":"Pommery Ros\u00e9 Apanage \u00e8 una selezione delle migliori annate. La bonifica nelle cantine di gesso della Casa fa emergere lentamente la sottigliezza e la finezza che caratterizzano lo stile \"Apanage\".","og_url":"https:\/\/www.champmarket.com\/it\/champagne\/pommery-rose-apanage-bouteille\/","og_site_name":"Champmarket","article_publisher":"https:\/\/www.facebook.com\/ChampMarket\/","og_image":[{"width":2000,"height":2000,"url":"https:\/\/www.champmarket.com\/wp-content\/uploads\/2023\/03\/fiche-produit-pommery-rose-apanage-bouteille.webp","type":"image\/jpeg"}],"twitter_card":"summary_large_image","twitter_site":"@champmarket","schema":{"@context":"https:\/\/schema.org","@graph":[{"@type":"WebPage","@id":"https:\/\/www.champmarket.com\/it\/champagne\/pommery-rose-apanage-bouteille\/","url":"https:\/\/www.champmarket.com\/it\/champagne\/pommery-rose-apanage-bouteille\/","name":"Pommery Ros\u00e9 Apanage Bottiglia - Champmarket","isPartOf":{"@id":"https:\/\/www.champmarket.com\/#website"},"primaryImageOfPage":{"@id":"https:\/\/www.champmarket.com\/it\/champagne\/pommery-rose-apanage-bouteille\/#primaryimage"},"image":{"@id":"https:\/\/www.champmarket.com\/it\/champagne\/pommery-rose-apanage-bouteille\/#primaryimage"},"thumbnailUrl":"https:\/\/www.champmarket.com\/wp-content\/uploads\/2023\/03\/fiche-produit-pommery-rose-apanage-bouteille.webp","datePublished":"2023-03-31T13:20:59+00:00","description":"Pommery Ros\u00e9 Apanage \u00e8 una selezione delle migliori annate. La bonifica nelle cantine di gesso della Casa fa emergere lentamente la sottigliezza e la finezza che caratterizzano lo stile \"Apanage\".","breadcrumb":{"@id":"https:\/\/www.champmarket.com\/it\/champagne\/pommery-rose-apanage-bouteille\/#breadcrumb"},"inLanguage":"it-IT","potentialAction":[{"@type":"ReadAction","target":["https:\/\/www.champmarket.com\/it\/champagne\/pommery-rose-apanage-bouteille\/"]}]},{"@type":"ImageObject","inLanguage":"it-IT","@id":"https:\/\/www.champmarket.com\/it\/champagne\/pommery-rose-apanage-bouteille\/#primaryimage","url":"https:\/\/www.champmarket.com\/wp-content\/uploads\/2023\/03\/fiche-produit-pommery-rose-apanage-bouteille.webp","contentUrl":"https:\/\/www.champmarket.com\/wp-content\/uploads\/2023\/03\/fiche-produit-pommery-rose-apanage-bouteille.webp","width":2000,"height":2000,"caption":"Champagne Pommery Ros\u00e9 Apanage Bouteille - Champmarket"},{"@type":"BreadcrumbList","@id":"https:\/\/www.champmarket.com\/it\/champagne\/pommery-rose-apanage-bouteille\/#breadcrumb","itemListElement":[{"@type":"ListItem","position":1,"name":"Home","item":"https:\/\/www.champmarket.com\/it\/acquista-champagne-online-champmarket\/"},{"@type":"ListItem","position":2,"name":"Shop","item":"https:\/\/www.champmarket.com\/it\/shop\/"},{"@type":"ListItem","position":3,"name":"Pommery","item":"https:\/\/www.champmarket.com\/it\/maisons\/selection-champagne-pommery-it\/"},{"@type":"ListItem","position":4,"name":"Pommery Ros\u00e9 Apanage Bottiglia"}]},{"@type":"WebSite","@id":"https:\/\/www.champmarket.com\/#website","url":"https:\/\/www.champmarket.com\/","name":"Champmarket","description":"Champmarket, Champagnes, Cadeaux et Art de Vivre","publisher":{"@id":"https:\/\/www.champmarket.com\/#organization"},"potentialAction":[{"@type":"SearchAction","target":{"@type":"EntryPoint","urlTemplate":"https:\/\/www.champmarket.com\/?s={search_term_string}"},"query-input":{"@type":"PropertyValueSpecification","valueRequired":true,"valueName":"search_term_string"}}],"inLanguage":"it-IT"},{"@type":"Organization","@id":"https:\/\/www.champmarket.com\/#organization","name":"Champmarket","url":"https:\/\/www.champmarket.com\/","logo":{"@type":"ImageObject","inLanguage":"it-IT","@id":"https:\/\/www.champmarket.com\/#\/schema\/logo\/image\/","url":"https:\/\/www.champmarket.com\/wp-content\/uploads\/2024\/08\/logo2024-1.svg","contentUrl":"https:\/\/www.champmarket.com\/wp-content\/uploads\/2024\/08\/logo2024-1.svg","width":579.8,"height":80,"caption":"Champmarket"},"image":{"@id":"https:\/\/www.champmarket.com\/#\/schema\/logo\/image\/"},"sameAs":["https:\/\/www.facebook.com\/ChampMarket\/","https:\/\/x.com\/champmarket","https:\/\/www.instagram.com\/champmarket.paris\/","https:\/\/www.pinterest.fr\/champmarketparis\/","https:\/\/www.linkedin.com\/company\/champmarket\/"]}]}},"_links":{"self":[{"href":"https:\/\/www.champmarket.com\/it\/wp-json\/wp\/v2\/product\/50958","targetHints":{"allow":["GET"]}}],"collection":[{"href":"https:\/\/www.champmarket.com\/it\/wp-json\/wp\/v2\/product"}],"about":[{"href":"https:\/\/www.champmarket.com\/it\/wp-json\/wp\/v2\/types\/product"}],"version-history":[{"count":0,"href":"https:\/\/www.champmarket.com\/it\/wp-json\/wp\/v2\/product\/50958\/revisions"}],"wp:featuredmedia":[{"embeddable":true,"href":"https:\/\/www.champmarket.com\/it\/wp-json\/wp\/v2\/media\/50850"}],"wp:attachment":[{"href":"https:\/\/www.champmarket.com\/it\/wp-json\/wp\/v2\/media?parent=50958"}],"wp:term":[{"taxonomy":"product_brand","embeddable":true,"href":"https:\/\/www.champmarket.com\/it\/wp-json\/wp\/v2\/product_brand?post=50958"},{"taxonomy":"product_cat","embeddable":true,"href":"https:\/\/www.champmarket.com\/it\/wp-json\/wp\/v2\/product_cat?post=50958"},{"taxonomy":"product_tag","embeddable":true,"href":"https:\/\/www.champmarket.com\/it\/wp-json\/wp\/v2\/product_tag?post=50958"}],"curies":[{"name":"wp","href":"https:\/\/api.w.org\/{rel}","templated":true}]}}