{"id":50963,"date":"2023-03-30T12:26:42","date_gmt":"2023-03-31T13:26:23","guid":{"rendered":"https:\/\/www.champmarket.com\/champagne\/pommery-apanage-brut-bottiglia\/"},"modified":"2023-03-31T15:26:23","modified_gmt":"2023-03-31T13:26:23","slug":"pommery-apanage-brut-bouteille","status":"publish","type":"product","link":"https:\/\/www.champmarket.com\/it\/champagne\/pommery-apanage-brut-bouteille\/","title":{"rendered":"Pommery Apanage Brut Bottiglia"},"content":{"rendered":"<p>L&#8217;Apanage Brut \u00e8 stato creato selezionando meticolosamente diciassette villaggi con una forte identit\u00e0 e un legame con Pommery. Questi terroir, articolati intorno alla solida base rappresentata dalla Montagne de Reims, producono ogni anno uve eccezionali, base indispensabile per la creazione dello stile Pommery. La firma di Apanage \u00e8 anche una maggiore proporzione di Chardonnay per dare al vino una sensazione di morbidezza ed eleganza essenziale per il mondo della gastronomia. Grandi vini di riserva della collezione Pommery completano l&#8217;assemblaggio in buona misura. Questa miscela richiede un dosaggio pi\u00f9 riservato.<\/p>\n<p>Infine, questa bella selezione di terroir non avrebbe senso senza un periodo di maturazione pi\u00f9 lungo, di almeno quattro anni.<\/p>\n","protected":false},"excerpt":{"rendered":"<p>Pommery Apanage Brut \u00e8 uno champagne gastronomico. &#8220;Apanage&#8221; evoca distinzione e privilegio, ma anche untuosit\u00e0 ed eleganza, grazie a un assemblaggio pi\u00f9 forte di Chardonnay e a un dosaggio pi\u00f9 confidenziale, permettendo cos\u00ec di rimanere nello spirito voluto da Madame Pommery, ovvero uno champagne &#8220;vellutato e ben fuso&#8221;.<\/p>\n","protected":false},"featured_media":50820,"template":"","meta":{"_acf_changed":false},"product_brand":[],"product_cat":[3307,2749,2238,2775,2372,2223,2224],"product_tag":[2228,2229],"class_list":{"0":"post-50963","1":"product","2":"type-product","3":"status-publish","4":"has-post-thumbnail","6":"maisons-selection-champagne-pommery-it","7":"product_cat-tutti-gli-champagne-e-i-set-regalo-esclusivi","8":"product_cat-pommery-it","9":"product_cat-bouteilles-it","10":"product_cat-tutti-gli-champagne","11":"product_cat-champagne-brut-it","12":"product_cat-aperitif-it","13":"product_cat-repas-it","14":"product_tag-aperitif-it","15":"product_tag-per-un-pasto-con-champagne","17":"first","18":"instock","19":"taxable","20":"shipping-taxable","21":"purchasable","22":"product-type-simple"},"acf":[],"yoast_head":"<!-- This site is optimized with the Yoast SEO plugin v26.4 - https:\/\/yoast.com\/wordpress\/plugins\/seo\/ -->\n<title>Pommery Apanage Brut Bottiglia - Champmarket<\/title>\n<meta name=\"description\" content=\"Pommery Apanage Brut \u00e8 uno champagne gastronomico. &quot;Apanage&quot; evoca distinzione e privilegio, ma anche morbidezza ed eleganza, grazie a un assemblaggio pi\u00f9 forte di Chardonnay e a un dosaggio pi\u00f9 riservato.\" \/>\n<meta name=\"robots\" content=\"index, follow, max-snippet:-1, max-image-preview:large, max-video-preview:-1\" \/>\n<link rel=\"canonical\" href=\"https:\/\/www.champmarket.com\/it\/champagne\/pommery-apanage-brut-bouteille\/\" \/>\n<meta property=\"og:locale\" content=\"it_IT\" \/>\n<meta property=\"og:type\" content=\"article\" \/>\n<meta property=\"og:title\" content=\"Pommery Apanage Brut Bottiglia - Champmarket\" \/>\n<meta property=\"og:description\" content=\"Pommery Apanage Brut \u00e8 uno champagne gastronomico. &quot;Apanage&quot; evoca distinzione e privilegio, ma anche morbidezza ed eleganza, grazie a un assemblaggio pi\u00f9 forte di Chardonnay e a un dosaggio pi\u00f9 riservato.\" \/>\n<meta property=\"og:url\" content=\"https:\/\/www.champmarket.com\/it\/champagne\/pommery-apanage-brut-bouteille\/\" \/>\n<meta property=\"og:site_name\" content=\"Champmarket\" \/>\n<meta property=\"article:publisher\" content=\"https:\/\/www.facebook.com\/ChampMarket\/\" \/>\n<meta property=\"og:image\" content=\"https:\/\/www.champmarket.com\/wp-content\/uploads\/2023\/03\/fiche-produit-pommery-apanage-brut-bouteille.webp\" \/>\n\t<meta property=\"og:image:width\" content=\"2000\" \/>\n\t<meta property=\"og:image:height\" content=\"2000\" \/>\n\t<meta property=\"og:image:type\" content=\"image\/jpeg\" \/>\n<meta name=\"twitter:card\" content=\"summary_large_image\" \/>\n<meta name=\"twitter:site\" content=\"@champmarket\" \/>\n<meta name=\"twitter:label1\" content=\"Tempo di lettura stimato\" \/>\n\t<meta name=\"twitter:data1\" content=\"1 minuto\" \/>\n<script type=\"application\/ld+json\" class=\"yoast-schema-graph\">{\"@context\":\"https:\/\/schema.org\",\"@graph\":[{\"@type\":\"WebPage\",\"@id\":\"https:\/\/www.champmarket.com\/it\/champagne\/pommery-apanage-brut-bouteille\/\",\"url\":\"https:\/\/www.champmarket.com\/it\/champagne\/pommery-apanage-brut-bouteille\/\",\"name\":\"Pommery Apanage Brut Bottiglia - Champmarket\",\"isPartOf\":{\"@id\":\"https:\/\/www.champmarket.com\/#website\"},\"primaryImageOfPage\":{\"@id\":\"https:\/\/www.champmarket.com\/it\/champagne\/pommery-apanage-brut-bouteille\/#primaryimage\"},\"image\":{\"@id\":\"https:\/\/www.champmarket.com\/it\/champagne\/pommery-apanage-brut-bouteille\/#primaryimage\"},\"thumbnailUrl\":\"https:\/\/www.champmarket.com\/wp-content\/uploads\/2023\/03\/fiche-produit-pommery-apanage-brut-bouteille.webp\",\"datePublished\":\"2023-03-31T13:26:23+00:00\",\"description\":\"Pommery Apanage Brut \u00e8 uno champagne gastronomico. \\\"Apanage\\\" evoca distinzione e privilegio, ma anche morbidezza ed eleganza, grazie a un assemblaggio pi\u00f9 forte di Chardonnay e a un dosaggio pi\u00f9 riservato.\",\"breadcrumb\":{\"@id\":\"https:\/\/www.champmarket.com\/it\/champagne\/pommery-apanage-brut-bouteille\/#breadcrumb\"},\"inLanguage\":\"it-IT\",\"potentialAction\":[{\"@type\":\"ReadAction\",\"target\":[\"https:\/\/www.champmarket.com\/it\/champagne\/pommery-apanage-brut-bouteille\/\"]}]},{\"@type\":\"ImageObject\",\"inLanguage\":\"it-IT\",\"@id\":\"https:\/\/www.champmarket.com\/it\/champagne\/pommery-apanage-brut-bouteille\/#primaryimage\",\"url\":\"https:\/\/www.champmarket.com\/wp-content\/uploads\/2023\/03\/fiche-produit-pommery-apanage-brut-bouteille.webp\",\"contentUrl\":\"https:\/\/www.champmarket.com\/wp-content\/uploads\/2023\/03\/fiche-produit-pommery-apanage-brut-bouteille.webp\",\"width\":2000,\"height\":2000,\"caption\":\"Champagne Pommery Apanage Brut Bouteille - Champmarket\"},{\"@type\":\"BreadcrumbList\",\"@id\":\"https:\/\/www.champmarket.com\/it\/champagne\/pommery-apanage-brut-bouteille\/#breadcrumb\",\"itemListElement\":[{\"@type\":\"ListItem\",\"position\":1,\"name\":\"Home\",\"item\":\"https:\/\/www.champmarket.com\/it\/acquista-champagne-online-champmarket\/\"},{\"@type\":\"ListItem\",\"position\":2,\"name\":\"Shop\",\"item\":\"https:\/\/www.champmarket.com\/it\/shop\/\"},{\"@type\":\"ListItem\",\"position\":3,\"name\":\"Pommery\",\"item\":\"https:\/\/www.champmarket.com\/it\/maisons\/selection-champagne-pommery-it\/\"},{\"@type\":\"ListItem\",\"position\":4,\"name\":\"Pommery Apanage Brut Bottiglia\"}]},{\"@type\":\"WebSite\",\"@id\":\"https:\/\/www.champmarket.com\/#website\",\"url\":\"https:\/\/www.champmarket.com\/\",\"name\":\"Champmarket\",\"description\":\"Champmarket, Champagnes, Cadeaux et Art de Vivre\",\"publisher\":{\"@id\":\"https:\/\/www.champmarket.com\/#organization\"},\"potentialAction\":[{\"@type\":\"SearchAction\",\"target\":{\"@type\":\"EntryPoint\",\"urlTemplate\":\"https:\/\/www.champmarket.com\/?s={search_term_string}\"},\"query-input\":{\"@type\":\"PropertyValueSpecification\",\"valueRequired\":true,\"valueName\":\"search_term_string\"}}],\"inLanguage\":\"it-IT\"},{\"@type\":\"Organization\",\"@id\":\"https:\/\/www.champmarket.com\/#organization\",\"name\":\"Champmarket\",\"url\":\"https:\/\/www.champmarket.com\/\",\"logo\":{\"@type\":\"ImageObject\",\"inLanguage\":\"it-IT\",\"@id\":\"https:\/\/www.champmarket.com\/#\/schema\/logo\/image\/\",\"url\":\"https:\/\/www.champmarket.com\/wp-content\/uploads\/2024\/08\/logo2024-1.svg\",\"contentUrl\":\"https:\/\/www.champmarket.com\/wp-content\/uploads\/2024\/08\/logo2024-1.svg\",\"width\":579.8,\"height\":80,\"caption\":\"Champmarket\"},\"image\":{\"@id\":\"https:\/\/www.champmarket.com\/#\/schema\/logo\/image\/\"},\"sameAs\":[\"https:\/\/www.facebook.com\/ChampMarket\/\",\"https:\/\/x.com\/champmarket\",\"https:\/\/www.instagram.com\/champmarket.paris\/\",\"https:\/\/www.pinterest.fr\/champmarketparis\/\",\"https:\/\/www.linkedin.com\/company\/champmarket\/\"]}]}<\/script>\n<!-- \/ Yoast SEO plugin. -->","yoast_head_json":{"title":"Pommery Apanage Brut Bottiglia - Champmarket","description":"Pommery Apanage Brut \u00e8 uno champagne gastronomico. \"Apanage\" evoca distinzione e privilegio, ma anche morbidezza ed eleganza, grazie a un assemblaggio pi\u00f9 forte di Chardonnay e a un dosaggio pi\u00f9 riservato.","robots":{"index":"index","follow":"follow","max-snippet":"max-snippet:-1","max-image-preview":"max-image-preview:large","max-video-preview":"max-video-preview:-1"},"canonical":"https:\/\/www.champmarket.com\/it\/champagne\/pommery-apanage-brut-bouteille\/","og_locale":"it_IT","og_type":"article","og_title":"Pommery Apanage Brut Bottiglia - Champmarket","og_description":"Pommery Apanage Brut \u00e8 uno champagne gastronomico. \"Apanage\" evoca distinzione e privilegio, ma anche morbidezza ed eleganza, grazie a un assemblaggio pi\u00f9 forte di Chardonnay e a un dosaggio pi\u00f9 riservato.","og_url":"https:\/\/www.champmarket.com\/it\/champagne\/pommery-apanage-brut-bouteille\/","og_site_name":"Champmarket","article_publisher":"https:\/\/www.facebook.com\/ChampMarket\/","og_image":[{"width":2000,"height":2000,"url":"https:\/\/www.champmarket.com\/wp-content\/uploads\/2023\/03\/fiche-produit-pommery-apanage-brut-bouteille.webp","type":"image\/jpeg"}],"twitter_card":"summary_large_image","twitter_site":"@champmarket","twitter_misc":{"Tempo di lettura stimato":"1 minuto"},"schema":{"@context":"https:\/\/schema.org","@graph":[{"@type":"WebPage","@id":"https:\/\/www.champmarket.com\/it\/champagne\/pommery-apanage-brut-bouteille\/","url":"https:\/\/www.champmarket.com\/it\/champagne\/pommery-apanage-brut-bouteille\/","name":"Pommery Apanage Brut Bottiglia - Champmarket","isPartOf":{"@id":"https:\/\/www.champmarket.com\/#website"},"primaryImageOfPage":{"@id":"https:\/\/www.champmarket.com\/it\/champagne\/pommery-apanage-brut-bouteille\/#primaryimage"},"image":{"@id":"https:\/\/www.champmarket.com\/it\/champagne\/pommery-apanage-brut-bouteille\/#primaryimage"},"thumbnailUrl":"https:\/\/www.champmarket.com\/wp-content\/uploads\/2023\/03\/fiche-produit-pommery-apanage-brut-bouteille.webp","datePublished":"2023-03-31T13:26:23+00:00","description":"Pommery Apanage Brut \u00e8 uno champagne gastronomico. \"Apanage\" evoca distinzione e privilegio, ma anche morbidezza ed eleganza, grazie a un assemblaggio pi\u00f9 forte di Chardonnay e a un dosaggio pi\u00f9 riservato.","breadcrumb":{"@id":"https:\/\/www.champmarket.com\/it\/champagne\/pommery-apanage-brut-bouteille\/#breadcrumb"},"inLanguage":"it-IT","potentialAction":[{"@type":"ReadAction","target":["https:\/\/www.champmarket.com\/it\/champagne\/pommery-apanage-brut-bouteille\/"]}]},{"@type":"ImageObject","inLanguage":"it-IT","@id":"https:\/\/www.champmarket.com\/it\/champagne\/pommery-apanage-brut-bouteille\/#primaryimage","url":"https:\/\/www.champmarket.com\/wp-content\/uploads\/2023\/03\/fiche-produit-pommery-apanage-brut-bouteille.webp","contentUrl":"https:\/\/www.champmarket.com\/wp-content\/uploads\/2023\/03\/fiche-produit-pommery-apanage-brut-bouteille.webp","width":2000,"height":2000,"caption":"Champagne Pommery Apanage Brut Bouteille - Champmarket"},{"@type":"BreadcrumbList","@id":"https:\/\/www.champmarket.com\/it\/champagne\/pommery-apanage-brut-bouteille\/#breadcrumb","itemListElement":[{"@type":"ListItem","position":1,"name":"Home","item":"https:\/\/www.champmarket.com\/it\/acquista-champagne-online-champmarket\/"},{"@type":"ListItem","position":2,"name":"Shop","item":"https:\/\/www.champmarket.com\/it\/shop\/"},{"@type":"ListItem","position":3,"name":"Pommery","item":"https:\/\/www.champmarket.com\/it\/maisons\/selection-champagne-pommery-it\/"},{"@type":"ListItem","position":4,"name":"Pommery Apanage Brut Bottiglia"}]},{"@type":"WebSite","@id":"https:\/\/www.champmarket.com\/#website","url":"https:\/\/www.champmarket.com\/","name":"Champmarket","description":"Champmarket, Champagnes, Cadeaux et Art de Vivre","publisher":{"@id":"https:\/\/www.champmarket.com\/#organization"},"potentialAction":[{"@type":"SearchAction","target":{"@type":"EntryPoint","urlTemplate":"https:\/\/www.champmarket.com\/?s={search_term_string}"},"query-input":{"@type":"PropertyValueSpecification","valueRequired":true,"valueName":"search_term_string"}}],"inLanguage":"it-IT"},{"@type":"Organization","@id":"https:\/\/www.champmarket.com\/#organization","name":"Champmarket","url":"https:\/\/www.champmarket.com\/","logo":{"@type":"ImageObject","inLanguage":"it-IT","@id":"https:\/\/www.champmarket.com\/#\/schema\/logo\/image\/","url":"https:\/\/www.champmarket.com\/wp-content\/uploads\/2024\/08\/logo2024-1.svg","contentUrl":"https:\/\/www.champmarket.com\/wp-content\/uploads\/2024\/08\/logo2024-1.svg","width":579.8,"height":80,"caption":"Champmarket"},"image":{"@id":"https:\/\/www.champmarket.com\/#\/schema\/logo\/image\/"},"sameAs":["https:\/\/www.facebook.com\/ChampMarket\/","https:\/\/x.com\/champmarket","https:\/\/www.instagram.com\/champmarket.paris\/","https:\/\/www.pinterest.fr\/champmarketparis\/","https:\/\/www.linkedin.com\/company\/champmarket\/"]}]}},"_links":{"self":[{"href":"https:\/\/www.champmarket.com\/it\/wp-json\/wp\/v2\/product\/50963","targetHints":{"allow":["GET"]}}],"collection":[{"href":"https:\/\/www.champmarket.com\/it\/wp-json\/wp\/v2\/product"}],"about":[{"href":"https:\/\/www.champmarket.com\/it\/wp-json\/wp\/v2\/types\/product"}],"version-history":[{"count":0,"href":"https:\/\/www.champmarket.com\/it\/wp-json\/wp\/v2\/product\/50963\/revisions"}],"wp:featuredmedia":[{"embeddable":true,"href":"https:\/\/www.champmarket.com\/it\/wp-json\/wp\/v2\/media\/50820"}],"wp:attachment":[{"href":"https:\/\/www.champmarket.com\/it\/wp-json\/wp\/v2\/media?parent=50963"}],"wp:term":[{"taxonomy":"product_brand","embeddable":true,"href":"https:\/\/www.champmarket.com\/it\/wp-json\/wp\/v2\/product_brand?post=50963"},{"taxonomy":"product_cat","embeddable":true,"href":"https:\/\/www.champmarket.com\/it\/wp-json\/wp\/v2\/product_cat?post=50963"},{"taxonomy":"product_tag","embeddable":true,"href":"https:\/\/www.champmarket.com\/it\/wp-json\/wp\/v2\/product_tag?post=50963"}],"curies":[{"name":"wp","href":"https:\/\/api.w.org\/{rel}","templated":true}]}}