{"id":50966,"date":"2023-03-30T11:46:29","date_gmt":"2023-03-31T13:45:53","guid":{"rendered":"https:\/\/www.champmarket.com\/champagne\/pommery-brut-royal-balthazar-box-di-legno\/"},"modified":"2023-03-31T15:54:59","modified_gmt":"2023-03-31T13:54:59","slug":"pommery-brut-royal-balthazar-caisse-bois","status":"publish","type":"product","link":"https:\/\/www.champmarket.com\/it\/champagne\/pommery-brut-royal-balthazar-caisse-bois\/","title":{"rendered":"Pommery Brut Royal Balthazar Box di Legno"},"content":{"rendered":"<p>Il Pommery Brut Royal Balthazar \u00e8 assemblato con uve provenienti da 40 villaggi selezionati della C\u00f4te des Blancs, della Montagne de Reims e di altre regioni della Champagne dove il clima contribuisce alla vivacit\u00e0 e alla delicatezza delle uve.<br \/>\nIl cuore dello stile Pommery: vivacit\u00e0 (aromi di frutta bianca associati a piccoli frutti rossi), freschezza (note di agrumi e fiori bianchi), finezza (una bocca molto pulita che non stanca mai il palato).<\/p>\n<p>Il formato Balthazar \u00e8 una grande bottiglia con una capacit\u00e0 di 12 litri, pari a 16 bottiglie di champagne o 96 bicchieri. Questo grande formato \u00e8 ideale per ricevimenti e occasioni speciali.<\/p>\n<p>Consegnato nella sua lussuosa custodia in legno, \u00e8 lo champagne ideale per le occasioni speciali e i regali.<\/p>\n","protected":false},"excerpt":{"rendered":"<p>Pommery Brut Royal Balthazar Box di Legno \u00e8 il cuore dello stile Pommery: vivacit\u00e0, freschezza, finezza e modernit\u00e0 definiscono la cuvee d&#8217;autore di questa grande Maison di Champagne. \u00c8 riconoscibile per il suo colore blu, che \u00e8 diventato il simbolo del marchio.<\/p>\n","protected":false},"featured_media":50680,"template":"","meta":{"_acf_changed":false},"product_brand":[],"product_cat":[3469,3307,2749,2226,2380,2775,2372,2223,2222],"product_tag":[2230,2228,2255,2231],"class_list":{"0":"post-50966","1":"product","2":"type-product","3":"status-publish","4":"has-post-thumbnail","6":"maisons-selection-champagne-pommery-it","7":"product_cat-selezione-grands-flacons","8":"product_cat-tutti-gli-champagne-e-i-set-regalo-esclusivi","9":"product_cat-pommery-it","10":"product_cat-bottiglie-grande-it","11":"product_cat-balthazar-it","12":"product_cat-tutti-gli-champagne","13":"product_cat-champagne-brut-it","14":"product_cat-aperitif-it","15":"product_cat-evenement-cocktail-it","16":"product_tag-grande-fiaschetta","17":"product_tag-aperitif-it","18":"product_tag-pour-offrir-it","19":"product_tag-cocktail-event-it","21":"first","22":"instock","23":"taxable","24":"shipping-taxable","25":"purchasable","26":"product-type-simple"},"acf":[],"yoast_head":"<!-- This site is optimized with the Yoast SEO plugin v26.4 - https:\/\/yoast.com\/wordpress\/plugins\/seo\/ -->\n<title>Pommery Brut Royal Balthazar Box di Legno - Champmarket<\/title>\n<meta name=\"description\" content=\"Pommery Brut Royal Balthazar Box di Legno \u00e8 il cuore dello stile Pommery: vivacit\u00e0, freschezza, finezza e modernit\u00e0 definiscono la cuvee d&#039;autore di questa grande Maison di Champagne.\" \/>\n<meta name=\"robots\" content=\"index, follow, max-snippet:-1, max-image-preview:large, max-video-preview:-1\" \/>\n<link rel=\"canonical\" href=\"https:\/\/www.champmarket.com\/it\/champagne\/pommery-brut-royal-balthazar-caisse-bois\/\" \/>\n<meta property=\"og:locale\" content=\"it_IT\" \/>\n<meta property=\"og:type\" content=\"article\" \/>\n<meta property=\"og:title\" content=\"Pommery Brut Royal Balthazar Box di Legno - Champmarket\" \/>\n<meta property=\"og:description\" content=\"Pommery Brut Royal Balthazar Box di Legno \u00e8 il cuore dello stile Pommery: vivacit\u00e0, freschezza, finezza e modernit\u00e0 definiscono la cuvee d&#039;autore di questa grande Maison di Champagne.\" \/>\n<meta property=\"og:url\" content=\"https:\/\/www.champmarket.com\/it\/champagne\/pommery-brut-royal-balthazar-caisse-bois\/\" \/>\n<meta property=\"og:site_name\" content=\"Champmarket\" \/>\n<meta property=\"article:publisher\" content=\"https:\/\/www.facebook.com\/ChampMarket\/\" \/>\n<meta property=\"article:modified_time\" content=\"2023-03-31T13:54:59+00:00\" \/>\n<meta property=\"og:image\" content=\"https:\/\/www.champmarket.com\/wp-content\/uploads\/2023\/03\/fiche-produit-pommery-brut-royal-balthazar-caisse-bois.webp\" \/>\n\t<meta property=\"og:image:width\" content=\"2000\" \/>\n\t<meta property=\"og:image:height\" content=\"2000\" \/>\n\t<meta property=\"og:image:type\" content=\"image\/jpeg\" \/>\n<meta name=\"twitter:card\" content=\"summary_large_image\" \/>\n<meta name=\"twitter:site\" content=\"@champmarket\" \/>\n<meta name=\"twitter:label1\" content=\"Tempo di lettura stimato\" \/>\n\t<meta name=\"twitter:data1\" content=\"1 minuto\" \/>\n<script type=\"application\/ld+json\" class=\"yoast-schema-graph\">{\"@context\":\"https:\/\/schema.org\",\"@graph\":[{\"@type\":\"WebPage\",\"@id\":\"https:\/\/www.champmarket.com\/it\/champagne\/pommery-brut-royal-balthazar-caisse-bois\/\",\"url\":\"https:\/\/www.champmarket.com\/it\/champagne\/pommery-brut-royal-balthazar-caisse-bois\/\",\"name\":\"Pommery Brut Royal Balthazar Box di Legno - Champmarket\",\"isPartOf\":{\"@id\":\"https:\/\/www.champmarket.com\/#website\"},\"primaryImageOfPage\":{\"@id\":\"https:\/\/www.champmarket.com\/it\/champagne\/pommery-brut-royal-balthazar-caisse-bois\/#primaryimage\"},\"image\":{\"@id\":\"https:\/\/www.champmarket.com\/it\/champagne\/pommery-brut-royal-balthazar-caisse-bois\/#primaryimage\"},\"thumbnailUrl\":\"https:\/\/www.champmarket.com\/wp-content\/uploads\/2023\/03\/fiche-produit-pommery-brut-royal-balthazar-caisse-bois.webp\",\"datePublished\":\"2023-03-31T13:45:53+00:00\",\"dateModified\":\"2023-03-31T13:54:59+00:00\",\"description\":\"Pommery Brut Royal Balthazar Box di Legno \u00e8 il cuore dello stile Pommery: vivacit\u00e0, freschezza, finezza e modernit\u00e0 definiscono la cuvee d'autore di questa grande Maison di Champagne.\",\"breadcrumb\":{\"@id\":\"https:\/\/www.champmarket.com\/it\/champagne\/pommery-brut-royal-balthazar-caisse-bois\/#breadcrumb\"},\"inLanguage\":\"it-IT\",\"potentialAction\":[{\"@type\":\"ReadAction\",\"target\":[\"https:\/\/www.champmarket.com\/it\/champagne\/pommery-brut-royal-balthazar-caisse-bois\/\"]}]},{\"@type\":\"ImageObject\",\"inLanguage\":\"it-IT\",\"@id\":\"https:\/\/www.champmarket.com\/it\/champagne\/pommery-brut-royal-balthazar-caisse-bois\/#primaryimage\",\"url\":\"https:\/\/www.champmarket.com\/wp-content\/uploads\/2023\/03\/fiche-produit-pommery-brut-royal-balthazar-caisse-bois.webp\",\"contentUrl\":\"https:\/\/www.champmarket.com\/wp-content\/uploads\/2023\/03\/fiche-produit-pommery-brut-royal-balthazar-caisse-bois.webp\",\"width\":2000,\"height\":2000,\"caption\":\"Champagne Pommery Brut Royal Balthazar Caisse Bois - Champmarket\"},{\"@type\":\"BreadcrumbList\",\"@id\":\"https:\/\/www.champmarket.com\/it\/champagne\/pommery-brut-royal-balthazar-caisse-bois\/#breadcrumb\",\"itemListElement\":[{\"@type\":\"ListItem\",\"position\":1,\"name\":\"Home\",\"item\":\"https:\/\/www.champmarket.com\/it\/acquista-champagne-online-champmarket\/\"},{\"@type\":\"ListItem\",\"position\":2,\"name\":\"Shop\",\"item\":\"https:\/\/www.champmarket.com\/it\/shop\/\"},{\"@type\":\"ListItem\",\"position\":3,\"name\":\"Pommery\",\"item\":\"https:\/\/www.champmarket.com\/it\/maisons\/selection-champagne-pommery-it\/\"},{\"@type\":\"ListItem\",\"position\":4,\"name\":\"Pommery Brut Royal Balthazar Box di Legno\"}]},{\"@type\":\"WebSite\",\"@id\":\"https:\/\/www.champmarket.com\/#website\",\"url\":\"https:\/\/www.champmarket.com\/\",\"name\":\"Champmarket\",\"description\":\"Champmarket, Champagnes, Cadeaux et Art de Vivre\",\"publisher\":{\"@id\":\"https:\/\/www.champmarket.com\/#organization\"},\"potentialAction\":[{\"@type\":\"SearchAction\",\"target\":{\"@type\":\"EntryPoint\",\"urlTemplate\":\"https:\/\/www.champmarket.com\/?s={search_term_string}\"},\"query-input\":{\"@type\":\"PropertyValueSpecification\",\"valueRequired\":true,\"valueName\":\"search_term_string\"}}],\"inLanguage\":\"it-IT\"},{\"@type\":\"Organization\",\"@id\":\"https:\/\/www.champmarket.com\/#organization\",\"name\":\"Champmarket\",\"url\":\"https:\/\/www.champmarket.com\/\",\"logo\":{\"@type\":\"ImageObject\",\"inLanguage\":\"it-IT\",\"@id\":\"https:\/\/www.champmarket.com\/#\/schema\/logo\/image\/\",\"url\":\"https:\/\/www.champmarket.com\/wp-content\/uploads\/2024\/08\/logo2024-1.svg\",\"contentUrl\":\"https:\/\/www.champmarket.com\/wp-content\/uploads\/2024\/08\/logo2024-1.svg\",\"width\":579.8,\"height\":80,\"caption\":\"Champmarket\"},\"image\":{\"@id\":\"https:\/\/www.champmarket.com\/#\/schema\/logo\/image\/\"},\"sameAs\":[\"https:\/\/www.facebook.com\/ChampMarket\/\",\"https:\/\/x.com\/champmarket\",\"https:\/\/www.instagram.com\/champmarket.paris\/\",\"https:\/\/www.pinterest.fr\/champmarketparis\/\",\"https:\/\/www.linkedin.com\/company\/champmarket\/\"]}]}<\/script>\n<!-- \/ Yoast SEO plugin. -->","yoast_head_json":{"title":"Pommery Brut Royal Balthazar Box di Legno - Champmarket","description":"Pommery Brut Royal Balthazar Box di Legno \u00e8 il cuore dello stile Pommery: vivacit\u00e0, freschezza, finezza e modernit\u00e0 definiscono la cuvee d'autore di questa grande Maison di Champagne.","robots":{"index":"index","follow":"follow","max-snippet":"max-snippet:-1","max-image-preview":"max-image-preview:large","max-video-preview":"max-video-preview:-1"},"canonical":"https:\/\/www.champmarket.com\/it\/champagne\/pommery-brut-royal-balthazar-caisse-bois\/","og_locale":"it_IT","og_type":"article","og_title":"Pommery Brut Royal Balthazar Box di Legno - Champmarket","og_description":"Pommery Brut Royal Balthazar Box di Legno \u00e8 il cuore dello stile Pommery: vivacit\u00e0, freschezza, finezza e modernit\u00e0 definiscono la cuvee d'autore di questa grande Maison di Champagne.","og_url":"https:\/\/www.champmarket.com\/it\/champagne\/pommery-brut-royal-balthazar-caisse-bois\/","og_site_name":"Champmarket","article_publisher":"https:\/\/www.facebook.com\/ChampMarket\/","article_modified_time":"2023-03-31T13:54:59+00:00","og_image":[{"width":2000,"height":2000,"url":"https:\/\/www.champmarket.com\/wp-content\/uploads\/2023\/03\/fiche-produit-pommery-brut-royal-balthazar-caisse-bois.webp","type":"image\/jpeg"}],"twitter_card":"summary_large_image","twitter_site":"@champmarket","twitter_misc":{"Tempo di lettura stimato":"1 minuto"},"schema":{"@context":"https:\/\/schema.org","@graph":[{"@type":"WebPage","@id":"https:\/\/www.champmarket.com\/it\/champagne\/pommery-brut-royal-balthazar-caisse-bois\/","url":"https:\/\/www.champmarket.com\/it\/champagne\/pommery-brut-royal-balthazar-caisse-bois\/","name":"Pommery Brut Royal Balthazar Box di Legno - Champmarket","isPartOf":{"@id":"https:\/\/www.champmarket.com\/#website"},"primaryImageOfPage":{"@id":"https:\/\/www.champmarket.com\/it\/champagne\/pommery-brut-royal-balthazar-caisse-bois\/#primaryimage"},"image":{"@id":"https:\/\/www.champmarket.com\/it\/champagne\/pommery-brut-royal-balthazar-caisse-bois\/#primaryimage"},"thumbnailUrl":"https:\/\/www.champmarket.com\/wp-content\/uploads\/2023\/03\/fiche-produit-pommery-brut-royal-balthazar-caisse-bois.webp","datePublished":"2023-03-31T13:45:53+00:00","dateModified":"2023-03-31T13:54:59+00:00","description":"Pommery Brut Royal Balthazar Box di Legno \u00e8 il cuore dello stile Pommery: vivacit\u00e0, freschezza, finezza e modernit\u00e0 definiscono la cuvee d'autore di questa grande Maison di Champagne.","breadcrumb":{"@id":"https:\/\/www.champmarket.com\/it\/champagne\/pommery-brut-royal-balthazar-caisse-bois\/#breadcrumb"},"inLanguage":"it-IT","potentialAction":[{"@type":"ReadAction","target":["https:\/\/www.champmarket.com\/it\/champagne\/pommery-brut-royal-balthazar-caisse-bois\/"]}]},{"@type":"ImageObject","inLanguage":"it-IT","@id":"https:\/\/www.champmarket.com\/it\/champagne\/pommery-brut-royal-balthazar-caisse-bois\/#primaryimage","url":"https:\/\/www.champmarket.com\/wp-content\/uploads\/2023\/03\/fiche-produit-pommery-brut-royal-balthazar-caisse-bois.webp","contentUrl":"https:\/\/www.champmarket.com\/wp-content\/uploads\/2023\/03\/fiche-produit-pommery-brut-royal-balthazar-caisse-bois.webp","width":2000,"height":2000,"caption":"Champagne Pommery Brut Royal Balthazar Caisse Bois - Champmarket"},{"@type":"BreadcrumbList","@id":"https:\/\/www.champmarket.com\/it\/champagne\/pommery-brut-royal-balthazar-caisse-bois\/#breadcrumb","itemListElement":[{"@type":"ListItem","position":1,"name":"Home","item":"https:\/\/www.champmarket.com\/it\/acquista-champagne-online-champmarket\/"},{"@type":"ListItem","position":2,"name":"Shop","item":"https:\/\/www.champmarket.com\/it\/shop\/"},{"@type":"ListItem","position":3,"name":"Pommery","item":"https:\/\/www.champmarket.com\/it\/maisons\/selection-champagne-pommery-it\/"},{"@type":"ListItem","position":4,"name":"Pommery Brut Royal Balthazar Box di Legno"}]},{"@type":"WebSite","@id":"https:\/\/www.champmarket.com\/#website","url":"https:\/\/www.champmarket.com\/","name":"Champmarket","description":"Champmarket, Champagnes, Cadeaux et Art de Vivre","publisher":{"@id":"https:\/\/www.champmarket.com\/#organization"},"potentialAction":[{"@type":"SearchAction","target":{"@type":"EntryPoint","urlTemplate":"https:\/\/www.champmarket.com\/?s={search_term_string}"},"query-input":{"@type":"PropertyValueSpecification","valueRequired":true,"valueName":"search_term_string"}}],"inLanguage":"it-IT"},{"@type":"Organization","@id":"https:\/\/www.champmarket.com\/#organization","name":"Champmarket","url":"https:\/\/www.champmarket.com\/","logo":{"@type":"ImageObject","inLanguage":"it-IT","@id":"https:\/\/www.champmarket.com\/#\/schema\/logo\/image\/","url":"https:\/\/www.champmarket.com\/wp-content\/uploads\/2024\/08\/logo2024-1.svg","contentUrl":"https:\/\/www.champmarket.com\/wp-content\/uploads\/2024\/08\/logo2024-1.svg","width":579.8,"height":80,"caption":"Champmarket"},"image":{"@id":"https:\/\/www.champmarket.com\/#\/schema\/logo\/image\/"},"sameAs":["https:\/\/www.facebook.com\/ChampMarket\/","https:\/\/x.com\/champmarket","https:\/\/www.instagram.com\/champmarket.paris\/","https:\/\/www.pinterest.fr\/champmarketparis\/","https:\/\/www.linkedin.com\/company\/champmarket\/"]}]}},"_links":{"self":[{"href":"https:\/\/www.champmarket.com\/it\/wp-json\/wp\/v2\/product\/50966","targetHints":{"allow":["GET"]}}],"collection":[{"href":"https:\/\/www.champmarket.com\/it\/wp-json\/wp\/v2\/product"}],"about":[{"href":"https:\/\/www.champmarket.com\/it\/wp-json\/wp\/v2\/types\/product"}],"version-history":[{"count":0,"href":"https:\/\/www.champmarket.com\/it\/wp-json\/wp\/v2\/product\/50966\/revisions"}],"wp:featuredmedia":[{"embeddable":true,"href":"https:\/\/www.champmarket.com\/it\/wp-json\/wp\/v2\/media\/50680"}],"wp:attachment":[{"href":"https:\/\/www.champmarket.com\/it\/wp-json\/wp\/v2\/media?parent=50966"}],"wp:term":[{"taxonomy":"product_brand","embeddable":true,"href":"https:\/\/www.champmarket.com\/it\/wp-json\/wp\/v2\/product_brand?post=50966"},{"taxonomy":"product_cat","embeddable":true,"href":"https:\/\/www.champmarket.com\/it\/wp-json\/wp\/v2\/product_cat?post=50966"},{"taxonomy":"product_tag","embeddable":true,"href":"https:\/\/www.champmarket.com\/it\/wp-json\/wp\/v2\/product_tag?post=50966"}],"curies":[{"name":"wp","href":"https:\/\/api.w.org\/{rel}","templated":true}]}}