{"id":50974,"date":"2023-03-29T17:16:36","date_gmt":"2023-03-31T14:13:18","guid":{"rendered":"https:\/\/www.champmarket.com\/champagne\/pommery-brut-royal-magnum\/"},"modified":"2023-03-31T16:13:18","modified_gmt":"2023-03-31T14:13:18","slug":"pommery-brut-royal-magnum","status":"publish","type":"product","link":"https:\/\/www.champmarket.com\/it\/champagne\/pommery-brut-royal-magnum\/","title":{"rendered":"Pommery Brut Royal Magnum"},"content":{"rendered":"<p>Il Pommery Brut Royal magnum \u00e8 assemblato con uve provenienti da 40 villaggi selezionati della C\u00f4te des Blancs, della Montagne de Reims e di altre regioni della Champagne dove il clima contribuisce alla vivacit\u00e0 e alla delicatezza delle uve.<br \/>\nIl cuore dello stile Pommery: vivacit\u00e0 (aromi di frutta bianca associati a piccoli frutti rossi), freschezza (note di agrumi e fiori bianchi), finezza (una bocca molto pulita che non stanca mai il palato).<\/p>\n<p>Il formato Magnum \u00e8 una bottiglia grande con una capacit\u00e0 di 1,5 litri, che rappresenta 2 bottiglie di champagne o 12 bicchieri. Questo grande formato \u00e8 ideale per ricevimenti, cene e occasioni speciali.<\/p>\n","protected":false},"excerpt":{"rendered":"<p>Lo champagne Pommery Brut Royal magnum \u00e8 il cuore dello stile Pommery: vivacit\u00e0, freschezza, finezza e modernit\u00e0 definiscono la cuv\u00e9e simbolo di questa grande Maison di Champagne. \u00c8 riconoscibile per il suo colore blu, che \u00e8 diventato il simbolo del marchio.<\/p>\n","protected":false},"featured_media":49719,"template":"","meta":{"_acf_changed":false},"product_brand":[],"product_cat":[3448,3469,3307,2749,2226,2227,2775,2372,2223,2222],"product_tag":[2230,2228,2231],"class_list":{"0":"post-50974","1":"product","2":"type-product","3":"status-publish","4":"has-post-thumbnail","6":"maisons-selection-champagne-pommery-it","7":"product_cat-per-i-tuoi-eventi-aziendali-cocktail-party-e-funzioni-private","8":"product_cat-selezione-grands-flacons","9":"product_cat-tutti-gli-champagne-e-i-set-regalo-esclusivi","10":"product_cat-pommery-it","11":"product_cat-bottiglie-grande-it","12":"product_cat-magnum-it","13":"product_cat-tutti-gli-champagne","14":"product_cat-champagne-brut-it","15":"product_cat-aperitif-it","16":"product_cat-evenement-cocktail-it","17":"product_tag-grande-fiaschetta","18":"product_tag-aperitif-it","19":"product_tag-cocktail-event-it","21":"first","22":"instock","23":"taxable","24":"shipping-taxable","25":"purchasable","26":"product-type-simple"},"acf":[],"yoast_head":"<!-- This site is optimized with the Yoast SEO plugin v26.4 - https:\/\/yoast.com\/wordpress\/plugins\/seo\/ -->\n<title>Pommery Brut Royal Magnum - Champmarket<\/title>\n<meta name=\"description\" content=\"Lo champagne Pommery Brut Royal magnum \u00e8 il cuore dello stile Pommery: vivacit\u00e0, freschezza, finezza e modernit\u00e0 definiscono la cuv\u00e9e simbolo di questa grande Maison di Champagne. \u00c8 riconoscibile per il suo colore blu, che \u00e8 diventato il simbolo del marchio.\" \/>\n<meta name=\"robots\" content=\"index, follow, max-snippet:-1, max-image-preview:large, max-video-preview:-1\" \/>\n<link rel=\"canonical\" href=\"https:\/\/www.champmarket.com\/it\/champagne\/pommery-brut-royal-magnum\/\" \/>\n<meta property=\"og:locale\" content=\"it_IT\" \/>\n<meta property=\"og:type\" content=\"article\" \/>\n<meta property=\"og:title\" content=\"Pommery Brut Royal Magnum - Champmarket\" \/>\n<meta property=\"og:description\" content=\"Lo champagne Pommery Brut Royal magnum \u00e8 il cuore dello stile Pommery: vivacit\u00e0, freschezza, finezza e modernit\u00e0 definiscono la cuv\u00e9e simbolo di questa grande Maison di Champagne. \u00c8 riconoscibile per il suo colore blu, che \u00e8 diventato il simbolo del marchio.\" \/>\n<meta property=\"og:url\" content=\"https:\/\/www.champmarket.com\/it\/champagne\/pommery-brut-royal-magnum\/\" \/>\n<meta property=\"og:site_name\" content=\"Champmarket\" \/>\n<meta property=\"article:publisher\" content=\"https:\/\/www.facebook.com\/ChampMarket\/\" \/>\n<meta property=\"og:image\" content=\"https:\/\/www.champmarket.com\/wp-content\/uploads\/2021\/02\/fiche-produit-pommery-brut-royal-magnum.webp\" \/>\n\t<meta property=\"og:image:width\" content=\"2000\" \/>\n\t<meta property=\"og:image:height\" content=\"2000\" \/>\n\t<meta property=\"og:image:type\" content=\"image\/jpeg\" \/>\n<meta name=\"twitter:card\" content=\"summary_large_image\" \/>\n<meta name=\"twitter:site\" content=\"@champmarket\" \/>\n<script type=\"application\/ld+json\" class=\"yoast-schema-graph\">{\"@context\":\"https:\/\/schema.org\",\"@graph\":[{\"@type\":\"WebPage\",\"@id\":\"https:\/\/www.champmarket.com\/it\/champagne\/pommery-brut-royal-magnum\/\",\"url\":\"https:\/\/www.champmarket.com\/it\/champagne\/pommery-brut-royal-magnum\/\",\"name\":\"Pommery Brut Royal Magnum - Champmarket\",\"isPartOf\":{\"@id\":\"https:\/\/www.champmarket.com\/#website\"},\"primaryImageOfPage\":{\"@id\":\"https:\/\/www.champmarket.com\/it\/champagne\/pommery-brut-royal-magnum\/#primaryimage\"},\"image\":{\"@id\":\"https:\/\/www.champmarket.com\/it\/champagne\/pommery-brut-royal-magnum\/#primaryimage\"},\"thumbnailUrl\":\"https:\/\/www.champmarket.com\/wp-content\/uploads\/2021\/02\/fiche-produit-pommery-brut-royal-magnum.webp\",\"datePublished\":\"2023-03-31T14:13:18+00:00\",\"description\":\"Lo champagne Pommery Brut Royal magnum \u00e8 il cuore dello stile Pommery: vivacit\u00e0, freschezza, finezza e modernit\u00e0 definiscono la cuv\u00e9e simbolo di questa grande Maison di Champagne. \u00c8 riconoscibile per il suo colore blu, che \u00e8 diventato il simbolo del marchio.\",\"breadcrumb\":{\"@id\":\"https:\/\/www.champmarket.com\/it\/champagne\/pommery-brut-royal-magnum\/#breadcrumb\"},\"inLanguage\":\"it-IT\",\"potentialAction\":[{\"@type\":\"ReadAction\",\"target\":[\"https:\/\/www.champmarket.com\/it\/champagne\/pommery-brut-royal-magnum\/\"]}]},{\"@type\":\"ImageObject\",\"inLanguage\":\"it-IT\",\"@id\":\"https:\/\/www.champmarket.com\/it\/champagne\/pommery-brut-royal-magnum\/#primaryimage\",\"url\":\"https:\/\/www.champmarket.com\/wp-content\/uploads\/2021\/02\/fiche-produit-pommery-brut-royal-magnum.webp\",\"contentUrl\":\"https:\/\/www.champmarket.com\/wp-content\/uploads\/2021\/02\/fiche-produit-pommery-brut-royal-magnum.webp\",\"width\":2000,\"height\":2000,\"caption\":\"Champagne Pommery Brut Royal magnum - Champmarket\"},{\"@type\":\"BreadcrumbList\",\"@id\":\"https:\/\/www.champmarket.com\/it\/champagne\/pommery-brut-royal-magnum\/#breadcrumb\",\"itemListElement\":[{\"@type\":\"ListItem\",\"position\":1,\"name\":\"Home\",\"item\":\"https:\/\/www.champmarket.com\/it\/acquista-champagne-online-champmarket\/\"},{\"@type\":\"ListItem\",\"position\":2,\"name\":\"Shop\",\"item\":\"https:\/\/www.champmarket.com\/it\/shop\/\"},{\"@type\":\"ListItem\",\"position\":3,\"name\":\"Pommery\",\"item\":\"https:\/\/www.champmarket.com\/it\/maisons\/selection-champagne-pommery-it\/\"},{\"@type\":\"ListItem\",\"position\":4,\"name\":\"Pommery Brut Royal Magnum\"}]},{\"@type\":\"WebSite\",\"@id\":\"https:\/\/www.champmarket.com\/#website\",\"url\":\"https:\/\/www.champmarket.com\/\",\"name\":\"Champmarket\",\"description\":\"Champmarket, Champagnes, Cadeaux et Art de Vivre\",\"publisher\":{\"@id\":\"https:\/\/www.champmarket.com\/#organization\"},\"potentialAction\":[{\"@type\":\"SearchAction\",\"target\":{\"@type\":\"EntryPoint\",\"urlTemplate\":\"https:\/\/www.champmarket.com\/?s={search_term_string}\"},\"query-input\":{\"@type\":\"PropertyValueSpecification\",\"valueRequired\":true,\"valueName\":\"search_term_string\"}}],\"inLanguage\":\"it-IT\"},{\"@type\":\"Organization\",\"@id\":\"https:\/\/www.champmarket.com\/#organization\",\"name\":\"Champmarket\",\"url\":\"https:\/\/www.champmarket.com\/\",\"logo\":{\"@type\":\"ImageObject\",\"inLanguage\":\"it-IT\",\"@id\":\"https:\/\/www.champmarket.com\/#\/schema\/logo\/image\/\",\"url\":\"https:\/\/www.champmarket.com\/wp-content\/uploads\/2024\/08\/logo2024-1.svg\",\"contentUrl\":\"https:\/\/www.champmarket.com\/wp-content\/uploads\/2024\/08\/logo2024-1.svg\",\"width\":579.8,\"height\":80,\"caption\":\"Champmarket\"},\"image\":{\"@id\":\"https:\/\/www.champmarket.com\/#\/schema\/logo\/image\/\"},\"sameAs\":[\"https:\/\/www.facebook.com\/ChampMarket\/\",\"https:\/\/x.com\/champmarket\",\"https:\/\/www.instagram.com\/champmarket.paris\/\",\"https:\/\/www.pinterest.fr\/champmarketparis\/\",\"https:\/\/www.linkedin.com\/company\/champmarket\/\"]}]}<\/script>\n<!-- \/ Yoast SEO plugin. -->","yoast_head_json":{"title":"Pommery Brut Royal Magnum - Champmarket","description":"Lo champagne Pommery Brut Royal magnum \u00e8 il cuore dello stile Pommery: vivacit\u00e0, freschezza, finezza e modernit\u00e0 definiscono la cuv\u00e9e simbolo di questa grande Maison di Champagne. \u00c8 riconoscibile per il suo colore blu, che \u00e8 diventato il simbolo del marchio.","robots":{"index":"index","follow":"follow","max-snippet":"max-snippet:-1","max-image-preview":"max-image-preview:large","max-video-preview":"max-video-preview:-1"},"canonical":"https:\/\/www.champmarket.com\/it\/champagne\/pommery-brut-royal-magnum\/","og_locale":"it_IT","og_type":"article","og_title":"Pommery Brut Royal Magnum - Champmarket","og_description":"Lo champagne Pommery Brut Royal magnum \u00e8 il cuore dello stile Pommery: vivacit\u00e0, freschezza, finezza e modernit\u00e0 definiscono la cuv\u00e9e simbolo di questa grande Maison di Champagne. \u00c8 riconoscibile per il suo colore blu, che \u00e8 diventato il simbolo del marchio.","og_url":"https:\/\/www.champmarket.com\/it\/champagne\/pommery-brut-royal-magnum\/","og_site_name":"Champmarket","article_publisher":"https:\/\/www.facebook.com\/ChampMarket\/","og_image":[{"width":2000,"height":2000,"url":"https:\/\/www.champmarket.com\/wp-content\/uploads\/2021\/02\/fiche-produit-pommery-brut-royal-magnum.webp","type":"image\/jpeg"}],"twitter_card":"summary_large_image","twitter_site":"@champmarket","schema":{"@context":"https:\/\/schema.org","@graph":[{"@type":"WebPage","@id":"https:\/\/www.champmarket.com\/it\/champagne\/pommery-brut-royal-magnum\/","url":"https:\/\/www.champmarket.com\/it\/champagne\/pommery-brut-royal-magnum\/","name":"Pommery Brut Royal Magnum - Champmarket","isPartOf":{"@id":"https:\/\/www.champmarket.com\/#website"},"primaryImageOfPage":{"@id":"https:\/\/www.champmarket.com\/it\/champagne\/pommery-brut-royal-magnum\/#primaryimage"},"image":{"@id":"https:\/\/www.champmarket.com\/it\/champagne\/pommery-brut-royal-magnum\/#primaryimage"},"thumbnailUrl":"https:\/\/www.champmarket.com\/wp-content\/uploads\/2021\/02\/fiche-produit-pommery-brut-royal-magnum.webp","datePublished":"2023-03-31T14:13:18+00:00","description":"Lo champagne Pommery Brut Royal magnum \u00e8 il cuore dello stile Pommery: vivacit\u00e0, freschezza, finezza e modernit\u00e0 definiscono la cuv\u00e9e simbolo di questa grande Maison di Champagne. \u00c8 riconoscibile per il suo colore blu, che \u00e8 diventato il simbolo del marchio.","breadcrumb":{"@id":"https:\/\/www.champmarket.com\/it\/champagne\/pommery-brut-royal-magnum\/#breadcrumb"},"inLanguage":"it-IT","potentialAction":[{"@type":"ReadAction","target":["https:\/\/www.champmarket.com\/it\/champagne\/pommery-brut-royal-magnum\/"]}]},{"@type":"ImageObject","inLanguage":"it-IT","@id":"https:\/\/www.champmarket.com\/it\/champagne\/pommery-brut-royal-magnum\/#primaryimage","url":"https:\/\/www.champmarket.com\/wp-content\/uploads\/2021\/02\/fiche-produit-pommery-brut-royal-magnum.webp","contentUrl":"https:\/\/www.champmarket.com\/wp-content\/uploads\/2021\/02\/fiche-produit-pommery-brut-royal-magnum.webp","width":2000,"height":2000,"caption":"Champagne Pommery Brut Royal magnum - Champmarket"},{"@type":"BreadcrumbList","@id":"https:\/\/www.champmarket.com\/it\/champagne\/pommery-brut-royal-magnum\/#breadcrumb","itemListElement":[{"@type":"ListItem","position":1,"name":"Home","item":"https:\/\/www.champmarket.com\/it\/acquista-champagne-online-champmarket\/"},{"@type":"ListItem","position":2,"name":"Shop","item":"https:\/\/www.champmarket.com\/it\/shop\/"},{"@type":"ListItem","position":3,"name":"Pommery","item":"https:\/\/www.champmarket.com\/it\/maisons\/selection-champagne-pommery-it\/"},{"@type":"ListItem","position":4,"name":"Pommery Brut Royal Magnum"}]},{"@type":"WebSite","@id":"https:\/\/www.champmarket.com\/#website","url":"https:\/\/www.champmarket.com\/","name":"Champmarket","description":"Champmarket, Champagnes, Cadeaux et Art de Vivre","publisher":{"@id":"https:\/\/www.champmarket.com\/#organization"},"potentialAction":[{"@type":"SearchAction","target":{"@type":"EntryPoint","urlTemplate":"https:\/\/www.champmarket.com\/?s={search_term_string}"},"query-input":{"@type":"PropertyValueSpecification","valueRequired":true,"valueName":"search_term_string"}}],"inLanguage":"it-IT"},{"@type":"Organization","@id":"https:\/\/www.champmarket.com\/#organization","name":"Champmarket","url":"https:\/\/www.champmarket.com\/","logo":{"@type":"ImageObject","inLanguage":"it-IT","@id":"https:\/\/www.champmarket.com\/#\/schema\/logo\/image\/","url":"https:\/\/www.champmarket.com\/wp-content\/uploads\/2024\/08\/logo2024-1.svg","contentUrl":"https:\/\/www.champmarket.com\/wp-content\/uploads\/2024\/08\/logo2024-1.svg","width":579.8,"height":80,"caption":"Champmarket"},"image":{"@id":"https:\/\/www.champmarket.com\/#\/schema\/logo\/image\/"},"sameAs":["https:\/\/www.facebook.com\/ChampMarket\/","https:\/\/x.com\/champmarket","https:\/\/www.instagram.com\/champmarket.paris\/","https:\/\/www.pinterest.fr\/champmarketparis\/","https:\/\/www.linkedin.com\/company\/champmarket\/"]}]}},"_links":{"self":[{"href":"https:\/\/www.champmarket.com\/it\/wp-json\/wp\/v2\/product\/50974","targetHints":{"allow":["GET"]}}],"collection":[{"href":"https:\/\/www.champmarket.com\/it\/wp-json\/wp\/v2\/product"}],"about":[{"href":"https:\/\/www.champmarket.com\/it\/wp-json\/wp\/v2\/types\/product"}],"version-history":[{"count":0,"href":"https:\/\/www.champmarket.com\/it\/wp-json\/wp\/v2\/product\/50974\/revisions"}],"wp:featuredmedia":[{"embeddable":true,"href":"https:\/\/www.champmarket.com\/it\/wp-json\/wp\/v2\/media\/49719"}],"wp:attachment":[{"href":"https:\/\/www.champmarket.com\/it\/wp-json\/wp\/v2\/media?parent=50974"}],"wp:term":[{"taxonomy":"product_brand","embeddable":true,"href":"https:\/\/www.champmarket.com\/it\/wp-json\/wp\/v2\/product_brand?post=50974"},{"taxonomy":"product_cat","embeddable":true,"href":"https:\/\/www.champmarket.com\/it\/wp-json\/wp\/v2\/product_cat?post=50974"},{"taxonomy":"product_tag","embeddable":true,"href":"https:\/\/www.champmarket.com\/it\/wp-json\/wp\/v2\/product_tag?post=50974"}],"curies":[{"name":"wp","href":"https:\/\/api.w.org\/{rel}","templated":true}]}}