{"id":52600,"date":"2023-05-05T10:25:20","date_gmt":"2023-05-05T08:25:20","guid":{"rendered":"https:\/\/www.champmarket.com\/?post_type=product&#038;p=52600"},"modified":"2023-05-17T09:48:15","modified_gmt":"2023-05-17T07:48:15","slug":"barons-de-rothschild-brut-nature-bottiglia-box","status":"publish","type":"product","link":"https:\/\/www.champmarket.com\/it\/champagne\/barons-de-rothschild-brut-nature-bottiglia-box\/","title":{"rendered":"Barons de Rothschild Brut Nature Bottiglia con box"},"content":{"rendered":"<p>&#8221; <em>La cuv\u00e9e Brut Nature \u00e8 la definizione stessa di purezza al suo meglio. Autentico, sublima l&#8217;attenzione necessaria per esprimere appieno il terroir. Questa nuova cuv\u00e9e a dosaggio zero riflette la visione di Barons de Rothschild, fedele ai suoi valori di eccezione, finezza e armonia.<\/em> &#8220;Fr\u00e9d\u00e9ric Mairesse, direttore generale di Champagnes Barons de Rothschild.<\/p>\n<p>&#8221; <em>Questo Brut Nature rappresenta l&#8217;estrema purezza che cerchiamo nei nostri vini. Abbiamo lavorato sulla scelta dei terroir, sulla maturit\u00e0 delle uve e sulla maturazione del vino per trovare una struttura in bocca che possa stare in piedi da sola.<\/em> &#8220;Guillaume LETE, direttore di cantina degli Champagnes Barons de Rothschild.<\/p>\n<p>Senza artifici, questa cuv\u00e9e \u00e8 l&#8217;autentica espressione del terroir della Maison. Il suo rivestimento Craft, di colore naturale, riflette il pi\u00f9 rigoroso rispetto per la terra da cui proviene.<\/p>\n<p>Presentato nell&#8217;elegante cofanetto, questo champagne \u00e8 ideale per tutte le occasioni speciali e i regali.<\/p>\n","protected":false},"excerpt":{"rendered":"<p>Il Barons de Rothschild Brut Nature con box \u00e8 un grande vino di Champagne, sublimato dall&#8217;assenza di dosaggio. Disadorno, senza trucchi, il Brut Nature si distingue per la sua armonia e il suo stile moderno, che unisce finezza ed eleganza. \u00c8 uno champagne delicato e minerale, caratterizzato da una grande tensione salina che conferisce molta profondit\u00e0 in bocca.<\/p>\n","protected":false},"featured_media":52574,"template":"","meta":{"_acf_changed":false},"product_brand":[],"product_cat":[3374,3373,3307,2391,2238,2368,2775,2374,2223],"product_tag":[2244,2245,2257,2255],"class_list":{"0":"post-52600","1":"product","2":"type-product","3":"status-publish","4":"has-post-thumbnail","6":"maisons-selection-champagne-barons-de-rothschild-it","7":"product_cat-champagne-brut-nature-zero-dosaggio","8":"product_cat-champagne-e-ostriche","9":"product_cat-tutti-gli-champagne-e-i-set-regalo-esclusivi","10":"product_cat-categorie-barons-de-rothschild-it","11":"product_cat-bouteilles-it","12":"product_cat-regali-professionali-it","13":"product_cat-tutti-gli-champagne","14":"product_cat-champagne-extra-brut-non-dose-zero-dosage","15":"product_cat-aperitif-it","16":"product_tag-sushis-it","17":"product_tag-fruits-de-mer-it","18":"product_tag-zero-dosage-it","19":"product_tag-pour-offrir-it","21":"first","22":"instock","23":"taxable","24":"shipping-taxable","25":"purchasable","26":"product-type-simple"},"acf":[],"yoast_head":"<!-- This site is optimized with the Yoast SEO plugin v26.4 - https:\/\/yoast.com\/wordpress\/plugins\/seo\/ -->\n<title>Champagne Barons de Rothschild Brut Nature Bottiglia con box - Champmarket<\/title>\n<meta name=\"description\" content=\"Il Barons de Rothschild Brut Nature con box \u00e8 un grande vino di Champagne, sublimato dall&#039;assenza di dosaggio. Disadorno, senza artifici, si distingue per la sua armonia e il suo stile moderno, che unisce finezza ed eleganza.\" \/>\n<meta name=\"robots\" content=\"index, follow, max-snippet:-1, max-image-preview:large, max-video-preview:-1\" \/>\n<link rel=\"canonical\" href=\"https:\/\/www.champmarket.com\/it\/champagne\/barons-de-rothschild-brut-nature-bottiglia-box\/\" \/>\n<meta property=\"og:locale\" content=\"it_IT\" \/>\n<meta property=\"og:type\" content=\"article\" \/>\n<meta property=\"og:title\" content=\"Champagne Barons de Rothschild Brut Nature Bottiglia con box - Champmarket\" \/>\n<meta property=\"og:description\" content=\"Il Barons de Rothschild Brut Nature con box \u00e8 un grande vino di Champagne, sublimato dall&#039;assenza di dosaggio. Disadorno, senza artifici, si distingue per la sua armonia e il suo stile moderno, che unisce finezza ed eleganza.\" \/>\n<meta property=\"og:url\" content=\"https:\/\/www.champmarket.com\/it\/champagne\/barons-de-rothschild-brut-nature-bottiglia-box\/\" \/>\n<meta property=\"og:site_name\" content=\"Champmarket\" \/>\n<meta property=\"article:publisher\" content=\"https:\/\/www.facebook.com\/ChampMarket\/\" \/>\n<meta property=\"article:modified_time\" content=\"2023-05-17T07:48:15+00:00\" \/>\n<meta property=\"og:image\" content=\"https:\/\/www.champmarket.com\/wp-content\/uploads\/2023\/05\/barons-de-rothschild-brut-nature-bouteille-etui.jpg\" \/>\n\t<meta property=\"og:image:width\" content=\"2000\" \/>\n\t<meta property=\"og:image:height\" content=\"2000\" \/>\n\t<meta property=\"og:image:type\" content=\"image\/jpeg\" \/>\n<meta name=\"twitter:card\" content=\"summary_large_image\" \/>\n<meta name=\"twitter:site\" content=\"@champmarket\" \/>\n<meta name=\"twitter:label1\" content=\"Tempo di lettura stimato\" \/>\n\t<meta name=\"twitter:data1\" content=\"1 minuto\" \/>\n<script type=\"application\/ld+json\" class=\"yoast-schema-graph\">{\"@context\":\"https:\/\/schema.org\",\"@graph\":[{\"@type\":\"WebPage\",\"@id\":\"https:\/\/www.champmarket.com\/it\/champagne\/barons-de-rothschild-brut-nature-bottiglia-box\/\",\"url\":\"https:\/\/www.champmarket.com\/it\/champagne\/barons-de-rothschild-brut-nature-bottiglia-box\/\",\"name\":\"Champagne Barons de Rothschild Brut Nature Bottiglia con box - Champmarket\",\"isPartOf\":{\"@id\":\"https:\/\/www.champmarket.com\/#website\"},\"primaryImageOfPage\":{\"@id\":\"https:\/\/www.champmarket.com\/it\/champagne\/barons-de-rothschild-brut-nature-bottiglia-box\/#primaryimage\"},\"image\":{\"@id\":\"https:\/\/www.champmarket.com\/it\/champagne\/barons-de-rothschild-brut-nature-bottiglia-box\/#primaryimage\"},\"thumbnailUrl\":\"https:\/\/www.champmarket.com\/wp-content\/uploads\/2023\/05\/barons-de-rothschild-brut-nature-bouteille-etui.jpg\",\"datePublished\":\"2023-05-05T08:25:20+00:00\",\"dateModified\":\"2023-05-17T07:48:15+00:00\",\"description\":\"Il Barons de Rothschild Brut Nature con box \u00e8 un grande vino di Champagne, sublimato dall'assenza di dosaggio. Disadorno, senza artifici, si distingue per la sua armonia e il suo stile moderno, che unisce finezza ed eleganza.\",\"breadcrumb\":{\"@id\":\"https:\/\/www.champmarket.com\/it\/champagne\/barons-de-rothschild-brut-nature-bottiglia-box\/#breadcrumb\"},\"inLanguage\":\"it-IT\",\"potentialAction\":[{\"@type\":\"ReadAction\",\"target\":[\"https:\/\/www.champmarket.com\/it\/champagne\/barons-de-rothschild-brut-nature-bottiglia-box\/\"]}]},{\"@type\":\"ImageObject\",\"inLanguage\":\"it-IT\",\"@id\":\"https:\/\/www.champmarket.com\/it\/champagne\/barons-de-rothschild-brut-nature-bottiglia-box\/#primaryimage\",\"url\":\"https:\/\/www.champmarket.com\/wp-content\/uploads\/2023\/05\/barons-de-rothschild-brut-nature-bouteille-etui.jpg\",\"contentUrl\":\"https:\/\/www.champmarket.com\/wp-content\/uploads\/2023\/05\/barons-de-rothschild-brut-nature-bouteille-etui.jpg\",\"width\":2000,\"height\":2000,\"caption\":\"Barons de Rothschild Brut Nature Bouteille avec \u00e9tui - Champmarket\"},{\"@type\":\"BreadcrumbList\",\"@id\":\"https:\/\/www.champmarket.com\/it\/champagne\/barons-de-rothschild-brut-nature-bottiglia-box\/#breadcrumb\",\"itemListElement\":[{\"@type\":\"ListItem\",\"position\":1,\"name\":\"Home\",\"item\":\"https:\/\/www.champmarket.com\/it\/acquista-champagne-online-champmarket\/\"},{\"@type\":\"ListItem\",\"position\":2,\"name\":\"Shop\",\"item\":\"https:\/\/www.champmarket.com\/it\/shop\/\"},{\"@type\":\"ListItem\",\"position\":3,\"name\":\"Barons de Rothschild\",\"item\":\"https:\/\/www.champmarket.com\/it\/maisons\/selection-champagne-barons-de-rothschild-it\/\"},{\"@type\":\"ListItem\",\"position\":4,\"name\":\"Barons de Rothschild Brut Nature Bottiglia con box\"}]},{\"@type\":\"WebSite\",\"@id\":\"https:\/\/www.champmarket.com\/#website\",\"url\":\"https:\/\/www.champmarket.com\/\",\"name\":\"Champmarket\",\"description\":\"Champmarket, Champagnes, Cadeaux et Art de Vivre\",\"publisher\":{\"@id\":\"https:\/\/www.champmarket.com\/#organization\"},\"potentialAction\":[{\"@type\":\"SearchAction\",\"target\":{\"@type\":\"EntryPoint\",\"urlTemplate\":\"https:\/\/www.champmarket.com\/?s={search_term_string}\"},\"query-input\":{\"@type\":\"PropertyValueSpecification\",\"valueRequired\":true,\"valueName\":\"search_term_string\"}}],\"inLanguage\":\"it-IT\"},{\"@type\":\"Organization\",\"@id\":\"https:\/\/www.champmarket.com\/#organization\",\"name\":\"Champmarket\",\"url\":\"https:\/\/www.champmarket.com\/\",\"logo\":{\"@type\":\"ImageObject\",\"inLanguage\":\"it-IT\",\"@id\":\"https:\/\/www.champmarket.com\/#\/schema\/logo\/image\/\",\"url\":\"https:\/\/www.champmarket.com\/wp-content\/uploads\/2024\/08\/logo2024-1.svg\",\"contentUrl\":\"https:\/\/www.champmarket.com\/wp-content\/uploads\/2024\/08\/logo2024-1.svg\",\"width\":579.8,\"height\":80,\"caption\":\"Champmarket\"},\"image\":{\"@id\":\"https:\/\/www.champmarket.com\/#\/schema\/logo\/image\/\"},\"sameAs\":[\"https:\/\/www.facebook.com\/ChampMarket\/\",\"https:\/\/x.com\/champmarket\",\"https:\/\/www.instagram.com\/champmarket.paris\/\",\"https:\/\/www.pinterest.fr\/champmarketparis\/\",\"https:\/\/www.linkedin.com\/company\/champmarket\/\"]}]}<\/script>\n<!-- \/ Yoast SEO plugin. -->","yoast_head_json":{"title":"Champagne Barons de Rothschild Brut Nature Bottiglia con box - Champmarket","description":"Il Barons de Rothschild Brut Nature con box \u00e8 un grande vino di Champagne, sublimato dall'assenza di dosaggio. Disadorno, senza artifici, si distingue per la sua armonia e il suo stile moderno, che unisce finezza ed eleganza.","robots":{"index":"index","follow":"follow","max-snippet":"max-snippet:-1","max-image-preview":"max-image-preview:large","max-video-preview":"max-video-preview:-1"},"canonical":"https:\/\/www.champmarket.com\/it\/champagne\/barons-de-rothschild-brut-nature-bottiglia-box\/","og_locale":"it_IT","og_type":"article","og_title":"Champagne Barons de Rothschild Brut Nature Bottiglia con box - Champmarket","og_description":"Il Barons de Rothschild Brut Nature con box \u00e8 un grande vino di Champagne, sublimato dall'assenza di dosaggio. Disadorno, senza artifici, si distingue per la sua armonia e il suo stile moderno, che unisce finezza ed eleganza.","og_url":"https:\/\/www.champmarket.com\/it\/champagne\/barons-de-rothschild-brut-nature-bottiglia-box\/","og_site_name":"Champmarket","article_publisher":"https:\/\/www.facebook.com\/ChampMarket\/","article_modified_time":"2023-05-17T07:48:15+00:00","og_image":[{"width":2000,"height":2000,"url":"https:\/\/www.champmarket.com\/wp-content\/uploads\/2023\/05\/barons-de-rothschild-brut-nature-bouteille-etui.jpg","type":"image\/jpeg"}],"twitter_card":"summary_large_image","twitter_site":"@champmarket","twitter_misc":{"Tempo di lettura stimato":"1 minuto"},"schema":{"@context":"https:\/\/schema.org","@graph":[{"@type":"WebPage","@id":"https:\/\/www.champmarket.com\/it\/champagne\/barons-de-rothschild-brut-nature-bottiglia-box\/","url":"https:\/\/www.champmarket.com\/it\/champagne\/barons-de-rothschild-brut-nature-bottiglia-box\/","name":"Champagne Barons de Rothschild Brut Nature Bottiglia con box - Champmarket","isPartOf":{"@id":"https:\/\/www.champmarket.com\/#website"},"primaryImageOfPage":{"@id":"https:\/\/www.champmarket.com\/it\/champagne\/barons-de-rothschild-brut-nature-bottiglia-box\/#primaryimage"},"image":{"@id":"https:\/\/www.champmarket.com\/it\/champagne\/barons-de-rothschild-brut-nature-bottiglia-box\/#primaryimage"},"thumbnailUrl":"https:\/\/www.champmarket.com\/wp-content\/uploads\/2023\/05\/barons-de-rothschild-brut-nature-bouteille-etui.jpg","datePublished":"2023-05-05T08:25:20+00:00","dateModified":"2023-05-17T07:48:15+00:00","description":"Il Barons de Rothschild Brut Nature con box \u00e8 un grande vino di Champagne, sublimato dall'assenza di dosaggio. Disadorno, senza artifici, si distingue per la sua armonia e il suo stile moderno, che unisce finezza ed eleganza.","breadcrumb":{"@id":"https:\/\/www.champmarket.com\/it\/champagne\/barons-de-rothschild-brut-nature-bottiglia-box\/#breadcrumb"},"inLanguage":"it-IT","potentialAction":[{"@type":"ReadAction","target":["https:\/\/www.champmarket.com\/it\/champagne\/barons-de-rothschild-brut-nature-bottiglia-box\/"]}]},{"@type":"ImageObject","inLanguage":"it-IT","@id":"https:\/\/www.champmarket.com\/it\/champagne\/barons-de-rothschild-brut-nature-bottiglia-box\/#primaryimage","url":"https:\/\/www.champmarket.com\/wp-content\/uploads\/2023\/05\/barons-de-rothschild-brut-nature-bouteille-etui.jpg","contentUrl":"https:\/\/www.champmarket.com\/wp-content\/uploads\/2023\/05\/barons-de-rothschild-brut-nature-bouteille-etui.jpg","width":2000,"height":2000,"caption":"Barons de Rothschild Brut Nature Bouteille avec \u00e9tui - Champmarket"},{"@type":"BreadcrumbList","@id":"https:\/\/www.champmarket.com\/it\/champagne\/barons-de-rothschild-brut-nature-bottiglia-box\/#breadcrumb","itemListElement":[{"@type":"ListItem","position":1,"name":"Home","item":"https:\/\/www.champmarket.com\/it\/acquista-champagne-online-champmarket\/"},{"@type":"ListItem","position":2,"name":"Shop","item":"https:\/\/www.champmarket.com\/it\/shop\/"},{"@type":"ListItem","position":3,"name":"Barons de Rothschild","item":"https:\/\/www.champmarket.com\/it\/maisons\/selection-champagne-barons-de-rothschild-it\/"},{"@type":"ListItem","position":4,"name":"Barons de Rothschild Brut Nature Bottiglia con box"}]},{"@type":"WebSite","@id":"https:\/\/www.champmarket.com\/#website","url":"https:\/\/www.champmarket.com\/","name":"Champmarket","description":"Champmarket, Champagnes, Cadeaux et Art de Vivre","publisher":{"@id":"https:\/\/www.champmarket.com\/#organization"},"potentialAction":[{"@type":"SearchAction","target":{"@type":"EntryPoint","urlTemplate":"https:\/\/www.champmarket.com\/?s={search_term_string}"},"query-input":{"@type":"PropertyValueSpecification","valueRequired":true,"valueName":"search_term_string"}}],"inLanguage":"it-IT"},{"@type":"Organization","@id":"https:\/\/www.champmarket.com\/#organization","name":"Champmarket","url":"https:\/\/www.champmarket.com\/","logo":{"@type":"ImageObject","inLanguage":"it-IT","@id":"https:\/\/www.champmarket.com\/#\/schema\/logo\/image\/","url":"https:\/\/www.champmarket.com\/wp-content\/uploads\/2024\/08\/logo2024-1.svg","contentUrl":"https:\/\/www.champmarket.com\/wp-content\/uploads\/2024\/08\/logo2024-1.svg","width":579.8,"height":80,"caption":"Champmarket"},"image":{"@id":"https:\/\/www.champmarket.com\/#\/schema\/logo\/image\/"},"sameAs":["https:\/\/www.facebook.com\/ChampMarket\/","https:\/\/x.com\/champmarket","https:\/\/www.instagram.com\/champmarket.paris\/","https:\/\/www.pinterest.fr\/champmarketparis\/","https:\/\/www.linkedin.com\/company\/champmarket\/"]}]}},"_links":{"self":[{"href":"https:\/\/www.champmarket.com\/it\/wp-json\/wp\/v2\/product\/52600","targetHints":{"allow":["GET"]}}],"collection":[{"href":"https:\/\/www.champmarket.com\/it\/wp-json\/wp\/v2\/product"}],"about":[{"href":"https:\/\/www.champmarket.com\/it\/wp-json\/wp\/v2\/types\/product"}],"version-history":[{"count":0,"href":"https:\/\/www.champmarket.com\/it\/wp-json\/wp\/v2\/product\/52600\/revisions"}],"wp:featuredmedia":[{"embeddable":true,"href":"https:\/\/www.champmarket.com\/it\/wp-json\/wp\/v2\/media\/52574"}],"wp:attachment":[{"href":"https:\/\/www.champmarket.com\/it\/wp-json\/wp\/v2\/media?parent=52600"}],"wp:term":[{"taxonomy":"product_brand","embeddable":true,"href":"https:\/\/www.champmarket.com\/it\/wp-json\/wp\/v2\/product_brand?post=52600"},{"taxonomy":"product_cat","embeddable":true,"href":"https:\/\/www.champmarket.com\/it\/wp-json\/wp\/v2\/product_cat?post=52600"},{"taxonomy":"product_tag","embeddable":true,"href":"https:\/\/www.champmarket.com\/it\/wp-json\/wp\/v2\/product_tag?post=52600"}],"curies":[{"name":"wp","href":"https:\/\/api.w.org\/{rel}","templated":true}]}}