{"id":53174,"date":"2023-06-20T10:28:34","date_gmt":"2023-06-20T08:28:34","guid":{"rendered":"https:\/\/www.champmarket.com\/?post_type=product&#038;p=53174"},"modified":"2024-07-22T11:33:53","modified_gmt":"2024-07-22T09:33:53","slug":"ruinart-r-millesime-2010-magnum-second-skin-astuccio","status":"publish","type":"product","link":"https:\/\/www.champmarket.com\/it\/champagne\/ruinart-r-millesime-2010-magnum-second-skin-astuccio\/","title":{"rendered":"Ruinart R vintage 2010 Magnum astuccio Second Skin"},"content":{"rendered":"<p>Ruinart R vintage 2010 magnum Seconde Peau \u00e8 ideale come aperitivo o con piatti di pesce raffinati e delicati.<\/p>\n<p>Il formato Magnum \u00e8 una bottiglia grande con una capacit\u00e0 di 1,5 litri, che rappresenta 2 bottiglie di champagne o 12 bicchieri. Questo grande formato con astuccio Second skin \u00e8 ideale per ricevimenti, cene e regali.<\/p>\n","protected":false},"excerpt":{"rendered":"<p>L&#8217;elegante complessit\u00e0 del gusto Ruinart. Ruinart R Mill\u00e9sime 2010 magnum Astuccio Second Skin \u00e8 una cuv\u00e9es raffinata, un vino elegante con un tocco leggero.<\/p>\n","protected":false},"featured_media":53216,"template":"","meta":{"_acf_changed":false},"product_brand":[],"product_cat":[3469,3307,2387,2409,2226,2227,2368,2775,2225,2223,2222,2224],"product_tag":[2230,2228,2255,2231,2229,2232],"class_list":{"0":"post-53174","1":"product","2":"type-product","3":"status-publish","4":"has-post-thumbnail","6":"maisons-selection-champagne-ruinart-it","7":"product_cat-selezione-grands-flacons","8":"product_cat-tutti-gli-champagne-e-i-set-regalo-esclusivi","9":"product_cat-categorie-maisons-de-champagne-it","10":"product_cat-categorie-ruinart-it","11":"product_cat-bottiglie-grande-it","12":"product_cat-magnum-it","13":"product_cat-regali-professionali-it","14":"product_cat-tutti-gli-champagne","15":"product_cat-champagne-millesime-it","16":"product_cat-aperitif-it","17":"product_cat-evenement-cocktail-it","18":"product_cat-repas-it","19":"product_tag-grande-fiaschetta","20":"product_tag-aperitif-it","21":"product_tag-pour-offrir-it","22":"product_tag-cocktail-event-it","23":"product_tag-per-un-pasto-con-champagne","24":"product_tag-vintage-it","26":"first","27":"instock","28":"taxable","29":"shipping-taxable","30":"purchasable","31":"product-type-simple"},"acf":[],"yoast_head":"<!-- This site is optimized with the Yoast SEO plugin v26.4 - https:\/\/yoast.com\/wordpress\/plugins\/seo\/ -->\n<title>Ruinart R vintage 2010 Magnum astuccio Second Skin - Champmarket<\/title>\n<meta name=\"description\" content=\"L&#039;elegante complessit\u00e0 del gusto Ruinart. Ruinart R Mill\u00e9sime 2010 magnum Astuccio Peau \u00e8 una cuv\u00e9es raffinata, un vino elegante con un tocco leggero.\" \/>\n<meta name=\"robots\" content=\"index, follow, max-snippet:-1, max-image-preview:large, max-video-preview:-1\" \/>\n<link rel=\"canonical\" href=\"https:\/\/www.champmarket.com\/it\/champagne\/ruinart-r-millesime-2010-magnum-second-skin-astuccio\/\" \/>\n<meta property=\"og:locale\" content=\"it_IT\" \/>\n<meta property=\"og:type\" content=\"article\" \/>\n<meta property=\"og:title\" content=\"Ruinart R vintage 2010 Magnum astuccio Second Skin - Champmarket\" \/>\n<meta property=\"og:description\" content=\"L&#039;elegante complessit\u00e0 del gusto Ruinart. Ruinart R Mill\u00e9sime 2010 magnum Astuccio Peau \u00e8 una cuv\u00e9es raffinata, un vino elegante con un tocco leggero.\" \/>\n<meta property=\"og:url\" content=\"https:\/\/www.champmarket.com\/it\/champagne\/ruinart-r-millesime-2010-magnum-second-skin-astuccio\/\" \/>\n<meta property=\"og:site_name\" content=\"Champmarket\" \/>\n<meta property=\"article:publisher\" content=\"https:\/\/www.facebook.com\/ChampMarket\/\" \/>\n<meta property=\"article:modified_time\" content=\"2024-07-22T09:33:53+00:00\" \/>\n<meta property=\"og:image\" content=\"https:\/\/www.champmarket.com\/wp-content\/uploads\/2023\/06\/fiche-produit-Ruinart-R-millesime-2010-magnum-etui-seconde-peau-ferme.webp\" \/>\n\t<meta property=\"og:image:width\" content=\"1200\" \/>\n\t<meta property=\"og:image:height\" content=\"1200\" \/>\n\t<meta property=\"og:image:type\" content=\"image\/jpeg\" \/>\n<meta name=\"twitter:card\" content=\"summary_large_image\" \/>\n<meta name=\"twitter:site\" content=\"@champmarket\" \/>\n<meta name=\"twitter:label1\" content=\"Tempo di lettura stimato\" \/>\n\t<meta name=\"twitter:data1\" content=\"1 minuto\" \/>\n<script type=\"application\/ld+json\" class=\"yoast-schema-graph\">{\"@context\":\"https:\/\/schema.org\",\"@graph\":[{\"@type\":\"WebPage\",\"@id\":\"https:\/\/www.champmarket.com\/it\/champagne\/ruinart-r-millesime-2010-magnum-second-skin-astuccio\/\",\"url\":\"https:\/\/www.champmarket.com\/it\/champagne\/ruinart-r-millesime-2010-magnum-second-skin-astuccio\/\",\"name\":\"Ruinart R vintage 2010 Magnum astuccio Second Skin - Champmarket\",\"isPartOf\":{\"@id\":\"https:\/\/www.champmarket.com\/#website\"},\"primaryImageOfPage\":{\"@id\":\"https:\/\/www.champmarket.com\/it\/champagne\/ruinart-r-millesime-2010-magnum-second-skin-astuccio\/#primaryimage\"},\"image\":{\"@id\":\"https:\/\/www.champmarket.com\/it\/champagne\/ruinart-r-millesime-2010-magnum-second-skin-astuccio\/#primaryimage\"},\"thumbnailUrl\":\"https:\/\/www.champmarket.com\/wp-content\/uploads\/2023\/06\/fiche-produit-Ruinart-R-millesime-2010-magnum-etui-seconde-peau-ferme.webp\",\"datePublished\":\"2023-06-20T08:28:34+00:00\",\"dateModified\":\"2024-07-22T09:33:53+00:00\",\"description\":\"L'elegante complessit\u00e0 del gusto Ruinart. Ruinart R Mill\u00e9sime 2010 magnum Astuccio Peau \u00e8 una cuv\u00e9es raffinata, un vino elegante con un tocco leggero.\",\"breadcrumb\":{\"@id\":\"https:\/\/www.champmarket.com\/it\/champagne\/ruinart-r-millesime-2010-magnum-second-skin-astuccio\/#breadcrumb\"},\"inLanguage\":\"it-IT\",\"potentialAction\":[{\"@type\":\"ReadAction\",\"target\":[\"https:\/\/www.champmarket.com\/it\/champagne\/ruinart-r-millesime-2010-magnum-second-skin-astuccio\/\"]}]},{\"@type\":\"ImageObject\",\"inLanguage\":\"it-IT\",\"@id\":\"https:\/\/www.champmarket.com\/it\/champagne\/ruinart-r-millesime-2010-magnum-second-skin-astuccio\/#primaryimage\",\"url\":\"https:\/\/www.champmarket.com\/wp-content\/uploads\/2023\/06\/fiche-produit-Ruinart-R-millesime-2010-magnum-etui-seconde-peau-ferme.webp\",\"contentUrl\":\"https:\/\/www.champmarket.com\/wp-content\/uploads\/2023\/06\/fiche-produit-Ruinart-R-millesime-2010-magnum-etui-seconde-peau-ferme.webp\",\"width\":1200,\"height\":1200,\"caption\":\"Ruinart R Mill\u00e9sime 2010 Magnum seconde peau - Champmarket\"},{\"@type\":\"BreadcrumbList\",\"@id\":\"https:\/\/www.champmarket.com\/it\/champagne\/ruinart-r-millesime-2010-magnum-second-skin-astuccio\/#breadcrumb\",\"itemListElement\":[{\"@type\":\"ListItem\",\"position\":1,\"name\":\"Home\",\"item\":\"https:\/\/www.champmarket.com\/it\/acquista-champagne-online-champmarket\/\"},{\"@type\":\"ListItem\",\"position\":2,\"name\":\"Shop\",\"item\":\"https:\/\/www.champmarket.com\/it\/shop\/\"},{\"@type\":\"ListItem\",\"position\":3,\"name\":\"Ruinart\",\"item\":\"https:\/\/www.champmarket.com\/it\/maisons\/selection-champagne-ruinart-it\/\"},{\"@type\":\"ListItem\",\"position\":4,\"name\":\"Ruinart R vintage 2010 Magnum astuccio Second Skin\"}]},{\"@type\":\"WebSite\",\"@id\":\"https:\/\/www.champmarket.com\/#website\",\"url\":\"https:\/\/www.champmarket.com\/\",\"name\":\"Champmarket\",\"description\":\"Champmarket, Champagnes, Cadeaux et Art de Vivre\",\"publisher\":{\"@id\":\"https:\/\/www.champmarket.com\/#organization\"},\"potentialAction\":[{\"@type\":\"SearchAction\",\"target\":{\"@type\":\"EntryPoint\",\"urlTemplate\":\"https:\/\/www.champmarket.com\/?s={search_term_string}\"},\"query-input\":{\"@type\":\"PropertyValueSpecification\",\"valueRequired\":true,\"valueName\":\"search_term_string\"}}],\"inLanguage\":\"it-IT\"},{\"@type\":\"Organization\",\"@id\":\"https:\/\/www.champmarket.com\/#organization\",\"name\":\"Champmarket\",\"url\":\"https:\/\/www.champmarket.com\/\",\"logo\":{\"@type\":\"ImageObject\",\"inLanguage\":\"it-IT\",\"@id\":\"https:\/\/www.champmarket.com\/#\/schema\/logo\/image\/\",\"url\":\"https:\/\/www.champmarket.com\/wp-content\/uploads\/2024\/08\/logo2024-1.svg\",\"contentUrl\":\"https:\/\/www.champmarket.com\/wp-content\/uploads\/2024\/08\/logo2024-1.svg\",\"width\":579.8,\"height\":80,\"caption\":\"Champmarket\"},\"image\":{\"@id\":\"https:\/\/www.champmarket.com\/#\/schema\/logo\/image\/\"},\"sameAs\":[\"https:\/\/www.facebook.com\/ChampMarket\/\",\"https:\/\/x.com\/champmarket\",\"https:\/\/www.instagram.com\/champmarket.paris\/\",\"https:\/\/www.pinterest.fr\/champmarketparis\/\",\"https:\/\/www.linkedin.com\/company\/champmarket\/\"]}]}<\/script>\n<!-- \/ Yoast SEO plugin. -->","yoast_head_json":{"title":"Ruinart R vintage 2010 Magnum astuccio Second Skin - Champmarket","description":"L'elegante complessit\u00e0 del gusto Ruinart. Ruinart R Mill\u00e9sime 2010 magnum Astuccio Peau \u00e8 una cuv\u00e9es raffinata, un vino elegante con un tocco leggero.","robots":{"index":"index","follow":"follow","max-snippet":"max-snippet:-1","max-image-preview":"max-image-preview:large","max-video-preview":"max-video-preview:-1"},"canonical":"https:\/\/www.champmarket.com\/it\/champagne\/ruinart-r-millesime-2010-magnum-second-skin-astuccio\/","og_locale":"it_IT","og_type":"article","og_title":"Ruinart R vintage 2010 Magnum astuccio Second Skin - Champmarket","og_description":"L'elegante complessit\u00e0 del gusto Ruinart. Ruinart R Mill\u00e9sime 2010 magnum Astuccio Peau \u00e8 una cuv\u00e9es raffinata, un vino elegante con un tocco leggero.","og_url":"https:\/\/www.champmarket.com\/it\/champagne\/ruinart-r-millesime-2010-magnum-second-skin-astuccio\/","og_site_name":"Champmarket","article_publisher":"https:\/\/www.facebook.com\/ChampMarket\/","article_modified_time":"2024-07-22T09:33:53+00:00","og_image":[{"width":1200,"height":1200,"url":"https:\/\/www.champmarket.com\/wp-content\/uploads\/2023\/06\/fiche-produit-Ruinart-R-millesime-2010-magnum-etui-seconde-peau-ferme.webp","type":"image\/jpeg"}],"twitter_card":"summary_large_image","twitter_site":"@champmarket","twitter_misc":{"Tempo di lettura stimato":"1 minuto"},"schema":{"@context":"https:\/\/schema.org","@graph":[{"@type":"WebPage","@id":"https:\/\/www.champmarket.com\/it\/champagne\/ruinart-r-millesime-2010-magnum-second-skin-astuccio\/","url":"https:\/\/www.champmarket.com\/it\/champagne\/ruinart-r-millesime-2010-magnum-second-skin-astuccio\/","name":"Ruinart R vintage 2010 Magnum astuccio Second Skin - Champmarket","isPartOf":{"@id":"https:\/\/www.champmarket.com\/#website"},"primaryImageOfPage":{"@id":"https:\/\/www.champmarket.com\/it\/champagne\/ruinart-r-millesime-2010-magnum-second-skin-astuccio\/#primaryimage"},"image":{"@id":"https:\/\/www.champmarket.com\/it\/champagne\/ruinart-r-millesime-2010-magnum-second-skin-astuccio\/#primaryimage"},"thumbnailUrl":"https:\/\/www.champmarket.com\/wp-content\/uploads\/2023\/06\/fiche-produit-Ruinart-R-millesime-2010-magnum-etui-seconde-peau-ferme.webp","datePublished":"2023-06-20T08:28:34+00:00","dateModified":"2024-07-22T09:33:53+00:00","description":"L'elegante complessit\u00e0 del gusto Ruinart. Ruinart R Mill\u00e9sime 2010 magnum Astuccio Peau \u00e8 una cuv\u00e9es raffinata, un vino elegante con un tocco leggero.","breadcrumb":{"@id":"https:\/\/www.champmarket.com\/it\/champagne\/ruinart-r-millesime-2010-magnum-second-skin-astuccio\/#breadcrumb"},"inLanguage":"it-IT","potentialAction":[{"@type":"ReadAction","target":["https:\/\/www.champmarket.com\/it\/champagne\/ruinart-r-millesime-2010-magnum-second-skin-astuccio\/"]}]},{"@type":"ImageObject","inLanguage":"it-IT","@id":"https:\/\/www.champmarket.com\/it\/champagne\/ruinart-r-millesime-2010-magnum-second-skin-astuccio\/#primaryimage","url":"https:\/\/www.champmarket.com\/wp-content\/uploads\/2023\/06\/fiche-produit-Ruinart-R-millesime-2010-magnum-etui-seconde-peau-ferme.webp","contentUrl":"https:\/\/www.champmarket.com\/wp-content\/uploads\/2023\/06\/fiche-produit-Ruinart-R-millesime-2010-magnum-etui-seconde-peau-ferme.webp","width":1200,"height":1200,"caption":"Ruinart R Mill\u00e9sime 2010 Magnum seconde peau - Champmarket"},{"@type":"BreadcrumbList","@id":"https:\/\/www.champmarket.com\/it\/champagne\/ruinart-r-millesime-2010-magnum-second-skin-astuccio\/#breadcrumb","itemListElement":[{"@type":"ListItem","position":1,"name":"Home","item":"https:\/\/www.champmarket.com\/it\/acquista-champagne-online-champmarket\/"},{"@type":"ListItem","position":2,"name":"Shop","item":"https:\/\/www.champmarket.com\/it\/shop\/"},{"@type":"ListItem","position":3,"name":"Ruinart","item":"https:\/\/www.champmarket.com\/it\/maisons\/selection-champagne-ruinart-it\/"},{"@type":"ListItem","position":4,"name":"Ruinart R vintage 2010 Magnum astuccio Second Skin"}]},{"@type":"WebSite","@id":"https:\/\/www.champmarket.com\/#website","url":"https:\/\/www.champmarket.com\/","name":"Champmarket","description":"Champmarket, Champagnes, Cadeaux et Art de Vivre","publisher":{"@id":"https:\/\/www.champmarket.com\/#organization"},"potentialAction":[{"@type":"SearchAction","target":{"@type":"EntryPoint","urlTemplate":"https:\/\/www.champmarket.com\/?s={search_term_string}"},"query-input":{"@type":"PropertyValueSpecification","valueRequired":true,"valueName":"search_term_string"}}],"inLanguage":"it-IT"},{"@type":"Organization","@id":"https:\/\/www.champmarket.com\/#organization","name":"Champmarket","url":"https:\/\/www.champmarket.com\/","logo":{"@type":"ImageObject","inLanguage":"it-IT","@id":"https:\/\/www.champmarket.com\/#\/schema\/logo\/image\/","url":"https:\/\/www.champmarket.com\/wp-content\/uploads\/2024\/08\/logo2024-1.svg","contentUrl":"https:\/\/www.champmarket.com\/wp-content\/uploads\/2024\/08\/logo2024-1.svg","width":579.8,"height":80,"caption":"Champmarket"},"image":{"@id":"https:\/\/www.champmarket.com\/#\/schema\/logo\/image\/"},"sameAs":["https:\/\/www.facebook.com\/ChampMarket\/","https:\/\/x.com\/champmarket","https:\/\/www.instagram.com\/champmarket.paris\/","https:\/\/www.pinterest.fr\/champmarketparis\/","https:\/\/www.linkedin.com\/company\/champmarket\/"]}]}},"_links":{"self":[{"href":"https:\/\/www.champmarket.com\/it\/wp-json\/wp\/v2\/product\/53174","targetHints":{"allow":["GET"]}}],"collection":[{"href":"https:\/\/www.champmarket.com\/it\/wp-json\/wp\/v2\/product"}],"about":[{"href":"https:\/\/www.champmarket.com\/it\/wp-json\/wp\/v2\/types\/product"}],"version-history":[{"count":3,"href":"https:\/\/www.champmarket.com\/it\/wp-json\/wp\/v2\/product\/53174\/revisions"}],"predecessor-version":[{"id":69728,"href":"https:\/\/www.champmarket.com\/it\/wp-json\/wp\/v2\/product\/53174\/revisions\/69728"}],"wp:featuredmedia":[{"embeddable":true,"href":"https:\/\/www.champmarket.com\/it\/wp-json\/wp\/v2\/media\/53216"}],"wp:attachment":[{"href":"https:\/\/www.champmarket.com\/it\/wp-json\/wp\/v2\/media?parent=53174"}],"wp:term":[{"taxonomy":"product_brand","embeddable":true,"href":"https:\/\/www.champmarket.com\/it\/wp-json\/wp\/v2\/product_brand?post=53174"},{"taxonomy":"product_cat","embeddable":true,"href":"https:\/\/www.champmarket.com\/it\/wp-json\/wp\/v2\/product_cat?post=53174"},{"taxonomy":"product_tag","embeddable":true,"href":"https:\/\/www.champmarket.com\/it\/wp-json\/wp\/v2\/product_tag?post=53174"}],"curies":[{"name":"wp","href":"https:\/\/api.w.org\/{rel}","templated":true}]}}