{"id":58982,"date":"2023-09-27T08:28:08","date_gmt":"2023-09-27T06:28:09","guid":{"rendered":"https:\/\/www.champmarket.com\/?post_type=product&#038;p=58982"},"modified":"2023-10-09T11:03:26","modified_gmt":"2023-10-09T09:03:26","slug":"dom-perignon-vintage-rose-2009-bouteille-coffret","status":"publish","type":"product","link":"https:\/\/www.champmarket.com\/it\/champagne\/dom-perignon-vintage-rose-2009-bouteille-coffret\/","title":{"rendered":"Dom P\u00e9rignon Vintage Ros\u00e9 2009 -bottiglia con scatola"},"content":{"rendered":"<p>Dom P\u00e9rignon Ros\u00e9 \u00e8 nato per superare i limiti della creazione. Riflette un desiderio radicato di sfidare se stessi, di rischiare, di sperimentare liberamente e di andare sempre oltre. Dom P\u00e9rignon Ros\u00e9, domato in quasi dodici anni di lenta e controllata trasformazione in cantina, incarna la vivacit\u00e0 del chiaroscuro. Dedicato alla creazione, esplora radicalmente il campo delle possibilit\u00e0.<\/p>\n<p>Il Capo di Casa ha fatto di questa presenza vibrante e imperativa la chiave di volta dell&#8217;assemblaggio del Dom P\u00e9rignon Vintage Ros\u00e9 2009 con cofanetto. Con infinita generosit\u00e0, il blend esalta gli aromi, mostrando tutte le sfumature aromatiche del Pinot Noir &#8211; lampone, fico, fragola, ciliegia &#8211; esaltate dalla delicatezza, dall&#8217;eleganza minerale e dalle note leggere dello Chardonnay. Carnoso e avvolgente, rotondo e cremoso, dolce e voluttuoso, il frutto fa sentire la sua presenza. La sua freschezza e la sensazione di croccantezza che ricorda l&#8217;uva appena raccolta ne fanno un vino ideale, confermato dalla radicale maturazione in cantina: il frutto \u00e8 intenso, equilibrato ma leggero, potente ma contenuto. \u00c8 un cuore che batte.<\/p>\n","protected":false},"excerpt":{"rendered":"<p>Champagne raffinato, Dom P\u00e9rignon Vintage Ros\u00e9 2009 con cofanetto affascina con il suo carattere intimo e carezzevole: questo vino intensamente vivace \u00e8 una vera incarnazione del frutto della vendemmia. Nata da un&#8217;estate calda, secca e soleggiata, l&#8217;annata 2009 \u00e8 radiosa, con le uve che mostrano tutta la loro maestosit\u00e0, maturit\u00e0 e ricchezza.<\/p>\n","protected":false},"featured_media":58987,"template":"","meta":{"_acf_changed":false},"product_brand":[],"product_cat":[3366,3317,3307,2387,2393,2238,2775,2376,2225,2375,2224],"product_tag":[2248,2250,2255,2232],"class_list":{"0":"post-58982","1":"product","2":"type-product","3":"status-publish","4":"has-post-thumbnail","6":"maisons-selection-champagne-dom-perignon-it","7":"product_cat-champagne-di-natale","8":"product_cat-i-migliori-champagne","9":"product_cat-tutti-gli-champagne-e-i-set-regalo-esclusivi","10":"product_cat-categorie-maisons-de-champagne-it","11":"product_cat-categorie-dom-perignon-it","12":"product_cat-bouteilles-it","13":"product_cat-tutti-gli-champagne","14":"product_cat-champagne-rose-it","15":"product_cat-champagne-millesime-it","16":"product_cat-champagne-prestige-it","17":"product_cat-repas-it","18":"product_tag-haute-couture-it","19":"product_tag-la-vie-en-rose-it","20":"product_tag-pour-offrir-it","21":"product_tag-vintage-it","23":"first","24":"instock","25":"taxable","26":"shipping-taxable","27":"purchasable","28":"product-type-simple"},"acf":[],"yoast_head":"<!-- This site is optimized with the Yoast SEO plugin v26.4 - https:\/\/yoast.com\/wordpress\/plugins\/seo\/ -->\n<title>Dom P\u00e9rignon Vintage Ros\u00e9 2009 -bottiglia con scatola - Champmarket<\/title>\n<meta name=\"description\" content=\"Champagne raffinato, Dom P\u00e9rignon Vintage Ros\u00e9 2009 con cofanetto affascina con il suo carattere intimo e carezzevole. Nata da un&#039;estate calda, secca e soleggiata, l&#039;annata 2009 \u00e8 radiosa, con le uve che mostrano tutta la loro maestosit\u00e0, maturit\u00e0 e ricchezza.\" \/>\n<meta name=\"robots\" content=\"index, follow, max-snippet:-1, max-image-preview:large, max-video-preview:-1\" \/>\n<link rel=\"canonical\" href=\"https:\/\/www.champmarket.com\/it\/champagne\/dom-perignon-vintage-rose-2009-bouteille-coffret\/\" \/>\n<meta property=\"og:locale\" content=\"it_IT\" \/>\n<meta property=\"og:type\" content=\"article\" \/>\n<meta property=\"og:title\" content=\"Dom P\u00e9rignon Vintage Ros\u00e9 2009 -bottiglia con scatola - Champmarket\" \/>\n<meta property=\"og:description\" content=\"Champagne raffinato, Dom P\u00e9rignon Vintage Ros\u00e9 2009 con cofanetto affascina con il suo carattere intimo e carezzevole. Nata da un&#039;estate calda, secca e soleggiata, l&#039;annata 2009 \u00e8 radiosa, con le uve che mostrano tutta la loro maestosit\u00e0, maturit\u00e0 e ricchezza.\" \/>\n<meta property=\"og:url\" content=\"https:\/\/www.champmarket.com\/it\/champagne\/dom-perignon-vintage-rose-2009-bouteille-coffret\/\" \/>\n<meta property=\"og:site_name\" content=\"Champmarket\" \/>\n<meta property=\"article:publisher\" content=\"https:\/\/www.facebook.com\/ChampMarket\/\" \/>\n<meta property=\"article:modified_time\" content=\"2023-10-09T09:03:26+00:00\" \/>\n<meta property=\"og:image\" content=\"https:\/\/www.champmarket.com\/wp-content\/uploads\/2023\/09\/fiche-produit-dom-perignon-vintage-rose-2009-bouteille-coffret.webp\" \/>\n\t<meta property=\"og:image:width\" content=\"2000\" \/>\n\t<meta property=\"og:image:height\" content=\"2000\" \/>\n\t<meta property=\"og:image:type\" content=\"image\/webp\" \/>\n<meta name=\"twitter:card\" content=\"summary_large_image\" \/>\n<meta name=\"twitter:site\" content=\"@champmarket\" \/>\n<meta name=\"twitter:label1\" content=\"Tempo di lettura stimato\" \/>\n\t<meta name=\"twitter:data1\" content=\"1 minuto\" \/>\n<script type=\"application\/ld+json\" class=\"yoast-schema-graph\">{\"@context\":\"https:\/\/schema.org\",\"@graph\":[{\"@type\":\"WebPage\",\"@id\":\"https:\/\/www.champmarket.com\/it\/champagne\/dom-perignon-vintage-rose-2009-bouteille-coffret\/\",\"url\":\"https:\/\/www.champmarket.com\/it\/champagne\/dom-perignon-vintage-rose-2009-bouteille-coffret\/\",\"name\":\"Dom P\u00e9rignon Vintage Ros\u00e9 2009 -bottiglia con scatola - Champmarket\",\"isPartOf\":{\"@id\":\"https:\/\/www.champmarket.com\/#website\"},\"primaryImageOfPage\":{\"@id\":\"https:\/\/www.champmarket.com\/it\/champagne\/dom-perignon-vintage-rose-2009-bouteille-coffret\/#primaryimage\"},\"image\":{\"@id\":\"https:\/\/www.champmarket.com\/it\/champagne\/dom-perignon-vintage-rose-2009-bouteille-coffret\/#primaryimage\"},\"thumbnailUrl\":\"https:\/\/www.champmarket.com\/wp-content\/uploads\/2023\/09\/fiche-produit-dom-perignon-vintage-rose-2009-bouteille-coffret.webp\",\"datePublished\":\"2023-09-27T06:28:09+00:00\",\"dateModified\":\"2023-10-09T09:03:26+00:00\",\"description\":\"Champagne raffinato, Dom P\u00e9rignon Vintage Ros\u00e9 2009 con cofanetto affascina con il suo carattere intimo e carezzevole. Nata da un'estate calda, secca e soleggiata, l'annata 2009 \u00e8 radiosa, con le uve che mostrano tutta la loro maestosit\u00e0, maturit\u00e0 e ricchezza.\",\"breadcrumb\":{\"@id\":\"https:\/\/www.champmarket.com\/it\/champagne\/dom-perignon-vintage-rose-2009-bouteille-coffret\/#breadcrumb\"},\"inLanguage\":\"it-IT\",\"potentialAction\":[{\"@type\":\"ReadAction\",\"target\":[\"https:\/\/www.champmarket.com\/it\/champagne\/dom-perignon-vintage-rose-2009-bouteille-coffret\/\"]}]},{\"@type\":\"ImageObject\",\"inLanguage\":\"it-IT\",\"@id\":\"https:\/\/www.champmarket.com\/it\/champagne\/dom-perignon-vintage-rose-2009-bouteille-coffret\/#primaryimage\",\"url\":\"https:\/\/www.champmarket.com\/wp-content\/uploads\/2023\/09\/fiche-produit-dom-perignon-vintage-rose-2009-bouteille-coffret.webp\",\"contentUrl\":\"https:\/\/www.champmarket.com\/wp-content\/uploads\/2023\/09\/fiche-produit-dom-perignon-vintage-rose-2009-bouteille-coffret.webp\",\"width\":2000,\"height\":2000,\"caption\":\"Champagne Dom P\u00e9rignon Vintage Ros\u00e9 2009 - Champmarket\"},{\"@type\":\"BreadcrumbList\",\"@id\":\"https:\/\/www.champmarket.com\/it\/champagne\/dom-perignon-vintage-rose-2009-bouteille-coffret\/#breadcrumb\",\"itemListElement\":[{\"@type\":\"ListItem\",\"position\":1,\"name\":\"Home\",\"item\":\"https:\/\/www.champmarket.com\/it\/acquista-champagne-online-champmarket\/\"},{\"@type\":\"ListItem\",\"position\":2,\"name\":\"Shop\",\"item\":\"https:\/\/www.champmarket.com\/it\/shop\/\"},{\"@type\":\"ListItem\",\"position\":3,\"name\":\"Dom P\u00e9rignon\",\"item\":\"https:\/\/www.champmarket.com\/it\/maisons\/selection-champagne-dom-perignon-it\/\"},{\"@type\":\"ListItem\",\"position\":4,\"name\":\"Dom P\u00e9rignon Vintage Ros\u00e9 2009 -bottiglia con scatola\"}]},{\"@type\":\"WebSite\",\"@id\":\"https:\/\/www.champmarket.com\/#website\",\"url\":\"https:\/\/www.champmarket.com\/\",\"name\":\"Champmarket\",\"description\":\"Champmarket, Champagnes, Cadeaux et Art de Vivre\",\"publisher\":{\"@id\":\"https:\/\/www.champmarket.com\/#organization\"},\"potentialAction\":[{\"@type\":\"SearchAction\",\"target\":{\"@type\":\"EntryPoint\",\"urlTemplate\":\"https:\/\/www.champmarket.com\/?s={search_term_string}\"},\"query-input\":{\"@type\":\"PropertyValueSpecification\",\"valueRequired\":true,\"valueName\":\"search_term_string\"}}],\"inLanguage\":\"it-IT\"},{\"@type\":\"Organization\",\"@id\":\"https:\/\/www.champmarket.com\/#organization\",\"name\":\"Champmarket\",\"url\":\"https:\/\/www.champmarket.com\/\",\"logo\":{\"@type\":\"ImageObject\",\"inLanguage\":\"it-IT\",\"@id\":\"https:\/\/www.champmarket.com\/#\/schema\/logo\/image\/\",\"url\":\"https:\/\/www.champmarket.com\/wp-content\/uploads\/2024\/08\/logo2024-1.svg\",\"contentUrl\":\"https:\/\/www.champmarket.com\/wp-content\/uploads\/2024\/08\/logo2024-1.svg\",\"width\":579.8,\"height\":80,\"caption\":\"Champmarket\"},\"image\":{\"@id\":\"https:\/\/www.champmarket.com\/#\/schema\/logo\/image\/\"},\"sameAs\":[\"https:\/\/www.facebook.com\/ChampMarket\/\",\"https:\/\/x.com\/champmarket\",\"https:\/\/www.instagram.com\/champmarket.paris\/\",\"https:\/\/www.pinterest.fr\/champmarketparis\/\",\"https:\/\/www.linkedin.com\/company\/champmarket\/\"]}]}<\/script>\n<!-- \/ Yoast SEO plugin. -->","yoast_head_json":{"title":"Dom P\u00e9rignon Vintage Ros\u00e9 2009 -bottiglia con scatola - Champmarket","description":"Champagne raffinato, Dom P\u00e9rignon Vintage Ros\u00e9 2009 con cofanetto affascina con il suo carattere intimo e carezzevole. Nata da un'estate calda, secca e soleggiata, l'annata 2009 \u00e8 radiosa, con le uve che mostrano tutta la loro maestosit\u00e0, maturit\u00e0 e ricchezza.","robots":{"index":"index","follow":"follow","max-snippet":"max-snippet:-1","max-image-preview":"max-image-preview:large","max-video-preview":"max-video-preview:-1"},"canonical":"https:\/\/www.champmarket.com\/it\/champagne\/dom-perignon-vintage-rose-2009-bouteille-coffret\/","og_locale":"it_IT","og_type":"article","og_title":"Dom P\u00e9rignon Vintage Ros\u00e9 2009 -bottiglia con scatola - Champmarket","og_description":"Champagne raffinato, Dom P\u00e9rignon Vintage Ros\u00e9 2009 con cofanetto affascina con il suo carattere intimo e carezzevole. Nata da un'estate calda, secca e soleggiata, l'annata 2009 \u00e8 radiosa, con le uve che mostrano tutta la loro maestosit\u00e0, maturit\u00e0 e ricchezza.","og_url":"https:\/\/www.champmarket.com\/it\/champagne\/dom-perignon-vintage-rose-2009-bouteille-coffret\/","og_site_name":"Champmarket","article_publisher":"https:\/\/www.facebook.com\/ChampMarket\/","article_modified_time":"2023-10-09T09:03:26+00:00","og_image":[{"width":2000,"height":2000,"url":"https:\/\/www.champmarket.com\/wp-content\/uploads\/2023\/09\/fiche-produit-dom-perignon-vintage-rose-2009-bouteille-coffret.webp","type":"image\/webp"}],"twitter_card":"summary_large_image","twitter_site":"@champmarket","twitter_misc":{"Tempo di lettura stimato":"1 minuto"},"schema":{"@context":"https:\/\/schema.org","@graph":[{"@type":"WebPage","@id":"https:\/\/www.champmarket.com\/it\/champagne\/dom-perignon-vintage-rose-2009-bouteille-coffret\/","url":"https:\/\/www.champmarket.com\/it\/champagne\/dom-perignon-vintage-rose-2009-bouteille-coffret\/","name":"Dom P\u00e9rignon Vintage Ros\u00e9 2009 -bottiglia con scatola - Champmarket","isPartOf":{"@id":"https:\/\/www.champmarket.com\/#website"},"primaryImageOfPage":{"@id":"https:\/\/www.champmarket.com\/it\/champagne\/dom-perignon-vintage-rose-2009-bouteille-coffret\/#primaryimage"},"image":{"@id":"https:\/\/www.champmarket.com\/it\/champagne\/dom-perignon-vintage-rose-2009-bouteille-coffret\/#primaryimage"},"thumbnailUrl":"https:\/\/www.champmarket.com\/wp-content\/uploads\/2023\/09\/fiche-produit-dom-perignon-vintage-rose-2009-bouteille-coffret.webp","datePublished":"2023-09-27T06:28:09+00:00","dateModified":"2023-10-09T09:03:26+00:00","description":"Champagne raffinato, Dom P\u00e9rignon Vintage Ros\u00e9 2009 con cofanetto affascina con il suo carattere intimo e carezzevole. Nata da un'estate calda, secca e soleggiata, l'annata 2009 \u00e8 radiosa, con le uve che mostrano tutta la loro maestosit\u00e0, maturit\u00e0 e ricchezza.","breadcrumb":{"@id":"https:\/\/www.champmarket.com\/it\/champagne\/dom-perignon-vintage-rose-2009-bouteille-coffret\/#breadcrumb"},"inLanguage":"it-IT","potentialAction":[{"@type":"ReadAction","target":["https:\/\/www.champmarket.com\/it\/champagne\/dom-perignon-vintage-rose-2009-bouteille-coffret\/"]}]},{"@type":"ImageObject","inLanguage":"it-IT","@id":"https:\/\/www.champmarket.com\/it\/champagne\/dom-perignon-vintage-rose-2009-bouteille-coffret\/#primaryimage","url":"https:\/\/www.champmarket.com\/wp-content\/uploads\/2023\/09\/fiche-produit-dom-perignon-vintage-rose-2009-bouteille-coffret.webp","contentUrl":"https:\/\/www.champmarket.com\/wp-content\/uploads\/2023\/09\/fiche-produit-dom-perignon-vintage-rose-2009-bouteille-coffret.webp","width":2000,"height":2000,"caption":"Champagne Dom P\u00e9rignon Vintage Ros\u00e9 2009 - Champmarket"},{"@type":"BreadcrumbList","@id":"https:\/\/www.champmarket.com\/it\/champagne\/dom-perignon-vintage-rose-2009-bouteille-coffret\/#breadcrumb","itemListElement":[{"@type":"ListItem","position":1,"name":"Home","item":"https:\/\/www.champmarket.com\/it\/acquista-champagne-online-champmarket\/"},{"@type":"ListItem","position":2,"name":"Shop","item":"https:\/\/www.champmarket.com\/it\/shop\/"},{"@type":"ListItem","position":3,"name":"Dom P\u00e9rignon","item":"https:\/\/www.champmarket.com\/it\/maisons\/selection-champagne-dom-perignon-it\/"},{"@type":"ListItem","position":4,"name":"Dom P\u00e9rignon Vintage Ros\u00e9 2009 -bottiglia con scatola"}]},{"@type":"WebSite","@id":"https:\/\/www.champmarket.com\/#website","url":"https:\/\/www.champmarket.com\/","name":"Champmarket","description":"Champmarket, Champagnes, Cadeaux et Art de Vivre","publisher":{"@id":"https:\/\/www.champmarket.com\/#organization"},"potentialAction":[{"@type":"SearchAction","target":{"@type":"EntryPoint","urlTemplate":"https:\/\/www.champmarket.com\/?s={search_term_string}"},"query-input":{"@type":"PropertyValueSpecification","valueRequired":true,"valueName":"search_term_string"}}],"inLanguage":"it-IT"},{"@type":"Organization","@id":"https:\/\/www.champmarket.com\/#organization","name":"Champmarket","url":"https:\/\/www.champmarket.com\/","logo":{"@type":"ImageObject","inLanguage":"it-IT","@id":"https:\/\/www.champmarket.com\/#\/schema\/logo\/image\/","url":"https:\/\/www.champmarket.com\/wp-content\/uploads\/2024\/08\/logo2024-1.svg","contentUrl":"https:\/\/www.champmarket.com\/wp-content\/uploads\/2024\/08\/logo2024-1.svg","width":579.8,"height":80,"caption":"Champmarket"},"image":{"@id":"https:\/\/www.champmarket.com\/#\/schema\/logo\/image\/"},"sameAs":["https:\/\/www.facebook.com\/ChampMarket\/","https:\/\/x.com\/champmarket","https:\/\/www.instagram.com\/champmarket.paris\/","https:\/\/www.pinterest.fr\/champmarketparis\/","https:\/\/www.linkedin.com\/company\/champmarket\/"]}]}},"_links":{"self":[{"href":"https:\/\/www.champmarket.com\/it\/wp-json\/wp\/v2\/product\/58982","targetHints":{"allow":["GET"]}}],"collection":[{"href":"https:\/\/www.champmarket.com\/it\/wp-json\/wp\/v2\/product"}],"about":[{"href":"https:\/\/www.champmarket.com\/it\/wp-json\/wp\/v2\/types\/product"}],"version-history":[{"count":1,"href":"https:\/\/www.champmarket.com\/it\/wp-json\/wp\/v2\/product\/58982\/revisions"}],"predecessor-version":[{"id":59252,"href":"https:\/\/www.champmarket.com\/it\/wp-json\/wp\/v2\/product\/58982\/revisions\/59252"}],"wp:featuredmedia":[{"embeddable":true,"href":"https:\/\/www.champmarket.com\/it\/wp-json\/wp\/v2\/media\/58987"}],"wp:attachment":[{"href":"https:\/\/www.champmarket.com\/it\/wp-json\/wp\/v2\/media?parent=58982"}],"wp:term":[{"taxonomy":"product_brand","embeddable":true,"href":"https:\/\/www.champmarket.com\/it\/wp-json\/wp\/v2\/product_brand?post=58982"},{"taxonomy":"product_cat","embeddable":true,"href":"https:\/\/www.champmarket.com\/it\/wp-json\/wp\/v2\/product_cat?post=58982"},{"taxonomy":"product_tag","embeddable":true,"href":"https:\/\/www.champmarket.com\/it\/wp-json\/wp\/v2\/product_tag?post=58982"}],"curies":[{"name":"wp","href":"https:\/\/api.w.org\/{rel}","templated":true}]}}