{"id":59521,"date":"2023-10-06T09:34:50","date_gmt":"2023-10-06T07:34:51","guid":{"rendered":"https:\/\/www.champmarket.com\/?post_type=product&#038;p=59521"},"modified":"2024-07-22T14:21:16","modified_gmt":"2024-07-22T12:21:16","slug":"veuve-clicquot-vintage-rose-2015-bottiglia","status":"publish","type":"product","link":"https:\/\/www.champmarket.com\/it\/champagne\/veuve-clicquot-vintage-rose-2015-bottiglia\/","title":{"rendered":"Veuve Clicquot Vintage Ros\u00e9 2015 Bottiglia"},"content":{"rendered":"<p>Nel 1810, Madame Clicquot ruppe la tradizione e cre\u00f2 il primo ros\u00e9 assemblato in Champagne. Per farlo, sostitu\u00ec il metodo tradizionale della \u201cteinte\u201d, che utilizzava il liquore di sambuco per colorare il vino, con l&#8217;assemblaggio di vini bianchi leggeri con vini rossi provenienti dal suo vigneto di Bouzy, producendo cos\u00ec il primo ros\u00e9 \u201cassemblato\u201d. Ancora una volta, cambiando le regole, Madame Clicquot stava battendo nuove strade. L&#8217;eccezionale qualit\u00e0 dei suoi vini rossi, provenienti dai vigneti pi\u00f9 ricercati, le permise di realizzare questa rivoluzione, il cui segreto risiedeva nell&#8217;assemblaggio.<\/p>\n<p>&nbsp;<\/p>\n","protected":false},"excerpt":{"rendered":"<p>Veuve Clicquot Vintage Ros\u00e9 2015 \u00e8 l&#8217;espressione di una vendemmia prodigiosa, che ha sfidato le delicate condizioni climatiche della Champagne. La predominanza del Pinot Noir, il tocco sottile del 10% di vini vinificati in tini di rovere e il prolungato affinamento sui lieviti gli conferiscono la potenza e la ricchezza aromatica tipiche dello stile Veuve Clicquot Vintage. \u201cIl Vintage Ros\u00e9 2015 ci sorprende con il suo naso complesso e la sua bella energia al palato. Le note di fiori d&#8217;arancio, yuzu e mandarino aggiungono freschezza, mentre gli aromi di ciliegia, anice e pane viennese aggiungono delizia\u201d.<\/p>\n","protected":false},"featured_media":59850,"template":"","meta":{"_acf_changed":false},"product_brand":[],"product_cat":[3317,2387,2411,2238,2775,2376,2225,2223,2224],"product_tag":[2228,2250,2229,2232],"class_list":{"0":"post-59521","1":"product","2":"type-product","3":"status-publish","4":"has-post-thumbnail","6":"maisons-selection-champagne-veuve-clicquot-it","7":"product_cat-i-migliori-champagne","8":"product_cat-categorie-maisons-de-champagne-it","9":"product_cat-categorie-veuve-clicquot-it","10":"product_cat-bouteilles-it","11":"product_cat-tutti-gli-champagne","12":"product_cat-champagne-rose-it","13":"product_cat-champagne-millesime-it","14":"product_cat-aperitif-it","15":"product_cat-repas-it","16":"product_tag-aperitif-it","17":"product_tag-la-vie-en-rose-it","18":"product_tag-per-un-pasto-con-champagne","19":"product_tag-vintage-it","21":"first","22":"instock","23":"taxable","24":"shipping-taxable","25":"purchasable","26":"product-type-simple"},"acf":[],"yoast_head":"<!-- This site is optimized with the Yoast SEO plugin v26.4 - https:\/\/yoast.com\/wordpress\/plugins\/seo\/ -->\n<title>Veuve Clicquot Vintage Ros\u00e9 2015 Bottiglia - Champmarket<\/title>\n<meta name=\"description\" content=\"Veuve Clicquot Vintage Ros\u00e9 2015 \u00e8 l&#039;espressione di una vendemmia prodigiosa, che ha sfidato le delicate condizioni climatiche della Champagne. Con una potenza e una ricchezza aromatica tipiche dello stile Veuve Clicquot Vintage.\" \/>\n<meta name=\"robots\" content=\"index, follow, max-snippet:-1, max-image-preview:large, max-video-preview:-1\" \/>\n<link rel=\"canonical\" href=\"https:\/\/www.champmarket.com\/it\/champagne\/veuve-clicquot-vintage-rose-2015-bottiglia\/\" \/>\n<meta property=\"og:locale\" content=\"it_IT\" \/>\n<meta property=\"og:type\" content=\"article\" \/>\n<meta property=\"og:title\" content=\"Veuve Clicquot Vintage Ros\u00e9 2015 Bottiglia - Champmarket\" \/>\n<meta property=\"og:description\" content=\"Veuve Clicquot Vintage Ros\u00e9 2015 \u00e8 l&#039;espressione di una vendemmia prodigiosa, che ha sfidato le delicate condizioni climatiche della Champagne. Con una potenza e una ricchezza aromatica tipiche dello stile Veuve Clicquot Vintage.\" \/>\n<meta property=\"og:url\" content=\"https:\/\/www.champmarket.com\/it\/champagne\/veuve-clicquot-vintage-rose-2015-bottiglia\/\" \/>\n<meta property=\"og:site_name\" content=\"Champmarket\" \/>\n<meta property=\"article:publisher\" content=\"https:\/\/www.facebook.com\/ChampMarket\/\" \/>\n<meta property=\"article:modified_time\" content=\"2024-07-22T12:21:16+00:00\" \/>\n<meta property=\"og:image\" content=\"https:\/\/www.champmarket.com\/wp-content\/uploads\/2023\/10\/veuve-clicquot-vintage-rose-2015-bouteille.webp\" \/>\n\t<meta property=\"og:image:width\" content=\"1400\" \/>\n\t<meta property=\"og:image:height\" content=\"1400\" \/>\n\t<meta property=\"og:image:type\" content=\"image\/webp\" \/>\n<meta name=\"twitter:card\" content=\"summary_large_image\" \/>\n<meta name=\"twitter:site\" content=\"@champmarket\" \/>\n<meta name=\"twitter:label1\" content=\"Tempo di lettura stimato\" \/>\n\t<meta name=\"twitter:data1\" content=\"1 minuto\" \/>\n<script type=\"application\/ld+json\" class=\"yoast-schema-graph\">{\"@context\":\"https:\/\/schema.org\",\"@graph\":[{\"@type\":\"WebPage\",\"@id\":\"https:\/\/www.champmarket.com\/it\/champagne\/veuve-clicquot-vintage-rose-2015-bottiglia\/\",\"url\":\"https:\/\/www.champmarket.com\/it\/champagne\/veuve-clicquot-vintage-rose-2015-bottiglia\/\",\"name\":\"Veuve Clicquot Vintage Ros\u00e9 2015 Bottiglia - Champmarket\",\"isPartOf\":{\"@id\":\"https:\/\/www.champmarket.com\/#website\"},\"primaryImageOfPage\":{\"@id\":\"https:\/\/www.champmarket.com\/it\/champagne\/veuve-clicquot-vintage-rose-2015-bottiglia\/#primaryimage\"},\"image\":{\"@id\":\"https:\/\/www.champmarket.com\/it\/champagne\/veuve-clicquot-vintage-rose-2015-bottiglia\/#primaryimage\"},\"thumbnailUrl\":\"https:\/\/www.champmarket.com\/wp-content\/uploads\/2023\/10\/veuve-clicquot-vintage-rose-2015-bouteille.webp\",\"datePublished\":\"2023-10-06T07:34:51+00:00\",\"dateModified\":\"2024-07-22T12:21:16+00:00\",\"description\":\"Veuve Clicquot Vintage Ros\u00e9 2015 \u00e8 l'espressione di una vendemmia prodigiosa, che ha sfidato le delicate condizioni climatiche della Champagne. Con una potenza e una ricchezza aromatica tipiche dello stile Veuve Clicquot Vintage.\",\"breadcrumb\":{\"@id\":\"https:\/\/www.champmarket.com\/it\/champagne\/veuve-clicquot-vintage-rose-2015-bottiglia\/#breadcrumb\"},\"inLanguage\":\"it-IT\",\"potentialAction\":[{\"@type\":\"ReadAction\",\"target\":[\"https:\/\/www.champmarket.com\/it\/champagne\/veuve-clicquot-vintage-rose-2015-bottiglia\/\"]}]},{\"@type\":\"ImageObject\",\"inLanguage\":\"it-IT\",\"@id\":\"https:\/\/www.champmarket.com\/it\/champagne\/veuve-clicquot-vintage-rose-2015-bottiglia\/#primaryimage\",\"url\":\"https:\/\/www.champmarket.com\/wp-content\/uploads\/2023\/10\/veuve-clicquot-vintage-rose-2015-bouteille.webp\",\"contentUrl\":\"https:\/\/www.champmarket.com\/wp-content\/uploads\/2023\/10\/veuve-clicquot-vintage-rose-2015-bouteille.webp\",\"width\":1400,\"height\":1400,\"caption\":\"Champagne Veuve Clicquot Vintage Ros\u00e9 2015 - Champmarket\"},{\"@type\":\"BreadcrumbList\",\"@id\":\"https:\/\/www.champmarket.com\/it\/champagne\/veuve-clicquot-vintage-rose-2015-bottiglia\/#breadcrumb\",\"itemListElement\":[{\"@type\":\"ListItem\",\"position\":1,\"name\":\"Home\",\"item\":\"https:\/\/www.champmarket.com\/it\/acquista-champagne-online-champmarket\/\"},{\"@type\":\"ListItem\",\"position\":2,\"name\":\"Shop\",\"item\":\"https:\/\/www.champmarket.com\/it\/shop\/\"},{\"@type\":\"ListItem\",\"position\":3,\"name\":\"Veuve Clicquot\",\"item\":\"https:\/\/www.champmarket.com\/it\/maisons\/selection-champagne-veuve-clicquot-it\/\"},{\"@type\":\"ListItem\",\"position\":4,\"name\":\"Veuve Clicquot Vintage Ros\u00e9 2015 Bottiglia\"}]},{\"@type\":\"WebSite\",\"@id\":\"https:\/\/www.champmarket.com\/#website\",\"url\":\"https:\/\/www.champmarket.com\/\",\"name\":\"Champmarket\",\"description\":\"Champmarket, Champagnes, Cadeaux et Art de Vivre\",\"publisher\":{\"@id\":\"https:\/\/www.champmarket.com\/#organization\"},\"potentialAction\":[{\"@type\":\"SearchAction\",\"target\":{\"@type\":\"EntryPoint\",\"urlTemplate\":\"https:\/\/www.champmarket.com\/?s={search_term_string}\"},\"query-input\":{\"@type\":\"PropertyValueSpecification\",\"valueRequired\":true,\"valueName\":\"search_term_string\"}}],\"inLanguage\":\"it-IT\"},{\"@type\":\"Organization\",\"@id\":\"https:\/\/www.champmarket.com\/#organization\",\"name\":\"Champmarket\",\"url\":\"https:\/\/www.champmarket.com\/\",\"logo\":{\"@type\":\"ImageObject\",\"inLanguage\":\"it-IT\",\"@id\":\"https:\/\/www.champmarket.com\/#\/schema\/logo\/image\/\",\"url\":\"https:\/\/www.champmarket.com\/wp-content\/uploads\/2024\/08\/logo2024-1.svg\",\"contentUrl\":\"https:\/\/www.champmarket.com\/wp-content\/uploads\/2024\/08\/logo2024-1.svg\",\"width\":579.8,\"height\":80,\"caption\":\"Champmarket\"},\"image\":{\"@id\":\"https:\/\/www.champmarket.com\/#\/schema\/logo\/image\/\"},\"sameAs\":[\"https:\/\/www.facebook.com\/ChampMarket\/\",\"https:\/\/x.com\/champmarket\",\"https:\/\/www.instagram.com\/champmarket.paris\/\",\"https:\/\/www.pinterest.fr\/champmarketparis\/\",\"https:\/\/www.linkedin.com\/company\/champmarket\/\"]}]}<\/script>\n<!-- \/ Yoast SEO plugin. -->","yoast_head_json":{"title":"Veuve Clicquot Vintage Ros\u00e9 2015 Bottiglia - Champmarket","description":"Veuve Clicquot Vintage Ros\u00e9 2015 \u00e8 l'espressione di una vendemmia prodigiosa, che ha sfidato le delicate condizioni climatiche della Champagne. Con una potenza e una ricchezza aromatica tipiche dello stile Veuve Clicquot Vintage.","robots":{"index":"index","follow":"follow","max-snippet":"max-snippet:-1","max-image-preview":"max-image-preview:large","max-video-preview":"max-video-preview:-1"},"canonical":"https:\/\/www.champmarket.com\/it\/champagne\/veuve-clicquot-vintage-rose-2015-bottiglia\/","og_locale":"it_IT","og_type":"article","og_title":"Veuve Clicquot Vintage Ros\u00e9 2015 Bottiglia - Champmarket","og_description":"Veuve Clicquot Vintage Ros\u00e9 2015 \u00e8 l'espressione di una vendemmia prodigiosa, che ha sfidato le delicate condizioni climatiche della Champagne. Con una potenza e una ricchezza aromatica tipiche dello stile Veuve Clicquot Vintage.","og_url":"https:\/\/www.champmarket.com\/it\/champagne\/veuve-clicquot-vintage-rose-2015-bottiglia\/","og_site_name":"Champmarket","article_publisher":"https:\/\/www.facebook.com\/ChampMarket\/","article_modified_time":"2024-07-22T12:21:16+00:00","og_image":[{"width":1400,"height":1400,"url":"https:\/\/www.champmarket.com\/wp-content\/uploads\/2023\/10\/veuve-clicquot-vintage-rose-2015-bouteille.webp","type":"image\/webp"}],"twitter_card":"summary_large_image","twitter_site":"@champmarket","twitter_misc":{"Tempo di lettura stimato":"1 minuto"},"schema":{"@context":"https:\/\/schema.org","@graph":[{"@type":"WebPage","@id":"https:\/\/www.champmarket.com\/it\/champagne\/veuve-clicquot-vintage-rose-2015-bottiglia\/","url":"https:\/\/www.champmarket.com\/it\/champagne\/veuve-clicquot-vintage-rose-2015-bottiglia\/","name":"Veuve Clicquot Vintage Ros\u00e9 2015 Bottiglia - Champmarket","isPartOf":{"@id":"https:\/\/www.champmarket.com\/#website"},"primaryImageOfPage":{"@id":"https:\/\/www.champmarket.com\/it\/champagne\/veuve-clicquot-vintage-rose-2015-bottiglia\/#primaryimage"},"image":{"@id":"https:\/\/www.champmarket.com\/it\/champagne\/veuve-clicquot-vintage-rose-2015-bottiglia\/#primaryimage"},"thumbnailUrl":"https:\/\/www.champmarket.com\/wp-content\/uploads\/2023\/10\/veuve-clicquot-vintage-rose-2015-bouteille.webp","datePublished":"2023-10-06T07:34:51+00:00","dateModified":"2024-07-22T12:21:16+00:00","description":"Veuve Clicquot Vintage Ros\u00e9 2015 \u00e8 l'espressione di una vendemmia prodigiosa, che ha sfidato le delicate condizioni climatiche della Champagne. Con una potenza e una ricchezza aromatica tipiche dello stile Veuve Clicquot Vintage.","breadcrumb":{"@id":"https:\/\/www.champmarket.com\/it\/champagne\/veuve-clicquot-vintage-rose-2015-bottiglia\/#breadcrumb"},"inLanguage":"it-IT","potentialAction":[{"@type":"ReadAction","target":["https:\/\/www.champmarket.com\/it\/champagne\/veuve-clicquot-vintage-rose-2015-bottiglia\/"]}]},{"@type":"ImageObject","inLanguage":"it-IT","@id":"https:\/\/www.champmarket.com\/it\/champagne\/veuve-clicquot-vintage-rose-2015-bottiglia\/#primaryimage","url":"https:\/\/www.champmarket.com\/wp-content\/uploads\/2023\/10\/veuve-clicquot-vintage-rose-2015-bouteille.webp","contentUrl":"https:\/\/www.champmarket.com\/wp-content\/uploads\/2023\/10\/veuve-clicquot-vintage-rose-2015-bouteille.webp","width":1400,"height":1400,"caption":"Champagne Veuve Clicquot Vintage Ros\u00e9 2015 - Champmarket"},{"@type":"BreadcrumbList","@id":"https:\/\/www.champmarket.com\/it\/champagne\/veuve-clicquot-vintage-rose-2015-bottiglia\/#breadcrumb","itemListElement":[{"@type":"ListItem","position":1,"name":"Home","item":"https:\/\/www.champmarket.com\/it\/acquista-champagne-online-champmarket\/"},{"@type":"ListItem","position":2,"name":"Shop","item":"https:\/\/www.champmarket.com\/it\/shop\/"},{"@type":"ListItem","position":3,"name":"Veuve Clicquot","item":"https:\/\/www.champmarket.com\/it\/maisons\/selection-champagne-veuve-clicquot-it\/"},{"@type":"ListItem","position":4,"name":"Veuve Clicquot Vintage Ros\u00e9 2015 Bottiglia"}]},{"@type":"WebSite","@id":"https:\/\/www.champmarket.com\/#website","url":"https:\/\/www.champmarket.com\/","name":"Champmarket","description":"Champmarket, Champagnes, Cadeaux et Art de Vivre","publisher":{"@id":"https:\/\/www.champmarket.com\/#organization"},"potentialAction":[{"@type":"SearchAction","target":{"@type":"EntryPoint","urlTemplate":"https:\/\/www.champmarket.com\/?s={search_term_string}"},"query-input":{"@type":"PropertyValueSpecification","valueRequired":true,"valueName":"search_term_string"}}],"inLanguage":"it-IT"},{"@type":"Organization","@id":"https:\/\/www.champmarket.com\/#organization","name":"Champmarket","url":"https:\/\/www.champmarket.com\/","logo":{"@type":"ImageObject","inLanguage":"it-IT","@id":"https:\/\/www.champmarket.com\/#\/schema\/logo\/image\/","url":"https:\/\/www.champmarket.com\/wp-content\/uploads\/2024\/08\/logo2024-1.svg","contentUrl":"https:\/\/www.champmarket.com\/wp-content\/uploads\/2024\/08\/logo2024-1.svg","width":579.8,"height":80,"caption":"Champmarket"},"image":{"@id":"https:\/\/www.champmarket.com\/#\/schema\/logo\/image\/"},"sameAs":["https:\/\/www.facebook.com\/ChampMarket\/","https:\/\/x.com\/champmarket","https:\/\/www.instagram.com\/champmarket.paris\/","https:\/\/www.pinterest.fr\/champmarketparis\/","https:\/\/www.linkedin.com\/company\/champmarket\/"]}]}},"_links":{"self":[{"href":"https:\/\/www.champmarket.com\/it\/wp-json\/wp\/v2\/product\/59521","targetHints":{"allow":["GET"]}}],"collection":[{"href":"https:\/\/www.champmarket.com\/it\/wp-json\/wp\/v2\/product"}],"about":[{"href":"https:\/\/www.champmarket.com\/it\/wp-json\/wp\/v2\/types\/product"}],"version-history":[{"count":3,"href":"https:\/\/www.champmarket.com\/it\/wp-json\/wp\/v2\/product\/59521\/revisions"}],"predecessor-version":[{"id":69769,"href":"https:\/\/www.champmarket.com\/it\/wp-json\/wp\/v2\/product\/59521\/revisions\/69769"}],"wp:featuredmedia":[{"embeddable":true,"href":"https:\/\/www.champmarket.com\/it\/wp-json\/wp\/v2\/media\/59850"}],"wp:attachment":[{"href":"https:\/\/www.champmarket.com\/it\/wp-json\/wp\/v2\/media?parent=59521"}],"wp:term":[{"taxonomy":"product_brand","embeddable":true,"href":"https:\/\/www.champmarket.com\/it\/wp-json\/wp\/v2\/product_brand?post=59521"},{"taxonomy":"product_cat","embeddable":true,"href":"https:\/\/www.champmarket.com\/it\/wp-json\/wp\/v2\/product_cat?post=59521"},{"taxonomy":"product_tag","embeddable":true,"href":"https:\/\/www.champmarket.com\/it\/wp-json\/wp\/v2\/product_tag?post=59521"}],"curies":[{"name":"wp","href":"https:\/\/api.w.org\/{rel}","templated":true}]}}