{"id":60390,"date":"2023-10-12T15:12:10","date_gmt":"2023-10-25T15:05:48","guid":{"rendered":"https:\/\/www.champmarket.com\/champagne\/vranken-diamant-blanc-de-blancs-bottiglia-con-astuccio\/"},"modified":"2023-10-25T17:40:50","modified_gmt":"2023-10-25T15:40:50","slug":"vranken-diamant-blanc-de-blancs-bouteille-etui","status":"publish","type":"product","link":"https:\/\/www.champmarket.com\/it\/champagne\/vranken-diamant-blanc-de-blancs-bouteille-etui\/","title":{"rendered":"Vranken Diamant Blanc de Blancs -bottiglia con astuccio"},"content":{"rendered":"<p>Lo spirito Diamant: A partire dalle vigne, poi trovare il giusto equilibrio tra Pinot Noir e Chardonnay, trovare l&#8217;assemblaggio giusto, quello che non ha eguali, quello che definisce lo spirito del vino, il suo carattere, quello che \u00e8 riconosciuto ai quattro angoli del mondo, e infine quello a cui siamo affezionati e che, anno dopo anno, non deve cambiare.<\/p>\n<p>Per s\u00e9 o come offrire, la sua elegante astuccio \u00e8 adatta a tutte le occasioni.<\/p>\n","protected":false},"excerpt":{"rendered":"<p>Il Vranken Diamant Blanc de-blancs con astuccio \u00e8 l&#8217;epitome della raffinatezza, che unisce qualit\u00e0 e bellezza. Poetico e senza tempo, Diamant \u00e8 un nome magico per una cuv\u00e9es leggendaria che delizier\u00e0 gli esteti e gli amanti delle bottiglie pregiate.<\/p>\n","protected":false},"featured_media":60022,"template":"","meta":{"_acf_changed":false},"product_brand":[],"product_cat":[2387,3433,2238,2775,2370,2223,2224],"product_tag":[2240,2228,2255,2229],"class_list":{"0":"post-60390","1":"product","2":"type-product","3":"status-publish","4":"has-post-thumbnail","6":"maisons-selection-champagne-vranken-it","7":"product_cat-categorie-maisons-de-champagne-it","8":"product_cat-vranken-it","9":"product_cat-bouteilles-it","10":"product_cat-tutti-gli-champagne","11":"product_cat-champagne-blanc-de-blancs-it","12":"product_cat-aperitif-it","13":"product_cat-repas-it","14":"product_tag-100-chardonnay-it","15":"product_tag-aperitif-it","16":"product_tag-pour-offrir-it","17":"product_tag-per-un-pasto-con-champagne","19":"first","20":"instock","21":"taxable","22":"shipping-taxable","23":"purchasable","24":"product-type-simple"},"acf":[],"yoast_head":"<!-- This site is optimized with the Yoast SEO plugin v26.4 - https:\/\/yoast.com\/wordpress\/plugins\/seo\/ -->\n<title>Vranken Diamant Blanc de Blancs -bottiglia con astuccio - Champmarket<\/title>\n<meta name=\"description\" content=\"Il Vranken Diamant Blanc de-blancs con astuccio \u00e8 l&#039;epitome della raffinatezza, che unisce qualit\u00e0 e bellezza. Poetico e senza tempo, Diamant \u00e8 un nome magico per una cuv\u00e9es leggendaria.\" \/>\n<meta name=\"robots\" content=\"index, follow, max-snippet:-1, max-image-preview:large, max-video-preview:-1\" \/>\n<link rel=\"canonical\" href=\"https:\/\/www.champmarket.com\/it\/champagne\/vranken-diamant-blanc-de-blancs-bouteille-etui\/\" \/>\n<meta property=\"og:locale\" content=\"it_IT\" \/>\n<meta property=\"og:type\" content=\"article\" \/>\n<meta property=\"og:title\" content=\"Vranken Diamant Blanc de Blancs -bottiglia con astuccio - Champmarket\" \/>\n<meta property=\"og:description\" content=\"Il Vranken Diamant Blanc de-blancs con astuccio \u00e8 l&#039;epitome della raffinatezza, che unisce qualit\u00e0 e bellezza. Poetico e senza tempo, Diamant \u00e8 un nome magico per una cuv\u00e9es leggendaria.\" \/>\n<meta property=\"og:url\" content=\"https:\/\/www.champmarket.com\/it\/champagne\/vranken-diamant-blanc-de-blancs-bouteille-etui\/\" \/>\n<meta property=\"og:site_name\" content=\"Champmarket\" \/>\n<meta property=\"article:publisher\" content=\"https:\/\/www.facebook.com\/ChampMarket\/\" \/>\n<meta property=\"article:modified_time\" content=\"2023-10-25T15:40:50+00:00\" \/>\n<meta property=\"og:image\" content=\"https:\/\/www.champmarket.com\/wp-content\/uploads\/2023\/10\/vranken-diamant-blanc-de-blancs-bouteille-etui.webp\" \/>\n\t<meta property=\"og:image:width\" content=\"1400\" \/>\n\t<meta property=\"og:image:height\" content=\"1400\" \/>\n\t<meta property=\"og:image:type\" content=\"image\/webp\" \/>\n<meta name=\"twitter:card\" content=\"summary_large_image\" \/>\n<meta name=\"twitter:site\" content=\"@champmarket\" \/>\n<meta name=\"twitter:label1\" content=\"Tempo di lettura stimato\" \/>\n\t<meta name=\"twitter:data1\" content=\"1 minuto\" \/>\n<script type=\"application\/ld+json\" class=\"yoast-schema-graph\">{\"@context\":\"https:\/\/schema.org\",\"@graph\":[{\"@type\":\"WebPage\",\"@id\":\"https:\/\/www.champmarket.com\/it\/champagne\/vranken-diamant-blanc-de-blancs-bouteille-etui\/\",\"url\":\"https:\/\/www.champmarket.com\/it\/champagne\/vranken-diamant-blanc-de-blancs-bouteille-etui\/\",\"name\":\"Vranken Diamant Blanc de Blancs -bottiglia con astuccio - Champmarket\",\"isPartOf\":{\"@id\":\"https:\/\/www.champmarket.com\/#website\"},\"primaryImageOfPage\":{\"@id\":\"https:\/\/www.champmarket.com\/it\/champagne\/vranken-diamant-blanc-de-blancs-bouteille-etui\/#primaryimage\"},\"image\":{\"@id\":\"https:\/\/www.champmarket.com\/it\/champagne\/vranken-diamant-blanc-de-blancs-bouteille-etui\/#primaryimage\"},\"thumbnailUrl\":\"https:\/\/www.champmarket.com\/wp-content\/uploads\/2023\/10\/vranken-diamant-blanc-de-blancs-bouteille-etui.webp\",\"datePublished\":\"2023-10-25T15:05:48+00:00\",\"dateModified\":\"2023-10-25T15:40:50+00:00\",\"description\":\"Il Vranken Diamant Blanc de-blancs con astuccio \u00e8 l'epitome della raffinatezza, che unisce qualit\u00e0 e bellezza. Poetico e senza tempo, Diamant \u00e8 un nome magico per una cuv\u00e9es leggendaria.\",\"breadcrumb\":{\"@id\":\"https:\/\/www.champmarket.com\/it\/champagne\/vranken-diamant-blanc-de-blancs-bouteille-etui\/#breadcrumb\"},\"inLanguage\":\"it-IT\",\"potentialAction\":[{\"@type\":\"ReadAction\",\"target\":[\"https:\/\/www.champmarket.com\/it\/champagne\/vranken-diamant-blanc-de-blancs-bouteille-etui\/\"]}]},{\"@type\":\"ImageObject\",\"inLanguage\":\"it-IT\",\"@id\":\"https:\/\/www.champmarket.com\/it\/champagne\/vranken-diamant-blanc-de-blancs-bouteille-etui\/#primaryimage\",\"url\":\"https:\/\/www.champmarket.com\/wp-content\/uploads\/2023\/10\/vranken-diamant-blanc-de-blancs-bouteille-etui.webp\",\"contentUrl\":\"https:\/\/www.champmarket.com\/wp-content\/uploads\/2023\/10\/vranken-diamant-blanc-de-blancs-bouteille-etui.webp\",\"width\":1400,\"height\":1400,\"caption\":\"Champagne Vranken Diamant Blanc de Blancs - Champmarket\"},{\"@type\":\"BreadcrumbList\",\"@id\":\"https:\/\/www.champmarket.com\/it\/champagne\/vranken-diamant-blanc-de-blancs-bouteille-etui\/#breadcrumb\",\"itemListElement\":[{\"@type\":\"ListItem\",\"position\":1,\"name\":\"Home\",\"item\":\"https:\/\/www.champmarket.com\/it\/acquista-champagne-online-champmarket\/\"},{\"@type\":\"ListItem\",\"position\":2,\"name\":\"Shop\",\"item\":\"https:\/\/www.champmarket.com\/it\/shop\/\"},{\"@type\":\"ListItem\",\"position\":3,\"name\":\"Vranken\",\"item\":\"https:\/\/www.champmarket.com\/it\/maisons\/selection-champagne-vranken-it\/\"},{\"@type\":\"ListItem\",\"position\":4,\"name\":\"Vranken Diamant Blanc de Blancs -bottiglia con astuccio\"}]},{\"@type\":\"WebSite\",\"@id\":\"https:\/\/www.champmarket.com\/#website\",\"url\":\"https:\/\/www.champmarket.com\/\",\"name\":\"Champmarket\",\"description\":\"Champmarket, Champagnes, Cadeaux et Art de Vivre\",\"publisher\":{\"@id\":\"https:\/\/www.champmarket.com\/#organization\"},\"potentialAction\":[{\"@type\":\"SearchAction\",\"target\":{\"@type\":\"EntryPoint\",\"urlTemplate\":\"https:\/\/www.champmarket.com\/?s={search_term_string}\"},\"query-input\":{\"@type\":\"PropertyValueSpecification\",\"valueRequired\":true,\"valueName\":\"search_term_string\"}}],\"inLanguage\":\"it-IT\"},{\"@type\":\"Organization\",\"@id\":\"https:\/\/www.champmarket.com\/#organization\",\"name\":\"Champmarket\",\"url\":\"https:\/\/www.champmarket.com\/\",\"logo\":{\"@type\":\"ImageObject\",\"inLanguage\":\"it-IT\",\"@id\":\"https:\/\/www.champmarket.com\/#\/schema\/logo\/image\/\",\"url\":\"https:\/\/www.champmarket.com\/wp-content\/uploads\/2024\/08\/logo2024-1.svg\",\"contentUrl\":\"https:\/\/www.champmarket.com\/wp-content\/uploads\/2024\/08\/logo2024-1.svg\",\"width\":579.8,\"height\":80,\"caption\":\"Champmarket\"},\"image\":{\"@id\":\"https:\/\/www.champmarket.com\/#\/schema\/logo\/image\/\"},\"sameAs\":[\"https:\/\/www.facebook.com\/ChampMarket\/\",\"https:\/\/x.com\/champmarket\",\"https:\/\/www.instagram.com\/champmarket.paris\/\",\"https:\/\/www.pinterest.fr\/champmarketparis\/\",\"https:\/\/www.linkedin.com\/company\/champmarket\/\"]}]}<\/script>\n<!-- \/ Yoast SEO plugin. -->","yoast_head_json":{"title":"Vranken Diamant Blanc de Blancs -bottiglia con astuccio - Champmarket","description":"Il Vranken Diamant Blanc de-blancs con astuccio \u00e8 l'epitome della raffinatezza, che unisce qualit\u00e0 e bellezza. Poetico e senza tempo, Diamant \u00e8 un nome magico per una cuv\u00e9es leggendaria.","robots":{"index":"index","follow":"follow","max-snippet":"max-snippet:-1","max-image-preview":"max-image-preview:large","max-video-preview":"max-video-preview:-1"},"canonical":"https:\/\/www.champmarket.com\/it\/champagne\/vranken-diamant-blanc-de-blancs-bouteille-etui\/","og_locale":"it_IT","og_type":"article","og_title":"Vranken Diamant Blanc de Blancs -bottiglia con astuccio - Champmarket","og_description":"Il Vranken Diamant Blanc de-blancs con astuccio \u00e8 l'epitome della raffinatezza, che unisce qualit\u00e0 e bellezza. Poetico e senza tempo, Diamant \u00e8 un nome magico per una cuv\u00e9es leggendaria.","og_url":"https:\/\/www.champmarket.com\/it\/champagne\/vranken-diamant-blanc-de-blancs-bouteille-etui\/","og_site_name":"Champmarket","article_publisher":"https:\/\/www.facebook.com\/ChampMarket\/","article_modified_time":"2023-10-25T15:40:50+00:00","og_image":[{"width":1400,"height":1400,"url":"https:\/\/www.champmarket.com\/wp-content\/uploads\/2023\/10\/vranken-diamant-blanc-de-blancs-bouteille-etui.webp","type":"image\/webp"}],"twitter_card":"summary_large_image","twitter_site":"@champmarket","twitter_misc":{"Tempo di lettura stimato":"1 minuto"},"schema":{"@context":"https:\/\/schema.org","@graph":[{"@type":"WebPage","@id":"https:\/\/www.champmarket.com\/it\/champagne\/vranken-diamant-blanc-de-blancs-bouteille-etui\/","url":"https:\/\/www.champmarket.com\/it\/champagne\/vranken-diamant-blanc-de-blancs-bouteille-etui\/","name":"Vranken Diamant Blanc de Blancs -bottiglia con astuccio - Champmarket","isPartOf":{"@id":"https:\/\/www.champmarket.com\/#website"},"primaryImageOfPage":{"@id":"https:\/\/www.champmarket.com\/it\/champagne\/vranken-diamant-blanc-de-blancs-bouteille-etui\/#primaryimage"},"image":{"@id":"https:\/\/www.champmarket.com\/it\/champagne\/vranken-diamant-blanc-de-blancs-bouteille-etui\/#primaryimage"},"thumbnailUrl":"https:\/\/www.champmarket.com\/wp-content\/uploads\/2023\/10\/vranken-diamant-blanc-de-blancs-bouteille-etui.webp","datePublished":"2023-10-25T15:05:48+00:00","dateModified":"2023-10-25T15:40:50+00:00","description":"Il Vranken Diamant Blanc de-blancs con astuccio \u00e8 l'epitome della raffinatezza, che unisce qualit\u00e0 e bellezza. Poetico e senza tempo, Diamant \u00e8 un nome magico per una cuv\u00e9es leggendaria.","breadcrumb":{"@id":"https:\/\/www.champmarket.com\/it\/champagne\/vranken-diamant-blanc-de-blancs-bouteille-etui\/#breadcrumb"},"inLanguage":"it-IT","potentialAction":[{"@type":"ReadAction","target":["https:\/\/www.champmarket.com\/it\/champagne\/vranken-diamant-blanc-de-blancs-bouteille-etui\/"]}]},{"@type":"ImageObject","inLanguage":"it-IT","@id":"https:\/\/www.champmarket.com\/it\/champagne\/vranken-diamant-blanc-de-blancs-bouteille-etui\/#primaryimage","url":"https:\/\/www.champmarket.com\/wp-content\/uploads\/2023\/10\/vranken-diamant-blanc-de-blancs-bouteille-etui.webp","contentUrl":"https:\/\/www.champmarket.com\/wp-content\/uploads\/2023\/10\/vranken-diamant-blanc-de-blancs-bouteille-etui.webp","width":1400,"height":1400,"caption":"Champagne Vranken Diamant Blanc de Blancs - Champmarket"},{"@type":"BreadcrumbList","@id":"https:\/\/www.champmarket.com\/it\/champagne\/vranken-diamant-blanc-de-blancs-bouteille-etui\/#breadcrumb","itemListElement":[{"@type":"ListItem","position":1,"name":"Home","item":"https:\/\/www.champmarket.com\/it\/acquista-champagne-online-champmarket\/"},{"@type":"ListItem","position":2,"name":"Shop","item":"https:\/\/www.champmarket.com\/it\/shop\/"},{"@type":"ListItem","position":3,"name":"Vranken","item":"https:\/\/www.champmarket.com\/it\/maisons\/selection-champagne-vranken-it\/"},{"@type":"ListItem","position":4,"name":"Vranken Diamant Blanc de Blancs -bottiglia con astuccio"}]},{"@type":"WebSite","@id":"https:\/\/www.champmarket.com\/#website","url":"https:\/\/www.champmarket.com\/","name":"Champmarket","description":"Champmarket, Champagnes, Cadeaux et Art de Vivre","publisher":{"@id":"https:\/\/www.champmarket.com\/#organization"},"potentialAction":[{"@type":"SearchAction","target":{"@type":"EntryPoint","urlTemplate":"https:\/\/www.champmarket.com\/?s={search_term_string}"},"query-input":{"@type":"PropertyValueSpecification","valueRequired":true,"valueName":"search_term_string"}}],"inLanguage":"it-IT"},{"@type":"Organization","@id":"https:\/\/www.champmarket.com\/#organization","name":"Champmarket","url":"https:\/\/www.champmarket.com\/","logo":{"@type":"ImageObject","inLanguage":"it-IT","@id":"https:\/\/www.champmarket.com\/#\/schema\/logo\/image\/","url":"https:\/\/www.champmarket.com\/wp-content\/uploads\/2024\/08\/logo2024-1.svg","contentUrl":"https:\/\/www.champmarket.com\/wp-content\/uploads\/2024\/08\/logo2024-1.svg","width":579.8,"height":80,"caption":"Champmarket"},"image":{"@id":"https:\/\/www.champmarket.com\/#\/schema\/logo\/image\/"},"sameAs":["https:\/\/www.facebook.com\/ChampMarket\/","https:\/\/x.com\/champmarket","https:\/\/www.instagram.com\/champmarket.paris\/","https:\/\/www.pinterest.fr\/champmarketparis\/","https:\/\/www.linkedin.com\/company\/champmarket\/"]}]}},"_links":{"self":[{"href":"https:\/\/www.champmarket.com\/it\/wp-json\/wp\/v2\/product\/60390","targetHints":{"allow":["GET"]}}],"collection":[{"href":"https:\/\/www.champmarket.com\/it\/wp-json\/wp\/v2\/product"}],"about":[{"href":"https:\/\/www.champmarket.com\/it\/wp-json\/wp\/v2\/types\/product"}],"version-history":[{"count":1,"href":"https:\/\/www.champmarket.com\/it\/wp-json\/wp\/v2\/product\/60390\/revisions"}],"predecessor-version":[{"id":60407,"href":"https:\/\/www.champmarket.com\/it\/wp-json\/wp\/v2\/product\/60390\/revisions\/60407"}],"wp:featuredmedia":[{"embeddable":true,"href":"https:\/\/www.champmarket.com\/it\/wp-json\/wp\/v2\/media\/60022"}],"wp:attachment":[{"href":"https:\/\/www.champmarket.com\/it\/wp-json\/wp\/v2\/media?parent=60390"}],"wp:term":[{"taxonomy":"product_brand","embeddable":true,"href":"https:\/\/www.champmarket.com\/it\/wp-json\/wp\/v2\/product_brand?post=60390"},{"taxonomy":"product_cat","embeddable":true,"href":"https:\/\/www.champmarket.com\/it\/wp-json\/wp\/v2\/product_cat?post=60390"},{"taxonomy":"product_tag","embeddable":true,"href":"https:\/\/www.champmarket.com\/it\/wp-json\/wp\/v2\/product_tag?post=60390"}],"curies":[{"name":"wp","href":"https:\/\/api.w.org\/{rel}","templated":true}]}}