{"id":60545,"date":"2023-11-02T20:49:21","date_gmt":"2023-11-02T19:49:22","guid":{"rendered":"https:\/\/www.champmarket.com\/?post_type=product&#038;p=60545"},"modified":"2024-07-18T15:05:02","modified_gmt":"2024-07-18T13:05:02","slug":"barons-de-rothschild-rare-collection-blanc-de-blancs-2013-bottiglia-con-astuccio","status":"publish","type":"product","link":"https:\/\/www.champmarket.com\/it\/champagne\/barons-de-rothschild-rare-collection-blanc-de-blancs-2013-bottiglia-con-astuccio\/","title":{"rendered":"Barons de Rothschild Rare Collection Blanc de Blancs 2013 Bottiglia con astuccio"},"content":{"rendered":"<p>Barons de Rothschild Rare Collection Blanc de Blancs 2013 con cofanetto \u00e8 prodotto in quantit\u00e0 molto limitate e beneficia della stessa cura dei migliori vini della Famiglia Rothschild.<\/p>\n<p>Quando la Maison di Champagne \u00e8 stata fondata nel 2005, la famiglia Rothschild si \u00e8 insediata nella Champagne con l&#8217;unica ambizione di raggiungere l&#8217;eccellenza. Meno di un anno dopo, la creazione di una cuv\u00e9e eccezionale posta sotto il segno di una grande annata, come i vini dei loro pi\u00f9 grandi Ch\u00e2teaux, ha completato le sue fondamenta.<\/p>\n<p>Per s\u00e9 o come regalo, l&#8217;elegante confezione regalo \u00e8 perfetta per ogni occasione.<\/p>\n","protected":false},"excerpt":{"rendered":"<p>La cuv\u00e9e di prestigio Barons de Rothschild Rare Collection Blanc de Blancs 2012, prodotta in quantit\u00e0 molto limitata, esprime la quintessenza dello stile Barons de Rothschild. Questo champagne \u00e8 la perfetta armonia tra freschezza e carattere.<\/p>\n","protected":false},"featured_media":60528,"template":"","meta":{"_acf_changed":false},"product_brand":[],"product_cat":[3366,3317,3307,2387,2391,2238,2776,2775,2370,2225,2375,2224],"product_tag":[2240,2248,2255,2231,2229,2232],"class_list":{"0":"post-60545","1":"product","2":"type-product","3":"status-publish","4":"has-post-thumbnail","6":"maisons-selection-champagne-barons-de-rothschild-it","7":"product_cat-champagne-di-natale","8":"product_cat-i-migliori-champagne","9":"product_cat-tutti-gli-champagne-e-i-set-regalo-esclusivi","10":"product_cat-categorie-maisons-de-champagne-it","11":"product_cat-categorie-barons-de-rothschild-it","12":"product_cat-bouteilles-it","13":"product_cat-nuovi-prodotti-it","14":"product_cat-tutti-gli-champagne","15":"product_cat-champagne-blanc-de-blancs-it","16":"product_cat-champagne-millesime-it","17":"product_cat-champagne-prestige-it","18":"product_cat-repas-it","19":"product_tag-100-chardonnay-it","20":"product_tag-haute-couture-it","21":"product_tag-pour-offrir-it","22":"product_tag-cocktail-event-it","23":"product_tag-per-un-pasto-con-champagne","24":"product_tag-vintage-it","26":"first","27":"outofstock","28":"taxable","29":"shipping-taxable","30":"purchasable","31":"product-type-simple"},"acf":[],"yoast_head":"<!-- This site is optimized with the Yoast SEO plugin v26.4 - https:\/\/yoast.com\/wordpress\/plugins\/seo\/ -->\n<title>Barons de Rothschild Rare Collection Blanc de Blancs 2013 Bottiglia con astuccio - Champmarket<\/title>\n<meta name=\"description\" content=\"La cuv\u00e9e di prestigio Barons de Rothschild Rare Collection Blanc de Blancs 2013, prodotta in quantit\u00e0 molto limitata, esprime la quintessenza dello stile Barons de Rothschild. Questo champagne \u00e8 la perfetta armonia tra freschezza e carattere.\" \/>\n<meta name=\"robots\" content=\"index, follow, max-snippet:-1, max-image-preview:large, max-video-preview:-1\" \/>\n<link rel=\"canonical\" href=\"https:\/\/www.champmarket.com\/it\/champagne\/barons-de-rothschild-rare-collection-blanc-de-blancs-2013-bottiglia-con-astuccio\/\" \/>\n<meta property=\"og:locale\" content=\"it_IT\" \/>\n<meta property=\"og:type\" content=\"article\" \/>\n<meta property=\"og:title\" content=\"Barons de Rothschild Rare Collection Blanc de Blancs 2013 Bottiglia con astuccio - Champmarket\" \/>\n<meta property=\"og:description\" content=\"La cuv\u00e9e di prestigio Barons de Rothschild Rare Collection Blanc de Blancs 2013, prodotta in quantit\u00e0 molto limitata, esprime la quintessenza dello stile Barons de Rothschild. Questo champagne \u00e8 la perfetta armonia tra freschezza e carattere.\" \/>\n<meta property=\"og:url\" content=\"https:\/\/www.champmarket.com\/it\/champagne\/barons-de-rothschild-rare-collection-blanc-de-blancs-2013-bottiglia-con-astuccio\/\" \/>\n<meta property=\"og:site_name\" content=\"Champmarket\" \/>\n<meta property=\"article:publisher\" content=\"https:\/\/www.facebook.com\/ChampMarket\/\" \/>\n<meta property=\"article:modified_time\" content=\"2024-07-18T13:05:02+00:00\" \/>\n<meta property=\"og:image\" content=\"https:\/\/www.champmarket.com\/wp-content\/uploads\/2023\/11\/barons-de-rothschild-rare-collection-brut-2013-bouteille-coffret.webp\" \/>\n\t<meta property=\"og:image:width\" content=\"1400\" \/>\n\t<meta property=\"og:image:height\" content=\"1400\" \/>\n\t<meta property=\"og:image:type\" content=\"image\/webp\" \/>\n<meta name=\"twitter:card\" content=\"summary_large_image\" \/>\n<meta name=\"twitter:site\" content=\"@champmarket\" \/>\n<meta name=\"twitter:label1\" content=\"Tempo di lettura stimato\" \/>\n\t<meta name=\"twitter:data1\" content=\"1 minuto\" \/>\n<script type=\"application\/ld+json\" class=\"yoast-schema-graph\">{\"@context\":\"https:\/\/schema.org\",\"@graph\":[{\"@type\":\"WebPage\",\"@id\":\"https:\/\/www.champmarket.com\/it\/champagne\/barons-de-rothschild-rare-collection-blanc-de-blancs-2013-bottiglia-con-astuccio\/\",\"url\":\"https:\/\/www.champmarket.com\/it\/champagne\/barons-de-rothschild-rare-collection-blanc-de-blancs-2013-bottiglia-con-astuccio\/\",\"name\":\"Barons de Rothschild Rare Collection Blanc de Blancs 2013 Bottiglia con astuccio - Champmarket\",\"isPartOf\":{\"@id\":\"https:\/\/www.champmarket.com\/#website\"},\"primaryImageOfPage\":{\"@id\":\"https:\/\/www.champmarket.com\/it\/champagne\/barons-de-rothschild-rare-collection-blanc-de-blancs-2013-bottiglia-con-astuccio\/#primaryimage\"},\"image\":{\"@id\":\"https:\/\/www.champmarket.com\/it\/champagne\/barons-de-rothschild-rare-collection-blanc-de-blancs-2013-bottiglia-con-astuccio\/#primaryimage\"},\"thumbnailUrl\":\"https:\/\/www.champmarket.com\/wp-content\/uploads\/2023\/11\/barons-de-rothschild-rare-collection-brut-2013-bouteille-coffret.webp\",\"datePublished\":\"2023-11-02T19:49:22+00:00\",\"dateModified\":\"2024-07-18T13:05:02+00:00\",\"description\":\"La cuv\u00e9e di prestigio Barons de Rothschild Rare Collection Blanc de Blancs 2013, prodotta in quantit\u00e0 molto limitata, esprime la quintessenza dello stile Barons de Rothschild. Questo champagne \u00e8 la perfetta armonia tra freschezza e carattere.\",\"breadcrumb\":{\"@id\":\"https:\/\/www.champmarket.com\/it\/champagne\/barons-de-rothschild-rare-collection-blanc-de-blancs-2013-bottiglia-con-astuccio\/#breadcrumb\"},\"inLanguage\":\"it-IT\",\"potentialAction\":[{\"@type\":\"ReadAction\",\"target\":[\"https:\/\/www.champmarket.com\/it\/champagne\/barons-de-rothschild-rare-collection-blanc-de-blancs-2013-bottiglia-con-astuccio\/\"]}]},{\"@type\":\"ImageObject\",\"inLanguage\":\"it-IT\",\"@id\":\"https:\/\/www.champmarket.com\/it\/champagne\/barons-de-rothschild-rare-collection-blanc-de-blancs-2013-bottiglia-con-astuccio\/#primaryimage\",\"url\":\"https:\/\/www.champmarket.com\/wp-content\/uploads\/2023\/11\/barons-de-rothschild-rare-collection-brut-2013-bouteille-coffret.webp\",\"contentUrl\":\"https:\/\/www.champmarket.com\/wp-content\/uploads\/2023\/11\/barons-de-rothschild-rare-collection-brut-2013-bouteille-coffret.webp\",\"width\":1400,\"height\":1400,\"caption\":\"Champagne Barons de Rothschild Rare Collection Blanc de Blancs 2013 - Champmarket\"},{\"@type\":\"BreadcrumbList\",\"@id\":\"https:\/\/www.champmarket.com\/it\/champagne\/barons-de-rothschild-rare-collection-blanc-de-blancs-2013-bottiglia-con-astuccio\/#breadcrumb\",\"itemListElement\":[{\"@type\":\"ListItem\",\"position\":1,\"name\":\"Home\",\"item\":\"https:\/\/www.champmarket.com\/it\/acquista-champagne-online-champmarket\/\"},{\"@type\":\"ListItem\",\"position\":2,\"name\":\"Shop\",\"item\":\"https:\/\/www.champmarket.com\/it\/shop\/\"},{\"@type\":\"ListItem\",\"position\":3,\"name\":\"Barons de Rothschild\",\"item\":\"https:\/\/www.champmarket.com\/it\/maisons\/selection-champagne-barons-de-rothschild-it\/\"},{\"@type\":\"ListItem\",\"position\":4,\"name\":\"Barons de Rothschild Rare Collection Blanc de Blancs 2013 Bottiglia con astuccio\"}]},{\"@type\":\"WebSite\",\"@id\":\"https:\/\/www.champmarket.com\/#website\",\"url\":\"https:\/\/www.champmarket.com\/\",\"name\":\"Champmarket\",\"description\":\"Champmarket, Champagnes, Cadeaux et Art de Vivre\",\"publisher\":{\"@id\":\"https:\/\/www.champmarket.com\/#organization\"},\"potentialAction\":[{\"@type\":\"SearchAction\",\"target\":{\"@type\":\"EntryPoint\",\"urlTemplate\":\"https:\/\/www.champmarket.com\/?s={search_term_string}\"},\"query-input\":{\"@type\":\"PropertyValueSpecification\",\"valueRequired\":true,\"valueName\":\"search_term_string\"}}],\"inLanguage\":\"it-IT\"},{\"@type\":\"Organization\",\"@id\":\"https:\/\/www.champmarket.com\/#organization\",\"name\":\"Champmarket\",\"url\":\"https:\/\/www.champmarket.com\/\",\"logo\":{\"@type\":\"ImageObject\",\"inLanguage\":\"it-IT\",\"@id\":\"https:\/\/www.champmarket.com\/#\/schema\/logo\/image\/\",\"url\":\"https:\/\/www.champmarket.com\/wp-content\/uploads\/2024\/08\/logo2024-1.svg\",\"contentUrl\":\"https:\/\/www.champmarket.com\/wp-content\/uploads\/2024\/08\/logo2024-1.svg\",\"width\":579.8,\"height\":80,\"caption\":\"Champmarket\"},\"image\":{\"@id\":\"https:\/\/www.champmarket.com\/#\/schema\/logo\/image\/\"},\"sameAs\":[\"https:\/\/www.facebook.com\/ChampMarket\/\",\"https:\/\/x.com\/champmarket\",\"https:\/\/www.instagram.com\/champmarket.paris\/\",\"https:\/\/www.pinterest.fr\/champmarketparis\/\",\"https:\/\/www.linkedin.com\/company\/champmarket\/\"]}]}<\/script>\n<!-- \/ Yoast SEO plugin. -->","yoast_head_json":{"title":"Barons de Rothschild Rare Collection Blanc de Blancs 2013 Bottiglia con astuccio - Champmarket","description":"La cuv\u00e9e di prestigio Barons de Rothschild Rare Collection Blanc de Blancs 2013, prodotta in quantit\u00e0 molto limitata, esprime la quintessenza dello stile Barons de Rothschild. Questo champagne \u00e8 la perfetta armonia tra freschezza e carattere.","robots":{"index":"index","follow":"follow","max-snippet":"max-snippet:-1","max-image-preview":"max-image-preview:large","max-video-preview":"max-video-preview:-1"},"canonical":"https:\/\/www.champmarket.com\/it\/champagne\/barons-de-rothschild-rare-collection-blanc-de-blancs-2013-bottiglia-con-astuccio\/","og_locale":"it_IT","og_type":"article","og_title":"Barons de Rothschild Rare Collection Blanc de Blancs 2013 Bottiglia con astuccio - Champmarket","og_description":"La cuv\u00e9e di prestigio Barons de Rothschild Rare Collection Blanc de Blancs 2013, prodotta in quantit\u00e0 molto limitata, esprime la quintessenza dello stile Barons de Rothschild. Questo champagne \u00e8 la perfetta armonia tra freschezza e carattere.","og_url":"https:\/\/www.champmarket.com\/it\/champagne\/barons-de-rothschild-rare-collection-blanc-de-blancs-2013-bottiglia-con-astuccio\/","og_site_name":"Champmarket","article_publisher":"https:\/\/www.facebook.com\/ChampMarket\/","article_modified_time":"2024-07-18T13:05:02+00:00","og_image":[{"width":1400,"height":1400,"url":"https:\/\/www.champmarket.com\/wp-content\/uploads\/2023\/11\/barons-de-rothschild-rare-collection-brut-2013-bouteille-coffret.webp","type":"image\/webp"}],"twitter_card":"summary_large_image","twitter_site":"@champmarket","twitter_misc":{"Tempo di lettura stimato":"1 minuto"},"schema":{"@context":"https:\/\/schema.org","@graph":[{"@type":"WebPage","@id":"https:\/\/www.champmarket.com\/it\/champagne\/barons-de-rothschild-rare-collection-blanc-de-blancs-2013-bottiglia-con-astuccio\/","url":"https:\/\/www.champmarket.com\/it\/champagne\/barons-de-rothschild-rare-collection-blanc-de-blancs-2013-bottiglia-con-astuccio\/","name":"Barons de Rothschild Rare Collection Blanc de Blancs 2013 Bottiglia con astuccio - Champmarket","isPartOf":{"@id":"https:\/\/www.champmarket.com\/#website"},"primaryImageOfPage":{"@id":"https:\/\/www.champmarket.com\/it\/champagne\/barons-de-rothschild-rare-collection-blanc-de-blancs-2013-bottiglia-con-astuccio\/#primaryimage"},"image":{"@id":"https:\/\/www.champmarket.com\/it\/champagne\/barons-de-rothschild-rare-collection-blanc-de-blancs-2013-bottiglia-con-astuccio\/#primaryimage"},"thumbnailUrl":"https:\/\/www.champmarket.com\/wp-content\/uploads\/2023\/11\/barons-de-rothschild-rare-collection-brut-2013-bouteille-coffret.webp","datePublished":"2023-11-02T19:49:22+00:00","dateModified":"2024-07-18T13:05:02+00:00","description":"La cuv\u00e9e di prestigio Barons de Rothschild Rare Collection Blanc de Blancs 2013, prodotta in quantit\u00e0 molto limitata, esprime la quintessenza dello stile Barons de Rothschild. Questo champagne \u00e8 la perfetta armonia tra freschezza e carattere.","breadcrumb":{"@id":"https:\/\/www.champmarket.com\/it\/champagne\/barons-de-rothschild-rare-collection-blanc-de-blancs-2013-bottiglia-con-astuccio\/#breadcrumb"},"inLanguage":"it-IT","potentialAction":[{"@type":"ReadAction","target":["https:\/\/www.champmarket.com\/it\/champagne\/barons-de-rothschild-rare-collection-blanc-de-blancs-2013-bottiglia-con-astuccio\/"]}]},{"@type":"ImageObject","inLanguage":"it-IT","@id":"https:\/\/www.champmarket.com\/it\/champagne\/barons-de-rothschild-rare-collection-blanc-de-blancs-2013-bottiglia-con-astuccio\/#primaryimage","url":"https:\/\/www.champmarket.com\/wp-content\/uploads\/2023\/11\/barons-de-rothschild-rare-collection-brut-2013-bouteille-coffret.webp","contentUrl":"https:\/\/www.champmarket.com\/wp-content\/uploads\/2023\/11\/barons-de-rothschild-rare-collection-brut-2013-bouteille-coffret.webp","width":1400,"height":1400,"caption":"Champagne Barons de Rothschild Rare Collection Blanc de Blancs 2013 - Champmarket"},{"@type":"BreadcrumbList","@id":"https:\/\/www.champmarket.com\/it\/champagne\/barons-de-rothschild-rare-collection-blanc-de-blancs-2013-bottiglia-con-astuccio\/#breadcrumb","itemListElement":[{"@type":"ListItem","position":1,"name":"Home","item":"https:\/\/www.champmarket.com\/it\/acquista-champagne-online-champmarket\/"},{"@type":"ListItem","position":2,"name":"Shop","item":"https:\/\/www.champmarket.com\/it\/shop\/"},{"@type":"ListItem","position":3,"name":"Barons de Rothschild","item":"https:\/\/www.champmarket.com\/it\/maisons\/selection-champagne-barons-de-rothschild-it\/"},{"@type":"ListItem","position":4,"name":"Barons de Rothschild Rare Collection Blanc de Blancs 2013 Bottiglia con astuccio"}]},{"@type":"WebSite","@id":"https:\/\/www.champmarket.com\/#website","url":"https:\/\/www.champmarket.com\/","name":"Champmarket","description":"Champmarket, Champagnes, Cadeaux et Art de Vivre","publisher":{"@id":"https:\/\/www.champmarket.com\/#organization"},"potentialAction":[{"@type":"SearchAction","target":{"@type":"EntryPoint","urlTemplate":"https:\/\/www.champmarket.com\/?s={search_term_string}"},"query-input":{"@type":"PropertyValueSpecification","valueRequired":true,"valueName":"search_term_string"}}],"inLanguage":"it-IT"},{"@type":"Organization","@id":"https:\/\/www.champmarket.com\/#organization","name":"Champmarket","url":"https:\/\/www.champmarket.com\/","logo":{"@type":"ImageObject","inLanguage":"it-IT","@id":"https:\/\/www.champmarket.com\/#\/schema\/logo\/image\/","url":"https:\/\/www.champmarket.com\/wp-content\/uploads\/2024\/08\/logo2024-1.svg","contentUrl":"https:\/\/www.champmarket.com\/wp-content\/uploads\/2024\/08\/logo2024-1.svg","width":579.8,"height":80,"caption":"Champmarket"},"image":{"@id":"https:\/\/www.champmarket.com\/#\/schema\/logo\/image\/"},"sameAs":["https:\/\/www.facebook.com\/ChampMarket\/","https:\/\/x.com\/champmarket","https:\/\/www.instagram.com\/champmarket.paris\/","https:\/\/www.pinterest.fr\/champmarketparis\/","https:\/\/www.linkedin.com\/company\/champmarket\/"]}]}},"_links":{"self":[{"href":"https:\/\/www.champmarket.com\/it\/wp-json\/wp\/v2\/product\/60545","targetHints":{"allow":["GET"]}}],"collection":[{"href":"https:\/\/www.champmarket.com\/it\/wp-json\/wp\/v2\/product"}],"about":[{"href":"https:\/\/www.champmarket.com\/it\/wp-json\/wp\/v2\/types\/product"}],"version-history":[{"count":3,"href":"https:\/\/www.champmarket.com\/it\/wp-json\/wp\/v2\/product\/60545\/revisions"}],"predecessor-version":[{"id":69508,"href":"https:\/\/www.champmarket.com\/it\/wp-json\/wp\/v2\/product\/60545\/revisions\/69508"}],"wp:featuredmedia":[{"embeddable":true,"href":"https:\/\/www.champmarket.com\/it\/wp-json\/wp\/v2\/media\/60528"}],"wp:attachment":[{"href":"https:\/\/www.champmarket.com\/it\/wp-json\/wp\/v2\/media?parent=60545"}],"wp:term":[{"taxonomy":"product_brand","embeddable":true,"href":"https:\/\/www.champmarket.com\/it\/wp-json\/wp\/v2\/product_brand?post=60545"},{"taxonomy":"product_cat","embeddable":true,"href":"https:\/\/www.champmarket.com\/it\/wp-json\/wp\/v2\/product_cat?post=60545"},{"taxonomy":"product_tag","embeddable":true,"href":"https:\/\/www.champmarket.com\/it\/wp-json\/wp\/v2\/product_tag?post=60545"}],"curies":[{"name":"wp","href":"https:\/\/api.w.org\/{rel}","templated":true}]}}