{"id":60586,"date":"2023-11-06T08:41:27","date_gmt":"2023-11-06T07:41:28","guid":{"rendered":"https:\/\/www.champmarket.com\/?post_type=product&#038;p=60586"},"modified":"2024-07-22T12:16:12","modified_gmt":"2024-07-22T10:16:12","slug":"veuve-clicquot-la-grande-dame-rose-2012-bottiglia","status":"publish","type":"product","link":"https:\/\/www.champmarket.com\/it\/champagne\/veuve-clicquot-la-grande-dame-rose-2012-bottiglia\/","title":{"rendered":"Veuve Clicquot La Grande Dame Ros\u00e9 2012 Bottiglia"},"content":{"rendered":"<p>\u201cLe nostre uve nere fanno i migliori vini bianchi&#8221;: la gloria del Pinot Nero. La Grande Dame rende omaggio a Madame Clicquot. Nel 1818, ella cre\u00f2 il primo blend ros\u00e9 unendo il vino rosso di Bouzy ai suoi vini bianchi. La Grande Dame Ros\u00e9 2012 rispetta la sua visione, con il 90% di Pinot Noir proveniente principalmente dai Grands Crus storici del terroir Veuve Clicquot, pi\u00f9 un vino rosso aggiunto all&#8217;assemblaggio da un&#8217;unica parcella: la parcella \u201cClos Colin\u201d a Bouzy, un terroir Grand Cru.<\/p>\n","protected":false},"excerpt":{"rendered":"<p>La 9\u00aa edizione de La Grande Dame Ros\u00e9 \u00e8 un vino raro ed eccezionale. Fedele alla ricerca della perfezione e allo spirito della Maison, un omaggio a Madame Clicquot, La Grande Dame Ros\u00e9 2012 Veuve Clicquot \u00e8 uno champagne millesimato solare che si esprime con grande eleganza.<\/p>\n","protected":false},"featured_media":60614,"template":"","meta":{"_acf_changed":false},"product_brand":[],"product_cat":[3307,2387,2411,2238,2775,2376,2225,2375,2224],"product_tag":[2248,2228,2250],"class_list":{"0":"post-60586","1":"product","2":"type-product","3":"status-publish","4":"has-post-thumbnail","6":"maisons-selection-champagne-veuve-clicquot-it","7":"product_cat-tutti-gli-champagne-e-i-set-regalo-esclusivi","8":"product_cat-categorie-maisons-de-champagne-it","9":"product_cat-categorie-veuve-clicquot-it","10":"product_cat-bouteilles-it","11":"product_cat-tutti-gli-champagne","12":"product_cat-champagne-rose-it","13":"product_cat-champagne-millesime-it","14":"product_cat-champagne-prestige-it","15":"product_cat-repas-it","16":"product_tag-haute-couture-it","17":"product_tag-aperitif-it","18":"product_tag-la-vie-en-rose-it","20":"first","21":"outofstock","22":"taxable","23":"shipping-taxable","24":"purchasable","25":"product-type-simple"},"acf":[],"yoast_head":"<!-- This site is optimized with the Yoast SEO plugin v26.4 - https:\/\/yoast.com\/wordpress\/plugins\/seo\/ -->\n<title>Veuve Clicquot La Grande Dame Ros\u00e9 2012 Bottiglia - Champmarket<\/title>\n<meta name=\"description\" content=\"Omaggio a Madame Clicquot, La Grande Dame Ros\u00e9 2012 Veuve Clicquot \u00e8 uno champagne millesimato solare che si esprime con grande eleganza.\" \/>\n<meta name=\"robots\" content=\"index, follow, max-snippet:-1, max-image-preview:large, max-video-preview:-1\" \/>\n<link rel=\"canonical\" href=\"https:\/\/www.champmarket.com\/it\/champagne\/veuve-clicquot-la-grande-dame-rose-2012-bottiglia\/\" \/>\n<meta property=\"og:locale\" content=\"it_IT\" \/>\n<meta property=\"og:type\" content=\"article\" \/>\n<meta property=\"og:title\" content=\"Veuve Clicquot La Grande Dame Ros\u00e9 2012 Bottiglia - Champmarket\" \/>\n<meta property=\"og:description\" content=\"Omaggio a Madame Clicquot, La Grande Dame Ros\u00e9 2012 Veuve Clicquot \u00e8 uno champagne millesimato solare che si esprime con grande eleganza.\" \/>\n<meta property=\"og:url\" content=\"https:\/\/www.champmarket.com\/it\/champagne\/veuve-clicquot-la-grande-dame-rose-2012-bottiglia\/\" \/>\n<meta property=\"og:site_name\" content=\"Champmarket\" \/>\n<meta property=\"article:publisher\" content=\"https:\/\/www.facebook.com\/ChampMarket\/\" \/>\n<meta property=\"article:modified_time\" content=\"2024-07-22T10:16:12+00:00\" \/>\n<meta property=\"og:image\" content=\"https:\/\/www.champmarket.com\/wp-content\/uploads\/2023\/11\/veuve-clicquot-la-grande-dame-rose-2012-bouteille.jpg\" \/>\n\t<meta property=\"og:image:width\" content=\"1400\" \/>\n\t<meta property=\"og:image:height\" content=\"1400\" \/>\n\t<meta property=\"og:image:type\" content=\"image\/jpeg\" \/>\n<meta name=\"twitter:card\" content=\"summary_large_image\" \/>\n<meta name=\"twitter:site\" content=\"@champmarket\" \/>\n<meta name=\"twitter:label1\" content=\"Tempo di lettura stimato\" \/>\n\t<meta name=\"twitter:data1\" content=\"1 minuto\" \/>\n<script type=\"application\/ld+json\" class=\"yoast-schema-graph\">{\"@context\":\"https:\/\/schema.org\",\"@graph\":[{\"@type\":\"WebPage\",\"@id\":\"https:\/\/www.champmarket.com\/it\/champagne\/veuve-clicquot-la-grande-dame-rose-2012-bottiglia\/\",\"url\":\"https:\/\/www.champmarket.com\/it\/champagne\/veuve-clicquot-la-grande-dame-rose-2012-bottiglia\/\",\"name\":\"Veuve Clicquot La Grande Dame Ros\u00e9 2012 Bottiglia - Champmarket\",\"isPartOf\":{\"@id\":\"https:\/\/www.champmarket.com\/#website\"},\"primaryImageOfPage\":{\"@id\":\"https:\/\/www.champmarket.com\/it\/champagne\/veuve-clicquot-la-grande-dame-rose-2012-bottiglia\/#primaryimage\"},\"image\":{\"@id\":\"https:\/\/www.champmarket.com\/it\/champagne\/veuve-clicquot-la-grande-dame-rose-2012-bottiglia\/#primaryimage\"},\"thumbnailUrl\":\"https:\/\/www.champmarket.com\/wp-content\/uploads\/2023\/11\/veuve-clicquot-la-grande-dame-rose-2012-bouteille.jpg\",\"datePublished\":\"2023-11-06T07:41:28+00:00\",\"dateModified\":\"2024-07-22T10:16:12+00:00\",\"description\":\"Omaggio a Madame Clicquot, La Grande Dame Ros\u00e9 2012 Veuve Clicquot \u00e8 uno champagne millesimato solare che si esprime con grande eleganza.\",\"breadcrumb\":{\"@id\":\"https:\/\/www.champmarket.com\/it\/champagne\/veuve-clicquot-la-grande-dame-rose-2012-bottiglia\/#breadcrumb\"},\"inLanguage\":\"it-IT\",\"potentialAction\":[{\"@type\":\"ReadAction\",\"target\":[\"https:\/\/www.champmarket.com\/it\/champagne\/veuve-clicquot-la-grande-dame-rose-2012-bottiglia\/\"]}]},{\"@type\":\"ImageObject\",\"inLanguage\":\"it-IT\",\"@id\":\"https:\/\/www.champmarket.com\/it\/champagne\/veuve-clicquot-la-grande-dame-rose-2012-bottiglia\/#primaryimage\",\"url\":\"https:\/\/www.champmarket.com\/wp-content\/uploads\/2023\/11\/veuve-clicquot-la-grande-dame-rose-2012-bouteille.jpg\",\"contentUrl\":\"https:\/\/www.champmarket.com\/wp-content\/uploads\/2023\/11\/veuve-clicquot-la-grande-dame-rose-2012-bouteille.jpg\",\"width\":1400,\"height\":1400,\"caption\":\"Champagne La Grande Dame Ros\u00e9 2012 Veuve Clicquot - Champmarket\"},{\"@type\":\"BreadcrumbList\",\"@id\":\"https:\/\/www.champmarket.com\/it\/champagne\/veuve-clicquot-la-grande-dame-rose-2012-bottiglia\/#breadcrumb\",\"itemListElement\":[{\"@type\":\"ListItem\",\"position\":1,\"name\":\"Home\",\"item\":\"https:\/\/www.champmarket.com\/it\/acquista-champagne-online-champmarket\/\"},{\"@type\":\"ListItem\",\"position\":2,\"name\":\"Shop\",\"item\":\"https:\/\/www.champmarket.com\/it\/shop\/\"},{\"@type\":\"ListItem\",\"position\":3,\"name\":\"Veuve Clicquot\",\"item\":\"https:\/\/www.champmarket.com\/it\/maisons\/selection-champagne-veuve-clicquot-it\/\"},{\"@type\":\"ListItem\",\"position\":4,\"name\":\"Veuve Clicquot La Grande Dame Ros\u00e9 2012 Bottiglia\"}]},{\"@type\":\"WebSite\",\"@id\":\"https:\/\/www.champmarket.com\/#website\",\"url\":\"https:\/\/www.champmarket.com\/\",\"name\":\"Champmarket\",\"description\":\"Champmarket, Champagnes, Cadeaux et Art de Vivre\",\"publisher\":{\"@id\":\"https:\/\/www.champmarket.com\/#organization\"},\"potentialAction\":[{\"@type\":\"SearchAction\",\"target\":{\"@type\":\"EntryPoint\",\"urlTemplate\":\"https:\/\/www.champmarket.com\/?s={search_term_string}\"},\"query-input\":{\"@type\":\"PropertyValueSpecification\",\"valueRequired\":true,\"valueName\":\"search_term_string\"}}],\"inLanguage\":\"it-IT\"},{\"@type\":\"Organization\",\"@id\":\"https:\/\/www.champmarket.com\/#organization\",\"name\":\"Champmarket\",\"url\":\"https:\/\/www.champmarket.com\/\",\"logo\":{\"@type\":\"ImageObject\",\"inLanguage\":\"it-IT\",\"@id\":\"https:\/\/www.champmarket.com\/#\/schema\/logo\/image\/\",\"url\":\"https:\/\/www.champmarket.com\/wp-content\/uploads\/2024\/08\/logo2024-1.svg\",\"contentUrl\":\"https:\/\/www.champmarket.com\/wp-content\/uploads\/2024\/08\/logo2024-1.svg\",\"width\":579.8,\"height\":80,\"caption\":\"Champmarket\"},\"image\":{\"@id\":\"https:\/\/www.champmarket.com\/#\/schema\/logo\/image\/\"},\"sameAs\":[\"https:\/\/www.facebook.com\/ChampMarket\/\",\"https:\/\/x.com\/champmarket\",\"https:\/\/www.instagram.com\/champmarket.paris\/\",\"https:\/\/www.pinterest.fr\/champmarketparis\/\",\"https:\/\/www.linkedin.com\/company\/champmarket\/\"]}]}<\/script>\n<!-- \/ Yoast SEO plugin. -->","yoast_head_json":{"title":"Veuve Clicquot La Grande Dame Ros\u00e9 2012 Bottiglia - Champmarket","description":"Omaggio a Madame Clicquot, La Grande Dame Ros\u00e9 2012 Veuve Clicquot \u00e8 uno champagne millesimato solare che si esprime con grande eleganza.","robots":{"index":"index","follow":"follow","max-snippet":"max-snippet:-1","max-image-preview":"max-image-preview:large","max-video-preview":"max-video-preview:-1"},"canonical":"https:\/\/www.champmarket.com\/it\/champagne\/veuve-clicquot-la-grande-dame-rose-2012-bottiglia\/","og_locale":"it_IT","og_type":"article","og_title":"Veuve Clicquot La Grande Dame Ros\u00e9 2012 Bottiglia - Champmarket","og_description":"Omaggio a Madame Clicquot, La Grande Dame Ros\u00e9 2012 Veuve Clicquot \u00e8 uno champagne millesimato solare che si esprime con grande eleganza.","og_url":"https:\/\/www.champmarket.com\/it\/champagne\/veuve-clicquot-la-grande-dame-rose-2012-bottiglia\/","og_site_name":"Champmarket","article_publisher":"https:\/\/www.facebook.com\/ChampMarket\/","article_modified_time":"2024-07-22T10:16:12+00:00","og_image":[{"width":1400,"height":1400,"url":"https:\/\/www.champmarket.com\/wp-content\/uploads\/2023\/11\/veuve-clicquot-la-grande-dame-rose-2012-bouteille.jpg","type":"image\/jpeg"}],"twitter_card":"summary_large_image","twitter_site":"@champmarket","twitter_misc":{"Tempo di lettura stimato":"1 minuto"},"schema":{"@context":"https:\/\/schema.org","@graph":[{"@type":"WebPage","@id":"https:\/\/www.champmarket.com\/it\/champagne\/veuve-clicquot-la-grande-dame-rose-2012-bottiglia\/","url":"https:\/\/www.champmarket.com\/it\/champagne\/veuve-clicquot-la-grande-dame-rose-2012-bottiglia\/","name":"Veuve Clicquot La Grande Dame Ros\u00e9 2012 Bottiglia - Champmarket","isPartOf":{"@id":"https:\/\/www.champmarket.com\/#website"},"primaryImageOfPage":{"@id":"https:\/\/www.champmarket.com\/it\/champagne\/veuve-clicquot-la-grande-dame-rose-2012-bottiglia\/#primaryimage"},"image":{"@id":"https:\/\/www.champmarket.com\/it\/champagne\/veuve-clicquot-la-grande-dame-rose-2012-bottiglia\/#primaryimage"},"thumbnailUrl":"https:\/\/www.champmarket.com\/wp-content\/uploads\/2023\/11\/veuve-clicquot-la-grande-dame-rose-2012-bouteille.jpg","datePublished":"2023-11-06T07:41:28+00:00","dateModified":"2024-07-22T10:16:12+00:00","description":"Omaggio a Madame Clicquot, La Grande Dame Ros\u00e9 2012 Veuve Clicquot \u00e8 uno champagne millesimato solare che si esprime con grande eleganza.","breadcrumb":{"@id":"https:\/\/www.champmarket.com\/it\/champagne\/veuve-clicquot-la-grande-dame-rose-2012-bottiglia\/#breadcrumb"},"inLanguage":"it-IT","potentialAction":[{"@type":"ReadAction","target":["https:\/\/www.champmarket.com\/it\/champagne\/veuve-clicquot-la-grande-dame-rose-2012-bottiglia\/"]}]},{"@type":"ImageObject","inLanguage":"it-IT","@id":"https:\/\/www.champmarket.com\/it\/champagne\/veuve-clicquot-la-grande-dame-rose-2012-bottiglia\/#primaryimage","url":"https:\/\/www.champmarket.com\/wp-content\/uploads\/2023\/11\/veuve-clicquot-la-grande-dame-rose-2012-bouteille.jpg","contentUrl":"https:\/\/www.champmarket.com\/wp-content\/uploads\/2023\/11\/veuve-clicquot-la-grande-dame-rose-2012-bouteille.jpg","width":1400,"height":1400,"caption":"Champagne La Grande Dame Ros\u00e9 2012 Veuve Clicquot - Champmarket"},{"@type":"BreadcrumbList","@id":"https:\/\/www.champmarket.com\/it\/champagne\/veuve-clicquot-la-grande-dame-rose-2012-bottiglia\/#breadcrumb","itemListElement":[{"@type":"ListItem","position":1,"name":"Home","item":"https:\/\/www.champmarket.com\/it\/acquista-champagne-online-champmarket\/"},{"@type":"ListItem","position":2,"name":"Shop","item":"https:\/\/www.champmarket.com\/it\/shop\/"},{"@type":"ListItem","position":3,"name":"Veuve Clicquot","item":"https:\/\/www.champmarket.com\/it\/maisons\/selection-champagne-veuve-clicquot-it\/"},{"@type":"ListItem","position":4,"name":"Veuve Clicquot La Grande Dame Ros\u00e9 2012 Bottiglia"}]},{"@type":"WebSite","@id":"https:\/\/www.champmarket.com\/#website","url":"https:\/\/www.champmarket.com\/","name":"Champmarket","description":"Champmarket, Champagnes, Cadeaux et Art de Vivre","publisher":{"@id":"https:\/\/www.champmarket.com\/#organization"},"potentialAction":[{"@type":"SearchAction","target":{"@type":"EntryPoint","urlTemplate":"https:\/\/www.champmarket.com\/?s={search_term_string}"},"query-input":{"@type":"PropertyValueSpecification","valueRequired":true,"valueName":"search_term_string"}}],"inLanguage":"it-IT"},{"@type":"Organization","@id":"https:\/\/www.champmarket.com\/#organization","name":"Champmarket","url":"https:\/\/www.champmarket.com\/","logo":{"@type":"ImageObject","inLanguage":"it-IT","@id":"https:\/\/www.champmarket.com\/#\/schema\/logo\/image\/","url":"https:\/\/www.champmarket.com\/wp-content\/uploads\/2024\/08\/logo2024-1.svg","contentUrl":"https:\/\/www.champmarket.com\/wp-content\/uploads\/2024\/08\/logo2024-1.svg","width":579.8,"height":80,"caption":"Champmarket"},"image":{"@id":"https:\/\/www.champmarket.com\/#\/schema\/logo\/image\/"},"sameAs":["https:\/\/www.facebook.com\/ChampMarket\/","https:\/\/x.com\/champmarket","https:\/\/www.instagram.com\/champmarket.paris\/","https:\/\/www.pinterest.fr\/champmarketparis\/","https:\/\/www.linkedin.com\/company\/champmarket\/"]}]}},"_links":{"self":[{"href":"https:\/\/www.champmarket.com\/it\/wp-json\/wp\/v2\/product\/60586","targetHints":{"allow":["GET"]}}],"collection":[{"href":"https:\/\/www.champmarket.com\/it\/wp-json\/wp\/v2\/product"}],"about":[{"href":"https:\/\/www.champmarket.com\/it\/wp-json\/wp\/v2\/types\/product"}],"version-history":[{"count":2,"href":"https:\/\/www.champmarket.com\/it\/wp-json\/wp\/v2\/product\/60586\/revisions"}],"predecessor-version":[{"id":69749,"href":"https:\/\/www.champmarket.com\/it\/wp-json\/wp\/v2\/product\/60586\/revisions\/69749"}],"wp:featuredmedia":[{"embeddable":true,"href":"https:\/\/www.champmarket.com\/it\/wp-json\/wp\/v2\/media\/60614"}],"wp:attachment":[{"href":"https:\/\/www.champmarket.com\/it\/wp-json\/wp\/v2\/media?parent=60586"}],"wp:term":[{"taxonomy":"product_brand","embeddable":true,"href":"https:\/\/www.champmarket.com\/it\/wp-json\/wp\/v2\/product_brand?post=60586"},{"taxonomy":"product_cat","embeddable":true,"href":"https:\/\/www.champmarket.com\/it\/wp-json\/wp\/v2\/product_cat?post=60586"},{"taxonomy":"product_tag","embeddable":true,"href":"https:\/\/www.champmarket.com\/it\/wp-json\/wp\/v2\/product_tag?post=60586"}],"curies":[{"name":"wp","href":"https:\/\/api.w.org\/{rel}","templated":true}]}}