{"id":60677,"date":"2023-11-06T14:04:54","date_gmt":"2023-11-06T13:04:55","guid":{"rendered":"https:\/\/www.champmarket.com\/?post_type=product&#038;p=60677"},"modified":"2024-07-19T16:04:06","modified_gmt":"2024-07-19T14:04:06","slug":"krug-rose-21a-edition-magnum-con-box","status":"publish","type":"product","link":"https:\/\/www.champmarket.com\/it\/champagne\/krug-rose-21a-edition-magnum-con-box\/","title":{"rendered":"Krug Ros\u00e9 21a Edizione magnum con Box"},"content":{"rendered":"<div class=\"horizontal-slide-v2\"><\/div>\n<div>La magnum Krug Ros\u00e9 Edizione 21 con Box \u00e8 stata creata in occasione della vendemmia 2008. Dopo un inverno mite, una primavera nuvolosa e un&#8217;estate fresca, a met\u00e0 settembre le nuvole si sono miracolosamente sollevate, lasciando spazio a condizioni favorevoli che si sono protratte per tutto il raccolto, assicurando che i frutti rimanessero sani e maturi.<\/div>\n<p>Il formato Magnum \u00e8 una bottiglia grande con una capacit\u00e0 di 1,5 litri, che rappresenta 2 bottiglie di champagne o 12 bicchieri. Questo grande formato, presentato in una lussuosa box, \u00e8 ideale per ricevimenti, cene, occasioni speciali e regali.<\/p>\n","protected":false},"excerpt":{"rendered":"<p>Krug Ros\u00e9 \u00e8 nato dal desiderio di Krug di offrire agli appassionati la sua visione dello champagne ros\u00e9. Si tratta di uno champagne originale, creato secondo la stessa filosofia di Krug Grande Cuv\u00e9e, che va anche oltre la nozione stessa di Vintage. La magnum Krug Ros\u00e9 Edizione 21 con Box \u00e8 sorprendente e audace. Con la sua vasta tavolozza di note eleganti, rivela una partitura tanto sensuale quanto audace. Combinando grazia, profondit\u00e0 e generosit\u00e0. Il pi\u00f9 anticonvenzionale degli champagne Krug \u00e8 il partner ideale per tutte le esperienze gastronomiche pi\u00f9 audaci, svolgendo brillantemente il ruolo di un grande vino rosso sulla tua tavola.<\/p>\n","protected":false},"featured_media":60683,"template":"","meta":{"_acf_changed":false},"product_brand":[],"product_cat":[3307,2387,2397,2226,2227,2775,2376,2375,2224],"product_tag":[2248,2230,2250,2255,2229],"class_list":{"0":"post-60677","1":"product","2":"type-product","3":"status-publish","4":"has-post-thumbnail","6":"maisons-selection-champagne-krug-it","7":"product_cat-tutti-gli-champagne-e-i-set-regalo-esclusivi","8":"product_cat-categorie-maisons-de-champagne-it","9":"product_cat-categorie-krug-it","10":"product_cat-bottiglie-grande-it","11":"product_cat-magnum-it","12":"product_cat-tutti-gli-champagne","13":"product_cat-champagne-rose-it","14":"product_cat-champagne-prestige-it","15":"product_cat-repas-it","16":"product_tag-haute-couture-it","17":"product_tag-grande-fiaschetta","18":"product_tag-la-vie-en-rose-it","19":"product_tag-pour-offrir-it","20":"product_tag-per-un-pasto-con-champagne","22":"first","23":"instock","24":"taxable","25":"shipping-taxable","26":"purchasable","27":"product-type-simple"},"acf":[],"yoast_head":"<!-- This site is optimized with the Yoast SEO plugin v26.4 - https:\/\/yoast.com\/wordpress\/plugins\/seo\/ -->\n<title>Krug Ros\u00e9 21a Edizione magnum con Box - Champmarket<\/title>\n<meta name=\"description\" content=\"La magnum Krug Ros\u00e9 Edizione 21 con Box \u00e8 sorprendente e audace. Con la sua vasta tavolozza di note eleganti, rivela una partitura tanto sensuale quanto audace.\" \/>\n<meta name=\"robots\" content=\"index, follow, max-snippet:-1, max-image-preview:large, max-video-preview:-1\" \/>\n<link rel=\"canonical\" href=\"https:\/\/www.champmarket.com\/it\/champagne\/krug-rose-21a-edition-magnum-con-box\/\" \/>\n<meta property=\"og:locale\" content=\"it_IT\" \/>\n<meta property=\"og:type\" content=\"article\" \/>\n<meta property=\"og:title\" content=\"Krug Ros\u00e9 21a Edizione magnum con Box - Champmarket\" \/>\n<meta property=\"og:description\" content=\"La magnum Krug Ros\u00e9 Edizione 21 con Box \u00e8 sorprendente e audace. Con la sua vasta tavolozza di note eleganti, rivela una partitura tanto sensuale quanto audace.\" \/>\n<meta property=\"og:url\" content=\"https:\/\/www.champmarket.com\/it\/champagne\/krug-rose-21a-edition-magnum-con-box\/\" \/>\n<meta property=\"og:site_name\" content=\"Champmarket\" \/>\n<meta property=\"article:publisher\" content=\"https:\/\/www.facebook.com\/ChampMarket\/\" \/>\n<meta property=\"article:modified_time\" content=\"2024-07-19T14:04:06+00:00\" \/>\n<meta property=\"og:image\" content=\"https:\/\/www.champmarket.com\/wp-content\/uploads\/2023\/11\/krug-rose-21eme-edition-magnum.webp\" \/>\n\t<meta property=\"og:image:width\" content=\"1400\" \/>\n\t<meta property=\"og:image:height\" content=\"1400\" \/>\n\t<meta property=\"og:image:type\" content=\"image\/webp\" \/>\n<meta name=\"twitter:card\" content=\"summary_large_image\" \/>\n<meta name=\"twitter:site\" content=\"@champmarket\" \/>\n<meta name=\"twitter:label1\" content=\"Tempo di lettura stimato\" \/>\n\t<meta name=\"twitter:data1\" content=\"1 minuto\" \/>\n<script type=\"application\/ld+json\" class=\"yoast-schema-graph\">{\"@context\":\"https:\/\/schema.org\",\"@graph\":[{\"@type\":\"WebPage\",\"@id\":\"https:\/\/www.champmarket.com\/it\/champagne\/krug-rose-21a-edition-magnum-con-box\/\",\"url\":\"https:\/\/www.champmarket.com\/it\/champagne\/krug-rose-21a-edition-magnum-con-box\/\",\"name\":\"Krug Ros\u00e9 21a Edizione magnum con Box - Champmarket\",\"isPartOf\":{\"@id\":\"https:\/\/www.champmarket.com\/#website\"},\"primaryImageOfPage\":{\"@id\":\"https:\/\/www.champmarket.com\/it\/champagne\/krug-rose-21a-edition-magnum-con-box\/#primaryimage\"},\"image\":{\"@id\":\"https:\/\/www.champmarket.com\/it\/champagne\/krug-rose-21a-edition-magnum-con-box\/#primaryimage\"},\"thumbnailUrl\":\"https:\/\/www.champmarket.com\/wp-content\/uploads\/2023\/11\/krug-rose-21eme-edition-magnum.webp\",\"datePublished\":\"2023-11-06T13:04:55+00:00\",\"dateModified\":\"2024-07-19T14:04:06+00:00\",\"description\":\"La magnum Krug Ros\u00e9 Edizione 21 con Box \u00e8 sorprendente e audace. Con la sua vasta tavolozza di note eleganti, rivela una partitura tanto sensuale quanto audace.\",\"breadcrumb\":{\"@id\":\"https:\/\/www.champmarket.com\/it\/champagne\/krug-rose-21a-edition-magnum-con-box\/#breadcrumb\"},\"inLanguage\":\"it-IT\",\"potentialAction\":[{\"@type\":\"ReadAction\",\"target\":[\"https:\/\/www.champmarket.com\/it\/champagne\/krug-rose-21a-edition-magnum-con-box\/\"]}]},{\"@type\":\"ImageObject\",\"inLanguage\":\"it-IT\",\"@id\":\"https:\/\/www.champmarket.com\/it\/champagne\/krug-rose-21a-edition-magnum-con-box\/#primaryimage\",\"url\":\"https:\/\/www.champmarket.com\/wp-content\/uploads\/2023\/11\/krug-rose-21eme-edition-magnum.webp\",\"contentUrl\":\"https:\/\/www.champmarket.com\/wp-content\/uploads\/2023\/11\/krug-rose-21eme-edition-magnum.webp\",\"width\":1400,\"height\":1400,\"caption\":\"Champagne Krug Ros\u00e9 21\u00e8me \u00e9dition magnum - Champmarket\"},{\"@type\":\"BreadcrumbList\",\"@id\":\"https:\/\/www.champmarket.com\/it\/champagne\/krug-rose-21a-edition-magnum-con-box\/#breadcrumb\",\"itemListElement\":[{\"@type\":\"ListItem\",\"position\":1,\"name\":\"Home\",\"item\":\"https:\/\/www.champmarket.com\/it\/acquista-champagne-online-champmarket\/\"},{\"@type\":\"ListItem\",\"position\":2,\"name\":\"Shop\",\"item\":\"https:\/\/www.champmarket.com\/it\/shop\/\"},{\"@type\":\"ListItem\",\"position\":3,\"name\":\"Krug\",\"item\":\"https:\/\/www.champmarket.com\/it\/maisons\/selection-champagne-krug-it\/\"},{\"@type\":\"ListItem\",\"position\":4,\"name\":\"Krug Ros\u00e9 21a Edizione magnum con Box\"}]},{\"@type\":\"WebSite\",\"@id\":\"https:\/\/www.champmarket.com\/#website\",\"url\":\"https:\/\/www.champmarket.com\/\",\"name\":\"Champmarket\",\"description\":\"Champmarket, Champagnes, Cadeaux et Art de Vivre\",\"publisher\":{\"@id\":\"https:\/\/www.champmarket.com\/#organization\"},\"potentialAction\":[{\"@type\":\"SearchAction\",\"target\":{\"@type\":\"EntryPoint\",\"urlTemplate\":\"https:\/\/www.champmarket.com\/?s={search_term_string}\"},\"query-input\":{\"@type\":\"PropertyValueSpecification\",\"valueRequired\":true,\"valueName\":\"search_term_string\"}}],\"inLanguage\":\"it-IT\"},{\"@type\":\"Organization\",\"@id\":\"https:\/\/www.champmarket.com\/#organization\",\"name\":\"Champmarket\",\"url\":\"https:\/\/www.champmarket.com\/\",\"logo\":{\"@type\":\"ImageObject\",\"inLanguage\":\"it-IT\",\"@id\":\"https:\/\/www.champmarket.com\/#\/schema\/logo\/image\/\",\"url\":\"https:\/\/www.champmarket.com\/wp-content\/uploads\/2024\/08\/logo2024-1.svg\",\"contentUrl\":\"https:\/\/www.champmarket.com\/wp-content\/uploads\/2024\/08\/logo2024-1.svg\",\"width\":579.8,\"height\":80,\"caption\":\"Champmarket\"},\"image\":{\"@id\":\"https:\/\/www.champmarket.com\/#\/schema\/logo\/image\/\"},\"sameAs\":[\"https:\/\/www.facebook.com\/ChampMarket\/\",\"https:\/\/x.com\/champmarket\",\"https:\/\/www.instagram.com\/champmarket.paris\/\",\"https:\/\/www.pinterest.fr\/champmarketparis\/\",\"https:\/\/www.linkedin.com\/company\/champmarket\/\"]}]}<\/script>\n<!-- \/ Yoast SEO plugin. -->","yoast_head_json":{"title":"Krug Ros\u00e9 21a Edizione magnum con Box - Champmarket","description":"La magnum Krug Ros\u00e9 Edizione 21 con Box \u00e8 sorprendente e audace. Con la sua vasta tavolozza di note eleganti, rivela una partitura tanto sensuale quanto audace.","robots":{"index":"index","follow":"follow","max-snippet":"max-snippet:-1","max-image-preview":"max-image-preview:large","max-video-preview":"max-video-preview:-1"},"canonical":"https:\/\/www.champmarket.com\/it\/champagne\/krug-rose-21a-edition-magnum-con-box\/","og_locale":"it_IT","og_type":"article","og_title":"Krug Ros\u00e9 21a Edizione magnum con Box - Champmarket","og_description":"La magnum Krug Ros\u00e9 Edizione 21 con Box \u00e8 sorprendente e audace. Con la sua vasta tavolozza di note eleganti, rivela una partitura tanto sensuale quanto audace.","og_url":"https:\/\/www.champmarket.com\/it\/champagne\/krug-rose-21a-edition-magnum-con-box\/","og_site_name":"Champmarket","article_publisher":"https:\/\/www.facebook.com\/ChampMarket\/","article_modified_time":"2024-07-19T14:04:06+00:00","og_image":[{"width":1400,"height":1400,"url":"https:\/\/www.champmarket.com\/wp-content\/uploads\/2023\/11\/krug-rose-21eme-edition-magnum.webp","type":"image\/webp"}],"twitter_card":"summary_large_image","twitter_site":"@champmarket","twitter_misc":{"Tempo di lettura stimato":"1 minuto"},"schema":{"@context":"https:\/\/schema.org","@graph":[{"@type":"WebPage","@id":"https:\/\/www.champmarket.com\/it\/champagne\/krug-rose-21a-edition-magnum-con-box\/","url":"https:\/\/www.champmarket.com\/it\/champagne\/krug-rose-21a-edition-magnum-con-box\/","name":"Krug Ros\u00e9 21a Edizione magnum con Box - Champmarket","isPartOf":{"@id":"https:\/\/www.champmarket.com\/#website"},"primaryImageOfPage":{"@id":"https:\/\/www.champmarket.com\/it\/champagne\/krug-rose-21a-edition-magnum-con-box\/#primaryimage"},"image":{"@id":"https:\/\/www.champmarket.com\/it\/champagne\/krug-rose-21a-edition-magnum-con-box\/#primaryimage"},"thumbnailUrl":"https:\/\/www.champmarket.com\/wp-content\/uploads\/2023\/11\/krug-rose-21eme-edition-magnum.webp","datePublished":"2023-11-06T13:04:55+00:00","dateModified":"2024-07-19T14:04:06+00:00","description":"La magnum Krug Ros\u00e9 Edizione 21 con Box \u00e8 sorprendente e audace. Con la sua vasta tavolozza di note eleganti, rivela una partitura tanto sensuale quanto audace.","breadcrumb":{"@id":"https:\/\/www.champmarket.com\/it\/champagne\/krug-rose-21a-edition-magnum-con-box\/#breadcrumb"},"inLanguage":"it-IT","potentialAction":[{"@type":"ReadAction","target":["https:\/\/www.champmarket.com\/it\/champagne\/krug-rose-21a-edition-magnum-con-box\/"]}]},{"@type":"ImageObject","inLanguage":"it-IT","@id":"https:\/\/www.champmarket.com\/it\/champagne\/krug-rose-21a-edition-magnum-con-box\/#primaryimage","url":"https:\/\/www.champmarket.com\/wp-content\/uploads\/2023\/11\/krug-rose-21eme-edition-magnum.webp","contentUrl":"https:\/\/www.champmarket.com\/wp-content\/uploads\/2023\/11\/krug-rose-21eme-edition-magnum.webp","width":1400,"height":1400,"caption":"Champagne Krug Ros\u00e9 21\u00e8me \u00e9dition magnum - Champmarket"},{"@type":"BreadcrumbList","@id":"https:\/\/www.champmarket.com\/it\/champagne\/krug-rose-21a-edition-magnum-con-box\/#breadcrumb","itemListElement":[{"@type":"ListItem","position":1,"name":"Home","item":"https:\/\/www.champmarket.com\/it\/acquista-champagne-online-champmarket\/"},{"@type":"ListItem","position":2,"name":"Shop","item":"https:\/\/www.champmarket.com\/it\/shop\/"},{"@type":"ListItem","position":3,"name":"Krug","item":"https:\/\/www.champmarket.com\/it\/maisons\/selection-champagne-krug-it\/"},{"@type":"ListItem","position":4,"name":"Krug Ros\u00e9 21a Edizione magnum con Box"}]},{"@type":"WebSite","@id":"https:\/\/www.champmarket.com\/#website","url":"https:\/\/www.champmarket.com\/","name":"Champmarket","description":"Champmarket, Champagnes, Cadeaux et Art de Vivre","publisher":{"@id":"https:\/\/www.champmarket.com\/#organization"},"potentialAction":[{"@type":"SearchAction","target":{"@type":"EntryPoint","urlTemplate":"https:\/\/www.champmarket.com\/?s={search_term_string}"},"query-input":{"@type":"PropertyValueSpecification","valueRequired":true,"valueName":"search_term_string"}}],"inLanguage":"it-IT"},{"@type":"Organization","@id":"https:\/\/www.champmarket.com\/#organization","name":"Champmarket","url":"https:\/\/www.champmarket.com\/","logo":{"@type":"ImageObject","inLanguage":"it-IT","@id":"https:\/\/www.champmarket.com\/#\/schema\/logo\/image\/","url":"https:\/\/www.champmarket.com\/wp-content\/uploads\/2024\/08\/logo2024-1.svg","contentUrl":"https:\/\/www.champmarket.com\/wp-content\/uploads\/2024\/08\/logo2024-1.svg","width":579.8,"height":80,"caption":"Champmarket"},"image":{"@id":"https:\/\/www.champmarket.com\/#\/schema\/logo\/image\/"},"sameAs":["https:\/\/www.facebook.com\/ChampMarket\/","https:\/\/x.com\/champmarket","https:\/\/www.instagram.com\/champmarket.paris\/","https:\/\/www.pinterest.fr\/champmarketparis\/","https:\/\/www.linkedin.com\/company\/champmarket\/"]}]}},"_links":{"self":[{"href":"https:\/\/www.champmarket.com\/it\/wp-json\/wp\/v2\/product\/60677","targetHints":{"allow":["GET"]}}],"collection":[{"href":"https:\/\/www.champmarket.com\/it\/wp-json\/wp\/v2\/product"}],"about":[{"href":"https:\/\/www.champmarket.com\/it\/wp-json\/wp\/v2\/types\/product"}],"version-history":[{"count":2,"href":"https:\/\/www.champmarket.com\/it\/wp-json\/wp\/v2\/product\/60677\/revisions"}],"predecessor-version":[{"id":69651,"href":"https:\/\/www.champmarket.com\/it\/wp-json\/wp\/v2\/product\/60677\/revisions\/69651"}],"wp:featuredmedia":[{"embeddable":true,"href":"https:\/\/www.champmarket.com\/it\/wp-json\/wp\/v2\/media\/60683"}],"wp:attachment":[{"href":"https:\/\/www.champmarket.com\/it\/wp-json\/wp\/v2\/media?parent=60677"}],"wp:term":[{"taxonomy":"product_brand","embeddable":true,"href":"https:\/\/www.champmarket.com\/it\/wp-json\/wp\/v2\/product_brand?post=60677"},{"taxonomy":"product_cat","embeddable":true,"href":"https:\/\/www.champmarket.com\/it\/wp-json\/wp\/v2\/product_cat?post=60677"},{"taxonomy":"product_tag","embeddable":true,"href":"https:\/\/www.champmarket.com\/it\/wp-json\/wp\/v2\/product_tag?post=60677"}],"curies":[{"name":"wp","href":"https:\/\/api.w.org\/{rel}","templated":true}]}}