{"id":60878,"date":"2023-11-10T08:16:46","date_gmt":"2023-11-10T07:16:46","guid":{"rendered":"https:\/\/www.champmarket.com\/?post_type=product&#038;p=60878"},"modified":"2024-07-18T11:35:37","modified_gmt":"2024-07-18T09:35:37","slug":"louis-roederer-collection-244-bottiglia-con-astuccio","status":"publish","type":"product","link":"https:\/\/www.champmarket.com\/it\/champagne\/louis-roederer-collection-244-bottiglia-con-astuccio\/","title":{"rendered":"Louis Roederer Collection 244 Bottiglia con astuccio"},"content":{"rendered":"<p>Champagne multi-vintage, ogni assemblaggio Collection ha la sua identit\u00e0 e le sue sfumature, che si rivelano nel tempo. Ogni miscela \u00e8 associata a un numero sulle etichette, in modo da poterne apprezzare le differenze e la continuit\u00e0.<\/p>\n<p>Il numero di Collection permette inoltre agli amanti del vino di conservare e scegliere il proprio vino in base al grado di giovinezza o di maturit\u00e0 che desiderano e apprezzano, o di collezionarlo.<\/p>\n<p>Il formato bottiglia (0,75 l) con astuccio \u00e8 ideale per i vostri momenti di degustazione, i vostri pasti, i vostri eventi privati o aziendali e per tutte le occasioni di regalo.<\/p>\n","protected":false},"excerpt":{"rendered":"<p>Gustosa e potente, la -bottiglia Louis Roederer Collection 244 \u00e8 il 244\u00b0 blend della Maison. La Collection 244 segna il ritorno della consistenza del vitigno Meunier de Marne et de Montagne, che apporta una bella avidit\u00e0 ai Pinot Nero e Chardonnaystrutturati e salini.<\/p>\n<p>Simbolo della libert\u00e0 dello stile Louis Roederer, ogni numero della Collection \u00e8 un &#8220;passo indietro&#8221;, un nuovo capitolo nell&#8217;universo del gusto della Maison: ogni volta unico, ma sempre decisamente Roederer!<\/p>\n","protected":false},"featured_media":60885,"template":"","meta":{"_acf_changed":false},"product_brand":[],"product_cat":[3317,3307,2387,2401,2238,2386,2775,2372,2223,2222,2224],"product_tag":[2249,2228,2255,2231,2229],"class_list":{"0":"post-60878","1":"product","2":"type-product","3":"status-publish","4":"has-post-thumbnail","6":"maisons-selection-champagne-louis-roederer-it","7":"product_cat-i-migliori-champagne","8":"product_cat-tutti-gli-champagne-e-i-set-regalo-esclusivi","9":"product_cat-categorie-maisons-de-champagne-it","10":"product_cat-categorie-louis-roederer-it","11":"product_cat-bouteilles-it","12":"product_cat-essenziali-it","13":"product_cat-tutti-gli-champagne","14":"product_cat-champagne-brut-it","15":"product_cat-aperitif-it","16":"product_cat-evenement-cocktail-it","17":"product_cat-repas-it","18":"product_tag-incontournable-it","19":"product_tag-aperitif-it","20":"product_tag-pour-offrir-it","21":"product_tag-cocktail-event-it","22":"product_tag-per-un-pasto-con-champagne","24":"first","25":"instock","26":"taxable","27":"shipping-taxable","28":"purchasable","29":"product-type-simple"},"acf":[],"yoast_head":"<!-- This site is optimized with the Yoast SEO plugin v26.4 - https:\/\/yoast.com\/wordpress\/plugins\/seo\/ -->\n<title>Louis Roederer Collection 244 Bottiglia con astuccio - Champmarket<\/title>\n<meta name=\"description\" content=\"Gustosa e potente, la bottiglia Louis Roederer Collection 244 \u00e8 il 244\u00b0 blend della Maison.\" \/>\n<meta name=\"robots\" content=\"index, follow, max-snippet:-1, max-image-preview:large, max-video-preview:-1\" \/>\n<link rel=\"canonical\" href=\"https:\/\/www.champmarket.com\/it\/champagne\/louis-roederer-collection-244-bottiglia-con-astuccio\/\" \/>\n<meta property=\"og:locale\" content=\"it_IT\" \/>\n<meta property=\"og:type\" content=\"article\" \/>\n<meta property=\"og:title\" content=\"Louis Roederer Collection 244 Bottiglia con astuccio - Champmarket\" \/>\n<meta property=\"og:description\" content=\"Gustosa e potente, la bottiglia Louis Roederer Collection 244 \u00e8 il 244\u00b0 blend della Maison.\" \/>\n<meta property=\"og:url\" content=\"https:\/\/www.champmarket.com\/it\/champagne\/louis-roederer-collection-244-bottiglia-con-astuccio\/\" \/>\n<meta property=\"og:site_name\" content=\"Champmarket\" \/>\n<meta property=\"article:publisher\" content=\"https:\/\/www.facebook.com\/ChampMarket\/\" \/>\n<meta property=\"article:modified_time\" content=\"2024-07-18T09:35:37+00:00\" \/>\n<meta property=\"og:image\" content=\"https:\/\/www.champmarket.com\/wp-content\/uploads\/2023\/11\/louis-roederer-collection-244-bouteille-etui.webp\" \/>\n\t<meta property=\"og:image:width\" content=\"1400\" \/>\n\t<meta property=\"og:image:height\" content=\"1400\" \/>\n\t<meta property=\"og:image:type\" content=\"image\/webp\" \/>\n<meta name=\"twitter:card\" content=\"summary_large_image\" \/>\n<meta name=\"twitter:site\" content=\"@champmarket\" \/>\n<meta name=\"twitter:label1\" content=\"Tempo di lettura stimato\" \/>\n\t<meta name=\"twitter:data1\" content=\"1 minuto\" \/>\n<script type=\"application\/ld+json\" class=\"yoast-schema-graph\">{\"@context\":\"https:\/\/schema.org\",\"@graph\":[{\"@type\":\"WebPage\",\"@id\":\"https:\/\/www.champmarket.com\/it\/champagne\/louis-roederer-collection-244-bottiglia-con-astuccio\/\",\"url\":\"https:\/\/www.champmarket.com\/it\/champagne\/louis-roederer-collection-244-bottiglia-con-astuccio\/\",\"name\":\"Louis Roederer Collection 244 Bottiglia con astuccio - Champmarket\",\"isPartOf\":{\"@id\":\"https:\/\/www.champmarket.com\/#website\"},\"primaryImageOfPage\":{\"@id\":\"https:\/\/www.champmarket.com\/it\/champagne\/louis-roederer-collection-244-bottiglia-con-astuccio\/#primaryimage\"},\"image\":{\"@id\":\"https:\/\/www.champmarket.com\/it\/champagne\/louis-roederer-collection-244-bottiglia-con-astuccio\/#primaryimage\"},\"thumbnailUrl\":\"https:\/\/www.champmarket.com\/wp-content\/uploads\/2023\/11\/louis-roederer-collection-244-bouteille-etui.webp\",\"datePublished\":\"2023-11-10T07:16:46+00:00\",\"dateModified\":\"2024-07-18T09:35:37+00:00\",\"description\":\"Gustosa e potente, la bottiglia Louis Roederer Collection 244 \u00e8 il 244\u00b0 blend della Maison.\",\"breadcrumb\":{\"@id\":\"https:\/\/www.champmarket.com\/it\/champagne\/louis-roederer-collection-244-bottiglia-con-astuccio\/#breadcrumb\"},\"inLanguage\":\"it-IT\",\"potentialAction\":[{\"@type\":\"ReadAction\",\"target\":[\"https:\/\/www.champmarket.com\/it\/champagne\/louis-roederer-collection-244-bottiglia-con-astuccio\/\"]}]},{\"@type\":\"ImageObject\",\"inLanguage\":\"it-IT\",\"@id\":\"https:\/\/www.champmarket.com\/it\/champagne\/louis-roederer-collection-244-bottiglia-con-astuccio\/#primaryimage\",\"url\":\"https:\/\/www.champmarket.com\/wp-content\/uploads\/2023\/11\/louis-roederer-collection-244-bouteille-etui.webp\",\"contentUrl\":\"https:\/\/www.champmarket.com\/wp-content\/uploads\/2023\/11\/louis-roederer-collection-244-bouteille-etui.webp\",\"width\":1400,\"height\":1400,\"caption\":\"Champagne Louis Roederer Collection 244 - Champmarket\"},{\"@type\":\"BreadcrumbList\",\"@id\":\"https:\/\/www.champmarket.com\/it\/champagne\/louis-roederer-collection-244-bottiglia-con-astuccio\/#breadcrumb\",\"itemListElement\":[{\"@type\":\"ListItem\",\"position\":1,\"name\":\"Home\",\"item\":\"https:\/\/www.champmarket.com\/it\/acquista-champagne-online-champmarket\/\"},{\"@type\":\"ListItem\",\"position\":2,\"name\":\"Shop\",\"item\":\"https:\/\/www.champmarket.com\/it\/shop\/\"},{\"@type\":\"ListItem\",\"position\":3,\"name\":\"Louis Roederer\",\"item\":\"https:\/\/www.champmarket.com\/it\/maisons\/selection-champagne-louis-roederer-it\/\"},{\"@type\":\"ListItem\",\"position\":4,\"name\":\"Louis Roederer Collection 244 Bottiglia con astuccio\"}]},{\"@type\":\"WebSite\",\"@id\":\"https:\/\/www.champmarket.com\/#website\",\"url\":\"https:\/\/www.champmarket.com\/\",\"name\":\"Champmarket\",\"description\":\"Champmarket, Champagnes, Cadeaux et Art de Vivre\",\"publisher\":{\"@id\":\"https:\/\/www.champmarket.com\/#organization\"},\"potentialAction\":[{\"@type\":\"SearchAction\",\"target\":{\"@type\":\"EntryPoint\",\"urlTemplate\":\"https:\/\/www.champmarket.com\/?s={search_term_string}\"},\"query-input\":{\"@type\":\"PropertyValueSpecification\",\"valueRequired\":true,\"valueName\":\"search_term_string\"}}],\"inLanguage\":\"it-IT\"},{\"@type\":\"Organization\",\"@id\":\"https:\/\/www.champmarket.com\/#organization\",\"name\":\"Champmarket\",\"url\":\"https:\/\/www.champmarket.com\/\",\"logo\":{\"@type\":\"ImageObject\",\"inLanguage\":\"it-IT\",\"@id\":\"https:\/\/www.champmarket.com\/#\/schema\/logo\/image\/\",\"url\":\"https:\/\/www.champmarket.com\/wp-content\/uploads\/2024\/08\/logo2024-1.svg\",\"contentUrl\":\"https:\/\/www.champmarket.com\/wp-content\/uploads\/2024\/08\/logo2024-1.svg\",\"width\":579.8,\"height\":80,\"caption\":\"Champmarket\"},\"image\":{\"@id\":\"https:\/\/www.champmarket.com\/#\/schema\/logo\/image\/\"},\"sameAs\":[\"https:\/\/www.facebook.com\/ChampMarket\/\",\"https:\/\/x.com\/champmarket\",\"https:\/\/www.instagram.com\/champmarket.paris\/\",\"https:\/\/www.pinterest.fr\/champmarketparis\/\",\"https:\/\/www.linkedin.com\/company\/champmarket\/\"]}]}<\/script>\n<!-- \/ Yoast SEO plugin. -->","yoast_head_json":{"title":"Louis Roederer Collection 244 Bottiglia con astuccio - Champmarket","description":"Gustosa e potente, la bottiglia Louis Roederer Collection 244 \u00e8 il 244\u00b0 blend della Maison.","robots":{"index":"index","follow":"follow","max-snippet":"max-snippet:-1","max-image-preview":"max-image-preview:large","max-video-preview":"max-video-preview:-1"},"canonical":"https:\/\/www.champmarket.com\/it\/champagne\/louis-roederer-collection-244-bottiglia-con-astuccio\/","og_locale":"it_IT","og_type":"article","og_title":"Louis Roederer Collection 244 Bottiglia con astuccio - Champmarket","og_description":"Gustosa e potente, la bottiglia Louis Roederer Collection 244 \u00e8 il 244\u00b0 blend della Maison.","og_url":"https:\/\/www.champmarket.com\/it\/champagne\/louis-roederer-collection-244-bottiglia-con-astuccio\/","og_site_name":"Champmarket","article_publisher":"https:\/\/www.facebook.com\/ChampMarket\/","article_modified_time":"2024-07-18T09:35:37+00:00","og_image":[{"width":1400,"height":1400,"url":"https:\/\/www.champmarket.com\/wp-content\/uploads\/2023\/11\/louis-roederer-collection-244-bouteille-etui.webp","type":"image\/webp"}],"twitter_card":"summary_large_image","twitter_site":"@champmarket","twitter_misc":{"Tempo di lettura stimato":"1 minuto"},"schema":{"@context":"https:\/\/schema.org","@graph":[{"@type":"WebPage","@id":"https:\/\/www.champmarket.com\/it\/champagne\/louis-roederer-collection-244-bottiglia-con-astuccio\/","url":"https:\/\/www.champmarket.com\/it\/champagne\/louis-roederer-collection-244-bottiglia-con-astuccio\/","name":"Louis Roederer Collection 244 Bottiglia con astuccio - Champmarket","isPartOf":{"@id":"https:\/\/www.champmarket.com\/#website"},"primaryImageOfPage":{"@id":"https:\/\/www.champmarket.com\/it\/champagne\/louis-roederer-collection-244-bottiglia-con-astuccio\/#primaryimage"},"image":{"@id":"https:\/\/www.champmarket.com\/it\/champagne\/louis-roederer-collection-244-bottiglia-con-astuccio\/#primaryimage"},"thumbnailUrl":"https:\/\/www.champmarket.com\/wp-content\/uploads\/2023\/11\/louis-roederer-collection-244-bouteille-etui.webp","datePublished":"2023-11-10T07:16:46+00:00","dateModified":"2024-07-18T09:35:37+00:00","description":"Gustosa e potente, la bottiglia Louis Roederer Collection 244 \u00e8 il 244\u00b0 blend della Maison.","breadcrumb":{"@id":"https:\/\/www.champmarket.com\/it\/champagne\/louis-roederer-collection-244-bottiglia-con-astuccio\/#breadcrumb"},"inLanguage":"it-IT","potentialAction":[{"@type":"ReadAction","target":["https:\/\/www.champmarket.com\/it\/champagne\/louis-roederer-collection-244-bottiglia-con-astuccio\/"]}]},{"@type":"ImageObject","inLanguage":"it-IT","@id":"https:\/\/www.champmarket.com\/it\/champagne\/louis-roederer-collection-244-bottiglia-con-astuccio\/#primaryimage","url":"https:\/\/www.champmarket.com\/wp-content\/uploads\/2023\/11\/louis-roederer-collection-244-bouteille-etui.webp","contentUrl":"https:\/\/www.champmarket.com\/wp-content\/uploads\/2023\/11\/louis-roederer-collection-244-bouteille-etui.webp","width":1400,"height":1400,"caption":"Champagne Louis Roederer Collection 244 - Champmarket"},{"@type":"BreadcrumbList","@id":"https:\/\/www.champmarket.com\/it\/champagne\/louis-roederer-collection-244-bottiglia-con-astuccio\/#breadcrumb","itemListElement":[{"@type":"ListItem","position":1,"name":"Home","item":"https:\/\/www.champmarket.com\/it\/acquista-champagne-online-champmarket\/"},{"@type":"ListItem","position":2,"name":"Shop","item":"https:\/\/www.champmarket.com\/it\/shop\/"},{"@type":"ListItem","position":3,"name":"Louis Roederer","item":"https:\/\/www.champmarket.com\/it\/maisons\/selection-champagne-louis-roederer-it\/"},{"@type":"ListItem","position":4,"name":"Louis Roederer Collection 244 Bottiglia con astuccio"}]},{"@type":"WebSite","@id":"https:\/\/www.champmarket.com\/#website","url":"https:\/\/www.champmarket.com\/","name":"Champmarket","description":"Champmarket, Champagnes, Cadeaux et Art de Vivre","publisher":{"@id":"https:\/\/www.champmarket.com\/#organization"},"potentialAction":[{"@type":"SearchAction","target":{"@type":"EntryPoint","urlTemplate":"https:\/\/www.champmarket.com\/?s={search_term_string}"},"query-input":{"@type":"PropertyValueSpecification","valueRequired":true,"valueName":"search_term_string"}}],"inLanguage":"it-IT"},{"@type":"Organization","@id":"https:\/\/www.champmarket.com\/#organization","name":"Champmarket","url":"https:\/\/www.champmarket.com\/","logo":{"@type":"ImageObject","inLanguage":"it-IT","@id":"https:\/\/www.champmarket.com\/#\/schema\/logo\/image\/","url":"https:\/\/www.champmarket.com\/wp-content\/uploads\/2024\/08\/logo2024-1.svg","contentUrl":"https:\/\/www.champmarket.com\/wp-content\/uploads\/2024\/08\/logo2024-1.svg","width":579.8,"height":80,"caption":"Champmarket"},"image":{"@id":"https:\/\/www.champmarket.com\/#\/schema\/logo\/image\/"},"sameAs":["https:\/\/www.facebook.com\/ChampMarket\/","https:\/\/x.com\/champmarket","https:\/\/www.instagram.com\/champmarket.paris\/","https:\/\/www.pinterest.fr\/champmarketparis\/","https:\/\/www.linkedin.com\/company\/champmarket\/"]}]}},"_links":{"self":[{"href":"https:\/\/www.champmarket.com\/it\/wp-json\/wp\/v2\/product\/60878","targetHints":{"allow":["GET"]}}],"collection":[{"href":"https:\/\/www.champmarket.com\/it\/wp-json\/wp\/v2\/product"}],"about":[{"href":"https:\/\/www.champmarket.com\/it\/wp-json\/wp\/v2\/types\/product"}],"version-history":[{"count":2,"href":"https:\/\/www.champmarket.com\/it\/wp-json\/wp\/v2\/product\/60878\/revisions"}],"predecessor-version":[{"id":69452,"href":"https:\/\/www.champmarket.com\/it\/wp-json\/wp\/v2\/product\/60878\/revisions\/69452"}],"wp:featuredmedia":[{"embeddable":true,"href":"https:\/\/www.champmarket.com\/it\/wp-json\/wp\/v2\/media\/60885"}],"wp:attachment":[{"href":"https:\/\/www.champmarket.com\/it\/wp-json\/wp\/v2\/media?parent=60878"}],"wp:term":[{"taxonomy":"product_brand","embeddable":true,"href":"https:\/\/www.champmarket.com\/it\/wp-json\/wp\/v2\/product_brand?post=60878"},{"taxonomy":"product_cat","embeddable":true,"href":"https:\/\/www.champmarket.com\/it\/wp-json\/wp\/v2\/product_cat?post=60878"},{"taxonomy":"product_tag","embeddable":true,"href":"https:\/\/www.champmarket.com\/it\/wp-json\/wp\/v2\/product_tag?post=60878"}],"curies":[{"name":"wp","href":"https:\/\/api.w.org\/{rel}","templated":true}]}}