{"id":61713,"date":"2023-11-27T14:21:52","date_gmt":"2023-11-27T13:21:52","guid":{"rendered":"https:\/\/www.champmarket.com\/?post_type=product&#038;p=61713"},"modified":"2024-10-10T12:46:09","modified_gmt":"2024-10-10T10:46:09","slug":"tour-d-argent-cuvee-cathelin-grand-cru-2018-bottiglia","status":"publish","type":"product","link":"https:\/\/www.champmarket.com\/it\/champagne\/tour-d-argent-cuvee-cathelin-grand-cru-2018-bottiglia\/","title":{"rendered":"Tour d&#8217;Argent Cuv\u00e9e Cathelin Grand Cru Vintage 2018 -bottiglia"},"content":{"rendered":"<p>Lo Champagne Tour d&#8217;Argent Cuv\u00e9e Cathelin Vintage 2018 proviene esclusivamente da un appezzamento di terreno chiamato &#8220;Les Crosauts&#8221; nel comune di Chouilly, nella prestigiosa C\u00f4te des Blancs. Da vecchie vigne piantate nel 1979 e nel 1983 (50 are), questa vendemmia di settembre 2018, imbottigliata a maggio 2019, \u00e8 stata affinata sui lieviti fino a febbraio di quest&#8217;anno e conservata a 10\u00b0 nella penombra delle cantine della Champagne. <\/p>\n","protected":false},"excerpt":{"rendered":"<p>Lo champagne Tour d&#8217;Argent Cuv\u00e9es Cathelin 2018 \u00e8 il tributo di Claude Terrail al talentuoso pittore Bernard Cathelin, che viveva nell&#8217;edificio della Tour d&#8217;Argent, dove aveva anche il suo studio. Questo terzo Vintage \u00e8 anche illustrato da una delle sei litografie del pittore, &#8220;Roses blanches pour Paris&#8221;. L&#8217;originalit\u00e0 di questo vino sta nel fatto che l&#8217;etichetta gira intorno alla bottiglia, permettendoti di apprezzare il lavoro magistrale dell&#8217;artista. Grazie alla fermentazione lenta e al dosaggio molto basso, questa cuv\u00e9es rivela un ottimo equilibrio, acidit\u00e0 e freschezza. Gli champagne La Tour d&#8217;Argent sono prodotti e imbottigliati da R. &amp; L. Legras a Chouilly.      &nbsp;<\/p>\n","protected":false},"featured_media":61721,"template":"","meta":{"_acf_changed":false},"product_brand":[],"product_cat":[3307,2387,3507,2238,2775,2225,2223,2224],"product_tag":[2228,2229,2232],"class_list":{"0":"post-61713","1":"product","2":"type-product","3":"status-publish","4":"has-post-thumbnail","6":"maisons-selection-champagne-la-tour-argent-it","7":"product_cat-tutti-gli-champagne-e-i-set-regalo-esclusivi","8":"product_cat-categorie-maisons-de-champagne-it","9":"product_cat-la-tour-dargent-it","10":"product_cat-bouteilles-it","11":"product_cat-tutti-gli-champagne","12":"product_cat-champagne-millesime-it","13":"product_cat-aperitif-it","14":"product_cat-repas-it","15":"product_tag-aperitif-it","16":"product_tag-per-un-pasto-con-champagne","17":"product_tag-vintage-it","19":"first","20":"outofstock","21":"taxable","22":"shipping-taxable","23":"purchasable","24":"product-type-simple"},"acf":[],"yoast_head":"<!-- This site is optimized with the Yoast SEO plugin v26.4 - https:\/\/yoast.com\/wordpress\/plugins\/seo\/ -->\n<title>Tour d&#039;Argent Cuv\u00e9e Cathelin Grand Cru Vintage 2018 -bottiglia - Champmarket<\/title>\n<meta name=\"description\" content=\"Tour d&#039;Argent Cuv\u00e9es Cathelin 2018 \u00e8 un omaggio di Claude Terrail al talentuoso pittore Bernard Cathelin, che viveva nell&#039;edificio di Tour d&#039;Argent, dove...\" \/>\n<meta name=\"robots\" content=\"index, follow, max-snippet:-1, max-image-preview:large, max-video-preview:-1\" \/>\n<link rel=\"canonical\" href=\"https:\/\/www.champmarket.com\/it\/champagne\/tour-d-argent-cuvee-cathelin-grand-cru-2018-bottiglia\/\" \/>\n<meta property=\"og:locale\" content=\"it_IT\" \/>\n<meta property=\"og:type\" content=\"article\" \/>\n<meta property=\"og:title\" content=\"Tour d&#039;Argent Cuv\u00e9e Cathelin Grand Cru Vintage 2018 -bottiglia - Champmarket\" \/>\n<meta property=\"og:description\" content=\"Tour d&#039;Argent Cuv\u00e9es Cathelin 2018 \u00e8 un omaggio di Claude Terrail al talentuoso pittore Bernard Cathelin, che viveva nell&#039;edificio di Tour d&#039;Argent, dove...\" \/>\n<meta property=\"og:url\" content=\"https:\/\/www.champmarket.com\/it\/champagne\/tour-d-argent-cuvee-cathelin-grand-cru-2018-bottiglia\/\" \/>\n<meta property=\"og:site_name\" content=\"Champmarket\" \/>\n<meta property=\"article:publisher\" content=\"https:\/\/www.facebook.com\/ChampMarket\/\" \/>\n<meta property=\"article:modified_time\" content=\"2024-10-10T10:46:09+00:00\" \/>\n<meta property=\"og:image\" content=\"https:\/\/www.champmarket.com\/wp-content\/uploads\/2023\/11\/champagne-tour-d-argent-cuvee-cathelin-2018-bouteille.webp\" \/>\n\t<meta property=\"og:image:width\" content=\"1400\" \/>\n\t<meta property=\"og:image:height\" content=\"1400\" \/>\n\t<meta property=\"og:image:type\" content=\"image\/webp\" \/>\n<meta name=\"twitter:card\" content=\"summary_large_image\" \/>\n<meta name=\"twitter:site\" content=\"@champmarket\" \/>\n<meta name=\"twitter:label1\" content=\"Tempo di lettura stimato\" \/>\n\t<meta name=\"twitter:data1\" content=\"1 minuto\" \/>\n<script type=\"application\/ld+json\" class=\"yoast-schema-graph\">{\"@context\":\"https:\/\/schema.org\",\"@graph\":[{\"@type\":\"WebPage\",\"@id\":\"https:\/\/www.champmarket.com\/it\/champagne\/tour-d-argent-cuvee-cathelin-grand-cru-2018-bottiglia\/\",\"url\":\"https:\/\/www.champmarket.com\/it\/champagne\/tour-d-argent-cuvee-cathelin-grand-cru-2018-bottiglia\/\",\"name\":\"Tour d'Argent Cuv\u00e9e Cathelin Grand Cru Vintage 2018 -bottiglia - Champmarket\",\"isPartOf\":{\"@id\":\"https:\/\/www.champmarket.com\/#website\"},\"primaryImageOfPage\":{\"@id\":\"https:\/\/www.champmarket.com\/it\/champagne\/tour-d-argent-cuvee-cathelin-grand-cru-2018-bottiglia\/#primaryimage\"},\"image\":{\"@id\":\"https:\/\/www.champmarket.com\/it\/champagne\/tour-d-argent-cuvee-cathelin-grand-cru-2018-bottiglia\/#primaryimage\"},\"thumbnailUrl\":\"https:\/\/www.champmarket.com\/wp-content\/uploads\/2023\/11\/champagne-tour-d-argent-cuvee-cathelin-2018-bouteille.webp\",\"datePublished\":\"2023-11-27T13:21:52+00:00\",\"dateModified\":\"2024-10-10T10:46:09+00:00\",\"description\":\"Tour d'Argent Cuv\u00e9es Cathelin 2018 \u00e8 un omaggio di Claude Terrail al talentuoso pittore Bernard Cathelin, che viveva nell'edificio di Tour d'Argent, dove...\",\"breadcrumb\":{\"@id\":\"https:\/\/www.champmarket.com\/it\/champagne\/tour-d-argent-cuvee-cathelin-grand-cru-2018-bottiglia\/#breadcrumb\"},\"inLanguage\":\"it-IT\",\"potentialAction\":[{\"@type\":\"ReadAction\",\"target\":[\"https:\/\/www.champmarket.com\/it\/champagne\/tour-d-argent-cuvee-cathelin-grand-cru-2018-bottiglia\/\"]}]},{\"@type\":\"ImageObject\",\"inLanguage\":\"it-IT\",\"@id\":\"https:\/\/www.champmarket.com\/it\/champagne\/tour-d-argent-cuvee-cathelin-grand-cru-2018-bottiglia\/#primaryimage\",\"url\":\"https:\/\/www.champmarket.com\/wp-content\/uploads\/2023\/11\/champagne-tour-d-argent-cuvee-cathelin-2018-bouteille.webp\",\"contentUrl\":\"https:\/\/www.champmarket.com\/wp-content\/uploads\/2023\/11\/champagne-tour-d-argent-cuvee-cathelin-2018-bouteille.webp\",\"width\":1400,\"height\":1400,\"caption\":\"Champagne Tour d\u2019Argent Cuv\u00e9e Cathelin Grand Cru Mill\u00e9sime 2018 - Champmarket\"},{\"@type\":\"BreadcrumbList\",\"@id\":\"https:\/\/www.champmarket.com\/it\/champagne\/tour-d-argent-cuvee-cathelin-grand-cru-2018-bottiglia\/#breadcrumb\",\"itemListElement\":[{\"@type\":\"ListItem\",\"position\":1,\"name\":\"Home\",\"item\":\"https:\/\/www.champmarket.com\/it\/acquista-champagne-online-champmarket\/\"},{\"@type\":\"ListItem\",\"position\":2,\"name\":\"Shop\",\"item\":\"https:\/\/www.champmarket.com\/it\/shop\/\"},{\"@type\":\"ListItem\",\"position\":3,\"name\":\"La Tour d&#039;Argent\",\"item\":\"https:\/\/www.champmarket.com\/it\/maisons\/selection-champagne-la-tour-argent-it\/\"},{\"@type\":\"ListItem\",\"position\":4,\"name\":\"Tour d&#8217;Argent Cuv\u00e9e Cathelin Grand Cru Vintage 2018 -bottiglia\"}]},{\"@type\":\"WebSite\",\"@id\":\"https:\/\/www.champmarket.com\/#website\",\"url\":\"https:\/\/www.champmarket.com\/\",\"name\":\"Champmarket\",\"description\":\"Champmarket, Champagnes, Cadeaux et Art de Vivre\",\"publisher\":{\"@id\":\"https:\/\/www.champmarket.com\/#organization\"},\"potentialAction\":[{\"@type\":\"SearchAction\",\"target\":{\"@type\":\"EntryPoint\",\"urlTemplate\":\"https:\/\/www.champmarket.com\/?s={search_term_string}\"},\"query-input\":{\"@type\":\"PropertyValueSpecification\",\"valueRequired\":true,\"valueName\":\"search_term_string\"}}],\"inLanguage\":\"it-IT\"},{\"@type\":\"Organization\",\"@id\":\"https:\/\/www.champmarket.com\/#organization\",\"name\":\"Champmarket\",\"url\":\"https:\/\/www.champmarket.com\/\",\"logo\":{\"@type\":\"ImageObject\",\"inLanguage\":\"it-IT\",\"@id\":\"https:\/\/www.champmarket.com\/#\/schema\/logo\/image\/\",\"url\":\"https:\/\/www.champmarket.com\/wp-content\/uploads\/2024\/08\/logo2024-1.svg\",\"contentUrl\":\"https:\/\/www.champmarket.com\/wp-content\/uploads\/2024\/08\/logo2024-1.svg\",\"width\":579.8,\"height\":80,\"caption\":\"Champmarket\"},\"image\":{\"@id\":\"https:\/\/www.champmarket.com\/#\/schema\/logo\/image\/\"},\"sameAs\":[\"https:\/\/www.facebook.com\/ChampMarket\/\",\"https:\/\/x.com\/champmarket\",\"https:\/\/www.instagram.com\/champmarket.paris\/\",\"https:\/\/www.pinterest.fr\/champmarketparis\/\",\"https:\/\/www.linkedin.com\/company\/champmarket\/\"]}]}<\/script>\n<!-- \/ Yoast SEO plugin. -->","yoast_head_json":{"title":"Tour d'Argent Cuv\u00e9e Cathelin Grand Cru Vintage 2018 -bottiglia - Champmarket","description":"Tour d'Argent Cuv\u00e9es Cathelin 2018 \u00e8 un omaggio di Claude Terrail al talentuoso pittore Bernard Cathelin, che viveva nell'edificio di Tour d'Argent, dove...","robots":{"index":"index","follow":"follow","max-snippet":"max-snippet:-1","max-image-preview":"max-image-preview:large","max-video-preview":"max-video-preview:-1"},"canonical":"https:\/\/www.champmarket.com\/it\/champagne\/tour-d-argent-cuvee-cathelin-grand-cru-2018-bottiglia\/","og_locale":"it_IT","og_type":"article","og_title":"Tour d'Argent Cuv\u00e9e Cathelin Grand Cru Vintage 2018 -bottiglia - Champmarket","og_description":"Tour d'Argent Cuv\u00e9es Cathelin 2018 \u00e8 un omaggio di Claude Terrail al talentuoso pittore Bernard Cathelin, che viveva nell'edificio di Tour d'Argent, dove...","og_url":"https:\/\/www.champmarket.com\/it\/champagne\/tour-d-argent-cuvee-cathelin-grand-cru-2018-bottiglia\/","og_site_name":"Champmarket","article_publisher":"https:\/\/www.facebook.com\/ChampMarket\/","article_modified_time":"2024-10-10T10:46:09+00:00","og_image":[{"width":1400,"height":1400,"url":"https:\/\/www.champmarket.com\/wp-content\/uploads\/2023\/11\/champagne-tour-d-argent-cuvee-cathelin-2018-bouteille.webp","type":"image\/webp"}],"twitter_card":"summary_large_image","twitter_site":"@champmarket","twitter_misc":{"Tempo di lettura stimato":"1 minuto"},"schema":{"@context":"https:\/\/schema.org","@graph":[{"@type":"WebPage","@id":"https:\/\/www.champmarket.com\/it\/champagne\/tour-d-argent-cuvee-cathelin-grand-cru-2018-bottiglia\/","url":"https:\/\/www.champmarket.com\/it\/champagne\/tour-d-argent-cuvee-cathelin-grand-cru-2018-bottiglia\/","name":"Tour d'Argent Cuv\u00e9e Cathelin Grand Cru Vintage 2018 -bottiglia - Champmarket","isPartOf":{"@id":"https:\/\/www.champmarket.com\/#website"},"primaryImageOfPage":{"@id":"https:\/\/www.champmarket.com\/it\/champagne\/tour-d-argent-cuvee-cathelin-grand-cru-2018-bottiglia\/#primaryimage"},"image":{"@id":"https:\/\/www.champmarket.com\/it\/champagne\/tour-d-argent-cuvee-cathelin-grand-cru-2018-bottiglia\/#primaryimage"},"thumbnailUrl":"https:\/\/www.champmarket.com\/wp-content\/uploads\/2023\/11\/champagne-tour-d-argent-cuvee-cathelin-2018-bouteille.webp","datePublished":"2023-11-27T13:21:52+00:00","dateModified":"2024-10-10T10:46:09+00:00","description":"Tour d'Argent Cuv\u00e9es Cathelin 2018 \u00e8 un omaggio di Claude Terrail al talentuoso pittore Bernard Cathelin, che viveva nell'edificio di Tour d'Argent, dove...","breadcrumb":{"@id":"https:\/\/www.champmarket.com\/it\/champagne\/tour-d-argent-cuvee-cathelin-grand-cru-2018-bottiglia\/#breadcrumb"},"inLanguage":"it-IT","potentialAction":[{"@type":"ReadAction","target":["https:\/\/www.champmarket.com\/it\/champagne\/tour-d-argent-cuvee-cathelin-grand-cru-2018-bottiglia\/"]}]},{"@type":"ImageObject","inLanguage":"it-IT","@id":"https:\/\/www.champmarket.com\/it\/champagne\/tour-d-argent-cuvee-cathelin-grand-cru-2018-bottiglia\/#primaryimage","url":"https:\/\/www.champmarket.com\/wp-content\/uploads\/2023\/11\/champagne-tour-d-argent-cuvee-cathelin-2018-bouteille.webp","contentUrl":"https:\/\/www.champmarket.com\/wp-content\/uploads\/2023\/11\/champagne-tour-d-argent-cuvee-cathelin-2018-bouteille.webp","width":1400,"height":1400,"caption":"Champagne Tour d\u2019Argent Cuv\u00e9e Cathelin Grand Cru Mill\u00e9sime 2018 - Champmarket"},{"@type":"BreadcrumbList","@id":"https:\/\/www.champmarket.com\/it\/champagne\/tour-d-argent-cuvee-cathelin-grand-cru-2018-bottiglia\/#breadcrumb","itemListElement":[{"@type":"ListItem","position":1,"name":"Home","item":"https:\/\/www.champmarket.com\/it\/acquista-champagne-online-champmarket\/"},{"@type":"ListItem","position":2,"name":"Shop","item":"https:\/\/www.champmarket.com\/it\/shop\/"},{"@type":"ListItem","position":3,"name":"La Tour d&#039;Argent","item":"https:\/\/www.champmarket.com\/it\/maisons\/selection-champagne-la-tour-argent-it\/"},{"@type":"ListItem","position":4,"name":"Tour d&#8217;Argent Cuv\u00e9e Cathelin Grand Cru Vintage 2018 -bottiglia"}]},{"@type":"WebSite","@id":"https:\/\/www.champmarket.com\/#website","url":"https:\/\/www.champmarket.com\/","name":"Champmarket","description":"Champmarket, Champagnes, Cadeaux et Art de Vivre","publisher":{"@id":"https:\/\/www.champmarket.com\/#organization"},"potentialAction":[{"@type":"SearchAction","target":{"@type":"EntryPoint","urlTemplate":"https:\/\/www.champmarket.com\/?s={search_term_string}"},"query-input":{"@type":"PropertyValueSpecification","valueRequired":true,"valueName":"search_term_string"}}],"inLanguage":"it-IT"},{"@type":"Organization","@id":"https:\/\/www.champmarket.com\/#organization","name":"Champmarket","url":"https:\/\/www.champmarket.com\/","logo":{"@type":"ImageObject","inLanguage":"it-IT","@id":"https:\/\/www.champmarket.com\/#\/schema\/logo\/image\/","url":"https:\/\/www.champmarket.com\/wp-content\/uploads\/2024\/08\/logo2024-1.svg","contentUrl":"https:\/\/www.champmarket.com\/wp-content\/uploads\/2024\/08\/logo2024-1.svg","width":579.8,"height":80,"caption":"Champmarket"},"image":{"@id":"https:\/\/www.champmarket.com\/#\/schema\/logo\/image\/"},"sameAs":["https:\/\/www.facebook.com\/ChampMarket\/","https:\/\/x.com\/champmarket","https:\/\/www.instagram.com\/champmarket.paris\/","https:\/\/www.pinterest.fr\/champmarketparis\/","https:\/\/www.linkedin.com\/company\/champmarket\/"]}]}},"_links":{"self":[{"href":"https:\/\/www.champmarket.com\/it\/wp-json\/wp\/v2\/product\/61713","targetHints":{"allow":["GET"]}}],"collection":[{"href":"https:\/\/www.champmarket.com\/it\/wp-json\/wp\/v2\/product"}],"about":[{"href":"https:\/\/www.champmarket.com\/it\/wp-json\/wp\/v2\/types\/product"}],"version-history":[{"count":3,"href":"https:\/\/www.champmarket.com\/it\/wp-json\/wp\/v2\/product\/61713\/revisions"}],"predecessor-version":[{"id":74842,"href":"https:\/\/www.champmarket.com\/it\/wp-json\/wp\/v2\/product\/61713\/revisions\/74842"}],"wp:featuredmedia":[{"embeddable":true,"href":"https:\/\/www.champmarket.com\/it\/wp-json\/wp\/v2\/media\/61721"}],"wp:attachment":[{"href":"https:\/\/www.champmarket.com\/it\/wp-json\/wp\/v2\/media?parent=61713"}],"wp:term":[{"taxonomy":"product_brand","embeddable":true,"href":"https:\/\/www.champmarket.com\/it\/wp-json\/wp\/v2\/product_brand?post=61713"},{"taxonomy":"product_cat","embeddable":true,"href":"https:\/\/www.champmarket.com\/it\/wp-json\/wp\/v2\/product_cat?post=61713"},{"taxonomy":"product_tag","embeddable":true,"href":"https:\/\/www.champmarket.com\/it\/wp-json\/wp\/v2\/product_tag?post=61713"}],"curies":[{"name":"wp","href":"https:\/\/api.w.org\/{rel}","templated":true}]}}