{"id":61792,"date":"2023-11-30T09:24:24","date_gmt":"2023-11-30T08:24:24","guid":{"rendered":"https:\/\/www.champmarket.com\/?post_type=product&#038;p=61792"},"modified":"2024-10-10T12:44:23","modified_gmt":"2024-10-10T10:44:23","slug":"laurent-perrier-grand-siecle-iteration-n26-bottiglia-con-astuccio","status":"publish","type":"product","link":"https:\/\/www.champmarket.com\/it\/champagne\/laurent-perrier-grand-siecle-iteration-n26-bottiglia-con-astuccio\/","title":{"rendered":"Laurent-Perrier Grand Si\u00e8cle It\u00e9ration n\u00b026 -bottiglia con box"},"content":{"rendered":"<p><strong>Oltre le annate rare.<\/strong> Il Vintage in Champagne \u00e8 generalmente considerata sinonimo di eccellenza per le Cuv\u00e9e de Prestige. D&#8217;altra parte, Laurent-Perrier crede che l&#8217;arte dell&#8217;assemblaggio possa creare ci\u00f2 che la natura non ci dar\u00e0 mai: l&#8217;annata perfetta. L&#8217;espressione dell&#8217;annata perfetta \u00e8 quella di un grande vino di Champagne che ha sviluppato una profonda intensit\u00e0 e complessit\u00e0 aromatica, riuscendo al contempo a conservare nel tempo la sua freschezza e acidit\u00e0. Per creare questo vino, Laurent-Perrier si affida alle caratteristiche delle grandi annate della regione di Champagne che offrono freschezza, struttura e finezza. Grand Si\u00e8cle nasce da questa idea unica nel 1959: <strong>ricreare l&#8217;anno perfetto.<\/strong> Grand Si\u00e8cle It\u00e9ration N\u00b026 di Laurent-Perrier con box regalo ha un colore brillante e una fine effervescenza. \u00c8 il vino perfetto per accompagnare piatti raffinati.  Presentata in una Box di lusso, questa cuv\u00e9es \u00e8 ideale per occasioni speciali e regali.  &nbsp;<\/p>\n","protected":false},"excerpt":{"rendered":"<p>Ben oltre le annate rare, Grand Si\u00e8cle It\u00e9ration N\u00b026 di Laurent-Perrier con Box \u00e8 la scelta di non uno ma tre eccezionali anni di raccolta, con profili aromatici complementari, vintage di Laurent-Perrier. Questa operazione si chiama Iterazione. La Grand Si\u00e8cle It\u00e9ration N\u00b026 \u00e8 un blend delle vendemmie 2012 (65%), 2008 (25%) e 2007 (10%).<\/p>\n","protected":false},"featured_media":61798,"template":"","meta":{"_acf_changed":false},"product_brand":[],"product_cat":[3366,3317,3307,2387,2398,2238,2386,2775,2375,2223,2224],"product_tag":[2248,2249,2228,2255,2229],"class_list":{"0":"post-61792","1":"product","2":"type-product","3":"status-publish","4":"has-post-thumbnail","6":"maisons-selection-champagne-laurent-perrier-it","7":"product_cat-champagne-di-natale","8":"product_cat-i-migliori-champagne","9":"product_cat-tutti-gli-champagne-e-i-set-regalo-esclusivi","10":"product_cat-categorie-maisons-de-champagne-it","11":"product_cat-categorie-laurent-perrier-it","12":"product_cat-bouteilles-it","13":"product_cat-essenziali-it","14":"product_cat-tutti-gli-champagne","15":"product_cat-champagne-prestige-it","16":"product_cat-aperitif-it","17":"product_cat-repas-it","18":"product_tag-haute-couture-it","19":"product_tag-incontournable-it","20":"product_tag-aperitif-it","21":"product_tag-pour-offrir-it","22":"product_tag-per-un-pasto-con-champagne","24":"first","25":"instock","26":"taxable","27":"shipping-taxable","28":"purchasable","29":"product-type-simple"},"acf":[],"yoast_head":"<!-- This site is optimized with the Yoast SEO plugin v26.4 - https:\/\/yoast.com\/wordpress\/plugins\/seo\/ -->\n<title>Grand Si\u00e8cle It\u00e9ration N\u00b026 - Champmarket<\/title>\n<meta name=\"description\" content=\"Grand Si\u00e8cle It\u00e9ration N\u00b026 di Laurent-Perrier con Box \u00e8 una miscela di annate eccezionali con profili aromatici complementari. Questa cuv\u00e9es Prestige...\" \/>\n<meta name=\"robots\" content=\"index, follow, max-snippet:-1, max-image-preview:large, max-video-preview:-1\" \/>\n<link rel=\"canonical\" href=\"https:\/\/www.champmarket.com\/it\/champagne\/laurent-perrier-grand-siecle-iteration-n26-bottiglia-con-astuccio\/\" \/>\n<meta property=\"og:locale\" content=\"it_IT\" \/>\n<meta property=\"og:type\" content=\"article\" \/>\n<meta property=\"og:title\" content=\"Grand Si\u00e8cle It\u00e9ration N\u00b026 - Champmarket\" \/>\n<meta property=\"og:description\" content=\"Grand Si\u00e8cle It\u00e9ration N\u00b026 di Laurent-Perrier con Box \u00e8 una miscela di annate eccezionali con profili aromatici complementari. Questa cuv\u00e9es Prestige...\" \/>\n<meta property=\"og:url\" content=\"https:\/\/www.champmarket.com\/it\/champagne\/laurent-perrier-grand-siecle-iteration-n26-bottiglia-con-astuccio\/\" \/>\n<meta property=\"og:site_name\" content=\"Champmarket\" \/>\n<meta property=\"article:publisher\" content=\"https:\/\/www.facebook.com\/ChampMarket\/\" \/>\n<meta property=\"article:modified_time\" content=\"2024-10-10T10:44:23+00:00\" \/>\n<meta property=\"og:image\" content=\"https:\/\/www.champmarket.com\/wp-content\/uploads\/2023\/11\/laurent-perrier-grand-siecle-iteration-26-bouteille-coffret.webp\" \/>\n\t<meta property=\"og:image:width\" content=\"1400\" \/>\n\t<meta property=\"og:image:height\" content=\"1400\" \/>\n\t<meta property=\"og:image:type\" content=\"image\/webp\" \/>\n<meta name=\"twitter:card\" content=\"summary_large_image\" \/>\n<meta name=\"twitter:site\" content=\"@champmarket\" \/>\n<meta name=\"twitter:label1\" content=\"Tempo di lettura stimato\" \/>\n\t<meta name=\"twitter:data1\" content=\"1 minuto\" \/>\n<script type=\"application\/ld+json\" class=\"yoast-schema-graph\">{\"@context\":\"https:\/\/schema.org\",\"@graph\":[{\"@type\":\"WebPage\",\"@id\":\"https:\/\/www.champmarket.com\/it\/champagne\/laurent-perrier-grand-siecle-iteration-n26-bottiglia-con-astuccio\/\",\"url\":\"https:\/\/www.champmarket.com\/it\/champagne\/laurent-perrier-grand-siecle-iteration-n26-bottiglia-con-astuccio\/\",\"name\":\"Grand Si\u00e8cle It\u00e9ration N\u00b026 - Champmarket\",\"isPartOf\":{\"@id\":\"https:\/\/www.champmarket.com\/#website\"},\"primaryImageOfPage\":{\"@id\":\"https:\/\/www.champmarket.com\/it\/champagne\/laurent-perrier-grand-siecle-iteration-n26-bottiglia-con-astuccio\/#primaryimage\"},\"image\":{\"@id\":\"https:\/\/www.champmarket.com\/it\/champagne\/laurent-perrier-grand-siecle-iteration-n26-bottiglia-con-astuccio\/#primaryimage\"},\"thumbnailUrl\":\"https:\/\/www.champmarket.com\/wp-content\/uploads\/2023\/11\/laurent-perrier-grand-siecle-iteration-26-bouteille-coffret.webp\",\"datePublished\":\"2023-11-30T08:24:24+00:00\",\"dateModified\":\"2024-10-10T10:44:23+00:00\",\"description\":\"Grand Si\u00e8cle It\u00e9ration N\u00b026 di Laurent-Perrier con Box \u00e8 una miscela di annate eccezionali con profili aromatici complementari. Questa cuv\u00e9es Prestige...\",\"breadcrumb\":{\"@id\":\"https:\/\/www.champmarket.com\/it\/champagne\/laurent-perrier-grand-siecle-iteration-n26-bottiglia-con-astuccio\/#breadcrumb\"},\"inLanguage\":\"it-IT\",\"potentialAction\":[{\"@type\":\"ReadAction\",\"target\":[\"https:\/\/www.champmarket.com\/it\/champagne\/laurent-perrier-grand-siecle-iteration-n26-bottiglia-con-astuccio\/\"]}]},{\"@type\":\"ImageObject\",\"inLanguage\":\"it-IT\",\"@id\":\"https:\/\/www.champmarket.com\/it\/champagne\/laurent-perrier-grand-siecle-iteration-n26-bottiglia-con-astuccio\/#primaryimage\",\"url\":\"https:\/\/www.champmarket.com\/wp-content\/uploads\/2023\/11\/laurent-perrier-grand-siecle-iteration-26-bouteille-coffret.webp\",\"contentUrl\":\"https:\/\/www.champmarket.com\/wp-content\/uploads\/2023\/11\/laurent-perrier-grand-siecle-iteration-26-bouteille-coffret.webp\",\"width\":1400,\"height\":1400,\"caption\":\"Champagne Grand Si\u00e8cle It\u00e9ration N\u00b026 par Laurent-Perrier - Champmarket\"},{\"@type\":\"BreadcrumbList\",\"@id\":\"https:\/\/www.champmarket.com\/it\/champagne\/laurent-perrier-grand-siecle-iteration-n26-bottiglia-con-astuccio\/#breadcrumb\",\"itemListElement\":[{\"@type\":\"ListItem\",\"position\":1,\"name\":\"Home\",\"item\":\"https:\/\/www.champmarket.com\/it\/acquista-champagne-online-champmarket\/\"},{\"@type\":\"ListItem\",\"position\":2,\"name\":\"Shop\",\"item\":\"https:\/\/www.champmarket.com\/it\/shop\/\"},{\"@type\":\"ListItem\",\"position\":3,\"name\":\"Laurent-Perrier\",\"item\":\"https:\/\/www.champmarket.com\/it\/maisons\/selection-champagne-laurent-perrier-it\/\"},{\"@type\":\"ListItem\",\"position\":4,\"name\":\"Laurent-Perrier Grand Si\u00e8cle It\u00e9ration n\u00b026 -bottiglia con box\"}]},{\"@type\":\"WebSite\",\"@id\":\"https:\/\/www.champmarket.com\/#website\",\"url\":\"https:\/\/www.champmarket.com\/\",\"name\":\"Champmarket\",\"description\":\"Champmarket, Champagnes, Cadeaux et Art de Vivre\",\"publisher\":{\"@id\":\"https:\/\/www.champmarket.com\/#organization\"},\"potentialAction\":[{\"@type\":\"SearchAction\",\"target\":{\"@type\":\"EntryPoint\",\"urlTemplate\":\"https:\/\/www.champmarket.com\/?s={search_term_string}\"},\"query-input\":{\"@type\":\"PropertyValueSpecification\",\"valueRequired\":true,\"valueName\":\"search_term_string\"}}],\"inLanguage\":\"it-IT\"},{\"@type\":\"Organization\",\"@id\":\"https:\/\/www.champmarket.com\/#organization\",\"name\":\"Champmarket\",\"url\":\"https:\/\/www.champmarket.com\/\",\"logo\":{\"@type\":\"ImageObject\",\"inLanguage\":\"it-IT\",\"@id\":\"https:\/\/www.champmarket.com\/#\/schema\/logo\/image\/\",\"url\":\"https:\/\/www.champmarket.com\/wp-content\/uploads\/2024\/08\/logo2024-1.svg\",\"contentUrl\":\"https:\/\/www.champmarket.com\/wp-content\/uploads\/2024\/08\/logo2024-1.svg\",\"width\":579.8,\"height\":80,\"caption\":\"Champmarket\"},\"image\":{\"@id\":\"https:\/\/www.champmarket.com\/#\/schema\/logo\/image\/\"},\"sameAs\":[\"https:\/\/www.facebook.com\/ChampMarket\/\",\"https:\/\/x.com\/champmarket\",\"https:\/\/www.instagram.com\/champmarket.paris\/\",\"https:\/\/www.pinterest.fr\/champmarketparis\/\",\"https:\/\/www.linkedin.com\/company\/champmarket\/\"]}]}<\/script>\n<!-- \/ Yoast SEO plugin. -->","yoast_head_json":{"title":"Grand Si\u00e8cle It\u00e9ration N\u00b026 - Champmarket","description":"Grand Si\u00e8cle It\u00e9ration N\u00b026 di Laurent-Perrier con Box \u00e8 una miscela di annate eccezionali con profili aromatici complementari. Questa cuv\u00e9es Prestige...","robots":{"index":"index","follow":"follow","max-snippet":"max-snippet:-1","max-image-preview":"max-image-preview:large","max-video-preview":"max-video-preview:-1"},"canonical":"https:\/\/www.champmarket.com\/it\/champagne\/laurent-perrier-grand-siecle-iteration-n26-bottiglia-con-astuccio\/","og_locale":"it_IT","og_type":"article","og_title":"Grand Si\u00e8cle It\u00e9ration N\u00b026 - Champmarket","og_description":"Grand Si\u00e8cle It\u00e9ration N\u00b026 di Laurent-Perrier con Box \u00e8 una miscela di annate eccezionali con profili aromatici complementari. Questa cuv\u00e9es Prestige...","og_url":"https:\/\/www.champmarket.com\/it\/champagne\/laurent-perrier-grand-siecle-iteration-n26-bottiglia-con-astuccio\/","og_site_name":"Champmarket","article_publisher":"https:\/\/www.facebook.com\/ChampMarket\/","article_modified_time":"2024-10-10T10:44:23+00:00","og_image":[{"width":1400,"height":1400,"url":"https:\/\/www.champmarket.com\/wp-content\/uploads\/2023\/11\/laurent-perrier-grand-siecle-iteration-26-bouteille-coffret.webp","type":"image\/webp"}],"twitter_card":"summary_large_image","twitter_site":"@champmarket","twitter_misc":{"Tempo di lettura stimato":"1 minuto"},"schema":{"@context":"https:\/\/schema.org","@graph":[{"@type":"WebPage","@id":"https:\/\/www.champmarket.com\/it\/champagne\/laurent-perrier-grand-siecle-iteration-n26-bottiglia-con-astuccio\/","url":"https:\/\/www.champmarket.com\/it\/champagne\/laurent-perrier-grand-siecle-iteration-n26-bottiglia-con-astuccio\/","name":"Grand Si\u00e8cle It\u00e9ration N\u00b026 - Champmarket","isPartOf":{"@id":"https:\/\/www.champmarket.com\/#website"},"primaryImageOfPage":{"@id":"https:\/\/www.champmarket.com\/it\/champagne\/laurent-perrier-grand-siecle-iteration-n26-bottiglia-con-astuccio\/#primaryimage"},"image":{"@id":"https:\/\/www.champmarket.com\/it\/champagne\/laurent-perrier-grand-siecle-iteration-n26-bottiglia-con-astuccio\/#primaryimage"},"thumbnailUrl":"https:\/\/www.champmarket.com\/wp-content\/uploads\/2023\/11\/laurent-perrier-grand-siecle-iteration-26-bouteille-coffret.webp","datePublished":"2023-11-30T08:24:24+00:00","dateModified":"2024-10-10T10:44:23+00:00","description":"Grand Si\u00e8cle It\u00e9ration N\u00b026 di Laurent-Perrier con Box \u00e8 una miscela di annate eccezionali con profili aromatici complementari. Questa cuv\u00e9es Prestige...","breadcrumb":{"@id":"https:\/\/www.champmarket.com\/it\/champagne\/laurent-perrier-grand-siecle-iteration-n26-bottiglia-con-astuccio\/#breadcrumb"},"inLanguage":"it-IT","potentialAction":[{"@type":"ReadAction","target":["https:\/\/www.champmarket.com\/it\/champagne\/laurent-perrier-grand-siecle-iteration-n26-bottiglia-con-astuccio\/"]}]},{"@type":"ImageObject","inLanguage":"it-IT","@id":"https:\/\/www.champmarket.com\/it\/champagne\/laurent-perrier-grand-siecle-iteration-n26-bottiglia-con-astuccio\/#primaryimage","url":"https:\/\/www.champmarket.com\/wp-content\/uploads\/2023\/11\/laurent-perrier-grand-siecle-iteration-26-bouteille-coffret.webp","contentUrl":"https:\/\/www.champmarket.com\/wp-content\/uploads\/2023\/11\/laurent-perrier-grand-siecle-iteration-26-bouteille-coffret.webp","width":1400,"height":1400,"caption":"Champagne Grand Si\u00e8cle It\u00e9ration N\u00b026 par Laurent-Perrier - Champmarket"},{"@type":"BreadcrumbList","@id":"https:\/\/www.champmarket.com\/it\/champagne\/laurent-perrier-grand-siecle-iteration-n26-bottiglia-con-astuccio\/#breadcrumb","itemListElement":[{"@type":"ListItem","position":1,"name":"Home","item":"https:\/\/www.champmarket.com\/it\/acquista-champagne-online-champmarket\/"},{"@type":"ListItem","position":2,"name":"Shop","item":"https:\/\/www.champmarket.com\/it\/shop\/"},{"@type":"ListItem","position":3,"name":"Laurent-Perrier","item":"https:\/\/www.champmarket.com\/it\/maisons\/selection-champagne-laurent-perrier-it\/"},{"@type":"ListItem","position":4,"name":"Laurent-Perrier Grand Si\u00e8cle It\u00e9ration n\u00b026 -bottiglia con box"}]},{"@type":"WebSite","@id":"https:\/\/www.champmarket.com\/#website","url":"https:\/\/www.champmarket.com\/","name":"Champmarket","description":"Champmarket, Champagnes, Cadeaux et Art de Vivre","publisher":{"@id":"https:\/\/www.champmarket.com\/#organization"},"potentialAction":[{"@type":"SearchAction","target":{"@type":"EntryPoint","urlTemplate":"https:\/\/www.champmarket.com\/?s={search_term_string}"},"query-input":{"@type":"PropertyValueSpecification","valueRequired":true,"valueName":"search_term_string"}}],"inLanguage":"it-IT"},{"@type":"Organization","@id":"https:\/\/www.champmarket.com\/#organization","name":"Champmarket","url":"https:\/\/www.champmarket.com\/","logo":{"@type":"ImageObject","inLanguage":"it-IT","@id":"https:\/\/www.champmarket.com\/#\/schema\/logo\/image\/","url":"https:\/\/www.champmarket.com\/wp-content\/uploads\/2024\/08\/logo2024-1.svg","contentUrl":"https:\/\/www.champmarket.com\/wp-content\/uploads\/2024\/08\/logo2024-1.svg","width":579.8,"height":80,"caption":"Champmarket"},"image":{"@id":"https:\/\/www.champmarket.com\/#\/schema\/logo\/image\/"},"sameAs":["https:\/\/www.facebook.com\/ChampMarket\/","https:\/\/x.com\/champmarket","https:\/\/www.instagram.com\/champmarket.paris\/","https:\/\/www.pinterest.fr\/champmarketparis\/","https:\/\/www.linkedin.com\/company\/champmarket\/"]}]}},"_links":{"self":[{"href":"https:\/\/www.champmarket.com\/it\/wp-json\/wp\/v2\/product\/61792","targetHints":{"allow":["GET"]}}],"collection":[{"href":"https:\/\/www.champmarket.com\/it\/wp-json\/wp\/v2\/product"}],"about":[{"href":"https:\/\/www.champmarket.com\/it\/wp-json\/wp\/v2\/types\/product"}],"version-history":[{"count":3,"href":"https:\/\/www.champmarket.com\/it\/wp-json\/wp\/v2\/product\/61792\/revisions"}],"predecessor-version":[{"id":74830,"href":"https:\/\/www.champmarket.com\/it\/wp-json\/wp\/v2\/product\/61792\/revisions\/74830"}],"wp:featuredmedia":[{"embeddable":true,"href":"https:\/\/www.champmarket.com\/it\/wp-json\/wp\/v2\/media\/61798"}],"wp:attachment":[{"href":"https:\/\/www.champmarket.com\/it\/wp-json\/wp\/v2\/media?parent=61792"}],"wp:term":[{"taxonomy":"product_brand","embeddable":true,"href":"https:\/\/www.champmarket.com\/it\/wp-json\/wp\/v2\/product_brand?post=61792"},{"taxonomy":"product_cat","embeddable":true,"href":"https:\/\/www.champmarket.com\/it\/wp-json\/wp\/v2\/product_cat?post=61792"},{"taxonomy":"product_tag","embeddable":true,"href":"https:\/\/www.champmarket.com\/it\/wp-json\/wp\/v2\/product_tag?post=61792"}],"curies":[{"name":"wp","href":"https:\/\/api.w.org\/{rel}","templated":true}]}}