{"id":64154,"date":"2024-01-25T14:10:01","date_gmt":"2024-01-25T13:10:01","guid":{"rendered":"https:\/\/www.champmarket.com\/?post_type=product&#038;p=64154"},"modified":"2025-05-09T14:41:23","modified_gmt":"2025-05-09T12:41:23","slug":"drappier-grande-sendree-2010-magnum-con-box-in-legno","status":"publish","type":"product","link":"https:\/\/www.champmarket.com\/it\/champagne\/drappier-grande-sendree-2010-magnum-con-box-in-legno\/","title":{"rendered":"Drappier Grande Sendr\u00e9e 2010 magnum con cassa di legno"},"content":{"rendered":"<p>Fondata nel 1808, la Maison di Champagne Drappier, situata a Urville nella C\u00f4te des Bar, \u00e8 rinomata per i suoi vini potenti e dal carattere deciso, racchiusi in bottiglie eccezionali. La Maison di Champagne a conduzione familiare \u00e8 nota anche per la denominazione della sua grande cuv\u00e9e d&#8217;annata, la Cuv\u00e9e Grande Sendr\u00e9e. Questa prestigiosa cuv\u00e9e prende il nome da un appezzamento di terreno ricoperto di cenere dopo l&#8217;incendio che devast\u00f2 Urville nel 1838. \u00c8 una &#8220;S&#8221; a contraddistinguere questa cuv\u00e9e oggi, in ricordo di un errore ortografico che si \u00e8 insinuato nell&#8217;etichetta al momento della stampa: &#8220;cendr\u00e9e&#8221; \u00e8 diventato &#8220;sendr\u00e9e&#8221;.<\/p>\n","protected":false},"excerpt":{"rendered":"<p>Prodotta in piccolissime quantit\u00e0 da vecchie vigne, la cuv\u00e9e Drappier Grande Sendr\u00e9e 2010 magnum con cassa di legno \u00e8 uno champagne prestigioso che nasce solo nelle grandi annate. Sorprende per la sua raffinatezza nell&#8217;esprimere la sua complessit\u00e0 aromatica. \u00c8 l&#8217;espressione sottile di aromi compiuti.<\/p>\n","protected":false},"featured_media":64159,"template":"","meta":{"_acf_changed":false},"product_brand":[],"product_cat":[2394,2226,2227,2775,2225,2375,2223,2224],"product_tag":[2248,2249,2255,2229,2232],"class_list":{"0":"post-64154","1":"product","2":"type-product","3":"status-publish","4":"has-post-thumbnail","6":"maisons-selection-champagne-drappier-it","7":"product_cat-categorie-drappier-it","8":"product_cat-bottiglie-grande-it","9":"product_cat-magnum-it","10":"product_cat-tutti-gli-champagne","11":"product_cat-champagne-millesime-it","12":"product_cat-champagne-prestige-it","13":"product_cat-aperitif-it","14":"product_cat-repas-it","15":"product_tag-haute-couture-it","16":"product_tag-incontournable-it","17":"product_tag-pour-offrir-it","18":"product_tag-per-un-pasto-con-champagne","19":"product_tag-vintage-it","21":"first","22":"instock","23":"taxable","24":"shipping-taxable","25":"purchasable","26":"product-type-simple"},"acf":[],"yoast_head":"<!-- This site is optimized with the Yoast SEO plugin v26.4 - https:\/\/yoast.com\/wordpress\/plugins\/seo\/ -->\n<title>Drappier Grande Sendr\u00e9e 2010 magnum con cassa di legno - Champmarket<\/title>\n<meta name=\"description\" content=\"La cuv\u00e9e Drappier Grande Sendr\u00e9e 2010 magnum con cassa di legno \u00e8 uno champagne prestigioso, che sorprende per la sua raffinata espressione di complessit\u00e0 aromatica.\" \/>\n<meta name=\"robots\" content=\"index, follow, max-snippet:-1, max-image-preview:large, max-video-preview:-1\" \/>\n<link rel=\"canonical\" href=\"https:\/\/www.champmarket.com\/it\/champagne\/drappier-grande-sendree-2010-magnum-con-box-in-legno\/\" \/>\n<meta property=\"og:locale\" content=\"it_IT\" \/>\n<meta property=\"og:type\" content=\"article\" \/>\n<meta property=\"og:title\" content=\"Drappier Grande Sendr\u00e9e 2010 magnum con cassa di legno - Champmarket\" \/>\n<meta property=\"og:description\" content=\"La cuv\u00e9e Drappier Grande Sendr\u00e9e 2010 magnum con cassa di legno \u00e8 uno champagne prestigioso, che sorprende per la sua raffinata espressione di complessit\u00e0 aromatica.\" \/>\n<meta property=\"og:url\" content=\"https:\/\/www.champmarket.com\/it\/champagne\/drappier-grande-sendree-2010-magnum-con-box-in-legno\/\" \/>\n<meta property=\"og:site_name\" content=\"Champmarket\" \/>\n<meta property=\"article:publisher\" content=\"https:\/\/www.facebook.com\/ChampMarket\/\" \/>\n<meta property=\"article:modified_time\" content=\"2025-05-09T12:41:23+00:00\" \/>\n<meta property=\"og:image\" content=\"https:\/\/www.champmarket.com\/wp-content\/uploads\/2024\/01\/drappier-grande-sendree-2010-magnum-coffret.webp\" \/>\n\t<meta property=\"og:image:width\" content=\"1200\" \/>\n\t<meta property=\"og:image:height\" content=\"1200\" \/>\n\t<meta property=\"og:image:type\" content=\"image\/webp\" \/>\n<meta name=\"twitter:card\" content=\"summary_large_image\" \/>\n<meta name=\"twitter:site\" content=\"@champmarket\" \/>\n<meta name=\"twitter:label1\" content=\"Tempo di lettura stimato\" \/>\n\t<meta name=\"twitter:data1\" content=\"1 minuto\" \/>\n<script type=\"application\/ld+json\" class=\"yoast-schema-graph\">{\"@context\":\"https:\/\/schema.org\",\"@graph\":[{\"@type\":\"WebPage\",\"@id\":\"https:\/\/www.champmarket.com\/it\/champagne\/drappier-grande-sendree-2010-magnum-con-box-in-legno\/\",\"url\":\"https:\/\/www.champmarket.com\/it\/champagne\/drappier-grande-sendree-2010-magnum-con-box-in-legno\/\",\"name\":\"Drappier Grande Sendr\u00e9e 2010 magnum con cassa di legno - Champmarket\",\"isPartOf\":{\"@id\":\"https:\/\/www.champmarket.com\/#website\"},\"primaryImageOfPage\":{\"@id\":\"https:\/\/www.champmarket.com\/it\/champagne\/drappier-grande-sendree-2010-magnum-con-box-in-legno\/#primaryimage\"},\"image\":{\"@id\":\"https:\/\/www.champmarket.com\/it\/champagne\/drappier-grande-sendree-2010-magnum-con-box-in-legno\/#primaryimage\"},\"thumbnailUrl\":\"https:\/\/www.champmarket.com\/wp-content\/uploads\/2024\/01\/drappier-grande-sendree-2010-magnum-coffret.webp\",\"datePublished\":\"2024-01-25T13:10:01+00:00\",\"dateModified\":\"2025-05-09T12:41:23+00:00\",\"description\":\"La cuv\u00e9e Drappier Grande Sendr\u00e9e 2010 magnum con cassa di legno \u00e8 uno champagne prestigioso, che sorprende per la sua raffinata espressione di complessit\u00e0 aromatica.\",\"breadcrumb\":{\"@id\":\"https:\/\/www.champmarket.com\/it\/champagne\/drappier-grande-sendree-2010-magnum-con-box-in-legno\/#breadcrumb\"},\"inLanguage\":\"it-IT\",\"potentialAction\":[{\"@type\":\"ReadAction\",\"target\":[\"https:\/\/www.champmarket.com\/it\/champagne\/drappier-grande-sendree-2010-magnum-con-box-in-legno\/\"]}]},{\"@type\":\"ImageObject\",\"inLanguage\":\"it-IT\",\"@id\":\"https:\/\/www.champmarket.com\/it\/champagne\/drappier-grande-sendree-2010-magnum-con-box-in-legno\/#primaryimage\",\"url\":\"https:\/\/www.champmarket.com\/wp-content\/uploads\/2024\/01\/drappier-grande-sendree-2010-magnum-coffret.webp\",\"contentUrl\":\"https:\/\/www.champmarket.com\/wp-content\/uploads\/2024\/01\/drappier-grande-sendree-2010-magnum-coffret.webp\",\"width\":1200,\"height\":1200,\"caption\":\"Champagne Drappier Grande Sendr\u00e9e 2010 magnum avec caisse bois - Champmarket\"},{\"@type\":\"BreadcrumbList\",\"@id\":\"https:\/\/www.champmarket.com\/it\/champagne\/drappier-grande-sendree-2010-magnum-con-box-in-legno\/#breadcrumb\",\"itemListElement\":[{\"@type\":\"ListItem\",\"position\":1,\"name\":\"Home\",\"item\":\"https:\/\/www.champmarket.com\/it\/acquista-champagne-online-champmarket\/\"},{\"@type\":\"ListItem\",\"position\":2,\"name\":\"Shop\",\"item\":\"https:\/\/www.champmarket.com\/it\/shop\/\"},{\"@type\":\"ListItem\",\"position\":3,\"name\":\"Drappier\",\"item\":\"https:\/\/www.champmarket.com\/it\/maisons\/selection-champagne-drappier-it\/\"},{\"@type\":\"ListItem\",\"position\":4,\"name\":\"Drappier Grande Sendr\u00e9e 2010 magnum con cassa di legno\"}]},{\"@type\":\"WebSite\",\"@id\":\"https:\/\/www.champmarket.com\/#website\",\"url\":\"https:\/\/www.champmarket.com\/\",\"name\":\"Champmarket\",\"description\":\"Champmarket, Champagnes, Cadeaux et Art de Vivre\",\"publisher\":{\"@id\":\"https:\/\/www.champmarket.com\/#organization\"},\"potentialAction\":[{\"@type\":\"SearchAction\",\"target\":{\"@type\":\"EntryPoint\",\"urlTemplate\":\"https:\/\/www.champmarket.com\/?s={search_term_string}\"},\"query-input\":{\"@type\":\"PropertyValueSpecification\",\"valueRequired\":true,\"valueName\":\"search_term_string\"}}],\"inLanguage\":\"it-IT\"},{\"@type\":\"Organization\",\"@id\":\"https:\/\/www.champmarket.com\/#organization\",\"name\":\"Champmarket\",\"url\":\"https:\/\/www.champmarket.com\/\",\"logo\":{\"@type\":\"ImageObject\",\"inLanguage\":\"it-IT\",\"@id\":\"https:\/\/www.champmarket.com\/#\/schema\/logo\/image\/\",\"url\":\"https:\/\/www.champmarket.com\/wp-content\/uploads\/2024\/08\/logo2024-1.svg\",\"contentUrl\":\"https:\/\/www.champmarket.com\/wp-content\/uploads\/2024\/08\/logo2024-1.svg\",\"width\":579.8,\"height\":80,\"caption\":\"Champmarket\"},\"image\":{\"@id\":\"https:\/\/www.champmarket.com\/#\/schema\/logo\/image\/\"},\"sameAs\":[\"https:\/\/www.facebook.com\/ChampMarket\/\",\"https:\/\/x.com\/champmarket\",\"https:\/\/www.instagram.com\/champmarket.paris\/\",\"https:\/\/www.pinterest.fr\/champmarketparis\/\",\"https:\/\/www.linkedin.com\/company\/champmarket\/\"]}]}<\/script>\n<!-- \/ Yoast SEO plugin. -->","yoast_head_json":{"title":"Drappier Grande Sendr\u00e9e 2010 magnum con cassa di legno - Champmarket","description":"La cuv\u00e9e Drappier Grande Sendr\u00e9e 2010 magnum con cassa di legno \u00e8 uno champagne prestigioso, che sorprende per la sua raffinata espressione di complessit\u00e0 aromatica.","robots":{"index":"index","follow":"follow","max-snippet":"max-snippet:-1","max-image-preview":"max-image-preview:large","max-video-preview":"max-video-preview:-1"},"canonical":"https:\/\/www.champmarket.com\/it\/champagne\/drappier-grande-sendree-2010-magnum-con-box-in-legno\/","og_locale":"it_IT","og_type":"article","og_title":"Drappier Grande Sendr\u00e9e 2010 magnum con cassa di legno - Champmarket","og_description":"La cuv\u00e9e Drappier Grande Sendr\u00e9e 2010 magnum con cassa di legno \u00e8 uno champagne prestigioso, che sorprende per la sua raffinata espressione di complessit\u00e0 aromatica.","og_url":"https:\/\/www.champmarket.com\/it\/champagne\/drappier-grande-sendree-2010-magnum-con-box-in-legno\/","og_site_name":"Champmarket","article_publisher":"https:\/\/www.facebook.com\/ChampMarket\/","article_modified_time":"2025-05-09T12:41:23+00:00","og_image":[{"width":1200,"height":1200,"url":"https:\/\/www.champmarket.com\/wp-content\/uploads\/2024\/01\/drappier-grande-sendree-2010-magnum-coffret.webp","type":"image\/webp"}],"twitter_card":"summary_large_image","twitter_site":"@champmarket","twitter_misc":{"Tempo di lettura stimato":"1 minuto"},"schema":{"@context":"https:\/\/schema.org","@graph":[{"@type":"WebPage","@id":"https:\/\/www.champmarket.com\/it\/champagne\/drappier-grande-sendree-2010-magnum-con-box-in-legno\/","url":"https:\/\/www.champmarket.com\/it\/champagne\/drappier-grande-sendree-2010-magnum-con-box-in-legno\/","name":"Drappier Grande Sendr\u00e9e 2010 magnum con cassa di legno - Champmarket","isPartOf":{"@id":"https:\/\/www.champmarket.com\/#website"},"primaryImageOfPage":{"@id":"https:\/\/www.champmarket.com\/it\/champagne\/drappier-grande-sendree-2010-magnum-con-box-in-legno\/#primaryimage"},"image":{"@id":"https:\/\/www.champmarket.com\/it\/champagne\/drappier-grande-sendree-2010-magnum-con-box-in-legno\/#primaryimage"},"thumbnailUrl":"https:\/\/www.champmarket.com\/wp-content\/uploads\/2024\/01\/drappier-grande-sendree-2010-magnum-coffret.webp","datePublished":"2024-01-25T13:10:01+00:00","dateModified":"2025-05-09T12:41:23+00:00","description":"La cuv\u00e9e Drappier Grande Sendr\u00e9e 2010 magnum con cassa di legno \u00e8 uno champagne prestigioso, che sorprende per la sua raffinata espressione di complessit\u00e0 aromatica.","breadcrumb":{"@id":"https:\/\/www.champmarket.com\/it\/champagne\/drappier-grande-sendree-2010-magnum-con-box-in-legno\/#breadcrumb"},"inLanguage":"it-IT","potentialAction":[{"@type":"ReadAction","target":["https:\/\/www.champmarket.com\/it\/champagne\/drappier-grande-sendree-2010-magnum-con-box-in-legno\/"]}]},{"@type":"ImageObject","inLanguage":"it-IT","@id":"https:\/\/www.champmarket.com\/it\/champagne\/drappier-grande-sendree-2010-magnum-con-box-in-legno\/#primaryimage","url":"https:\/\/www.champmarket.com\/wp-content\/uploads\/2024\/01\/drappier-grande-sendree-2010-magnum-coffret.webp","contentUrl":"https:\/\/www.champmarket.com\/wp-content\/uploads\/2024\/01\/drappier-grande-sendree-2010-magnum-coffret.webp","width":1200,"height":1200,"caption":"Champagne Drappier Grande Sendr\u00e9e 2010 magnum avec caisse bois - Champmarket"},{"@type":"BreadcrumbList","@id":"https:\/\/www.champmarket.com\/it\/champagne\/drappier-grande-sendree-2010-magnum-con-box-in-legno\/#breadcrumb","itemListElement":[{"@type":"ListItem","position":1,"name":"Home","item":"https:\/\/www.champmarket.com\/it\/acquista-champagne-online-champmarket\/"},{"@type":"ListItem","position":2,"name":"Shop","item":"https:\/\/www.champmarket.com\/it\/shop\/"},{"@type":"ListItem","position":3,"name":"Drappier","item":"https:\/\/www.champmarket.com\/it\/maisons\/selection-champagne-drappier-it\/"},{"@type":"ListItem","position":4,"name":"Drappier Grande Sendr\u00e9e 2010 magnum con cassa di legno"}]},{"@type":"WebSite","@id":"https:\/\/www.champmarket.com\/#website","url":"https:\/\/www.champmarket.com\/","name":"Champmarket","description":"Champmarket, Champagnes, Cadeaux et Art de Vivre","publisher":{"@id":"https:\/\/www.champmarket.com\/#organization"},"potentialAction":[{"@type":"SearchAction","target":{"@type":"EntryPoint","urlTemplate":"https:\/\/www.champmarket.com\/?s={search_term_string}"},"query-input":{"@type":"PropertyValueSpecification","valueRequired":true,"valueName":"search_term_string"}}],"inLanguage":"it-IT"},{"@type":"Organization","@id":"https:\/\/www.champmarket.com\/#organization","name":"Champmarket","url":"https:\/\/www.champmarket.com\/","logo":{"@type":"ImageObject","inLanguage":"it-IT","@id":"https:\/\/www.champmarket.com\/#\/schema\/logo\/image\/","url":"https:\/\/www.champmarket.com\/wp-content\/uploads\/2024\/08\/logo2024-1.svg","contentUrl":"https:\/\/www.champmarket.com\/wp-content\/uploads\/2024\/08\/logo2024-1.svg","width":579.8,"height":80,"caption":"Champmarket"},"image":{"@id":"https:\/\/www.champmarket.com\/#\/schema\/logo\/image\/"},"sameAs":["https:\/\/www.facebook.com\/ChampMarket\/","https:\/\/x.com\/champmarket","https:\/\/www.instagram.com\/champmarket.paris\/","https:\/\/www.pinterest.fr\/champmarketparis\/","https:\/\/www.linkedin.com\/company\/champmarket\/"]}]}},"_links":{"self":[{"href":"https:\/\/www.champmarket.com\/it\/wp-json\/wp\/v2\/product\/64154","targetHints":{"allow":["GET"]}}],"collection":[{"href":"https:\/\/www.champmarket.com\/it\/wp-json\/wp\/v2\/product"}],"about":[{"href":"https:\/\/www.champmarket.com\/it\/wp-json\/wp\/v2\/types\/product"}],"version-history":[{"count":3,"href":"https:\/\/www.champmarket.com\/it\/wp-json\/wp\/v2\/product\/64154\/revisions"}],"predecessor-version":[{"id":74801,"href":"https:\/\/www.champmarket.com\/it\/wp-json\/wp\/v2\/product\/64154\/revisions\/74801"}],"wp:featuredmedia":[{"embeddable":true,"href":"https:\/\/www.champmarket.com\/it\/wp-json\/wp\/v2\/media\/64159"}],"wp:attachment":[{"href":"https:\/\/www.champmarket.com\/it\/wp-json\/wp\/v2\/media?parent=64154"}],"wp:term":[{"taxonomy":"product_brand","embeddable":true,"href":"https:\/\/www.champmarket.com\/it\/wp-json\/wp\/v2\/product_brand?post=64154"},{"taxonomy":"product_cat","embeddable":true,"href":"https:\/\/www.champmarket.com\/it\/wp-json\/wp\/v2\/product_cat?post=64154"},{"taxonomy":"product_tag","embeddable":true,"href":"https:\/\/www.champmarket.com\/it\/wp-json\/wp\/v2\/product_tag?post=64154"}],"curies":[{"name":"wp","href":"https:\/\/api.w.org\/{rel}","templated":true}]}}