{"id":64162,"date":"2024-01-25T15:24:01","date_gmt":"2024-01-25T14:24:01","guid":{"rendered":"https:\/\/www.champmarket.com\/?post_type=product&#038;p=64162"},"modified":"2025-05-09T14:39:15","modified_gmt":"2025-05-09T12:39:15","slug":"drappier-brut-nature-trop-m-en-faut-coteaux-champenois-bottiglia-sola","status":"publish","type":"product","link":"https:\/\/www.champmarket.com\/it\/champagne\/drappier-brut-nature-trop-m-en-faut-coteaux-champenois-bottiglia-sola\/","title":{"rendered":"Brut Drappier Nature Trop m&#8217;en faut! Bottiglia Coteaux Champenois"},"content":{"rendered":"<p>Collection Les \u00c9ph\u00e9m\u00e8res de Drappier: Antoine, Hugo e Michel Drappier traggono ispirazione dalla geografia locale e dalle tecniche naturali di vinificazione per creare vini unici cuv\u00e9es. Lavorano insieme, avvalendosi delle conoscenze di Andr\u00e9 Drappier, per realizzare progetti originali. Selezione massale, macerazioni uniche, assemblaggi inaspettati, invecchiamento sotto il mare&#8230; questi sono solo alcuni degli esperimenti che ogni giorno danno vita al loro lavoro di viticoltori.  <\/p>\n<p>Hugo Drappier ha creato Drappier Brut Nature Trop m&#8217;en faut! Il Coteaux Champenois \u00e8 prodotto con un vitigno dimenticato della Champagne, il Fromenteau, noto anche come Pinot Gris. Presente in Champagne fin dal XVII secolo ma ormai rara, offre un succo dorato e delicate note fruttate.  <\/p>\n<p>Questa cuv\u00e9e \u00e8 prodotta da un&#8217;unica parcella di viti chiamata &#8220;Les Truchots&#8221;. Questo vigneto esposto a sud \u00e8 coltivato con metodo biologico secondo la certificazione Ecocert e si trova su un terreno giurassico Kimmeridgiano. <\/p>\n","protected":false},"excerpt":{"rendered":"<p>Brut La cuv\u00e9es Drappier Nature Trop m&#8217;en faut! Collection Coteaux Champenois fa parte di Les \u00c9ph\u00e9m\u00e8res de Drappier. Questa cuv\u00e9e \u00e8 un nuovo capitolo dell&#8217;impegno di Drappier nel preservare la diversit\u00e0 vegetale in Champagne. Il nome &#8220;Trop m&#8217;en faut&#8221; \u00e8 una presa in giro del &#8220;Fromenteau&#8221;, il vitigno dimenticato della Champagne da cui \u00e8 stata creata questa cuv\u00e9e, noto anche come Pinot Gris.   <\/p>\n","protected":false},"featured_media":64169,"template":"","meta":{"_acf_changed":false},"product_brand":[],"product_cat":[3374,3373,2387,2394,2238,2775,2374,2224],"product_tag":[2244,2245,2229],"class_list":{"0":"post-64162","1":"product","2":"type-product","3":"status-publish","4":"has-post-thumbnail","6":"maisons-selection-champagne-drappier-it","7":"product_cat-champagne-brut-nature-zero-dosaggio","8":"product_cat-champagne-e-ostriche","9":"product_cat-categorie-maisons-de-champagne-it","10":"product_cat-categorie-drappier-it","11":"product_cat-bouteilles-it","12":"product_cat-tutti-gli-champagne","13":"product_cat-champagne-extra-brut-non-dose-zero-dosage","14":"product_cat-repas-it","15":"product_tag-sushis-it","16":"product_tag-fruits-de-mer-it","17":"product_tag-per-un-pasto-con-champagne","19":"first","20":"onbackorder","21":"taxable","22":"shipping-taxable","23":"purchasable","24":"product-type-simple"},"acf":[],"yoast_head":"<!-- This site is optimized with the Yoast SEO plugin v26.4 - https:\/\/yoast.com\/wordpress\/plugins\/seo\/ -->\n<title>Brut Drappier Nature Trop m&#039;en faut! Bottiglia Coteaux Champenois - Champmarket<\/title>\n<meta name=\"description\" content=\"Brut Il Drappier Nature Trop m&#039;en faut! Coteaux Champenois apre un nuovo capitolo nell&#039;impegno della Maison a preservare la diversit\u00e0 vegetale in Champagne.\" \/>\n<meta name=\"robots\" content=\"index, follow, max-snippet:-1, max-image-preview:large, max-video-preview:-1\" \/>\n<link rel=\"canonical\" href=\"https:\/\/www.champmarket.com\/it\/champagne\/drappier-brut-nature-trop-m-en-faut-coteaux-champenois-bottiglia-sola\/\" \/>\n<meta property=\"og:locale\" content=\"it_IT\" \/>\n<meta property=\"og:type\" content=\"article\" \/>\n<meta property=\"og:title\" content=\"Brut Drappier Nature Trop m&#039;en faut! Bottiglia Coteaux Champenois - Champmarket\" \/>\n<meta property=\"og:description\" content=\"Brut Il Drappier Nature Trop m&#039;en faut! Coteaux Champenois apre un nuovo capitolo nell&#039;impegno della Maison a preservare la diversit\u00e0 vegetale in Champagne.\" \/>\n<meta property=\"og:url\" content=\"https:\/\/www.champmarket.com\/it\/champagne\/drappier-brut-nature-trop-m-en-faut-coteaux-champenois-bottiglia-sola\/\" \/>\n<meta property=\"og:site_name\" content=\"Champmarket\" \/>\n<meta property=\"article:publisher\" content=\"https:\/\/www.facebook.com\/ChampMarket\/\" \/>\n<meta property=\"article:modified_time\" content=\"2025-05-09T12:39:15+00:00\" \/>\n<meta property=\"og:image\" content=\"https:\/\/www.champmarket.com\/wp-content\/uploads\/2024\/01\/drappier-brut-nature-trop-m-en-faut-bouteille.webp\" \/>\n\t<meta property=\"og:image:width\" content=\"1200\" \/>\n\t<meta property=\"og:image:height\" content=\"1200\" \/>\n\t<meta property=\"og:image:type\" content=\"image\/jpeg\" \/>\n<meta name=\"twitter:card\" content=\"summary_large_image\" \/>\n<meta name=\"twitter:site\" content=\"@champmarket\" \/>\n<meta name=\"twitter:label1\" content=\"Tempo di lettura stimato\" \/>\n\t<meta name=\"twitter:data1\" content=\"1 minuto\" \/>\n<script type=\"application\/ld+json\" class=\"yoast-schema-graph\">{\"@context\":\"https:\/\/schema.org\",\"@graph\":[{\"@type\":\"WebPage\",\"@id\":\"https:\/\/www.champmarket.com\/it\/champagne\/drappier-brut-nature-trop-m-en-faut-coteaux-champenois-bottiglia-sola\/\",\"url\":\"https:\/\/www.champmarket.com\/it\/champagne\/drappier-brut-nature-trop-m-en-faut-coteaux-champenois-bottiglia-sola\/\",\"name\":\"Brut Drappier Nature Trop m'en faut! Bottiglia Coteaux Champenois - Champmarket\",\"isPartOf\":{\"@id\":\"https:\/\/www.champmarket.com\/#website\"},\"primaryImageOfPage\":{\"@id\":\"https:\/\/www.champmarket.com\/it\/champagne\/drappier-brut-nature-trop-m-en-faut-coteaux-champenois-bottiglia-sola\/#primaryimage\"},\"image\":{\"@id\":\"https:\/\/www.champmarket.com\/it\/champagne\/drappier-brut-nature-trop-m-en-faut-coteaux-champenois-bottiglia-sola\/#primaryimage\"},\"thumbnailUrl\":\"https:\/\/www.champmarket.com\/wp-content\/uploads\/2024\/01\/drappier-brut-nature-trop-m-en-faut-bouteille.webp\",\"datePublished\":\"2024-01-25T14:24:01+00:00\",\"dateModified\":\"2025-05-09T12:39:15+00:00\",\"description\":\"Brut Il Drappier Nature Trop m'en faut! Coteaux Champenois apre un nuovo capitolo nell'impegno della Maison a preservare la diversit\u00e0 vegetale in Champagne.\",\"breadcrumb\":{\"@id\":\"https:\/\/www.champmarket.com\/it\/champagne\/drappier-brut-nature-trop-m-en-faut-coteaux-champenois-bottiglia-sola\/#breadcrumb\"},\"inLanguage\":\"it-IT\",\"potentialAction\":[{\"@type\":\"ReadAction\",\"target\":[\"https:\/\/www.champmarket.com\/it\/champagne\/drappier-brut-nature-trop-m-en-faut-coteaux-champenois-bottiglia-sola\/\"]}]},{\"@type\":\"ImageObject\",\"inLanguage\":\"it-IT\",\"@id\":\"https:\/\/www.champmarket.com\/it\/champagne\/drappier-brut-nature-trop-m-en-faut-coteaux-champenois-bottiglia-sola\/#primaryimage\",\"url\":\"https:\/\/www.champmarket.com\/wp-content\/uploads\/2024\/01\/drappier-brut-nature-trop-m-en-faut-bouteille.webp\",\"contentUrl\":\"https:\/\/www.champmarket.com\/wp-content\/uploads\/2024\/01\/drappier-brut-nature-trop-m-en-faut-bouteille.webp\",\"width\":1200,\"height\":1200,\"caption\":\"Champagne Drappier Brut Nature Trop m'en faut ! Coteaux Champenois - Champmarket\"},{\"@type\":\"BreadcrumbList\",\"@id\":\"https:\/\/www.champmarket.com\/it\/champagne\/drappier-brut-nature-trop-m-en-faut-coteaux-champenois-bottiglia-sola\/#breadcrumb\",\"itemListElement\":[{\"@type\":\"ListItem\",\"position\":1,\"name\":\"Home\",\"item\":\"https:\/\/www.champmarket.com\/it\/acquista-champagne-online-champmarket\/\"},{\"@type\":\"ListItem\",\"position\":2,\"name\":\"Shop\",\"item\":\"https:\/\/www.champmarket.com\/it\/shop\/\"},{\"@type\":\"ListItem\",\"position\":3,\"name\":\"Drappier\",\"item\":\"https:\/\/www.champmarket.com\/it\/maisons\/selection-champagne-drappier-it\/\"},{\"@type\":\"ListItem\",\"position\":4,\"name\":\"Brut Drappier Nature Trop m&#8217;en faut! Bottiglia Coteaux Champenois\"}]},{\"@type\":\"WebSite\",\"@id\":\"https:\/\/www.champmarket.com\/#website\",\"url\":\"https:\/\/www.champmarket.com\/\",\"name\":\"Champmarket\",\"description\":\"Champmarket, Champagnes, Cadeaux et Art de Vivre\",\"publisher\":{\"@id\":\"https:\/\/www.champmarket.com\/#organization\"},\"potentialAction\":[{\"@type\":\"SearchAction\",\"target\":{\"@type\":\"EntryPoint\",\"urlTemplate\":\"https:\/\/www.champmarket.com\/?s={search_term_string}\"},\"query-input\":{\"@type\":\"PropertyValueSpecification\",\"valueRequired\":true,\"valueName\":\"search_term_string\"}}],\"inLanguage\":\"it-IT\"},{\"@type\":\"Organization\",\"@id\":\"https:\/\/www.champmarket.com\/#organization\",\"name\":\"Champmarket\",\"url\":\"https:\/\/www.champmarket.com\/\",\"logo\":{\"@type\":\"ImageObject\",\"inLanguage\":\"it-IT\",\"@id\":\"https:\/\/www.champmarket.com\/#\/schema\/logo\/image\/\",\"url\":\"https:\/\/www.champmarket.com\/wp-content\/uploads\/2024\/08\/logo2024-1.svg\",\"contentUrl\":\"https:\/\/www.champmarket.com\/wp-content\/uploads\/2024\/08\/logo2024-1.svg\",\"width\":579.8,\"height\":80,\"caption\":\"Champmarket\"},\"image\":{\"@id\":\"https:\/\/www.champmarket.com\/#\/schema\/logo\/image\/\"},\"sameAs\":[\"https:\/\/www.facebook.com\/ChampMarket\/\",\"https:\/\/x.com\/champmarket\",\"https:\/\/www.instagram.com\/champmarket.paris\/\",\"https:\/\/www.pinterest.fr\/champmarketparis\/\",\"https:\/\/www.linkedin.com\/company\/champmarket\/\"]}]}<\/script>\n<!-- \/ Yoast SEO plugin. -->","yoast_head_json":{"title":"Brut Drappier Nature Trop m'en faut! Bottiglia Coteaux Champenois - Champmarket","description":"Brut Il Drappier Nature Trop m'en faut! Coteaux Champenois apre un nuovo capitolo nell'impegno della Maison a preservare la diversit\u00e0 vegetale in Champagne.","robots":{"index":"index","follow":"follow","max-snippet":"max-snippet:-1","max-image-preview":"max-image-preview:large","max-video-preview":"max-video-preview:-1"},"canonical":"https:\/\/www.champmarket.com\/it\/champagne\/drappier-brut-nature-trop-m-en-faut-coteaux-champenois-bottiglia-sola\/","og_locale":"it_IT","og_type":"article","og_title":"Brut Drappier Nature Trop m'en faut! Bottiglia Coteaux Champenois - Champmarket","og_description":"Brut Il Drappier Nature Trop m'en faut! Coteaux Champenois apre un nuovo capitolo nell'impegno della Maison a preservare la diversit\u00e0 vegetale in Champagne.","og_url":"https:\/\/www.champmarket.com\/it\/champagne\/drappier-brut-nature-trop-m-en-faut-coteaux-champenois-bottiglia-sola\/","og_site_name":"Champmarket","article_publisher":"https:\/\/www.facebook.com\/ChampMarket\/","article_modified_time":"2025-05-09T12:39:15+00:00","og_image":[{"width":1200,"height":1200,"url":"https:\/\/www.champmarket.com\/wp-content\/uploads\/2024\/01\/drappier-brut-nature-trop-m-en-faut-bouteille.webp","type":"image\/jpeg"}],"twitter_card":"summary_large_image","twitter_site":"@champmarket","twitter_misc":{"Tempo di lettura stimato":"1 minuto"},"schema":{"@context":"https:\/\/schema.org","@graph":[{"@type":"WebPage","@id":"https:\/\/www.champmarket.com\/it\/champagne\/drappier-brut-nature-trop-m-en-faut-coteaux-champenois-bottiglia-sola\/","url":"https:\/\/www.champmarket.com\/it\/champagne\/drappier-brut-nature-trop-m-en-faut-coteaux-champenois-bottiglia-sola\/","name":"Brut Drappier Nature Trop m'en faut! Bottiglia Coteaux Champenois - Champmarket","isPartOf":{"@id":"https:\/\/www.champmarket.com\/#website"},"primaryImageOfPage":{"@id":"https:\/\/www.champmarket.com\/it\/champagne\/drappier-brut-nature-trop-m-en-faut-coteaux-champenois-bottiglia-sola\/#primaryimage"},"image":{"@id":"https:\/\/www.champmarket.com\/it\/champagne\/drappier-brut-nature-trop-m-en-faut-coteaux-champenois-bottiglia-sola\/#primaryimage"},"thumbnailUrl":"https:\/\/www.champmarket.com\/wp-content\/uploads\/2024\/01\/drappier-brut-nature-trop-m-en-faut-bouteille.webp","datePublished":"2024-01-25T14:24:01+00:00","dateModified":"2025-05-09T12:39:15+00:00","description":"Brut Il Drappier Nature Trop m'en faut! Coteaux Champenois apre un nuovo capitolo nell'impegno della Maison a preservare la diversit\u00e0 vegetale in Champagne.","breadcrumb":{"@id":"https:\/\/www.champmarket.com\/it\/champagne\/drappier-brut-nature-trop-m-en-faut-coteaux-champenois-bottiglia-sola\/#breadcrumb"},"inLanguage":"it-IT","potentialAction":[{"@type":"ReadAction","target":["https:\/\/www.champmarket.com\/it\/champagne\/drappier-brut-nature-trop-m-en-faut-coteaux-champenois-bottiglia-sola\/"]}]},{"@type":"ImageObject","inLanguage":"it-IT","@id":"https:\/\/www.champmarket.com\/it\/champagne\/drappier-brut-nature-trop-m-en-faut-coteaux-champenois-bottiglia-sola\/#primaryimage","url":"https:\/\/www.champmarket.com\/wp-content\/uploads\/2024\/01\/drappier-brut-nature-trop-m-en-faut-bouteille.webp","contentUrl":"https:\/\/www.champmarket.com\/wp-content\/uploads\/2024\/01\/drappier-brut-nature-trop-m-en-faut-bouteille.webp","width":1200,"height":1200,"caption":"Champagne Drappier Brut Nature Trop m'en faut ! Coteaux Champenois - Champmarket"},{"@type":"BreadcrumbList","@id":"https:\/\/www.champmarket.com\/it\/champagne\/drappier-brut-nature-trop-m-en-faut-coteaux-champenois-bottiglia-sola\/#breadcrumb","itemListElement":[{"@type":"ListItem","position":1,"name":"Home","item":"https:\/\/www.champmarket.com\/it\/acquista-champagne-online-champmarket\/"},{"@type":"ListItem","position":2,"name":"Shop","item":"https:\/\/www.champmarket.com\/it\/shop\/"},{"@type":"ListItem","position":3,"name":"Drappier","item":"https:\/\/www.champmarket.com\/it\/maisons\/selection-champagne-drappier-it\/"},{"@type":"ListItem","position":4,"name":"Brut Drappier Nature Trop m&#8217;en faut! Bottiglia Coteaux Champenois"}]},{"@type":"WebSite","@id":"https:\/\/www.champmarket.com\/#website","url":"https:\/\/www.champmarket.com\/","name":"Champmarket","description":"Champmarket, Champagnes, Cadeaux et Art de Vivre","publisher":{"@id":"https:\/\/www.champmarket.com\/#organization"},"potentialAction":[{"@type":"SearchAction","target":{"@type":"EntryPoint","urlTemplate":"https:\/\/www.champmarket.com\/?s={search_term_string}"},"query-input":{"@type":"PropertyValueSpecification","valueRequired":true,"valueName":"search_term_string"}}],"inLanguage":"it-IT"},{"@type":"Organization","@id":"https:\/\/www.champmarket.com\/#organization","name":"Champmarket","url":"https:\/\/www.champmarket.com\/","logo":{"@type":"ImageObject","inLanguage":"it-IT","@id":"https:\/\/www.champmarket.com\/#\/schema\/logo\/image\/","url":"https:\/\/www.champmarket.com\/wp-content\/uploads\/2024\/08\/logo2024-1.svg","contentUrl":"https:\/\/www.champmarket.com\/wp-content\/uploads\/2024\/08\/logo2024-1.svg","width":579.8,"height":80,"caption":"Champmarket"},"image":{"@id":"https:\/\/www.champmarket.com\/#\/schema\/logo\/image\/"},"sameAs":["https:\/\/www.facebook.com\/ChampMarket\/","https:\/\/x.com\/champmarket","https:\/\/www.instagram.com\/champmarket.paris\/","https:\/\/www.pinterest.fr\/champmarketparis\/","https:\/\/www.linkedin.com\/company\/champmarket\/"]}]}},"_links":{"self":[{"href":"https:\/\/www.champmarket.com\/it\/wp-json\/wp\/v2\/product\/64162","targetHints":{"allow":["GET"]}}],"collection":[{"href":"https:\/\/www.champmarket.com\/it\/wp-json\/wp\/v2\/product"}],"about":[{"href":"https:\/\/www.champmarket.com\/it\/wp-json\/wp\/v2\/types\/product"}],"version-history":[{"count":5,"href":"https:\/\/www.champmarket.com\/it\/wp-json\/wp\/v2\/product\/64162\/revisions"}],"predecessor-version":[{"id":78651,"href":"https:\/\/www.champmarket.com\/it\/wp-json\/wp\/v2\/product\/64162\/revisions\/78651"}],"wp:featuredmedia":[{"embeddable":true,"href":"https:\/\/www.champmarket.com\/it\/wp-json\/wp\/v2\/media\/64169"}],"wp:attachment":[{"href":"https:\/\/www.champmarket.com\/it\/wp-json\/wp\/v2\/media?parent=64162"}],"wp:term":[{"taxonomy":"product_brand","embeddable":true,"href":"https:\/\/www.champmarket.com\/it\/wp-json\/wp\/v2\/product_brand?post=64162"},{"taxonomy":"product_cat","embeddable":true,"href":"https:\/\/www.champmarket.com\/it\/wp-json\/wp\/v2\/product_cat?post=64162"},{"taxonomy":"product_tag","embeddable":true,"href":"https:\/\/www.champmarket.com\/it\/wp-json\/wp\/v2\/product_tag?post=64162"}],"curies":[{"name":"wp","href":"https:\/\/api.w.org\/{rel}","templated":true}]}}