{"id":64335,"date":"2024-02-06T11:50:53","date_gmt":"2024-02-06T10:50:53","guid":{"rendered":"https:\/\/www.champmarket.com\/?post_type=product&#038;p=64335"},"modified":"2024-10-10T12:23:11","modified_gmt":"2024-10-10T10:23:11","slug":"louis-roederer-brut-vintage-2015-magnum-bottiglia-sola","status":"publish","type":"product","link":"https:\/\/www.champmarket.com\/it\/champagne\/louis-roederer-brut-vintage-2015-magnum-bottiglia-sola\/","title":{"rendered":"Louis Roederer Brut Vintage 2015 Magnum"},"content":{"rendered":"<p>Affascinato dalla diversit\u00e0 dell&#8217;espressione aromatica del Pinot Nero in Champagne, Louis Roederer elabora la sua cuv\u00e9e Vintage sulla struttura e la potenza dei Pinot Nero della Montagne de Reims, dove le viti, esposte a nord-est, maturano pi\u00f9 lentamente. La personalit\u00e0 di questo grande vino \u00e8 notevolmente raffinata e si intensifica con l&#8217;invecchiamento in legno e con il tempo. Il formato Magnum \u00e8 una bottiglia grande con una capacit\u00e0 di 1,5 litri, che rappresenta 2 bottiglie di champagne o 12 bicchieri. Questo grande formato \u00e8 ideale per ricevimenti, cene, occasioni speciali e regali.<\/p>\n","protected":false},"excerpt":{"rendered":"<p>La magnum Louis Roederer Vintage 2015 \u00e8 l&#8217;incarnazione del terroir Louis Roederer. Questa cuv\u00e9e esprime l&#8217;intensit\u00e0 e la grande concentrazione &#8220;al naturale&#8221; dei Pinot Nero di Verzy in un&#8217;annata spettacolarmente continentale.<\/p>\n","protected":false},"featured_media":64352,"template":"","meta":{"_acf_changed":false},"product_brand":[],"product_cat":[2387,2401,2226,2227,2775,2225,2224],"product_tag":[2230,2229,2232],"class_list":{"0":"post-64335","1":"product","2":"type-product","3":"status-publish","4":"has-post-thumbnail","6":"maisons-selection-champagne-louis-roederer-it","7":"product_cat-categorie-maisons-de-champagne-it","8":"product_cat-categorie-louis-roederer-it","9":"product_cat-bottiglie-grande-it","10":"product_cat-magnum-it","11":"product_cat-tutti-gli-champagne","12":"product_cat-champagne-millesime-it","13":"product_cat-repas-it","14":"product_tag-grande-fiaschetta","15":"product_tag-per-un-pasto-con-champagne","16":"product_tag-vintage-it","18":"first","19":"instock","20":"taxable","21":"shipping-taxable","22":"purchasable","23":"product-type-simple"},"acf":[],"yoast_head":"<!-- This site is optimized with the Yoast SEO plugin v26.4 - https:\/\/yoast.com\/wordpress\/plugins\/seo\/ -->\n<title>Louis Roederer Brut Vintage 2015 Magnum - Champmarket<\/title>\n<meta name=\"description\" content=\"La magnum Louis Roederer Vintage 2015 \u00e8 l&#039;incarnazione del terroir Louis Roederer. Questa cuv\u00e9e esprime l&#039;intensit\u00e0 e la grande concentrazione &quot;al naturale&quot; dei Pinot Nero di Verzy in un&#039;annata spettacolarmente continentale.\" \/>\n<meta name=\"robots\" content=\"index, follow, max-snippet:-1, max-image-preview:large, max-video-preview:-1\" \/>\n<link rel=\"canonical\" href=\"https:\/\/www.champmarket.com\/it\/champagne\/louis-roederer-brut-vintage-2015-magnum-bottiglia-sola\/\" \/>\n<meta property=\"og:locale\" content=\"it_IT\" \/>\n<meta property=\"og:type\" content=\"article\" \/>\n<meta property=\"og:title\" content=\"Louis Roederer Brut Vintage 2015 Magnum - Champmarket\" \/>\n<meta property=\"og:description\" content=\"La magnum Louis Roederer Vintage 2015 \u00e8 l&#039;incarnazione del terroir Louis Roederer. Questa cuv\u00e9e esprime l&#039;intensit\u00e0 e la grande concentrazione &quot;al naturale&quot; dei Pinot Nero di Verzy in un&#039;annata spettacolarmente continentale.\" \/>\n<meta property=\"og:url\" content=\"https:\/\/www.champmarket.com\/it\/champagne\/louis-roederer-brut-vintage-2015-magnum-bottiglia-sola\/\" \/>\n<meta property=\"og:site_name\" content=\"Champmarket\" \/>\n<meta property=\"article:publisher\" content=\"https:\/\/www.facebook.com\/ChampMarket\/\" \/>\n<meta property=\"article:modified_time\" content=\"2024-10-10T10:23:11+00:00\" \/>\n<meta property=\"og:image\" content=\"https:\/\/www.champmarket.com\/wp-content\/uploads\/2024\/02\/louis-roederer-vintage-2015-magnum.webp\" \/>\n\t<meta property=\"og:image:width\" content=\"1200\" \/>\n\t<meta property=\"og:image:height\" content=\"1200\" \/>\n\t<meta property=\"og:image:type\" content=\"image\/webp\" \/>\n<meta name=\"twitter:card\" content=\"summary_large_image\" \/>\n<meta name=\"twitter:site\" content=\"@champmarket\" \/>\n<meta name=\"twitter:label1\" content=\"Tempo di lettura stimato\" \/>\n\t<meta name=\"twitter:data1\" content=\"1 minuto\" \/>\n<script type=\"application\/ld+json\" class=\"yoast-schema-graph\">{\"@context\":\"https:\/\/schema.org\",\"@graph\":[{\"@type\":\"WebPage\",\"@id\":\"https:\/\/www.champmarket.com\/it\/champagne\/louis-roederer-brut-vintage-2015-magnum-bottiglia-sola\/\",\"url\":\"https:\/\/www.champmarket.com\/it\/champagne\/louis-roederer-brut-vintage-2015-magnum-bottiglia-sola\/\",\"name\":\"Louis Roederer Brut Vintage 2015 Magnum - Champmarket\",\"isPartOf\":{\"@id\":\"https:\/\/www.champmarket.com\/#website\"},\"primaryImageOfPage\":{\"@id\":\"https:\/\/www.champmarket.com\/it\/champagne\/louis-roederer-brut-vintage-2015-magnum-bottiglia-sola\/#primaryimage\"},\"image\":{\"@id\":\"https:\/\/www.champmarket.com\/it\/champagne\/louis-roederer-brut-vintage-2015-magnum-bottiglia-sola\/#primaryimage\"},\"thumbnailUrl\":\"https:\/\/www.champmarket.com\/wp-content\/uploads\/2024\/02\/louis-roederer-vintage-2015-magnum.webp\",\"datePublished\":\"2024-02-06T10:50:53+00:00\",\"dateModified\":\"2024-10-10T10:23:11+00:00\",\"description\":\"La magnum Louis Roederer Vintage 2015 \u00e8 l'incarnazione del terroir Louis Roederer. Questa cuv\u00e9e esprime l'intensit\u00e0 e la grande concentrazione \\\"al naturale\\\" dei Pinot Nero di Verzy in un'annata spettacolarmente continentale.\",\"breadcrumb\":{\"@id\":\"https:\/\/www.champmarket.com\/it\/champagne\/louis-roederer-brut-vintage-2015-magnum-bottiglia-sola\/#breadcrumb\"},\"inLanguage\":\"it-IT\",\"potentialAction\":[{\"@type\":\"ReadAction\",\"target\":[\"https:\/\/www.champmarket.com\/it\/champagne\/louis-roederer-brut-vintage-2015-magnum-bottiglia-sola\/\"]}]},{\"@type\":\"ImageObject\",\"inLanguage\":\"it-IT\",\"@id\":\"https:\/\/www.champmarket.com\/it\/champagne\/louis-roederer-brut-vintage-2015-magnum-bottiglia-sola\/#primaryimage\",\"url\":\"https:\/\/www.champmarket.com\/wp-content\/uploads\/2024\/02\/louis-roederer-vintage-2015-magnum.webp\",\"contentUrl\":\"https:\/\/www.champmarket.com\/wp-content\/uploads\/2024\/02\/louis-roederer-vintage-2015-magnum.webp\",\"width\":1200,\"height\":1200,\"caption\":\"Champagne Louis Roederer Vintage 2015 magnum - Champmarket\"},{\"@type\":\"BreadcrumbList\",\"@id\":\"https:\/\/www.champmarket.com\/it\/champagne\/louis-roederer-brut-vintage-2015-magnum-bottiglia-sola\/#breadcrumb\",\"itemListElement\":[{\"@type\":\"ListItem\",\"position\":1,\"name\":\"Home\",\"item\":\"https:\/\/www.champmarket.com\/it\/acquista-champagne-online-champmarket\/\"},{\"@type\":\"ListItem\",\"position\":2,\"name\":\"Shop\",\"item\":\"https:\/\/www.champmarket.com\/it\/shop\/\"},{\"@type\":\"ListItem\",\"position\":3,\"name\":\"Louis Roederer\",\"item\":\"https:\/\/www.champmarket.com\/it\/maisons\/selection-champagne-louis-roederer-it\/\"},{\"@type\":\"ListItem\",\"position\":4,\"name\":\"Louis Roederer Brut Vintage 2015 Magnum\"}]},{\"@type\":\"WebSite\",\"@id\":\"https:\/\/www.champmarket.com\/#website\",\"url\":\"https:\/\/www.champmarket.com\/\",\"name\":\"Champmarket\",\"description\":\"Champmarket, Champagnes, Cadeaux et Art de Vivre\",\"publisher\":{\"@id\":\"https:\/\/www.champmarket.com\/#organization\"},\"potentialAction\":[{\"@type\":\"SearchAction\",\"target\":{\"@type\":\"EntryPoint\",\"urlTemplate\":\"https:\/\/www.champmarket.com\/?s={search_term_string}\"},\"query-input\":{\"@type\":\"PropertyValueSpecification\",\"valueRequired\":true,\"valueName\":\"search_term_string\"}}],\"inLanguage\":\"it-IT\"},{\"@type\":\"Organization\",\"@id\":\"https:\/\/www.champmarket.com\/#organization\",\"name\":\"Champmarket\",\"url\":\"https:\/\/www.champmarket.com\/\",\"logo\":{\"@type\":\"ImageObject\",\"inLanguage\":\"it-IT\",\"@id\":\"https:\/\/www.champmarket.com\/#\/schema\/logo\/image\/\",\"url\":\"https:\/\/www.champmarket.com\/wp-content\/uploads\/2024\/08\/logo2024-1.svg\",\"contentUrl\":\"https:\/\/www.champmarket.com\/wp-content\/uploads\/2024\/08\/logo2024-1.svg\",\"width\":579.8,\"height\":80,\"caption\":\"Champmarket\"},\"image\":{\"@id\":\"https:\/\/www.champmarket.com\/#\/schema\/logo\/image\/\"},\"sameAs\":[\"https:\/\/www.facebook.com\/ChampMarket\/\",\"https:\/\/x.com\/champmarket\",\"https:\/\/www.instagram.com\/champmarket.paris\/\",\"https:\/\/www.pinterest.fr\/champmarketparis\/\",\"https:\/\/www.linkedin.com\/company\/champmarket\/\"]}]}<\/script>\n<!-- \/ Yoast SEO plugin. -->","yoast_head_json":{"title":"Louis Roederer Brut Vintage 2015 Magnum - Champmarket","description":"La magnum Louis Roederer Vintage 2015 \u00e8 l'incarnazione del terroir Louis Roederer. Questa cuv\u00e9e esprime l'intensit\u00e0 e la grande concentrazione \"al naturale\" dei Pinot Nero di Verzy in un'annata spettacolarmente continentale.","robots":{"index":"index","follow":"follow","max-snippet":"max-snippet:-1","max-image-preview":"max-image-preview:large","max-video-preview":"max-video-preview:-1"},"canonical":"https:\/\/www.champmarket.com\/it\/champagne\/louis-roederer-brut-vintage-2015-magnum-bottiglia-sola\/","og_locale":"it_IT","og_type":"article","og_title":"Louis Roederer Brut Vintage 2015 Magnum - Champmarket","og_description":"La magnum Louis Roederer Vintage 2015 \u00e8 l'incarnazione del terroir Louis Roederer. Questa cuv\u00e9e esprime l'intensit\u00e0 e la grande concentrazione \"al naturale\" dei Pinot Nero di Verzy in un'annata spettacolarmente continentale.","og_url":"https:\/\/www.champmarket.com\/it\/champagne\/louis-roederer-brut-vintage-2015-magnum-bottiglia-sola\/","og_site_name":"Champmarket","article_publisher":"https:\/\/www.facebook.com\/ChampMarket\/","article_modified_time":"2024-10-10T10:23:11+00:00","og_image":[{"width":1200,"height":1200,"url":"https:\/\/www.champmarket.com\/wp-content\/uploads\/2024\/02\/louis-roederer-vintage-2015-magnum.webp","type":"image\/webp"}],"twitter_card":"summary_large_image","twitter_site":"@champmarket","twitter_misc":{"Tempo di lettura stimato":"1 minuto"},"schema":{"@context":"https:\/\/schema.org","@graph":[{"@type":"WebPage","@id":"https:\/\/www.champmarket.com\/it\/champagne\/louis-roederer-brut-vintage-2015-magnum-bottiglia-sola\/","url":"https:\/\/www.champmarket.com\/it\/champagne\/louis-roederer-brut-vintage-2015-magnum-bottiglia-sola\/","name":"Louis Roederer Brut Vintage 2015 Magnum - Champmarket","isPartOf":{"@id":"https:\/\/www.champmarket.com\/#website"},"primaryImageOfPage":{"@id":"https:\/\/www.champmarket.com\/it\/champagne\/louis-roederer-brut-vintage-2015-magnum-bottiglia-sola\/#primaryimage"},"image":{"@id":"https:\/\/www.champmarket.com\/it\/champagne\/louis-roederer-brut-vintage-2015-magnum-bottiglia-sola\/#primaryimage"},"thumbnailUrl":"https:\/\/www.champmarket.com\/wp-content\/uploads\/2024\/02\/louis-roederer-vintage-2015-magnum.webp","datePublished":"2024-02-06T10:50:53+00:00","dateModified":"2024-10-10T10:23:11+00:00","description":"La magnum Louis Roederer Vintage 2015 \u00e8 l'incarnazione del terroir Louis Roederer. Questa cuv\u00e9e esprime l'intensit\u00e0 e la grande concentrazione \"al naturale\" dei Pinot Nero di Verzy in un'annata spettacolarmente continentale.","breadcrumb":{"@id":"https:\/\/www.champmarket.com\/it\/champagne\/louis-roederer-brut-vintage-2015-magnum-bottiglia-sola\/#breadcrumb"},"inLanguage":"it-IT","potentialAction":[{"@type":"ReadAction","target":["https:\/\/www.champmarket.com\/it\/champagne\/louis-roederer-brut-vintage-2015-magnum-bottiglia-sola\/"]}]},{"@type":"ImageObject","inLanguage":"it-IT","@id":"https:\/\/www.champmarket.com\/it\/champagne\/louis-roederer-brut-vintage-2015-magnum-bottiglia-sola\/#primaryimage","url":"https:\/\/www.champmarket.com\/wp-content\/uploads\/2024\/02\/louis-roederer-vintage-2015-magnum.webp","contentUrl":"https:\/\/www.champmarket.com\/wp-content\/uploads\/2024\/02\/louis-roederer-vintage-2015-magnum.webp","width":1200,"height":1200,"caption":"Champagne Louis Roederer Vintage 2015 magnum - Champmarket"},{"@type":"BreadcrumbList","@id":"https:\/\/www.champmarket.com\/it\/champagne\/louis-roederer-brut-vintage-2015-magnum-bottiglia-sola\/#breadcrumb","itemListElement":[{"@type":"ListItem","position":1,"name":"Home","item":"https:\/\/www.champmarket.com\/it\/acquista-champagne-online-champmarket\/"},{"@type":"ListItem","position":2,"name":"Shop","item":"https:\/\/www.champmarket.com\/it\/shop\/"},{"@type":"ListItem","position":3,"name":"Louis Roederer","item":"https:\/\/www.champmarket.com\/it\/maisons\/selection-champagne-louis-roederer-it\/"},{"@type":"ListItem","position":4,"name":"Louis Roederer Brut Vintage 2015 Magnum"}]},{"@type":"WebSite","@id":"https:\/\/www.champmarket.com\/#website","url":"https:\/\/www.champmarket.com\/","name":"Champmarket","description":"Champmarket, Champagnes, Cadeaux et Art de Vivre","publisher":{"@id":"https:\/\/www.champmarket.com\/#organization"},"potentialAction":[{"@type":"SearchAction","target":{"@type":"EntryPoint","urlTemplate":"https:\/\/www.champmarket.com\/?s={search_term_string}"},"query-input":{"@type":"PropertyValueSpecification","valueRequired":true,"valueName":"search_term_string"}}],"inLanguage":"it-IT"},{"@type":"Organization","@id":"https:\/\/www.champmarket.com\/#organization","name":"Champmarket","url":"https:\/\/www.champmarket.com\/","logo":{"@type":"ImageObject","inLanguage":"it-IT","@id":"https:\/\/www.champmarket.com\/#\/schema\/logo\/image\/","url":"https:\/\/www.champmarket.com\/wp-content\/uploads\/2024\/08\/logo2024-1.svg","contentUrl":"https:\/\/www.champmarket.com\/wp-content\/uploads\/2024\/08\/logo2024-1.svg","width":579.8,"height":80,"caption":"Champmarket"},"image":{"@id":"https:\/\/www.champmarket.com\/#\/schema\/logo\/image\/"},"sameAs":["https:\/\/www.facebook.com\/ChampMarket\/","https:\/\/x.com\/champmarket","https:\/\/www.instagram.com\/champmarket.paris\/","https:\/\/www.pinterest.fr\/champmarketparis\/","https:\/\/www.linkedin.com\/company\/champmarket\/"]}]}},"_links":{"self":[{"href":"https:\/\/www.champmarket.com\/it\/wp-json\/wp\/v2\/product\/64335","targetHints":{"allow":["GET"]}}],"collection":[{"href":"https:\/\/www.champmarket.com\/it\/wp-json\/wp\/v2\/product"}],"about":[{"href":"https:\/\/www.champmarket.com\/it\/wp-json\/wp\/v2\/types\/product"}],"version-history":[{"count":2,"href":"https:\/\/www.champmarket.com\/it\/wp-json\/wp\/v2\/product\/64335\/revisions"}],"predecessor-version":[{"id":74774,"href":"https:\/\/www.champmarket.com\/it\/wp-json\/wp\/v2\/product\/64335\/revisions\/74774"}],"wp:featuredmedia":[{"embeddable":true,"href":"https:\/\/www.champmarket.com\/it\/wp-json\/wp\/v2\/media\/64352"}],"wp:attachment":[{"href":"https:\/\/www.champmarket.com\/it\/wp-json\/wp\/v2\/media?parent=64335"}],"wp:term":[{"taxonomy":"product_brand","embeddable":true,"href":"https:\/\/www.champmarket.com\/it\/wp-json\/wp\/v2\/product_brand?post=64335"},{"taxonomy":"product_cat","embeddable":true,"href":"https:\/\/www.champmarket.com\/it\/wp-json\/wp\/v2\/product_cat?post=64335"},{"taxonomy":"product_tag","embeddable":true,"href":"https:\/\/www.champmarket.com\/it\/wp-json\/wp\/v2\/product_tag?post=64335"}],"curies":[{"name":"wp","href":"https:\/\/api.w.org\/{rel}","templated":true}]}}