{"id":64479,"date":"2024-02-07T18:02:31","date_gmt":"2024-02-07T17:02:32","guid":{"rendered":"https:\/\/www.champmarket.com\/?post_type=product&#038;p=64479"},"modified":"2024-10-10T12:21:46","modified_gmt":"2024-10-10T10:21:46","slug":"moet-chandon-mini-moet-imperial-confezione-6-quarto-di-bottiglia-flute","status":"publish","type":"product","link":"https:\/\/www.champmarket.com\/it\/champagne\/moet-chandon-mini-moet-imperial-confezione-6-quarto-di-bottiglia-flute\/","title":{"rendered":"Confezione da 6 Mini Mo\u00ebt &amp; Chandon (6 -bottiglie + 6 mini bicchieri)"},"content":{"rendered":"<p>Dal 1869, Mo\u00ebt Imp\u00e9rial \u00e8 l&#8217;espressione pi\u00f9 completa e universale di Mo\u00ebt &amp; Chandon. Vivace e generoso, Mo\u00ebt Imp\u00e9rial si distingue per il suo fruttato brillante, il suo palato sapido e la sua elegante maturit\u00e0, che seducono e deliziano continuamente. Si distingue anche per l&#8217;elegante colore dorato e le note di pera e pesca bianca, completate da note floreali, di brioche e di nocciola fresca.<\/p>\n","protected":false},"excerpt":{"rendered":"<p>Mo\u00ebt Imp\u00e9rial, la cuv\u00e9es emblematica della Maison Mo\u00ebt &amp; Chandon, \u00e8 ora disponibile in Mini Mo\u00ebt, un formato da -bottiglia (20 cl) ideale per regali, piccoli gesti ed eventi. Mo\u00ebt &amp; Chandon Pack de 6 Mini Mo\u00ebt contiene 6 -bottiglie (6 x 20 cl) e 6 bicchieri dorati, per una nuova esperienza di degustazione decisamente moderna, chic e spontanea.<\/p>\n","protected":false},"featured_media":64490,"template":"","meta":{"_acf_changed":false},"product_brand":[],"product_cat":[2387,2402,2417,2419,2775,2372,2223,2222],"product_tag":[2253,2228,2255,2231],"class_list":{"0":"post-64479","1":"product","2":"type-product","3":"status-publish","4":"has-post-thumbnail","6":"maisons-selection-champagne-moet-chandon-it","7":"product_cat-categorie-maisons-de-champagne-it","8":"product_cat-categorie-moet-et-chandon-it","9":"product_cat-petits-flacons-it","10":"product_cat-quart-de-bouteille-it","11":"product_cat-tutti-gli-champagne","12":"product_cat-champagne-brut-it","13":"product_cat-aperitif-it","14":"product_cat-evenement-cocktail-it","15":"product_tag-petit-flacon-it","16":"product_tag-aperitif-it","17":"product_tag-pour-offrir-it","18":"product_tag-cocktail-event-it","20":"first","21":"onbackorder","22":"taxable","23":"shipping-taxable","24":"purchasable","25":"product-type-simple"},"acf":[],"yoast_head":"<!-- This site is optimized with the Yoast SEO plugin v26.4 - https:\/\/yoast.com\/wordpress\/plugins\/seo\/ -->\n<title>Confezione da 6 Mini Mo\u00ebt &amp; Chandon (6 -bottiglie + 6 mini bicchieri) - Champmarket<\/title>\n<meta name=\"description\" content=\"La confezione da 6 Mini Mo\u00ebt &amp; Chandon contiene 6 -bottiglie (6 x 20 cl) e 6 bicchieri dorati.\" \/>\n<meta name=\"robots\" content=\"index, follow, max-snippet:-1, max-image-preview:large, max-video-preview:-1\" \/>\n<link rel=\"canonical\" href=\"https:\/\/www.champmarket.com\/it\/champagne\/moet-chandon-mini-moet-imperial-confezione-6-quarto-di-bottiglia-flute\/\" \/>\n<meta property=\"og:locale\" content=\"it_IT\" \/>\n<meta property=\"og:type\" content=\"article\" \/>\n<meta property=\"og:title\" content=\"Confezione da 6 Mini Mo\u00ebt &amp; Chandon (6 -bottiglie + 6 mini bicchieri) - Champmarket\" \/>\n<meta property=\"og:description\" content=\"La confezione da 6 Mini Mo\u00ebt &amp; Chandon contiene 6 -bottiglie (6 x 20 cl) e 6 bicchieri dorati.\" \/>\n<meta property=\"og:url\" content=\"https:\/\/www.champmarket.com\/it\/champagne\/moet-chandon-mini-moet-imperial-confezione-6-quarto-di-bottiglia-flute\/\" \/>\n<meta property=\"og:site_name\" content=\"Champmarket\" \/>\n<meta property=\"article:publisher\" content=\"https:\/\/www.facebook.com\/ChampMarket\/\" \/>\n<meta property=\"article:modified_time\" content=\"2024-10-10T10:21:46+00:00\" \/>\n<meta property=\"og:image\" content=\"https:\/\/www.champmarket.com\/wp-content\/uploads\/2024\/02\/moet-et-chandon-pack-6-mini-moet.webp\" \/>\n\t<meta property=\"og:image:width\" content=\"1200\" \/>\n\t<meta property=\"og:image:height\" content=\"1200\" \/>\n\t<meta property=\"og:image:type\" content=\"image\/webp\" \/>\n<meta name=\"twitter:card\" content=\"summary_large_image\" \/>\n<meta name=\"twitter:site\" content=\"@champmarket\" \/>\n<meta name=\"twitter:label1\" content=\"Tempo di lettura stimato\" \/>\n\t<meta name=\"twitter:data1\" content=\"1 minuto\" \/>\n<script type=\"application\/ld+json\" class=\"yoast-schema-graph\">{\"@context\":\"https:\/\/schema.org\",\"@graph\":[{\"@type\":\"WebPage\",\"@id\":\"https:\/\/www.champmarket.com\/it\/champagne\/moet-chandon-mini-moet-imperial-confezione-6-quarto-di-bottiglia-flute\/\",\"url\":\"https:\/\/www.champmarket.com\/it\/champagne\/moet-chandon-mini-moet-imperial-confezione-6-quarto-di-bottiglia-flute\/\",\"name\":\"Confezione da 6 Mini Mo\u00ebt &amp; Chandon (6 -bottiglie + 6 mini bicchieri) - Champmarket\",\"isPartOf\":{\"@id\":\"https:\/\/www.champmarket.com\/#website\"},\"primaryImageOfPage\":{\"@id\":\"https:\/\/www.champmarket.com\/it\/champagne\/moet-chandon-mini-moet-imperial-confezione-6-quarto-di-bottiglia-flute\/#primaryimage\"},\"image\":{\"@id\":\"https:\/\/www.champmarket.com\/it\/champagne\/moet-chandon-mini-moet-imperial-confezione-6-quarto-di-bottiglia-flute\/#primaryimage\"},\"thumbnailUrl\":\"https:\/\/www.champmarket.com\/wp-content\/uploads\/2024\/02\/moet-et-chandon-pack-6-mini-moet.webp\",\"datePublished\":\"2024-02-07T17:02:32+00:00\",\"dateModified\":\"2024-10-10T10:21:46+00:00\",\"description\":\"La confezione da 6 Mini Mo\u00ebt & Chandon contiene 6 -bottiglie (6 x 20 cl) e 6 bicchieri dorati.\",\"breadcrumb\":{\"@id\":\"https:\/\/www.champmarket.com\/it\/champagne\/moet-chandon-mini-moet-imperial-confezione-6-quarto-di-bottiglia-flute\/#breadcrumb\"},\"inLanguage\":\"it-IT\",\"potentialAction\":[{\"@type\":\"ReadAction\",\"target\":[\"https:\/\/www.champmarket.com\/it\/champagne\/moet-chandon-mini-moet-imperial-confezione-6-quarto-di-bottiglia-flute\/\"]}]},{\"@type\":\"ImageObject\",\"inLanguage\":\"it-IT\",\"@id\":\"https:\/\/www.champmarket.com\/it\/champagne\/moet-chandon-mini-moet-imperial-confezione-6-quarto-di-bottiglia-flute\/#primaryimage\",\"url\":\"https:\/\/www.champmarket.com\/wp-content\/uploads\/2024\/02\/moet-et-chandon-pack-6-mini-moet.webp\",\"contentUrl\":\"https:\/\/www.champmarket.com\/wp-content\/uploads\/2024\/02\/moet-et-chandon-pack-6-mini-moet.webp\",\"width\":1200,\"height\":1200,\"caption\":\"Mo\u00ebt & Chandon Pack de 6 Mini Mo\u00ebt - Champmarket\"},{\"@type\":\"BreadcrumbList\",\"@id\":\"https:\/\/www.champmarket.com\/it\/champagne\/moet-chandon-mini-moet-imperial-confezione-6-quarto-di-bottiglia-flute\/#breadcrumb\",\"itemListElement\":[{\"@type\":\"ListItem\",\"position\":1,\"name\":\"Home\",\"item\":\"https:\/\/www.champmarket.com\/it\/acquista-champagne-online-champmarket\/\"},{\"@type\":\"ListItem\",\"position\":2,\"name\":\"Shop\",\"item\":\"https:\/\/www.champmarket.com\/it\/shop\/\"},{\"@type\":\"ListItem\",\"position\":3,\"name\":\"Mo\u00ebt &amp; Chandon\",\"item\":\"https:\/\/www.champmarket.com\/it\/maisons\/selection-champagne-moet-chandon-it\/\"},{\"@type\":\"ListItem\",\"position\":4,\"name\":\"Confezione da 6 Mini Mo\u00ebt &amp; Chandon (6 -bottiglie + 6 mini bicchieri)\"}]},{\"@type\":\"WebSite\",\"@id\":\"https:\/\/www.champmarket.com\/#website\",\"url\":\"https:\/\/www.champmarket.com\/\",\"name\":\"Champmarket\",\"description\":\"Champmarket, Champagnes, Cadeaux et Art de Vivre\",\"publisher\":{\"@id\":\"https:\/\/www.champmarket.com\/#organization\"},\"potentialAction\":[{\"@type\":\"SearchAction\",\"target\":{\"@type\":\"EntryPoint\",\"urlTemplate\":\"https:\/\/www.champmarket.com\/?s={search_term_string}\"},\"query-input\":{\"@type\":\"PropertyValueSpecification\",\"valueRequired\":true,\"valueName\":\"search_term_string\"}}],\"inLanguage\":\"it-IT\"},{\"@type\":\"Organization\",\"@id\":\"https:\/\/www.champmarket.com\/#organization\",\"name\":\"Champmarket\",\"url\":\"https:\/\/www.champmarket.com\/\",\"logo\":{\"@type\":\"ImageObject\",\"inLanguage\":\"it-IT\",\"@id\":\"https:\/\/www.champmarket.com\/#\/schema\/logo\/image\/\",\"url\":\"https:\/\/www.champmarket.com\/wp-content\/uploads\/2024\/08\/logo2024-1.svg\",\"contentUrl\":\"https:\/\/www.champmarket.com\/wp-content\/uploads\/2024\/08\/logo2024-1.svg\",\"width\":579.8,\"height\":80,\"caption\":\"Champmarket\"},\"image\":{\"@id\":\"https:\/\/www.champmarket.com\/#\/schema\/logo\/image\/\"},\"sameAs\":[\"https:\/\/www.facebook.com\/ChampMarket\/\",\"https:\/\/x.com\/champmarket\",\"https:\/\/www.instagram.com\/champmarket.paris\/\",\"https:\/\/www.pinterest.fr\/champmarketparis\/\",\"https:\/\/www.linkedin.com\/company\/champmarket\/\"]}]}<\/script>\n<!-- \/ Yoast SEO plugin. -->","yoast_head_json":{"title":"Confezione da 6 Mini Mo\u00ebt &amp; Chandon (6 -bottiglie + 6 mini bicchieri) - Champmarket","description":"La confezione da 6 Mini Mo\u00ebt & Chandon contiene 6 -bottiglie (6 x 20 cl) e 6 bicchieri dorati.","robots":{"index":"index","follow":"follow","max-snippet":"max-snippet:-1","max-image-preview":"max-image-preview:large","max-video-preview":"max-video-preview:-1"},"canonical":"https:\/\/www.champmarket.com\/it\/champagne\/moet-chandon-mini-moet-imperial-confezione-6-quarto-di-bottiglia-flute\/","og_locale":"it_IT","og_type":"article","og_title":"Confezione da 6 Mini Mo\u00ebt &amp; Chandon (6 -bottiglie + 6 mini bicchieri) - Champmarket","og_description":"La confezione da 6 Mini Mo\u00ebt & Chandon contiene 6 -bottiglie (6 x 20 cl) e 6 bicchieri dorati.","og_url":"https:\/\/www.champmarket.com\/it\/champagne\/moet-chandon-mini-moet-imperial-confezione-6-quarto-di-bottiglia-flute\/","og_site_name":"Champmarket","article_publisher":"https:\/\/www.facebook.com\/ChampMarket\/","article_modified_time":"2024-10-10T10:21:46+00:00","og_image":[{"width":1200,"height":1200,"url":"https:\/\/www.champmarket.com\/wp-content\/uploads\/2024\/02\/moet-et-chandon-pack-6-mini-moet.webp","type":"image\/webp"}],"twitter_card":"summary_large_image","twitter_site":"@champmarket","twitter_misc":{"Tempo di lettura stimato":"1 minuto"},"schema":{"@context":"https:\/\/schema.org","@graph":[{"@type":"WebPage","@id":"https:\/\/www.champmarket.com\/it\/champagne\/moet-chandon-mini-moet-imperial-confezione-6-quarto-di-bottiglia-flute\/","url":"https:\/\/www.champmarket.com\/it\/champagne\/moet-chandon-mini-moet-imperial-confezione-6-quarto-di-bottiglia-flute\/","name":"Confezione da 6 Mini Mo\u00ebt &amp; Chandon (6 -bottiglie + 6 mini bicchieri) - Champmarket","isPartOf":{"@id":"https:\/\/www.champmarket.com\/#website"},"primaryImageOfPage":{"@id":"https:\/\/www.champmarket.com\/it\/champagne\/moet-chandon-mini-moet-imperial-confezione-6-quarto-di-bottiglia-flute\/#primaryimage"},"image":{"@id":"https:\/\/www.champmarket.com\/it\/champagne\/moet-chandon-mini-moet-imperial-confezione-6-quarto-di-bottiglia-flute\/#primaryimage"},"thumbnailUrl":"https:\/\/www.champmarket.com\/wp-content\/uploads\/2024\/02\/moet-et-chandon-pack-6-mini-moet.webp","datePublished":"2024-02-07T17:02:32+00:00","dateModified":"2024-10-10T10:21:46+00:00","description":"La confezione da 6 Mini Mo\u00ebt & Chandon contiene 6 -bottiglie (6 x 20 cl) e 6 bicchieri dorati.","breadcrumb":{"@id":"https:\/\/www.champmarket.com\/it\/champagne\/moet-chandon-mini-moet-imperial-confezione-6-quarto-di-bottiglia-flute\/#breadcrumb"},"inLanguage":"it-IT","potentialAction":[{"@type":"ReadAction","target":["https:\/\/www.champmarket.com\/it\/champagne\/moet-chandon-mini-moet-imperial-confezione-6-quarto-di-bottiglia-flute\/"]}]},{"@type":"ImageObject","inLanguage":"it-IT","@id":"https:\/\/www.champmarket.com\/it\/champagne\/moet-chandon-mini-moet-imperial-confezione-6-quarto-di-bottiglia-flute\/#primaryimage","url":"https:\/\/www.champmarket.com\/wp-content\/uploads\/2024\/02\/moet-et-chandon-pack-6-mini-moet.webp","contentUrl":"https:\/\/www.champmarket.com\/wp-content\/uploads\/2024\/02\/moet-et-chandon-pack-6-mini-moet.webp","width":1200,"height":1200,"caption":"Mo\u00ebt & Chandon Pack de 6 Mini Mo\u00ebt - Champmarket"},{"@type":"BreadcrumbList","@id":"https:\/\/www.champmarket.com\/it\/champagne\/moet-chandon-mini-moet-imperial-confezione-6-quarto-di-bottiglia-flute\/#breadcrumb","itemListElement":[{"@type":"ListItem","position":1,"name":"Home","item":"https:\/\/www.champmarket.com\/it\/acquista-champagne-online-champmarket\/"},{"@type":"ListItem","position":2,"name":"Shop","item":"https:\/\/www.champmarket.com\/it\/shop\/"},{"@type":"ListItem","position":3,"name":"Mo\u00ebt &amp; Chandon","item":"https:\/\/www.champmarket.com\/it\/maisons\/selection-champagne-moet-chandon-it\/"},{"@type":"ListItem","position":4,"name":"Confezione da 6 Mini Mo\u00ebt &amp; Chandon (6 -bottiglie + 6 mini bicchieri)"}]},{"@type":"WebSite","@id":"https:\/\/www.champmarket.com\/#website","url":"https:\/\/www.champmarket.com\/","name":"Champmarket","description":"Champmarket, Champagnes, Cadeaux et Art de Vivre","publisher":{"@id":"https:\/\/www.champmarket.com\/#organization"},"potentialAction":[{"@type":"SearchAction","target":{"@type":"EntryPoint","urlTemplate":"https:\/\/www.champmarket.com\/?s={search_term_string}"},"query-input":{"@type":"PropertyValueSpecification","valueRequired":true,"valueName":"search_term_string"}}],"inLanguage":"it-IT"},{"@type":"Organization","@id":"https:\/\/www.champmarket.com\/#organization","name":"Champmarket","url":"https:\/\/www.champmarket.com\/","logo":{"@type":"ImageObject","inLanguage":"it-IT","@id":"https:\/\/www.champmarket.com\/#\/schema\/logo\/image\/","url":"https:\/\/www.champmarket.com\/wp-content\/uploads\/2024\/08\/logo2024-1.svg","contentUrl":"https:\/\/www.champmarket.com\/wp-content\/uploads\/2024\/08\/logo2024-1.svg","width":579.8,"height":80,"caption":"Champmarket"},"image":{"@id":"https:\/\/www.champmarket.com\/#\/schema\/logo\/image\/"},"sameAs":["https:\/\/www.facebook.com\/ChampMarket\/","https:\/\/x.com\/champmarket","https:\/\/www.instagram.com\/champmarket.paris\/","https:\/\/www.pinterest.fr\/champmarketparis\/","https:\/\/www.linkedin.com\/company\/champmarket\/"]}]}},"_links":{"self":[{"href":"https:\/\/www.champmarket.com\/it\/wp-json\/wp\/v2\/product\/64479","targetHints":{"allow":["GET"]}}],"collection":[{"href":"https:\/\/www.champmarket.com\/it\/wp-json\/wp\/v2\/product"}],"about":[{"href":"https:\/\/www.champmarket.com\/it\/wp-json\/wp\/v2\/types\/product"}],"version-history":[{"count":4,"href":"https:\/\/www.champmarket.com\/it\/wp-json\/wp\/v2\/product\/64479\/revisions"}],"predecessor-version":[{"id":74770,"href":"https:\/\/www.champmarket.com\/it\/wp-json\/wp\/v2\/product\/64479\/revisions\/74770"}],"wp:featuredmedia":[{"embeddable":true,"href":"https:\/\/www.champmarket.com\/it\/wp-json\/wp\/v2\/media\/64490"}],"wp:attachment":[{"href":"https:\/\/www.champmarket.com\/it\/wp-json\/wp\/v2\/media?parent=64479"}],"wp:term":[{"taxonomy":"product_brand","embeddable":true,"href":"https:\/\/www.champmarket.com\/it\/wp-json\/wp\/v2\/product_brand?post=64479"},{"taxonomy":"product_cat","embeddable":true,"href":"https:\/\/www.champmarket.com\/it\/wp-json\/wp\/v2\/product_cat?post=64479"},{"taxonomy":"product_tag","embeddable":true,"href":"https:\/\/www.champmarket.com\/it\/wp-json\/wp\/v2\/product_tag?post=64479"}],"curies":[{"name":"wp","href":"https:\/\/api.w.org\/{rel}","templated":true}]}}