{"id":64673,"date":"2024-02-21T14:37:08","date_gmt":"2024-02-21T13:37:08","guid":{"rendered":"https:\/\/www.champmarket.com\/?post_type=product&#038;p=64673"},"modified":"2024-10-10T12:20:50","modified_gmt":"2024-10-10T10:20:50","slug":"veuve-clicquot-la-grande-dame-rose-2008-bottiglia-con-astuccio","status":"publish","type":"product","link":"https:\/\/www.champmarket.com\/it\/champagne\/veuve-clicquot-la-grande-dame-rose-2008-bottiglia-con-astuccio\/","title":{"rendered":"Veuve Clicquot La Grande Dame Ros\u00e9 2015 Edizione Limitata di Paola Paronetto -bottiglia con Box"},"content":{"rendered":"<p><em>&#8220;Le nostre uve nere fanno i migliori vini bianchi<\/em>&#8220;: la gloria del Pinot Noir. La Grande Dame rende omaggio a Madame Clicquot. Nel 1818 ha creato il primo blend ros\u00e9 unendo il vino rosso di Bouzy ai suoi vini bianchi. La Grande Dame Ros\u00e9 2015 \u00e8 all&#8217;altezza della sua visione, con il 90% di Pinot Noir proveniente principalmente dai Grands Crus storici del terroir di Veuve Clicquot, pi\u00f9 un vino rosso aggiunto al blend proveniente da un&#8217;unica parcella: la parcella &#8220;Clos Colin&#8221; situata a Bouzy, un terroir Grand Cru. La Grande Dame Ros\u00e9 2015 Edizione Limitata di Paola Paronetto con Box Veuve Clicquot \u00e8 uno champagne ideale da offrire come regalo o per tutte le tue occasioni di degustazione speciali.<\/p>\n","protected":false},"excerpt":{"rendered":"<p>&#8220;<em><strong>La Grande Dame 2015 Ros\u00e9 \u00e8 la massima espressione di Madame Clicquot: rivela la sua forza, la sua energia, la sua creativit\u00e0 e, soprattutto, il suo attaccamento al Pinot Noir.<\/strong><\/em>&#8221; Didier Mariotti, Capo di Casa. Fedele alla ricerca della perfezione e allo spirito della Maison, un omaggio a Madame Clicquot, La Grande Dame Ros\u00e9 2015 Edizione Limitata di Paola Paronetto con Box Veuve Clicquot \u00e8 un vino raro ed eccezionale che si esprime con grande eleganza. La tensione tra la precisione del Pinot Noir e il carattere solare del Vintage si esprime in questa nuova cuv\u00e9e, apportando profondit\u00e0 e carattere. Questa nuova collaborazione \u00e8 la prima volta che la Maison affida il design del suo Box La Grande Dame Ros\u00e9 a un artista. Questo Box fa parte della Collection di scatole prodotte per La Grande Dame 2015 all&#8217;inizio del 2023. L&#8217;artista ha scelto &#8216;Pesca Chiaro&#8217; dalla sua tavolozza di 97 tonalit\u00e0: un vibrante rosa chiaro che esprime sia la freschezza che la profondit\u00e0 della cuv\u00e9es.<\/p>\n","protected":false},"featured_media":64684,"template":"","meta":{"_acf_changed":false},"product_brand":[],"product_cat":[3307,2387,2411,2238,2423,2775,2376,2225,2375,2224],"product_tag":[2248,2228,2250,2255],"class_list":{"0":"post-64673","1":"product","2":"type-product","3":"status-publish","4":"has-post-thumbnail","6":"maisons-selection-champagne-veuve-clicquot-it","7":"product_cat-tutti-gli-champagne-e-i-set-regalo-esclusivi","8":"product_cat-categorie-maisons-de-champagne-it","9":"product_cat-categorie-veuve-clicquot-it","10":"product_cat-bouteilles-it","11":"product_cat-editions-limitees-it","12":"product_cat-tutti-gli-champagne","13":"product_cat-champagne-rose-it","14":"product_cat-champagne-millesime-it","15":"product_cat-champagne-prestige-it","16":"product_cat-repas-it","17":"product_tag-haute-couture-it","18":"product_tag-aperitif-it","19":"product_tag-la-vie-en-rose-it","20":"product_tag-pour-offrir-it","22":"first","23":"instock","24":"taxable","25":"shipping-taxable","26":"purchasable","27":"product-type-simple"},"acf":[],"yoast_head":"<!-- This site is optimized with the Yoast SEO plugin v26.4 - https:\/\/yoast.com\/wordpress\/plugins\/seo\/ -->\n<title>Veuve Clicquot La Grande Dame Ros\u00e9 2015 Edizione Limitata di Paola Paronetto -bottiglia con Box - Champmarket<\/title>\n<meta name=\"description\" content=\"La Grande Dame Ros\u00e9 2015 Edizione Limitata di Paola Paronetto con Box di Veuve Clicquot \u00e8 un vino raro ed eccezionale che si esprime con grande eleganza.\" \/>\n<meta name=\"robots\" content=\"index, follow, max-snippet:-1, max-image-preview:large, max-video-preview:-1\" \/>\n<link rel=\"canonical\" href=\"https:\/\/www.champmarket.com\/it\/champagne\/veuve-clicquot-la-grande-dame-rose-2008-bottiglia-con-astuccio\/\" \/>\n<meta property=\"og:locale\" content=\"it_IT\" \/>\n<meta property=\"og:type\" content=\"article\" \/>\n<meta property=\"og:title\" content=\"Veuve Clicquot La Grande Dame Ros\u00e9 2015 Edizione Limitata di Paola Paronetto -bottiglia con Box - Champmarket\" \/>\n<meta property=\"og:description\" content=\"La Grande Dame Ros\u00e9 2015 Edizione Limitata di Paola Paronetto con Box di Veuve Clicquot \u00e8 un vino raro ed eccezionale che si esprime con grande eleganza.\" \/>\n<meta property=\"og:url\" content=\"https:\/\/www.champmarket.com\/it\/champagne\/veuve-clicquot-la-grande-dame-rose-2008-bottiglia-con-astuccio\/\" \/>\n<meta property=\"og:site_name\" content=\"Champmarket\" \/>\n<meta property=\"article:publisher\" content=\"https:\/\/www.facebook.com\/ChampMarket\/\" \/>\n<meta property=\"article:modified_time\" content=\"2024-10-10T10:20:50+00:00\" \/>\n<meta property=\"og:image\" content=\"https:\/\/www.champmarket.com\/wp-content\/uploads\/2024\/02\/veuve-clicquot-la-grande-dame-rose-2015-ed-lim-paola-panoretto-bouteille-coffret.webp\" \/>\n\t<meta property=\"og:image:width\" content=\"1200\" \/>\n\t<meta property=\"og:image:height\" content=\"1200\" \/>\n\t<meta property=\"og:image:type\" content=\"image\/jpeg\" \/>\n<meta name=\"twitter:card\" content=\"summary_large_image\" \/>\n<meta name=\"twitter:site\" content=\"@champmarket\" \/>\n<meta name=\"twitter:label1\" content=\"Tempo di lettura stimato\" \/>\n\t<meta name=\"twitter:data1\" content=\"1 minuto\" \/>\n<script type=\"application\/ld+json\" class=\"yoast-schema-graph\">{\"@context\":\"https:\/\/schema.org\",\"@graph\":[{\"@type\":\"WebPage\",\"@id\":\"https:\/\/www.champmarket.com\/it\/champagne\/veuve-clicquot-la-grande-dame-rose-2008-bottiglia-con-astuccio\/\",\"url\":\"https:\/\/www.champmarket.com\/it\/champagne\/veuve-clicquot-la-grande-dame-rose-2008-bottiglia-con-astuccio\/\",\"name\":\"Veuve Clicquot La Grande Dame Ros\u00e9 2015 Edizione Limitata di Paola Paronetto -bottiglia con Box - Champmarket\",\"isPartOf\":{\"@id\":\"https:\/\/www.champmarket.com\/#website\"},\"primaryImageOfPage\":{\"@id\":\"https:\/\/www.champmarket.com\/it\/champagne\/veuve-clicquot-la-grande-dame-rose-2008-bottiglia-con-astuccio\/#primaryimage\"},\"image\":{\"@id\":\"https:\/\/www.champmarket.com\/it\/champagne\/veuve-clicquot-la-grande-dame-rose-2008-bottiglia-con-astuccio\/#primaryimage\"},\"thumbnailUrl\":\"https:\/\/www.champmarket.com\/wp-content\/uploads\/2024\/02\/veuve-clicquot-la-grande-dame-rose-2015-ed-lim-paola-panoretto-bouteille-coffret.webp\",\"datePublished\":\"2024-02-21T13:37:08+00:00\",\"dateModified\":\"2024-10-10T10:20:50+00:00\",\"description\":\"La Grande Dame Ros\u00e9 2015 Edizione Limitata di Paola Paronetto con Box di Veuve Clicquot \u00e8 un vino raro ed eccezionale che si esprime con grande eleganza.\",\"breadcrumb\":{\"@id\":\"https:\/\/www.champmarket.com\/it\/champagne\/veuve-clicquot-la-grande-dame-rose-2008-bottiglia-con-astuccio\/#breadcrumb\"},\"inLanguage\":\"it-IT\",\"potentialAction\":[{\"@type\":\"ReadAction\",\"target\":[\"https:\/\/www.champmarket.com\/it\/champagne\/veuve-clicquot-la-grande-dame-rose-2008-bottiglia-con-astuccio\/\"]}]},{\"@type\":\"ImageObject\",\"inLanguage\":\"it-IT\",\"@id\":\"https:\/\/www.champmarket.com\/it\/champagne\/veuve-clicquot-la-grande-dame-rose-2008-bottiglia-con-astuccio\/#primaryimage\",\"url\":\"https:\/\/www.champmarket.com\/wp-content\/uploads\/2024\/02\/veuve-clicquot-la-grande-dame-rose-2015-ed-lim-paola-panoretto-bouteille-coffret.webp\",\"contentUrl\":\"https:\/\/www.champmarket.com\/wp-content\/uploads\/2024\/02\/veuve-clicquot-la-grande-dame-rose-2015-ed-lim-paola-panoretto-bouteille-coffret.webp\",\"width\":1200,\"height\":1200,\"caption\":\"Champagne La Grande Dame Ros\u00e9 2015 Veuve Clicquot - Champmarket\"},{\"@type\":\"BreadcrumbList\",\"@id\":\"https:\/\/www.champmarket.com\/it\/champagne\/veuve-clicquot-la-grande-dame-rose-2008-bottiglia-con-astuccio\/#breadcrumb\",\"itemListElement\":[{\"@type\":\"ListItem\",\"position\":1,\"name\":\"Home\",\"item\":\"https:\/\/www.champmarket.com\/it\/acquista-champagne-online-champmarket\/\"},{\"@type\":\"ListItem\",\"position\":2,\"name\":\"Shop\",\"item\":\"https:\/\/www.champmarket.com\/it\/shop\/\"},{\"@type\":\"ListItem\",\"position\":3,\"name\":\"Veuve Clicquot\",\"item\":\"https:\/\/www.champmarket.com\/it\/maisons\/selection-champagne-veuve-clicquot-it\/\"},{\"@type\":\"ListItem\",\"position\":4,\"name\":\"Veuve Clicquot La Grande Dame Ros\u00e9 2015 Edizione Limitata di Paola Paronetto -bottiglia con Box\"}]},{\"@type\":\"WebSite\",\"@id\":\"https:\/\/www.champmarket.com\/#website\",\"url\":\"https:\/\/www.champmarket.com\/\",\"name\":\"Champmarket\",\"description\":\"Champmarket, Champagnes, Cadeaux et Art de Vivre\",\"publisher\":{\"@id\":\"https:\/\/www.champmarket.com\/#organization\"},\"potentialAction\":[{\"@type\":\"SearchAction\",\"target\":{\"@type\":\"EntryPoint\",\"urlTemplate\":\"https:\/\/www.champmarket.com\/?s={search_term_string}\"},\"query-input\":{\"@type\":\"PropertyValueSpecification\",\"valueRequired\":true,\"valueName\":\"search_term_string\"}}],\"inLanguage\":\"it-IT\"},{\"@type\":\"Organization\",\"@id\":\"https:\/\/www.champmarket.com\/#organization\",\"name\":\"Champmarket\",\"url\":\"https:\/\/www.champmarket.com\/\",\"logo\":{\"@type\":\"ImageObject\",\"inLanguage\":\"it-IT\",\"@id\":\"https:\/\/www.champmarket.com\/#\/schema\/logo\/image\/\",\"url\":\"https:\/\/www.champmarket.com\/wp-content\/uploads\/2024\/08\/logo2024-1.svg\",\"contentUrl\":\"https:\/\/www.champmarket.com\/wp-content\/uploads\/2024\/08\/logo2024-1.svg\",\"width\":579.8,\"height\":80,\"caption\":\"Champmarket\"},\"image\":{\"@id\":\"https:\/\/www.champmarket.com\/#\/schema\/logo\/image\/\"},\"sameAs\":[\"https:\/\/www.facebook.com\/ChampMarket\/\",\"https:\/\/x.com\/champmarket\",\"https:\/\/www.instagram.com\/champmarket.paris\/\",\"https:\/\/www.pinterest.fr\/champmarketparis\/\",\"https:\/\/www.linkedin.com\/company\/champmarket\/\"]}]}<\/script>\n<!-- \/ Yoast SEO plugin. -->","yoast_head_json":{"title":"Veuve Clicquot La Grande Dame Ros\u00e9 2015 Edizione Limitata di Paola Paronetto -bottiglia con Box - Champmarket","description":"La Grande Dame Ros\u00e9 2015 Edizione Limitata di Paola Paronetto con Box di Veuve Clicquot \u00e8 un vino raro ed eccezionale che si esprime con grande eleganza.","robots":{"index":"index","follow":"follow","max-snippet":"max-snippet:-1","max-image-preview":"max-image-preview:large","max-video-preview":"max-video-preview:-1"},"canonical":"https:\/\/www.champmarket.com\/it\/champagne\/veuve-clicquot-la-grande-dame-rose-2008-bottiglia-con-astuccio\/","og_locale":"it_IT","og_type":"article","og_title":"Veuve Clicquot La Grande Dame Ros\u00e9 2015 Edizione Limitata di Paola Paronetto -bottiglia con Box - Champmarket","og_description":"La Grande Dame Ros\u00e9 2015 Edizione Limitata di Paola Paronetto con Box di Veuve Clicquot \u00e8 un vino raro ed eccezionale che si esprime con grande eleganza.","og_url":"https:\/\/www.champmarket.com\/it\/champagne\/veuve-clicquot-la-grande-dame-rose-2008-bottiglia-con-astuccio\/","og_site_name":"Champmarket","article_publisher":"https:\/\/www.facebook.com\/ChampMarket\/","article_modified_time":"2024-10-10T10:20:50+00:00","og_image":[{"width":1200,"height":1200,"url":"https:\/\/www.champmarket.com\/wp-content\/uploads\/2024\/02\/veuve-clicquot-la-grande-dame-rose-2015-ed-lim-paola-panoretto-bouteille-coffret.webp","type":"image\/jpeg"}],"twitter_card":"summary_large_image","twitter_site":"@champmarket","twitter_misc":{"Tempo di lettura stimato":"1 minuto"},"schema":{"@context":"https:\/\/schema.org","@graph":[{"@type":"WebPage","@id":"https:\/\/www.champmarket.com\/it\/champagne\/veuve-clicquot-la-grande-dame-rose-2008-bottiglia-con-astuccio\/","url":"https:\/\/www.champmarket.com\/it\/champagne\/veuve-clicquot-la-grande-dame-rose-2008-bottiglia-con-astuccio\/","name":"Veuve Clicquot La Grande Dame Ros\u00e9 2015 Edizione Limitata di Paola Paronetto -bottiglia con Box - Champmarket","isPartOf":{"@id":"https:\/\/www.champmarket.com\/#website"},"primaryImageOfPage":{"@id":"https:\/\/www.champmarket.com\/it\/champagne\/veuve-clicquot-la-grande-dame-rose-2008-bottiglia-con-astuccio\/#primaryimage"},"image":{"@id":"https:\/\/www.champmarket.com\/it\/champagne\/veuve-clicquot-la-grande-dame-rose-2008-bottiglia-con-astuccio\/#primaryimage"},"thumbnailUrl":"https:\/\/www.champmarket.com\/wp-content\/uploads\/2024\/02\/veuve-clicquot-la-grande-dame-rose-2015-ed-lim-paola-panoretto-bouteille-coffret.webp","datePublished":"2024-02-21T13:37:08+00:00","dateModified":"2024-10-10T10:20:50+00:00","description":"La Grande Dame Ros\u00e9 2015 Edizione Limitata di Paola Paronetto con Box di Veuve Clicquot \u00e8 un vino raro ed eccezionale che si esprime con grande eleganza.","breadcrumb":{"@id":"https:\/\/www.champmarket.com\/it\/champagne\/veuve-clicquot-la-grande-dame-rose-2008-bottiglia-con-astuccio\/#breadcrumb"},"inLanguage":"it-IT","potentialAction":[{"@type":"ReadAction","target":["https:\/\/www.champmarket.com\/it\/champagne\/veuve-clicquot-la-grande-dame-rose-2008-bottiglia-con-astuccio\/"]}]},{"@type":"ImageObject","inLanguage":"it-IT","@id":"https:\/\/www.champmarket.com\/it\/champagne\/veuve-clicquot-la-grande-dame-rose-2008-bottiglia-con-astuccio\/#primaryimage","url":"https:\/\/www.champmarket.com\/wp-content\/uploads\/2024\/02\/veuve-clicquot-la-grande-dame-rose-2015-ed-lim-paola-panoretto-bouteille-coffret.webp","contentUrl":"https:\/\/www.champmarket.com\/wp-content\/uploads\/2024\/02\/veuve-clicquot-la-grande-dame-rose-2015-ed-lim-paola-panoretto-bouteille-coffret.webp","width":1200,"height":1200,"caption":"Champagne La Grande Dame Ros\u00e9 2015 Veuve Clicquot - Champmarket"},{"@type":"BreadcrumbList","@id":"https:\/\/www.champmarket.com\/it\/champagne\/veuve-clicquot-la-grande-dame-rose-2008-bottiglia-con-astuccio\/#breadcrumb","itemListElement":[{"@type":"ListItem","position":1,"name":"Home","item":"https:\/\/www.champmarket.com\/it\/acquista-champagne-online-champmarket\/"},{"@type":"ListItem","position":2,"name":"Shop","item":"https:\/\/www.champmarket.com\/it\/shop\/"},{"@type":"ListItem","position":3,"name":"Veuve Clicquot","item":"https:\/\/www.champmarket.com\/it\/maisons\/selection-champagne-veuve-clicquot-it\/"},{"@type":"ListItem","position":4,"name":"Veuve Clicquot La Grande Dame Ros\u00e9 2015 Edizione Limitata di Paola Paronetto -bottiglia con Box"}]},{"@type":"WebSite","@id":"https:\/\/www.champmarket.com\/#website","url":"https:\/\/www.champmarket.com\/","name":"Champmarket","description":"Champmarket, Champagnes, Cadeaux et Art de Vivre","publisher":{"@id":"https:\/\/www.champmarket.com\/#organization"},"potentialAction":[{"@type":"SearchAction","target":{"@type":"EntryPoint","urlTemplate":"https:\/\/www.champmarket.com\/?s={search_term_string}"},"query-input":{"@type":"PropertyValueSpecification","valueRequired":true,"valueName":"search_term_string"}}],"inLanguage":"it-IT"},{"@type":"Organization","@id":"https:\/\/www.champmarket.com\/#organization","name":"Champmarket","url":"https:\/\/www.champmarket.com\/","logo":{"@type":"ImageObject","inLanguage":"it-IT","@id":"https:\/\/www.champmarket.com\/#\/schema\/logo\/image\/","url":"https:\/\/www.champmarket.com\/wp-content\/uploads\/2024\/08\/logo2024-1.svg","contentUrl":"https:\/\/www.champmarket.com\/wp-content\/uploads\/2024\/08\/logo2024-1.svg","width":579.8,"height":80,"caption":"Champmarket"},"image":{"@id":"https:\/\/www.champmarket.com\/#\/schema\/logo\/image\/"},"sameAs":["https:\/\/www.facebook.com\/ChampMarket\/","https:\/\/x.com\/champmarket","https:\/\/www.instagram.com\/champmarket.paris\/","https:\/\/www.pinterest.fr\/champmarketparis\/","https:\/\/www.linkedin.com\/company\/champmarket\/"]}]}},"_links":{"self":[{"href":"https:\/\/www.champmarket.com\/it\/wp-json\/wp\/v2\/product\/64673","targetHints":{"allow":["GET"]}}],"collection":[{"href":"https:\/\/www.champmarket.com\/it\/wp-json\/wp\/v2\/product"}],"about":[{"href":"https:\/\/www.champmarket.com\/it\/wp-json\/wp\/v2\/types\/product"}],"version-history":[{"count":4,"href":"https:\/\/www.champmarket.com\/it\/wp-json\/wp\/v2\/product\/64673\/revisions"}],"predecessor-version":[{"id":74767,"href":"https:\/\/www.champmarket.com\/it\/wp-json\/wp\/v2\/product\/64673\/revisions\/74767"}],"wp:featuredmedia":[{"embeddable":true,"href":"https:\/\/www.champmarket.com\/it\/wp-json\/wp\/v2\/media\/64684"}],"wp:attachment":[{"href":"https:\/\/www.champmarket.com\/it\/wp-json\/wp\/v2\/media?parent=64673"}],"wp:term":[{"taxonomy":"product_brand","embeddable":true,"href":"https:\/\/www.champmarket.com\/it\/wp-json\/wp\/v2\/product_brand?post=64673"},{"taxonomy":"product_cat","embeddable":true,"href":"https:\/\/www.champmarket.com\/it\/wp-json\/wp\/v2\/product_cat?post=64673"},{"taxonomy":"product_tag","embeddable":true,"href":"https:\/\/www.champmarket.com\/it\/wp-json\/wp\/v2\/product_tag?post=64673"}],"curies":[{"name":"wp","href":"https:\/\/api.w.org\/{rel}","templated":true}]}}