{"id":65733,"date":"2024-03-07T08:47:10","date_gmt":"2024-03-07T07:47:10","guid":{"rendered":"https:\/\/www.champmarket.com\/?post_type=product&#038;p=65733"},"modified":"2024-10-10T12:20:48","modified_gmt":"2024-10-10T10:20:48","slug":"piper-heidsieck-essentiel-blanc-de-noirs-bottiglia","status":"publish","type":"product","link":"https:\/\/www.champmarket.com\/it\/champagne\/piper-heidsieck-essentiel-blanc-de-noirs-bottiglia\/","title":{"rendered":"Bottiglia di Piper-Heidsieck Essentiel Blanc de Noirs"},"content":{"rendered":"<p>Dal 1785, Piper-Heidsieck si \u00e8 rivelata nell&#8217;inventiva di assemblare e combinare vini eccezionali. Una ricerca dell&#8217;eccellenza e un&#8217;apertura mentale che si riflettono nell&#8217;intera gamma sviluppata dal suo Capo di Casa, Emilien Boutillat, che \u00e8 il vero garante dello stile della Maison. Certificata B Corp dal 2022, l&#8217;azienda si impegna fermamente per un futuro equo e sostenibile.<\/p>\n","protected":false},"excerpt":{"rendered":"<p>Piper-Heidsieck Essentiel Blanc de Noirs \u00e8 uno champagne abbagliante, preciso e frizzante. Pinot Noir Combina il vitigno storico della Maison con il Meunier in un blend delicato. La diversit\u00e0 dei terroir da cui provengono le 10 annate selezionate esalta la complessit\u00e0 dei vitigni neri in uno champagne fruttato ed elegante. Pinot Noir L&#8217;assemblaggio di Meunier e Meunier, uve con buccia nera e polpa bianca, produce tradizionalmente vini champagne dalla forte personalit\u00e0. Essentiel Blanc de Noirs \u00e8 il primo 100% VDC, interamente composto e interpretato da \u00c9milien Boutillat, Capo di Casa dal 2018. La sua delicatezza e freschezza sono sorprendenti, mentre sublimano la struttura e il frutto di questo blend.     <\/p>\n","protected":false},"featured_media":67572,"template":"","meta":{"_acf_changed":false},"product_brand":[],"product_cat":[2387,2407,2238,2776,2775,2371],"product_tag":[2241,2229],"class_list":{"0":"post-65733","1":"product","2":"type-product","3":"status-publish","4":"has-post-thumbnail","6":"maisons-selection-champagne-piper-heidsieck-it","7":"product_cat-categorie-maisons-de-champagne-it","8":"product_cat-categorie-piper-heidsieck-it","9":"product_cat-bouteilles-it","10":"product_cat-nuovi-prodotti-it","11":"product_cat-tutti-gli-champagne","12":"product_cat-champagne-blanc-de-noirs-it","13":"product_tag-100-pinot-noir-it","14":"product_tag-per-un-pasto-con-champagne","16":"first","17":"instock","18":"taxable","19":"shipping-taxable","20":"purchasable","21":"product-type-simple"},"acf":[],"yoast_head":"<!-- This site is optimized with the Yoast SEO plugin v26.4 - https:\/\/yoast.com\/wordpress\/plugins\/seo\/ -->\n<title>Bottiglia di Piper-Heidsieck Essentiel Blanc de Noirs - Champmarket<\/title>\n<meta name=\"description\" content=\"Piper-Heidsieck Essentiel Blanc de Noirs \u00e8 uno champagne abbagliante, preciso e frizzante. Pinot Noir Combina il vitigno storico della Maison con...\" \/>\n<meta name=\"robots\" content=\"index, follow, max-snippet:-1, max-image-preview:large, max-video-preview:-1\" \/>\n<link rel=\"canonical\" href=\"https:\/\/www.champmarket.com\/it\/champagne\/piper-heidsieck-essentiel-blanc-de-noirs-bottiglia\/\" \/>\n<meta property=\"og:locale\" content=\"it_IT\" \/>\n<meta property=\"og:type\" content=\"article\" \/>\n<meta property=\"og:title\" content=\"Bottiglia di Piper-Heidsieck Essentiel Blanc de Noirs - Champmarket\" \/>\n<meta property=\"og:description\" content=\"Piper-Heidsieck Essentiel Blanc de Noirs \u00e8 uno champagne abbagliante, preciso e frizzante. Pinot Noir Combina il vitigno storico della Maison con...\" \/>\n<meta property=\"og:url\" content=\"https:\/\/www.champmarket.com\/it\/champagne\/piper-heidsieck-essentiel-blanc-de-noirs-bottiglia\/\" \/>\n<meta property=\"og:site_name\" content=\"Champmarket\" \/>\n<meta property=\"article:publisher\" content=\"https:\/\/www.facebook.com\/ChampMarket\/\" \/>\n<meta property=\"article:modified_time\" content=\"2024-10-10T10:20:48+00:00\" \/>\n<meta property=\"og:image\" content=\"https:\/\/www.champmarket.com\/wp-content\/uploads\/2024\/03\/piper-heidsieck-essentiel-blanc-de-noirs-bouteille.webp\" \/>\n\t<meta property=\"og:image:width\" content=\"1200\" \/>\n\t<meta property=\"og:image:height\" content=\"1200\" \/>\n\t<meta property=\"og:image:type\" content=\"image\/webp\" \/>\n<meta name=\"twitter:card\" content=\"summary_large_image\" \/>\n<meta name=\"twitter:site\" content=\"@champmarket\" \/>\n<meta name=\"twitter:label1\" content=\"Tempo di lettura stimato\" \/>\n\t<meta name=\"twitter:data1\" content=\"1 minuto\" \/>\n<script type=\"application\/ld+json\" class=\"yoast-schema-graph\">{\"@context\":\"https:\/\/schema.org\",\"@graph\":[{\"@type\":\"WebPage\",\"@id\":\"https:\/\/www.champmarket.com\/it\/champagne\/piper-heidsieck-essentiel-blanc-de-noirs-bottiglia\/\",\"url\":\"https:\/\/www.champmarket.com\/it\/champagne\/piper-heidsieck-essentiel-blanc-de-noirs-bottiglia\/\",\"name\":\"Bottiglia di Piper-Heidsieck Essentiel Blanc de Noirs - Champmarket\",\"isPartOf\":{\"@id\":\"https:\/\/www.champmarket.com\/#website\"},\"primaryImageOfPage\":{\"@id\":\"https:\/\/www.champmarket.com\/it\/champagne\/piper-heidsieck-essentiel-blanc-de-noirs-bottiglia\/#primaryimage\"},\"image\":{\"@id\":\"https:\/\/www.champmarket.com\/it\/champagne\/piper-heidsieck-essentiel-blanc-de-noirs-bottiglia\/#primaryimage\"},\"thumbnailUrl\":\"https:\/\/www.champmarket.com\/wp-content\/uploads\/2024\/03\/piper-heidsieck-essentiel-blanc-de-noirs-bouteille.webp\",\"datePublished\":\"2024-03-07T07:47:10+00:00\",\"dateModified\":\"2024-10-10T10:20:48+00:00\",\"description\":\"Piper-Heidsieck Essentiel Blanc de Noirs \u00e8 uno champagne abbagliante, preciso e frizzante. Pinot Noir Combina il vitigno storico della Maison con...\",\"breadcrumb\":{\"@id\":\"https:\/\/www.champmarket.com\/it\/champagne\/piper-heidsieck-essentiel-blanc-de-noirs-bottiglia\/#breadcrumb\"},\"inLanguage\":\"it-IT\",\"potentialAction\":[{\"@type\":\"ReadAction\",\"target\":[\"https:\/\/www.champmarket.com\/it\/champagne\/piper-heidsieck-essentiel-blanc-de-noirs-bottiglia\/\"]}]},{\"@type\":\"ImageObject\",\"inLanguage\":\"it-IT\",\"@id\":\"https:\/\/www.champmarket.com\/it\/champagne\/piper-heidsieck-essentiel-blanc-de-noirs-bottiglia\/#primaryimage\",\"url\":\"https:\/\/www.champmarket.com\/wp-content\/uploads\/2024\/03\/piper-heidsieck-essentiel-blanc-de-noirs-bouteille.webp\",\"contentUrl\":\"https:\/\/www.champmarket.com\/wp-content\/uploads\/2024\/03\/piper-heidsieck-essentiel-blanc-de-noirs-bouteille.webp\",\"width\":1200,\"height\":1200,\"caption\":\"Champagne Piper-Heidsieck Essentiel Blanc de Noirs - Champmarket\"},{\"@type\":\"BreadcrumbList\",\"@id\":\"https:\/\/www.champmarket.com\/it\/champagne\/piper-heidsieck-essentiel-blanc-de-noirs-bottiglia\/#breadcrumb\",\"itemListElement\":[{\"@type\":\"ListItem\",\"position\":1,\"name\":\"Home\",\"item\":\"https:\/\/www.champmarket.com\/it\/acquista-champagne-online-champmarket\/\"},{\"@type\":\"ListItem\",\"position\":2,\"name\":\"Shop\",\"item\":\"https:\/\/www.champmarket.com\/it\/shop\/\"},{\"@type\":\"ListItem\",\"position\":3,\"name\":\"Piper-Heidsieck\",\"item\":\"https:\/\/www.champmarket.com\/it\/maisons\/selection-champagne-piper-heidsieck-it\/\"},{\"@type\":\"ListItem\",\"position\":4,\"name\":\"Bottiglia di Piper-Heidsieck Essentiel Blanc de Noirs\"}]},{\"@type\":\"WebSite\",\"@id\":\"https:\/\/www.champmarket.com\/#website\",\"url\":\"https:\/\/www.champmarket.com\/\",\"name\":\"Champmarket\",\"description\":\"Champmarket, Champagnes, Cadeaux et Art de Vivre\",\"publisher\":{\"@id\":\"https:\/\/www.champmarket.com\/#organization\"},\"potentialAction\":[{\"@type\":\"SearchAction\",\"target\":{\"@type\":\"EntryPoint\",\"urlTemplate\":\"https:\/\/www.champmarket.com\/?s={search_term_string}\"},\"query-input\":{\"@type\":\"PropertyValueSpecification\",\"valueRequired\":true,\"valueName\":\"search_term_string\"}}],\"inLanguage\":\"it-IT\"},{\"@type\":\"Organization\",\"@id\":\"https:\/\/www.champmarket.com\/#organization\",\"name\":\"Champmarket\",\"url\":\"https:\/\/www.champmarket.com\/\",\"logo\":{\"@type\":\"ImageObject\",\"inLanguage\":\"it-IT\",\"@id\":\"https:\/\/www.champmarket.com\/#\/schema\/logo\/image\/\",\"url\":\"https:\/\/www.champmarket.com\/wp-content\/uploads\/2024\/08\/logo2024-1.svg\",\"contentUrl\":\"https:\/\/www.champmarket.com\/wp-content\/uploads\/2024\/08\/logo2024-1.svg\",\"width\":579.8,\"height\":80,\"caption\":\"Champmarket\"},\"image\":{\"@id\":\"https:\/\/www.champmarket.com\/#\/schema\/logo\/image\/\"},\"sameAs\":[\"https:\/\/www.facebook.com\/ChampMarket\/\",\"https:\/\/x.com\/champmarket\",\"https:\/\/www.instagram.com\/champmarket.paris\/\",\"https:\/\/www.pinterest.fr\/champmarketparis\/\",\"https:\/\/www.linkedin.com\/company\/champmarket\/\"]}]}<\/script>\n<!-- \/ Yoast SEO plugin. -->","yoast_head_json":{"title":"Bottiglia di Piper-Heidsieck Essentiel Blanc de Noirs - Champmarket","description":"Piper-Heidsieck Essentiel Blanc de Noirs \u00e8 uno champagne abbagliante, preciso e frizzante. Pinot Noir Combina il vitigno storico della Maison con...","robots":{"index":"index","follow":"follow","max-snippet":"max-snippet:-1","max-image-preview":"max-image-preview:large","max-video-preview":"max-video-preview:-1"},"canonical":"https:\/\/www.champmarket.com\/it\/champagne\/piper-heidsieck-essentiel-blanc-de-noirs-bottiglia\/","og_locale":"it_IT","og_type":"article","og_title":"Bottiglia di Piper-Heidsieck Essentiel Blanc de Noirs - Champmarket","og_description":"Piper-Heidsieck Essentiel Blanc de Noirs \u00e8 uno champagne abbagliante, preciso e frizzante. Pinot Noir Combina il vitigno storico della Maison con...","og_url":"https:\/\/www.champmarket.com\/it\/champagne\/piper-heidsieck-essentiel-blanc-de-noirs-bottiglia\/","og_site_name":"Champmarket","article_publisher":"https:\/\/www.facebook.com\/ChampMarket\/","article_modified_time":"2024-10-10T10:20:48+00:00","og_image":[{"width":1200,"height":1200,"url":"https:\/\/www.champmarket.com\/wp-content\/uploads\/2024\/03\/piper-heidsieck-essentiel-blanc-de-noirs-bouteille.webp","type":"image\/webp"}],"twitter_card":"summary_large_image","twitter_site":"@champmarket","twitter_misc":{"Tempo di lettura stimato":"1 minuto"},"schema":{"@context":"https:\/\/schema.org","@graph":[{"@type":"WebPage","@id":"https:\/\/www.champmarket.com\/it\/champagne\/piper-heidsieck-essentiel-blanc-de-noirs-bottiglia\/","url":"https:\/\/www.champmarket.com\/it\/champagne\/piper-heidsieck-essentiel-blanc-de-noirs-bottiglia\/","name":"Bottiglia di Piper-Heidsieck Essentiel Blanc de Noirs - Champmarket","isPartOf":{"@id":"https:\/\/www.champmarket.com\/#website"},"primaryImageOfPage":{"@id":"https:\/\/www.champmarket.com\/it\/champagne\/piper-heidsieck-essentiel-blanc-de-noirs-bottiglia\/#primaryimage"},"image":{"@id":"https:\/\/www.champmarket.com\/it\/champagne\/piper-heidsieck-essentiel-blanc-de-noirs-bottiglia\/#primaryimage"},"thumbnailUrl":"https:\/\/www.champmarket.com\/wp-content\/uploads\/2024\/03\/piper-heidsieck-essentiel-blanc-de-noirs-bouteille.webp","datePublished":"2024-03-07T07:47:10+00:00","dateModified":"2024-10-10T10:20:48+00:00","description":"Piper-Heidsieck Essentiel Blanc de Noirs \u00e8 uno champagne abbagliante, preciso e frizzante. Pinot Noir Combina il vitigno storico della Maison con...","breadcrumb":{"@id":"https:\/\/www.champmarket.com\/it\/champagne\/piper-heidsieck-essentiel-blanc-de-noirs-bottiglia\/#breadcrumb"},"inLanguage":"it-IT","potentialAction":[{"@type":"ReadAction","target":["https:\/\/www.champmarket.com\/it\/champagne\/piper-heidsieck-essentiel-blanc-de-noirs-bottiglia\/"]}]},{"@type":"ImageObject","inLanguage":"it-IT","@id":"https:\/\/www.champmarket.com\/it\/champagne\/piper-heidsieck-essentiel-blanc-de-noirs-bottiglia\/#primaryimage","url":"https:\/\/www.champmarket.com\/wp-content\/uploads\/2024\/03\/piper-heidsieck-essentiel-blanc-de-noirs-bouteille.webp","contentUrl":"https:\/\/www.champmarket.com\/wp-content\/uploads\/2024\/03\/piper-heidsieck-essentiel-blanc-de-noirs-bouteille.webp","width":1200,"height":1200,"caption":"Champagne Piper-Heidsieck Essentiel Blanc de Noirs - Champmarket"},{"@type":"BreadcrumbList","@id":"https:\/\/www.champmarket.com\/it\/champagne\/piper-heidsieck-essentiel-blanc-de-noirs-bottiglia\/#breadcrumb","itemListElement":[{"@type":"ListItem","position":1,"name":"Home","item":"https:\/\/www.champmarket.com\/it\/acquista-champagne-online-champmarket\/"},{"@type":"ListItem","position":2,"name":"Shop","item":"https:\/\/www.champmarket.com\/it\/shop\/"},{"@type":"ListItem","position":3,"name":"Piper-Heidsieck","item":"https:\/\/www.champmarket.com\/it\/maisons\/selection-champagne-piper-heidsieck-it\/"},{"@type":"ListItem","position":4,"name":"Bottiglia di Piper-Heidsieck Essentiel Blanc de Noirs"}]},{"@type":"WebSite","@id":"https:\/\/www.champmarket.com\/#website","url":"https:\/\/www.champmarket.com\/","name":"Champmarket","description":"Champmarket, Champagnes, Cadeaux et Art de Vivre","publisher":{"@id":"https:\/\/www.champmarket.com\/#organization"},"potentialAction":[{"@type":"SearchAction","target":{"@type":"EntryPoint","urlTemplate":"https:\/\/www.champmarket.com\/?s={search_term_string}"},"query-input":{"@type":"PropertyValueSpecification","valueRequired":true,"valueName":"search_term_string"}}],"inLanguage":"it-IT"},{"@type":"Organization","@id":"https:\/\/www.champmarket.com\/#organization","name":"Champmarket","url":"https:\/\/www.champmarket.com\/","logo":{"@type":"ImageObject","inLanguage":"it-IT","@id":"https:\/\/www.champmarket.com\/#\/schema\/logo\/image\/","url":"https:\/\/www.champmarket.com\/wp-content\/uploads\/2024\/08\/logo2024-1.svg","contentUrl":"https:\/\/www.champmarket.com\/wp-content\/uploads\/2024\/08\/logo2024-1.svg","width":579.8,"height":80,"caption":"Champmarket"},"image":{"@id":"https:\/\/www.champmarket.com\/#\/schema\/logo\/image\/"},"sameAs":["https:\/\/www.facebook.com\/ChampMarket\/","https:\/\/x.com\/champmarket","https:\/\/www.instagram.com\/champmarket.paris\/","https:\/\/www.pinterest.fr\/champmarketparis\/","https:\/\/www.linkedin.com\/company\/champmarket\/"]}]}},"_links":{"self":[{"href":"https:\/\/www.champmarket.com\/it\/wp-json\/wp\/v2\/product\/65733","targetHints":{"allow":["GET"]}}],"collection":[{"href":"https:\/\/www.champmarket.com\/it\/wp-json\/wp\/v2\/product"}],"about":[{"href":"https:\/\/www.champmarket.com\/it\/wp-json\/wp\/v2\/types\/product"}],"version-history":[{"count":3,"href":"https:\/\/www.champmarket.com\/it\/wp-json\/wp\/v2\/product\/65733\/revisions"}],"predecessor-version":[{"id":74764,"href":"https:\/\/www.champmarket.com\/it\/wp-json\/wp\/v2\/product\/65733\/revisions\/74764"}],"wp:featuredmedia":[{"embeddable":true,"href":"https:\/\/www.champmarket.com\/it\/wp-json\/wp\/v2\/media\/67572"}],"wp:attachment":[{"href":"https:\/\/www.champmarket.com\/it\/wp-json\/wp\/v2\/media?parent=65733"}],"wp:term":[{"taxonomy":"product_brand","embeddable":true,"href":"https:\/\/www.champmarket.com\/it\/wp-json\/wp\/v2\/product_brand?post=65733"},{"taxonomy":"product_cat","embeddable":true,"href":"https:\/\/www.champmarket.com\/it\/wp-json\/wp\/v2\/product_cat?post=65733"},{"taxonomy":"product_tag","embeddable":true,"href":"https:\/\/www.champmarket.com\/it\/wp-json\/wp\/v2\/product_tag?post=65733"}],"curies":[{"name":"wp","href":"https:\/\/api.w.org\/{rel}","templated":true}]}}