{"id":65751,"date":"2024-03-07T11:44:10","date_gmt":"2024-03-07T10:44:11","guid":{"rendered":"https:\/\/www.champmarket.com\/?post_type=product&#038;p=65751"},"modified":"2025-05-09T14:29:46","modified_gmt":"2025-05-09T12:29:46","slug":"drappier-millesime-exception-2016-bottiglia-copie-copie-copie-3","status":"publish","type":"product","link":"https:\/\/www.champmarket.com\/it\/champagne\/drappier-millesime-exception-2016-bottiglia-copie-copie-copie-3\/","title":{"rendered":"Drappier R\u00e9serve de l&#8217;Oenoth\u00e8que 2007 Bottiglia con astuccio"},"content":{"rendered":"<p>Il Mill\u00e9sime Exception 2016 di Drappier \u00e8 uno champagne potente, ricco e complesso, espressione di una grande annata.<\/p>\n","protected":false},"excerpt":{"rendered":"<p>Drappier R\u00e9serve de l&#8217;Oenoth\u00e8que 2007 con astuccio \u00e8 uno champagne intenso, parte della Collection R\u00e9serve de l&#8217;Oenoth\u00e8que, la memoria vivente di questa casa di Champagne familiare. Ospitata nelle cantine cistercensi del XII secolo, la Collection porta alla luce alcune vecchie annate molto rare. Quando sono pronti a rivelare l&#8217;intensit\u00e0 e l&#8217;originalit\u00e0 del loro anno di nascita, la casa li sbocca in piccole serie, a volte anche singolarmente.<\/p>\n","protected":false},"featured_media":65756,"template":"","meta":{"_acf_changed":false},"product_brand":[],"product_cat":[3307,2387,2394,2238,2776,2423,2775,2225,2223,2224],"product_tag":[2228,2232],"class_list":{"0":"post-65751","1":"product","2":"type-product","3":"status-publish","4":"has-post-thumbnail","6":"maisons-selection-champagne-drappier-it","7":"product_cat-tutti-gli-champagne-e-i-set-regalo-esclusivi","8":"product_cat-categorie-maisons-de-champagne-it","9":"product_cat-categorie-drappier-it","10":"product_cat-bouteilles-it","11":"product_cat-nuovi-prodotti-it","12":"product_cat-editions-limitees-it","13":"product_cat-tutti-gli-champagne","14":"product_cat-champagne-millesime-it","15":"product_cat-aperitif-it","16":"product_cat-repas-it","17":"product_tag-aperitif-it","18":"product_tag-vintage-it","20":"first","21":"instock","22":"taxable","23":"shipping-taxable","24":"purchasable","25":"product-type-simple"},"acf":[],"yoast_head":"<!-- This site is optimized with the Yoast SEO plugin v26.4 - https:\/\/yoast.com\/wordpress\/plugins\/seo\/ -->\n<title>Drappier R\u00e9serve de l&#039;Oenoth\u00e8que 2007 Bottiglia con astuccio - Champmarket<\/title>\n<meta name=\"description\" content=\"Drappier R\u00e9serve de l&#039;Oenoth\u00e8que 2007 \u00e8 uno champagne intenso, parte della Collection R\u00e9serve de l&#039;Oenoth\u00e8que.\" \/>\n<meta name=\"robots\" content=\"index, follow, max-snippet:-1, max-image-preview:large, max-video-preview:-1\" \/>\n<link rel=\"canonical\" href=\"https:\/\/www.champmarket.com\/it\/champagne\/drappier-millesime-exception-2016-bottiglia-copie-copie-copie-3\/\" \/>\n<meta property=\"og:locale\" content=\"it_IT\" \/>\n<meta property=\"og:type\" content=\"article\" \/>\n<meta property=\"og:title\" content=\"Drappier R\u00e9serve de l&#039;Oenoth\u00e8que 2007 Bottiglia con astuccio - Champmarket\" \/>\n<meta property=\"og:description\" content=\"Drappier R\u00e9serve de l&#039;Oenoth\u00e8que 2007 \u00e8 uno champagne intenso, parte della Collection R\u00e9serve de l&#039;Oenoth\u00e8que.\" \/>\n<meta property=\"og:url\" content=\"https:\/\/www.champmarket.com\/it\/champagne\/drappier-millesime-exception-2016-bottiglia-copie-copie-copie-3\/\" \/>\n<meta property=\"og:site_name\" content=\"Champmarket\" \/>\n<meta property=\"article:publisher\" content=\"https:\/\/www.facebook.com\/ChampMarket\/\" \/>\n<meta property=\"article:modified_time\" content=\"2025-05-09T12:29:46+00:00\" \/>\n<meta property=\"og:image\" content=\"https:\/\/www.champmarket.com\/wp-content\/uploads\/2024\/03\/drappier-reserve-oenotheque-2007-bouteille-etui.webp\" \/>\n\t<meta property=\"og:image:width\" content=\"1200\" \/>\n\t<meta property=\"og:image:height\" content=\"1200\" \/>\n\t<meta property=\"og:image:type\" content=\"image\/webp\" \/>\n<meta name=\"twitter:card\" content=\"summary_large_image\" \/>\n<meta name=\"twitter:site\" content=\"@champmarket\" \/>\n<meta name=\"twitter:label1\" content=\"Tempo di lettura stimato\" \/>\n\t<meta name=\"twitter:data1\" content=\"1 minuto\" \/>\n<script type=\"application\/ld+json\" class=\"yoast-schema-graph\">{\"@context\":\"https:\/\/schema.org\",\"@graph\":[{\"@type\":\"WebPage\",\"@id\":\"https:\/\/www.champmarket.com\/it\/champagne\/drappier-millesime-exception-2016-bottiglia-copie-copie-copie-3\/\",\"url\":\"https:\/\/www.champmarket.com\/it\/champagne\/drappier-millesime-exception-2016-bottiglia-copie-copie-copie-3\/\",\"name\":\"Drappier R\u00e9serve de l'Oenoth\u00e8que 2007 Bottiglia con astuccio - Champmarket\",\"isPartOf\":{\"@id\":\"https:\/\/www.champmarket.com\/#website\"},\"primaryImageOfPage\":{\"@id\":\"https:\/\/www.champmarket.com\/it\/champagne\/drappier-millesime-exception-2016-bottiglia-copie-copie-copie-3\/#primaryimage\"},\"image\":{\"@id\":\"https:\/\/www.champmarket.com\/it\/champagne\/drappier-millesime-exception-2016-bottiglia-copie-copie-copie-3\/#primaryimage\"},\"thumbnailUrl\":\"https:\/\/www.champmarket.com\/wp-content\/uploads\/2024\/03\/drappier-reserve-oenotheque-2007-bouteille-etui.webp\",\"datePublished\":\"2024-03-07T10:44:11+00:00\",\"dateModified\":\"2025-05-09T12:29:46+00:00\",\"description\":\"Drappier R\u00e9serve de l'Oenoth\u00e8que 2007 \u00e8 uno champagne intenso, parte della Collection R\u00e9serve de l'Oenoth\u00e8que.\",\"breadcrumb\":{\"@id\":\"https:\/\/www.champmarket.com\/it\/champagne\/drappier-millesime-exception-2016-bottiglia-copie-copie-copie-3\/#breadcrumb\"},\"inLanguage\":\"it-IT\",\"potentialAction\":[{\"@type\":\"ReadAction\",\"target\":[\"https:\/\/www.champmarket.com\/it\/champagne\/drappier-millesime-exception-2016-bottiglia-copie-copie-copie-3\/\"]}]},{\"@type\":\"ImageObject\",\"inLanguage\":\"it-IT\",\"@id\":\"https:\/\/www.champmarket.com\/it\/champagne\/drappier-millesime-exception-2016-bottiglia-copie-copie-copie-3\/#primaryimage\",\"url\":\"https:\/\/www.champmarket.com\/wp-content\/uploads\/2024\/03\/drappier-reserve-oenotheque-2007-bouteille-etui.webp\",\"contentUrl\":\"https:\/\/www.champmarket.com\/wp-content\/uploads\/2024\/03\/drappier-reserve-oenotheque-2007-bouteille-etui.webp\",\"width\":1200,\"height\":1200,\"caption\":\"Champagne Drappier R\u00e9serve de l'Oenoth\u00e8que 2007 bouteille avec \u00e9tui - Champmlarket\"},{\"@type\":\"BreadcrumbList\",\"@id\":\"https:\/\/www.champmarket.com\/it\/champagne\/drappier-millesime-exception-2016-bottiglia-copie-copie-copie-3\/#breadcrumb\",\"itemListElement\":[{\"@type\":\"ListItem\",\"position\":1,\"name\":\"Home\",\"item\":\"https:\/\/www.champmarket.com\/it\/acquista-champagne-online-champmarket\/\"},{\"@type\":\"ListItem\",\"position\":2,\"name\":\"Shop\",\"item\":\"https:\/\/www.champmarket.com\/it\/shop\/\"},{\"@type\":\"ListItem\",\"position\":3,\"name\":\"Drappier\",\"item\":\"https:\/\/www.champmarket.com\/it\/maisons\/selection-champagne-drappier-it\/\"},{\"@type\":\"ListItem\",\"position\":4,\"name\":\"Drappier R\u00e9serve de l&#8217;Oenoth\u00e8que 2007 Bottiglia con astuccio\"}]},{\"@type\":\"WebSite\",\"@id\":\"https:\/\/www.champmarket.com\/#website\",\"url\":\"https:\/\/www.champmarket.com\/\",\"name\":\"Champmarket\",\"description\":\"Champmarket, Champagnes, Cadeaux et Art de Vivre\",\"publisher\":{\"@id\":\"https:\/\/www.champmarket.com\/#organization\"},\"potentialAction\":[{\"@type\":\"SearchAction\",\"target\":{\"@type\":\"EntryPoint\",\"urlTemplate\":\"https:\/\/www.champmarket.com\/?s={search_term_string}\"},\"query-input\":{\"@type\":\"PropertyValueSpecification\",\"valueRequired\":true,\"valueName\":\"search_term_string\"}}],\"inLanguage\":\"it-IT\"},{\"@type\":\"Organization\",\"@id\":\"https:\/\/www.champmarket.com\/#organization\",\"name\":\"Champmarket\",\"url\":\"https:\/\/www.champmarket.com\/\",\"logo\":{\"@type\":\"ImageObject\",\"inLanguage\":\"it-IT\",\"@id\":\"https:\/\/www.champmarket.com\/#\/schema\/logo\/image\/\",\"url\":\"https:\/\/www.champmarket.com\/wp-content\/uploads\/2024\/08\/logo2024-1.svg\",\"contentUrl\":\"https:\/\/www.champmarket.com\/wp-content\/uploads\/2024\/08\/logo2024-1.svg\",\"width\":579.8,\"height\":80,\"caption\":\"Champmarket\"},\"image\":{\"@id\":\"https:\/\/www.champmarket.com\/#\/schema\/logo\/image\/\"},\"sameAs\":[\"https:\/\/www.facebook.com\/ChampMarket\/\",\"https:\/\/x.com\/champmarket\",\"https:\/\/www.instagram.com\/champmarket.paris\/\",\"https:\/\/www.pinterest.fr\/champmarketparis\/\",\"https:\/\/www.linkedin.com\/company\/champmarket\/\"]}]}<\/script>\n<!-- \/ Yoast SEO plugin. -->","yoast_head_json":{"title":"Drappier R\u00e9serve de l'Oenoth\u00e8que 2007 Bottiglia con astuccio - Champmarket","description":"Drappier R\u00e9serve de l'Oenoth\u00e8que 2007 \u00e8 uno champagne intenso, parte della Collection R\u00e9serve de l'Oenoth\u00e8que.","robots":{"index":"index","follow":"follow","max-snippet":"max-snippet:-1","max-image-preview":"max-image-preview:large","max-video-preview":"max-video-preview:-1"},"canonical":"https:\/\/www.champmarket.com\/it\/champagne\/drappier-millesime-exception-2016-bottiglia-copie-copie-copie-3\/","og_locale":"it_IT","og_type":"article","og_title":"Drappier R\u00e9serve de l'Oenoth\u00e8que 2007 Bottiglia con astuccio - Champmarket","og_description":"Drappier R\u00e9serve de l'Oenoth\u00e8que 2007 \u00e8 uno champagne intenso, parte della Collection R\u00e9serve de l'Oenoth\u00e8que.","og_url":"https:\/\/www.champmarket.com\/it\/champagne\/drappier-millesime-exception-2016-bottiglia-copie-copie-copie-3\/","og_site_name":"Champmarket","article_publisher":"https:\/\/www.facebook.com\/ChampMarket\/","article_modified_time":"2025-05-09T12:29:46+00:00","og_image":[{"width":1200,"height":1200,"url":"https:\/\/www.champmarket.com\/wp-content\/uploads\/2024\/03\/drappier-reserve-oenotheque-2007-bouteille-etui.webp","type":"image\/webp"}],"twitter_card":"summary_large_image","twitter_site":"@champmarket","twitter_misc":{"Tempo di lettura stimato":"1 minuto"},"schema":{"@context":"https:\/\/schema.org","@graph":[{"@type":"WebPage","@id":"https:\/\/www.champmarket.com\/it\/champagne\/drappier-millesime-exception-2016-bottiglia-copie-copie-copie-3\/","url":"https:\/\/www.champmarket.com\/it\/champagne\/drappier-millesime-exception-2016-bottiglia-copie-copie-copie-3\/","name":"Drappier R\u00e9serve de l'Oenoth\u00e8que 2007 Bottiglia con astuccio - Champmarket","isPartOf":{"@id":"https:\/\/www.champmarket.com\/#website"},"primaryImageOfPage":{"@id":"https:\/\/www.champmarket.com\/it\/champagne\/drappier-millesime-exception-2016-bottiglia-copie-copie-copie-3\/#primaryimage"},"image":{"@id":"https:\/\/www.champmarket.com\/it\/champagne\/drappier-millesime-exception-2016-bottiglia-copie-copie-copie-3\/#primaryimage"},"thumbnailUrl":"https:\/\/www.champmarket.com\/wp-content\/uploads\/2024\/03\/drappier-reserve-oenotheque-2007-bouteille-etui.webp","datePublished":"2024-03-07T10:44:11+00:00","dateModified":"2025-05-09T12:29:46+00:00","description":"Drappier R\u00e9serve de l'Oenoth\u00e8que 2007 \u00e8 uno champagne intenso, parte della Collection R\u00e9serve de l'Oenoth\u00e8que.","breadcrumb":{"@id":"https:\/\/www.champmarket.com\/it\/champagne\/drappier-millesime-exception-2016-bottiglia-copie-copie-copie-3\/#breadcrumb"},"inLanguage":"it-IT","potentialAction":[{"@type":"ReadAction","target":["https:\/\/www.champmarket.com\/it\/champagne\/drappier-millesime-exception-2016-bottiglia-copie-copie-copie-3\/"]}]},{"@type":"ImageObject","inLanguage":"it-IT","@id":"https:\/\/www.champmarket.com\/it\/champagne\/drappier-millesime-exception-2016-bottiglia-copie-copie-copie-3\/#primaryimage","url":"https:\/\/www.champmarket.com\/wp-content\/uploads\/2024\/03\/drappier-reserve-oenotheque-2007-bouteille-etui.webp","contentUrl":"https:\/\/www.champmarket.com\/wp-content\/uploads\/2024\/03\/drappier-reserve-oenotheque-2007-bouteille-etui.webp","width":1200,"height":1200,"caption":"Champagne Drappier R\u00e9serve de l'Oenoth\u00e8que 2007 bouteille avec \u00e9tui - Champmlarket"},{"@type":"BreadcrumbList","@id":"https:\/\/www.champmarket.com\/it\/champagne\/drappier-millesime-exception-2016-bottiglia-copie-copie-copie-3\/#breadcrumb","itemListElement":[{"@type":"ListItem","position":1,"name":"Home","item":"https:\/\/www.champmarket.com\/it\/acquista-champagne-online-champmarket\/"},{"@type":"ListItem","position":2,"name":"Shop","item":"https:\/\/www.champmarket.com\/it\/shop\/"},{"@type":"ListItem","position":3,"name":"Drappier","item":"https:\/\/www.champmarket.com\/it\/maisons\/selection-champagne-drappier-it\/"},{"@type":"ListItem","position":4,"name":"Drappier R\u00e9serve de l&#8217;Oenoth\u00e8que 2007 Bottiglia con astuccio"}]},{"@type":"WebSite","@id":"https:\/\/www.champmarket.com\/#website","url":"https:\/\/www.champmarket.com\/","name":"Champmarket","description":"Champmarket, Champagnes, Cadeaux et Art de Vivre","publisher":{"@id":"https:\/\/www.champmarket.com\/#organization"},"potentialAction":[{"@type":"SearchAction","target":{"@type":"EntryPoint","urlTemplate":"https:\/\/www.champmarket.com\/?s={search_term_string}"},"query-input":{"@type":"PropertyValueSpecification","valueRequired":true,"valueName":"search_term_string"}}],"inLanguage":"it-IT"},{"@type":"Organization","@id":"https:\/\/www.champmarket.com\/#organization","name":"Champmarket","url":"https:\/\/www.champmarket.com\/","logo":{"@type":"ImageObject","inLanguage":"it-IT","@id":"https:\/\/www.champmarket.com\/#\/schema\/logo\/image\/","url":"https:\/\/www.champmarket.com\/wp-content\/uploads\/2024\/08\/logo2024-1.svg","contentUrl":"https:\/\/www.champmarket.com\/wp-content\/uploads\/2024\/08\/logo2024-1.svg","width":579.8,"height":80,"caption":"Champmarket"},"image":{"@id":"https:\/\/www.champmarket.com\/#\/schema\/logo\/image\/"},"sameAs":["https:\/\/www.facebook.com\/ChampMarket\/","https:\/\/x.com\/champmarket","https:\/\/www.instagram.com\/champmarket.paris\/","https:\/\/www.pinterest.fr\/champmarketparis\/","https:\/\/www.linkedin.com\/company\/champmarket\/"]}]}},"_links":{"self":[{"href":"https:\/\/www.champmarket.com\/it\/wp-json\/wp\/v2\/product\/65751","targetHints":{"allow":["GET"]}}],"collection":[{"href":"https:\/\/www.champmarket.com\/it\/wp-json\/wp\/v2\/product"}],"about":[{"href":"https:\/\/www.champmarket.com\/it\/wp-json\/wp\/v2\/types\/product"}],"version-history":[{"count":1,"href":"https:\/\/www.champmarket.com\/it\/wp-json\/wp\/v2\/product\/65751\/revisions"}],"predecessor-version":[{"id":67437,"href":"https:\/\/www.champmarket.com\/it\/wp-json\/wp\/v2\/product\/65751\/revisions\/67437"}],"wp:featuredmedia":[{"embeddable":true,"href":"https:\/\/www.champmarket.com\/it\/wp-json\/wp\/v2\/media\/65756"}],"wp:attachment":[{"href":"https:\/\/www.champmarket.com\/it\/wp-json\/wp\/v2\/media?parent=65751"}],"wp:term":[{"taxonomy":"product_brand","embeddable":true,"href":"https:\/\/www.champmarket.com\/it\/wp-json\/wp\/v2\/product_brand?post=65751"},{"taxonomy":"product_cat","embeddable":true,"href":"https:\/\/www.champmarket.com\/it\/wp-json\/wp\/v2\/product_cat?post=65751"},{"taxonomy":"product_tag","embeddable":true,"href":"https:\/\/www.champmarket.com\/it\/wp-json\/wp\/v2\/product_tag?post=65751"}],"curies":[{"name":"wp","href":"https:\/\/api.w.org\/{rel}","templated":true}]}}