{"id":65773,"date":"2024-03-07T15:58:41","date_gmt":"2024-03-07T14:58:42","guid":{"rendered":"https:\/\/www.champmarket.com\/?post_type=product&#038;p=65773"},"modified":"2025-05-09T14:27:51","modified_gmt":"2025-05-09T12:27:51","slug":"drappier-carte-dor-incandescence-box-bottiglia-e-candela-copie","status":"publish","type":"product","link":"https:\/\/www.champmarket.com\/it\/champagne\/drappier-carte-dor-incandescence-box-bottiglia-e-candela-copie\/","title":{"rendered":"Drappier Carte d&#8217;Or Immersion Box 2 bottiglie"},"content":{"rendered":"<p>Con la Cuv\u00e9e Carte d&#8217;Or, la Maison Drappier ha impresso il suo stile: potenza, complessit\u00e0 e freschezza. L&#8217;equilibrata miscela di Pinot Noir, Chardonnay e Pinot Meunier offre uno champagne espressivo con un&#8217;interessante personalit\u00e0 tutta sua.<br \/>\nLo champagne Drappier Carte d&#8217;Or esprime tutti gli aromi della famosa uva nera con succo bianco. \u00c8 ricercato non solo per la sua struttura, ma anche per le sue caratteristiche note di frutta rossa fine con sfumature speziate.<\/p>\n","protected":false},"excerpt":{"rendered":"<p>Il Box Drappier Carte d&#8217;Or Immersion da 2 bottiglie ti invita a una degustazione comparativa di due cuv\u00e9es Carte d&#8217;Or maturate in due modi molto diversi: una nelle cantine cistercensi della famiglia Drappier a Urville, l&#8217;altra nelle profondit\u00e0 delle acque bretoni della C\u00f4tes d&#8217;Armor.<br \/>\n<strong>L&#8217;esperienza Immersion:<\/strong> Fino al terzo anno di vita, le due bottiglie condividono lo stesso percorso: vendemmia principalmente del 2017, vini di riserva del 2016 e del 2015, imbottigliamento ad aprile 2018. Poi una delle due bottiglie di Carte d&#8217;Or \u00e8 stata sommersa nel Canale della Manica, in una localit\u00e0 chiamata <span class=\"s2\"><br \/>\n  <i>Ar Pommellou<\/i><br \/>\n<\/span>una concessione marina appartenente alla famiglia Drappier. Questo terroir marittimo \u00e8 definito da una bassa escursione termica (tra gli 8 e i 13 gradi) e da una profondit\u00e0 di 31 metri. Depositata sul fondo marino il 4 ottobre 2020, la sua esperienza sotto il mare \u00e8 durata 646 giorni. Si pu\u00f2 osservare un processo di invecchiamento pi\u00f9 lento, legato al minor contenuto di ossigeno nell&#8217;acqua rispetto all&#8217;aria. Lo Champagne evolve in un ambiente neutro, la pressione nella bottiglia \u00e8 bilanciata dalla pressione a questa profondit\u00e0 (4bar).<\/p>\n","protected":false},"featured_media":65779,"template":"","meta":{"_acf_changed":false},"product_brand":[],"product_cat":[2387,2394,2238,2423,2775,2372,2223,2379],"product_tag":[2259,2228,2255],"class_list":{"0":"post-65773","1":"product","2":"type-product","3":"status-publish","4":"has-post-thumbnail","6":"maisons-selection-champagne-drappier-it","7":"product_cat-categorie-maisons-de-champagne-it","8":"product_cat-categorie-drappier-it","9":"product_cat-bouteilles-it","10":"product_cat-editions-limitees-it","11":"product_cat-tutti-gli-champagne","12":"product_cat-champagne-brut-it","13":"product_cat-aperitif-it","14":"product_cat-experience-champagne","15":"product_tag-edition-limitee-it","16":"product_tag-aperitif-it","17":"product_tag-pour-offrir-it","19":"first","20":"instock","21":"taxable","22":"shipping-taxable","23":"purchasable","24":"product-type-simple"},"acf":[],"yoast_head":"<!-- This site is optimized with the Yoast SEO plugin v26.4 - https:\/\/yoast.com\/wordpress\/plugins\/seo\/ -->\n<title>Drappier Carte d&#039;Or Immersion Box 2 bottiglie - Champmarket<\/title>\n<meta name=\"description\" content=\"Il cofanetto Drappier Carte d&#039;Or Immersion -bottiglia ti invita a una degustazione comparativa di due cuv\u00e9es Carte d&#039;Or maturate in due modi molto diversi.\" \/>\n<meta name=\"robots\" content=\"index, follow, max-snippet:-1, max-image-preview:large, max-video-preview:-1\" \/>\n<link rel=\"canonical\" href=\"https:\/\/www.champmarket.com\/it\/champagne\/drappier-carte-dor-incandescence-box-bottiglia-e-candela-copie\/\" \/>\n<meta property=\"og:locale\" content=\"it_IT\" \/>\n<meta property=\"og:type\" content=\"article\" \/>\n<meta property=\"og:title\" content=\"Drappier Carte d&#039;Or Immersion Box 2 bottiglie - Champmarket\" \/>\n<meta property=\"og:description\" content=\"Il cofanetto Drappier Carte d&#039;Or Immersion -bottiglia ti invita a una degustazione comparativa di due cuv\u00e9es Carte d&#039;Or maturate in due modi molto diversi.\" \/>\n<meta property=\"og:url\" content=\"https:\/\/www.champmarket.com\/it\/champagne\/drappier-carte-dor-incandescence-box-bottiglia-e-candela-copie\/\" \/>\n<meta property=\"og:site_name\" content=\"Champmarket\" \/>\n<meta property=\"article:publisher\" content=\"https:\/\/www.facebook.com\/ChampMarket\/\" \/>\n<meta property=\"article:modified_time\" content=\"2025-05-09T12:27:51+00:00\" \/>\n<meta property=\"og:image\" content=\"https:\/\/www.champmarket.com\/wp-content\/uploads\/2024\/03\/drappier-carte-d-or-coffret-immersion-2-bouteilles.webp\" \/>\n\t<meta property=\"og:image:width\" content=\"1200\" \/>\n\t<meta property=\"og:image:height\" content=\"1200\" \/>\n\t<meta property=\"og:image:type\" content=\"image\/webp\" \/>\n<meta name=\"twitter:card\" content=\"summary_large_image\" \/>\n<meta name=\"twitter:site\" content=\"@champmarket\" \/>\n<meta name=\"twitter:label1\" content=\"Tempo di lettura stimato\" \/>\n\t<meta name=\"twitter:data1\" content=\"1 minuto\" \/>\n<script type=\"application\/ld+json\" class=\"yoast-schema-graph\">{\"@context\":\"https:\/\/schema.org\",\"@graph\":[{\"@type\":\"WebPage\",\"@id\":\"https:\/\/www.champmarket.com\/it\/champagne\/drappier-carte-dor-incandescence-box-bottiglia-e-candela-copie\/\",\"url\":\"https:\/\/www.champmarket.com\/it\/champagne\/drappier-carte-dor-incandescence-box-bottiglia-e-candela-copie\/\",\"name\":\"Drappier Carte d'Or Immersion Box 2 bottiglie - Champmarket\",\"isPartOf\":{\"@id\":\"https:\/\/www.champmarket.com\/#website\"},\"primaryImageOfPage\":{\"@id\":\"https:\/\/www.champmarket.com\/it\/champagne\/drappier-carte-dor-incandescence-box-bottiglia-e-candela-copie\/#primaryimage\"},\"image\":{\"@id\":\"https:\/\/www.champmarket.com\/it\/champagne\/drappier-carte-dor-incandescence-box-bottiglia-e-candela-copie\/#primaryimage\"},\"thumbnailUrl\":\"https:\/\/www.champmarket.com\/wp-content\/uploads\/2024\/03\/drappier-carte-d-or-coffret-immersion-2-bouteilles.webp\",\"datePublished\":\"2024-03-07T14:58:42+00:00\",\"dateModified\":\"2025-05-09T12:27:51+00:00\",\"description\":\"Il cofanetto Drappier Carte d'Or Immersion -bottiglia ti invita a una degustazione comparativa di due cuv\u00e9es Carte d'Or maturate in due modi molto diversi.\",\"breadcrumb\":{\"@id\":\"https:\/\/www.champmarket.com\/it\/champagne\/drappier-carte-dor-incandescence-box-bottiglia-e-candela-copie\/#breadcrumb\"},\"inLanguage\":\"it-IT\",\"potentialAction\":[{\"@type\":\"ReadAction\",\"target\":[\"https:\/\/www.champmarket.com\/it\/champagne\/drappier-carte-dor-incandescence-box-bottiglia-e-candela-copie\/\"]}]},{\"@type\":\"ImageObject\",\"inLanguage\":\"it-IT\",\"@id\":\"https:\/\/www.champmarket.com\/it\/champagne\/drappier-carte-dor-incandescence-box-bottiglia-e-candela-copie\/#primaryimage\",\"url\":\"https:\/\/www.champmarket.com\/wp-content\/uploads\/2024\/03\/drappier-carte-d-or-coffret-immersion-2-bouteilles.webp\",\"contentUrl\":\"https:\/\/www.champmarket.com\/wp-content\/uploads\/2024\/03\/drappier-carte-d-or-coffret-immersion-2-bouteilles.webp\",\"width\":1200,\"height\":1200,\"caption\":\"Champagne Drappier Carte d'Or Coffret Immersion 2 bouteilles - Champmarket\"},{\"@type\":\"BreadcrumbList\",\"@id\":\"https:\/\/www.champmarket.com\/it\/champagne\/drappier-carte-dor-incandescence-box-bottiglia-e-candela-copie\/#breadcrumb\",\"itemListElement\":[{\"@type\":\"ListItem\",\"position\":1,\"name\":\"Home\",\"item\":\"https:\/\/www.champmarket.com\/it\/acquista-champagne-online-champmarket\/\"},{\"@type\":\"ListItem\",\"position\":2,\"name\":\"Shop\",\"item\":\"https:\/\/www.champmarket.com\/it\/shop\/\"},{\"@type\":\"ListItem\",\"position\":3,\"name\":\"Drappier\",\"item\":\"https:\/\/www.champmarket.com\/it\/maisons\/selection-champagne-drappier-it\/\"},{\"@type\":\"ListItem\",\"position\":4,\"name\":\"Drappier Carte d&#8217;Or Immersion Box 2 bottiglie\"}]},{\"@type\":\"WebSite\",\"@id\":\"https:\/\/www.champmarket.com\/#website\",\"url\":\"https:\/\/www.champmarket.com\/\",\"name\":\"Champmarket\",\"description\":\"Champmarket, Champagnes, Cadeaux et Art de Vivre\",\"publisher\":{\"@id\":\"https:\/\/www.champmarket.com\/#organization\"},\"potentialAction\":[{\"@type\":\"SearchAction\",\"target\":{\"@type\":\"EntryPoint\",\"urlTemplate\":\"https:\/\/www.champmarket.com\/?s={search_term_string}\"},\"query-input\":{\"@type\":\"PropertyValueSpecification\",\"valueRequired\":true,\"valueName\":\"search_term_string\"}}],\"inLanguage\":\"it-IT\"},{\"@type\":\"Organization\",\"@id\":\"https:\/\/www.champmarket.com\/#organization\",\"name\":\"Champmarket\",\"url\":\"https:\/\/www.champmarket.com\/\",\"logo\":{\"@type\":\"ImageObject\",\"inLanguage\":\"it-IT\",\"@id\":\"https:\/\/www.champmarket.com\/#\/schema\/logo\/image\/\",\"url\":\"https:\/\/www.champmarket.com\/wp-content\/uploads\/2024\/08\/logo2024-1.svg\",\"contentUrl\":\"https:\/\/www.champmarket.com\/wp-content\/uploads\/2024\/08\/logo2024-1.svg\",\"width\":579.8,\"height\":80,\"caption\":\"Champmarket\"},\"image\":{\"@id\":\"https:\/\/www.champmarket.com\/#\/schema\/logo\/image\/\"},\"sameAs\":[\"https:\/\/www.facebook.com\/ChampMarket\/\",\"https:\/\/x.com\/champmarket\",\"https:\/\/www.instagram.com\/champmarket.paris\/\",\"https:\/\/www.pinterest.fr\/champmarketparis\/\",\"https:\/\/www.linkedin.com\/company\/champmarket\/\"]}]}<\/script>\n<!-- \/ Yoast SEO plugin. -->","yoast_head_json":{"title":"Drappier Carte d'Or Immersion Box 2 bottiglie - Champmarket","description":"Il cofanetto Drappier Carte d'Or Immersion -bottiglia ti invita a una degustazione comparativa di due cuv\u00e9es Carte d'Or maturate in due modi molto diversi.","robots":{"index":"index","follow":"follow","max-snippet":"max-snippet:-1","max-image-preview":"max-image-preview:large","max-video-preview":"max-video-preview:-1"},"canonical":"https:\/\/www.champmarket.com\/it\/champagne\/drappier-carte-dor-incandescence-box-bottiglia-e-candela-copie\/","og_locale":"it_IT","og_type":"article","og_title":"Drappier Carte d'Or Immersion Box 2 bottiglie - Champmarket","og_description":"Il cofanetto Drappier Carte d'Or Immersion -bottiglia ti invita a una degustazione comparativa di due cuv\u00e9es Carte d'Or maturate in due modi molto diversi.","og_url":"https:\/\/www.champmarket.com\/it\/champagne\/drappier-carte-dor-incandescence-box-bottiglia-e-candela-copie\/","og_site_name":"Champmarket","article_publisher":"https:\/\/www.facebook.com\/ChampMarket\/","article_modified_time":"2025-05-09T12:27:51+00:00","og_image":[{"width":1200,"height":1200,"url":"https:\/\/www.champmarket.com\/wp-content\/uploads\/2024\/03\/drappier-carte-d-or-coffret-immersion-2-bouteilles.webp","type":"image\/webp"}],"twitter_card":"summary_large_image","twitter_site":"@champmarket","twitter_misc":{"Tempo di lettura stimato":"1 minuto"},"schema":{"@context":"https:\/\/schema.org","@graph":[{"@type":"WebPage","@id":"https:\/\/www.champmarket.com\/it\/champagne\/drappier-carte-dor-incandescence-box-bottiglia-e-candela-copie\/","url":"https:\/\/www.champmarket.com\/it\/champagne\/drappier-carte-dor-incandescence-box-bottiglia-e-candela-copie\/","name":"Drappier Carte d'Or Immersion Box 2 bottiglie - Champmarket","isPartOf":{"@id":"https:\/\/www.champmarket.com\/#website"},"primaryImageOfPage":{"@id":"https:\/\/www.champmarket.com\/it\/champagne\/drappier-carte-dor-incandescence-box-bottiglia-e-candela-copie\/#primaryimage"},"image":{"@id":"https:\/\/www.champmarket.com\/it\/champagne\/drappier-carte-dor-incandescence-box-bottiglia-e-candela-copie\/#primaryimage"},"thumbnailUrl":"https:\/\/www.champmarket.com\/wp-content\/uploads\/2024\/03\/drappier-carte-d-or-coffret-immersion-2-bouteilles.webp","datePublished":"2024-03-07T14:58:42+00:00","dateModified":"2025-05-09T12:27:51+00:00","description":"Il cofanetto Drappier Carte d'Or Immersion -bottiglia ti invita a una degustazione comparativa di due cuv\u00e9es Carte d'Or maturate in due modi molto diversi.","breadcrumb":{"@id":"https:\/\/www.champmarket.com\/it\/champagne\/drappier-carte-dor-incandescence-box-bottiglia-e-candela-copie\/#breadcrumb"},"inLanguage":"it-IT","potentialAction":[{"@type":"ReadAction","target":["https:\/\/www.champmarket.com\/it\/champagne\/drappier-carte-dor-incandescence-box-bottiglia-e-candela-copie\/"]}]},{"@type":"ImageObject","inLanguage":"it-IT","@id":"https:\/\/www.champmarket.com\/it\/champagne\/drappier-carte-dor-incandescence-box-bottiglia-e-candela-copie\/#primaryimage","url":"https:\/\/www.champmarket.com\/wp-content\/uploads\/2024\/03\/drappier-carte-d-or-coffret-immersion-2-bouteilles.webp","contentUrl":"https:\/\/www.champmarket.com\/wp-content\/uploads\/2024\/03\/drappier-carte-d-or-coffret-immersion-2-bouteilles.webp","width":1200,"height":1200,"caption":"Champagne Drappier Carte d'Or Coffret Immersion 2 bouteilles - Champmarket"},{"@type":"BreadcrumbList","@id":"https:\/\/www.champmarket.com\/it\/champagne\/drappier-carte-dor-incandescence-box-bottiglia-e-candela-copie\/#breadcrumb","itemListElement":[{"@type":"ListItem","position":1,"name":"Home","item":"https:\/\/www.champmarket.com\/it\/acquista-champagne-online-champmarket\/"},{"@type":"ListItem","position":2,"name":"Shop","item":"https:\/\/www.champmarket.com\/it\/shop\/"},{"@type":"ListItem","position":3,"name":"Drappier","item":"https:\/\/www.champmarket.com\/it\/maisons\/selection-champagne-drappier-it\/"},{"@type":"ListItem","position":4,"name":"Drappier Carte d&#8217;Or Immersion Box 2 bottiglie"}]},{"@type":"WebSite","@id":"https:\/\/www.champmarket.com\/#website","url":"https:\/\/www.champmarket.com\/","name":"Champmarket","description":"Champmarket, Champagnes, Cadeaux et Art de Vivre","publisher":{"@id":"https:\/\/www.champmarket.com\/#organization"},"potentialAction":[{"@type":"SearchAction","target":{"@type":"EntryPoint","urlTemplate":"https:\/\/www.champmarket.com\/?s={search_term_string}"},"query-input":{"@type":"PropertyValueSpecification","valueRequired":true,"valueName":"search_term_string"}}],"inLanguage":"it-IT"},{"@type":"Organization","@id":"https:\/\/www.champmarket.com\/#organization","name":"Champmarket","url":"https:\/\/www.champmarket.com\/","logo":{"@type":"ImageObject","inLanguage":"it-IT","@id":"https:\/\/www.champmarket.com\/#\/schema\/logo\/image\/","url":"https:\/\/www.champmarket.com\/wp-content\/uploads\/2024\/08\/logo2024-1.svg","contentUrl":"https:\/\/www.champmarket.com\/wp-content\/uploads\/2024\/08\/logo2024-1.svg","width":579.8,"height":80,"caption":"Champmarket"},"image":{"@id":"https:\/\/www.champmarket.com\/#\/schema\/logo\/image\/"},"sameAs":["https:\/\/www.facebook.com\/ChampMarket\/","https:\/\/x.com\/champmarket","https:\/\/www.instagram.com\/champmarket.paris\/","https:\/\/www.pinterest.fr\/champmarketparis\/","https:\/\/www.linkedin.com\/company\/champmarket\/"]}]}},"_links":{"self":[{"href":"https:\/\/www.champmarket.com\/it\/wp-json\/wp\/v2\/product\/65773","targetHints":{"allow":["GET"]}}],"collection":[{"href":"https:\/\/www.champmarket.com\/it\/wp-json\/wp\/v2\/product"}],"about":[{"href":"https:\/\/www.champmarket.com\/it\/wp-json\/wp\/v2\/types\/product"}],"version-history":[{"count":4,"href":"https:\/\/www.champmarket.com\/it\/wp-json\/wp\/v2\/product\/65773\/revisions"}],"predecessor-version":[{"id":78648,"href":"https:\/\/www.champmarket.com\/it\/wp-json\/wp\/v2\/product\/65773\/revisions\/78648"}],"wp:featuredmedia":[{"embeddable":true,"href":"https:\/\/www.champmarket.com\/it\/wp-json\/wp\/v2\/media\/65779"}],"wp:attachment":[{"href":"https:\/\/www.champmarket.com\/it\/wp-json\/wp\/v2\/media?parent=65773"}],"wp:term":[{"taxonomy":"product_brand","embeddable":true,"href":"https:\/\/www.champmarket.com\/it\/wp-json\/wp\/v2\/product_brand?post=65773"},{"taxonomy":"product_cat","embeddable":true,"href":"https:\/\/www.champmarket.com\/it\/wp-json\/wp\/v2\/product_cat?post=65773"},{"taxonomy":"product_tag","embeddable":true,"href":"https:\/\/www.champmarket.com\/it\/wp-json\/wp\/v2\/product_tag?post=65773"}],"curies":[{"name":"wp","href":"https:\/\/api.w.org\/{rel}","templated":true}]}}