{"id":67426,"date":"2024-03-13T12:24:39","date_gmt":"2024-04-17T08:06:36","guid":{"rendered":"https:\/\/www.champmarket.com\/champagne\/moet-chandon-rose-imperial-jeroboam\/"},"modified":"2024-10-10T11:47:09","modified_gmt":"2024-10-10T09:47:09","slug":"moet-chandon-rose-imperial-jeroboam","status":"publish","type":"product","link":"https:\/\/www.champmarket.com\/it\/champagne\/moet-chandon-rose-imperial-jeroboam\/","title":{"rendered":"Mo\u00ebt &amp; Chandon Ros\u00e9 Imp\u00e9rial J\u00e9roboam"},"content":{"rendered":"<p>Mo\u00ebt &amp; Chandon Ros\u00e9 Imp\u00e9rial Jeroboam ha un aroma fruttato e floreale con una nota di menta e pepe e si abbina bene a piatti semplici e dal sapore intenso. Il formato Jeroboam \u00e8 una grande bottiglia con una capacit\u00e0 di 3 litri, pari a 4 bottiglie di champagne o 24 bicchieri. Questo grande formato \u00e8 ideale per ricevimenti, occasioni speciali, cocktail e cene.  &nbsp;<\/p>\n","protected":false},"excerpt":{"rendered":"<p>Mo\u00ebt &amp; Chandon Ros\u00e9 Imp\u00e9rial J\u00e9roboam \u00e8 uno champagne intensamente fruttato dal colore rosa brillante. Espressione pi\u00f9 spontanea dello stile Mo\u00ebt &amp; Chandon, il Ros\u00e9 Imp\u00e9rial si distingue per il fruttato intenso dell&#8217;uva Pinot Meunier e per la finezza dei vini di riserva che completano l&#8217;assemblaggio.<\/p>\n","protected":false},"featured_media":65979,"template":"","meta":{"_acf_changed":false},"product_brand":[],"product_cat":[2387,2402,2226,2381,2775,2376,2223],"product_tag":[2230,2228,2250],"class_list":{"0":"post-67426","1":"product","2":"type-product","3":"status-publish","4":"has-post-thumbnail","6":"maisons-selection-champagne-moet-chandon-it","7":"product_cat-categorie-maisons-de-champagne-it","8":"product_cat-categorie-moet-et-chandon-it","9":"product_cat-bottiglie-grande-it","10":"product_cat-jeroboam-it","11":"product_cat-tutti-gli-champagne","12":"product_cat-champagne-rose-it","13":"product_cat-aperitif-it","14":"product_tag-grande-fiaschetta","15":"product_tag-aperitif-it","16":"product_tag-la-vie-en-rose-it","18":"first","19":"instock","20":"taxable","21":"shipping-taxable","22":"purchasable","23":"product-type-simple"},"acf":[],"yoast_head":"<!-- This site is optimized with the Yoast SEO plugin v26.4 - https:\/\/yoast.com\/wordpress\/plugins\/seo\/ -->\n<title>Mo\u00ebt &amp; Chandon Ros\u00e9 Imp\u00e9rial J\u00e9roboam - Champmarket<\/title>\n<meta name=\"description\" content=\"L&#039;espressione pi\u00f9 spontanea dello stile della casa, Mo\u00ebt &amp; Chandon Ros\u00e9 Imp\u00e9rial J\u00e9roboam \u00e8 uno champagne intensamente fruttato con un radioso colore rosa.\" \/>\n<meta name=\"robots\" content=\"index, follow, max-snippet:-1, max-image-preview:large, max-video-preview:-1\" \/>\n<link rel=\"canonical\" href=\"https:\/\/www.champmarket.com\/it\/champagne\/moet-chandon-rose-imperial-jeroboam\/\" \/>\n<meta property=\"og:locale\" content=\"it_IT\" \/>\n<meta property=\"og:type\" content=\"article\" \/>\n<meta property=\"og:title\" content=\"Mo\u00ebt &amp; Chandon Ros\u00e9 Imp\u00e9rial J\u00e9roboam - Champmarket\" \/>\n<meta property=\"og:description\" content=\"L&#039;espressione pi\u00f9 spontanea dello stile della casa, Mo\u00ebt &amp; Chandon Ros\u00e9 Imp\u00e9rial J\u00e9roboam \u00e8 uno champagne intensamente fruttato con un radioso colore rosa.\" \/>\n<meta property=\"og:url\" content=\"https:\/\/www.champmarket.com\/it\/champagne\/moet-chandon-rose-imperial-jeroboam\/\" \/>\n<meta property=\"og:site_name\" content=\"Champmarket\" \/>\n<meta property=\"article:publisher\" content=\"https:\/\/www.facebook.com\/ChampMarket\/\" \/>\n<meta property=\"article:modified_time\" content=\"2024-10-10T09:47:09+00:00\" \/>\n<meta property=\"og:image\" content=\"https:\/\/www.champmarket.com\/wp-content\/uploads\/2024\/03\/moet-et-chandon-rose-imperial-jeroboam.webp\" \/>\n\t<meta property=\"og:image:width\" content=\"1200\" \/>\n\t<meta property=\"og:image:height\" content=\"1200\" \/>\n\t<meta property=\"og:image:type\" content=\"image\/webp\" \/>\n<meta name=\"twitter:card\" content=\"summary_large_image\" \/>\n<meta name=\"twitter:site\" content=\"@champmarket\" \/>\n<meta name=\"twitter:label1\" content=\"Tempo di lettura stimato\" \/>\n\t<meta name=\"twitter:data1\" content=\"1 minuto\" \/>\n<script type=\"application\/ld+json\" class=\"yoast-schema-graph\">{\"@context\":\"https:\/\/schema.org\",\"@graph\":[{\"@type\":\"WebPage\",\"@id\":\"https:\/\/www.champmarket.com\/it\/champagne\/moet-chandon-rose-imperial-jeroboam\/\",\"url\":\"https:\/\/www.champmarket.com\/it\/champagne\/moet-chandon-rose-imperial-jeroboam\/\",\"name\":\"Mo\u00ebt &amp; Chandon Ros\u00e9 Imp\u00e9rial J\u00e9roboam - Champmarket\",\"isPartOf\":{\"@id\":\"https:\/\/www.champmarket.com\/#website\"},\"primaryImageOfPage\":{\"@id\":\"https:\/\/www.champmarket.com\/it\/champagne\/moet-chandon-rose-imperial-jeroboam\/#primaryimage\"},\"image\":{\"@id\":\"https:\/\/www.champmarket.com\/it\/champagne\/moet-chandon-rose-imperial-jeroboam\/#primaryimage\"},\"thumbnailUrl\":\"https:\/\/www.champmarket.com\/wp-content\/uploads\/2024\/03\/moet-et-chandon-rose-imperial-jeroboam.webp\",\"datePublished\":\"2024-04-17T08:06:36+00:00\",\"dateModified\":\"2024-10-10T09:47:09+00:00\",\"description\":\"L'espressione pi\u00f9 spontanea dello stile della casa, Mo\u00ebt & Chandon Ros\u00e9 Imp\u00e9rial J\u00e9roboam \u00e8 uno champagne intensamente fruttato con un radioso colore rosa.\",\"breadcrumb\":{\"@id\":\"https:\/\/www.champmarket.com\/it\/champagne\/moet-chandon-rose-imperial-jeroboam\/#breadcrumb\"},\"inLanguage\":\"it-IT\",\"potentialAction\":[{\"@type\":\"ReadAction\",\"target\":[\"https:\/\/www.champmarket.com\/it\/champagne\/moet-chandon-rose-imperial-jeroboam\/\"]}]},{\"@type\":\"ImageObject\",\"inLanguage\":\"it-IT\",\"@id\":\"https:\/\/www.champmarket.com\/it\/champagne\/moet-chandon-rose-imperial-jeroboam\/#primaryimage\",\"url\":\"https:\/\/www.champmarket.com\/wp-content\/uploads\/2024\/03\/moet-et-chandon-rose-imperial-jeroboam.webp\",\"contentUrl\":\"https:\/\/www.champmarket.com\/wp-content\/uploads\/2024\/03\/moet-et-chandon-rose-imperial-jeroboam.webp\",\"width\":1200,\"height\":1200,\"caption\":\"Champagne Mo\u00ebt & Chandon Ros\u00e9 Imperial J\u00e9roboam - Champmarket\"},{\"@type\":\"BreadcrumbList\",\"@id\":\"https:\/\/www.champmarket.com\/it\/champagne\/moet-chandon-rose-imperial-jeroboam\/#breadcrumb\",\"itemListElement\":[{\"@type\":\"ListItem\",\"position\":1,\"name\":\"Home\",\"item\":\"https:\/\/www.champmarket.com\/it\/acquista-champagne-online-champmarket\/\"},{\"@type\":\"ListItem\",\"position\":2,\"name\":\"Shop\",\"item\":\"https:\/\/www.champmarket.com\/it\/shop\/\"},{\"@type\":\"ListItem\",\"position\":3,\"name\":\"Mo\u00ebt &amp; Chandon\",\"item\":\"https:\/\/www.champmarket.com\/it\/maisons\/selection-champagne-moet-chandon-it\/\"},{\"@type\":\"ListItem\",\"position\":4,\"name\":\"Mo\u00ebt &amp; Chandon Ros\u00e9 Imp\u00e9rial J\u00e9roboam\"}]},{\"@type\":\"WebSite\",\"@id\":\"https:\/\/www.champmarket.com\/#website\",\"url\":\"https:\/\/www.champmarket.com\/\",\"name\":\"Champmarket\",\"description\":\"Champmarket, Champagnes, Cadeaux et Art de Vivre\",\"publisher\":{\"@id\":\"https:\/\/www.champmarket.com\/#organization\"},\"potentialAction\":[{\"@type\":\"SearchAction\",\"target\":{\"@type\":\"EntryPoint\",\"urlTemplate\":\"https:\/\/www.champmarket.com\/?s={search_term_string}\"},\"query-input\":{\"@type\":\"PropertyValueSpecification\",\"valueRequired\":true,\"valueName\":\"search_term_string\"}}],\"inLanguage\":\"it-IT\"},{\"@type\":\"Organization\",\"@id\":\"https:\/\/www.champmarket.com\/#organization\",\"name\":\"Champmarket\",\"url\":\"https:\/\/www.champmarket.com\/\",\"logo\":{\"@type\":\"ImageObject\",\"inLanguage\":\"it-IT\",\"@id\":\"https:\/\/www.champmarket.com\/#\/schema\/logo\/image\/\",\"url\":\"https:\/\/www.champmarket.com\/wp-content\/uploads\/2024\/08\/logo2024-1.svg\",\"contentUrl\":\"https:\/\/www.champmarket.com\/wp-content\/uploads\/2024\/08\/logo2024-1.svg\",\"width\":579.8,\"height\":80,\"caption\":\"Champmarket\"},\"image\":{\"@id\":\"https:\/\/www.champmarket.com\/#\/schema\/logo\/image\/\"},\"sameAs\":[\"https:\/\/www.facebook.com\/ChampMarket\/\",\"https:\/\/x.com\/champmarket\",\"https:\/\/www.instagram.com\/champmarket.paris\/\",\"https:\/\/www.pinterest.fr\/champmarketparis\/\",\"https:\/\/www.linkedin.com\/company\/champmarket\/\"]}]}<\/script>\n<!-- \/ Yoast SEO plugin. -->","yoast_head_json":{"title":"Mo\u00ebt &amp; Chandon Ros\u00e9 Imp\u00e9rial J\u00e9roboam - Champmarket","description":"L'espressione pi\u00f9 spontanea dello stile della casa, Mo\u00ebt & Chandon Ros\u00e9 Imp\u00e9rial J\u00e9roboam \u00e8 uno champagne intensamente fruttato con un radioso colore rosa.","robots":{"index":"index","follow":"follow","max-snippet":"max-snippet:-1","max-image-preview":"max-image-preview:large","max-video-preview":"max-video-preview:-1"},"canonical":"https:\/\/www.champmarket.com\/it\/champagne\/moet-chandon-rose-imperial-jeroboam\/","og_locale":"it_IT","og_type":"article","og_title":"Mo\u00ebt &amp; Chandon Ros\u00e9 Imp\u00e9rial J\u00e9roboam - Champmarket","og_description":"L'espressione pi\u00f9 spontanea dello stile della casa, Mo\u00ebt & Chandon Ros\u00e9 Imp\u00e9rial J\u00e9roboam \u00e8 uno champagne intensamente fruttato con un radioso colore rosa.","og_url":"https:\/\/www.champmarket.com\/it\/champagne\/moet-chandon-rose-imperial-jeroboam\/","og_site_name":"Champmarket","article_publisher":"https:\/\/www.facebook.com\/ChampMarket\/","article_modified_time":"2024-10-10T09:47:09+00:00","og_image":[{"width":1200,"height":1200,"url":"https:\/\/www.champmarket.com\/wp-content\/uploads\/2024\/03\/moet-et-chandon-rose-imperial-jeroboam.webp","type":"image\/webp"}],"twitter_card":"summary_large_image","twitter_site":"@champmarket","twitter_misc":{"Tempo di lettura stimato":"1 minuto"},"schema":{"@context":"https:\/\/schema.org","@graph":[{"@type":"WebPage","@id":"https:\/\/www.champmarket.com\/it\/champagne\/moet-chandon-rose-imperial-jeroboam\/","url":"https:\/\/www.champmarket.com\/it\/champagne\/moet-chandon-rose-imperial-jeroboam\/","name":"Mo\u00ebt &amp; Chandon Ros\u00e9 Imp\u00e9rial J\u00e9roboam - Champmarket","isPartOf":{"@id":"https:\/\/www.champmarket.com\/#website"},"primaryImageOfPage":{"@id":"https:\/\/www.champmarket.com\/it\/champagne\/moet-chandon-rose-imperial-jeroboam\/#primaryimage"},"image":{"@id":"https:\/\/www.champmarket.com\/it\/champagne\/moet-chandon-rose-imperial-jeroboam\/#primaryimage"},"thumbnailUrl":"https:\/\/www.champmarket.com\/wp-content\/uploads\/2024\/03\/moet-et-chandon-rose-imperial-jeroboam.webp","datePublished":"2024-04-17T08:06:36+00:00","dateModified":"2024-10-10T09:47:09+00:00","description":"L'espressione pi\u00f9 spontanea dello stile della casa, Mo\u00ebt & Chandon Ros\u00e9 Imp\u00e9rial J\u00e9roboam \u00e8 uno champagne intensamente fruttato con un radioso colore rosa.","breadcrumb":{"@id":"https:\/\/www.champmarket.com\/it\/champagne\/moet-chandon-rose-imperial-jeroboam\/#breadcrumb"},"inLanguage":"it-IT","potentialAction":[{"@type":"ReadAction","target":["https:\/\/www.champmarket.com\/it\/champagne\/moet-chandon-rose-imperial-jeroboam\/"]}]},{"@type":"ImageObject","inLanguage":"it-IT","@id":"https:\/\/www.champmarket.com\/it\/champagne\/moet-chandon-rose-imperial-jeroboam\/#primaryimage","url":"https:\/\/www.champmarket.com\/wp-content\/uploads\/2024\/03\/moet-et-chandon-rose-imperial-jeroboam.webp","contentUrl":"https:\/\/www.champmarket.com\/wp-content\/uploads\/2024\/03\/moet-et-chandon-rose-imperial-jeroboam.webp","width":1200,"height":1200,"caption":"Champagne Mo\u00ebt & Chandon Ros\u00e9 Imperial J\u00e9roboam - Champmarket"},{"@type":"BreadcrumbList","@id":"https:\/\/www.champmarket.com\/it\/champagne\/moet-chandon-rose-imperial-jeroboam\/#breadcrumb","itemListElement":[{"@type":"ListItem","position":1,"name":"Home","item":"https:\/\/www.champmarket.com\/it\/acquista-champagne-online-champmarket\/"},{"@type":"ListItem","position":2,"name":"Shop","item":"https:\/\/www.champmarket.com\/it\/shop\/"},{"@type":"ListItem","position":3,"name":"Mo\u00ebt &amp; Chandon","item":"https:\/\/www.champmarket.com\/it\/maisons\/selection-champagne-moet-chandon-it\/"},{"@type":"ListItem","position":4,"name":"Mo\u00ebt &amp; Chandon Ros\u00e9 Imp\u00e9rial J\u00e9roboam"}]},{"@type":"WebSite","@id":"https:\/\/www.champmarket.com\/#website","url":"https:\/\/www.champmarket.com\/","name":"Champmarket","description":"Champmarket, Champagnes, Cadeaux et Art de Vivre","publisher":{"@id":"https:\/\/www.champmarket.com\/#organization"},"potentialAction":[{"@type":"SearchAction","target":{"@type":"EntryPoint","urlTemplate":"https:\/\/www.champmarket.com\/?s={search_term_string}"},"query-input":{"@type":"PropertyValueSpecification","valueRequired":true,"valueName":"search_term_string"}}],"inLanguage":"it-IT"},{"@type":"Organization","@id":"https:\/\/www.champmarket.com\/#organization","name":"Champmarket","url":"https:\/\/www.champmarket.com\/","logo":{"@type":"ImageObject","inLanguage":"it-IT","@id":"https:\/\/www.champmarket.com\/#\/schema\/logo\/image\/","url":"https:\/\/www.champmarket.com\/wp-content\/uploads\/2024\/08\/logo2024-1.svg","contentUrl":"https:\/\/www.champmarket.com\/wp-content\/uploads\/2024\/08\/logo2024-1.svg","width":579.8,"height":80,"caption":"Champmarket"},"image":{"@id":"https:\/\/www.champmarket.com\/#\/schema\/logo\/image\/"},"sameAs":["https:\/\/www.facebook.com\/ChampMarket\/","https:\/\/x.com\/champmarket","https:\/\/www.instagram.com\/champmarket.paris\/","https:\/\/www.pinterest.fr\/champmarketparis\/","https:\/\/www.linkedin.com\/company\/champmarket\/"]}]}},"_links":{"self":[{"href":"https:\/\/www.champmarket.com\/it\/wp-json\/wp\/v2\/product\/67426","targetHints":{"allow":["GET"]}}],"collection":[{"href":"https:\/\/www.champmarket.com\/it\/wp-json\/wp\/v2\/product"}],"about":[{"href":"https:\/\/www.champmarket.com\/it\/wp-json\/wp\/v2\/types\/product"}],"version-history":[{"count":2,"href":"https:\/\/www.champmarket.com\/it\/wp-json\/wp\/v2\/product\/67426\/revisions"}],"predecessor-version":[{"id":74741,"href":"https:\/\/www.champmarket.com\/it\/wp-json\/wp\/v2\/product\/67426\/revisions\/74741"}],"wp:featuredmedia":[{"embeddable":true,"href":"https:\/\/www.champmarket.com\/it\/wp-json\/wp\/v2\/media\/65979"}],"wp:attachment":[{"href":"https:\/\/www.champmarket.com\/it\/wp-json\/wp\/v2\/media?parent=67426"}],"wp:term":[{"taxonomy":"product_brand","embeddable":true,"href":"https:\/\/www.champmarket.com\/it\/wp-json\/wp\/v2\/product_brand?post=67426"},{"taxonomy":"product_cat","embeddable":true,"href":"https:\/\/www.champmarket.com\/it\/wp-json\/wp\/v2\/product_cat?post=67426"},{"taxonomy":"product_tag","embeddable":true,"href":"https:\/\/www.champmarket.com\/it\/wp-json\/wp\/v2\/product_tag?post=67426"}],"curies":[{"name":"wp","href":"https:\/\/api.w.org\/{rel}","templated":true}]}}