{"id":67543,"date":"2024-04-23T10:44:54","date_gmt":"2024-04-23T08:44:54","guid":{"rendered":"https:\/\/www.champmarket.com\/?post_type=product&#038;p=67543"},"modified":"2024-10-10T11:21:21","modified_gmt":"2024-10-10T09:21:21","slug":"charles-heidsieck-brut-vintage-2013-bottiglia-con-astuccio","status":"publish","type":"product","link":"https:\/\/www.champmarket.com\/it\/champagne\/charles-heidsieck-brut-vintage-2013-bottiglia-con-astuccio\/","title":{"rendered":"Charles Heidsieck Brut Vintage 2013 -bottiglia con Box"},"content":{"rendered":"<p>L&#8217;eleganza e la profondit\u00e0 della cuv\u00e9es Charles Heidsieck Brut Vintage 2013 con Box la rendono ideale per la degustazione. &lt;&gt;\u00c8 un accompagnamento perfetto per i piatti pi\u00f9 raffinati. br\/ Progettato per l&#8217;invecchiamento, questo Vintage trover\u00e0 facilmente posto nella tua cantina e conserver\u00e0 senza dubbio tutta la sua freschezza.<\/p>\n","protected":false},"excerpt":{"rendered":"<p>Il Charles Heidsieck Brut Vintage 2013 con Box \u00e8 un&#8217;annata atipica, frutto di climi contrastanti, cremoso, croccante, generoso e intenso. Questa cuv\u00e9e seduce immediatamente con la sua potenza, l&#8217;intensit\u00e0 aromatica e la freschezza salina, la firma della casa. &#8220;Il 2013 \u00e8 un Vintage del cuore per Charles Heidsieck, che evoca potenza e purezza. Il DNA del Vintage \u00e8 singolare, caratterizzato da generosit\u00e0 e consistenza, legate a una notevole freschezza che suggella l&#8217;armonia di questo grande vino.&#8221; Elise Losfelt, responsabile della cantina<\/p>\n","protected":false},"featured_media":67536,"template":"","meta":{"_acf_changed":false},"product_brand":[],"product_cat":[3317,3307,2387,2392,2238,2776,2368,2775,2225,2224],"product_tag":[2255,2229,2232],"class_list":{"0":"post-67543","1":"product","2":"type-product","3":"status-publish","4":"has-post-thumbnail","6":"maisons-selection-champagne-charles-heidsieck-it","7":"product_cat-i-migliori-champagne","8":"product_cat-tutti-gli-champagne-e-i-set-regalo-esclusivi","9":"product_cat-categorie-maisons-de-champagne-it","10":"product_cat-categorie-charles-heidsieck-it","11":"product_cat-bouteilles-it","12":"product_cat-nuovi-prodotti-it","13":"product_cat-regali-professionali-it","14":"product_cat-tutti-gli-champagne","15":"product_cat-champagne-millesime-it","16":"product_cat-repas-it","17":"product_tag-pour-offrir-it","18":"product_tag-per-un-pasto-con-champagne","19":"product_tag-vintage-it","21":"first","22":"instock","23":"taxable","24":"shipping-taxable","25":"purchasable","26":"product-type-simple"},"acf":[],"yoast_head":"<!-- This site is optimized with the Yoast SEO plugin v26.4 - https:\/\/yoast.com\/wordpress\/plugins\/seo\/ -->\n<title>Charles Heidsieck Brut Vintage 2013 -bottiglia con Box - Champmarket<\/title>\n<meta name=\"description\" content=\"Charles Heidsieck Brut Vintage 2013 con astuccio \u00e8 uno champagne dai contrasti climatici, cremoso, croccante, generoso e intenso.\" \/>\n<meta name=\"robots\" content=\"index, follow, max-snippet:-1, max-image-preview:large, max-video-preview:-1\" \/>\n<link rel=\"canonical\" href=\"https:\/\/www.champmarket.com\/it\/champagne\/charles-heidsieck-brut-vintage-2013-bottiglia-con-astuccio\/\" \/>\n<meta property=\"og:locale\" content=\"it_IT\" \/>\n<meta property=\"og:type\" content=\"article\" \/>\n<meta property=\"og:title\" content=\"Charles Heidsieck Brut Vintage 2013 -bottiglia con Box - Champmarket\" \/>\n<meta property=\"og:description\" content=\"Charles Heidsieck Brut Vintage 2013 con astuccio \u00e8 uno champagne dai contrasti climatici, cremoso, croccante, generoso e intenso.\" \/>\n<meta property=\"og:url\" content=\"https:\/\/www.champmarket.com\/it\/champagne\/charles-heidsieck-brut-vintage-2013-bottiglia-con-astuccio\/\" \/>\n<meta property=\"og:site_name\" content=\"Champmarket\" \/>\n<meta property=\"article:publisher\" content=\"https:\/\/www.facebook.com\/ChampMarket\/\" \/>\n<meta property=\"article:modified_time\" content=\"2024-10-10T09:21:21+00:00\" \/>\n<meta property=\"og:image\" content=\"https:\/\/www.champmarket.com\/wp-content\/uploads\/2024\/04\/charles-heidsieck-brut-millesime-2013-bouteille-coffret.webp\" \/>\n\t<meta property=\"og:image:width\" content=\"1200\" \/>\n\t<meta property=\"og:image:height\" content=\"1200\" \/>\n\t<meta property=\"og:image:type\" content=\"image\/webp\" \/>\n<meta name=\"twitter:card\" content=\"summary_large_image\" \/>\n<meta name=\"twitter:site\" content=\"@champmarket\" \/>\n<meta name=\"twitter:label1\" content=\"Tempo di lettura stimato\" \/>\n\t<meta name=\"twitter:data1\" content=\"1 minuto\" \/>\n<script type=\"application\/ld+json\" class=\"yoast-schema-graph\">{\"@context\":\"https:\/\/schema.org\",\"@graph\":[{\"@type\":\"WebPage\",\"@id\":\"https:\/\/www.champmarket.com\/it\/champagne\/charles-heidsieck-brut-vintage-2013-bottiglia-con-astuccio\/\",\"url\":\"https:\/\/www.champmarket.com\/it\/champagne\/charles-heidsieck-brut-vintage-2013-bottiglia-con-astuccio\/\",\"name\":\"Charles Heidsieck Brut Vintage 2013 -bottiglia con Box - Champmarket\",\"isPartOf\":{\"@id\":\"https:\/\/www.champmarket.com\/#website\"},\"primaryImageOfPage\":{\"@id\":\"https:\/\/www.champmarket.com\/it\/champagne\/charles-heidsieck-brut-vintage-2013-bottiglia-con-astuccio\/#primaryimage\"},\"image\":{\"@id\":\"https:\/\/www.champmarket.com\/it\/champagne\/charles-heidsieck-brut-vintage-2013-bottiglia-con-astuccio\/#primaryimage\"},\"thumbnailUrl\":\"https:\/\/www.champmarket.com\/wp-content\/uploads\/2024\/04\/charles-heidsieck-brut-millesime-2013-bouteille-coffret.webp\",\"datePublished\":\"2024-04-23T08:44:54+00:00\",\"dateModified\":\"2024-10-10T09:21:21+00:00\",\"description\":\"Charles Heidsieck Brut Vintage 2013 con astuccio \u00e8 uno champagne dai contrasti climatici, cremoso, croccante, generoso e intenso.\",\"breadcrumb\":{\"@id\":\"https:\/\/www.champmarket.com\/it\/champagne\/charles-heidsieck-brut-vintage-2013-bottiglia-con-astuccio\/#breadcrumb\"},\"inLanguage\":\"it-IT\",\"potentialAction\":[{\"@type\":\"ReadAction\",\"target\":[\"https:\/\/www.champmarket.com\/it\/champagne\/charles-heidsieck-brut-vintage-2013-bottiglia-con-astuccio\/\"]}]},{\"@type\":\"ImageObject\",\"inLanguage\":\"it-IT\",\"@id\":\"https:\/\/www.champmarket.com\/it\/champagne\/charles-heidsieck-brut-vintage-2013-bottiglia-con-astuccio\/#primaryimage\",\"url\":\"https:\/\/www.champmarket.com\/wp-content\/uploads\/2024\/04\/charles-heidsieck-brut-millesime-2013-bouteille-coffret.webp\",\"contentUrl\":\"https:\/\/www.champmarket.com\/wp-content\/uploads\/2024\/04\/charles-heidsieck-brut-millesime-2013-bouteille-coffret.webp\",\"width\":1200,\"height\":1200,\"caption\":\"Champagne Charles Heidsieck Brut Mill\u00e9sim\u00e9 2013 avec coffret - Champmarket\"},{\"@type\":\"BreadcrumbList\",\"@id\":\"https:\/\/www.champmarket.com\/it\/champagne\/charles-heidsieck-brut-vintage-2013-bottiglia-con-astuccio\/#breadcrumb\",\"itemListElement\":[{\"@type\":\"ListItem\",\"position\":1,\"name\":\"Home\",\"item\":\"https:\/\/www.champmarket.com\/it\/acquista-champagne-online-champmarket\/\"},{\"@type\":\"ListItem\",\"position\":2,\"name\":\"Shop\",\"item\":\"https:\/\/www.champmarket.com\/it\/shop\/\"},{\"@type\":\"ListItem\",\"position\":3,\"name\":\"Charles Heidsieck\",\"item\":\"https:\/\/www.champmarket.com\/it\/maisons\/selection-champagne-charles-heidsieck-it\/\"},{\"@type\":\"ListItem\",\"position\":4,\"name\":\"Charles Heidsieck Brut Vintage 2013 -bottiglia con Box\"}]},{\"@type\":\"WebSite\",\"@id\":\"https:\/\/www.champmarket.com\/#website\",\"url\":\"https:\/\/www.champmarket.com\/\",\"name\":\"Champmarket\",\"description\":\"Champmarket, Champagnes, Cadeaux et Art de Vivre\",\"publisher\":{\"@id\":\"https:\/\/www.champmarket.com\/#organization\"},\"potentialAction\":[{\"@type\":\"SearchAction\",\"target\":{\"@type\":\"EntryPoint\",\"urlTemplate\":\"https:\/\/www.champmarket.com\/?s={search_term_string}\"},\"query-input\":{\"@type\":\"PropertyValueSpecification\",\"valueRequired\":true,\"valueName\":\"search_term_string\"}}],\"inLanguage\":\"it-IT\"},{\"@type\":\"Organization\",\"@id\":\"https:\/\/www.champmarket.com\/#organization\",\"name\":\"Champmarket\",\"url\":\"https:\/\/www.champmarket.com\/\",\"logo\":{\"@type\":\"ImageObject\",\"inLanguage\":\"it-IT\",\"@id\":\"https:\/\/www.champmarket.com\/#\/schema\/logo\/image\/\",\"url\":\"https:\/\/www.champmarket.com\/wp-content\/uploads\/2024\/08\/logo2024-1.svg\",\"contentUrl\":\"https:\/\/www.champmarket.com\/wp-content\/uploads\/2024\/08\/logo2024-1.svg\",\"width\":579.8,\"height\":80,\"caption\":\"Champmarket\"},\"image\":{\"@id\":\"https:\/\/www.champmarket.com\/#\/schema\/logo\/image\/\"},\"sameAs\":[\"https:\/\/www.facebook.com\/ChampMarket\/\",\"https:\/\/x.com\/champmarket\",\"https:\/\/www.instagram.com\/champmarket.paris\/\",\"https:\/\/www.pinterest.fr\/champmarketparis\/\",\"https:\/\/www.linkedin.com\/company\/champmarket\/\"]}]}<\/script>\n<!-- \/ Yoast SEO plugin. -->","yoast_head_json":{"title":"Charles Heidsieck Brut Vintage 2013 -bottiglia con Box - Champmarket","description":"Charles Heidsieck Brut Vintage 2013 con astuccio \u00e8 uno champagne dai contrasti climatici, cremoso, croccante, generoso e intenso.","robots":{"index":"index","follow":"follow","max-snippet":"max-snippet:-1","max-image-preview":"max-image-preview:large","max-video-preview":"max-video-preview:-1"},"canonical":"https:\/\/www.champmarket.com\/it\/champagne\/charles-heidsieck-brut-vintage-2013-bottiglia-con-astuccio\/","og_locale":"it_IT","og_type":"article","og_title":"Charles Heidsieck Brut Vintage 2013 -bottiglia con Box - Champmarket","og_description":"Charles Heidsieck Brut Vintage 2013 con astuccio \u00e8 uno champagne dai contrasti climatici, cremoso, croccante, generoso e intenso.","og_url":"https:\/\/www.champmarket.com\/it\/champagne\/charles-heidsieck-brut-vintage-2013-bottiglia-con-astuccio\/","og_site_name":"Champmarket","article_publisher":"https:\/\/www.facebook.com\/ChampMarket\/","article_modified_time":"2024-10-10T09:21:21+00:00","og_image":[{"width":1200,"height":1200,"url":"https:\/\/www.champmarket.com\/wp-content\/uploads\/2024\/04\/charles-heidsieck-brut-millesime-2013-bouteille-coffret.webp","type":"image\/webp"}],"twitter_card":"summary_large_image","twitter_site":"@champmarket","twitter_misc":{"Tempo di lettura stimato":"1 minuto"},"schema":{"@context":"https:\/\/schema.org","@graph":[{"@type":"WebPage","@id":"https:\/\/www.champmarket.com\/it\/champagne\/charles-heidsieck-brut-vintage-2013-bottiglia-con-astuccio\/","url":"https:\/\/www.champmarket.com\/it\/champagne\/charles-heidsieck-brut-vintage-2013-bottiglia-con-astuccio\/","name":"Charles Heidsieck Brut Vintage 2013 -bottiglia con Box - Champmarket","isPartOf":{"@id":"https:\/\/www.champmarket.com\/#website"},"primaryImageOfPage":{"@id":"https:\/\/www.champmarket.com\/it\/champagne\/charles-heidsieck-brut-vintage-2013-bottiglia-con-astuccio\/#primaryimage"},"image":{"@id":"https:\/\/www.champmarket.com\/it\/champagne\/charles-heidsieck-brut-vintage-2013-bottiglia-con-astuccio\/#primaryimage"},"thumbnailUrl":"https:\/\/www.champmarket.com\/wp-content\/uploads\/2024\/04\/charles-heidsieck-brut-millesime-2013-bouteille-coffret.webp","datePublished":"2024-04-23T08:44:54+00:00","dateModified":"2024-10-10T09:21:21+00:00","description":"Charles Heidsieck Brut Vintage 2013 con astuccio \u00e8 uno champagne dai contrasti climatici, cremoso, croccante, generoso e intenso.","breadcrumb":{"@id":"https:\/\/www.champmarket.com\/it\/champagne\/charles-heidsieck-brut-vintage-2013-bottiglia-con-astuccio\/#breadcrumb"},"inLanguage":"it-IT","potentialAction":[{"@type":"ReadAction","target":["https:\/\/www.champmarket.com\/it\/champagne\/charles-heidsieck-brut-vintage-2013-bottiglia-con-astuccio\/"]}]},{"@type":"ImageObject","inLanguage":"it-IT","@id":"https:\/\/www.champmarket.com\/it\/champagne\/charles-heidsieck-brut-vintage-2013-bottiglia-con-astuccio\/#primaryimage","url":"https:\/\/www.champmarket.com\/wp-content\/uploads\/2024\/04\/charles-heidsieck-brut-millesime-2013-bouteille-coffret.webp","contentUrl":"https:\/\/www.champmarket.com\/wp-content\/uploads\/2024\/04\/charles-heidsieck-brut-millesime-2013-bouteille-coffret.webp","width":1200,"height":1200,"caption":"Champagne Charles Heidsieck Brut Mill\u00e9sim\u00e9 2013 avec coffret - Champmarket"},{"@type":"BreadcrumbList","@id":"https:\/\/www.champmarket.com\/it\/champagne\/charles-heidsieck-brut-vintage-2013-bottiglia-con-astuccio\/#breadcrumb","itemListElement":[{"@type":"ListItem","position":1,"name":"Home","item":"https:\/\/www.champmarket.com\/it\/acquista-champagne-online-champmarket\/"},{"@type":"ListItem","position":2,"name":"Shop","item":"https:\/\/www.champmarket.com\/it\/shop\/"},{"@type":"ListItem","position":3,"name":"Charles Heidsieck","item":"https:\/\/www.champmarket.com\/it\/maisons\/selection-champagne-charles-heidsieck-it\/"},{"@type":"ListItem","position":4,"name":"Charles Heidsieck Brut Vintage 2013 -bottiglia con Box"}]},{"@type":"WebSite","@id":"https:\/\/www.champmarket.com\/#website","url":"https:\/\/www.champmarket.com\/","name":"Champmarket","description":"Champmarket, Champagnes, Cadeaux et Art de Vivre","publisher":{"@id":"https:\/\/www.champmarket.com\/#organization"},"potentialAction":[{"@type":"SearchAction","target":{"@type":"EntryPoint","urlTemplate":"https:\/\/www.champmarket.com\/?s={search_term_string}"},"query-input":{"@type":"PropertyValueSpecification","valueRequired":true,"valueName":"search_term_string"}}],"inLanguage":"it-IT"},{"@type":"Organization","@id":"https:\/\/www.champmarket.com\/#organization","name":"Champmarket","url":"https:\/\/www.champmarket.com\/","logo":{"@type":"ImageObject","inLanguage":"it-IT","@id":"https:\/\/www.champmarket.com\/#\/schema\/logo\/image\/","url":"https:\/\/www.champmarket.com\/wp-content\/uploads\/2024\/08\/logo2024-1.svg","contentUrl":"https:\/\/www.champmarket.com\/wp-content\/uploads\/2024\/08\/logo2024-1.svg","width":579.8,"height":80,"caption":"Champmarket"},"image":{"@id":"https:\/\/www.champmarket.com\/#\/schema\/logo\/image\/"},"sameAs":["https:\/\/www.facebook.com\/ChampMarket\/","https:\/\/x.com\/champmarket","https:\/\/www.instagram.com\/champmarket.paris\/","https:\/\/www.pinterest.fr\/champmarketparis\/","https:\/\/www.linkedin.com\/company\/champmarket\/"]}]}},"_links":{"self":[{"href":"https:\/\/www.champmarket.com\/it\/wp-json\/wp\/v2\/product\/67543","targetHints":{"allow":["GET"]}}],"collection":[{"href":"https:\/\/www.champmarket.com\/it\/wp-json\/wp\/v2\/product"}],"about":[{"href":"https:\/\/www.champmarket.com\/it\/wp-json\/wp\/v2\/types\/product"}],"version-history":[{"count":4,"href":"https:\/\/www.champmarket.com\/it\/wp-json\/wp\/v2\/product\/67543\/revisions"}],"predecessor-version":[{"id":74708,"href":"https:\/\/www.champmarket.com\/it\/wp-json\/wp\/v2\/product\/67543\/revisions\/74708"}],"wp:featuredmedia":[{"embeddable":true,"href":"https:\/\/www.champmarket.com\/it\/wp-json\/wp\/v2\/media\/67536"}],"wp:attachment":[{"href":"https:\/\/www.champmarket.com\/it\/wp-json\/wp\/v2\/media?parent=67543"}],"wp:term":[{"taxonomy":"product_brand","embeddable":true,"href":"https:\/\/www.champmarket.com\/it\/wp-json\/wp\/v2\/product_brand?post=67543"},{"taxonomy":"product_cat","embeddable":true,"href":"https:\/\/www.champmarket.com\/it\/wp-json\/wp\/v2\/product_cat?post=67543"},{"taxonomy":"product_tag","embeddable":true,"href":"https:\/\/www.champmarket.com\/it\/wp-json\/wp\/v2\/product_tag?post=67543"}],"curies":[{"name":"wp","href":"https:\/\/api.w.org\/{rel}","templated":true}]}}