{"id":67695,"date":"2024-04-30T11:06:56","date_gmt":"2024-04-30T09:06:57","guid":{"rendered":"https:\/\/www.champmarket.com\/?post_type=product&#038;p=67695"},"modified":"2024-10-10T11:21:23","modified_gmt":"2024-10-10T09:21:23","slug":"rare-rose-vintage-2012-bottiglia-copie","status":"publish","type":"product","link":"https:\/\/www.champmarket.com\/it\/champagne\/rare-rose-vintage-2012-bottiglia-copie\/","title":{"rendered":"Bottiglia Rare Ros\u00e9 Vintage 2014"},"content":{"rendered":"<p>Ultra espressivo, il Rare Ros\u00e9 Vintage 2014 ha un ardore focoso che lo avvicina al Rare Ros\u00e9 Vintage 2007. Gi\u00e0 a prima vista, il Vintage si distingue e sorprende per il suo straordinario colore denso e leggermente ramato. Poi questa dinamica si calma. Da volubile, la sua consistenza diventa carezzevole, profumata, sia floreale che speziata. Profondamente originale, Rare Ros\u00e9 Vintage 2014 evoca una fragranza femminile sofisticata, come una di quelle che hanno segnato il periodo d&#8217;oro dell&#8217;alta profumeria francese. La sua eccentricit\u00e0 sensoriale arricchisce la tavolozza espressiva dello Champagne Raro.  &nbsp;<\/p>\n","protected":false},"excerpt":{"rendered":"<p>Volubile, con un&#8217;energia indomabile a prima vista, questo quarto Vintage ros\u00e9 di Rare Champagne ti travolge in un turbinio di aromi. Poi rivela un&#8217;intensit\u00e0 carezzevole e fragrante, sia floreale che speziata, come una sofisticata fragranza femminile. Sostenuto dalla maestria del Capo di Casa, il Rare Ros\u00e9 Vintage 2014 combina un&#8217;energia carnosa, corposa e vivace senza sacrificare l&#8217;eleganza minerale emblematica dello stile di Rare Champagne. Entrambi eccentrici e straordinari!  <strong>&#8221; <em>Quando ho assaggiato il Rare Ros\u00e9 Vintage 2014, sono stato colto di sorpresa dal suo carattere rotante e dai suoi molteplici aromi. Il suo stile inaspettato, eccentrico e generoso \u00e8 molto simile al primo Vintage Ros\u00e9 della Maison, il Rare Ros\u00e9 Mill\u00e9sime 2007.<\/em>  &#8220;<\/strong>\u00c9milien Boutillat, Capo di Casa di Rare Champagne.<\/p>\n","protected":false},"featured_media":67716,"template":"","meta":{"_acf_changed":false},"product_brand":[],"product_cat":[3366,3317,3307,2387,2408,2238,2776,2775,2376,2225,2375,2223,2224],"product_tag":[2248,2250,2229,2232],"class_list":{"0":"post-67695","1":"product","2":"type-product","3":"status-publish","4":"has-post-thumbnail","6":"maisons-selection-champagne-rare-it","7":"product_cat-champagne-di-natale","8":"product_cat-i-migliori-champagne","9":"product_cat-tutti-gli-champagne-e-i-set-regalo-esclusivi","10":"product_cat-categorie-maisons-de-champagne-it","11":"product_cat-categorie-rare-it","12":"product_cat-bouteilles-it","13":"product_cat-nuovi-prodotti-it","14":"product_cat-tutti-gli-champagne","15":"product_cat-champagne-rose-it","16":"product_cat-champagne-millesime-it","17":"product_cat-champagne-prestige-it","18":"product_cat-aperitif-it","19":"product_cat-repas-it","20":"product_tag-haute-couture-it","21":"product_tag-la-vie-en-rose-it","22":"product_tag-per-un-pasto-con-champagne","23":"product_tag-vintage-it","25":"first","26":"instock","27":"taxable","28":"shipping-taxable","29":"purchasable","30":"product-type-simple"},"acf":[],"yoast_head":"<!-- This site is optimized with the Yoast SEO plugin v26.4 - https:\/\/yoast.com\/wordpress\/plugins\/seo\/ -->\n<title>Bottiglia Rare Ros\u00e9 Vintage 2014 - Champmarket<\/title>\n<meta name=\"description\" content=\"Guidato dalla maestria del Capo di Casa, il Rare Ros\u00e9 Vintage 2014 ci porta in un turbine di aromi!\" \/>\n<meta name=\"robots\" content=\"index, follow, max-snippet:-1, max-image-preview:large, max-video-preview:-1\" \/>\n<link rel=\"canonical\" href=\"https:\/\/www.champmarket.com\/it\/champagne\/rare-rose-vintage-2012-bottiglia-copie\/\" \/>\n<meta property=\"og:locale\" content=\"it_IT\" \/>\n<meta property=\"og:type\" content=\"article\" \/>\n<meta property=\"og:title\" content=\"Bottiglia Rare Ros\u00e9 Vintage 2014 - Champmarket\" \/>\n<meta property=\"og:description\" content=\"Guidato dalla maestria del Capo di Casa, il Rare Ros\u00e9 Vintage 2014 ci porta in un turbine di aromi!\" \/>\n<meta property=\"og:url\" content=\"https:\/\/www.champmarket.com\/it\/champagne\/rare-rose-vintage-2012-bottiglia-copie\/\" \/>\n<meta property=\"og:site_name\" content=\"Champmarket\" \/>\n<meta property=\"article:publisher\" content=\"https:\/\/www.facebook.com\/ChampMarket\/\" \/>\n<meta property=\"article:modified_time\" content=\"2024-10-10T09:21:23+00:00\" \/>\n<meta property=\"og:image\" content=\"https:\/\/www.champmarket.com\/wp-content\/uploads\/2024\/04\/rare-rose-millesime-2014-bouteille.webp\" \/>\n\t<meta property=\"og:image:width\" content=\"1200\" \/>\n\t<meta property=\"og:image:height\" content=\"1200\" \/>\n\t<meta property=\"og:image:type\" content=\"image\/webp\" \/>\n<meta name=\"twitter:card\" content=\"summary_large_image\" \/>\n<meta name=\"twitter:site\" content=\"@champmarket\" \/>\n<script type=\"application\/ld+json\" class=\"yoast-schema-graph\">{\"@context\":\"https:\/\/schema.org\",\"@graph\":[{\"@type\":\"WebPage\",\"@id\":\"https:\/\/www.champmarket.com\/it\/champagne\/rare-rose-vintage-2012-bottiglia-copie\/\",\"url\":\"https:\/\/www.champmarket.com\/it\/champagne\/rare-rose-vintage-2012-bottiglia-copie\/\",\"name\":\"Bottiglia Rare Ros\u00e9 Vintage 2014 - Champmarket\",\"isPartOf\":{\"@id\":\"https:\/\/www.champmarket.com\/#website\"},\"primaryImageOfPage\":{\"@id\":\"https:\/\/www.champmarket.com\/it\/champagne\/rare-rose-vintage-2012-bottiglia-copie\/#primaryimage\"},\"image\":{\"@id\":\"https:\/\/www.champmarket.com\/it\/champagne\/rare-rose-vintage-2012-bottiglia-copie\/#primaryimage\"},\"thumbnailUrl\":\"https:\/\/www.champmarket.com\/wp-content\/uploads\/2024\/04\/rare-rose-millesime-2014-bouteille.webp\",\"datePublished\":\"2024-04-30T09:06:57+00:00\",\"dateModified\":\"2024-10-10T09:21:23+00:00\",\"description\":\"Guidato dalla maestria del Capo di Casa, il Rare Ros\u00e9 Vintage 2014 ci porta in un turbine di aromi!\",\"breadcrumb\":{\"@id\":\"https:\/\/www.champmarket.com\/it\/champagne\/rare-rose-vintage-2012-bottiglia-copie\/#breadcrumb\"},\"inLanguage\":\"it-IT\",\"potentialAction\":[{\"@type\":\"ReadAction\",\"target\":[\"https:\/\/www.champmarket.com\/it\/champagne\/rare-rose-vintage-2012-bottiglia-copie\/\"]}]},{\"@type\":\"ImageObject\",\"inLanguage\":\"it-IT\",\"@id\":\"https:\/\/www.champmarket.com\/it\/champagne\/rare-rose-vintage-2012-bottiglia-copie\/#primaryimage\",\"url\":\"https:\/\/www.champmarket.com\/wp-content\/uploads\/2024\/04\/rare-rose-millesime-2014-bouteille.webp\",\"contentUrl\":\"https:\/\/www.champmarket.com\/wp-content\/uploads\/2024\/04\/rare-rose-millesime-2014-bouteille.webp\",\"width\":1200,\"height\":1200,\"caption\":\"Champagne Rare Ros\u00e9 mill\u00e9sime 2014 - Champmarket\"},{\"@type\":\"BreadcrumbList\",\"@id\":\"https:\/\/www.champmarket.com\/it\/champagne\/rare-rose-vintage-2012-bottiglia-copie\/#breadcrumb\",\"itemListElement\":[{\"@type\":\"ListItem\",\"position\":1,\"name\":\"Home\",\"item\":\"https:\/\/www.champmarket.com\/it\/acquista-champagne-online-champmarket\/\"},{\"@type\":\"ListItem\",\"position\":2,\"name\":\"Shop\",\"item\":\"https:\/\/www.champmarket.com\/it\/shop\/\"},{\"@type\":\"ListItem\",\"position\":3,\"name\":\"Rare Champagne\",\"item\":\"https:\/\/www.champmarket.com\/it\/maisons\/selection-champagne-rare-it\/\"},{\"@type\":\"ListItem\",\"position\":4,\"name\":\"Bottiglia Rare Ros\u00e9 Vintage 2014\"}]},{\"@type\":\"WebSite\",\"@id\":\"https:\/\/www.champmarket.com\/#website\",\"url\":\"https:\/\/www.champmarket.com\/\",\"name\":\"Champmarket\",\"description\":\"Champmarket, Champagnes, Cadeaux et Art de Vivre\",\"publisher\":{\"@id\":\"https:\/\/www.champmarket.com\/#organization\"},\"potentialAction\":[{\"@type\":\"SearchAction\",\"target\":{\"@type\":\"EntryPoint\",\"urlTemplate\":\"https:\/\/www.champmarket.com\/?s={search_term_string}\"},\"query-input\":{\"@type\":\"PropertyValueSpecification\",\"valueRequired\":true,\"valueName\":\"search_term_string\"}}],\"inLanguage\":\"it-IT\"},{\"@type\":\"Organization\",\"@id\":\"https:\/\/www.champmarket.com\/#organization\",\"name\":\"Champmarket\",\"url\":\"https:\/\/www.champmarket.com\/\",\"logo\":{\"@type\":\"ImageObject\",\"inLanguage\":\"it-IT\",\"@id\":\"https:\/\/www.champmarket.com\/#\/schema\/logo\/image\/\",\"url\":\"https:\/\/www.champmarket.com\/wp-content\/uploads\/2024\/08\/logo2024-1.svg\",\"contentUrl\":\"https:\/\/www.champmarket.com\/wp-content\/uploads\/2024\/08\/logo2024-1.svg\",\"width\":579.8,\"height\":80,\"caption\":\"Champmarket\"},\"image\":{\"@id\":\"https:\/\/www.champmarket.com\/#\/schema\/logo\/image\/\"},\"sameAs\":[\"https:\/\/www.facebook.com\/ChampMarket\/\",\"https:\/\/x.com\/champmarket\",\"https:\/\/www.instagram.com\/champmarket.paris\/\",\"https:\/\/www.pinterest.fr\/champmarketparis\/\",\"https:\/\/www.linkedin.com\/company\/champmarket\/\"]}]}<\/script>\n<!-- \/ Yoast SEO plugin. -->","yoast_head_json":{"title":"Bottiglia Rare Ros\u00e9 Vintage 2014 - Champmarket","description":"Guidato dalla maestria del Capo di Casa, il Rare Ros\u00e9 Vintage 2014 ci porta in un turbine di aromi!","robots":{"index":"index","follow":"follow","max-snippet":"max-snippet:-1","max-image-preview":"max-image-preview:large","max-video-preview":"max-video-preview:-1"},"canonical":"https:\/\/www.champmarket.com\/it\/champagne\/rare-rose-vintage-2012-bottiglia-copie\/","og_locale":"it_IT","og_type":"article","og_title":"Bottiglia Rare Ros\u00e9 Vintage 2014 - Champmarket","og_description":"Guidato dalla maestria del Capo di Casa, il Rare Ros\u00e9 Vintage 2014 ci porta in un turbine di aromi!","og_url":"https:\/\/www.champmarket.com\/it\/champagne\/rare-rose-vintage-2012-bottiglia-copie\/","og_site_name":"Champmarket","article_publisher":"https:\/\/www.facebook.com\/ChampMarket\/","article_modified_time":"2024-10-10T09:21:23+00:00","og_image":[{"width":1200,"height":1200,"url":"https:\/\/www.champmarket.com\/wp-content\/uploads\/2024\/04\/rare-rose-millesime-2014-bouteille.webp","type":"image\/webp"}],"twitter_card":"summary_large_image","twitter_site":"@champmarket","schema":{"@context":"https:\/\/schema.org","@graph":[{"@type":"WebPage","@id":"https:\/\/www.champmarket.com\/it\/champagne\/rare-rose-vintage-2012-bottiglia-copie\/","url":"https:\/\/www.champmarket.com\/it\/champagne\/rare-rose-vintage-2012-bottiglia-copie\/","name":"Bottiglia Rare Ros\u00e9 Vintage 2014 - Champmarket","isPartOf":{"@id":"https:\/\/www.champmarket.com\/#website"},"primaryImageOfPage":{"@id":"https:\/\/www.champmarket.com\/it\/champagne\/rare-rose-vintage-2012-bottiglia-copie\/#primaryimage"},"image":{"@id":"https:\/\/www.champmarket.com\/it\/champagne\/rare-rose-vintage-2012-bottiglia-copie\/#primaryimage"},"thumbnailUrl":"https:\/\/www.champmarket.com\/wp-content\/uploads\/2024\/04\/rare-rose-millesime-2014-bouteille.webp","datePublished":"2024-04-30T09:06:57+00:00","dateModified":"2024-10-10T09:21:23+00:00","description":"Guidato dalla maestria del Capo di Casa, il Rare Ros\u00e9 Vintage 2014 ci porta in un turbine di aromi!","breadcrumb":{"@id":"https:\/\/www.champmarket.com\/it\/champagne\/rare-rose-vintage-2012-bottiglia-copie\/#breadcrumb"},"inLanguage":"it-IT","potentialAction":[{"@type":"ReadAction","target":["https:\/\/www.champmarket.com\/it\/champagne\/rare-rose-vintage-2012-bottiglia-copie\/"]}]},{"@type":"ImageObject","inLanguage":"it-IT","@id":"https:\/\/www.champmarket.com\/it\/champagne\/rare-rose-vintage-2012-bottiglia-copie\/#primaryimage","url":"https:\/\/www.champmarket.com\/wp-content\/uploads\/2024\/04\/rare-rose-millesime-2014-bouteille.webp","contentUrl":"https:\/\/www.champmarket.com\/wp-content\/uploads\/2024\/04\/rare-rose-millesime-2014-bouteille.webp","width":1200,"height":1200,"caption":"Champagne Rare Ros\u00e9 mill\u00e9sime 2014 - Champmarket"},{"@type":"BreadcrumbList","@id":"https:\/\/www.champmarket.com\/it\/champagne\/rare-rose-vintage-2012-bottiglia-copie\/#breadcrumb","itemListElement":[{"@type":"ListItem","position":1,"name":"Home","item":"https:\/\/www.champmarket.com\/it\/acquista-champagne-online-champmarket\/"},{"@type":"ListItem","position":2,"name":"Shop","item":"https:\/\/www.champmarket.com\/it\/shop\/"},{"@type":"ListItem","position":3,"name":"Rare Champagne","item":"https:\/\/www.champmarket.com\/it\/maisons\/selection-champagne-rare-it\/"},{"@type":"ListItem","position":4,"name":"Bottiglia Rare Ros\u00e9 Vintage 2014"}]},{"@type":"WebSite","@id":"https:\/\/www.champmarket.com\/#website","url":"https:\/\/www.champmarket.com\/","name":"Champmarket","description":"Champmarket, Champagnes, Cadeaux et Art de Vivre","publisher":{"@id":"https:\/\/www.champmarket.com\/#organization"},"potentialAction":[{"@type":"SearchAction","target":{"@type":"EntryPoint","urlTemplate":"https:\/\/www.champmarket.com\/?s={search_term_string}"},"query-input":{"@type":"PropertyValueSpecification","valueRequired":true,"valueName":"search_term_string"}}],"inLanguage":"it-IT"},{"@type":"Organization","@id":"https:\/\/www.champmarket.com\/#organization","name":"Champmarket","url":"https:\/\/www.champmarket.com\/","logo":{"@type":"ImageObject","inLanguage":"it-IT","@id":"https:\/\/www.champmarket.com\/#\/schema\/logo\/image\/","url":"https:\/\/www.champmarket.com\/wp-content\/uploads\/2024\/08\/logo2024-1.svg","contentUrl":"https:\/\/www.champmarket.com\/wp-content\/uploads\/2024\/08\/logo2024-1.svg","width":579.8,"height":80,"caption":"Champmarket"},"image":{"@id":"https:\/\/www.champmarket.com\/#\/schema\/logo\/image\/"},"sameAs":["https:\/\/www.facebook.com\/ChampMarket\/","https:\/\/x.com\/champmarket","https:\/\/www.instagram.com\/champmarket.paris\/","https:\/\/www.pinterest.fr\/champmarketparis\/","https:\/\/www.linkedin.com\/company\/champmarket\/"]}]}},"_links":{"self":[{"href":"https:\/\/www.champmarket.com\/it\/wp-json\/wp\/v2\/product\/67695","targetHints":{"allow":["GET"]}}],"collection":[{"href":"https:\/\/www.champmarket.com\/it\/wp-json\/wp\/v2\/product"}],"about":[{"href":"https:\/\/www.champmarket.com\/it\/wp-json\/wp\/v2\/types\/product"}],"version-history":[{"count":3,"href":"https:\/\/www.champmarket.com\/it\/wp-json\/wp\/v2\/product\/67695\/revisions"}],"predecessor-version":[{"id":74712,"href":"https:\/\/www.champmarket.com\/it\/wp-json\/wp\/v2\/product\/67695\/revisions\/74712"}],"wp:featuredmedia":[{"embeddable":true,"href":"https:\/\/www.champmarket.com\/it\/wp-json\/wp\/v2\/media\/67716"}],"wp:attachment":[{"href":"https:\/\/www.champmarket.com\/it\/wp-json\/wp\/v2\/media?parent=67695"}],"wp:term":[{"taxonomy":"product_brand","embeddable":true,"href":"https:\/\/www.champmarket.com\/it\/wp-json\/wp\/v2\/product_brand?post=67695"},{"taxonomy":"product_cat","embeddable":true,"href":"https:\/\/www.champmarket.com\/it\/wp-json\/wp\/v2\/product_cat?post=67695"},{"taxonomy":"product_tag","embeddable":true,"href":"https:\/\/www.champmarket.com\/it\/wp-json\/wp\/v2\/product_tag?post=67695"}],"curies":[{"name":"wp","href":"https:\/\/api.w.org\/{rel}","templated":true}]}}