{"id":68913,"date":"2024-07-01T19:54:52","date_gmt":"2024-07-01T17:54:52","guid":{"rendered":"https:\/\/www.champmarket.com\/?post_type=product&#038;p=68913"},"modified":"2024-10-10T11:04:58","modified_gmt":"2024-10-10T09:04:58","slug":"charles-heidsieck-blanc-des-millenaires-1996-bottiglia-con-astuccio","status":"publish","type":"product","link":"https:\/\/www.champmarket.com\/it\/champagne\/charles-heidsieck-blanc-des-millenaires-1996-bottiglia-con-astuccio\/","title":{"rendered":"Charles Heidsieck Blanc des Mill\u00e9naires 1996 -bottiglia con Box"},"content":{"rendered":"<p>Charles Heidsieck \u00e8 stato un precursore nello sviluppo di miscele composte interamente da Chardonnay e ha mostrato molto presto interesse per questa categoria, i Blancs de Blancs, che all&#8217;epoca era ancora marginale. Charles Heidsieck Blanc des Mill\u00e9naires 1996 con Box: <strong>Una struttura incomparabile. <\/strong>Maturit\u00e0, vivacit\u00e0 e potenziale di maturit\u00e0 conferiscono a questo vino la sua inconfondibile complessit\u00e0 aromatica. cray\u00e8res L <strong>a massima espressione del tempo.<\/strong> 9 anni di invecchiamento nei millennials, da cui il vino prende il nome. <strong>Il prodotto esclusivo dei grandi Chardonnay.<\/strong> 5 cru della C\u00f4te des Blancs, selezionati per la loro capacit\u00e0 di evolvere ed esprimere la loro ricchezza con la maturazione: Oger, Mesnil-sur-Oger, Avize, Cramant, Vertus.<\/p>\n","protected":false},"excerpt":{"rendered":"<p>L&#8217;espressione matura della C\u00f4te des Blancs. Uno champagne maturo e potente. Un Vintage inaspettato, il Blanc des Mill\u00e9naires 1996 in box ha avuto bisogno di tempo per rivelare tutto il suo potenziale. Il Blanc des Mill\u00e9naires 1996 incarna la virt\u00f9 della pazienza, riflettendo anni di meticolosa lavorazione e dedizione.<br \/> Collection \u00c8 un ricordo straordinario dell&#8217;eredit\u00e0 duratura di Charles Heidsieck, che invita gli appassionati ad assaporare un momento di pura indulgenza e apprezzamento&#8221;, Elise Losfelt, Cellar Master. Blanc des Mill\u00e9naires 1996 fa parte della gamma <em>Cray\u00e8res<\/em> de Charles Heidsieck. Collection Scoprire le <em>Cray\u00e8res<\/em> Charles Heidsieck \u00e8 come viaggiare nel tempo attraverso vini leggendari. Oggi rimangono solo 4.000 bottiglie di questo Vintage. cray\u00e8res Hanno atteso diversi decenni nel silenzio delle cantine della Maison: le cantine millenarie da cui la cuv\u00e9es prende il nome.      <\/p>\n","protected":false},"featured_media":68902,"template":"","meta":{"_acf_changed":false},"product_brand":[],"product_cat":[3549,3366,3317,3307,2387,2392,2238,2775,2370,2225,2375,2223,2224],"product_tag":[2240,2248,2245,2255,2229,2232],"class_list":{"0":"post-68913","1":"product","2":"type-product","3":"status-publish","4":"has-post-thumbnail","6":"maisons-selection-champagne-charles-heidsieck-it","7":"product_cat-prezzi-agevolati","8":"product_cat-champagne-di-natale","9":"product_cat-i-migliori-champagne","10":"product_cat-tutti-gli-champagne-e-i-set-regalo-esclusivi","11":"product_cat-categorie-maisons-de-champagne-it","12":"product_cat-categorie-charles-heidsieck-it","13":"product_cat-bouteilles-it","14":"product_cat-tutti-gli-champagne","15":"product_cat-champagne-blanc-de-blancs-it","16":"product_cat-champagne-millesime-it","17":"product_cat-champagne-prestige-it","18":"product_cat-aperitif-it","19":"product_cat-repas-it","20":"product_tag-100-chardonnay-it","21":"product_tag-haute-couture-it","22":"product_tag-fruits-de-mer-it","23":"product_tag-pour-offrir-it","24":"product_tag-per-un-pasto-con-champagne","25":"product_tag-vintage-it","27":"first","28":"instock","29":"taxable","30":"shipping-taxable","31":"purchasable","32":"product-type-simple"},"acf":[],"yoast_head":"<!-- This site is optimized with the Yoast SEO plugin v26.4 - https:\/\/yoast.com\/wordpress\/plugins\/seo\/ -->\n<title>Charles Heidsieck Blanc des Mill\u00e9naires 1996 -bottiglia con Box - Champmarket<\/title>\n<meta name=\"description\" content=\"Charles Heidsieck Blanc des Mill\u00e9naires 1996 con Box \u00e8 l&#039;espressione matura della C\u00f4te des Blancs. Uno champagne maturo e potente.\" \/>\n<meta name=\"robots\" content=\"index, follow, max-snippet:-1, max-image-preview:large, max-video-preview:-1\" \/>\n<link rel=\"canonical\" href=\"https:\/\/www.champmarket.com\/it\/champagne\/charles-heidsieck-blanc-des-millenaires-1996-bottiglia-con-astuccio\/\" \/>\n<meta property=\"og:locale\" content=\"it_IT\" \/>\n<meta property=\"og:type\" content=\"article\" \/>\n<meta property=\"og:title\" content=\"Charles Heidsieck Blanc des Mill\u00e9naires 1996 -bottiglia con Box - Champmarket\" \/>\n<meta property=\"og:description\" content=\"Charles Heidsieck Blanc des Mill\u00e9naires 1996 con Box \u00e8 l&#039;espressione matura della C\u00f4te des Blancs. Uno champagne maturo e potente.\" \/>\n<meta property=\"og:url\" content=\"https:\/\/www.champmarket.com\/it\/champagne\/charles-heidsieck-blanc-des-millenaires-1996-bottiglia-con-astuccio\/\" \/>\n<meta property=\"og:site_name\" content=\"Champmarket\" \/>\n<meta property=\"article:publisher\" content=\"https:\/\/www.facebook.com\/ChampMarket\/\" \/>\n<meta property=\"article:modified_time\" content=\"2024-10-10T09:04:58+00:00\" \/>\n<meta property=\"og:image\" content=\"https:\/\/www.champmarket.com\/wp-content\/uploads\/2024\/07\/charles-heidsieck-blanc-des-millenaires-1996-bouteille.webp\" \/>\n\t<meta property=\"og:image:width\" content=\"1200\" \/>\n\t<meta property=\"og:image:height\" content=\"1200\" \/>\n\t<meta property=\"og:image:type\" content=\"image\/webp\" \/>\n<meta name=\"twitter:card\" content=\"summary_large_image\" \/>\n<meta name=\"twitter:site\" content=\"@champmarket\" \/>\n<meta name=\"twitter:label1\" content=\"Tempo di lettura stimato\" \/>\n\t<meta name=\"twitter:data1\" content=\"1 minuto\" \/>\n<script type=\"application\/ld+json\" class=\"yoast-schema-graph\">{\"@context\":\"https:\/\/schema.org\",\"@graph\":[{\"@type\":\"WebPage\",\"@id\":\"https:\/\/www.champmarket.com\/it\/champagne\/charles-heidsieck-blanc-des-millenaires-1996-bottiglia-con-astuccio\/\",\"url\":\"https:\/\/www.champmarket.com\/it\/champagne\/charles-heidsieck-blanc-des-millenaires-1996-bottiglia-con-astuccio\/\",\"name\":\"Charles Heidsieck Blanc des Mill\u00e9naires 1996 -bottiglia con Box - Champmarket\",\"isPartOf\":{\"@id\":\"https:\/\/www.champmarket.com\/#website\"},\"primaryImageOfPage\":{\"@id\":\"https:\/\/www.champmarket.com\/it\/champagne\/charles-heidsieck-blanc-des-millenaires-1996-bottiglia-con-astuccio\/#primaryimage\"},\"image\":{\"@id\":\"https:\/\/www.champmarket.com\/it\/champagne\/charles-heidsieck-blanc-des-millenaires-1996-bottiglia-con-astuccio\/#primaryimage\"},\"thumbnailUrl\":\"https:\/\/www.champmarket.com\/wp-content\/uploads\/2024\/07\/charles-heidsieck-blanc-des-millenaires-1996-bouteille.webp\",\"datePublished\":\"2024-07-01T17:54:52+00:00\",\"dateModified\":\"2024-10-10T09:04:58+00:00\",\"description\":\"Charles Heidsieck Blanc des Mill\u00e9naires 1996 con Box \u00e8 l'espressione matura della C\u00f4te des Blancs. Uno champagne maturo e potente.\",\"breadcrumb\":{\"@id\":\"https:\/\/www.champmarket.com\/it\/champagne\/charles-heidsieck-blanc-des-millenaires-1996-bottiglia-con-astuccio\/#breadcrumb\"},\"inLanguage\":\"it-IT\",\"potentialAction\":[{\"@type\":\"ReadAction\",\"target\":[\"https:\/\/www.champmarket.com\/it\/champagne\/charles-heidsieck-blanc-des-millenaires-1996-bottiglia-con-astuccio\/\"]}]},{\"@type\":\"ImageObject\",\"inLanguage\":\"it-IT\",\"@id\":\"https:\/\/www.champmarket.com\/it\/champagne\/charles-heidsieck-blanc-des-millenaires-1996-bottiglia-con-astuccio\/#primaryimage\",\"url\":\"https:\/\/www.champmarket.com\/wp-content\/uploads\/2024\/07\/charles-heidsieck-blanc-des-millenaires-1996-bouteille.webp\",\"contentUrl\":\"https:\/\/www.champmarket.com\/wp-content\/uploads\/2024\/07\/charles-heidsieck-blanc-des-millenaires-1996-bouteille.webp\",\"width\":1200,\"height\":1200,\"caption\":\"Champagne Charles Heidsieck Blanc des Mill\u00e9naires 1996 - Champmarket\"},{\"@type\":\"BreadcrumbList\",\"@id\":\"https:\/\/www.champmarket.com\/it\/champagne\/charles-heidsieck-blanc-des-millenaires-1996-bottiglia-con-astuccio\/#breadcrumb\",\"itemListElement\":[{\"@type\":\"ListItem\",\"position\":1,\"name\":\"Home\",\"item\":\"https:\/\/www.champmarket.com\/it\/acquista-champagne-online-champmarket\/\"},{\"@type\":\"ListItem\",\"position\":2,\"name\":\"Shop\",\"item\":\"https:\/\/www.champmarket.com\/it\/shop\/\"},{\"@type\":\"ListItem\",\"position\":3,\"name\":\"Charles Heidsieck\",\"item\":\"https:\/\/www.champmarket.com\/it\/maisons\/selection-champagne-charles-heidsieck-it\/\"},{\"@type\":\"ListItem\",\"position\":4,\"name\":\"Charles Heidsieck Blanc des Mill\u00e9naires 1996 -bottiglia con Box\"}]},{\"@type\":\"WebSite\",\"@id\":\"https:\/\/www.champmarket.com\/#website\",\"url\":\"https:\/\/www.champmarket.com\/\",\"name\":\"Champmarket\",\"description\":\"Champmarket, Champagnes, Cadeaux et Art de Vivre\",\"publisher\":{\"@id\":\"https:\/\/www.champmarket.com\/#organization\"},\"potentialAction\":[{\"@type\":\"SearchAction\",\"target\":{\"@type\":\"EntryPoint\",\"urlTemplate\":\"https:\/\/www.champmarket.com\/?s={search_term_string}\"},\"query-input\":{\"@type\":\"PropertyValueSpecification\",\"valueRequired\":true,\"valueName\":\"search_term_string\"}}],\"inLanguage\":\"it-IT\"},{\"@type\":\"Organization\",\"@id\":\"https:\/\/www.champmarket.com\/#organization\",\"name\":\"Champmarket\",\"url\":\"https:\/\/www.champmarket.com\/\",\"logo\":{\"@type\":\"ImageObject\",\"inLanguage\":\"it-IT\",\"@id\":\"https:\/\/www.champmarket.com\/#\/schema\/logo\/image\/\",\"url\":\"https:\/\/www.champmarket.com\/wp-content\/uploads\/2024\/08\/logo2024-1.svg\",\"contentUrl\":\"https:\/\/www.champmarket.com\/wp-content\/uploads\/2024\/08\/logo2024-1.svg\",\"width\":579.8,\"height\":80,\"caption\":\"Champmarket\"},\"image\":{\"@id\":\"https:\/\/www.champmarket.com\/#\/schema\/logo\/image\/\"},\"sameAs\":[\"https:\/\/www.facebook.com\/ChampMarket\/\",\"https:\/\/x.com\/champmarket\",\"https:\/\/www.instagram.com\/champmarket.paris\/\",\"https:\/\/www.pinterest.fr\/champmarketparis\/\",\"https:\/\/www.linkedin.com\/company\/champmarket\/\"]}]}<\/script>\n<!-- \/ Yoast SEO plugin. -->","yoast_head_json":{"title":"Charles Heidsieck Blanc des Mill\u00e9naires 1996 -bottiglia con Box - Champmarket","description":"Charles Heidsieck Blanc des Mill\u00e9naires 1996 con Box \u00e8 l'espressione matura della C\u00f4te des Blancs. Uno champagne maturo e potente.","robots":{"index":"index","follow":"follow","max-snippet":"max-snippet:-1","max-image-preview":"max-image-preview:large","max-video-preview":"max-video-preview:-1"},"canonical":"https:\/\/www.champmarket.com\/it\/champagne\/charles-heidsieck-blanc-des-millenaires-1996-bottiglia-con-astuccio\/","og_locale":"it_IT","og_type":"article","og_title":"Charles Heidsieck Blanc des Mill\u00e9naires 1996 -bottiglia con Box - Champmarket","og_description":"Charles Heidsieck Blanc des Mill\u00e9naires 1996 con Box \u00e8 l'espressione matura della C\u00f4te des Blancs. Uno champagne maturo e potente.","og_url":"https:\/\/www.champmarket.com\/it\/champagne\/charles-heidsieck-blanc-des-millenaires-1996-bottiglia-con-astuccio\/","og_site_name":"Champmarket","article_publisher":"https:\/\/www.facebook.com\/ChampMarket\/","article_modified_time":"2024-10-10T09:04:58+00:00","og_image":[{"width":1200,"height":1200,"url":"https:\/\/www.champmarket.com\/wp-content\/uploads\/2024\/07\/charles-heidsieck-blanc-des-millenaires-1996-bouteille.webp","type":"image\/webp"}],"twitter_card":"summary_large_image","twitter_site":"@champmarket","twitter_misc":{"Tempo di lettura stimato":"1 minuto"},"schema":{"@context":"https:\/\/schema.org","@graph":[{"@type":"WebPage","@id":"https:\/\/www.champmarket.com\/it\/champagne\/charles-heidsieck-blanc-des-millenaires-1996-bottiglia-con-astuccio\/","url":"https:\/\/www.champmarket.com\/it\/champagne\/charles-heidsieck-blanc-des-millenaires-1996-bottiglia-con-astuccio\/","name":"Charles Heidsieck Blanc des Mill\u00e9naires 1996 -bottiglia con Box - Champmarket","isPartOf":{"@id":"https:\/\/www.champmarket.com\/#website"},"primaryImageOfPage":{"@id":"https:\/\/www.champmarket.com\/it\/champagne\/charles-heidsieck-blanc-des-millenaires-1996-bottiglia-con-astuccio\/#primaryimage"},"image":{"@id":"https:\/\/www.champmarket.com\/it\/champagne\/charles-heidsieck-blanc-des-millenaires-1996-bottiglia-con-astuccio\/#primaryimage"},"thumbnailUrl":"https:\/\/www.champmarket.com\/wp-content\/uploads\/2024\/07\/charles-heidsieck-blanc-des-millenaires-1996-bouteille.webp","datePublished":"2024-07-01T17:54:52+00:00","dateModified":"2024-10-10T09:04:58+00:00","description":"Charles Heidsieck Blanc des Mill\u00e9naires 1996 con Box \u00e8 l'espressione matura della C\u00f4te des Blancs. Uno champagne maturo e potente.","breadcrumb":{"@id":"https:\/\/www.champmarket.com\/it\/champagne\/charles-heidsieck-blanc-des-millenaires-1996-bottiglia-con-astuccio\/#breadcrumb"},"inLanguage":"it-IT","potentialAction":[{"@type":"ReadAction","target":["https:\/\/www.champmarket.com\/it\/champagne\/charles-heidsieck-blanc-des-millenaires-1996-bottiglia-con-astuccio\/"]}]},{"@type":"ImageObject","inLanguage":"it-IT","@id":"https:\/\/www.champmarket.com\/it\/champagne\/charles-heidsieck-blanc-des-millenaires-1996-bottiglia-con-astuccio\/#primaryimage","url":"https:\/\/www.champmarket.com\/wp-content\/uploads\/2024\/07\/charles-heidsieck-blanc-des-millenaires-1996-bouteille.webp","contentUrl":"https:\/\/www.champmarket.com\/wp-content\/uploads\/2024\/07\/charles-heidsieck-blanc-des-millenaires-1996-bouteille.webp","width":1200,"height":1200,"caption":"Champagne Charles Heidsieck Blanc des Mill\u00e9naires 1996 - Champmarket"},{"@type":"BreadcrumbList","@id":"https:\/\/www.champmarket.com\/it\/champagne\/charles-heidsieck-blanc-des-millenaires-1996-bottiglia-con-astuccio\/#breadcrumb","itemListElement":[{"@type":"ListItem","position":1,"name":"Home","item":"https:\/\/www.champmarket.com\/it\/acquista-champagne-online-champmarket\/"},{"@type":"ListItem","position":2,"name":"Shop","item":"https:\/\/www.champmarket.com\/it\/shop\/"},{"@type":"ListItem","position":3,"name":"Charles Heidsieck","item":"https:\/\/www.champmarket.com\/it\/maisons\/selection-champagne-charles-heidsieck-it\/"},{"@type":"ListItem","position":4,"name":"Charles Heidsieck Blanc des Mill\u00e9naires 1996 -bottiglia con Box"}]},{"@type":"WebSite","@id":"https:\/\/www.champmarket.com\/#website","url":"https:\/\/www.champmarket.com\/","name":"Champmarket","description":"Champmarket, Champagnes, Cadeaux et Art de Vivre","publisher":{"@id":"https:\/\/www.champmarket.com\/#organization"},"potentialAction":[{"@type":"SearchAction","target":{"@type":"EntryPoint","urlTemplate":"https:\/\/www.champmarket.com\/?s={search_term_string}"},"query-input":{"@type":"PropertyValueSpecification","valueRequired":true,"valueName":"search_term_string"}}],"inLanguage":"it-IT"},{"@type":"Organization","@id":"https:\/\/www.champmarket.com\/#organization","name":"Champmarket","url":"https:\/\/www.champmarket.com\/","logo":{"@type":"ImageObject","inLanguage":"it-IT","@id":"https:\/\/www.champmarket.com\/#\/schema\/logo\/image\/","url":"https:\/\/www.champmarket.com\/wp-content\/uploads\/2024\/08\/logo2024-1.svg","contentUrl":"https:\/\/www.champmarket.com\/wp-content\/uploads\/2024\/08\/logo2024-1.svg","width":579.8,"height":80,"caption":"Champmarket"},"image":{"@id":"https:\/\/www.champmarket.com\/#\/schema\/logo\/image\/"},"sameAs":["https:\/\/www.facebook.com\/ChampMarket\/","https:\/\/x.com\/champmarket","https:\/\/www.instagram.com\/champmarket.paris\/","https:\/\/www.pinterest.fr\/champmarketparis\/","https:\/\/www.linkedin.com\/company\/champmarket\/"]}]}},"_links":{"self":[{"href":"https:\/\/www.champmarket.com\/it\/wp-json\/wp\/v2\/product\/68913","targetHints":{"allow":["GET"]}}],"collection":[{"href":"https:\/\/www.champmarket.com\/it\/wp-json\/wp\/v2\/product"}],"about":[{"href":"https:\/\/www.champmarket.com\/it\/wp-json\/wp\/v2\/types\/product"}],"version-history":[{"count":4,"href":"https:\/\/www.champmarket.com\/it\/wp-json\/wp\/v2\/product\/68913\/revisions"}],"predecessor-version":[{"id":74677,"href":"https:\/\/www.champmarket.com\/it\/wp-json\/wp\/v2\/product\/68913\/revisions\/74677"}],"wp:featuredmedia":[{"embeddable":true,"href":"https:\/\/www.champmarket.com\/it\/wp-json\/wp\/v2\/media\/68902"}],"wp:attachment":[{"href":"https:\/\/www.champmarket.com\/it\/wp-json\/wp\/v2\/media?parent=68913"}],"wp:term":[{"taxonomy":"product_brand","embeddable":true,"href":"https:\/\/www.champmarket.com\/it\/wp-json\/wp\/v2\/product_brand?post=68913"},{"taxonomy":"product_cat","embeddable":true,"href":"https:\/\/www.champmarket.com\/it\/wp-json\/wp\/v2\/product_cat?post=68913"},{"taxonomy":"product_tag","embeddable":true,"href":"https:\/\/www.champmarket.com\/it\/wp-json\/wp\/v2\/product_tag?post=68913"}],"curies":[{"name":"wp","href":"https:\/\/api.w.org\/{rel}","templated":true}]}}