{"id":73389,"date":"2024-09-19T18:02:06","date_gmt":"2024-09-19T16:02:06","guid":{"rendered":"https:\/\/www.champmarket.com\/?post_type=product&#038;p=73389"},"modified":"2024-10-10T11:00:27","modified_gmt":"2024-10-10T09:00:27","slug":"moet-chandon-ice-imperial-rose-bottiglia-copie","status":"publish","type":"product","link":"https:\/\/www.champmarket.com\/it\/champagne\/moet-chandon-ice-imperial-rose-bottiglia-copie\/","title":{"rendered":"Mo\u00ebt &amp; Chandon Ice Imperial Ros\u00e9 Bottiglia"},"content":{"rendered":"<p>Esplodendo dal suo letto di cubetti di ghiaccio, Mo\u00ebt Ice Imp\u00e9rial Ros\u00e9 di Mo\u00ebt &amp; Chandon \u00e8 uno champagne vibrante, seducente e rinfrescante con un sapore prevalentemente di frutti rossi. <strong><span style=\"color: #f16484\">L&#8217;esperienza del Mo\u00ebt Ice Ros\u00e9:<\/span><\/strong> Un semplice rituale per una degustazione di qualit\u00e0. Metti 3 cubetti di ghiaccio in un grande bicchiere da vino in stile Cabernet, versa il Mo\u00ebt Ice Imp\u00e9rial Ros\u00e9, attendi qualche istante e gustalo ghiacciato! <\/p>\n","protected":false},"excerpt":{"rendered":"<p>Mo\u00ebt Ice Imp\u00e9rial Ros\u00e9 riscrive i codici di degustazione dello champagne con stile! Creato appositamente per essere gustato fresco, con ghiaccio, in ampi bicchieri in stile Cabernet, il suo stile \u00e8 caratterizzato da un fruttato brillante, un palato delizioso e un&#8217;elegante maturit\u00e0. <\/p>\n","protected":false},"featured_media":73403,"template":"","meta":{"_acf_changed":false},"product_brand":[],"product_cat":[3537,3494,3307,2387,2402,2238,2775,2373,2377,2223,2222,2379],"product_tag":[2246,2247,2250],"class_list":{"0":"post-73389","1":"product","2":"type-product","3":"status-publish","4":"has-post-thumbnail","6":"maisons-selection-champagne-moet-chandon-it","7":"product_cat-offerta-di-bottiglie-allingrosso-b2b","8":"product_cat-selezione-per-box-da-bottiglia-rose","9":"product_cat-tutti-gli-champagne-e-i-set-regalo-esclusivi","10":"product_cat-categorie-maisons-de-champagne-it","11":"product_cat-categorie-moet-et-chandon-it","12":"product_cat-bouteilles-it","13":"product_cat-tutti-gli-champagne","14":"product_cat-champagne-demi-sec-doux","15":"product_cat-champagne-ete-it","16":"product_cat-aperitif-it","17":"product_cat-evenement-cocktail-it","18":"product_cat-experience-champagne","19":"product_tag-cocktail-champagne-it","20":"product_tag-experience-it","21":"product_tag-la-vie-en-rose-it","23":"first","24":"instock","25":"taxable","26":"shipping-taxable","27":"purchasable","28":"product-type-simple"},"acf":[],"yoast_head":"<!-- This site is optimized with the Yoast SEO plugin v26.4 - https:\/\/yoast.com\/wordpress\/plugins\/seo\/ -->\n<title>Mo\u00ebt &amp; Chandon Ice Imperial Ros\u00e9 Bottiglia - Champmarket<\/title>\n<meta name=\"description\" content=\"Mo\u00ebt Ice Imp\u00e9rial Ros\u00e9 fa rivivere i codici della degustazione dello champagne con stile! Creato appositamente per essere gustato fresco, con ghiaccio...\" \/>\n<meta name=\"robots\" content=\"index, follow, max-snippet:-1, max-image-preview:large, max-video-preview:-1\" \/>\n<link rel=\"canonical\" href=\"https:\/\/www.champmarket.com\/it\/champagne\/moet-chandon-ice-imperial-rose-bottiglia-copie\/\" \/>\n<meta property=\"og:locale\" content=\"it_IT\" \/>\n<meta property=\"og:type\" content=\"article\" \/>\n<meta property=\"og:title\" content=\"Mo\u00ebt &amp; Chandon Ice Imperial Ros\u00e9 Bottiglia - Champmarket\" \/>\n<meta property=\"og:description\" content=\"Mo\u00ebt Ice Imp\u00e9rial Ros\u00e9 fa rivivere i codici della degustazione dello champagne con stile! Creato appositamente per essere gustato fresco, con ghiaccio...\" \/>\n<meta property=\"og:url\" content=\"https:\/\/www.champmarket.com\/it\/champagne\/moet-chandon-ice-imperial-rose-bottiglia-copie\/\" \/>\n<meta property=\"og:site_name\" content=\"Champmarket\" \/>\n<meta property=\"article:publisher\" content=\"https:\/\/www.facebook.com\/ChampMarket\/\" \/>\n<meta property=\"article:modified_time\" content=\"2024-10-10T09:00:27+00:00\" \/>\n<meta property=\"og:image\" content=\"https:\/\/www.champmarket.com\/wp-content\/uploads\/2024\/09\/moet-et-chandon-ice-rose-bouteille-new.webp\" \/>\n\t<meta property=\"og:image:width\" content=\"1200\" \/>\n\t<meta property=\"og:image:height\" content=\"1200\" \/>\n\t<meta property=\"og:image:type\" content=\"image\/webp\" \/>\n<meta name=\"twitter:card\" content=\"summary_large_image\" \/>\n<meta name=\"twitter:site\" content=\"@champmarket\" \/>\n<meta name=\"twitter:label1\" content=\"Tempo di lettura stimato\" \/>\n\t<meta name=\"twitter:data1\" content=\"1 minuto\" \/>\n<script type=\"application\/ld+json\" class=\"yoast-schema-graph\">{\"@context\":\"https:\/\/schema.org\",\"@graph\":[{\"@type\":\"WebPage\",\"@id\":\"https:\/\/www.champmarket.com\/it\/champagne\/moet-chandon-ice-imperial-rose-bottiglia-copie\/\",\"url\":\"https:\/\/www.champmarket.com\/it\/champagne\/moet-chandon-ice-imperial-rose-bottiglia-copie\/\",\"name\":\"Mo\u00ebt &amp; Chandon Ice Imperial Ros\u00e9 Bottiglia - Champmarket\",\"isPartOf\":{\"@id\":\"https:\/\/www.champmarket.com\/#website\"},\"primaryImageOfPage\":{\"@id\":\"https:\/\/www.champmarket.com\/it\/champagne\/moet-chandon-ice-imperial-rose-bottiglia-copie\/#primaryimage\"},\"image\":{\"@id\":\"https:\/\/www.champmarket.com\/it\/champagne\/moet-chandon-ice-imperial-rose-bottiglia-copie\/#primaryimage\"},\"thumbnailUrl\":\"https:\/\/www.champmarket.com\/wp-content\/uploads\/2024\/09\/moet-et-chandon-ice-rose-bouteille-new.webp\",\"datePublished\":\"2024-09-19T16:02:06+00:00\",\"dateModified\":\"2024-10-10T09:00:27+00:00\",\"description\":\"Mo\u00ebt Ice Imp\u00e9rial Ros\u00e9 fa rivivere i codici della degustazione dello champagne con stile! Creato appositamente per essere gustato fresco, con ghiaccio...\",\"breadcrumb\":{\"@id\":\"https:\/\/www.champmarket.com\/it\/champagne\/moet-chandon-ice-imperial-rose-bottiglia-copie\/#breadcrumb\"},\"inLanguage\":\"it-IT\",\"potentialAction\":[{\"@type\":\"ReadAction\",\"target\":[\"https:\/\/www.champmarket.com\/it\/champagne\/moet-chandon-ice-imperial-rose-bottiglia-copie\/\"]}]},{\"@type\":\"ImageObject\",\"inLanguage\":\"it-IT\",\"@id\":\"https:\/\/www.champmarket.com\/it\/champagne\/moet-chandon-ice-imperial-rose-bottiglia-copie\/#primaryimage\",\"url\":\"https:\/\/www.champmarket.com\/wp-content\/uploads\/2024\/09\/moet-et-chandon-ice-rose-bouteille-new.webp\",\"contentUrl\":\"https:\/\/www.champmarket.com\/wp-content\/uploads\/2024\/09\/moet-et-chandon-ice-rose-bouteille-new.webp\",\"width\":1200,\"height\":1200,\"caption\":\"Champagne Mo\u00ebt & Chandon Ice Imperial Ros\u00e9 - Champmarket\"},{\"@type\":\"BreadcrumbList\",\"@id\":\"https:\/\/www.champmarket.com\/it\/champagne\/moet-chandon-ice-imperial-rose-bottiglia-copie\/#breadcrumb\",\"itemListElement\":[{\"@type\":\"ListItem\",\"position\":1,\"name\":\"Home\",\"item\":\"https:\/\/www.champmarket.com\/it\/acquista-champagne-online-champmarket\/\"},{\"@type\":\"ListItem\",\"position\":2,\"name\":\"Shop\",\"item\":\"https:\/\/www.champmarket.com\/it\/shop\/\"},{\"@type\":\"ListItem\",\"position\":3,\"name\":\"Mo\u00ebt &amp; Chandon\",\"item\":\"https:\/\/www.champmarket.com\/it\/maisons\/selection-champagne-moet-chandon-it\/\"},{\"@type\":\"ListItem\",\"position\":4,\"name\":\"Mo\u00ebt &amp; Chandon Ice Imperial Ros\u00e9 Bottiglia\"}]},{\"@type\":\"WebSite\",\"@id\":\"https:\/\/www.champmarket.com\/#website\",\"url\":\"https:\/\/www.champmarket.com\/\",\"name\":\"Champmarket\",\"description\":\"Champmarket, Champagnes, Cadeaux et Art de Vivre\",\"publisher\":{\"@id\":\"https:\/\/www.champmarket.com\/#organization\"},\"potentialAction\":[{\"@type\":\"SearchAction\",\"target\":{\"@type\":\"EntryPoint\",\"urlTemplate\":\"https:\/\/www.champmarket.com\/?s={search_term_string}\"},\"query-input\":{\"@type\":\"PropertyValueSpecification\",\"valueRequired\":true,\"valueName\":\"search_term_string\"}}],\"inLanguage\":\"it-IT\"},{\"@type\":\"Organization\",\"@id\":\"https:\/\/www.champmarket.com\/#organization\",\"name\":\"Champmarket\",\"url\":\"https:\/\/www.champmarket.com\/\",\"logo\":{\"@type\":\"ImageObject\",\"inLanguage\":\"it-IT\",\"@id\":\"https:\/\/www.champmarket.com\/#\/schema\/logo\/image\/\",\"url\":\"https:\/\/www.champmarket.com\/wp-content\/uploads\/2024\/08\/logo2024-1.svg\",\"contentUrl\":\"https:\/\/www.champmarket.com\/wp-content\/uploads\/2024\/08\/logo2024-1.svg\",\"width\":579.8,\"height\":80,\"caption\":\"Champmarket\"},\"image\":{\"@id\":\"https:\/\/www.champmarket.com\/#\/schema\/logo\/image\/\"},\"sameAs\":[\"https:\/\/www.facebook.com\/ChampMarket\/\",\"https:\/\/x.com\/champmarket\",\"https:\/\/www.instagram.com\/champmarket.paris\/\",\"https:\/\/www.pinterest.fr\/champmarketparis\/\",\"https:\/\/www.linkedin.com\/company\/champmarket\/\"]}]}<\/script>\n<!-- \/ Yoast SEO plugin. -->","yoast_head_json":{"title":"Mo\u00ebt &amp; Chandon Ice Imperial Ros\u00e9 Bottiglia - Champmarket","description":"Mo\u00ebt Ice Imp\u00e9rial Ros\u00e9 fa rivivere i codici della degustazione dello champagne con stile! Creato appositamente per essere gustato fresco, con ghiaccio...","robots":{"index":"index","follow":"follow","max-snippet":"max-snippet:-1","max-image-preview":"max-image-preview:large","max-video-preview":"max-video-preview:-1"},"canonical":"https:\/\/www.champmarket.com\/it\/champagne\/moet-chandon-ice-imperial-rose-bottiglia-copie\/","og_locale":"it_IT","og_type":"article","og_title":"Mo\u00ebt &amp; Chandon Ice Imperial Ros\u00e9 Bottiglia - Champmarket","og_description":"Mo\u00ebt Ice Imp\u00e9rial Ros\u00e9 fa rivivere i codici della degustazione dello champagne con stile! Creato appositamente per essere gustato fresco, con ghiaccio...","og_url":"https:\/\/www.champmarket.com\/it\/champagne\/moet-chandon-ice-imperial-rose-bottiglia-copie\/","og_site_name":"Champmarket","article_publisher":"https:\/\/www.facebook.com\/ChampMarket\/","article_modified_time":"2024-10-10T09:00:27+00:00","og_image":[{"width":1200,"height":1200,"url":"https:\/\/www.champmarket.com\/wp-content\/uploads\/2024\/09\/moet-et-chandon-ice-rose-bouteille-new.webp","type":"image\/webp"}],"twitter_card":"summary_large_image","twitter_site":"@champmarket","twitter_misc":{"Tempo di lettura stimato":"1 minuto"},"schema":{"@context":"https:\/\/schema.org","@graph":[{"@type":"WebPage","@id":"https:\/\/www.champmarket.com\/it\/champagne\/moet-chandon-ice-imperial-rose-bottiglia-copie\/","url":"https:\/\/www.champmarket.com\/it\/champagne\/moet-chandon-ice-imperial-rose-bottiglia-copie\/","name":"Mo\u00ebt &amp; Chandon Ice Imperial Ros\u00e9 Bottiglia - Champmarket","isPartOf":{"@id":"https:\/\/www.champmarket.com\/#website"},"primaryImageOfPage":{"@id":"https:\/\/www.champmarket.com\/it\/champagne\/moet-chandon-ice-imperial-rose-bottiglia-copie\/#primaryimage"},"image":{"@id":"https:\/\/www.champmarket.com\/it\/champagne\/moet-chandon-ice-imperial-rose-bottiglia-copie\/#primaryimage"},"thumbnailUrl":"https:\/\/www.champmarket.com\/wp-content\/uploads\/2024\/09\/moet-et-chandon-ice-rose-bouteille-new.webp","datePublished":"2024-09-19T16:02:06+00:00","dateModified":"2024-10-10T09:00:27+00:00","description":"Mo\u00ebt Ice Imp\u00e9rial Ros\u00e9 fa rivivere i codici della degustazione dello champagne con stile! Creato appositamente per essere gustato fresco, con ghiaccio...","breadcrumb":{"@id":"https:\/\/www.champmarket.com\/it\/champagne\/moet-chandon-ice-imperial-rose-bottiglia-copie\/#breadcrumb"},"inLanguage":"it-IT","potentialAction":[{"@type":"ReadAction","target":["https:\/\/www.champmarket.com\/it\/champagne\/moet-chandon-ice-imperial-rose-bottiglia-copie\/"]}]},{"@type":"ImageObject","inLanguage":"it-IT","@id":"https:\/\/www.champmarket.com\/it\/champagne\/moet-chandon-ice-imperial-rose-bottiglia-copie\/#primaryimage","url":"https:\/\/www.champmarket.com\/wp-content\/uploads\/2024\/09\/moet-et-chandon-ice-rose-bouteille-new.webp","contentUrl":"https:\/\/www.champmarket.com\/wp-content\/uploads\/2024\/09\/moet-et-chandon-ice-rose-bouteille-new.webp","width":1200,"height":1200,"caption":"Champagne Mo\u00ebt & Chandon Ice Imperial Ros\u00e9 - Champmarket"},{"@type":"BreadcrumbList","@id":"https:\/\/www.champmarket.com\/it\/champagne\/moet-chandon-ice-imperial-rose-bottiglia-copie\/#breadcrumb","itemListElement":[{"@type":"ListItem","position":1,"name":"Home","item":"https:\/\/www.champmarket.com\/it\/acquista-champagne-online-champmarket\/"},{"@type":"ListItem","position":2,"name":"Shop","item":"https:\/\/www.champmarket.com\/it\/shop\/"},{"@type":"ListItem","position":3,"name":"Mo\u00ebt &amp; Chandon","item":"https:\/\/www.champmarket.com\/it\/maisons\/selection-champagne-moet-chandon-it\/"},{"@type":"ListItem","position":4,"name":"Mo\u00ebt &amp; Chandon Ice Imperial Ros\u00e9 Bottiglia"}]},{"@type":"WebSite","@id":"https:\/\/www.champmarket.com\/#website","url":"https:\/\/www.champmarket.com\/","name":"Champmarket","description":"Champmarket, Champagnes, Cadeaux et Art de Vivre","publisher":{"@id":"https:\/\/www.champmarket.com\/#organization"},"potentialAction":[{"@type":"SearchAction","target":{"@type":"EntryPoint","urlTemplate":"https:\/\/www.champmarket.com\/?s={search_term_string}"},"query-input":{"@type":"PropertyValueSpecification","valueRequired":true,"valueName":"search_term_string"}}],"inLanguage":"it-IT"},{"@type":"Organization","@id":"https:\/\/www.champmarket.com\/#organization","name":"Champmarket","url":"https:\/\/www.champmarket.com\/","logo":{"@type":"ImageObject","inLanguage":"it-IT","@id":"https:\/\/www.champmarket.com\/#\/schema\/logo\/image\/","url":"https:\/\/www.champmarket.com\/wp-content\/uploads\/2024\/08\/logo2024-1.svg","contentUrl":"https:\/\/www.champmarket.com\/wp-content\/uploads\/2024\/08\/logo2024-1.svg","width":579.8,"height":80,"caption":"Champmarket"},"image":{"@id":"https:\/\/www.champmarket.com\/#\/schema\/logo\/image\/"},"sameAs":["https:\/\/www.facebook.com\/ChampMarket\/","https:\/\/x.com\/champmarket","https:\/\/www.instagram.com\/champmarket.paris\/","https:\/\/www.pinterest.fr\/champmarketparis\/","https:\/\/www.linkedin.com\/company\/champmarket\/"]}]}},"_links":{"self":[{"href":"https:\/\/www.champmarket.com\/it\/wp-json\/wp\/v2\/product\/73389","targetHints":{"allow":["GET"]}}],"collection":[{"href":"https:\/\/www.champmarket.com\/it\/wp-json\/wp\/v2\/product"}],"about":[{"href":"https:\/\/www.champmarket.com\/it\/wp-json\/wp\/v2\/types\/product"}],"version-history":[{"count":2,"href":"https:\/\/www.champmarket.com\/it\/wp-json\/wp\/v2\/product\/73389\/revisions"}],"predecessor-version":[{"id":74665,"href":"https:\/\/www.champmarket.com\/it\/wp-json\/wp\/v2\/product\/73389\/revisions\/74665"}],"wp:featuredmedia":[{"embeddable":true,"href":"https:\/\/www.champmarket.com\/it\/wp-json\/wp\/v2\/media\/73403"}],"wp:attachment":[{"href":"https:\/\/www.champmarket.com\/it\/wp-json\/wp\/v2\/media?parent=73389"}],"wp:term":[{"taxonomy":"product_brand","embeddable":true,"href":"https:\/\/www.champmarket.com\/it\/wp-json\/wp\/v2\/product_brand?post=73389"},{"taxonomy":"product_cat","embeddable":true,"href":"https:\/\/www.champmarket.com\/it\/wp-json\/wp\/v2\/product_cat?post=73389"},{"taxonomy":"product_tag","embeddable":true,"href":"https:\/\/www.champmarket.com\/it\/wp-json\/wp\/v2\/product_tag?post=73389"}],"curies":[{"name":"wp","href":"https:\/\/api.w.org\/{rel}","templated":true}]}}