{"id":73457,"date":"2024-09-20T09:54:48","date_gmt":"2024-09-20T07:54:49","guid":{"rendered":"https:\/\/www.champmarket.com\/?post_type=product&#038;p=73457"},"modified":"2024-10-10T10:56:59","modified_gmt":"2024-10-10T08:56:59","slug":"moet-chandon-ice-imperial-bottiglia-copie-copie-copie","status":"publish","type":"product","link":"https:\/\/www.champmarket.com\/it\/champagne\/moet-chandon-ice-imperial-bottiglia-copie-copie-copie\/","title":{"rendered":"Mo\u00ebt &amp; Chandon Ice Imperial Jeroboam"},"content":{"rendered":"<p>Mo\u00ebt Ice Imp\u00e9rial J\u00e9roboam di Mo\u00ebt &amp; Chandon \u00e8 stato creato appositamente per essere servito con ghiaccio.<br \/>\nCon la sua intensit\u00e0 fruttata, la ricca sensazione in bocca e il finale fresco, \u00e8 lo champagne perfetto per le tue giornate di sole!  Il formato Jeroboam \u00e8 una grande bottiglia con una capacit\u00e0 di 3 litri, pari a 4 bottiglie di champagne o 24 bicchieri. Questo grande formato \u00e8 ideale per ricevimenti, occasioni speciali e cene. <strong><span style=\"color: #23b9f3;\">L&#8217;esperienza Mo\u00ebt Ice:<\/span><\/strong> Un semplice rituale per una degustazione di qualit\u00e0. Mettete 3 cubetti di ghiaccio in un grande bicchiere da vino Cabernet, versate lo champagne Mo\u00ebt Ice, aspettate qualche istante e gustatelo ghiacciato!<\/p>\n","protected":false},"excerpt":{"rendered":"<p>Mo\u00ebt Ice Imperial J\u00e9roboam \u00e8 uno champagne intenso, fruttato e fresco, creato appositamente per essere servito con ghiaccio per un momento di assoluta freschezza!<br \/>\nPer accompagnare le tue giornate di sole, Mo\u00ebt &amp; Chandon rinnova l&#8217;arte della degustazione con Mo\u00ebt Ice Imperial, uno champagne da assaporare con il ghiaccio. <\/p>\n","protected":false},"featured_media":73432,"template":"","meta":{"_acf_changed":false},"product_brand":[],"product_cat":[3307,2387,2402,2226,2381,2775,2373,2377,2223,2222,2379],"product_tag":[2246,2247,2230,2228,2231],"class_list":{"0":"post-73457","1":"product","2":"type-product","3":"status-publish","4":"has-post-thumbnail","6":"maisons-selection-champagne-moet-chandon-it","7":"product_cat-tutti-gli-champagne-e-i-set-regalo-esclusivi","8":"product_cat-categorie-maisons-de-champagne-it","9":"product_cat-categorie-moet-et-chandon-it","10":"product_cat-bottiglie-grande-it","11":"product_cat-jeroboam-it","12":"product_cat-tutti-gli-champagne","13":"product_cat-champagne-demi-sec-doux","14":"product_cat-champagne-ete-it","15":"product_cat-aperitif-it","16":"product_cat-evenement-cocktail-it","17":"product_cat-experience-champagne","18":"product_tag-cocktail-champagne-it","19":"product_tag-experience-it","20":"product_tag-grande-fiaschetta","21":"product_tag-aperitif-it","22":"product_tag-cocktail-event-it","24":"first","25":"instock","26":"taxable","27":"shipping-taxable","28":"purchasable","29":"product-type-simple"},"acf":[],"yoast_head":"<!-- This site is optimized with the Yoast SEO plugin v26.4 - https:\/\/yoast.com\/wordpress\/plugins\/seo\/ -->\n<title>Mo\u00ebt &amp; Chandon Ice Imperial Jeroboam - Champmarket<\/title>\n<meta name=\"description\" content=\"Mo\u00ebt Ice Imperial J\u00e9roboam \u00e8 uno champagne intenso, fruttato e fresco, creato appositamente per essere servito con ghiaccio per un momento di assoluta freschezza.\" \/>\n<meta name=\"robots\" content=\"index, follow, max-snippet:-1, max-image-preview:large, max-video-preview:-1\" \/>\n<link rel=\"canonical\" href=\"https:\/\/www.champmarket.com\/it\/champagne\/moet-chandon-ice-imperial-bottiglia-copie-copie-copie\/\" \/>\n<meta property=\"og:locale\" content=\"it_IT\" \/>\n<meta property=\"og:type\" content=\"article\" \/>\n<meta property=\"og:title\" content=\"Mo\u00ebt &amp; Chandon Ice Imperial Jeroboam - Champmarket\" \/>\n<meta property=\"og:description\" content=\"Mo\u00ebt Ice Imperial J\u00e9roboam \u00e8 uno champagne intenso, fruttato e fresco, creato appositamente per essere servito con ghiaccio per un momento di assoluta freschezza.\" \/>\n<meta property=\"og:url\" content=\"https:\/\/www.champmarket.com\/it\/champagne\/moet-chandon-ice-imperial-bottiglia-copie-copie-copie\/\" \/>\n<meta property=\"og:site_name\" content=\"Champmarket\" \/>\n<meta property=\"article:publisher\" content=\"https:\/\/www.facebook.com\/ChampMarket\/\" \/>\n<meta property=\"article:modified_time\" content=\"2024-10-10T08:56:59+00:00\" \/>\n<meta property=\"og:image\" content=\"https:\/\/www.champmarket.com\/wp-content\/uploads\/2024\/06\/moet-et-chandon-ice-imperial-jeroboam-new.webp\" \/>\n\t<meta property=\"og:image:width\" content=\"1200\" \/>\n\t<meta property=\"og:image:height\" content=\"1200\" \/>\n\t<meta property=\"og:image:type\" content=\"image\/webp\" \/>\n<meta name=\"twitter:card\" content=\"summary_large_image\" \/>\n<meta name=\"twitter:site\" content=\"@champmarket\" \/>\n<meta name=\"twitter:label1\" content=\"Tempo di lettura stimato\" \/>\n\t<meta name=\"twitter:data1\" content=\"1 minuto\" \/>\n<script type=\"application\/ld+json\" class=\"yoast-schema-graph\">{\"@context\":\"https:\/\/schema.org\",\"@graph\":[{\"@type\":\"WebPage\",\"@id\":\"https:\/\/www.champmarket.com\/it\/champagne\/moet-chandon-ice-imperial-bottiglia-copie-copie-copie\/\",\"url\":\"https:\/\/www.champmarket.com\/it\/champagne\/moet-chandon-ice-imperial-bottiglia-copie-copie-copie\/\",\"name\":\"Mo\u00ebt &amp; Chandon Ice Imperial Jeroboam - Champmarket\",\"isPartOf\":{\"@id\":\"https:\/\/www.champmarket.com\/#website\"},\"primaryImageOfPage\":{\"@id\":\"https:\/\/www.champmarket.com\/it\/champagne\/moet-chandon-ice-imperial-bottiglia-copie-copie-copie\/#primaryimage\"},\"image\":{\"@id\":\"https:\/\/www.champmarket.com\/it\/champagne\/moet-chandon-ice-imperial-bottiglia-copie-copie-copie\/#primaryimage\"},\"thumbnailUrl\":\"https:\/\/www.champmarket.com\/wp-content\/uploads\/2024\/06\/moet-et-chandon-ice-imperial-jeroboam-new.webp\",\"datePublished\":\"2024-09-20T07:54:49+00:00\",\"dateModified\":\"2024-10-10T08:56:59+00:00\",\"description\":\"Mo\u00ebt Ice Imperial J\u00e9roboam \u00e8 uno champagne intenso, fruttato e fresco, creato appositamente per essere servito con ghiaccio per un momento di assoluta freschezza.\",\"breadcrumb\":{\"@id\":\"https:\/\/www.champmarket.com\/it\/champagne\/moet-chandon-ice-imperial-bottiglia-copie-copie-copie\/#breadcrumb\"},\"inLanguage\":\"it-IT\",\"potentialAction\":[{\"@type\":\"ReadAction\",\"target\":[\"https:\/\/www.champmarket.com\/it\/champagne\/moet-chandon-ice-imperial-bottiglia-copie-copie-copie\/\"]}]},{\"@type\":\"ImageObject\",\"inLanguage\":\"it-IT\",\"@id\":\"https:\/\/www.champmarket.com\/it\/champagne\/moet-chandon-ice-imperial-bottiglia-copie-copie-copie\/#primaryimage\",\"url\":\"https:\/\/www.champmarket.com\/wp-content\/uploads\/2024\/06\/moet-et-chandon-ice-imperial-jeroboam-new.webp\",\"contentUrl\":\"https:\/\/www.champmarket.com\/wp-content\/uploads\/2024\/06\/moet-et-chandon-ice-imperial-jeroboam-new.webp\",\"width\":1200,\"height\":1200,\"caption\":\"Champagne Mo\u00ebt & Chandon Ice Imperial - Champmarket\"},{\"@type\":\"BreadcrumbList\",\"@id\":\"https:\/\/www.champmarket.com\/it\/champagne\/moet-chandon-ice-imperial-bottiglia-copie-copie-copie\/#breadcrumb\",\"itemListElement\":[{\"@type\":\"ListItem\",\"position\":1,\"name\":\"Home\",\"item\":\"https:\/\/www.champmarket.com\/it\/acquista-champagne-online-champmarket\/\"},{\"@type\":\"ListItem\",\"position\":2,\"name\":\"Shop\",\"item\":\"https:\/\/www.champmarket.com\/it\/shop\/\"},{\"@type\":\"ListItem\",\"position\":3,\"name\":\"Mo\u00ebt &amp; Chandon\",\"item\":\"https:\/\/www.champmarket.com\/it\/maisons\/selection-champagne-moet-chandon-it\/\"},{\"@type\":\"ListItem\",\"position\":4,\"name\":\"Mo\u00ebt &amp; Chandon Ice Imperial Jeroboam\"}]},{\"@type\":\"WebSite\",\"@id\":\"https:\/\/www.champmarket.com\/#website\",\"url\":\"https:\/\/www.champmarket.com\/\",\"name\":\"Champmarket\",\"description\":\"Champmarket, Champagnes, Cadeaux et Art de Vivre\",\"publisher\":{\"@id\":\"https:\/\/www.champmarket.com\/#organization\"},\"potentialAction\":[{\"@type\":\"SearchAction\",\"target\":{\"@type\":\"EntryPoint\",\"urlTemplate\":\"https:\/\/www.champmarket.com\/?s={search_term_string}\"},\"query-input\":{\"@type\":\"PropertyValueSpecification\",\"valueRequired\":true,\"valueName\":\"search_term_string\"}}],\"inLanguage\":\"it-IT\"},{\"@type\":\"Organization\",\"@id\":\"https:\/\/www.champmarket.com\/#organization\",\"name\":\"Champmarket\",\"url\":\"https:\/\/www.champmarket.com\/\",\"logo\":{\"@type\":\"ImageObject\",\"inLanguage\":\"it-IT\",\"@id\":\"https:\/\/www.champmarket.com\/#\/schema\/logo\/image\/\",\"url\":\"https:\/\/www.champmarket.com\/wp-content\/uploads\/2024\/08\/logo2024-1.svg\",\"contentUrl\":\"https:\/\/www.champmarket.com\/wp-content\/uploads\/2024\/08\/logo2024-1.svg\",\"width\":579.8,\"height\":80,\"caption\":\"Champmarket\"},\"image\":{\"@id\":\"https:\/\/www.champmarket.com\/#\/schema\/logo\/image\/\"},\"sameAs\":[\"https:\/\/www.facebook.com\/ChampMarket\/\",\"https:\/\/x.com\/champmarket\",\"https:\/\/www.instagram.com\/champmarket.paris\/\",\"https:\/\/www.pinterest.fr\/champmarketparis\/\",\"https:\/\/www.linkedin.com\/company\/champmarket\/\"]}]}<\/script>\n<!-- \/ Yoast SEO plugin. -->","yoast_head_json":{"title":"Mo\u00ebt &amp; Chandon Ice Imperial Jeroboam - Champmarket","description":"Mo\u00ebt Ice Imperial J\u00e9roboam \u00e8 uno champagne intenso, fruttato e fresco, creato appositamente per essere servito con ghiaccio per un momento di assoluta freschezza.","robots":{"index":"index","follow":"follow","max-snippet":"max-snippet:-1","max-image-preview":"max-image-preview:large","max-video-preview":"max-video-preview:-1"},"canonical":"https:\/\/www.champmarket.com\/it\/champagne\/moet-chandon-ice-imperial-bottiglia-copie-copie-copie\/","og_locale":"it_IT","og_type":"article","og_title":"Mo\u00ebt &amp; Chandon Ice Imperial Jeroboam - Champmarket","og_description":"Mo\u00ebt Ice Imperial J\u00e9roboam \u00e8 uno champagne intenso, fruttato e fresco, creato appositamente per essere servito con ghiaccio per un momento di assoluta freschezza.","og_url":"https:\/\/www.champmarket.com\/it\/champagne\/moet-chandon-ice-imperial-bottiglia-copie-copie-copie\/","og_site_name":"Champmarket","article_publisher":"https:\/\/www.facebook.com\/ChampMarket\/","article_modified_time":"2024-10-10T08:56:59+00:00","og_image":[{"width":1200,"height":1200,"url":"https:\/\/www.champmarket.com\/wp-content\/uploads\/2024\/06\/moet-et-chandon-ice-imperial-jeroboam-new.webp","type":"image\/webp"}],"twitter_card":"summary_large_image","twitter_site":"@champmarket","twitter_misc":{"Tempo di lettura stimato":"1 minuto"},"schema":{"@context":"https:\/\/schema.org","@graph":[{"@type":"WebPage","@id":"https:\/\/www.champmarket.com\/it\/champagne\/moet-chandon-ice-imperial-bottiglia-copie-copie-copie\/","url":"https:\/\/www.champmarket.com\/it\/champagne\/moet-chandon-ice-imperial-bottiglia-copie-copie-copie\/","name":"Mo\u00ebt &amp; Chandon Ice Imperial Jeroboam - Champmarket","isPartOf":{"@id":"https:\/\/www.champmarket.com\/#website"},"primaryImageOfPage":{"@id":"https:\/\/www.champmarket.com\/it\/champagne\/moet-chandon-ice-imperial-bottiglia-copie-copie-copie\/#primaryimage"},"image":{"@id":"https:\/\/www.champmarket.com\/it\/champagne\/moet-chandon-ice-imperial-bottiglia-copie-copie-copie\/#primaryimage"},"thumbnailUrl":"https:\/\/www.champmarket.com\/wp-content\/uploads\/2024\/06\/moet-et-chandon-ice-imperial-jeroboam-new.webp","datePublished":"2024-09-20T07:54:49+00:00","dateModified":"2024-10-10T08:56:59+00:00","description":"Mo\u00ebt Ice Imperial J\u00e9roboam \u00e8 uno champagne intenso, fruttato e fresco, creato appositamente per essere servito con ghiaccio per un momento di assoluta freschezza.","breadcrumb":{"@id":"https:\/\/www.champmarket.com\/it\/champagne\/moet-chandon-ice-imperial-bottiglia-copie-copie-copie\/#breadcrumb"},"inLanguage":"it-IT","potentialAction":[{"@type":"ReadAction","target":["https:\/\/www.champmarket.com\/it\/champagne\/moet-chandon-ice-imperial-bottiglia-copie-copie-copie\/"]}]},{"@type":"ImageObject","inLanguage":"it-IT","@id":"https:\/\/www.champmarket.com\/it\/champagne\/moet-chandon-ice-imperial-bottiglia-copie-copie-copie\/#primaryimage","url":"https:\/\/www.champmarket.com\/wp-content\/uploads\/2024\/06\/moet-et-chandon-ice-imperial-jeroboam-new.webp","contentUrl":"https:\/\/www.champmarket.com\/wp-content\/uploads\/2024\/06\/moet-et-chandon-ice-imperial-jeroboam-new.webp","width":1200,"height":1200,"caption":"Champagne Mo\u00ebt & Chandon Ice Imperial - Champmarket"},{"@type":"BreadcrumbList","@id":"https:\/\/www.champmarket.com\/it\/champagne\/moet-chandon-ice-imperial-bottiglia-copie-copie-copie\/#breadcrumb","itemListElement":[{"@type":"ListItem","position":1,"name":"Home","item":"https:\/\/www.champmarket.com\/it\/acquista-champagne-online-champmarket\/"},{"@type":"ListItem","position":2,"name":"Shop","item":"https:\/\/www.champmarket.com\/it\/shop\/"},{"@type":"ListItem","position":3,"name":"Mo\u00ebt &amp; Chandon","item":"https:\/\/www.champmarket.com\/it\/maisons\/selection-champagne-moet-chandon-it\/"},{"@type":"ListItem","position":4,"name":"Mo\u00ebt &amp; Chandon Ice Imperial Jeroboam"}]},{"@type":"WebSite","@id":"https:\/\/www.champmarket.com\/#website","url":"https:\/\/www.champmarket.com\/","name":"Champmarket","description":"Champmarket, Champagnes, Cadeaux et Art de Vivre","publisher":{"@id":"https:\/\/www.champmarket.com\/#organization"},"potentialAction":[{"@type":"SearchAction","target":{"@type":"EntryPoint","urlTemplate":"https:\/\/www.champmarket.com\/?s={search_term_string}"},"query-input":{"@type":"PropertyValueSpecification","valueRequired":true,"valueName":"search_term_string"}}],"inLanguage":"it-IT"},{"@type":"Organization","@id":"https:\/\/www.champmarket.com\/#organization","name":"Champmarket","url":"https:\/\/www.champmarket.com\/","logo":{"@type":"ImageObject","inLanguage":"it-IT","@id":"https:\/\/www.champmarket.com\/#\/schema\/logo\/image\/","url":"https:\/\/www.champmarket.com\/wp-content\/uploads\/2024\/08\/logo2024-1.svg","contentUrl":"https:\/\/www.champmarket.com\/wp-content\/uploads\/2024\/08\/logo2024-1.svg","width":579.8,"height":80,"caption":"Champmarket"},"image":{"@id":"https:\/\/www.champmarket.com\/#\/schema\/logo\/image\/"},"sameAs":["https:\/\/www.facebook.com\/ChampMarket\/","https:\/\/x.com\/champmarket","https:\/\/www.instagram.com\/champmarket.paris\/","https:\/\/www.pinterest.fr\/champmarketparis\/","https:\/\/www.linkedin.com\/company\/champmarket\/"]}]}},"_links":{"self":[{"href":"https:\/\/www.champmarket.com\/it\/wp-json\/wp\/v2\/product\/73457","targetHints":{"allow":["GET"]}}],"collection":[{"href":"https:\/\/www.champmarket.com\/it\/wp-json\/wp\/v2\/product"}],"about":[{"href":"https:\/\/www.champmarket.com\/it\/wp-json\/wp\/v2\/types\/product"}],"version-history":[{"count":3,"href":"https:\/\/www.champmarket.com\/it\/wp-json\/wp\/v2\/product\/73457\/revisions"}],"predecessor-version":[{"id":74657,"href":"https:\/\/www.champmarket.com\/it\/wp-json\/wp\/v2\/product\/73457\/revisions\/74657"}],"wp:featuredmedia":[{"embeddable":true,"href":"https:\/\/www.champmarket.com\/it\/wp-json\/wp\/v2\/media\/73432"}],"wp:attachment":[{"href":"https:\/\/www.champmarket.com\/it\/wp-json\/wp\/v2\/media?parent=73457"}],"wp:term":[{"taxonomy":"product_brand","embeddable":true,"href":"https:\/\/www.champmarket.com\/it\/wp-json\/wp\/v2\/product_brand?post=73457"},{"taxonomy":"product_cat","embeddable":true,"href":"https:\/\/www.champmarket.com\/it\/wp-json\/wp\/v2\/product_cat?post=73457"},{"taxonomy":"product_tag","embeddable":true,"href":"https:\/\/www.champmarket.com\/it\/wp-json\/wp\/v2\/product_tag?post=73457"}],"curies":[{"name":"wp","href":"https:\/\/api.w.org\/{rel}","templated":true}]}}