{"id":73484,"date":"2024-09-20T14:43:54","date_gmt":"2024-09-20T12:43:54","guid":{"rendered":"https:\/\/www.champmarket.com\/?post_type=product&#038;p=73484"},"modified":"2025-05-05T16:44:10","modified_gmt":"2025-05-05T14:44:10","slug":"dom-perignon-vintage-2013-bottiglia-copie-copie","status":"publish","type":"product","link":"https:\/\/www.champmarket.com\/it\/champagne\/dom-perignon-vintage-2013-bottiglia-copie-copie\/","title":{"rendered":"Dom P\u00e9rignon Vintage 2015 -bottiglia con box"},"content":{"rendered":"<p>La struttura del Vintage 2015 \u00e8 orizzontale, ampia e diritta, e riflette l&#8217;intensit\u00e0 del vino. Ogni sorso copre il palato, lasciando il segno con sapori chiari e puliti, disegnati da linee rette piuttosto che da curve. Questo design strutturato \u00e8 la vera firma di Dom P\u00e9rignon, dove il tatto diventa fondamentale. Senza questa dimensione tattile, il gusto del vino non potrebbe dispiegarsi pienamente nello spazio e nel tempo della sua degustazione.   <\/p>\n<p>Dom P\u00e9rignon ha un&#8217;ambizione creativa, quella della ricerca, costantemente rinnovata, dell&#8217;armonia dello champagne. I suoi valori sensoriali sono dispiegati: precisione, intensit\u00e0, tattilit\u00e0, mineralit\u00e0, complessit\u00e0, completezza, un modo di trattenere la nota.<\/p>\n<p>Ogni processo creativo ha i suoi vincoli. Per Dom P\u00e9rignon \u00e8 l&#8217;annata. Un impegno assoluto a testimoniare il raccolto di uno stesso anno, qualunque sia la sfida, fino al punto di accettare di non dichiarare l&#8217;annata.<\/p>\n<p>Il tempo fa parte dell&#8217;equazione Dom P\u00e9rignon. Durante il periodo di maturazione attiva sui lieviti, nell&#8217;oscurit\u00e0 delle cantine, ogni annata si rivela. Per il Dom P\u00e9rignon Vintage 2015 con Box, questa lenta metamorfosi \u00e8 durata quasi dieci anni.<\/p>\n","protected":false},"excerpt":{"rendered":"<p>Il Dom P\u00e9rignon Vintage 2015 con Box, nato da un anno di eccezionali contrasti, si distingue per la sua forza e per la sua sorprendente presenza tattile. Questo Vintage, inizialmente scuro ed enigmatico, rivela una consistenza che tocca in modo straordinario, offrendo un&#8217;esperienza sensoriale unica. L&#8217;emozione suscitata dal Dom P\u00e9rignon Vintage 2015 oscilla tra stimolo e armonia. La sottile amarezza agisce, mentre la generosit\u00e0 del vino dispiega una lunga vibrazione e una grana strutturata, aprendosi gradualmente. Questo Vintage illustra perfettamente la capacit\u00e0 di Dom P\u00e9rignon di catturare l&#8217;essenza degli ingredienti con cui viene servito, promettendo una degustazione memorabile caratterizzata da intensit\u00e0 e finezza.   <\/p>\n","protected":false},"featured_media":73475,"template":"","meta":{"_acf_changed":false},"product_brand":[],"product_cat":[3537,3549,3472,3366,3317,3307,2387,2393,2238,2386,2368,2775,2225,2375,2223,2224],"product_tag":[2248,2249,2228,2255,2229,2232],"class_list":{"0":"post-73484","1":"product","2":"type-product","3":"status-publish","4":"has-post-thumbnail","6":"maisons-selection-champagne-dom-perignon-it","7":"product_cat-offerta-di-bottiglie-allingrosso-b2b","8":"product_cat-prezzi-agevolati","9":"product_cat-i-nostri-preferiti","10":"product_cat-champagne-di-natale","11":"product_cat-i-migliori-champagne","12":"product_cat-tutti-gli-champagne-e-i-set-regalo-esclusivi","13":"product_cat-categorie-maisons-de-champagne-it","14":"product_cat-categorie-dom-perignon-it","15":"product_cat-bouteilles-it","16":"product_cat-essenziali-it","17":"product_cat-regali-professionali-it","18":"product_cat-tutti-gli-champagne","19":"product_cat-champagne-millesime-it","20":"product_cat-champagne-prestige-it","21":"product_cat-aperitif-it","22":"product_cat-repas-it","23":"product_tag-haute-couture-it","24":"product_tag-incontournable-it","25":"product_tag-aperitif-it","26":"product_tag-pour-offrir-it","27":"product_tag-per-un-pasto-con-champagne","28":"product_tag-vintage-it","30":"first","31":"instock","32":"taxable","33":"shipping-taxable","34":"purchasable","35":"product-type-simple"},"acf":[],"yoast_head":"<!-- This site is optimized with the Yoast SEO plugin v26.4 - https:\/\/yoast.com\/wordpress\/plugins\/seo\/ -->\n<title>Dom P\u00e9rignon Vintage 2015 -bottiglia con box - Champmarket<\/title>\n<meta name=\"description\" content=\"Il Dom P\u00e9rignon Vintage 2015 con Box, nato da un anno di eccezionali contrasti, si distingue per la sua forza e per la sua sorprendente presenza tattile.\" \/>\n<meta name=\"robots\" content=\"index, follow, max-snippet:-1, max-image-preview:large, max-video-preview:-1\" \/>\n<link rel=\"canonical\" href=\"https:\/\/www.champmarket.com\/it\/champagne\/dom-perignon-vintage-2013-bottiglia-copie-copie\/\" \/>\n<meta property=\"og:locale\" content=\"it_IT\" \/>\n<meta property=\"og:type\" content=\"article\" \/>\n<meta property=\"og:title\" content=\"Dom P\u00e9rignon Vintage 2015 -bottiglia con box - Champmarket\" \/>\n<meta property=\"og:description\" content=\"Il Dom P\u00e9rignon Vintage 2015 con Box, nato da un anno di eccezionali contrasti, si distingue per la sua forza e per la sua sorprendente presenza tattile.\" \/>\n<meta property=\"og:url\" content=\"https:\/\/www.champmarket.com\/it\/champagne\/dom-perignon-vintage-2013-bottiglia-copie-copie\/\" \/>\n<meta property=\"og:site_name\" content=\"Champmarket\" \/>\n<meta property=\"article:publisher\" content=\"https:\/\/www.facebook.com\/ChampMarket\/\" \/>\n<meta property=\"article:modified_time\" content=\"2025-05-05T14:44:10+00:00\" \/>\n<meta property=\"og:image\" content=\"https:\/\/www.champmarket.com\/wp-content\/uploads\/2024\/09\/dom-perignon-vintage-2015-bouteille-coffret.webp\" \/>\n\t<meta property=\"og:image:width\" content=\"1200\" \/>\n\t<meta property=\"og:image:height\" content=\"1200\" \/>\n\t<meta property=\"og:image:type\" content=\"image\/webp\" \/>\n<meta name=\"twitter:card\" content=\"summary_large_image\" \/>\n<meta name=\"twitter:site\" content=\"@champmarket\" \/>\n<meta name=\"twitter:label1\" content=\"Tempo di lettura stimato\" \/>\n\t<meta name=\"twitter:data1\" content=\"2 minuti\" \/>\n<script type=\"application\/ld+json\" class=\"yoast-schema-graph\">{\"@context\":\"https:\/\/schema.org\",\"@graph\":[{\"@type\":\"WebPage\",\"@id\":\"https:\/\/www.champmarket.com\/it\/champagne\/dom-perignon-vintage-2013-bottiglia-copie-copie\/\",\"url\":\"https:\/\/www.champmarket.com\/it\/champagne\/dom-perignon-vintage-2013-bottiglia-copie-copie\/\",\"name\":\"Dom P\u00e9rignon Vintage 2015 -bottiglia con box - Champmarket\",\"isPartOf\":{\"@id\":\"https:\/\/www.champmarket.com\/#website\"},\"primaryImageOfPage\":{\"@id\":\"https:\/\/www.champmarket.com\/it\/champagne\/dom-perignon-vintage-2013-bottiglia-copie-copie\/#primaryimage\"},\"image\":{\"@id\":\"https:\/\/www.champmarket.com\/it\/champagne\/dom-perignon-vintage-2013-bottiglia-copie-copie\/#primaryimage\"},\"thumbnailUrl\":\"https:\/\/www.champmarket.com\/wp-content\/uploads\/2024\/09\/dom-perignon-vintage-2015-bouteille-coffret.webp\",\"datePublished\":\"2024-09-20T12:43:54+00:00\",\"dateModified\":\"2025-05-05T14:44:10+00:00\",\"description\":\"Il Dom P\u00e9rignon Vintage 2015 con Box, nato da un anno di eccezionali contrasti, si distingue per la sua forza e per la sua sorprendente presenza tattile.\",\"breadcrumb\":{\"@id\":\"https:\/\/www.champmarket.com\/it\/champagne\/dom-perignon-vintage-2013-bottiglia-copie-copie\/#breadcrumb\"},\"inLanguage\":\"it-IT\",\"potentialAction\":[{\"@type\":\"ReadAction\",\"target\":[\"https:\/\/www.champmarket.com\/it\/champagne\/dom-perignon-vintage-2013-bottiglia-copie-copie\/\"]}]},{\"@type\":\"ImageObject\",\"inLanguage\":\"it-IT\",\"@id\":\"https:\/\/www.champmarket.com\/it\/champagne\/dom-perignon-vintage-2013-bottiglia-copie-copie\/#primaryimage\",\"url\":\"https:\/\/www.champmarket.com\/wp-content\/uploads\/2024\/09\/dom-perignon-vintage-2015-bouteille-coffret.webp\",\"contentUrl\":\"https:\/\/www.champmarket.com\/wp-content\/uploads\/2024\/09\/dom-perignon-vintage-2015-bouteille-coffret.webp\",\"width\":1200,\"height\":1200,\"caption\":\"Champagne Dom P\u00e9rignon Vintage 2015 - Champmarket\"},{\"@type\":\"BreadcrumbList\",\"@id\":\"https:\/\/www.champmarket.com\/it\/champagne\/dom-perignon-vintage-2013-bottiglia-copie-copie\/#breadcrumb\",\"itemListElement\":[{\"@type\":\"ListItem\",\"position\":1,\"name\":\"Home\",\"item\":\"https:\/\/www.champmarket.com\/it\/acquista-champagne-online-champmarket\/\"},{\"@type\":\"ListItem\",\"position\":2,\"name\":\"Shop\",\"item\":\"https:\/\/www.champmarket.com\/it\/shop\/\"},{\"@type\":\"ListItem\",\"position\":3,\"name\":\"Dom P\u00e9rignon\",\"item\":\"https:\/\/www.champmarket.com\/it\/maisons\/selection-champagne-dom-perignon-it\/\"},{\"@type\":\"ListItem\",\"position\":4,\"name\":\"Dom P\u00e9rignon Vintage 2015 -bottiglia con box\"}]},{\"@type\":\"WebSite\",\"@id\":\"https:\/\/www.champmarket.com\/#website\",\"url\":\"https:\/\/www.champmarket.com\/\",\"name\":\"Champmarket\",\"description\":\"Champmarket, Champagnes, Cadeaux et Art de Vivre\",\"publisher\":{\"@id\":\"https:\/\/www.champmarket.com\/#organization\"},\"potentialAction\":[{\"@type\":\"SearchAction\",\"target\":{\"@type\":\"EntryPoint\",\"urlTemplate\":\"https:\/\/www.champmarket.com\/?s={search_term_string}\"},\"query-input\":{\"@type\":\"PropertyValueSpecification\",\"valueRequired\":true,\"valueName\":\"search_term_string\"}}],\"inLanguage\":\"it-IT\"},{\"@type\":\"Organization\",\"@id\":\"https:\/\/www.champmarket.com\/#organization\",\"name\":\"Champmarket\",\"url\":\"https:\/\/www.champmarket.com\/\",\"logo\":{\"@type\":\"ImageObject\",\"inLanguage\":\"it-IT\",\"@id\":\"https:\/\/www.champmarket.com\/#\/schema\/logo\/image\/\",\"url\":\"https:\/\/www.champmarket.com\/wp-content\/uploads\/2024\/08\/logo2024-1.svg\",\"contentUrl\":\"https:\/\/www.champmarket.com\/wp-content\/uploads\/2024\/08\/logo2024-1.svg\",\"width\":579.8,\"height\":80,\"caption\":\"Champmarket\"},\"image\":{\"@id\":\"https:\/\/www.champmarket.com\/#\/schema\/logo\/image\/\"},\"sameAs\":[\"https:\/\/www.facebook.com\/ChampMarket\/\",\"https:\/\/x.com\/champmarket\",\"https:\/\/www.instagram.com\/champmarket.paris\/\",\"https:\/\/www.pinterest.fr\/champmarketparis\/\",\"https:\/\/www.linkedin.com\/company\/champmarket\/\"]}]}<\/script>\n<!-- \/ Yoast SEO plugin. -->","yoast_head_json":{"title":"Dom P\u00e9rignon Vintage 2015 -bottiglia con box - Champmarket","description":"Il Dom P\u00e9rignon Vintage 2015 con Box, nato da un anno di eccezionali contrasti, si distingue per la sua forza e per la sua sorprendente presenza tattile.","robots":{"index":"index","follow":"follow","max-snippet":"max-snippet:-1","max-image-preview":"max-image-preview:large","max-video-preview":"max-video-preview:-1"},"canonical":"https:\/\/www.champmarket.com\/it\/champagne\/dom-perignon-vintage-2013-bottiglia-copie-copie\/","og_locale":"it_IT","og_type":"article","og_title":"Dom P\u00e9rignon Vintage 2015 -bottiglia con box - Champmarket","og_description":"Il Dom P\u00e9rignon Vintage 2015 con Box, nato da un anno di eccezionali contrasti, si distingue per la sua forza e per la sua sorprendente presenza tattile.","og_url":"https:\/\/www.champmarket.com\/it\/champagne\/dom-perignon-vintage-2013-bottiglia-copie-copie\/","og_site_name":"Champmarket","article_publisher":"https:\/\/www.facebook.com\/ChampMarket\/","article_modified_time":"2025-05-05T14:44:10+00:00","og_image":[{"width":1200,"height":1200,"url":"https:\/\/www.champmarket.com\/wp-content\/uploads\/2024\/09\/dom-perignon-vintage-2015-bouteille-coffret.webp","type":"image\/webp"}],"twitter_card":"summary_large_image","twitter_site":"@champmarket","twitter_misc":{"Tempo di lettura stimato":"2 minuti"},"schema":{"@context":"https:\/\/schema.org","@graph":[{"@type":"WebPage","@id":"https:\/\/www.champmarket.com\/it\/champagne\/dom-perignon-vintage-2013-bottiglia-copie-copie\/","url":"https:\/\/www.champmarket.com\/it\/champagne\/dom-perignon-vintage-2013-bottiglia-copie-copie\/","name":"Dom P\u00e9rignon Vintage 2015 -bottiglia con box - Champmarket","isPartOf":{"@id":"https:\/\/www.champmarket.com\/#website"},"primaryImageOfPage":{"@id":"https:\/\/www.champmarket.com\/it\/champagne\/dom-perignon-vintage-2013-bottiglia-copie-copie\/#primaryimage"},"image":{"@id":"https:\/\/www.champmarket.com\/it\/champagne\/dom-perignon-vintage-2013-bottiglia-copie-copie\/#primaryimage"},"thumbnailUrl":"https:\/\/www.champmarket.com\/wp-content\/uploads\/2024\/09\/dom-perignon-vintage-2015-bouteille-coffret.webp","datePublished":"2024-09-20T12:43:54+00:00","dateModified":"2025-05-05T14:44:10+00:00","description":"Il Dom P\u00e9rignon Vintage 2015 con Box, nato da un anno di eccezionali contrasti, si distingue per la sua forza e per la sua sorprendente presenza tattile.","breadcrumb":{"@id":"https:\/\/www.champmarket.com\/it\/champagne\/dom-perignon-vintage-2013-bottiglia-copie-copie\/#breadcrumb"},"inLanguage":"it-IT","potentialAction":[{"@type":"ReadAction","target":["https:\/\/www.champmarket.com\/it\/champagne\/dom-perignon-vintage-2013-bottiglia-copie-copie\/"]}]},{"@type":"ImageObject","inLanguage":"it-IT","@id":"https:\/\/www.champmarket.com\/it\/champagne\/dom-perignon-vintage-2013-bottiglia-copie-copie\/#primaryimage","url":"https:\/\/www.champmarket.com\/wp-content\/uploads\/2024\/09\/dom-perignon-vintage-2015-bouteille-coffret.webp","contentUrl":"https:\/\/www.champmarket.com\/wp-content\/uploads\/2024\/09\/dom-perignon-vintage-2015-bouteille-coffret.webp","width":1200,"height":1200,"caption":"Champagne Dom P\u00e9rignon Vintage 2015 - Champmarket"},{"@type":"BreadcrumbList","@id":"https:\/\/www.champmarket.com\/it\/champagne\/dom-perignon-vintage-2013-bottiglia-copie-copie\/#breadcrumb","itemListElement":[{"@type":"ListItem","position":1,"name":"Home","item":"https:\/\/www.champmarket.com\/it\/acquista-champagne-online-champmarket\/"},{"@type":"ListItem","position":2,"name":"Shop","item":"https:\/\/www.champmarket.com\/it\/shop\/"},{"@type":"ListItem","position":3,"name":"Dom P\u00e9rignon","item":"https:\/\/www.champmarket.com\/it\/maisons\/selection-champagne-dom-perignon-it\/"},{"@type":"ListItem","position":4,"name":"Dom P\u00e9rignon Vintage 2015 -bottiglia con box"}]},{"@type":"WebSite","@id":"https:\/\/www.champmarket.com\/#website","url":"https:\/\/www.champmarket.com\/","name":"Champmarket","description":"Champmarket, Champagnes, Cadeaux et Art de Vivre","publisher":{"@id":"https:\/\/www.champmarket.com\/#organization"},"potentialAction":[{"@type":"SearchAction","target":{"@type":"EntryPoint","urlTemplate":"https:\/\/www.champmarket.com\/?s={search_term_string}"},"query-input":{"@type":"PropertyValueSpecification","valueRequired":true,"valueName":"search_term_string"}}],"inLanguage":"it-IT"},{"@type":"Organization","@id":"https:\/\/www.champmarket.com\/#organization","name":"Champmarket","url":"https:\/\/www.champmarket.com\/","logo":{"@type":"ImageObject","inLanguage":"it-IT","@id":"https:\/\/www.champmarket.com\/#\/schema\/logo\/image\/","url":"https:\/\/www.champmarket.com\/wp-content\/uploads\/2024\/08\/logo2024-1.svg","contentUrl":"https:\/\/www.champmarket.com\/wp-content\/uploads\/2024\/08\/logo2024-1.svg","width":579.8,"height":80,"caption":"Champmarket"},"image":{"@id":"https:\/\/www.champmarket.com\/#\/schema\/logo\/image\/"},"sameAs":["https:\/\/www.facebook.com\/ChampMarket\/","https:\/\/x.com\/champmarket","https:\/\/www.instagram.com\/champmarket.paris\/","https:\/\/www.pinterest.fr\/champmarketparis\/","https:\/\/www.linkedin.com\/company\/champmarket\/"]}]}},"_links":{"self":[{"href":"https:\/\/www.champmarket.com\/it\/wp-json\/wp\/v2\/product\/73484","targetHints":{"allow":["GET"]}}],"collection":[{"href":"https:\/\/www.champmarket.com\/it\/wp-json\/wp\/v2\/product"}],"about":[{"href":"https:\/\/www.champmarket.com\/it\/wp-json\/wp\/v2\/types\/product"}],"version-history":[{"count":3,"href":"https:\/\/www.champmarket.com\/it\/wp-json\/wp\/v2\/product\/73484\/revisions"}],"predecessor-version":[{"id":78643,"href":"https:\/\/www.champmarket.com\/it\/wp-json\/wp\/v2\/product\/73484\/revisions\/78643"}],"wp:featuredmedia":[{"embeddable":true,"href":"https:\/\/www.champmarket.com\/it\/wp-json\/wp\/v2\/media\/73475"}],"wp:attachment":[{"href":"https:\/\/www.champmarket.com\/it\/wp-json\/wp\/v2\/media?parent=73484"}],"wp:term":[{"taxonomy":"product_brand","embeddable":true,"href":"https:\/\/www.champmarket.com\/it\/wp-json\/wp\/v2\/product_brand?post=73484"},{"taxonomy":"product_cat","embeddable":true,"href":"https:\/\/www.champmarket.com\/it\/wp-json\/wp\/v2\/product_cat?post=73484"},{"taxonomy":"product_tag","embeddable":true,"href":"https:\/\/www.champmarket.com\/it\/wp-json\/wp\/v2\/product_tag?post=73484"}],"curies":[{"name":"wp","href":"https:\/\/api.w.org\/{rel}","templated":true}]}}