{"id":73660,"date":"2024-09-24T17:14:51","date_gmt":"2024-09-24T15:14:51","guid":{"rendered":"https:\/\/www.champmarket.com\/?post_type=product&#038;p=73660"},"modified":"2024-10-10T10:52:24","modified_gmt":"2024-10-10T08:52:24","slug":"louis-roederer-collection-244-bottiglia-copie","status":"publish","type":"product","link":"https:\/\/www.champmarket.com\/it\/champagne\/louis-roederer-collection-244-bottiglia-copie\/","title":{"rendered":"Collection Bottiglia Louis Roederer 245"},"content":{"rendered":"<p>Collection Uno Champagne Vintage, ogni miscela di Louis Roederer 245 ha la sua identit\u00e0 e le sue sfumature, che si rivelano con il tempo. Ogni miscela \u00e8 associata a un numero sulle etichette, in modo da poterne apprezzare le differenze e la continuit\u00e0. Il numero Collection permette inoltre agli amanti del vino di conservare e scegliere il proprio vino in base al grado di giovinezza o maturit\u00e0 che desiderano e apprezzano, oppure di collezionarlo.<br \/>\nIl formato della bottiglia (0,75 l) \u00e8 ideale per degustazioni, pasti, regali ed eventi aziendali. <\/p>\n","protected":false},"excerpt":{"rendered":"<p>Collection Louis Roederer 245 offre quindi una versione particolarmente compiuta dell&#8217;arte dell&#8217;assemblaggio, praticata come libera interpretazione, ogni volta diversa, di tutte le sfumature di un raccolto. Collection Il 245 \u00e8 uno champagne complesso di rara intensit\u00e0, generoso e pieno di sapore. Con questo 245\u00b0 assemblaggio dalla fondazione della Maison nel 1776, l&#8217;esperienza enologica di Louis Roederer raggiunge nuove vette di virtuosismo nella sua capacit\u00e0 di prendere atto dei profondi e duraturi cambiamenti apportati ai vigneti dal cambiamento climatico, di coglierli come un&#8217;opportunit\u00e0 per reinventarsi e di produrre, anno dopo anno, il miglior champagne possibile.  <\/p>\n","protected":false},"featured_media":73711,"template":"","meta":{"_acf_changed":false},"product_brand":[],"product_cat":[3448,3366,3317,3307,2387,2401,2238,2386,2775,2372,2223,2222,2224],"product_tag":[2249,2228,2231,2229],"class_list":{"0":"post-73660","1":"product","2":"type-product","3":"status-publish","4":"has-post-thumbnail","6":"maisons-selection-champagne-louis-roederer-it","7":"product_cat-per-i-tuoi-eventi-aziendali-cocktail-party-e-funzioni-private","8":"product_cat-champagne-di-natale","9":"product_cat-i-migliori-champagne","10":"product_cat-tutti-gli-champagne-e-i-set-regalo-esclusivi","11":"product_cat-categorie-maisons-de-champagne-it","12":"product_cat-categorie-louis-roederer-it","13":"product_cat-bouteilles-it","14":"product_cat-essenziali-it","15":"product_cat-tutti-gli-champagne","16":"product_cat-champagne-brut-it","17":"product_cat-aperitif-it","18":"product_cat-evenement-cocktail-it","19":"product_cat-repas-it","20":"product_tag-incontournable-it","21":"product_tag-aperitif-it","22":"product_tag-cocktail-event-it","23":"product_tag-per-un-pasto-con-champagne","25":"first","26":"instock","27":"taxable","28":"shipping-taxable","29":"purchasable","30":"product-type-simple"},"acf":[],"yoast_head":"<!-- This site is optimized with the Yoast SEO plugin v26.4 - https:\/\/yoast.com\/wordpress\/plugins\/seo\/ -->\n<title>Collection Bottiglia Louis Roederer 245 - Champmarket<\/title>\n<meta name=\"description\" content=\"Collection Louis Roederer 245 \u00e8 uno champagne complesso di rara intensit\u00e0, generoso e saporito al punto giusto.\" \/>\n<meta name=\"robots\" content=\"index, follow, max-snippet:-1, max-image-preview:large, max-video-preview:-1\" \/>\n<link rel=\"canonical\" href=\"https:\/\/www.champmarket.com\/it\/champagne\/louis-roederer-collection-244-bottiglia-copie\/\" \/>\n<meta property=\"og:locale\" content=\"it_IT\" \/>\n<meta property=\"og:type\" content=\"article\" \/>\n<meta property=\"og:title\" content=\"Collection Bottiglia Louis Roederer 245 - Champmarket\" \/>\n<meta property=\"og:description\" content=\"Collection Louis Roederer 245 \u00e8 uno champagne complesso di rara intensit\u00e0, generoso e saporito al punto giusto.\" \/>\n<meta property=\"og:url\" content=\"https:\/\/www.champmarket.com\/it\/champagne\/louis-roederer-collection-244-bottiglia-copie\/\" \/>\n<meta property=\"og:site_name\" content=\"Champmarket\" \/>\n<meta property=\"article:publisher\" content=\"https:\/\/www.facebook.com\/ChampMarket\/\" \/>\n<meta property=\"article:modified_time\" content=\"2024-10-10T08:52:24+00:00\" \/>\n<meta property=\"og:image\" content=\"https:\/\/www.champmarket.com\/wp-content\/uploads\/2024\/09\/louis-roederer-collection-245-bouteille.webp\" \/>\n\t<meta property=\"og:image:width\" content=\"1200\" \/>\n\t<meta property=\"og:image:height\" content=\"1200\" \/>\n\t<meta property=\"og:image:type\" content=\"image\/webp\" \/>\n<meta name=\"twitter:card\" content=\"summary_large_image\" \/>\n<meta name=\"twitter:site\" content=\"@champmarket\" \/>\n<meta name=\"twitter:label1\" content=\"Tempo di lettura stimato\" \/>\n\t<meta name=\"twitter:data1\" content=\"1 minuto\" \/>\n<script type=\"application\/ld+json\" class=\"yoast-schema-graph\">{\"@context\":\"https:\/\/schema.org\",\"@graph\":[{\"@type\":\"WebPage\",\"@id\":\"https:\/\/www.champmarket.com\/it\/champagne\/louis-roederer-collection-244-bottiglia-copie\/\",\"url\":\"https:\/\/www.champmarket.com\/it\/champagne\/louis-roederer-collection-244-bottiglia-copie\/\",\"name\":\"Collection Bottiglia Louis Roederer 245 - Champmarket\",\"isPartOf\":{\"@id\":\"https:\/\/www.champmarket.com\/#website\"},\"primaryImageOfPage\":{\"@id\":\"https:\/\/www.champmarket.com\/it\/champagne\/louis-roederer-collection-244-bottiglia-copie\/#primaryimage\"},\"image\":{\"@id\":\"https:\/\/www.champmarket.com\/it\/champagne\/louis-roederer-collection-244-bottiglia-copie\/#primaryimage\"},\"thumbnailUrl\":\"https:\/\/www.champmarket.com\/wp-content\/uploads\/2024\/09\/louis-roederer-collection-245-bouteille.webp\",\"datePublished\":\"2024-09-24T15:14:51+00:00\",\"dateModified\":\"2024-10-10T08:52:24+00:00\",\"description\":\"Collection Louis Roederer 245 \u00e8 uno champagne complesso di rara intensit\u00e0, generoso e saporito al punto giusto.\",\"breadcrumb\":{\"@id\":\"https:\/\/www.champmarket.com\/it\/champagne\/louis-roederer-collection-244-bottiglia-copie\/#breadcrumb\"},\"inLanguage\":\"it-IT\",\"potentialAction\":[{\"@type\":\"ReadAction\",\"target\":[\"https:\/\/www.champmarket.com\/it\/champagne\/louis-roederer-collection-244-bottiglia-copie\/\"]}]},{\"@type\":\"ImageObject\",\"inLanguage\":\"it-IT\",\"@id\":\"https:\/\/www.champmarket.com\/it\/champagne\/louis-roederer-collection-244-bottiglia-copie\/#primaryimage\",\"url\":\"https:\/\/www.champmarket.com\/wp-content\/uploads\/2024\/09\/louis-roederer-collection-245-bouteille.webp\",\"contentUrl\":\"https:\/\/www.champmarket.com\/wp-content\/uploads\/2024\/09\/louis-roederer-collection-245-bouteille.webp\",\"width\":1200,\"height\":1200,\"caption\":\"Champagne Louis Roederer Collection 245 - Champmarket\"},{\"@type\":\"BreadcrumbList\",\"@id\":\"https:\/\/www.champmarket.com\/it\/champagne\/louis-roederer-collection-244-bottiglia-copie\/#breadcrumb\",\"itemListElement\":[{\"@type\":\"ListItem\",\"position\":1,\"name\":\"Home\",\"item\":\"https:\/\/www.champmarket.com\/it\/acquista-champagne-online-champmarket\/\"},{\"@type\":\"ListItem\",\"position\":2,\"name\":\"Shop\",\"item\":\"https:\/\/www.champmarket.com\/it\/shop\/\"},{\"@type\":\"ListItem\",\"position\":3,\"name\":\"Louis Roederer\",\"item\":\"https:\/\/www.champmarket.com\/it\/maisons\/selection-champagne-louis-roederer-it\/\"},{\"@type\":\"ListItem\",\"position\":4,\"name\":\"Collection Bottiglia Louis Roederer 245\"}]},{\"@type\":\"WebSite\",\"@id\":\"https:\/\/www.champmarket.com\/#website\",\"url\":\"https:\/\/www.champmarket.com\/\",\"name\":\"Champmarket\",\"description\":\"Champmarket, Champagnes, Cadeaux et Art de Vivre\",\"publisher\":{\"@id\":\"https:\/\/www.champmarket.com\/#organization\"},\"potentialAction\":[{\"@type\":\"SearchAction\",\"target\":{\"@type\":\"EntryPoint\",\"urlTemplate\":\"https:\/\/www.champmarket.com\/?s={search_term_string}\"},\"query-input\":{\"@type\":\"PropertyValueSpecification\",\"valueRequired\":true,\"valueName\":\"search_term_string\"}}],\"inLanguage\":\"it-IT\"},{\"@type\":\"Organization\",\"@id\":\"https:\/\/www.champmarket.com\/#organization\",\"name\":\"Champmarket\",\"url\":\"https:\/\/www.champmarket.com\/\",\"logo\":{\"@type\":\"ImageObject\",\"inLanguage\":\"it-IT\",\"@id\":\"https:\/\/www.champmarket.com\/#\/schema\/logo\/image\/\",\"url\":\"https:\/\/www.champmarket.com\/wp-content\/uploads\/2024\/08\/logo2024-1.svg\",\"contentUrl\":\"https:\/\/www.champmarket.com\/wp-content\/uploads\/2024\/08\/logo2024-1.svg\",\"width\":579.8,\"height\":80,\"caption\":\"Champmarket\"},\"image\":{\"@id\":\"https:\/\/www.champmarket.com\/#\/schema\/logo\/image\/\"},\"sameAs\":[\"https:\/\/www.facebook.com\/ChampMarket\/\",\"https:\/\/x.com\/champmarket\",\"https:\/\/www.instagram.com\/champmarket.paris\/\",\"https:\/\/www.pinterest.fr\/champmarketparis\/\",\"https:\/\/www.linkedin.com\/company\/champmarket\/\"]}]}<\/script>\n<!-- \/ Yoast SEO plugin. -->","yoast_head_json":{"title":"Collection Bottiglia Louis Roederer 245 - Champmarket","description":"Collection Louis Roederer 245 \u00e8 uno champagne complesso di rara intensit\u00e0, generoso e saporito al punto giusto.","robots":{"index":"index","follow":"follow","max-snippet":"max-snippet:-1","max-image-preview":"max-image-preview:large","max-video-preview":"max-video-preview:-1"},"canonical":"https:\/\/www.champmarket.com\/it\/champagne\/louis-roederer-collection-244-bottiglia-copie\/","og_locale":"it_IT","og_type":"article","og_title":"Collection Bottiglia Louis Roederer 245 - Champmarket","og_description":"Collection Louis Roederer 245 \u00e8 uno champagne complesso di rara intensit\u00e0, generoso e saporito al punto giusto.","og_url":"https:\/\/www.champmarket.com\/it\/champagne\/louis-roederer-collection-244-bottiglia-copie\/","og_site_name":"Champmarket","article_publisher":"https:\/\/www.facebook.com\/ChampMarket\/","article_modified_time":"2024-10-10T08:52:24+00:00","og_image":[{"width":1200,"height":1200,"url":"https:\/\/www.champmarket.com\/wp-content\/uploads\/2024\/09\/louis-roederer-collection-245-bouteille.webp","type":"image\/webp"}],"twitter_card":"summary_large_image","twitter_site":"@champmarket","twitter_misc":{"Tempo di lettura stimato":"1 minuto"},"schema":{"@context":"https:\/\/schema.org","@graph":[{"@type":"WebPage","@id":"https:\/\/www.champmarket.com\/it\/champagne\/louis-roederer-collection-244-bottiglia-copie\/","url":"https:\/\/www.champmarket.com\/it\/champagne\/louis-roederer-collection-244-bottiglia-copie\/","name":"Collection Bottiglia Louis Roederer 245 - Champmarket","isPartOf":{"@id":"https:\/\/www.champmarket.com\/#website"},"primaryImageOfPage":{"@id":"https:\/\/www.champmarket.com\/it\/champagne\/louis-roederer-collection-244-bottiglia-copie\/#primaryimage"},"image":{"@id":"https:\/\/www.champmarket.com\/it\/champagne\/louis-roederer-collection-244-bottiglia-copie\/#primaryimage"},"thumbnailUrl":"https:\/\/www.champmarket.com\/wp-content\/uploads\/2024\/09\/louis-roederer-collection-245-bouteille.webp","datePublished":"2024-09-24T15:14:51+00:00","dateModified":"2024-10-10T08:52:24+00:00","description":"Collection Louis Roederer 245 \u00e8 uno champagne complesso di rara intensit\u00e0, generoso e saporito al punto giusto.","breadcrumb":{"@id":"https:\/\/www.champmarket.com\/it\/champagne\/louis-roederer-collection-244-bottiglia-copie\/#breadcrumb"},"inLanguage":"it-IT","potentialAction":[{"@type":"ReadAction","target":["https:\/\/www.champmarket.com\/it\/champagne\/louis-roederer-collection-244-bottiglia-copie\/"]}]},{"@type":"ImageObject","inLanguage":"it-IT","@id":"https:\/\/www.champmarket.com\/it\/champagne\/louis-roederer-collection-244-bottiglia-copie\/#primaryimage","url":"https:\/\/www.champmarket.com\/wp-content\/uploads\/2024\/09\/louis-roederer-collection-245-bouteille.webp","contentUrl":"https:\/\/www.champmarket.com\/wp-content\/uploads\/2024\/09\/louis-roederer-collection-245-bouteille.webp","width":1200,"height":1200,"caption":"Champagne Louis Roederer Collection 245 - Champmarket"},{"@type":"BreadcrumbList","@id":"https:\/\/www.champmarket.com\/it\/champagne\/louis-roederer-collection-244-bottiglia-copie\/#breadcrumb","itemListElement":[{"@type":"ListItem","position":1,"name":"Home","item":"https:\/\/www.champmarket.com\/it\/acquista-champagne-online-champmarket\/"},{"@type":"ListItem","position":2,"name":"Shop","item":"https:\/\/www.champmarket.com\/it\/shop\/"},{"@type":"ListItem","position":3,"name":"Louis Roederer","item":"https:\/\/www.champmarket.com\/it\/maisons\/selection-champagne-louis-roederer-it\/"},{"@type":"ListItem","position":4,"name":"Collection Bottiglia Louis Roederer 245"}]},{"@type":"WebSite","@id":"https:\/\/www.champmarket.com\/#website","url":"https:\/\/www.champmarket.com\/","name":"Champmarket","description":"Champmarket, Champagnes, Cadeaux et Art de Vivre","publisher":{"@id":"https:\/\/www.champmarket.com\/#organization"},"potentialAction":[{"@type":"SearchAction","target":{"@type":"EntryPoint","urlTemplate":"https:\/\/www.champmarket.com\/?s={search_term_string}"},"query-input":{"@type":"PropertyValueSpecification","valueRequired":true,"valueName":"search_term_string"}}],"inLanguage":"it-IT"},{"@type":"Organization","@id":"https:\/\/www.champmarket.com\/#organization","name":"Champmarket","url":"https:\/\/www.champmarket.com\/","logo":{"@type":"ImageObject","inLanguage":"it-IT","@id":"https:\/\/www.champmarket.com\/#\/schema\/logo\/image\/","url":"https:\/\/www.champmarket.com\/wp-content\/uploads\/2024\/08\/logo2024-1.svg","contentUrl":"https:\/\/www.champmarket.com\/wp-content\/uploads\/2024\/08\/logo2024-1.svg","width":579.8,"height":80,"caption":"Champmarket"},"image":{"@id":"https:\/\/www.champmarket.com\/#\/schema\/logo\/image\/"},"sameAs":["https:\/\/www.facebook.com\/ChampMarket\/","https:\/\/x.com\/champmarket","https:\/\/www.instagram.com\/champmarket.paris\/","https:\/\/www.pinterest.fr\/champmarketparis\/","https:\/\/www.linkedin.com\/company\/champmarket\/"]}]}},"_links":{"self":[{"href":"https:\/\/www.champmarket.com\/it\/wp-json\/wp\/v2\/product\/73660","targetHints":{"allow":["GET"]}}],"collection":[{"href":"https:\/\/www.champmarket.com\/it\/wp-json\/wp\/v2\/product"}],"about":[{"href":"https:\/\/www.champmarket.com\/it\/wp-json\/wp\/v2\/types\/product"}],"version-history":[{"count":2,"href":"https:\/\/www.champmarket.com\/it\/wp-json\/wp\/v2\/product\/73660\/revisions"}],"predecessor-version":[{"id":74646,"href":"https:\/\/www.champmarket.com\/it\/wp-json\/wp\/v2\/product\/73660\/revisions\/74646"}],"wp:featuredmedia":[{"embeddable":true,"href":"https:\/\/www.champmarket.com\/it\/wp-json\/wp\/v2\/media\/73711"}],"wp:attachment":[{"href":"https:\/\/www.champmarket.com\/it\/wp-json\/wp\/v2\/media?parent=73660"}],"wp:term":[{"taxonomy":"product_brand","embeddable":true,"href":"https:\/\/www.champmarket.com\/it\/wp-json\/wp\/v2\/product_brand?post=73660"},{"taxonomy":"product_cat","embeddable":true,"href":"https:\/\/www.champmarket.com\/it\/wp-json\/wp\/v2\/product_cat?post=73660"},{"taxonomy":"product_tag","embeddable":true,"href":"https:\/\/www.champmarket.com\/it\/wp-json\/wp\/v2\/product_tag?post=73660"}],"curies":[{"name":"wp","href":"https:\/\/api.w.org\/{rel}","templated":true}]}}